{"id":4432,"date":"2021-01-22T17:44:26","date_gmt":"2021-01-22T12:44:26","guid":{"rendered":"https:\/\/www.medexdtc.com\/ecografia-abdominal\/"},"modified":"2021-01-22T17:44:26","modified_gmt":"2021-01-22T12:44:26","slug":"ecografia-abdominal","status":"publish","type":"page","link":"https:\/\/www.medexdtc.com\/es\/ecografia-abdominal\/","title":{"rendered":"Ecograf\u00eda abdominal"},"content":{"rendered":"<section id=\"treatment-page-content-area-1\" class=\"treatment-page-content-area-one\">Cuando el dolor abdominal te tiene preocupado, es hora de visitar a tu m\u00e9dico de atenci\u00f3n primaria o internista para determinar cu\u00e1l es su causa. Tu abdomen alberga la mayor\u00eda de tus \u00f3rganos, cualquiera de los cuales puede fallar, enfermar o sufrir lesiones. Una de las mejores herramientas para ayudar a tu m\u00e9dico a determinar un diagn\u00f3stico preciso es una ecograf\u00eda abdominal. A diferencia de una radiograf\u00eda, que muestra material m\u00e1s denso, como hueso y cart\u00edlago, una ecograf\u00eda muestra con m\u00e1s detalle tus tejidos blandos y \u00f3rganos. De un vistazo, tu m\u00e9dico puede ver mejor qu\u00e9 est\u00e1 causando tu dolor. Pide cita hoy mismo en el Centro de Diagn\u00f3stico y Tratamiento Medex de Queens, Nueva York, para averiguar si una ecograf\u00eda abdominal es el primer paso adecuado para ti.     <\/p>\n<h2>\u00bfQu\u00e9 es una ecograf\u00eda abdominal?<\/h2>\n<p>Esta prueba de imagen no invasiva examina los \u00f3rganos y tejidos del interior de tu abdomen. Las im\u00e1genes producidas por una ecograf\u00eda abdominal gu\u00edan a tu <a href=\"https:\/\/www.medexdtc.com\/specialties\/internal-medicine-doctors\/\">internista<\/a> hacia el diagn\u00f3stico correcto de una amplia gama de afecciones abdominales. Los \u00f3rganos expuestos por una ecograf\u00eda abdominal incluyen tu:  <\/p>\n<ul>\n<li>H\u00edgado<\/li>\n<li>Ves\u00edcula biliar<\/li>\n<li>Bazo<\/li>\n<li>P\u00e1ncreas<\/li>\n<li>Ri\u00f1ones<\/li>\n<li>Conductos biliares<\/li>\n<li>Vasos sangu\u00edneos abdominales, como la vena cava inferior y <a href=\"https:\/\/www.medexdtc.com\/es\/aorta-abdominal\/\">la aorta<\/a><\/li>\n<\/ul>\n<p>Un ec\u00f3grafo env\u00eda ondas sonoras de alta frecuencia a trav\u00e9s de una sonda manual llamada transductor. Cuando un ecografista coloca el transductor sobre tu est\u00f3mago, las ondas de ultrasonido penetran en tu abdomen y rebotan en los \u00f3rganos. Las ondas sonoras reflejadas producen una imagen en vivo en un monitor. En el <a href=\"https:\/\/www.medexdtc.com\/es\/\">Centro de Diagn\u00f3stico y Tratamiento Medex<\/a> de Queens (Nueva York), tu m\u00e9dico utiliza esta innovadora tecnolog\u00eda m\u00e9dica como prueba diagn\u00f3stica para obtener informaci\u00f3n exhaustiva.   <\/p>\n<h2>\u00bfCu\u00e1ndo necesito una ecograf\u00eda abdominal?<\/h2>\n<p>Tu m\u00e9dico puede solicitar esta prueba de imagen para aclarar cualquier problema subyacente que pudiera estar detr\u00e1s de s\u00edntomas concretos. Algunas afecciones que pueden requerir una ecograf\u00eda abdominal son: <\/p>\n<ul>\n<li>Coagulaci\u00f3n sangu\u00ednea<\/li>\n<li><a href=\"https:\/\/www.medexdtc.com\/es\/abdominal-pain\/\">Dolor abdominal<\/a><\/li>\n<li><a href=\"https:\/\/www.medexdtc.com\/es\/gerd\/\">ERGE o acidez estomacal<\/a><\/li>\n<li>Hernia<\/li>\n<li>Obstrucci\u00f3n renal<\/li>\n<li>Apendicitis<\/li>\n<li>C\u00e1lculos en los ri\u00f1ones o en la ves\u00edcula biliar<\/li>\n<li>\u00d3rganos distendidos, como el h\u00edgado, el bazo o los ri\u00f1ones<\/li>\n<li>Masas abdominales, como tumores, quistes o abscesos<\/li>\n<li>Enfermedad del h\u00edgado graso<\/li>\n<li>Aneurisma a\u00f3rtico abdominal<\/li>\n<li>Un p\u00e1ncreas inflamado<\/li>\n<li>Estenosis pil\u00f3rica, una afecci\u00f3n que estrecha la parte inferior del est\u00f3mago<\/li>\n<li>Colecistitis o inflamaci\u00f3n de la ves\u00edcula biliar<\/li>\n<li>Sospecha de c\u00e1ncer<\/li>\n<\/ul>\n<p>Una ecograf\u00eda abdominal es una prueba diagn\u00f3stica vers\u00e1til que puede revelar bastante sobre el estado de tus \u00f3rganos internos, incluidos los signos de cualquier trastorno. En el Centro Multiespecializado de Diagn\u00f3stico y Tratamiento Medex, un equipo de t\u00e9cnicos se ocupa de ti cuando te sometes a la prueba. Este centro de vanguardia tiene un enfoque centrado en el paciente, que sit\u00faa tu comodidad y bienestar en lo m\u00e1s alto de la lista de prioridades.  <\/p>\n<h2>\u00bfC\u00f3mo me preparo para una ecograf\u00eda abdominal?<\/h2>\n<p>Durante la consulta inicial, tu internista o <a href=\"https:\/\/www.medexdtc.com\/es\/primary-care\/\">m\u00e9dico de atenci\u00f3n primaria<\/a> te explica las razones para realizar la ecograf\u00eda y lo que puede mostrar. Antes de la prueba, el m\u00e9dico te aconseja c\u00f3mo prepararte para la ecograf\u00eda. Algunas de las cosas que debes hacer son  <\/p>\n<ul>\n<li>No comas ni bebas entre 8 y 12 horas antes de la prueba. Cualquier alimento no digerido en tu abdomen u orina en tu vejiga puede bloquear las ondas sonoras, haciendo borrosas las im\u00e1genes resultantes. <\/li>\n<li>Si tomas alg\u00fan medicamento, puedes seguir tom\u00e1ndolo, pero intenta utilizar la menor cantidad de agua posible.<\/li>\n<li>Lleva ropa holgada o una muda sencilla antes de la ecograf\u00eda.<\/li>\n<li>Si experimentas alguna molestia antes de la ecograf\u00eda, consulta a tu m\u00e9dico para que te aconseje.<\/li>\n<\/ul>\n<p>Aseg\u00farate de llegar a tiempo para la prueba. Es posible que te pidan que te pongas una bata de hospital para facilitar la palpaci\u00f3n. Tu m\u00e9dico o un ecografista te guiar\u00e1n por los pasos de la prueba, que suele ser indolora.  <\/p>\n<h2>\u00bfQu\u00e9 puedo esperar durante una ecograf\u00eda abdominal?<\/h2>\n<p>La exploraci\u00f3n tiene lugar en una camilla junto al ec\u00f3grafo. El t\u00e9cnico te ayuda a tumbarte c\u00f3modamente y te descubre el abdomen para prepararte. Durante la prueba, puedes esperar una serie de pasos, que incluyen:  <\/p>\n<ol>\n<li>El ecografista aplica una gelatina lubricante fr\u00eda sobre tu abdomen. El gel conductor ayuda al ec\u00f3grafo a obtener im\u00e1genes m\u00e1s n\u00edtidas. <\/li>\n<li>Deslizando el transductor manual sobre tu abdomen, el ecografista busca una imagen clara de la zona u \u00f3rgano objetivo. Durante este tiempo, la sonda env\u00eda ondas de alta frecuencia a tu cuerpo. No sientes ninguna molestia ni hormigueo.  <\/li>\n<li>Las ondas sonoras se reflejan en tus \u00f3rganos abdominales y otras estructuras internas. El ec\u00f3grafo crea im\u00e1genes a partir de estos reflejos en una pantalla de ordenador. El ordenador almacena estas im\u00e1genes autom\u00e1ticamente.  <\/li>\n<li>Una vez finalizada la prueba, el ecografista limpia el gel y te deja que te limpies y te vistas.<\/li>\n<li>Puedes volver a tus actividades normales de inmediato. No tienes limitaciones mientras esperas los resultados de tu m\u00e9dico. <\/li>\n<li>Las im\u00e1genes del ec\u00f3grafo se env\u00edan a un radi\u00f3logo, que las interpreta. El radi\u00f3logo env\u00eda un informe a tu m\u00e9dico, que utiliza la informaci\u00f3n para diagnosticar tu enfermedad. <\/li>\n<\/ol>\n<p>Tu abdomen alberga \u00f3rganos vitales, pero los problemas abdominales -el motivo de cualquier dolor abdominal- pueden ser dif\u00edciles de identificar. No diagnosticar y tratar los problemas abdominales puede dar lugar a una serie de complicaciones m\u00e1s devastadoras. Una ecograf\u00eda abdominal es una forma r\u00e1pida e indolora de que tu m\u00e9dico vea las anomal\u00edas de tu secci\u00f3n media.  <\/p>\n<p>El equipo del Centro de Diagn\u00f3stico y Tratamiento Medex de Queens se centra en los procedimientos preventivos y diagn\u00f3sticos, ya que tu tratamiento s\u00f3lo es tan bueno como tu diagn\u00f3stico. Especialistas de varios departamentos trabajan juntos para proporcionar a tu m\u00e9dico la informaci\u00f3n necesaria para hacer un diagn\u00f3stico correcto y empezar un tratamiento precoz. <a href=\"https:\/\/www.medexdtc.com\/es\/contacta-con-nosotros\/\">Ponte en contacto con la cl\u00ednica de diagn\u00f3stico hoy mismo<\/a>. <\/p>\n<\/section>\n","protected":false},"excerpt":{"rendered":"<p>Cuando el dolor abdominal te tiene preocupado, es hora de visitar a tu m\u00e9dico de atenci\u00f3n primaria o internista para determinar cu\u00e1l es su causa. Tu abdomen alberga la mayor\u00eda de tus \u00f3rganos, cualquiera de los cuales puede fallar, enfermar o sufrir lesiones. Una de las mejores herramientas para ayudar a tu m\u00e9dico a determinar &hellip; <\/p>\n<p class=\"link-more\"><a href=\"https:\/\/www.medexdtc.com\/es\/ecografia-abdominal\/\" class=\"more-link\">Continue reading<span class=\"screen-reader-text\"> \u00abEcograf\u00eda abdominal\u00bb<\/span><\/a><\/p>\n","protected":false},"author":3,"featured_media":0,"parent":0,"menu_order":0,"comment_status":"closed","ping_status":"closed","template":"new_inner.php","meta":{"_acf_changed":false,"footnotes":""},"class_list":["post-4432","page","type-page","status-publish","hentry"],"acf":[],"yoast_head":"<!-- This site is optimized with the Yoast SEO plugin v27.5 - https:\/\/yoast.com\/product\/yoast-seo-wordpress\/ -->\n<title>Ecograf\u00eda abdominal en Forest Hills, Queens, NY | Medex - Multi-Specialty Medical Center<\/title>\n<meta name=\"description\" content=\"En el Centro de Diagn\u00f3stico y Tratamiento Medex de Forest Hills, Queens, NY, utilizamos la ecograf\u00eda abdominal como prueba diagn\u00f3stica para obtener informaci\u00f3n exhaustiva sobre tu dolor abdominal.\" \/>\n<meta name=\"robots\" content=\"index, follow, max-snippet:-1, max-image-preview:large, max-video-preview:-1\" \/>\n<link rel=\"canonical\" href=\"https:\/\/www.medexdtc.com\/es\/ecografia-abdominal\/\" \/>\n<meta property=\"og:locale\" content=\"es_ES\" \/>\n<meta property=\"og:type\" content=\"article\" \/>\n<meta property=\"og:title\" content=\"Ecograf\u00eda abdominal en Forest Hills, Queens, NY | Medex - Multi-Specialty Medical Center\" \/>\n<meta property=\"og:description\" content=\"En el Centro de Diagn\u00f3stico y Tratamiento Medex de Forest Hills, Queens, NY, utilizamos la ecograf\u00eda abdominal como prueba diagn\u00f3stica para obtener informaci\u00f3n exhaustiva sobre tu dolor abdominal.\" \/>\n<meta property=\"og:url\" content=\"https:\/\/www.medexdtc.com\/es\/ecografia-abdominal\/\" \/>\n<meta property=\"og:site_name\" content=\"Medex Diagnostic and Treatment Center - Queens Medical Center - Medical Clinic in Forest Hills, NY\" \/>\n<meta property=\"article:publisher\" content=\"https:\/\/www.facebook.com\/medexny\" \/>\n<meta name=\"twitter:card\" content=\"summary_large_image\" \/>\n<meta name=\"twitter:site\" content=\"@DtcMedex\" \/>\n<meta name=\"twitter:label1\" content=\"Tiempo de lectura\" \/>\n\t<meta name=\"twitter:data1\" content=\"5 minutos\" \/>\n<!-- \/ Yoast SEO plugin. -->","yoast_head_json":{"title":"Ecograf\u00eda abdominal en Forest Hills, Queens, NY | Medex - Multi-Specialty Medical Center","description":"En el Centro de Diagn\u00f3stico y Tratamiento Medex de Forest Hills, Queens, NY, utilizamos la ecograf\u00eda abdominal como prueba diagn\u00f3stica para obtener informaci\u00f3n exhaustiva sobre tu dolor abdominal.","robots":{"index":"index","follow":"follow","max-snippet":"max-snippet:-1","max-image-preview":"max-image-preview:large","max-video-preview":"max-video-preview:-1"},"canonical":"https:\/\/www.medexdtc.com\/es\/ecografia-abdominal\/","og_locale":"es_ES","og_type":"article","og_title":"Ecograf\u00eda abdominal en Forest Hills, Queens, NY | Medex - Multi-Specialty Medical Center","og_description":"En el Centro de Diagn\u00f3stico y Tratamiento Medex de Forest Hills, Queens, NY, utilizamos la ecograf\u00eda abdominal como prueba diagn\u00f3stica para obtener informaci\u00f3n exhaustiva sobre tu dolor abdominal.","og_url":"https:\/\/www.medexdtc.com\/es\/ecografia-abdominal\/","og_site_name":"Medex Diagnostic and Treatment Center - Queens Medical Center - Medical Clinic in Forest Hills, NY","article_publisher":"https:\/\/www.facebook.com\/medexny","twitter_card":"summary_large_image","twitter_site":"@DtcMedex","twitter_misc":{"Tiempo de lectura":"5 minutos"},"schema":{"@context":"https:\/\/schema.org","@graph":[{"@type":"WebPage","@id":"https:\/\/www.medexdtc.com\/es\/ecografia-abdominal\/","url":"https:\/\/www.medexdtc.com\/es\/ecografia-abdominal\/","name":"Ecograf\u00eda abdominal en Forest Hills, Queens, NY | Medex - Multi-Specialty Medical Center","isPartOf":{"@id":"https:\/\/www.medexdtc.com\/es\/#website"},"datePublished":"2021-01-22T12:44:26+00:00","description":"En el Centro de Diagn\u00f3stico y Tratamiento Medex de Forest Hills, Queens, NY, utilizamos la ecograf\u00eda abdominal como prueba diagn\u00f3stica para obtener informaci\u00f3n exhaustiva sobre tu dolor abdominal.","breadcrumb":{"@id":"https:\/\/www.medexdtc.com\/es\/ecografia-abdominal\/#breadcrumb"},"inLanguage":"es","potentialAction":[{"@type":"ReadAction","target":["https:\/\/www.medexdtc.com\/es\/ecografia-abdominal\/"]}]},{"@type":"BreadcrumbList","@id":"https:\/\/www.medexdtc.com\/es\/ecografia-abdominal\/#breadcrumb","itemListElement":[{"@type":"ListItem","position":1,"name":"Home","item":"https:\/\/www.medexdtc.com\/es\/"},{"@type":"ListItem","position":2,"name":"Ecograf\u00eda abdominal"}]},{"@type":"WebSite","@id":"https:\/\/www.medexdtc.com\/es\/#website","url":"https:\/\/www.medexdtc.com\/es\/","name":"Medex DTC","description":"Medex Diagnostic and Treatment Center is a Medical Center in Queens, NY is a dynamic multi-specialty clinic. Physicians delivering high quality individualized care in Forest Hills, Queens, NY.","publisher":{"@id":"https:\/\/www.medexdtc.com\/es\/#organization"},"potentialAction":[{"@type":"SearchAction","target":{"@type":"EntryPoint","urlTemplate":"https:\/\/www.medexdtc.com\/es\/?s={search_term_string}"},"query-input":{"@type":"PropertyValueSpecification","valueRequired":true,"valueName":"search_term_string"}}],"inLanguage":"es"},{"@type":"Organization","@id":"https:\/\/www.medexdtc.com\/es\/#organization","name":"Medex DCT","url":"https:\/\/www.medexdtc.com\/es\/","logo":{"@type":"ImageObject","inLanguage":"es","@id":"https:\/\/www.medexdtc.com\/es\/#\/schema\/logo\/image\/","url":"https:\/\/www.medexdtc.com\/wp-content\/uploads\/2024\/11\/medex-diagnostic-and-treatment-center-in-queens-NY.png","contentUrl":"https:\/\/www.medexdtc.com\/wp-content\/uploads\/2024\/11\/medex-diagnostic-and-treatment-center-in-queens-NY.png","width":226,"height":47,"caption":"Medex DCT"},"image":{"@id":"https:\/\/www.medexdtc.com\/es\/#\/schema\/logo\/image\/"},"sameAs":["https:\/\/www.facebook.com\/medexny","https:\/\/x.com\/DtcMedex","https:\/\/www.instagram.com\/medexdtc\/","https:\/\/www.linkedin.com\/company\/medex-diagnostic-and-treatment-center\/about\/"]}]}},"jetpack_sharing_enabled":true,"_links":{"self":[{"href":"https:\/\/www.medexdtc.com\/es\/wp-json\/wp\/v2\/pages\/4432","targetHints":{"allow":["GET"]}}],"collection":[{"href":"https:\/\/www.medexdtc.com\/es\/wp-json\/wp\/v2\/pages"}],"about":[{"href":"https:\/\/www.medexdtc.com\/es\/wp-json\/wp\/v2\/types\/page"}],"author":[{"embeddable":true,"href":"https:\/\/www.medexdtc.com\/es\/wp-json\/wp\/v2\/users\/3"}],"replies":[{"embeddable":true,"href":"https:\/\/www.medexdtc.com\/es\/wp-json\/wp\/v2\/comments?post=4432"}],"version-history":[{"count":0,"href":"https:\/\/www.medexdtc.com\/es\/wp-json\/wp\/v2\/pages\/4432\/revisions"}],"wp:attachment":[{"href":"https:\/\/www.medexdtc.com\/es\/wp-json\/wp\/v2\/media?parent=4432"}],"curies":[{"name":"wp","href":"https:\/\/api.w.org\/{rel}","templated":true}]}}