{"id":4433,"date":"2020-11-30T12:28:55","date_gmt":"2020-11-30T07:28:55","guid":{"rendered":"https:\/\/www.medexdtc.com\/nefrologia-queens-los-mejores-nefrologos-en-forest-hills-queens-ny\/"},"modified":"2020-11-30T12:28:55","modified_gmt":"2020-11-30T07:28:55","slug":"nefrologia-queens-los-mejores-nefrologos-en-forest-hills-queens-ny","status":"publish","type":"page","link":"https:\/\/www.medexdtc.com\/es\/nefrologia-queens-los-mejores-nefrologos-en-forest-hills-queens-ny\/","title":{"rendered":"Nefrolog\u00eda Queens | Los mejores nefr\u00f3logos en Forest Hills, Queens, NY"},"content":{"rendered":"<section id=\"about-madex-content-area\" class=\"about-madex-content-sec\">\n<div class=\"treatment-boxes about-madex-boxes\">\n<div>\n<p class=\"treatment-box-para\">En el Centro de Diagn\u00f3stico y Tratamiento Medex de Queens, Nueva York, el papel principal que desempe\u00f1a la nefrolog\u00eda en tu plan de asistencia sanitaria es evitar que desarrolles insuficiencia renal. Se te ofrecen muchas opciones para mantener sanos tus ri\u00f1ones y ralentizar la progresi\u00f3n de la enfermedad renal, sobre todo si ya est\u00e1s en las primeras fases. Un especialista en nefrolog\u00eda utiliza medidas que incluyen cambiar tu dieta y controlar enfermedades subyacentes como la diabetes y la hipertensi\u00f3n arterial. Medicamentos, planes de ejercicio y asesoramiento nutricional, todo bajo el mismo techo en esta consulta multidisciplinar de Queens. Llama hoy para una evaluaci\u00f3n inicial.    <\/p>\n<blockquote><p><strong>Nota<\/strong>:  <em>Los proveedores de nefrolog\u00eda de Queens en Medex, situado en Forest Hills, Queens, NY, aceptan <strong>los principales seguros, incluidos Medicare, Medicaid, HIP, Emblemhealth, GHI, MetroPlus y Fidelis<\/strong>. Nuestros m\u00e9dicos mejor valorados ofrecen una gama completa de procedimientos m\u00e9dicos y se encuentran entre los mejores nefr\u00f3logos de la regi\u00f3n. <\/em><\/p><\/blockquote>\n<p class=\"treatment-box-para\">Si padeces insuficiencia renal o un trastorno renal repentino, <a href=\"https:\/\/www.medexdtc.com\/es\/medex-dtc-medicos-de-queens\/\"><b>los m\u00e9dicos de Medex DTC<\/b> en Queens<\/a> ofrecen nefr\u00f3logos expertos que te proporcionar\u00e1n un diagn\u00f3stico preciso y diversas opciones de tratamiento. En Medex, el papel principal que desempe\u00f1a la nefrolog\u00eda en tu plan de asistencia sanitaria es evitar que desarrolles insuficiencia renal. Nuestros <a href=\"https:\/\/www.medexdtc.com\/es\/medex-dtc-medicos-de-queens\/dr-musa-njeru-md\/\">especialistas en ri\u00f1\u00f3n<\/a> ofrecen muchas opciones para mantener sanos tus ri\u00f1ones y ralentizar la progresi\u00f3n de la enfermedad renal, sobre todo si ya est\u00e1s en las primeras fases. Tomamos medidas que incluyen cambiar tu dieta y controlar enfermedades subyacentes como la diabetes y la hipertensi\u00f3n. Llama hoy para una evaluaci\u00f3n inicial.    <\/p>\n<\/div>\n<\/div>\n<\/section>\n<p><strong>  <a href=\"https:\/\/www.medexdtc.com\/es\/medex-dtc-medicos-de-queens\/dr-musa-njeru-md\/\">Musa Njeru, MD Nefr\u00f3logo Queens,NY  <\/a><\/strong><\/p>\n<div class=\"wp-block-buttons\">\n<div class=\"wp-block-button\"><a class=\"wp-block-button__link has-vivid-red-background-color has-background wp-element-button\" href=\"https:\/\/app.nexhealth.com\/appt\/medex-diagnostic-and-treatment-center\">Schedule Appointment<\/a><\/div>\n<section id=\"treatment-page-content-area-1\" class=\"treatment-page-content-area-one\">\n<h2>\u00bfQu\u00e9 es la Nefrolog\u00eda?<\/h2>\n<p>La nefrolog\u00eda es el campo de la medicina que se ocupa de los problemas renales agudos y cr\u00f3nicos. Un nefr\u00f3logo es un m\u00e9dico que controla tu enfermedad si entras en insuficiencia renal. En el Centro de Diagn\u00f3stico y Tratamiento Medex de Queens, NY, un <a href=\"https:\/\/www.medexdtc.com\/specialties\/internal-medicine-doctors\/\">internista<\/a> especializado en nefrolog\u00eda prefiere mantenerte sano con consejos y tratamientos preventivos.  <\/p>\n<p>Normalmente, la enfermedad renal se puede prevenir controlando los trastornos subyacentes e incorporando h\u00e1bitos saludables que mantengan los ri\u00f1ones funcionando a niveles \u00f3ptimos. Entre las afecciones que pueden desembocar en problemas renales se incluyen: <\/p>\n<ul>\n<li><a href=\"https:\/\/www.medexdtc.com\/es\/high-blood-pressure\/\">Hipertensi\u00f3n arterial<\/a><\/li>\n<li>Ingesta insuficiente de l\u00edquidos<\/li>\n<li><a href=\"https:\/\/www.medexdtc.com\/es\/diabetes\/\">Diabetes<\/a><\/li>\n<li>Desequilibrio electrol\u00edtico<\/li>\n<li>Falta de minerales vitales<\/li>\n<\/ul>\n<h2>Los mejores nefr\u00f3logos en Forest Hills, Queens, NY<\/h2>\n<p>David Khasidy, MMedicina Interna, Atenci\u00f3n Primaria718.275.8900Forest Hills, NY<br \/>\n<a href=\"https:\/\/www.medexdtc.com\/es\/medex-dtc-medicos-de-queens\/dr-musa-njeru-md\/\">Musa Njeru, MD<\/a> Nefr\u00f3logo718.275.8900Forest Hills, NY<\/p>\n<p>Experiencia del paciente<\/p>\n<p>\u00abMedex en Forest Hills, N.Y. tiene un servicio excelente. Los doctores y el personal son muy acogedores y se adaptan a tus necesidades y horarios. Recomendar\u00eda encarecidamente a cualquiera que viniera aqu\u00ed\u00bb. &#8211; Jane<\/p>\n<p>111-29 Queens Blvd<br \/>\nForest Hills, NY 11375<br \/>\nTel\u00e9fono: (718) 275-8900<\/p>\n<p>4.0<\/p>\n<p>M\u00e1s de 100 opiniones<\/p>\n<p><a href=\"https:\/\/goo.gl\/maps\/P9drFAKbbXpwVDxG9\">Ver m\u00e1s de 100 opiniones \u00ab<\/a><\/p>\n<h2>\u00bfC\u00f3mo puedo prevenir la enfermedad renal?<\/h2>\n<p>Los planes de dieta y ejercicio que te ayudan a evitar otros problemas -como <a href=\"https:\/\/www.medexdtc.com\/es\/obesity\/\">la obesidad<\/a>, <a href=\"https:\/\/www.medexdtc.com\/es\/heart-disease\/\">las cardiopat\u00edas<\/a>, <a href=\"https:\/\/www.medexdtc.com\/es\/gerd\/\">el reflujo gastroesof\u00e1gico<\/a> y la diabetes- son las mismas opciones de estilo de vida saludable que mantienen tus ri\u00f1ones funcionando eficazmente. Para mejorar tus probabilidades de tener una vida larga y sana para ti y tus ri\u00f1ones, tu nefr\u00f3logo recomienda: <\/p>\n<ul>\n<li>Mantener un peso saludable, reflejado por un \u00edndice de masa corporal (IMC) objetivo entre 25 y 29,9<\/li>\n<li>Dejar de fumar porque el tabaco ralentiza el flujo sangu\u00edneo a los \u00f3rganos, incluidos los ri\u00f1ones<\/li>\n<li>Realizar actividad f\u00edsica durante al menos 30 minutos al d\u00eda<\/li>\n<li>Tomar suplementos para mantener niveles adecuados de minerales<\/li>\n<li>Decir no a las borracheras cr\u00f3nicas, que provocan enfermedades renales<\/li>\n<li>Reducir el consumo de alcohol a un uso ocasional -no m\u00e1s de una bebida al d\u00eda- porque el alcohol afecta significativamente a la capacidad de los ri\u00f1ones para filtrar la sangre.<\/li>\n<li>Mantenerse hidratado, ya que los ri\u00f1ones necesitan agua para limpiar el torrente sangu\u00edneo<\/li>\n<li>No permitir que te deshidrates gravemente, ya que puede provocar insuficiencia renal<\/li>\n<li>Reducir tus niveles de estr\u00e9s<\/li>\n<li>Dormir lo suficiente<\/li>\n<\/ul>\n<p>En cuanto a tu dieta, reduce la ingesta de sal de modo que no consumas m\u00e1s de 2.300 miligramos al d\u00eda, lo que equivale aproximadamente a 1,5 cucharaditas. Tambi\u00e9n puedes ayudar a tus ri\u00f1ones eligiendo alimentos bajos en az\u00facar. Por \u00faltimo, evita las grasas poco saludables, como las grasas saturadas de la carne y las grasas trans utilizadas para fabricar alimentos procesados.  <\/p>\n<h2>\u00bfC\u00f3mo puedo saber si necesito tratamiento nefrol\u00f3gico?<\/h2>\n<p>Cuando mantienes revisiones anuales regulares con tu internista o <a href=\"https:\/\/www.medexdtc.com\/es\/medicos-de-medicina-familiar-en-forest-hills-ny\/\">m\u00e9dico de familia<\/a> en el Centro de Diagn\u00f3stico y Tratamiento Medex, tu m\u00e9dico llega a conocerte y a saber cu\u00e1l es tu riesgo de padecer los tipos de afecciones que pueden desembocar en una enfermedad renal. La intervenci\u00f3n precoz es la mejor manera de evitar una derivaci\u00f3n a nefrolog\u00eda. Los s\u00edntomas de que puedes estar abocado a tener problemas renales incluyen  <\/p>\n<ul>\n<li>Tener problemas para dormir porque tu cuerpo contiene demasiadas toxinas. A veces, <a href=\"https:\/\/www.medexdtc.com\/sleep-apnea-treatment\/\">la apnea del sue\u00f1o<\/a> es un indicador precoz de problemas renales. <\/li>\n<li>Sentirte m\u00e1s cansado y d\u00e9bil de lo habitual y tener dificultades para concentrarte. La anemia suele ser una complicaci\u00f3n que aparece cuando has desarrollado una enfermedad renal. <\/li>\n<li>Necesidad de orinar a menudo, sobre todo durante la noche.<\/li>\n<li>Ver sangre en la orina, que indica que puedes tener da\u00f1ados los filtros renales. La sangre en la orina tambi\u00e9n puede indicar c\u00e1lculos renales, una infecci\u00f3n renal o tumores. <\/li>\n<li>Notar que tu orina es espumosa, se\u00f1al de que hay demasiadas prote\u00ednas en ella.<\/li>\n<li>Desarrollar picor en la piel seca puede ser un precursor precoz de enfermedad mineral u \u00f3sea. A menudo tambi\u00e9n indica una fase avanzada de la enfermedad renal. <\/li>\n<li>Tener hinchaz\u00f3n alrededor de los ojos de forma regular, lo cual es un signo de que tus ri\u00f1ones pueden estar filtrando prote\u00ednas a tu torrente sangu\u00edneo.<\/li>\n<li>Calambres musculares debidos a niveles bajos de electrolitos.<\/li>\n<li>Hinchaz\u00f3n de pies y tobillos por retenci\u00f3n de sal y agua.<\/li>\n<li>Experimentar una supresi\u00f3n del apetito.<\/li>\n<\/ul>\n<p>Muchos de estos s\u00edntomas pueden deberse a otras causas, pero pueden acabar afectando a tus ri\u00f1ones si no se tratan. Para verificar si tus ri\u00f1ones est\u00e1n da\u00f1ados, tu nefr\u00f3logo realiza pruebas para confirmar el diagn\u00f3stico, como: <\/p>\n<ul>\n<li>An\u00e1lisis de orina que comprueba la presencia de alb\u00famina, que es una prote\u00edna que aparece en la orina si tienes una enfermedad renal<\/li>\n<li>An\u00e1lisis de sangre para determinar lo bien que tus ri\u00f1ones filtran la sangre<\/li>\n<li>Pruebas de imagen ecogr\u00e1fica que permiten a tu m\u00e9dico evaluar la forma y el tama\u00f1o de tus ri\u00f1ones<\/li>\n<li>Una biopsia bajo anestesia local, que consiste en tomar una peque\u00f1a muestra del tejido de tu ri\u00f1\u00f3n para que pueda analizarse en un laboratorio y determinar la causa de tu enfermedad renal.<\/li>\n<\/ul>\n<h2><img fetchpriority=\"high\" decoding=\"async\" class=\"about-madex-images alignnone\" src=\"https:\/\/www.medexdtc.com\/wp-content\/uploads\/2020\/11\/Nephrology.jpg\" alt=\"Nefrolog\u00eda, especialistas en ri\u00f1\u00f3n Queens\" width=\"585\" height=\"615\"><\/h2>\n<h2>\u00bfQu\u00e9 tratamientos ofrece la Medicina Nefrol\u00f3gica?<\/h2>\n<p>El primer paso que debes dar en el Centro de Diagn\u00f3stico y Tratamiento Medex de Queens es abordar los primeros signos de enfermedad renal con cambios en el estilo de vida para controlar o ralentizar su progresi\u00f3n. Puede que necesites tomar medicamentos para controlar la causa subyacente del da\u00f1o renal. Tambi\u00e9n puedes necesitar medicaci\u00f3n para la hipertensi\u00f3n o suplementos para atajar la anemia, incluso despu\u00e9s de haber empezado a comer mejor y a hidratarte.  <\/p>\n<p>La enfermedad renal cr\u00f3nica no tiene cura, por eso tu nefr\u00f3logo quiere detenerla en seco lo antes posible. Aunque la investigaci\u00f3n de la enfermedad renal es prometedora para ralentizar su progresi\u00f3n, una vez que tus ri\u00f1ones empiezan a fallar, la nefrolog\u00eda ofrece dos tratamientos principales para prolongar tu vida: <\/p>\n<ol>\n<li><strong>Di\u00e1lisis<\/strong>, que es una funci\u00f3n mec\u00e1nica utilizada para filtrar tu sangre<\/li>\n<li><strong>Trasplante<\/strong>, que significa someterse a una cirug\u00eda mayor para sustituir tu ri\u00f1\u00f3n por uno de un donante.<\/li>\n<\/ol>\n<p><strong>No esperes a experimentar s\u00edntomas que puedan requerir estos tratamientos nefrol\u00f3gicos. <a href=\"https:\/\/www.medexdtc.com\/es\/contacta-con-nosotros\/\">Ponte en contacto con Medex hoy mismo<\/a> para concertar una cita. Pon rumbo a una vida larga y saludable para ti y tus ri\u00f1ones. <\/strong><\/p>\n<p>Podemos ayudarte a encontrar m\u00e9dico. Llama al <a href=\"tel:+17182758900\">(718) 275-8900<\/a> <\/p>\n<p>Con licencia del estado de Nueva York, Medex es un centro de diagn\u00f3stico y tratamiento del art\u00edculo 28. Nuestros m\u00e9dicos proporcionan atenci\u00f3n integral a pacientes de todas las edades en la zona de Forest Hills, Queens, desde hace m\u00e1s de 15 a\u00f1os. Empieza a recibir atenci\u00f3n experta ahora llamando o concertando una cita en l\u00ednea con uno de los especialistas cualificados.  <\/p>\n<h2>\u00bfQu\u00e9 tratamientos ofrecemos?<\/h2>\n<p>Tu primer paso es abordar los primeros signos de enfermedad renal con cambios en el estilo de vida para controlar o ralentizar su progresi\u00f3n. Puede que necesites tomar medicamentos para controlar la causa subyacente del da\u00f1o renal. Tambi\u00e9n puedes necesitar medicaci\u00f3n para la hipertensi\u00f3n o suplementos para atajar la anemia, incluso despu\u00e9s de haber empezado a comer mejor y a hidratarte.  <\/p>\n<\/section>\n<div class=\"css-1uwmyp9-text css-aqdypc css-13sga99 css-13o7eu2 css-542wex\"><\/div>\n<\/div>\n","protected":false},"excerpt":{"rendered":"<p>En el Centro de Diagn\u00f3stico y Tratamiento Medex de Queens, Nueva York, el papel principal que desempe\u00f1a la nefrolog\u00eda en tu plan de asistencia sanitaria es evitar que desarrolles insuficiencia renal. Se te ofrecen muchas opciones para mantener sanos tus ri\u00f1ones y ralentizar la progresi\u00f3n de la enfermedad renal, sobre todo si ya est\u00e1s en &hellip; <\/p>\n<p class=\"link-more\"><a href=\"https:\/\/www.medexdtc.com\/es\/nefrologia-queens-los-mejores-nefrologos-en-forest-hills-queens-ny\/\" class=\"more-link\">Continue reading<span class=\"screen-reader-text\"> \u00abNefrolog\u00eda Queens | Los mejores nefr\u00f3logos en Forest Hills, Queens, NY\u00bb<\/span><\/a><\/p>\n","protected":false},"author":3,"featured_media":0,"parent":0,"menu_order":0,"comment_status":"closed","ping_status":"closed","template":"new_inner.php","meta":{"_acf_changed":false,"footnotes":""},"class_list":["post-4433","page","type-page","status-publish","hentry"],"acf":[],"yoast_head":"<!-- This site is optimized with the Yoast SEO plugin v27.5 - https:\/\/yoast.com\/product\/yoast-seo-wordpress\/ -->\n<title>Nefrolog\u00eda Queens | Los mejores nefr\u00f3logos en Forest Hills, Queens, NY<\/title>\n<meta name=\"description\" content=\"Los m\u00e9dicos nefr\u00f3logos mejor valorados de Forest Hills, Queens, NY tratan problemas renales, c\u00e1lculos renales, insuficiencia renal. Aceptamos los principales seguros\" \/>\n<meta name=\"robots\" content=\"index, follow, max-snippet:-1, max-image-preview:large, max-video-preview:-1\" \/>\n<link rel=\"canonical\" href=\"https:\/\/www.medexdtc.com\/es\/nefrologia-queens-los-mejores-nefrologos-en-forest-hills-queens-ny\/\" \/>\n<meta property=\"og:locale\" content=\"es_ES\" \/>\n<meta property=\"og:type\" content=\"article\" \/>\n<meta property=\"og:title\" content=\"Nefrolog\u00eda Queens | Los mejores nefr\u00f3logos en Forest Hills, Queens, NY\" \/>\n<meta property=\"og:description\" content=\"Los m\u00e9dicos nefr\u00f3logos mejor valorados de Forest Hills, Queens, NY tratan problemas renales, c\u00e1lculos renales, insuficiencia renal. Aceptamos los principales seguros\" \/>\n<meta property=\"og:url\" content=\"https:\/\/www.medexdtc.com\/es\/nefrologia-queens-los-mejores-nefrologos-en-forest-hills-queens-ny\/\" \/>\n<meta property=\"og:site_name\" content=\"Medex Diagnostic and Treatment Center - Queens Medical Center - Medical Clinic in Forest Hills, NY\" \/>\n<meta property=\"article:publisher\" content=\"https:\/\/www.facebook.com\/medexny\" \/>\n<meta property=\"og:image\" content=\"https:\/\/www.medexdtc.com\/wp-content\/uploads\/2020\/11\/Nephrology.jpg\" \/>\n<meta name=\"twitter:card\" content=\"summary_large_image\" \/>\n<meta name=\"twitter:site\" content=\"@DtcMedex\" \/>\n<meta name=\"twitter:label1\" content=\"Tiempo de lectura\" \/>\n\t<meta name=\"twitter:data1\" content=\"8 minutos\" \/>\n<!-- \/ Yoast SEO plugin. -->","yoast_head_json":{"title":"Nefrolog\u00eda Queens | Los mejores nefr\u00f3logos en Forest Hills, Queens, NY","description":"Los m\u00e9dicos nefr\u00f3logos mejor valorados de Forest Hills, Queens, NY tratan problemas renales, c\u00e1lculos renales, insuficiencia renal. Aceptamos los principales seguros","robots":{"index":"index","follow":"follow","max-snippet":"max-snippet:-1","max-image-preview":"max-image-preview:large","max-video-preview":"max-video-preview:-1"},"canonical":"https:\/\/www.medexdtc.com\/es\/nefrologia-queens-los-mejores-nefrologos-en-forest-hills-queens-ny\/","og_locale":"es_ES","og_type":"article","og_title":"Nefrolog\u00eda Queens | Los mejores nefr\u00f3logos en Forest Hills, Queens, NY","og_description":"Los m\u00e9dicos nefr\u00f3logos mejor valorados de Forest Hills, Queens, NY tratan problemas renales, c\u00e1lculos renales, insuficiencia renal. Aceptamos los principales seguros","og_url":"https:\/\/www.medexdtc.com\/es\/nefrologia-queens-los-mejores-nefrologos-en-forest-hills-queens-ny\/","og_site_name":"Medex Diagnostic and Treatment Center - Queens Medical Center - Medical Clinic in Forest Hills, NY","article_publisher":"https:\/\/www.facebook.com\/medexny","og_image":[{"url":"https:\/\/www.medexdtc.com\/wp-content\/uploads\/2020\/11\/Nephrology.jpg","type":"","width":"","height":""}],"twitter_card":"summary_large_image","twitter_site":"@DtcMedex","twitter_misc":{"Tiempo de lectura":"8 minutos"},"schema":{"@context":"https:\/\/schema.org","@graph":[{"@type":"WebPage","@id":"https:\/\/www.medexdtc.com\/es\/nefrologia-queens-los-mejores-nefrologos-en-forest-hills-queens-ny\/","url":"https:\/\/www.medexdtc.com\/es\/nefrologia-queens-los-mejores-nefrologos-en-forest-hills-queens-ny\/","name":"Nefrolog\u00eda Queens | Los mejores nefr\u00f3logos en Forest Hills, Queens, NY","isPartOf":{"@id":"https:\/\/www.medexdtc.com\/es\/#website"},"primaryImageOfPage":{"@id":"https:\/\/www.medexdtc.com\/es\/nefrologia-queens-los-mejores-nefrologos-en-forest-hills-queens-ny\/#primaryimage"},"image":{"@id":"https:\/\/www.medexdtc.com\/es\/nefrologia-queens-los-mejores-nefrologos-en-forest-hills-queens-ny\/#primaryimage"},"thumbnailUrl":"https:\/\/www.medexdtc.com\/wp-content\/uploads\/2020\/11\/Nephrology.jpg","datePublished":"2020-11-30T07:28:55+00:00","description":"Los m\u00e9dicos nefr\u00f3logos mejor valorados de Forest Hills, Queens, NY tratan problemas renales, c\u00e1lculos renales, insuficiencia renal. Aceptamos los principales seguros","breadcrumb":{"@id":"https:\/\/www.medexdtc.com\/es\/nefrologia-queens-los-mejores-nefrologos-en-forest-hills-queens-ny\/#breadcrumb"},"inLanguage":"es","potentialAction":[{"@type":"ReadAction","target":["https:\/\/www.medexdtc.com\/es\/nefrologia-queens-los-mejores-nefrologos-en-forest-hills-queens-ny\/"]}]},{"@type":"ImageObject","inLanguage":"es","@id":"https:\/\/www.medexdtc.com\/es\/nefrologia-queens-los-mejores-nefrologos-en-forest-hills-queens-ny\/#primaryimage","url":"https:\/\/www.medexdtc.com\/wp-content\/uploads\/2020\/11\/Nephrology.jpg","contentUrl":"https:\/\/www.medexdtc.com\/wp-content\/uploads\/2020\/11\/Nephrology.jpg"},{"@type":"BreadcrumbList","@id":"https:\/\/www.medexdtc.com\/es\/nefrologia-queens-los-mejores-nefrologos-en-forest-hills-queens-ny\/#breadcrumb","itemListElement":[{"@type":"ListItem","position":1,"name":"Home","item":"https:\/\/www.medexdtc.com\/es\/"},{"@type":"ListItem","position":2,"name":"Nefrolog\u00eda Queens | Los mejores nefr\u00f3logos en Forest Hills, Queens, NY"}]},{"@type":"WebSite","@id":"https:\/\/www.medexdtc.com\/es\/#website","url":"https:\/\/www.medexdtc.com\/es\/","name":"Medex DTC","description":"Medex Diagnostic and Treatment Center is a Medical Center in Queens, NY is a dynamic multi-specialty clinic. Physicians delivering high quality individualized care in Forest Hills, Queens, NY.","publisher":{"@id":"https:\/\/www.medexdtc.com\/es\/#organization"},"potentialAction":[{"@type":"SearchAction","target":{"@type":"EntryPoint","urlTemplate":"https:\/\/www.medexdtc.com\/es\/?s={search_term_string}"},"query-input":{"@type":"PropertyValueSpecification","valueRequired":true,"valueName":"search_term_string"}}],"inLanguage":"es"},{"@type":"Organization","@id":"https:\/\/www.medexdtc.com\/es\/#organization","name":"Medex DCT","url":"https:\/\/www.medexdtc.com\/es\/","logo":{"@type":"ImageObject","inLanguage":"es","@id":"https:\/\/www.medexdtc.com\/es\/#\/schema\/logo\/image\/","url":"https:\/\/www.medexdtc.com\/wp-content\/uploads\/2024\/11\/medex-diagnostic-and-treatment-center-in-queens-NY.png","contentUrl":"https:\/\/www.medexdtc.com\/wp-content\/uploads\/2024\/11\/medex-diagnostic-and-treatment-center-in-queens-NY.png","width":226,"height":47,"caption":"Medex DCT"},"image":{"@id":"https:\/\/www.medexdtc.com\/es\/#\/schema\/logo\/image\/"},"sameAs":["https:\/\/www.facebook.com\/medexny","https:\/\/x.com\/DtcMedex","https:\/\/www.instagram.com\/medexdtc\/","https:\/\/www.linkedin.com\/company\/medex-diagnostic-and-treatment-center\/about\/"]}]}},"jetpack_sharing_enabled":true,"_links":{"self":[{"href":"https:\/\/www.medexdtc.com\/es\/wp-json\/wp\/v2\/pages\/4433","targetHints":{"allow":["GET"]}}],"collection":[{"href":"https:\/\/www.medexdtc.com\/es\/wp-json\/wp\/v2\/pages"}],"about":[{"href":"https:\/\/www.medexdtc.com\/es\/wp-json\/wp\/v2\/types\/page"}],"author":[{"embeddable":true,"href":"https:\/\/www.medexdtc.com\/es\/wp-json\/wp\/v2\/users\/3"}],"replies":[{"embeddable":true,"href":"https:\/\/www.medexdtc.com\/es\/wp-json\/wp\/v2\/comments?post=4433"}],"version-history":[{"count":0,"href":"https:\/\/www.medexdtc.com\/es\/wp-json\/wp\/v2\/pages\/4433\/revisions"}],"wp:attachment":[{"href":"https:\/\/www.medexdtc.com\/es\/wp-json\/wp\/v2\/media?parent=4433"}],"curies":[{"name":"wp","href":"https:\/\/api.w.org\/{rel}","templated":true}]}}