{"id":4434,"date":"2021-01-22T18:22:03","date_gmt":"2021-01-22T13:22:03","guid":{"rendered":"https:\/\/www.medexdtc.com\/doppler-venoso\/"},"modified":"2021-01-22T18:22:03","modified_gmt":"2021-01-22T13:22:03","slug":"doppler-venoso","status":"publish","type":"page","link":"https:\/\/www.medexdtc.com\/es\/doppler-venoso\/","title":{"rendered":"Doppler venoso"},"content":{"rendered":"<p>Una raz\u00f3n para visitar anualmente a tu m\u00e9dico de atenci\u00f3n primaria es comprobar si hay alg\u00fan cambio sutil que pueda indicar la posibilidad de futuros problemas de salud. Afecciones como venas ligeramente abultadas o un ritmo cardiaco irregular pueden ser signos precoces de enfermedad cardiaca. Si tu m\u00e9dico advierte estos cambios, un procedimiento en particular puede calibrar el estado de tu flujo sangu\u00edneo: una prueba indolora y sencilla llamada Doppler venoso. Cuando visites el Centro de Diagn\u00f3stico y Tratamiento Medex de Queens (Nueva York), tu m\u00e9dico o especialista podr\u00e1 hacerte la prueba. Esta consulta multiespecialidad agiliza las derivaciones, ya que los especialistas se comunican entre s\u00ed para determinar la mejor prueba diagn\u00f3stica o tratamiento para ti. Centrados en la prevenci\u00f3n, los m\u00e9dicos de Medex te prestan la atenci\u00f3n que necesitas. Pide cita hoy mismo.      <\/p>\n<h2>\u00bfQu\u00e9 es un Doppler venoso?<\/h2>\n<p>Una prueba ecogr\u00e1fica no invasiva, la prueba Doppler venosa, se utiliza para estimar la velocidad de tu flujo sangu\u00edneo. La prueba utiliza ondas Doppler para medir la velocidad de cambio de la frecuencia. Mientras que las ecograf\u00edas tradicionales producen im\u00e1genes fijas de alta calidad, el Doppler venoso permite a tu m\u00e9dico visualizar realmente el movimiento de la sangre en tus venas.  <\/p>\n<p>Muchos m\u00e9dicos prefieren el Doppler venoso a otras alternativas m\u00e1s invasivas, como la angiograf\u00eda, que requiere que te inyecten un troquel en las venas para verlo con rayos X. La prueba Doppler venoso ayuda a tu m\u00e9dico a determinar un diagn\u00f3stico preciso de afecciones como el da\u00f1o arterial. Tambi\u00e9n ayuda a tu m\u00e9dico a controlar los tratamientos de las <a href=\"https:\/\/www.medexdtc.com\/veins\/\">venas y arterias<\/a> a los que puedas someterte.  <\/p>\n<p>Los <a href=\"https:\/\/www.medexdtc.com\/cardiology\/\">cardi\u00f3logos<\/a> del <a href=\"https:\/\/www.medexdtc.com\/es\/\">Centro de Diagn\u00f3stico y Tratamiento Medex<\/a> de Queens (Nueva York) se centran en la <a href=\"https:\/\/www.medexdtc.com\/es\/prevencion-de-cardiopatias-y-accidentes-cerebrovasculares\/\">prevenci\u00f3n de las enfermedades cardiacas<\/a>. Los ex\u00e1menes Doppler venosos les ayudan a identificar los s\u00edntomas vasculares, que pueden convertirse en <a href=\"https:\/\/www.medexdtc.com\/heart-disease\/\">cardiopat\u00edas<\/a> graves si no se detectan. <\/p>\n<h2>\u00bfPor qu\u00e9 se hace una prueba Doppler venosa?<\/h2>\n<p>Cuando a tu m\u00e9dico le preocupa tu flujo sangu\u00edneo, el primer paso puede ser pedirte una prueba Doppler venosa. La prueba es \u00fatil para identificar problemas u obstrucciones en tus venas y arterias. Tu m\u00e9dico tambi\u00e9n puede diagnosticar varias afecciones cardiovasculares, como:  <\/p>\n<ul>\n<li>Cambios en el flujo sangu\u00edneo de la madre o el feto durante el embarazo<\/li>\n<li>Anomal\u00edas posquir\u00fargicas del flujo sangu\u00edneo<\/li>\n<li>Inflamaci\u00f3n de las venas de las piernas, tambi\u00e9n conocida como tromboflebitis superficial<\/li>\n<li>Tumores en las venas de las piernas<\/li>\n<li>Vasos sangu\u00edneos inflamados en manos y pies, una enfermedad llamada tromboange\u00edtis obliterante<\/li>\n<li>Cambios en tu estado card\u00edaco que pueden precipitar tambi\u00e9n la necesidad de un electrocardiograma<\/li>\n<li>Arteriopat\u00eda perif\u00e9rica, que es la disminuci\u00f3n de la circulaci\u00f3n sangu\u00ednea en las extremidades inferiores<\/li>\n<li>Contracci\u00f3n o endurecimiento de los vasos sangu\u00edneos<\/li>\n<li>Irregularidades estructurales del coraz\u00f3n<\/li>\n<li>Da\u00f1os en los vasos sangu\u00edneos<\/li>\n<li>Co\u00e1gulos sangu\u00edneos en las venas de las piernas, lo que llam\u00e9 trombosis venosa profunda<\/li>\n<li>Arterias inflamadas o aneurismas<\/li>\n<li>La contracci\u00f3n de una arteria, llamada estenosis de la arteria car\u00f3tida cuando se produce en el cuello<\/li>\n<li>Cardiopat\u00eda cong\u00e9nita<\/li>\n<li>Defectos de las v\u00e1lvulas card\u00edacas<\/li>\n<li>Insuficiencia venosa, definida como el mal funcionamiento de las v\u00e1lvulas de las venas de las piernas, que puede provocar el estancamiento de la sangre.<\/li>\n<\/ul>\n<p>Una prueba Doppler venosa permite a tu m\u00e9dico Medex identificar muchos problemas vasculares potencialmente peligrosos. Si se identifican con suficiente antelaci\u00f3n, tu m\u00e9dico puede tomar medidas para curarlos o medidas preventivas para evitar que se deterioren m\u00e1s. <\/p>\n<h2>\u00bfQu\u00e9 muestra una prueba Doppler de piernas?<\/h2>\n<p>El examen Doppler venoso tiene dos componentes, que funcionan simult\u00e1neamente. Las dos tecnolog\u00edas trabajan juntas a la perfecci\u00f3n para proporcionar a tu m\u00e9dico la m\u00e1xima informaci\u00f3n posible. Las dos partes de la prueba son:  <\/p>\n<ol>\n<li>La primera parte es una eco bidimensional que genera im\u00e1genes de tus venas.<\/li>\n<li>La segunda parte son las ondas Doppler, que crean los sonidos que oyes y permiten a tu m\u00e9dico examinar el flujo sangu\u00edneo a trav\u00e9s de las venas.<\/li>\n<\/ol>\n<p>Tu m\u00e9dico necesita la informaci\u00f3n proporcionada por el examen Doppler venoso si sospecha que tienes alg\u00fan problema vascular. Tu m\u00e9dico puede programar un examen si experimentas alg\u00fan s\u00edntoma relevante, como: <\/p>\n<ul>\n<li>Dificultad para respirar<\/li>\n<li>Hinchaz\u00f3n inusual de las piernas, los pies o el torso<\/li>\n<li>Fatiga<\/li>\n<li>La aparici\u00f3n repentina de <a href=\"https:\/\/www.medexdtc.com\/varicose-veins\/\">varices<\/a><\/li>\n<\/ul>\n<h2>\u00bfQu\u00e9 debo esperar durante un examen Doppler venoso?<\/h2>\n<p>Como preparaci\u00f3n para el examen, tienes que quitarte toda la ropa que cubra la parte del cuerpo que el m\u00e9dico quiere ver. Tienes que ponerte una bata de hospital. Una vez preparada, te tumbas en una camilla y un ecografista te aplica un gel transparente en la zona de la piel a examinar para mejorar la calidad de la imagen. A continuaci\u00f3n, el ecografista presiona con cierta fuerza sobre tu piel el transductor, una varilla manual que emite las ondas Doppler.   <\/p>\n<p>Dependiendo de la localizaci\u00f3n de la prueba, puedes sentir alguna molestia, pero se trata de una prueba totalmente indolora. Todo el procedimiento es seguro y no invasivo, sin efectos secundarios conocidos de las ondas Doppler de la ecograf\u00eda. El ecografista completa tu examen en 45 a 60 minutos, tras lo cual puedes asearte y marcharte sin limitaciones ni restricciones.  <\/p>\n<p>Las im\u00e1genes y los datos se env\u00edan a tu m\u00e9dico, que interpreta los resultados y te explica su significado. En Medex, tu <a href=\"https:\/\/www.medexdtc.com\/primary-care\/\">m\u00e9dico de atenci\u00f3n primaria<\/a>, ecografista, cardi\u00f3logo y cualquier otro especialista que puedas necesitar est\u00e1n bajo el mismo techo, por lo que no tienes que preocuparte de dar vueltas por la ciudad para que te lo hagan todo. <a href=\"https:\/\/www.medexdtc.com\/es\/contacta-con-nosotros\/\">Ponte en contacto hoy mismo con el Centro de Diagn\u00f3stico y Tratamiento Medex<\/a> para disfrutar de la comodidad y facilidad de una ventanilla \u00fanica para todas tus necesidades m\u00e9dicas. <\/p>\n<p>Podemos ayudarte a encontrar m\u00e9dico. Llama al <a href=\"tel:+17182758900\">(718) 275-8900<\/a> <\/p>\n<p>Con licencia del estado de Nueva York, Medex es un centro de diagn\u00f3stico y tratamiento del art\u00edculo 28. Nuestros m\u00e9dicos proporcionan atenci\u00f3n integral a pacientes de todas las edades en la zona de Forest Hills, Queens, desde hace m\u00e1s de 15 a\u00f1os. Empieza a recibir atenci\u00f3n experta ahora llamando o concertando una cita en l\u00ednea con uno de los especialistas cualificados.<\/p>\n","protected":false},"excerpt":{"rendered":"<p>Una raz\u00f3n para visitar anualmente a tu m\u00e9dico de atenci\u00f3n primaria es comprobar si hay alg\u00fan cambio sutil que pueda indicar la posibilidad de futuros problemas de salud. Afecciones como venas ligeramente abultadas o un ritmo cardiaco irregular pueden ser signos precoces de enfermedad cardiaca. Si tu m\u00e9dico advierte estos cambios, un procedimiento en particular &hellip; <\/p>\n<p class=\"link-more\"><a href=\"https:\/\/www.medexdtc.com\/es\/doppler-venoso\/\" class=\"more-link\">Continue reading<span class=\"screen-reader-text\"> \u00abDoppler venoso\u00bb<\/span><\/a><\/p>\n","protected":false},"author":3,"featured_media":0,"parent":0,"menu_order":0,"comment_status":"closed","ping_status":"closed","template":"new_inner.php","meta":{"_acf_changed":false,"footnotes":""},"class_list":["post-4434","page","type-page","status-publish","hentry"],"acf":[],"yoast_head":"<!-- This site is optimized with the Yoast SEO plugin v27.5 - https:\/\/yoast.com\/product\/yoast-seo-wordpress\/ -->\n<title>Doppler Venoso | Cardi\u00f3logos en Forest Hills, Queens, NY | Medex - Multi-Specialty Medical Center<\/title>\n<meta name=\"description\" content=\"Realizada por nuestros Especialistas en Cardiolog\u00eda del Centro de Diagn\u00f3stico y Tratamiento Medex en Forest Hills, Queens, NY, una prueba Doppler venosa es una prueba de ultrasonidos no invasiva, que se utiliza para estimar la velocidad de tu flujo sangu\u00edneo.\" \/>\n<meta name=\"robots\" content=\"index, follow, max-snippet:-1, max-image-preview:large, max-video-preview:-1\" \/>\n<link rel=\"canonical\" href=\"https:\/\/www.medexdtc.com\/es\/doppler-venoso\/\" \/>\n<meta property=\"og:locale\" content=\"es_ES\" \/>\n<meta property=\"og:type\" content=\"article\" \/>\n<meta property=\"og:title\" content=\"Doppler Venoso | Cardi\u00f3logos en Forest Hills, Queens, NY | Medex - Multi-Specialty Medical Center\" \/>\n<meta property=\"og:description\" content=\"Realizada por nuestros Especialistas en Cardiolog\u00eda del Centro de Diagn\u00f3stico y Tratamiento Medex en Forest Hills, Queens, NY, una prueba Doppler venosa es una prueba de ultrasonidos no invasiva, que se utiliza para estimar la velocidad de tu flujo sangu\u00edneo.\" \/>\n<meta property=\"og:url\" content=\"https:\/\/www.medexdtc.com\/es\/doppler-venoso\/\" \/>\n<meta property=\"og:site_name\" content=\"Medex Diagnostic and Treatment Center - Queens Medical Center - Medical Clinic in Forest Hills, NY\" \/>\n<meta property=\"article:publisher\" content=\"https:\/\/www.facebook.com\/medexny\" \/>\n<meta name=\"twitter:card\" content=\"summary_large_image\" \/>\n<meta name=\"twitter:site\" content=\"@DtcMedex\" \/>\n<meta name=\"twitter:label1\" content=\"Tiempo de lectura\" \/>\n\t<meta name=\"twitter:data1\" content=\"5 minutos\" \/>\n<!-- \/ Yoast SEO plugin. -->","yoast_head_json":{"title":"Doppler Venoso | Cardi\u00f3logos en Forest Hills, Queens, NY | Medex - Multi-Specialty Medical Center","description":"Realizada por nuestros Especialistas en Cardiolog\u00eda del Centro de Diagn\u00f3stico y Tratamiento Medex en Forest Hills, Queens, NY, una prueba Doppler venosa es una prueba de ultrasonidos no invasiva, que se utiliza para estimar la velocidad de tu flujo sangu\u00edneo.","robots":{"index":"index","follow":"follow","max-snippet":"max-snippet:-1","max-image-preview":"max-image-preview:large","max-video-preview":"max-video-preview:-1"},"canonical":"https:\/\/www.medexdtc.com\/es\/doppler-venoso\/","og_locale":"es_ES","og_type":"article","og_title":"Doppler Venoso | Cardi\u00f3logos en Forest Hills, Queens, NY | Medex - Multi-Specialty Medical Center","og_description":"Realizada por nuestros Especialistas en Cardiolog\u00eda del Centro de Diagn\u00f3stico y Tratamiento Medex en Forest Hills, Queens, NY, una prueba Doppler venosa es una prueba de ultrasonidos no invasiva, que se utiliza para estimar la velocidad de tu flujo sangu\u00edneo.","og_url":"https:\/\/www.medexdtc.com\/es\/doppler-venoso\/","og_site_name":"Medex Diagnostic and Treatment Center - Queens Medical Center - Medical Clinic in Forest Hills, NY","article_publisher":"https:\/\/www.facebook.com\/medexny","twitter_card":"summary_large_image","twitter_site":"@DtcMedex","twitter_misc":{"Tiempo de lectura":"5 minutos"},"schema":{"@context":"https:\/\/schema.org","@graph":[{"@type":"WebPage","@id":"https:\/\/www.medexdtc.com\/es\/doppler-venoso\/","url":"https:\/\/www.medexdtc.com\/es\/doppler-venoso\/","name":"Doppler Venoso | Cardi\u00f3logos en Forest Hills, Queens, NY | Medex - Multi-Specialty Medical Center","isPartOf":{"@id":"https:\/\/www.medexdtc.com\/es\/#website"},"datePublished":"2021-01-22T13:22:03+00:00","description":"Realizada por nuestros Especialistas en Cardiolog\u00eda del Centro de Diagn\u00f3stico y Tratamiento Medex en Forest Hills, Queens, NY, una prueba Doppler venosa es una prueba de ultrasonidos no invasiva, que se utiliza para estimar la velocidad de tu flujo sangu\u00edneo.","breadcrumb":{"@id":"https:\/\/www.medexdtc.com\/es\/doppler-venoso\/#breadcrumb"},"inLanguage":"es","potentialAction":[{"@type":"ReadAction","target":["https:\/\/www.medexdtc.com\/es\/doppler-venoso\/"]}]},{"@type":"BreadcrumbList","@id":"https:\/\/www.medexdtc.com\/es\/doppler-venoso\/#breadcrumb","itemListElement":[{"@type":"ListItem","position":1,"name":"Home","item":"https:\/\/www.medexdtc.com\/es\/"},{"@type":"ListItem","position":2,"name":"Doppler venoso"}]},{"@type":"WebSite","@id":"https:\/\/www.medexdtc.com\/es\/#website","url":"https:\/\/www.medexdtc.com\/es\/","name":"Medex DTC","description":"Medex Diagnostic and Treatment Center is a Medical Center in Queens, NY is a dynamic multi-specialty clinic. Physicians delivering high quality individualized care in Forest Hills, Queens, NY.","publisher":{"@id":"https:\/\/www.medexdtc.com\/es\/#organization"},"potentialAction":[{"@type":"SearchAction","target":{"@type":"EntryPoint","urlTemplate":"https:\/\/www.medexdtc.com\/es\/?s={search_term_string}"},"query-input":{"@type":"PropertyValueSpecification","valueRequired":true,"valueName":"search_term_string"}}],"inLanguage":"es"},{"@type":"Organization","@id":"https:\/\/www.medexdtc.com\/es\/#organization","name":"Medex DCT","url":"https:\/\/www.medexdtc.com\/es\/","logo":{"@type":"ImageObject","inLanguage":"es","@id":"https:\/\/www.medexdtc.com\/es\/#\/schema\/logo\/image\/","url":"https:\/\/www.medexdtc.com\/wp-content\/uploads\/2024\/11\/medex-diagnostic-and-treatment-center-in-queens-NY.png","contentUrl":"https:\/\/www.medexdtc.com\/wp-content\/uploads\/2024\/11\/medex-diagnostic-and-treatment-center-in-queens-NY.png","width":226,"height":47,"caption":"Medex DCT"},"image":{"@id":"https:\/\/www.medexdtc.com\/es\/#\/schema\/logo\/image\/"},"sameAs":["https:\/\/www.facebook.com\/medexny","https:\/\/x.com\/DtcMedex","https:\/\/www.instagram.com\/medexdtc\/","https:\/\/www.linkedin.com\/company\/medex-diagnostic-and-treatment-center\/about\/"]}]}},"jetpack_sharing_enabled":true,"_links":{"self":[{"href":"https:\/\/www.medexdtc.com\/es\/wp-json\/wp\/v2\/pages\/4434","targetHints":{"allow":["GET"]}}],"collection":[{"href":"https:\/\/www.medexdtc.com\/es\/wp-json\/wp\/v2\/pages"}],"about":[{"href":"https:\/\/www.medexdtc.com\/es\/wp-json\/wp\/v2\/types\/page"}],"author":[{"embeddable":true,"href":"https:\/\/www.medexdtc.com\/es\/wp-json\/wp\/v2\/users\/3"}],"replies":[{"embeddable":true,"href":"https:\/\/www.medexdtc.com\/es\/wp-json\/wp\/v2\/comments?post=4434"}],"version-history":[{"count":0,"href":"https:\/\/www.medexdtc.com\/es\/wp-json\/wp\/v2\/pages\/4434\/revisions"}],"wp:attachment":[{"href":"https:\/\/www.medexdtc.com\/es\/wp-json\/wp\/v2\/media?parent=4434"}],"curies":[{"name":"wp","href":"https:\/\/api.w.org\/{rel}","templated":true}]}}