{"id":4439,"date":"2020-12-29T03:15:24","date_gmt":"2020-12-28T22:15:24","guid":{"rendered":"https:\/\/www.medexdtc.com\/optometria-queens-mejores-optometristas-en-forest-hills-queens-ny\/"},"modified":"2020-12-29T03:15:24","modified_gmt":"2020-12-28T22:15:24","slug":"optometria-queens-mejores-optometristas-en-forest-hills-queens-ny","status":"publish","type":"page","link":"https:\/\/www.medexdtc.com\/es\/optometria-queens-mejores-optometristas-en-forest-hills-queens-ny\/","title":{"rendered":"Optometr\u00eda Queens | Mejores Optometristas en Forest Hills, Queens, NY"},"content":{"rendered":"<section id=\"about-madex-content-area\" class=\"about-madex-content-sec\">\n<div class=\"treatment-boxes about-madex-boxes\">\n<div>\n<p class=\"treatment-box-para\">La optometr\u00eda se ocupa de la salud y el funcionamiento de tus ojos. Un optometrista es tu primera parada para proteger tu visi\u00f3n. En tu visita anual al optometrista, te hacen un examen ocular para comprobar si tu visi\u00f3n ha cambiado. Si es as\u00ed, te recetan gafas o lentes de contacto. La ventaja de visitar a un optometrista en el Centro de Diagn\u00f3stico y Tratamiento Medex de Queens (Nueva York) es la presencia de especialistas m\u00e9dicos internos, incluidos oftalm\u00f3logos. Un optometrista puede detectar enfermedades oculares, pero s\u00f3lo un oftalm\u00f3logo puede realizar tratamientos y operaciones complejas. Llama hoy a Medex para programar tu pr\u00f3ximo examen ocular con un optometrista.      <\/p>\n<\/div>\n<\/div>\n<\/section>\n<section id=\"treatment-page-content-area-1\" class=\"treatment-page-content-area-one\">\n<blockquote><p><strong>Nota<\/strong>:  <em>Los especialistas en optometr\u00eda de Medex, en Forest Hills, Queens, Nueva York, aceptan <strong>los principales seguros, como Medicare, Medicaid, HIP, Emblemhealth, GHI, MetroPlus y Fidelis<\/strong>. Nuestros m\u00e9dicos de primera categor\u00eda ofrecen una gama completa de procedimientos m\u00e9dicos y se encuentran entre los mejores optometristas familiares de la regi\u00f3n. <\/em><\/p><\/blockquote>\n<p>\u00bfBuscas <a href=\"https:\/\/www.medexdtc.com\/es\/medex-dtc-medicos-de-queens\/olga-likhtman-od\/\">optometristas expertos en Queens<\/a>? Visita el Centro de Diagn\u00f3stico y Tratamiento Medex en Queens, NY, donde ofrecemos servicios integrales de optometr\u00eda para garantizar que tu visi\u00f3n y tu salud ocular sean \u00f3ptimas. La optometr\u00eda se ocupa de la salud y el funcionamiento de tus ojos. En tu visita anual con nuestro m\u00e9dico, comprobamos si tu visi\u00f3n ha cambiado. Si es as\u00ed, te recetamos gafas o lentes de contacto. La ventaja de acudir a un optometrista es la presencia de especialistas m\u00e9dicos internos, incluidos oftalm\u00f3logos. Llama hoy a Medex para programar tu pr\u00f3ximo examen ocular.      <\/p>\n<h2>\u00bfQu\u00e9 es la optometr\u00eda?<\/h2>\n<p>La optometr\u00eda es una rama de la asistencia sanitaria que se centra principalmente en los ex\u00e1menes oculares y las pruebas de visi\u00f3n. Un optometrista es un profesional m\u00e9dico que ha obtenido el t\u00edtulo de Doctor en Optometr\u00eda (DO) tras cuatro a\u00f1os de estudio en la facultad de optometr\u00eda. El optometrista no es m\u00e9dico. Como campo del cuidado de los ojos, la optometr\u00eda implica:   <\/p>\n<ul>\n<li>Prescripci\u00f3n y dispensaci\u00f3n de lentes correctoras y monturas<\/li>\n<li>Detectar ciertas anomal\u00edas oculares, como enfermedades oculares o <a href=\"https:\/\/www.medexdtc.com\/es\/macular-degeneration\/\">degeneraci\u00f3n macular<\/a><\/li>\n<li>Prescribir medicamentos para determinadas enfermedades oculares<\/li>\n<\/ul>\n<p>Si tienes un problema de visi\u00f3n, lo primero que debes hacer es acudir a un optometrista. Los ex\u00e1menes oculares peri\u00f3dicos son una parte vital del cuidado preventivo de la vista. En el Centro Multiespecializado de Diagn\u00f3stico y Tratamiento Medex, en Queens (Nueva York), tienes acceso a un equipo de optometr\u00eda cualificado para realizar pruebas oculares diagn\u00f3sticas y cuidados preventivos. Medex tambi\u00e9n cuenta con un <a href=\"https:\/\/www.medexdtc.com\/es\/ophthalmology\/\">departamento interno de oftalmolog\u00eda<\/a>, que colabora estrechamente con tu equipo de optometr\u00eda.   <\/p>\n<h2>Los mejores Optometristas en Forest Hills, Queens, NY<\/h2>\n<p>Olga Likhtman, OD Optometrista 718.275.8900 Forest Hills, NY<\/p>\n<p>Experiencia del paciente<\/p>\n<p>\u00abMedex en Forest Hills, N.Y. tiene un servicio excelente. Los doctores y el personal son muy acogedores y se adaptan a tus necesidades y horarios. Recomendar\u00eda encarecidamente a cualquiera que viniera aqu\u00ed\u00bb. &#8211; Jane<\/p>\n<p>111-29 Queens Blvd<br \/>\nForest Hills, NY 11375<br \/>\nTel\u00e9fono: (718) 275-8900<\/p>\n<p>4.0<\/p>\n<p>M\u00e1s de 100 opiniones<\/p>\n<p><a href=\"https:\/\/goo.gl\/maps\/P9drFAKbbXpwVDxG9\">Ver m\u00e1s de 100 opiniones \u00ab<\/a><\/p>\n<p><strong><a href=\"https:\/\/www.medexdtc.com\/es\/medex-dtc-medicos-de-queens\/olga-likhtman-od\/\">Olga Likhtman, OD, Optometrista Queens,NY  <\/a><\/strong><\/p>\n<div class=\"wp-block-buttons\">\n<div class=\"wp-block-button\"><a class=\"wp-block-button__link has-vivid-red-background-color has-background wp-element-button\" href=\"https:\/\/app.nexhealth.com\/appt\/medex-diagnostic-and-treatment-center\">Schedule Appointment<\/a><\/div>\n<div><\/div>\n<\/div>\n<h2><img fetchpriority=\"high\" decoding=\"async\" class=\"about-madex-images alignnone\" src=\"https:\/\/www.medexdtc.com\/wp-content\/uploads\/2021\/01\/Optometry.jpg\" alt=\"Optometr\u00eda en Queens\" width=\"492\" height=\"517\"><\/h2>\n<h2>\u00bfCu\u00e1l es la diferencia entre optometr\u00eda y oftalmolog\u00eda?<\/h2>\n<p>Tanto la optometr\u00eda como la oftalmolog\u00eda se ocupan del cuidado de los ojos, pero existen grandes diferencias entre ambos campos de la medicina. Las distinciones entre estas dos ramas de la atenci\u00f3n ocular incluyen: <\/p>\n<ul>\n<li>La optometr\u00eda se ocupa de la atenci\u00f3n primaria de la visi\u00f3n.<\/li>\n<li>Los optometristas est\u00e1n especializados en examinar la vista y diagnosticar problemas de visi\u00f3n ocular.<\/li>\n<li>Los optometristas prescriben principalmente ayudas visuales, como gafas y lentes de contacto, para corregir problemas de visi\u00f3n ocular.<\/li>\n<li>Los optometristas no son m\u00e9dicos. Prestan atenci\u00f3n primaria a los problemas oculares y pueden remitirte a un oftalm\u00f3logo para una atenci\u00f3n adicional o m\u00e1s compleja. <\/li>\n<li>La oftalmolog\u00eda se ocupa del diagn\u00f3stico y tratamiento de los trastornos oculares.<\/li>\n<li>Los oftalm\u00f3logos se han licenciado en Medicina, por lo que son m\u00e9dicos.<\/li>\n<li>Los oftalm\u00f3logos est\u00e1n cualificados para realizar intervenciones m\u00e9dicas y quir\u00fargicas en afecciones oculares.<\/li>\n<\/ul>\n<p>Los optometristas son tus proveedores de atenci\u00f3n sanitaria de primera l\u00ednea. Programa una cita anual con tu optometrista para que revise tu visi\u00f3n y tu salud ocular general. Durante estos ex\u00e1menes, obtienes respuestas a todas tus preguntas y te hacen una revisi\u00f3n exhaustiva de cualquier problema ocular. Puede que acabes con una nueva prescripci\u00f3n. Muchos optometristas tienen monturas de gafas y lentes de contacto en la consulta para que las compres.    <\/p>\n<h2>\u00bfEn qu\u00e9 consiste la Optometr\u00eda?<\/h2>\n<p>Cuando tienes un problema en la vista, un especialista en optometr\u00eda te proporciona la atenci\u00f3n diagn\u00f3stica que necesitas. Tu optometrista presta servicios que incluyen: <\/p>\n<ul>\n<li>Ex\u00e1menes oculares anuales o rutinarios y pruebas de visi\u00f3n<\/li>\n<li>Ex\u00e1menes oculares espec\u00edficos para investigar una dolencia concreta<\/li>\n<li>Diagn\u00f3stico, tratamiento y gesti\u00f3n de las alteraciones de la visi\u00f3n<\/li>\n<li>Rehabilitaci\u00f3n de baja visi\u00f3n y terapia visual<\/li>\n<li>Controlar cualquier afecci\u00f3n m\u00e9dica relacionada, como <a href=\"https:\/\/www.medexdtc.com\/es\/diabetes\/\">la diabetes<\/a><\/li>\n<li>Prescripciones de ayudas visuales, incluidas gafas y lentes de contacto<\/li>\n<li>Gesti\u00f3n y tratamiento de algunas enfermedades oculares, como el glaucoma y el ojo seco<\/li>\n<li>Procedimientos m\u00e9dicos menores para corregir o tratar problemas de salud visual u ocular<\/li>\n<li>Servicios de asesoramiento sobre las opciones quir\u00fargicas y no quir\u00fargicas disponibles<\/li>\n<li>Cuidados pre y postoperatorios, por ejemplo para la <a href=\"https:\/\/www.medexdtc.com\/es\/cirugia-de-cataratas\/\">cirug\u00eda de cataratas<\/a><\/li>\n<li>Derivaci\u00f3n a otros profesionales sanitarios, seg\u00fan sea necesario<\/li>\n<\/ul>\n<p>En este vanguardista centro de diagn\u00f3stico y prevenci\u00f3n de Queens, tu equipo de optometr\u00eda utiliza la \u00faltima tecnolog\u00eda m\u00e9dica en atenci\u00f3n ocular para realizar diagn\u00f3sticos eficaces. Tu optometrista te ofrece una atenci\u00f3n personalizada, escuchando tus dolencias oculares y problemas de visi\u00f3n antes de decidir el plan de tratamiento o la prueba visual a realizar. <\/p>\n<h2>\u00bfQu\u00e9 puedo esperar en un examen de optometr\u00eda?<\/h2>\n<p>Una visita al optometrista implica un examen ocular completo para determinar el nivel de tu p\u00e9rdida de visi\u00f3n y comprobar si hay enfermedades o da\u00f1os en el ojo. Las visitas regulares al oculista te ayudan a mantener un cuidado ocular adecuado y una visi\u00f3n n\u00edtida. Los problemas oculares no tratados empeoran con el tiempo, provocando una disminuci\u00f3n de tu visi\u00f3n. Tu visi\u00f3n cambia de un a\u00f1o a otro, sobre todo a medida que envejeces, lo cual es otra raz\u00f3n para hacerte pruebas de visi\u00f3n todos los a\u00f1os. En la consulta de tu optometrista, puedes esperar:    <\/p>\n<ul>\n<li>Una revisi\u00f3n de tu historial m\u00e9dico y tus medicamentos<\/li>\n<li>Una comprobaci\u00f3n de las ayudas visuales que utilizas actualmente<\/li>\n<li>Un examen de tus ojos, mediante diversas pruebas, como un:\n<ul>\n<li>Prueba b\u00e1sica de visi\u00f3n<\/li>\n<li>Prueba de refracci\u00f3n<\/li>\n<li>Un examen con l\u00e1mpara de hendidura para detectar el glaucoma<\/li>\n<li>Prueba de motilidad ocular<\/li>\n<li>Prueba de percepci\u00f3n de la profundidad<\/li>\n<li>Prueba de cobertura<\/li>\n<\/ul>\n<\/li>\n<li>Pruebas de seguimiento, en caso de que un examen ocular revele s\u00edntomas de glaucoma, diabetes o <a href=\"https:\/\/www.medexdtc.com\/es\/high-blood-pressure\/\">hipertensi\u00f3n arterial<\/a><\/li>\n<\/ul>\n<p>El diagn\u00f3stico precoz de las enfermedades oculares es el mejor lugar para iniciar el tratamiento. Por eso debes mantener tus visitas anuales a tu optometrista en el Centro de Diagn\u00f3stico y Tratamiento Medex, donde no s\u00f3lo te revisan la vista, sino que tambi\u00e9n tienes acceso a muchos otros especialistas m\u00e9dicos. <a href=\"https:\/\/www.medexdtc.com\/es\/contacta-con-nosotros\/\">Ponte en contacto con la consulta<\/a> para concertar una cita con un equipo de optometristas altamente cualificados. <\/p>\n<p>Podemos ayudarte a encontrar m\u00e9dico. Llama al <a href=\"tel:+17182758900\">(718) 275-8900<\/a> <\/p>\n<p>Con licencia del estado de Nueva York, Medex es un centro de diagn\u00f3stico y tratamiento del art\u00edculo 28. Nuestros m\u00e9dicos proporcionan atenci\u00f3n integral a pacientes de todas las edades en la zona de Forest Hills, Queens, desde hace m\u00e1s de 15 a\u00f1os. Empieza a recibir atenci\u00f3n experta ahora llamando o concertando una cita en l\u00ednea con uno de los especialistas cualificados.  <\/p>\n<\/section>\n","protected":false},"excerpt":{"rendered":"<p>La optometr\u00eda se ocupa de la salud y el funcionamiento de tus ojos. Un optometrista es tu primera parada para proteger tu visi\u00f3n. En tu visita anual al optometrista, te hacen un examen ocular para comprobar si tu visi\u00f3n ha cambiado. Si es as\u00ed, te recetan gafas o lentes de contacto. La ventaja de visitar &hellip; <\/p>\n<p class=\"link-more\"><a href=\"https:\/\/www.medexdtc.com\/es\/optometria-queens-mejores-optometristas-en-forest-hills-queens-ny\/\" class=\"more-link\">Continue reading<span class=\"screen-reader-text\"> \u00abOptometr\u00eda Queens | Mejores Optometristas en Forest Hills, Queens, NY\u00bb<\/span><\/a><\/p>\n","protected":false},"author":3,"featured_media":0,"parent":0,"menu_order":0,"comment_status":"closed","ping_status":"closed","template":"new_inner.php","meta":{"_acf_changed":false,"footnotes":""},"class_list":["post-4439","page","type-page","status-publish","hentry"],"acf":[],"yoast_head":"<!-- This site is optimized with the Yoast SEO plugin v27.5 - https:\/\/yoast.com\/product\/yoast-seo-wordpress\/ -->\n<title>Optometr\u00eda Queens | Mejores Optometristas en Forest Hills, Queens, NY<\/title>\n<meta name=\"description\" content=\"Consulta de optometr\u00eda en Forest Hills, Queens NY, centrada principalmente en ex\u00e1menes oculares y pruebas de visi\u00f3n. Nuestros optometristas aceptan los principales seguros.\" \/>\n<meta name=\"robots\" content=\"index, follow, max-snippet:-1, max-image-preview:large, max-video-preview:-1\" \/>\n<link rel=\"canonical\" href=\"https:\/\/www.medexdtc.com\/es\/optometria-queens-mejores-optometristas-en-forest-hills-queens-ny\/\" \/>\n<meta property=\"og:locale\" content=\"es_ES\" \/>\n<meta property=\"og:type\" content=\"article\" \/>\n<meta property=\"og:title\" content=\"Optometr\u00eda Queens | Mejores Optometristas en Forest Hills, Queens, NY\" \/>\n<meta property=\"og:description\" content=\"Consulta de optometr\u00eda en Forest Hills, Queens NY, centrada principalmente en ex\u00e1menes oculares y pruebas de visi\u00f3n. Nuestros optometristas aceptan los principales seguros.\" \/>\n<meta property=\"og:url\" content=\"https:\/\/www.medexdtc.com\/es\/optometria-queens-mejores-optometristas-en-forest-hills-queens-ny\/\" \/>\n<meta property=\"og:site_name\" content=\"Medex Diagnostic and Treatment Center - Queens Medical Center - Medical Clinic in Forest Hills, NY\" \/>\n<meta property=\"article:publisher\" content=\"https:\/\/www.facebook.com\/medexny\" \/>\n<meta property=\"og:image\" content=\"https:\/\/www.medexdtc.com\/wp-content\/uploads\/2021\/01\/Optometry.jpg\" \/>\n<meta name=\"twitter:card\" content=\"summary_large_image\" \/>\n<meta name=\"twitter:site\" content=\"@DtcMedex\" \/>\n<meta name=\"twitter:label1\" content=\"Tiempo de lectura\" \/>\n\t<meta name=\"twitter:data1\" content=\"7 minutos\" \/>\n<!-- \/ Yoast SEO plugin. -->","yoast_head_json":{"title":"Optometr\u00eda Queens | Mejores Optometristas en Forest Hills, Queens, NY","description":"Consulta de optometr\u00eda en Forest Hills, Queens NY, centrada principalmente en ex\u00e1menes oculares y pruebas de visi\u00f3n. Nuestros optometristas aceptan los principales seguros.","robots":{"index":"index","follow":"follow","max-snippet":"max-snippet:-1","max-image-preview":"max-image-preview:large","max-video-preview":"max-video-preview:-1"},"canonical":"https:\/\/www.medexdtc.com\/es\/optometria-queens-mejores-optometristas-en-forest-hills-queens-ny\/","og_locale":"es_ES","og_type":"article","og_title":"Optometr\u00eda Queens | Mejores Optometristas en Forest Hills, Queens, NY","og_description":"Consulta de optometr\u00eda en Forest Hills, Queens NY, centrada principalmente en ex\u00e1menes oculares y pruebas de visi\u00f3n. Nuestros optometristas aceptan los principales seguros.","og_url":"https:\/\/www.medexdtc.com\/es\/optometria-queens-mejores-optometristas-en-forest-hills-queens-ny\/","og_site_name":"Medex Diagnostic and Treatment Center - Queens Medical Center - Medical Clinic in Forest Hills, NY","article_publisher":"https:\/\/www.facebook.com\/medexny","og_image":[{"url":"https:\/\/www.medexdtc.com\/wp-content\/uploads\/2021\/01\/Optometry.jpg","type":"","width":"","height":""}],"twitter_card":"summary_large_image","twitter_site":"@DtcMedex","twitter_misc":{"Tiempo de lectura":"7 minutos"},"schema":{"@context":"https:\/\/schema.org","@graph":[{"@type":"WebPage","@id":"https:\/\/www.medexdtc.com\/es\/optometria-queens-mejores-optometristas-en-forest-hills-queens-ny\/","url":"https:\/\/www.medexdtc.com\/es\/optometria-queens-mejores-optometristas-en-forest-hills-queens-ny\/","name":"Optometr\u00eda Queens | Mejores Optometristas en Forest Hills, Queens, NY","isPartOf":{"@id":"https:\/\/www.medexdtc.com\/es\/#website"},"primaryImageOfPage":{"@id":"https:\/\/www.medexdtc.com\/es\/optometria-queens-mejores-optometristas-en-forest-hills-queens-ny\/#primaryimage"},"image":{"@id":"https:\/\/www.medexdtc.com\/es\/optometria-queens-mejores-optometristas-en-forest-hills-queens-ny\/#primaryimage"},"thumbnailUrl":"https:\/\/www.medexdtc.com\/wp-content\/uploads\/2021\/01\/Optometry.jpg","datePublished":"2020-12-28T22:15:24+00:00","description":"Consulta de optometr\u00eda en Forest Hills, Queens NY, centrada principalmente en ex\u00e1menes oculares y pruebas de visi\u00f3n. Nuestros optometristas aceptan los principales seguros.","breadcrumb":{"@id":"https:\/\/www.medexdtc.com\/es\/optometria-queens-mejores-optometristas-en-forest-hills-queens-ny\/#breadcrumb"},"inLanguage":"es","potentialAction":[{"@type":"ReadAction","target":["https:\/\/www.medexdtc.com\/es\/optometria-queens-mejores-optometristas-en-forest-hills-queens-ny\/"]}]},{"@type":"ImageObject","inLanguage":"es","@id":"https:\/\/www.medexdtc.com\/es\/optometria-queens-mejores-optometristas-en-forest-hills-queens-ny\/#primaryimage","url":"https:\/\/www.medexdtc.com\/wp-content\/uploads\/2021\/01\/Optometry.jpg","contentUrl":"https:\/\/www.medexdtc.com\/wp-content\/uploads\/2021\/01\/Optometry.jpg"},{"@type":"BreadcrumbList","@id":"https:\/\/www.medexdtc.com\/es\/optometria-queens-mejores-optometristas-en-forest-hills-queens-ny\/#breadcrumb","itemListElement":[{"@type":"ListItem","position":1,"name":"Home","item":"https:\/\/www.medexdtc.com\/es\/"},{"@type":"ListItem","position":2,"name":"Optometr\u00eda Queens | Mejores Optometristas en Forest Hills, Queens, NY"}]},{"@type":"WebSite","@id":"https:\/\/www.medexdtc.com\/es\/#website","url":"https:\/\/www.medexdtc.com\/es\/","name":"Medex DTC","description":"Medex Diagnostic and Treatment Center is a Medical Center in Queens, NY is a dynamic multi-specialty clinic. Physicians delivering high quality individualized care in Forest Hills, Queens, NY.","publisher":{"@id":"https:\/\/www.medexdtc.com\/es\/#organization"},"potentialAction":[{"@type":"SearchAction","target":{"@type":"EntryPoint","urlTemplate":"https:\/\/www.medexdtc.com\/es\/?s={search_term_string}"},"query-input":{"@type":"PropertyValueSpecification","valueRequired":true,"valueName":"search_term_string"}}],"inLanguage":"es"},{"@type":"Organization","@id":"https:\/\/www.medexdtc.com\/es\/#organization","name":"Medex DCT","url":"https:\/\/www.medexdtc.com\/es\/","logo":{"@type":"ImageObject","inLanguage":"es","@id":"https:\/\/www.medexdtc.com\/es\/#\/schema\/logo\/image\/","url":"https:\/\/www.medexdtc.com\/wp-content\/uploads\/2024\/11\/medex-diagnostic-and-treatment-center-in-queens-NY.png","contentUrl":"https:\/\/www.medexdtc.com\/wp-content\/uploads\/2024\/11\/medex-diagnostic-and-treatment-center-in-queens-NY.png","width":226,"height":47,"caption":"Medex DCT"},"image":{"@id":"https:\/\/www.medexdtc.com\/es\/#\/schema\/logo\/image\/"},"sameAs":["https:\/\/www.facebook.com\/medexny","https:\/\/x.com\/DtcMedex","https:\/\/www.instagram.com\/medexdtc\/","https:\/\/www.linkedin.com\/company\/medex-diagnostic-and-treatment-center\/about\/"]}]}},"jetpack_sharing_enabled":true,"_links":{"self":[{"href":"https:\/\/www.medexdtc.com\/es\/wp-json\/wp\/v2\/pages\/4439","targetHints":{"allow":["GET"]}}],"collection":[{"href":"https:\/\/www.medexdtc.com\/es\/wp-json\/wp\/v2\/pages"}],"about":[{"href":"https:\/\/www.medexdtc.com\/es\/wp-json\/wp\/v2\/types\/page"}],"author":[{"embeddable":true,"href":"https:\/\/www.medexdtc.com\/es\/wp-json\/wp\/v2\/users\/3"}],"replies":[{"embeddable":true,"href":"https:\/\/www.medexdtc.com\/es\/wp-json\/wp\/v2\/comments?post=4439"}],"version-history":[{"count":0,"href":"https:\/\/www.medexdtc.com\/es\/wp-json\/wp\/v2\/pages\/4439\/revisions"}],"wp:attachment":[{"href":"https:\/\/www.medexdtc.com\/es\/wp-json\/wp\/v2\/media?parent=4439"}],"curies":[{"name":"wp","href":"https:\/\/api.w.org\/{rel}","templated":true}]}}