{"id":4486,"date":"2021-05-20T14:15:43","date_gmt":"2021-05-20T09:15:43","guid":{"rendered":"https:\/\/www.medexdtc.com\/medex-dtc-medicos-de-queens\/gary-guarnaccia-md-facog\/"},"modified":"2021-05-20T14:15:43","modified_gmt":"2021-05-20T09:15:43","slug":"gary-guarnaccia-md-facog","status":"publish","type":"page","link":"https:\/\/www.medexdtc.com\/es\/medex-dtc-medicos-de-queens\/gary-guarnaccia-md-facog\/","title":{"rendered":"Gary Guarnaccia, MD, FACOG"},"content":{"rendered":"<section id=\"about-content-area-1\" class=\"about-content-area-one\">\n<div class=\"sub-container\">\n<div class=\"about-doc-panel\">\n<div class=\"doc-img-left\">\n<div class=\"about-doctor-image\"><img decoding=\"async\" class=\"attachment-post-thumbnail size-post-thumbnail wp-post-image\" src=\"https:\/\/www.medexdtc.com\/wp-content\/uploads\/2020\/09\/GaryGuarnaccia.png\" alt=\"Ginec\u00f3logo en Queens, Gary Guarnaccia, MD, FACOG\" width=\"216\" height=\"216\"><\/div>\n<\/div>\n<div class=\"doc-detail-right\">\n<div class=\"about-doctor-reviews\">\u2605\u2605\u2605\u2605\u2605<\/div>\n<div class=\"about-doctor-name\">Gary Guarnaccia, MD, FACOG<\/div>\n<div class=\"about-doctor-desig\">GINEC\u00d3LOGO-OBSTETRA<\/div>\n<div class=\"contect-sec\">\n<div>\n<div class=\"about-doct-number\"><a href=\"tel:+1718.275.8900\">718.275.8900<\/a><\/div>\n<div class=\"about-doct-address\">Forest Hills, Queens, NY<\/div>\n<\/div>\n<\/div>\n<p><a class=\"appointment-btn\" href=\"https:\/\/app.nexhealth.com\/appt\/medex-diagnostic-and-treatment-center\/p,19166851,h:y\" target=\"_blank\" rel=\"noopener\">Programa una<strong>cita en<\/strong><br \/>\n<strong><\/strong><\/a><\/p>\n<\/div>\n<\/div>\n<\/div>\n<\/section>\n<section id=\"about-content-area\" class=\"about-content-sec sub-container\">\n<div class=\"about-madex-page-sub-title\"><\/div>\n<div class=\"content-one about-editor-content\">\n<h1>Gary Guarnaccia, MD, FACOG &#8211; OB-GYN en Queens, NY<\/h1>\n<p>El Dr. Gary Guarnaccia, F.A.C.O.G., lleva m\u00e1s de 36 a\u00f1os en el campo de la Ginecolog\u00eda y ha recibido numerosos premios y honores para ser considerado uno de los mejores <a href=\"https:\/\/www.medexdtc.com\/es\/ginecologia-queens-los-mejores-ginecologos-en-forest-hills-queens-ny\/\">Ginec\u00f3logos de Queens<\/a> y de Nueva York. Ha realizado miles de intervenciones quir\u00fargicas laparosc\u00f3picas en nuestra <a href=\"https:\/\/www.medexdtc.com\/es\/\">consulta de Queens<\/a> y en los principales hospitales de Nueva York. Est\u00e1 especializado en colposcopia, criocirug\u00eda, procedimientos LEEP, D+C, reparaci\u00f3n vaginal y rejuvenecimiento vaginal. Si buscas un ginec\u00f3logo experimentado y de primera categor\u00eda, no busques m\u00e1s.   <\/p>\n<p>Calificado como Mejor M\u00e9dico por Castle Connolly los \u00faltimos 10 a\u00f1os. NY Times Super Doctor \u00faltimos 3 a\u00f1os. Especializado en todos los Procedimientos Ginecol\u00f3gicos.  <\/p>\n<p>Servicios de cirujano civil a disposici\u00f3n de los Servicios de Ciudadan\u00eda e Inmigraci\u00f3n de EE.UU. (USCIS).<\/p>\n<\/div>\n<p><!-- \n\n<div class=\"content-two sub-container\">\n\n\n<div class=\"about-title\">Conditions<\/div>\n\n\n\n\n<div class=\"condition-lists\">\n\n\n<ul><\/ul>\n\n\n<\/div>\n\n\n<\/div>\n\n\n\n\n<div class=\"content-two mt-4 sub-container\">\n\n\n<div class=\"about-title\">Treatments<\/div>\n\n\n\n\n<div class=\"condition-lists\">\n\n\n<ul><\/ul>\n\n\n<\/div>\n\n\n<\/div>\n\n\n--><\/p>\n<div class=\"content-three about-editor-content sub-container\">\n<h2 class=\"about-title\">Credenciales<\/h2>\n<h3>Educaci\u00f3n<\/h3>\n<ul>\n<li>Rutgers, Universidad Estatal de Nueva Jersey, Doctor en Medicina<\/li>\n<li>Universidad de Nueva York, Residencia en Obstetricia y Ginecolog\u00eda<\/li>\n<\/ul>\n<h3>Certificaciones de la Junta<\/h3>\n<ul>\n<li>Junta Americana de Obstetricia y Ginecolog\u00eda<\/li>\n<\/ul>\n<h3>Premios y publicaciones<\/h3>\n<ul>\n<li>NY Times \u00abSuper M\u00e9dicos\u00bb \u00daltimos 3 a\u00f1os<\/li>\n<li>Calificado como \u00abMejor M\u00e9dico\u00bb por Castle Connolly en los \u00faltimos 10 a\u00f1os<\/li>\n<li>Sociedad M\u00e9dica del Condado de Queens &#8211; Consejo de Administraci\u00f3n<\/li>\n<\/ul>\n<h2>Afecciones y tratamientos<\/h2>\n<ul>\n<li>Dolor abdominal<\/li>\n<li>Micci\u00f3n frecuente<\/li>\n<li>Seguimiento gineco-obst\u00e9trico<\/li>\n<li>Seguimiento de la menopausia<\/li>\n<li>Endometriosis<\/li>\n<li>Consulta de Ginecolog\u00eda<\/li>\n<li>Seguimiento Ginecol\u00f3gico<\/li>\n<li>P\u00f3lipo cervical<\/li>\n<li>Estudios urodin\u00e1micos<\/li>\n<li>Sangrado vaginal<\/li>\n<li>Biopsia vulvar<\/li>\n<li>Colposcopia<\/li>\n<li>Biopsia endometrial<\/li>\n<li>Fibromas<\/li>\n<li>Congelaci\u00f3n de verrugas ginecol\u00f3gicas<\/li>\n<li>Biopsia ginecol\u00f3gica<\/li>\n<li>Sangrado vaginal abundante o irregular<\/li>\n<li>Consulta de infertilidad<\/li>\n<li>Menstruaci\u00f3n irregular<\/li>\n<li>Inserci\u00f3n del DIU<\/li>\n<li>Eliminaci\u00f3n de Lunelle<\/li>\n<li>Menopausia<\/li>\n<li>Ginecolog\u00eda y Obstetricia<\/li>\n<li>Dolor de Vejiga \/ Cistitis Intersticial<\/li>\n<li>Quiste(s) ov\u00e1rico(s)<\/li>\n<li>Menstruaci\u00f3n dolorosa \/ Dismenorrea<\/li>\n<li>Detecci\u00f3n del c\u00e1ncer de mama<\/li>\n<li>Enfermedad Inflamatoria P\u00e9lvica \/ Endometritis<\/li>\n<li>Dolor p\u00e9lvico<\/li>\n<li>Ecograf\u00eda p\u00e9lvica<\/li>\n<li>Hemorragia posmenop\u00e1usica<\/li>\n<li>Visita posparto<\/li>\n<li>S\u00edndrome premenstrual (SPM) \/ Trastorno disf\u00f3rico premenstrual (TDPM)<\/li>\n<li>Detecci\u00f3n del c\u00e1ncer de ovario<\/li>\n<li>Extracci\u00f3n del DIU<\/li>\n<li>Procedimiento LEEP (por citolog\u00eda vaginal anormal)<\/li>\n<li>Histeroscopia<\/li>\n<li>An\u00e1lisis de sangre<\/li>\n<li>Depresi\u00f3n postparto<\/li>\n<li>Consulta sobre terapia hormonal sustitutiva<\/li>\n<li>Prueba de embarazo<\/li>\n<\/ul>\n<\/div>\n<\/section>\n","protected":false},"excerpt":{"rendered":"<p>\u2605\u2605\u2605\u2605\u2605 Gary Guarnaccia, MD, FACOG GINEC\u00d3LOGO-OBSTETRA 718.275.8900 Forest Hills, Queens, NY Programa unacita en Gary Guarnaccia, MD, FACOG &#8211; OB-GYN en Queens, NY El Dr. Gary Guarnaccia, F.A.C.O.G., lleva m\u00e1s de 36 a\u00f1os en el campo de la Ginecolog\u00eda y ha recibido numerosos premios y honores para ser considerado uno de los mejores Ginec\u00f3logos de &hellip; <\/p>\n<p class=\"link-more\"><a href=\"https:\/\/www.medexdtc.com\/es\/medex-dtc-medicos-de-queens\/gary-guarnaccia-md-facog\/\" class=\"more-link\">Continue reading<span class=\"screen-reader-text\"> \u00abGary Guarnaccia, MD, FACOG\u00bb<\/span><\/a><\/p>\n","protected":false},"author":3,"featured_media":0,"parent":4364,"menu_order":0,"comment_status":"closed","ping_status":"closed","template":"doctor-full-width.php","meta":{"_acf_changed":false,"footnotes":""},"class_list":["post-4486","page","type-page","status-publish","hentry"],"acf":[],"yoast_head":"<!-- This site is optimized with the Yoast SEO plugin v27.3 - https:\/\/yoast.com\/product\/yoast-seo-wordpress\/ -->\n<title>Gary Guarnaccia, MD, FACOG - Ginec\u00f3logo en Forest Hills, Queens, NY<\/title>\n<meta name=\"description\" content=\"El Dr. Gary Guarnaccia ha estado en el campo de la Ginecolog\u00eda durante m\u00e1s de 36 a\u00f1os y ha recibido numerosos premios y honores para ser calificado como uno de los mejores Ginec\u00f3logos en Forest Hills, Queens, NY\" \/>\n<meta name=\"robots\" content=\"index, follow, max-snippet:-1, max-image-preview:large, max-video-preview:-1\" \/>\n<link rel=\"canonical\" href=\"https:\/\/www.medexdtc.com\/es\/medex-dtc-medicos-de-queens\/gary-guarnaccia-md-facog\/\" \/>\n<meta property=\"og:locale\" content=\"es_ES\" \/>\n<meta property=\"og:type\" content=\"article\" \/>\n<meta property=\"og:title\" content=\"Gary Guarnaccia, MD, FACOG - Ginec\u00f3logo en Forest Hills, Queens, NY\" \/>\n<meta property=\"og:description\" content=\"El Dr. Gary Guarnaccia ha estado en el campo de la Ginecolog\u00eda durante m\u00e1s de 36 a\u00f1os y ha recibido numerosos premios y honores para ser calificado como uno de los mejores Ginec\u00f3logos en Forest Hills, Queens, NY\" \/>\n<meta property=\"og:url\" content=\"https:\/\/www.medexdtc.com\/es\/medex-dtc-medicos-de-queens\/gary-guarnaccia-md-facog\/\" \/>\n<meta property=\"og:site_name\" content=\"Medex Diagnostic and Treatment Center - Queens Medical Center - Medical Clinic in Forest Hills, NY\" \/>\n<meta property=\"article:publisher\" content=\"https:\/\/www.facebook.com\/medexny\" \/>\n<meta property=\"og:image\" content=\"https:\/\/www.medexdtc.com\/wp-content\/uploads\/2020\/09\/GaryGuarnaccia.png\" \/>\n<meta name=\"twitter:card\" content=\"summary_large_image\" \/>\n<meta name=\"twitter:site\" content=\"@DtcMedex\" \/>\n<meta name=\"twitter:label1\" content=\"Tiempo de lectura\" \/>\n\t<meta name=\"twitter:data1\" content=\"2 minutos\" \/>\n<!-- \/ Yoast SEO plugin. -->","yoast_head_json":{"title":"Gary Guarnaccia, MD, FACOG - Ginec\u00f3logo en Forest Hills, Queens, NY","description":"El Dr. Gary Guarnaccia ha estado en el campo de la Ginecolog\u00eda durante m\u00e1s de 36 a\u00f1os y ha recibido numerosos premios y honores para ser calificado como uno de los mejores Ginec\u00f3logos en Forest Hills, Queens, NY","robots":{"index":"index","follow":"follow","max-snippet":"max-snippet:-1","max-image-preview":"max-image-preview:large","max-video-preview":"max-video-preview:-1"},"canonical":"https:\/\/www.medexdtc.com\/es\/medex-dtc-medicos-de-queens\/gary-guarnaccia-md-facog\/","og_locale":"es_ES","og_type":"article","og_title":"Gary Guarnaccia, MD, FACOG - Ginec\u00f3logo en Forest Hills, Queens, NY","og_description":"El Dr. Gary Guarnaccia ha estado en el campo de la Ginecolog\u00eda durante m\u00e1s de 36 a\u00f1os y ha recibido numerosos premios y honores para ser calificado como uno de los mejores Ginec\u00f3logos en Forest Hills, Queens, NY","og_url":"https:\/\/www.medexdtc.com\/es\/medex-dtc-medicos-de-queens\/gary-guarnaccia-md-facog\/","og_site_name":"Medex Diagnostic and Treatment Center - Queens Medical Center - Medical Clinic in Forest Hills, NY","article_publisher":"https:\/\/www.facebook.com\/medexny","og_image":[{"url":"https:\/\/www.medexdtc.com\/wp-content\/uploads\/2020\/09\/GaryGuarnaccia.png","type":"","width":"","height":""}],"twitter_card":"summary_large_image","twitter_site":"@DtcMedex","twitter_misc":{"Tiempo de lectura":"2 minutos"},"schema":{"@context":"https:\/\/schema.org","@graph":[{"@type":"WebPage","@id":"https:\/\/www.medexdtc.com\/es\/medex-dtc-medicos-de-queens\/gary-guarnaccia-md-facog\/","url":"https:\/\/www.medexdtc.com\/es\/medex-dtc-medicos-de-queens\/gary-guarnaccia-md-facog\/","name":"Gary Guarnaccia, MD, FACOG - Ginec\u00f3logo en Forest Hills, Queens, NY","isPartOf":{"@id":"https:\/\/www.medexdtc.com\/es\/#website"},"primaryImageOfPage":{"@id":"https:\/\/www.medexdtc.com\/es\/medex-dtc-medicos-de-queens\/gary-guarnaccia-md-facog\/#primaryimage"},"image":{"@id":"https:\/\/www.medexdtc.com\/es\/medex-dtc-medicos-de-queens\/gary-guarnaccia-md-facog\/#primaryimage"},"thumbnailUrl":"https:\/\/www.medexdtc.com\/wp-content\/uploads\/2020\/09\/GaryGuarnaccia.png","datePublished":"2021-05-20T09:15:43+00:00","description":"El Dr. Gary Guarnaccia ha estado en el campo de la Ginecolog\u00eda durante m\u00e1s de 36 a\u00f1os y ha recibido numerosos premios y honores para ser calificado como uno de los mejores Ginec\u00f3logos en Forest Hills, Queens, NY","breadcrumb":{"@id":"https:\/\/www.medexdtc.com\/es\/medex-dtc-medicos-de-queens\/gary-guarnaccia-md-facog\/#breadcrumb"},"inLanguage":"es","potentialAction":[{"@type":"ReadAction","target":["https:\/\/www.medexdtc.com\/es\/medex-dtc-medicos-de-queens\/gary-guarnaccia-md-facog\/"]}]},{"@type":"ImageObject","inLanguage":"es","@id":"https:\/\/www.medexdtc.com\/es\/medex-dtc-medicos-de-queens\/gary-guarnaccia-md-facog\/#primaryimage","url":"https:\/\/www.medexdtc.com\/wp-content\/uploads\/2020\/09\/GaryGuarnaccia.png","contentUrl":"https:\/\/www.medexdtc.com\/wp-content\/uploads\/2020\/09\/GaryGuarnaccia.png"},{"@type":"BreadcrumbList","@id":"https:\/\/www.medexdtc.com\/es\/medex-dtc-medicos-de-queens\/gary-guarnaccia-md-facog\/#breadcrumb","itemListElement":[{"@type":"ListItem","position":1,"name":"Home","item":"https:\/\/www.medexdtc.com\/es\/"},{"@type":"ListItem","position":2,"name":"Medex DTC M\u00e9dicos de Queens","item":"https:\/\/www.medexdtc.com\/es\/medex-dtc-medicos-de-queens\/"},{"@type":"ListItem","position":3,"name":"Gary Guarnaccia, MD, FACOG"}]},{"@type":"WebSite","@id":"https:\/\/www.medexdtc.com\/es\/#website","url":"https:\/\/www.medexdtc.com\/es\/","name":"Medex DTC","description":"Medex Diagnostic and Treatment Center is a Medical Center in Queens, NY is a dynamic multi-specialty clinic. Physicians delivering high quality individualized care in Forest Hills, Queens, NY.","publisher":{"@id":"https:\/\/www.medexdtc.com\/es\/#organization"},"potentialAction":[{"@type":"SearchAction","target":{"@type":"EntryPoint","urlTemplate":"https:\/\/www.medexdtc.com\/es\/?s={search_term_string}"},"query-input":{"@type":"PropertyValueSpecification","valueRequired":true,"valueName":"search_term_string"}}],"inLanguage":"es"},{"@type":"Organization","@id":"https:\/\/www.medexdtc.com\/es\/#organization","name":"Medex DCT","url":"https:\/\/www.medexdtc.com\/es\/","logo":{"@type":"ImageObject","inLanguage":"es","@id":"https:\/\/www.medexdtc.com\/es\/#\/schema\/logo\/image\/","url":"https:\/\/www.medexdtc.com\/wp-content\/uploads\/2024\/11\/medex-diagnostic-and-treatment-center-in-queens-NY.png","contentUrl":"https:\/\/www.medexdtc.com\/wp-content\/uploads\/2024\/11\/medex-diagnostic-and-treatment-center-in-queens-NY.png","width":226,"height":47,"caption":"Medex DCT"},"image":{"@id":"https:\/\/www.medexdtc.com\/es\/#\/schema\/logo\/image\/"},"sameAs":["https:\/\/www.facebook.com\/medexny","https:\/\/x.com\/DtcMedex","https:\/\/www.instagram.com\/medexdtc\/","https:\/\/www.linkedin.com\/company\/medex-diagnostic-and-treatment-center\/about\/"]}]}},"jetpack_sharing_enabled":true,"_links":{"self":[{"href":"https:\/\/www.medexdtc.com\/es\/wp-json\/wp\/v2\/pages\/4486","targetHints":{"allow":["GET"]}}],"collection":[{"href":"https:\/\/www.medexdtc.com\/es\/wp-json\/wp\/v2\/pages"}],"about":[{"href":"https:\/\/www.medexdtc.com\/es\/wp-json\/wp\/v2\/types\/page"}],"author":[{"embeddable":true,"href":"https:\/\/www.medexdtc.com\/es\/wp-json\/wp\/v2\/users\/3"}],"replies":[{"embeddable":true,"href":"https:\/\/www.medexdtc.com\/es\/wp-json\/wp\/v2\/comments?post=4486"}],"version-history":[{"count":0,"href":"https:\/\/www.medexdtc.com\/es\/wp-json\/wp\/v2\/pages\/4486\/revisions"}],"up":[{"embeddable":true,"href":"https:\/\/www.medexdtc.com\/es\/wp-json\/wp\/v2\/pages\/4364"}],"wp:attachment":[{"href":"https:\/\/www.medexdtc.com\/es\/wp-json\/wp\/v2\/media?parent=4486"}],"curies":[{"name":"wp","href":"https:\/\/api.w.org\/{rel}","templated":true}]}}