{"id":4488,"date":"2021-06-17T13:51:18","date_gmt":"2021-06-17T08:51:18","guid":{"rendered":"https:\/\/www.medexdtc.com\/medex-dtc-medicos-de-queens\/dr-william-turner\/"},"modified":"2021-06-17T13:51:18","modified_gmt":"2021-06-17T08:51:18","slug":"dr-william-turner","status":"publish","type":"page","link":"https:\/\/www.medexdtc.com\/es\/medex-dtc-medicos-de-queens\/dr-william-turner\/","title":{"rendered":"Dr. William Turner"},"content":{"rendered":"<section id=\"about-content-area-1\" class=\"about-content-area-one\">\n<div class=\"sub-container\">\n<div class=\"about-doc-panel\">\n<div class=\"doc-img-left\">\n<div class=\"about-doctor-image\"><img decoding=\"async\" class=\"attachment-post-thumbnail size-post-thumbnail wp-post-image\" src=\"https:\/\/www.medexdtc.com\/wp-content\/uploads\/2021\/06\/Dr-Turner-Picture.png\" alt=\"Dr. William Turner\" width=\"216\" height=\"216\"><\/div>\n<\/div>\n<div class=\"doc-detail-right\">\n<div class=\"about-doctor-reviews\">\u2605\u2605\u2605\u2605\u2605<\/div>\n<div class=\"about-doctor-name\">Dr. William Turner<\/div>\n<div class=\"about-doctor-desig\">M\u00e9dico de Atenci\u00f3n Primaria<\/div>\n<div class=\"contect-sec\">\n<div>\n<div class=\"about-doct-number\"><a href=\"tel:+1718.275.8900\">718.275.8900<\/a><\/div>\n<div class=\"about-doct-address\">Forest Hills, Queens, NY<\/div>\n<\/div>\n<\/div>\n<p><a class=\"appointment-btn\" href=\"https:\/\/app.nexhealth.com\/appt\/medex-diagnostic-and-treatment-center?pid=64082684\" target=\"_blank\" rel=\"noopener\">Programa una<strong>cita en<\/strong><br \/>\n<strong><\/strong><\/a><\/p>\n<\/div>\n<\/div>\n<\/div>\n<\/section>\n<section id=\"about-content-area\" class=\"about-content-sec sub-container\">\n<div class=\"about-madex-page-sub-title\"><\/div>\n<div class=\"content-one about-editor-content\">\n<h1>William Turner, MD M\u00e9dico de Atenci\u00f3n Primaria en Queens, NY<\/h1>\n<\/div>\n<div class=\"content-three about-editor-content sub-container\">\n<p class=\"about-title\"><strong>Credenciales<\/strong><\/p>\n<h3>Especialidades<\/h3>\n<p><a href=\"https:\/\/www.medexdtc.com\/primary-care\/\">M\u00e9dico de Atenci\u00f3n Primaria<\/a><\/p>\n<h3>Nombres de pr\u00e1cticas<\/h3>\n<p>Centro de Diagn\u00f3stico y Tratamiento Medex<\/p>\n<h3>Educaci\u00f3n\/Residencias<\/h3>\n<ul>\n<li>Licenciada en Bioqu\u00edmica, Universidad A&amp;M de Texas, College Station, TX, 1986<\/li>\n<li>Escuela de Postgrado, programa de Higiene Industrial, Universidad A&amp;M de Texas, 1989-1990<\/li>\n<li>Doctor en Medicina, Rama M\u00e9dica de la Universidad de Texas, Galveston, TX, 1995<\/li>\n<li>Residencia en Cirug\u00eda General, Facultad de Medicina de la Universidad de Washington, St. Louis, MO, 6\/95-6\/98<\/li>\n<li>Becario de Cirug\u00eda Pl\u00e1stica, Centro de Ciencias de la Salud de la Universidad A&amp;M de Texas, Temple, Texas, 7\/01\/99-6\/30\/2000<\/li>\n<li><strong>Residencia en Medicina de Urgencias, Facultad de Medicina de la Universidad de Washington, St. Louis, MO, 6\/01-6\/04<\/strong><\/li>\n<li><strong>Certificaci\u00f3n de la Junta, 12\/2005, recertificada en 2015, Medicina de Urgencias, Junta Americana de Medicina de Urgencias. Caduca 12\/2025 <\/strong><\/li>\n<li>Licenciada en Econom\u00eda, Estado de Oreg\u00f3n<\/li>\n<\/ul>\n<h3>Publicaciones<\/h3>\n<ul>\n<li>Turner W, Duke J: El sistema nervioso aut\u00f3nomo. En Duke J, Rosenberg S (ed): Secretos de Anestesia, Filadelfia, Hanley &amp; Belfus, 1996, pp 1-5., ED 1,2 <\/li>\n<\/ul>\n<h3>Honores<\/h3>\n<ul>\n<li>Sociedad Nacional de Honor M\u00e9dico Alfa Omega Alfa<\/li>\n<li>Lista del Decano y 10% de los mejores de la clase en la rama m\u00e9dica de la Universidad de Texas en Galveston (UTMB)<\/li>\n<li>Matr\u00edcula de Honor en Medicina Interna y Cirug\u00eda, UTMB, 1994<\/li>\n<li>Beca Acad\u00e9mica, UTMB, 1991-94<\/li>\n<li>Consejo de Honor del Decano de UTMB<\/li>\n<li>10% mejor clasificado a nivel nacional en el MCAT y en el USMLE Step 1<\/li>\n<li>Revisor del Curso de Endocrinolog\u00eda M\u00e9dica, UTMB, 1992<\/li>\n<li>Sociedad de Honor Phi Eta Sigma, Lista del Decano en la Universidad A&amp;M de Texas<\/li>\n<\/ul>\n<h2>Afecciones y tratamientos<\/h2>\n<ul>\n<li>Enfermedad<\/li>\n<li>Examen f\u00edsico anual<\/li>\n<li>Receta \/ Recarga<\/li>\n<li>Chequeo previo al viaje<\/li>\n<li>Consulta General<\/li>\n<li>Acn\u00e9<\/li>\n<li>Psoriasis<\/li>\n<li>Infecci\u00f3n de o\u00eddo<\/li>\n<li>Ronquera \/ Trastorno de la voz<\/li>\n<li>Problemas de audici\u00f3n \/ zumbido de o\u00eddos<\/li>\n<li>Problemas de sinusitis \/ Sinusitis<\/li>\n<li>Vacuna antigripal<\/li>\n<li>Enfermedades de Transmisi\u00f3n Sexual (ETS)<\/li>\n<li>Consulta de alergia<\/li>\n<li>Tos al\u00e9rgica<\/li>\n<li>Eczema<\/li>\n<li>Alergia alimentaria<\/li>\n<li>Adicci\u00f3n \/ Abuso de sustancias<\/li>\n<li>Dolor de pies<\/li>\n<li>Juanete<\/li>\n<li>Artritis<\/li>\n<li>Revisi\u00f3n de colesterol \/ l\u00edpidos<\/li>\n<li>Tensi\u00f3n arterial alta \/ Hipertensi\u00f3n<\/li>\n<li>Asma<\/li>\n<li>Enfisema<\/li>\n<li>Neumon\u00eda<\/li>\n<li>Migra\u00f1a<\/li>\n<li>Consulta previa al viaje<\/li>\n<li>Segunda opini\u00f3n<\/li>\n<li>Consulta sobre diabetes<\/li>\n<li>Dolor de garganta<\/li>\n<li>Revisi\u00f3n Prequir\u00fargica \/ Autorizaci\u00f3n Prequir\u00fargica<\/li>\n<li>Infecci\u00f3n del tracto urinario (ITU)<\/li>\n<li>Taburete negro \/ Melena<\/li>\n<li>Detecci\u00f3n del c\u00e1ncer de colon<\/li>\n<li>Incontinencia<\/li>\n<li>Absceso<\/li>\n<li>Alcoholismo<\/li>\n<li>Micci\u00f3n frecuente<\/li>\n<li>S\u00edndrome del intestino irritable<\/li>\n<li>Seguimiento general<\/li>\n<li>Seguimiento previo al viaje<\/li>\n<li>Seguimiento de la diabetes<\/li>\n<li>Visita anual de bienestar de Medicare<\/li>\n<li>Visita anual de bienestar (para pacientes de Medicare)<\/li>\n<li>Intolerancia alimentaria<\/li>\n<li>Prueba COVID-19<\/li>\n<li>Prueba de anticuerpos COVID-19<\/li>\n<\/ul>\n<\/div>\n<\/section>\n","protected":false},"excerpt":{"rendered":"<p>\u2605\u2605\u2605\u2605\u2605 Dr. William Turner M\u00e9dico de Atenci\u00f3n Primaria 718.275.8900 Forest Hills, Queens, NY Programa unacita en William Turner, MD M\u00e9dico de Atenci\u00f3n Primaria en Queens, NY Credenciales Especialidades M\u00e9dico de Atenci\u00f3n Primaria Nombres de pr\u00e1cticas Centro de Diagn\u00f3stico y Tratamiento Medex Educaci\u00f3n\/Residencias Licenciada en Bioqu\u00edmica, Universidad A&amp;M de Texas, College Station, TX, 1986 Escuela de &hellip; <\/p>\n<p class=\"link-more\"><a href=\"https:\/\/www.medexdtc.com\/es\/medex-dtc-medicos-de-queens\/dr-william-turner\/\" class=\"more-link\">Continue reading<span class=\"screen-reader-text\"> \u00abDr. William Turner\u00bb<\/span><\/a><\/p>\n","protected":false},"author":3,"featured_media":0,"parent":4364,"menu_order":0,"comment_status":"closed","ping_status":"closed","template":"doctor-full-width.php","meta":{"_acf_changed":false,"footnotes":""},"class_list":["post-4488","page","type-page","status-publish","hentry"],"acf":[],"yoast_head":"<!-- This site is optimized with the Yoast SEO plugin v27.5 - https:\/\/yoast.com\/product\/yoast-seo-wordpress\/ -->\n<title>William Turner, MD - Centro M\u00e9dico de Especialidades M\u00faltiples en Queens, NY | Medex<\/title>\n<meta name=\"description\" content=\"Fisiatra en Forest Hills, Queens, NY William Turner, MD trata trastornos de depresi\u00f3n, ansiedad, trastornos de personalidad, trastornos psiqui\u00e1tricos, problemas cognitivos, hipocondr\u00eda.\" \/>\n<meta name=\"robots\" content=\"index, follow, max-snippet:-1, max-image-preview:large, max-video-preview:-1\" \/>\n<link rel=\"canonical\" href=\"https:\/\/www.medexdtc.com\/es\/medex-dtc-medicos-de-queens\/dr-william-turner\/\" \/>\n<meta property=\"og:locale\" content=\"es_ES\" \/>\n<meta property=\"og:type\" content=\"article\" \/>\n<meta property=\"og:title\" content=\"William Turner, MD - Centro M\u00e9dico de Especialidades M\u00faltiples en Queens, NY | Medex\" \/>\n<meta property=\"og:description\" content=\"Fisiatra en Forest Hills, Queens, NY William Turner, MD trata trastornos de depresi\u00f3n, ansiedad, trastornos de personalidad, trastornos psiqui\u00e1tricos, problemas cognitivos, hipocondr\u00eda.\" \/>\n<meta property=\"og:url\" content=\"https:\/\/www.medexdtc.com\/es\/medex-dtc-medicos-de-queens\/dr-william-turner\/\" \/>\n<meta property=\"og:site_name\" content=\"Medex Diagnostic and Treatment Center - Queens Medical Center - Medical Clinic in Forest Hills, NY\" \/>\n<meta property=\"article:publisher\" content=\"https:\/\/www.facebook.com\/medexny\" \/>\n<meta property=\"og:image\" content=\"https:\/\/www.medexdtc.com\/wp-content\/uploads\/2021\/06\/Dr-Turner-Picture.png\" \/>\n<meta name=\"twitter:card\" content=\"summary_large_image\" \/>\n<meta name=\"twitter:site\" content=\"@DtcMedex\" \/>\n<meta name=\"twitter:label1\" content=\"Tiempo de lectura\" \/>\n\t<meta name=\"twitter:data1\" content=\"2 minutos\" \/>\n<!-- \/ Yoast SEO plugin. -->","yoast_head_json":{"title":"William Turner, MD - Centro M\u00e9dico de Especialidades M\u00faltiples en Queens, NY | Medex","description":"Fisiatra en Forest Hills, Queens, NY William Turner, MD trata trastornos de depresi\u00f3n, ansiedad, trastornos de personalidad, trastornos psiqui\u00e1tricos, problemas cognitivos, hipocondr\u00eda.","robots":{"index":"index","follow":"follow","max-snippet":"max-snippet:-1","max-image-preview":"max-image-preview:large","max-video-preview":"max-video-preview:-1"},"canonical":"https:\/\/www.medexdtc.com\/es\/medex-dtc-medicos-de-queens\/dr-william-turner\/","og_locale":"es_ES","og_type":"article","og_title":"William Turner, MD - Centro M\u00e9dico de Especialidades M\u00faltiples en Queens, NY | Medex","og_description":"Fisiatra en Forest Hills, Queens, NY William Turner, MD trata trastornos de depresi\u00f3n, ansiedad, trastornos de personalidad, trastornos psiqui\u00e1tricos, problemas cognitivos, hipocondr\u00eda.","og_url":"https:\/\/www.medexdtc.com\/es\/medex-dtc-medicos-de-queens\/dr-william-turner\/","og_site_name":"Medex Diagnostic and Treatment Center - Queens Medical Center - Medical Clinic in Forest Hills, NY","article_publisher":"https:\/\/www.facebook.com\/medexny","og_image":[{"url":"https:\/\/www.medexdtc.com\/wp-content\/uploads\/2021\/06\/Dr-Turner-Picture.png","type":"","width":"","height":""}],"twitter_card":"summary_large_image","twitter_site":"@DtcMedex","twitter_misc":{"Tiempo de lectura":"2 minutos"},"schema":{"@context":"https:\/\/schema.org","@graph":[{"@type":"WebPage","@id":"https:\/\/www.medexdtc.com\/es\/medex-dtc-medicos-de-queens\/dr-william-turner\/","url":"https:\/\/www.medexdtc.com\/es\/medex-dtc-medicos-de-queens\/dr-william-turner\/","name":"William Turner, MD - Centro M\u00e9dico de Especialidades M\u00faltiples en Queens, NY | Medex","isPartOf":{"@id":"https:\/\/www.medexdtc.com\/es\/#website"},"primaryImageOfPage":{"@id":"https:\/\/www.medexdtc.com\/es\/medex-dtc-medicos-de-queens\/dr-william-turner\/#primaryimage"},"image":{"@id":"https:\/\/www.medexdtc.com\/es\/medex-dtc-medicos-de-queens\/dr-william-turner\/#primaryimage"},"thumbnailUrl":"https:\/\/www.medexdtc.com\/wp-content\/uploads\/2021\/06\/Dr-Turner-Picture.png","datePublished":"2021-06-17T08:51:18+00:00","description":"Fisiatra en Forest Hills, Queens, NY William Turner, MD trata trastornos de depresi\u00f3n, ansiedad, trastornos de personalidad, trastornos psiqui\u00e1tricos, problemas cognitivos, hipocondr\u00eda.","breadcrumb":{"@id":"https:\/\/www.medexdtc.com\/es\/medex-dtc-medicos-de-queens\/dr-william-turner\/#breadcrumb"},"inLanguage":"es","potentialAction":[{"@type":"ReadAction","target":["https:\/\/www.medexdtc.com\/es\/medex-dtc-medicos-de-queens\/dr-william-turner\/"]}]},{"@type":"ImageObject","inLanguage":"es","@id":"https:\/\/www.medexdtc.com\/es\/medex-dtc-medicos-de-queens\/dr-william-turner\/#primaryimage","url":"https:\/\/www.medexdtc.com\/wp-content\/uploads\/2021\/06\/Dr-Turner-Picture.png","contentUrl":"https:\/\/www.medexdtc.com\/wp-content\/uploads\/2021\/06\/Dr-Turner-Picture.png"},{"@type":"BreadcrumbList","@id":"https:\/\/www.medexdtc.com\/es\/medex-dtc-medicos-de-queens\/dr-william-turner\/#breadcrumb","itemListElement":[{"@type":"ListItem","position":1,"name":"Home","item":"https:\/\/www.medexdtc.com\/es\/"},{"@type":"ListItem","position":2,"name":"Medex DTC M\u00e9dicos de Queens","item":"https:\/\/www.medexdtc.com\/es\/medex-dtc-medicos-de-queens\/"},{"@type":"ListItem","position":3,"name":"Dr. William Turner"}]},{"@type":"WebSite","@id":"https:\/\/www.medexdtc.com\/es\/#website","url":"https:\/\/www.medexdtc.com\/es\/","name":"Medex DTC","description":"Medex Diagnostic and Treatment Center is a Medical Center in Queens, NY is a dynamic multi-specialty clinic. Physicians delivering high quality individualized care in Forest Hills, Queens, NY.","publisher":{"@id":"https:\/\/www.medexdtc.com\/es\/#organization"},"potentialAction":[{"@type":"SearchAction","target":{"@type":"EntryPoint","urlTemplate":"https:\/\/www.medexdtc.com\/es\/?s={search_term_string}"},"query-input":{"@type":"PropertyValueSpecification","valueRequired":true,"valueName":"search_term_string"}}],"inLanguage":"es"},{"@type":"Organization","@id":"https:\/\/www.medexdtc.com\/es\/#organization","name":"Medex DCT","url":"https:\/\/www.medexdtc.com\/es\/","logo":{"@type":"ImageObject","inLanguage":"es","@id":"https:\/\/www.medexdtc.com\/es\/#\/schema\/logo\/image\/","url":"https:\/\/www.medexdtc.com\/wp-content\/uploads\/2024\/11\/medex-diagnostic-and-treatment-center-in-queens-NY.png","contentUrl":"https:\/\/www.medexdtc.com\/wp-content\/uploads\/2024\/11\/medex-diagnostic-and-treatment-center-in-queens-NY.png","width":226,"height":47,"caption":"Medex DCT"},"image":{"@id":"https:\/\/www.medexdtc.com\/es\/#\/schema\/logo\/image\/"},"sameAs":["https:\/\/www.facebook.com\/medexny","https:\/\/x.com\/DtcMedex","https:\/\/www.instagram.com\/medexdtc\/","https:\/\/www.linkedin.com\/company\/medex-diagnostic-and-treatment-center\/about\/"]}]}},"jetpack_sharing_enabled":true,"_links":{"self":[{"href":"https:\/\/www.medexdtc.com\/es\/wp-json\/wp\/v2\/pages\/4488","targetHints":{"allow":["GET"]}}],"collection":[{"href":"https:\/\/www.medexdtc.com\/es\/wp-json\/wp\/v2\/pages"}],"about":[{"href":"https:\/\/www.medexdtc.com\/es\/wp-json\/wp\/v2\/types\/page"}],"author":[{"embeddable":true,"href":"https:\/\/www.medexdtc.com\/es\/wp-json\/wp\/v2\/users\/3"}],"replies":[{"embeddable":true,"href":"https:\/\/www.medexdtc.com\/es\/wp-json\/wp\/v2\/comments?post=4488"}],"version-history":[{"count":0,"href":"https:\/\/www.medexdtc.com\/es\/wp-json\/wp\/v2\/pages\/4488\/revisions"}],"up":[{"embeddable":true,"href":"https:\/\/www.medexdtc.com\/es\/wp-json\/wp\/v2\/pages\/4364"}],"wp:attachment":[{"href":"https:\/\/www.medexdtc.com\/es\/wp-json\/wp\/v2\/media?parent=4488"}],"curies":[{"name":"wp","href":"https:\/\/api.w.org\/{rel}","templated":true}]}}