{"id":4491,"date":"2020-11-11T21:37:57","date_gmt":"2020-11-11T16:37:57","guid":{"rendered":"https:\/\/www.medexdtc.com\/pmr-medicina-fisica-y-rehabilitacion-en-forest-hills-queens-ny\/"},"modified":"2020-11-11T21:37:57","modified_gmt":"2020-11-11T16:37:57","slug":"pmr-medicina-fisica-y-rehabilitacion-en-forest-hills-queens-ny","status":"publish","type":"page","link":"https:\/\/www.medexdtc.com\/es\/pmr-medicina-fisica-y-rehabilitacion-en-forest-hills-queens-ny\/","title":{"rendered":"PM&amp;R Medicina F\u00edsica y Rehabilitaci\u00f3n en Forest Hills, Queens, NY"},"content":{"rendered":"<section id=\"about-madex-content-area\" class=\"about-madex-content-sec\">\n<div class=\"treatment-boxes about-madex-boxes\"><img fetchpriority=\"high\" decoding=\"async\" class=\"about-madex-images alignnone\" src=\"https:\/\/www.medexdtc.com\/wp-content\/uploads\/2020\/11\/pmr.jpg\" alt=\"Medicina de Rehabilitaci\u00f3n de Nueva York. M\u00e9dico PMR en Queens, NY. Centro de Diagn\u00f3stico y Tratamiento Medex.\" width=\"585\" height=\"615\"><\/p>\n<div>\n<p class=\"treatment-box-para\">Con demasiada frecuencia, los m\u00e9dicos especializados en el tratamiento del dolor se limitan a recetar medicamentos para enmascarar tu dolor. Cuando elijas consultar a un m\u00e9dico especializado en medicina f\u00edsica y rehabilitaci\u00f3n, descubrir\u00e1s la causa de tu dolor, aprender\u00e1s medidas para evitar que se apodere de tu vida y comenzar\u00e1s un plan de tratamiento dise\u00f1ado espec\u00edficamente para ti. En el Centro de Diagn\u00f3stico y Tratamiento Medex de Queens (Nueva York), tu m\u00e9dico especialista en PMR se propone eliminar tu dolor o hacerlo manejable con cambios en el estilo de vida, fisioterapia y medicaci\u00f3n, si es necesario. Tu m\u00e9dico especialista en alivio del dolor de Medex te ayuda a encontrar un equilibrio saludable en tu vida, tanto f\u00edsica como mentalmente, cuando te enfrentas a retos dolorosos. Llama a la consulta multidisciplinar para una consulta.    <\/p>\n<\/div>\n<\/div>\n<\/section>\n<section id=\"treatment-page-content-area-1\" class=\"treatment-page-content-area-one\">\n<blockquote><p><strong>Nota<\/strong>:  <em>Los m\u00e9dicos de PMR de Queens en Medex, situado en Forest Hills, Queens, NY, aceptan <strong>los principales seguros, incluidos Medicare, Medicaid, HIP, Emblemhealth, GHI, MetroPlus y Fidelis<\/strong>. Nuestros especialistas en rehabilitaci\u00f3n mejor valorados ofrecen una gama completa de procedimientos m\u00e9dicos y se encuentran entre los mejores m\u00e9dicos de medicina f\u00edsica de la regi\u00f3n. <\/em><\/p><\/blockquote>\n<h2>\u00bfEs lo mismo PM&amp;R que tratamiento del dolor?<\/h2>\n<p>Los especialistas en medicina f\u00edsica y rehabilitaci\u00f3n -tambi\u00e9n llamados PM&amp;R o simplemente PMR- son mucho m\u00e1s que simples m\u00e9dicos para el alivio del dolor. El objetivo principal de este enfoque del tratamiento y la prevenci\u00f3n es similar al de un m\u00e9dico <a href=\"https:\/\/www.medexdtc.com\/es\/tratamiento-del-dolor-en-queens\/\">especialista en el tratamiento del dolor<\/a>. Pero en el Centro de Diagn\u00f3stico y Tratamiento Medex de Queens, NY, sus m\u00e9dicos son profesionales de la medicina formados no s\u00f3lo en el tratamiento del dolor, sino tambi\u00e9n en la rehabilitaci\u00f3n terap\u00e9utica y la medicina f\u00edsica preventiva.  <\/p>\n<p>Es una diferencia significativa. Un m\u00e9dico de PMR est\u00e1 autorizado a recetar analg\u00e9sicos, pero en general agota todos los dem\u00e1s esfuerzos para ofrecer opciones de tratamiento alternativas antes de recurrir a los analg\u00e9sicos. Algunas de estas alternativas son  <\/p>\n<ul>\n<li>Consultar directamente a los m\u00e9dicos cirujanos para la terapia postoperatoria y los cuidados posteriores<\/li>\n<li>Centrar el tratamiento en la rehabilitaci\u00f3n para mejorar tu bienestar general, no s\u00f3lo controlar m\u00e9dicamente tus niveles de dolor<\/li>\n<li>Centrarse en la prevenci\u00f3n de lesiones y eliminar las condiciones exacerbantes que causan dolor cr\u00f3nico<\/li>\n<li>Dise\u00f1ar programas de ejercicios terap\u00e9uticos espec\u00edficos para aumentar la flexibilidad y la movilidad<\/li>\n<li>Poner en pr\u00e1ctica planes diet\u00e9ticos para eliminar otras complicaciones causadas por el exceso de peso<\/li>\n<\/ul>\n<p>El campo de la medicina f\u00edsica y la rehabilitaci\u00f3n tambi\u00e9n difiere del tratamiento tradicional del dolor en otro aspecto. No s\u00f3lo aborda tus problemas f\u00edsicos, sino que tambi\u00e9n se centra en atender tus necesidades cognitivas, conductuales y funcionales proporcion\u00e1ndote apoyo terap\u00e9utico y <a href=\"https:\/\/www.medexdtc.com\/es\/psicologia\/\">tratamiento de salud mental<\/a>, como parte de su pr\u00e1ctica. <\/p>\n<h2>Top PM&amp;R Medicina F\u00edsica y Rehabilitaci\u00f3n en Forest Hills, Queens, NY<\/h2>\n<p>Alexander Gimpelevich, DO M\u00e9dico del tratamiento del dolor 718.275.8900 Forest Hills, NY<br \/>\nAlexander Rozenberg, MD, FAAPMR M\u00e9dico del tratamiento del dolor 718.275.8900 Forest Hills, NY<br \/>\nNunzio Saulle, MD Doctor en Tratamiento del Dolor 718.275.8900 Forest Hills, NY<\/p>\n<p>Experiencia del paciente<\/p>\n<p>\u00abMedex en Forest Hills, N.Y. tiene un servicio excelente. Los doctores y el personal son muy acogedores y se adaptan a tus necesidades y horarios. Recomendar\u00eda encarecidamente a cualquiera que viniera aqu\u00ed\u00bb. &#8211; Jane<\/p>\n<p>111-29 Queens Blvd<br \/>\nForest Hills, NY 11375<br \/>\nTel\u00e9fono: (718) 275-8900<\/p>\n<p>4.0<\/p>\n<p>M\u00e1s de 100 opiniones<\/p>\n<p><a href=\"https:\/\/goo.gl\/maps\/P9drFAKbbXpwVDxG9\">Ver m\u00e1s de 100 opiniones \u00ab<\/a><\/p>\n<h2>\u00bfCu\u00e1l es la mejor manera de prevenir el desarrollo del dolor cr\u00f3nico?<\/h2>\n<p>Una de las principales causas de discapacidad es el dolor cr\u00f3nico. A la mayor\u00eda de las personas no se les ofrecen soluciones preventivas. As\u00ed que no tienen orientaci\u00f3n mientras su dolor empeora. La prevenci\u00f3n del desarrollo del dolor cr\u00f3nico aborda las causas subyacentes de los trastornos m\u00e9dicos dolorosos preexistentes.   <\/p>\n<p>Los m\u00e9dicos que tratan tu dolor en el Centro de Diagn\u00f3stico y Tratamiento Medex se centran firmemente en desarrollar planes estrat\u00e9gicos de tratamiento personalizados que aborden las causas profundas de tu dolor. Desarrollan planes de tratamiento que eliminan muchos de los factores que conducen a la necesidad de servicios de medicina f\u00edsica y rehabilitaci\u00f3n. Muy a menudo, los factores primordiales que conducen al dolor cr\u00f3nico incluyen:  <\/p>\n<ul>\n<li><a href=\"https:\/\/www.medexdtc.com\/es\/obesity\/\">Obesidad<\/a><\/li>\n<li>Incapacidad para hacer ejercicio o falta de actividad f\u00edsica esencial<\/li>\n<li>Falta de motivaci\u00f3n por <a href=\"https:\/\/www.medexdtc.com\/es\/depression\/\">depresi\u00f3n<\/a> o <a href=\"https:\/\/www.medexdtc.com\/es\/anxiety\/\">ansiedad<\/a><\/li>\n<li>Preocupaciones diet\u00e9ticas, eliminando los alimentos que causan inflamaci\u00f3n y p\u00e9rdida de tejido muscular sano debido a la comprensi\u00f3n del <a href=\"https:\/\/www.medexdtc.com\/es\/medicos-especialistas-en-alergia-asma-e-inmunologia-en-queens-ny\/\">sistema inmunitario<\/a>.<\/li>\n<li>Falta de suficientes vitaminas, minerales esenciales y nutrientes<\/li>\n<\/ul>\n<h2>\u00bfQu\u00e9 tratamientos ofrece el PM&amp;R?<\/h2>\n<p>Al centrarse en eliminar los factores agravantes que contribuyen a causar o desarrollar el empeoramiento de los trastornos dolorosos, los especialistas en PMR pueden reducir o retrasar la necesidad de un tratamiento asistido con medicaci\u00f3n. Tu compasivo equipo de proveedores m\u00e9dicos trabaja codo con codo con cirujanos, <a href=\"https:\/\/www.medexdtc.com\/specialties\/psychiatry\/\">psiquiatras<\/a> y otros profesionales de la atenci\u00f3n m\u00e9dica para ofrecerte las opciones m\u00e1s actualizadas disponibles, como: <\/p>\n<ul>\n<li>Acupuntura<\/li>\n<li><a href=\"https:\/\/www.medexdtc.com\/es\/physical-therapy\/\">Fisioterapia<\/a><\/li>\n<li>Suplementos homeop\u00e1ticos y a base de hierbas<\/li>\n<li>Medicamentos con receta<\/li>\n<li>Terapia de relajaci\u00f3n<\/li>\n<li>Salud mental y tratamiento psicol\u00f3gico<\/li>\n<\/ul>\n<p>Hoy en d\u00eda existen diversos procedimientos m\u00e9dicos para tratar la mayor\u00eda de los problemas de dolor cr\u00f3nico. En el Centro de Diagn\u00f3stico y Tratamiento Medex, los m\u00e9dicos estudian a fondo tus s\u00edntomas individuales antes de dise\u00f1ar el plan de tratamiento adecuado a tus necesidades. Ofrecen soluciones alternativas de vanguardia para el tratamiento del dolor, como:  <\/p>\n<ul>\n<li>Evaluaci\u00f3n experta para llegar al diagn\u00f3stico correcto<\/li>\n<li>Bloqueos nerviosos y epidurales<\/li>\n<li>Inyecciones en puntos gatillo<\/li>\n<li><a href=\"https:\/\/www.medexdtc.com\/es\/radiofrequency-ablation\/\">Ablaci\u00f3n por radiofrecuencia<\/a><\/li>\n<li>Inyecciones de esteroides para tratar <a href=\"https:\/\/www.medexdtc.com\/es\/knee-pain\/\">el dolor de rodilla<\/a><\/li>\n<li>Procedimientos quir\u00fargicos no invasivos<\/li>\n<li>Cirug\u00eda de sustituci\u00f3n e implantes artificiales<\/li>\n<\/ul>\n<h2>\u00bfCu\u00e1ndo debo buscar ayuda profesional para el dolor?<\/h2>\n<p>Millones de personas viven innecesariamente con un dolor continuo, punzante y a veces debilitante. Muchas veces, el dolor cr\u00f3nico es tan intenso que te resulta imposible relajarte o descansar lo suficiente. Cuando la existencia del dolor se hace tan insoportable que tu calidad de vida empieza a decaer, es hora de buscar el tratamiento del dolor en Queens por parte de un m\u00e9dico especializado en el tratamiento de trastornos de dolor cr\u00f3nico.  <\/p>\n<p>Un m\u00e9dico especialista en alivio del dolor PMR es claramente tu mejor opci\u00f3n de tratamiento. Antes de recomendar un tratamiento, los m\u00e9dicos de medicina f\u00edsica y rehabilitaci\u00f3n identifican primero la afecci\u00f3n que est\u00e1 asociada a tu dolor. Puede deberse a cualquier n\u00famero de afecciones, como:  <\/p>\n<ul>\n<li>Enfermedades como el c\u00e1ncer, la <a href=\"https:\/\/www.medexdtc.com\/es\/diabetes\/\">diabetes<\/a> u otras afecciones cr\u00f3nicas<\/li>\n<li><a href=\"https:\/\/www.medexdtc.com\/es\/neurologia-en-forest-hills-queens-ny\/\">Da\u00f1o nervioso<\/a><\/li>\n<li>Dolor postquir\u00fargico<\/li>\n<li><a href=\"https:\/\/www.medexdtc.com\/es\/bone-disease\/\">Enfermedad \u00f3sea<\/a><\/li>\n<li>Artritis<\/li>\n<li>Lesi\u00f3n o traumatismo<\/li>\n<\/ul>\n<h2>\u00bfQu\u00e9 m\u00e1s necesito saber sobre la PM&amp;R?<\/h2>\n<p>Es necesario someterse a una evaluaci\u00f3n exhaustiva antes de iniciar cualquier terapia de recuperaci\u00f3n de la PMR. Dado que el consumo de medicamentos con receta se ha convertido en una epidemia tan extendida, es habitual que los m\u00e9dicos acreditados soliciten un an\u00e1lisis de orina para detectar la presencia o ausencia de medicamentos con receta u otras sustancias. <\/p>\n<p>El dolor cr\u00f3nico limita progresivamente tu capacidad para trabajar, hacer ejercicio y seguir siendo funcionalmente productivo. No dejes que el dolor cr\u00f3nico te frene por m\u00e1s tiempo. Est\u00e1s a salvo con un especialista formado y con experiencia en medicina f\u00edsica y rehabilitaci\u00f3n, as\u00ed como en el tratamiento del dolor. En Queens, encuentra ese m\u00e9dico para el alivio del dolor en el Centro de Diagn\u00f3stico y Tratamiento Medex. <a href=\"https:\/\/www.medexdtc.com\/es\/contacta-con-nosotros\/\">Ponte en contacto con la cl\u00ednica hoy mismo<\/a>para concertar una cita.   <\/p>\n<p>Podemos ayudarte a encontrar m\u00e9dico. Llama al <a href=\"tel:+17182758900\">(718) 275-8900<\/a> <\/p>\n<p>Con licencia del estado de Nueva York, Medex es un centro de diagn\u00f3stico y tratamiento del art\u00edculo 28. Nuestros m\u00e9dicos proporcionan atenci\u00f3n integral a pacientes de todas las edades en la zona de Forest Hills, Queens, desde hace m\u00e1s de 15 a\u00f1os. Empieza a recibir atenci\u00f3n experta ahora llamando o concertando una cita en l\u00ednea con uno de los especialistas cualificados.  <\/p>\n<\/section>\n","protected":false},"excerpt":{"rendered":"<p>Con demasiada frecuencia, los m\u00e9dicos especializados en el tratamiento del dolor se limitan a recetar medicamentos para enmascarar tu dolor. Cuando elijas consultar a un m\u00e9dico especializado en medicina f\u00edsica y rehabilitaci\u00f3n, descubrir\u00e1s la causa de tu dolor, aprender\u00e1s medidas para evitar que se apodere de tu vida y comenzar\u00e1s un plan de tratamiento dise\u00f1ado &hellip; <\/p>\n<p class=\"link-more\"><a href=\"https:\/\/www.medexdtc.com\/es\/pmr-medicina-fisica-y-rehabilitacion-en-forest-hills-queens-ny\/\" class=\"more-link\">Continue reading<span class=\"screen-reader-text\"> \u00abPM&amp;R Medicina F\u00edsica y Rehabilitaci\u00f3n en Forest Hills, Queens, NY\u00bb<\/span><\/a><\/p>\n","protected":false},"author":3,"featured_media":0,"parent":0,"menu_order":0,"comment_status":"closed","ping_status":"closed","template":"new_inner.php","meta":{"_acf_changed":false,"footnotes":""},"class_list":["post-4491","page","type-page","status-publish","hentry"],"acf":[],"yoast_head":"<!-- This site is optimized with the Yoast SEO plugin v27.5 - https:\/\/yoast.com\/product\/yoast-seo-wordpress\/ -->\n<title>PM&amp;R Medicina F\u00edsica y Rehabilitaci\u00f3n en Forest Hills, Queens, NY<\/title>\n<meta name=\"description\" content=\"En Medex, nuestros m\u00e9dicos especializados en PMR y los mejores especialistas en rehabilitaci\u00f3n pueden controlar o eliminar tu dolor utilizando los \u00faltimos avances en fisioterapia.\" \/>\n<meta name=\"robots\" content=\"index, follow, max-snippet:-1, max-image-preview:large, max-video-preview:-1\" \/>\n<link rel=\"canonical\" href=\"https:\/\/www.medexdtc.com\/es\/pmr-medicina-fisica-y-rehabilitacion-en-forest-hills-queens-ny\/\" \/>\n<meta property=\"og:locale\" content=\"es_ES\" \/>\n<meta property=\"og:type\" content=\"article\" \/>\n<meta property=\"og:title\" content=\"PM&amp;R Medicina F\u00edsica y Rehabilitaci\u00f3n en Forest Hills, Queens, NY\" \/>\n<meta property=\"og:description\" content=\"En Medex, nuestros m\u00e9dicos especializados en PMR y los mejores especialistas en rehabilitaci\u00f3n pueden controlar o eliminar tu dolor utilizando los \u00faltimos avances en fisioterapia.\" \/>\n<meta property=\"og:url\" content=\"https:\/\/www.medexdtc.com\/es\/pmr-medicina-fisica-y-rehabilitacion-en-forest-hills-queens-ny\/\" \/>\n<meta property=\"og:site_name\" content=\"Medex Diagnostic and Treatment Center - Queens Medical Center - Medical Clinic in Forest Hills, NY\" \/>\n<meta property=\"article:publisher\" content=\"https:\/\/www.facebook.com\/medexny\" \/>\n<meta property=\"og:image\" content=\"https:\/\/www.medexdtc.com\/wp-content\/uploads\/2020\/11\/pmr.jpg\" \/>\n<meta name=\"twitter:card\" content=\"summary_large_image\" \/>\n<meta name=\"twitter:site\" content=\"@DtcMedex\" \/>\n<meta name=\"twitter:label1\" content=\"Tiempo de lectura\" \/>\n\t<meta name=\"twitter:data1\" content=\"7 minutos\" \/>\n<!-- \/ Yoast SEO plugin. -->","yoast_head_json":{"title":"PM&R Medicina F\u00edsica y Rehabilitaci\u00f3n en Forest Hills, Queens, NY","description":"En Medex, nuestros m\u00e9dicos especializados en PMR y los mejores especialistas en rehabilitaci\u00f3n pueden controlar o eliminar tu dolor utilizando los \u00faltimos avances en fisioterapia.","robots":{"index":"index","follow":"follow","max-snippet":"max-snippet:-1","max-image-preview":"max-image-preview:large","max-video-preview":"max-video-preview:-1"},"canonical":"https:\/\/www.medexdtc.com\/es\/pmr-medicina-fisica-y-rehabilitacion-en-forest-hills-queens-ny\/","og_locale":"es_ES","og_type":"article","og_title":"PM&R Medicina F\u00edsica y Rehabilitaci\u00f3n en Forest Hills, Queens, NY","og_description":"En Medex, nuestros m\u00e9dicos especializados en PMR y los mejores especialistas en rehabilitaci\u00f3n pueden controlar o eliminar tu dolor utilizando los \u00faltimos avances en fisioterapia.","og_url":"https:\/\/www.medexdtc.com\/es\/pmr-medicina-fisica-y-rehabilitacion-en-forest-hills-queens-ny\/","og_site_name":"Medex Diagnostic and Treatment Center - Queens Medical Center - Medical Clinic in Forest Hills, NY","article_publisher":"https:\/\/www.facebook.com\/medexny","og_image":[{"url":"https:\/\/www.medexdtc.com\/wp-content\/uploads\/2020\/11\/pmr.jpg","type":"","width":"","height":""}],"twitter_card":"summary_large_image","twitter_site":"@DtcMedex","twitter_misc":{"Tiempo de lectura":"7 minutos"},"schema":{"@context":"https:\/\/schema.org","@graph":[{"@type":"WebPage","@id":"https:\/\/www.medexdtc.com\/es\/pmr-medicina-fisica-y-rehabilitacion-en-forest-hills-queens-ny\/","url":"https:\/\/www.medexdtc.com\/es\/pmr-medicina-fisica-y-rehabilitacion-en-forest-hills-queens-ny\/","name":"PM&R Medicina F\u00edsica y Rehabilitaci\u00f3n en Forest Hills, Queens, NY","isPartOf":{"@id":"https:\/\/www.medexdtc.com\/es\/#website"},"primaryImageOfPage":{"@id":"https:\/\/www.medexdtc.com\/es\/pmr-medicina-fisica-y-rehabilitacion-en-forest-hills-queens-ny\/#primaryimage"},"image":{"@id":"https:\/\/www.medexdtc.com\/es\/pmr-medicina-fisica-y-rehabilitacion-en-forest-hills-queens-ny\/#primaryimage"},"thumbnailUrl":"https:\/\/www.medexdtc.com\/wp-content\/uploads\/2020\/11\/pmr.jpg","datePublished":"2020-11-11T16:37:57+00:00","description":"En Medex, nuestros m\u00e9dicos especializados en PMR y los mejores especialistas en rehabilitaci\u00f3n pueden controlar o eliminar tu dolor utilizando los \u00faltimos avances en fisioterapia.","breadcrumb":{"@id":"https:\/\/www.medexdtc.com\/es\/pmr-medicina-fisica-y-rehabilitacion-en-forest-hills-queens-ny\/#breadcrumb"},"inLanguage":"es","potentialAction":[{"@type":"ReadAction","target":["https:\/\/www.medexdtc.com\/es\/pmr-medicina-fisica-y-rehabilitacion-en-forest-hills-queens-ny\/"]}]},{"@type":"ImageObject","inLanguage":"es","@id":"https:\/\/www.medexdtc.com\/es\/pmr-medicina-fisica-y-rehabilitacion-en-forest-hills-queens-ny\/#primaryimage","url":"https:\/\/www.medexdtc.com\/wp-content\/uploads\/2020\/11\/pmr.jpg","contentUrl":"https:\/\/www.medexdtc.com\/wp-content\/uploads\/2020\/11\/pmr.jpg"},{"@type":"BreadcrumbList","@id":"https:\/\/www.medexdtc.com\/es\/pmr-medicina-fisica-y-rehabilitacion-en-forest-hills-queens-ny\/#breadcrumb","itemListElement":[{"@type":"ListItem","position":1,"name":"Home","item":"https:\/\/www.medexdtc.com\/es\/"},{"@type":"ListItem","position":2,"name":"PM&amp;R Medicina F\u00edsica y Rehabilitaci\u00f3n en Forest Hills, Queens, NY"}]},{"@type":"WebSite","@id":"https:\/\/www.medexdtc.com\/es\/#website","url":"https:\/\/www.medexdtc.com\/es\/","name":"Medex DTC","description":"Medex Diagnostic and Treatment Center is a Medical Center in Queens, NY is a dynamic multi-specialty clinic. Physicians delivering high quality individualized care in Forest Hills, Queens, NY.","publisher":{"@id":"https:\/\/www.medexdtc.com\/es\/#organization"},"potentialAction":[{"@type":"SearchAction","target":{"@type":"EntryPoint","urlTemplate":"https:\/\/www.medexdtc.com\/es\/?s={search_term_string}"},"query-input":{"@type":"PropertyValueSpecification","valueRequired":true,"valueName":"search_term_string"}}],"inLanguage":"es"},{"@type":"Organization","@id":"https:\/\/www.medexdtc.com\/es\/#organization","name":"Medex DCT","url":"https:\/\/www.medexdtc.com\/es\/","logo":{"@type":"ImageObject","inLanguage":"es","@id":"https:\/\/www.medexdtc.com\/es\/#\/schema\/logo\/image\/","url":"https:\/\/www.medexdtc.com\/wp-content\/uploads\/2024\/11\/medex-diagnostic-and-treatment-center-in-queens-NY.png","contentUrl":"https:\/\/www.medexdtc.com\/wp-content\/uploads\/2024\/11\/medex-diagnostic-and-treatment-center-in-queens-NY.png","width":226,"height":47,"caption":"Medex DCT"},"image":{"@id":"https:\/\/www.medexdtc.com\/es\/#\/schema\/logo\/image\/"},"sameAs":["https:\/\/www.facebook.com\/medexny","https:\/\/x.com\/DtcMedex","https:\/\/www.instagram.com\/medexdtc\/","https:\/\/www.linkedin.com\/company\/medex-diagnostic-and-treatment-center\/about\/"]}]}},"jetpack_sharing_enabled":true,"_links":{"self":[{"href":"https:\/\/www.medexdtc.com\/es\/wp-json\/wp\/v2\/pages\/4491","targetHints":{"allow":["GET"]}}],"collection":[{"href":"https:\/\/www.medexdtc.com\/es\/wp-json\/wp\/v2\/pages"}],"about":[{"href":"https:\/\/www.medexdtc.com\/es\/wp-json\/wp\/v2\/types\/page"}],"author":[{"embeddable":true,"href":"https:\/\/www.medexdtc.com\/es\/wp-json\/wp\/v2\/users\/3"}],"replies":[{"embeddable":true,"href":"https:\/\/www.medexdtc.com\/es\/wp-json\/wp\/v2\/comments?post=4491"}],"version-history":[{"count":0,"href":"https:\/\/www.medexdtc.com\/es\/wp-json\/wp\/v2\/pages\/4491\/revisions"}],"wp:attachment":[{"href":"https:\/\/www.medexdtc.com\/es\/wp-json\/wp\/v2\/media?parent=4491"}],"curies":[{"name":"wp","href":"https:\/\/api.w.org\/{rel}","templated":true}]}}