{"id":4493,"date":"2020-11-11T21:38:13","date_gmt":"2020-11-11T16:38:13","guid":{"rendered":"https:\/\/www.medexdtc.com\/cirugia-vascular-top-vein-doctor-in-queens-ny\/"},"modified":"2020-11-11T21:38:13","modified_gmt":"2020-11-11T16:38:13","slug":"cirugia-vascular-top-vein-doctor-in-queens-ny","status":"publish","type":"page","link":"https:\/\/www.medexdtc.com\/es\/cirugia-vascular-top-vein-doctor-in-queens-ny\/","title":{"rendered":"Cirug\u00eda Vascular | Top Vein Doctor in Queens, NY"},"content":{"rendered":"<section id=\"treatment-page-content-area-1\" class=\"treatment-page-content-area-one\">La cirug\u00eda vascular es un campo especializado de la medicina que se centra en el diagn\u00f3stico, la gesti\u00f3n y el tratamiento de enfermedades y trastornos del sistema circulatorio, incluidas las arterias, las venas y los vasos linf\u00e1ticos. Con la edad, las arterias empiezan a estrecharse y engrosarse, lo que impide que la sangre fluya con facilidad. Pueden producirse muchas complicaciones si no empiezas a cambiar tu estilo de vida con intervenciones tempranas. La enfermedad vascular puede provocar cosas como co\u00e1gulos de sangre y el desarrollo de placas peligrosas en tus arterias. Como parte de tus revisiones en el Centro de Diagn\u00f3stico y Tratamiento Medex de Queens (Nueva York), recibir\u00e1s asesoramiento y orientaci\u00f3n s\u00f3lidos sobre c\u00f3mo evitar problemas en las arterias. Tambi\u00e9n disponemos de un tratamiento excepcional, que incluye la cirug\u00eda vascular, para devolverte al buen camino hacia tu salud definitiva. Llama hoy mismo para concertar una cita con un experto en salud venosa y cirug\u00eda vascular.      <\/p>\n<blockquote><p><strong>Nota<\/strong>: <em>Los m\u00e9dicos de cirug\u00eda vascular de Queens en Medex, situado en Forest Hills, Queens, NY, aceptan <strong>los principales seguros, incluidos Medicare, Medicaid, HIP, Emblemhealth, GHI, MetroPlus y Fidelis<\/strong>.<\/em><\/p><\/blockquote>\n<h2>\u00bfQu\u00e9 es la Cirug\u00eda Vascular?<\/h2>\n<p><span class=\"pjBG2e\" data-cid=\"be36089b-1dc2-462e-aa9b-1e77aa711f25\"><span class=\"UV3uM\">La cirug\u00eda vascular es una especialidad m\u00e9dica dedicada a diagnosticar, gestionar y tratar enfermedades que afectan al sistema circulatorio, incluidas las arterias, las venas y los vasos linf\u00e1ticos. <\/span><\/span>La cirug\u00eda vascular es un campo especializado de la medicina dise\u00f1ado para abordar las enfermedades vasculares que afectan a tus arterias, <a href=\"https:\/\/www.medexdtc.com\/es\/veins\/\">venas<\/a> y sistema linf\u00e1tico. Los vasos sangu\u00edneos act\u00faan como mensajeros, conectando el coraz\u00f3n y los pulmones con el resto del cuerpo y viceversa. A veces, sin embargo, estas arterias y venas se obstruyen, impidiendo que la sangre fluya correctamente. Algunos de los procedimientos m\u00e1s frecuentes que realizan son <b>la cirug\u00eda de la arteria car\u00f3tida<\/b>, la revascularizaci\u00f3n de miembros inferiores, la reparaci\u00f3n endovascular de aneurismas a\u00f3rticos y el tratamiento de varices. La amputaci\u00f3n de miembros es un procedimiento que los cirujanos vasculares pueden utilizar como \u00faltimo recurso.    <\/p>\n<p>Tu experto vascular del Centro de Diagn\u00f3stico y Tratamiento Medex de Queens, NY, realiza con pericia la cirug\u00eda vascular cuando la necesitas, que a veces es en una situaci\u00f3n de urgencia. Pero antes de necesitar cirug\u00eda vascular para reparar los vasos sangu\u00edneos da\u00f1ados, puedes tomar medidas preventivas para reducir los riesgos de necesitar cirug\u00eda vascular, como: <\/p>\n<ul>\n<li>Hacer ejercicio regularmente para mejorar el flujo sangu\u00edneo en tu cuerpo<\/li>\n<li>Aumentar la resistencia incrementando gradualmente la intensidad del ejercicio<\/li>\n<li>Desarrollar h\u00e1bitos alimentarios sanos y nutritivos<\/li>\n<li>Controlar enfermedades m\u00e9dicas como <a href=\"https:\/\/www.medexdtc.com\/es\/heart-disease\/\">las cardiopat\u00edas<\/a>, la <a href=\"https:\/\/www.medexdtc.com\/es\/diabetes\/\">diabetes <\/a>y la <a href=\"https:\/\/www.medexdtc.com\/es\/obesity\/\">obesidad<\/a><\/li>\n<li>Cuidar bien <a href=\"https:\/\/www.medexdtc.com\/es\/podiatry\/\">los pies<\/a><\/li>\n<li>Dejar de fumar<\/li>\n<\/ul>\n<h2>Mejor m\u00e9dico de venas en Queens NY<\/h2>\n<p>Mohammed Islam, M.D.Vein Doctor 718.275.8900 Forest Hills, NY<br \/>\n<a href=\"https:\/\/www.medexdtc.com\/doctors\/nadejda-tihomirovs-np\/\">Nadejda Tihomirovs, NP<\/a> Enfermera Practicante 718.275.8900 Forest Hills, NY<\/p>\n<p>Experiencia del paciente<\/p>\n<p>\u00abMedex en Forest Hills, N.Y. tiene un servicio excelente. Los doctores y el personal son muy acogedores y se adaptan a tus necesidades y horarios. Recomendar\u00eda encarecidamente a cualquiera que viniera aqu\u00ed\u00bb. &#8211; Jane<\/p>\n<p>111-29 Queens Blvd<br \/>\nForest Hills, NY 11375<br \/>\nTel\u00e9fono: (718) 275-8900<\/p>\n<p>4.0<\/p>\n<p>M\u00e1s de 100 opiniones<\/p>\n<p><a href=\"https:\/\/goo.gl\/maps\/P9drFAKbbXpwVDxG9\">Ver m\u00e1s de 100 opiniones \u00ab<\/a><\/p>\n<\/section>\n<section id=\"treatment-page-content-area-1\" class=\"treatment-page-content-area-one\">\n<h2><img fetchpriority=\"high\" decoding=\"async\" class=\"about-madex-images alignnone\" src=\"https:\/\/www.medexdtc.com\/wp-content\/uploads\/2020\/11\/vascular.jpg\" alt=\"Cirugia Vascular en Queens, NY\" width=\"585\" height=\"615\"><\/h2>\n<h2>\u00bfC\u00f3mo puedo contraer una enfermedad vascular?<\/h2>\n<p>Normalmente, tus arterias empiezan a engrosarse y estrecharse a medida que envejeces. Tambi\u00e9n puedes tener una acumulaci\u00f3n de placa en las arterias de mayor a mediano calibre que provoque el estrechamiento. Comer alimentos cargados de grasa y fritos aumenta significativamente tus probabilidades de desarrollar diabetes, <a href=\"https:\/\/www.medexdtc.com\/es\/high-blood-pressure\/\">hipertensi\u00f3n arterial<\/a> y colesterol alto, lo que crea demasiada placa en tu torrente sangu\u00edneo.  <\/p>\n<p>Por eso, la mayor\u00eda de los m\u00e9dicos de Medex especializados en cirug\u00eda vascular recomiendan ejercicio y dieta como primera medida del plan de tratamiento. El diagn\u00f3stico precoz de las enfermedades vasculares previene las complicaciones, sobre todo si tienes antecedentes familiares de trastornos de venas y arterias. Otras afecciones que pueden ponerte en riesgo de padecer enfermedades vasculares son:  <\/p>\n<ul>\n<li>Embarazo<\/li>\n<li>Enfermedad o lesi\u00f3n<\/li>\n<li>Trabajo que te exija estar de pie o sentado durante largos periodos de tiempo<\/li>\n<li>Trastornos que afectan a la funci\u00f3n de coagulaci\u00f3n de la sangre<\/li>\n<li>Un estilo de vida sedentario<\/li>\n<\/ul>\n<h2>\u00bfCu\u00e1les son las consecuencias de las enfermedades vasculares?<\/h2>\n<p>Las enfermedades vasculares pueden disminuir dr\u00e1sticamente tu calidad de vida. El dolor de una vena palpitante o la <a href=\"https:\/\/www.medexdtc.com\/es\/depression\/\">depresi\u00f3n<\/a> por falta de movilidad reducen tu capacidad de disfrutar plenamente de la vida. Sin tratamiento, las obstrucciones de venas o arterias pueden tener consecuencias graves, como:  <\/p>\n<ul>\n<li>Aneurismas<\/li>\n<li>Accidente cerebrovascular<\/li>\n<li><a href=\"https:\/\/www.medexdtc.com\/es\/heart-disease\/\">Cardiopat\u00edas<\/a><\/li>\n<li>Enfermedad de la arteria car\u00f3tida<\/li>\n<li>Enfermedad arterial perif\u00e9rica (EAP)<\/li>\n<li>Trombosis venosa profunda (TVP)<\/li>\n<li>Enfermedad fibromuscular<\/li>\n<li>Hiperlipidemia<\/li>\n<li>Linfedema<\/li>\n<li>Aterosclerosis<\/li>\n<li>Insuficiencia venosa cr\u00f3nica<\/li>\n<li>Trastorno del tejido conectivo (TTC)<\/li>\n<li>Infecciones vasculares<\/li>\n<li>Traumatismo vascular<\/li>\n<li>Afecciones renovasculares<\/li>\n<li>Embolia pulmonar<\/li>\n<li><a href=\"https:\/\/www.medexdtc.com\/es\/varicose-veins\/\">Varices<\/a><\/li>\n<\/ul>\n<p>Dado que los problemas vasculares pueden surgir de muchas formas con s\u00edntomas variables, el diagn\u00f3stico es crucial para obtener el tratamiento adecuado. Tu <a href=\"https:\/\/www.medexdtc.com\/es\/primary-care\/\">m\u00e9dico de atenci\u00f3n primaria<\/a> o tu <a href=\"https:\/\/www.medexdtc.com\/cardiology\/\">cardi\u00f3logo<\/a> pueden ser los primeros en advertir los factores de riesgo o los s\u00edntomas iniciales. Pero si sospechas un trastorno venoso, puedes pedir cita directamente con un experto vascular de Medex.  <\/p>\n<h2>\u00bfQu\u00e9 pruebas se utilizan para diagnosticar la enfermedad vascular?<\/h2>\n<p>Tras someterse a una historia cl\u00ednica y un examen exhaustivos, tu especialista Medex te escucha atentamente para repasar tus s\u00edntomas. Para comprender la causa fundamental de tus problemas, tu cirujano vascular de Nueva York puede recomendarte pruebas como las siguientes <\/p>\n<ul>\n<li><strong>Angiograma<\/strong>. Utilizando un colorante yodado, se toman radiograf\u00edas que ofrecen una imagen clara de la secci\u00f3n obstruida. <\/li>\n<li><strong>Prueba del \u00edndice tobillo-brazo (ITB).<\/strong>  Tu m\u00e9dico emplea manguitos inflables para medir la tensi\u00f3n arterial en las arterias de distintos puntos de tu cuerpo, como el muslo, la pantorrilla, los pies y los dedos de los pies.<\/li>\n<li><strong>Doppler carot\u00eddeo<\/strong>. Esta prueba mide la velocidad a la que fluye tu sangre en las arterias car\u00f3tidas. <\/li>\n<li><strong>Prueba de angiograf\u00eda por tomograf\u00eda computarizada (ATC).<\/strong>  Con esta imagen, tu m\u00e9dico recibe una vista en 3D de tus vasos sangu\u00edneos.<\/li>\n<li><strong>Angiograf\u00eda por resonancia magn\u00e9tica (ARM<\/strong>). Es una versi\u00f3n m\u00e1s avanzada de la resonancia magn\u00e9tica. Utiliza ondas de radiofrecuencia para detectar la actividad de tus vasos sangu\u00edneos.  <\/li>\n<li><strong>Ecograf\u00eda d\u00faplex<\/strong>. Las ondas sonoras de alta frecuencia miden la velocidad del flujo sangu\u00edneo; suele hacerse para problemas en las piernas. <\/li>\n<\/ul>\n<h2>\u00bfQu\u00e9 procedimiento de cirug\u00eda vascular funciona?<\/h2>\n<p>El tratamiento de tu enfermedad vascular depende del estado de tus vasos sangu\u00edneos y de la gravedad de la enfermedad. En los casos m\u00e1s leves, los cambios en la dieta y el ejercicio pueden eliminar la enfermedad por completo. Sin embargo, si eres mayor o tienes una acumulaci\u00f3n grave de placa, puedes necesitar una intervenci\u00f3n quir\u00fargica abierta, o tu cirujano vascular puede sugerirte una alternativa m\u00ednimamente invasiva. Entre las intervenciones y procedimientos de cirug\u00eda vascular m\u00e1s frecuentes se incluyen   <\/p>\n<ul>\n<li><a href=\"https:\/\/www.medexdtc.com\/es\/ambulatory-phlebectomy\/\">Flebectom\u00eda ambulatoria<\/a><\/li>\n<li>Endarterectom\u00eda carot\u00eddea<\/li>\n<li>Cuidado del pie diab\u00e9tico<\/li>\n<li>Amputaci\u00f3n<\/li>\n<li>Terapia trombol\u00edtica dirigida por cat\u00e9ter<\/li>\n<li>V\u00eda de cat\u00e9ter central de inserci\u00f3n perif\u00e9rica<\/li>\n<li>Bypass quir\u00fargico<\/li>\n<li>Revascularizaci\u00f3n de la arteria transcar\u00f3tida<\/li>\n<li>Reparaci\u00f3n endovascular de los aneurismas de aorta abdominal<\/li>\n<li>Cirug\u00eda abierta con disecci\u00f3n a\u00f3rtica<\/li>\n<li>Reparaci\u00f3n del aneurisma de aorta tor\u00e1cica<\/li>\n<\/ul>\n<p>Si t\u00fa y tu familia manten\u00e9is revisiones m\u00e9dicas peri\u00f3dicas con tu <a href=\"https:\/\/www.medexdtc.com\/es\/primary-care\/\">m\u00e9dico de atenci\u00f3n<\/a> primaria y control\u00e1is las enfermedades cr\u00f3nicas, pod\u00e9is prevenir las enfermedades vasculares la mayor\u00eda de las veces. A medida que envejeces, el control continuado de tus venas y arterias evita que se produzcan obstrucciones. <a href=\"https:\/\/www.medexdtc.com\/es\/contacta-con-nosotros\/\">Ponte en contacto hoy mismo con el Centro de Diagn\u00f3stico y Tratamiento Medex<\/a> para encontrar expertos en casi todas las especialidades disponibles para ti y tu familia. <\/p>\n<p>Podemos ayudarte a encontrar m\u00e9dico. Llama al <a href=\"tel:+17182758900\">(718) 275-8900<\/a> <\/p>\n<p>Con licencia del estado de Nueva York, Medex es un centro de diagn\u00f3stico y tratamiento del art\u00edculo 28. Nuestros m\u00e9dicos proporcionan atenci\u00f3n integral a pacientes de todas las edades en la zona de Forest Hills, Queens, desde hace m\u00e1s de 15 a\u00f1os. Empieza a recibir atenci\u00f3n experta ahora llamando o concertando una cita en l\u00ednea con uno de los especialistas cualificados.  <\/p>\n<\/section>\n<h4>PREGUNTAS FRECUENTES<\/h4>\n<p><strong>\u00bfQu\u00e9 es la Cirug\u00eda Vascular?<\/strong><\/p>\n<p>La cirug\u00eda vascular es una especialidad m\u00e9dica dedicada al diagn\u00f3stico, la gesti\u00f3n y el tratamiento de las afecciones que afectan al sistema circulatorio, incluidas las arterias, las venas y los vasos linf\u00e1ticos.<\/p>\n<p><strong>\u00bfPara qu\u00e9 sirve la cirug\u00eda vascular?<\/strong><\/p>\n<p>La cirug\u00eda vascular incluye procedimientos abiertos y m\u00ednimamente invasivos para tratar diversas afecciones de los vasos sangu\u00edneos, como aneurismas a\u00f3rticos, arteriopat\u00eda perif\u00e9rica, arteriopat\u00eda carot\u00eddea e insuficiencia venosa cr\u00f3nica.<\/p>\n<p><strong>\u00bfCu\u00e1les son los s\u00edntomas de la enfermedad vascular perif\u00e9rica?<\/strong><\/p>\n<p>Dolor intermitente (claudicaci\u00f3n), a menudo experimentado como calambres, fatiga muscular o pesadez, normalmente en las piernas. Dolor que empeora con el ejercicio y mejora con el reposo. Las zonas afectadas tambi\u00e9n pueden sentirse inusualmente fr\u00edas.  <\/p>\n<p><strong>\u00bfCu\u00e1l es la cirug\u00eda vascular m\u00e1s frecuente?<\/strong><\/p>\n<p>Los cirujanos vasculares suelen realizar procedimientos como cirug\u00eda de la arteria car\u00f3tida, revascularizaci\u00f3n de miembros inferiores, reparaci\u00f3n endovascular de aneurismas a\u00f3rticos y tratamientos de varices. En casos graves, puede considerarse la amputaci\u00f3n del miembro como \u00faltimo recurso. <\/p>\n<p><strong>\u00bfEs peligrosa la cirug\u00eda vascular de la pierna?<\/strong><\/p>\n<p>La cirug\u00eda vascular de la pierna conlleva algunos riesgos, como cualquier procedimiento quir\u00fargico, pero su seguridad depende de factores como la salud general del paciente, la gravedad de la afecci\u00f3n vascular y el tipo de procedimiento realizado (cirug\u00eda abierta frente a t\u00e9cnicas m\u00ednimamente invasivas).<\/p>\n","protected":false},"excerpt":{"rendered":"<p>La cirug\u00eda vascular es un campo especializado de la medicina que se centra en el diagn\u00f3stico, la gesti\u00f3n y el tratamiento de enfermedades y trastornos del sistema circulatorio, incluidas las arterias, las venas y los vasos linf\u00e1ticos. Con la edad, las arterias empiezan a estrecharse y engrosarse, lo que impide que la sangre fluya con &hellip; <\/p>\n<p class=\"link-more\"><a href=\"https:\/\/www.medexdtc.com\/es\/cirugia-vascular-top-vein-doctor-in-queens-ny\/\" class=\"more-link\">Continue reading<span class=\"screen-reader-text\"> \u00abCirug\u00eda Vascular | Top Vein Doctor in Queens, NY\u00bb<\/span><\/a><\/p>\n","protected":false},"author":3,"featured_media":0,"parent":0,"menu_order":0,"comment_status":"closed","ping_status":"closed","template":"new_inner.php","meta":{"_acf_changed":false,"footnotes":""},"class_list":["post-4493","page","type-page","status-publish","hentry"],"acf":[],"yoast_head":"<!-- This site is optimized with the Yoast SEO plugin v27.5 - https:\/\/yoast.com\/product\/yoast-seo-wordpress\/ -->\n<title>Cirug\u00eda Vascular | Experto Vascular en Forest Hills, Queens, NY | Medex - Multi-Specialty Medical Center<\/title>\n<meta name=\"description\" content=\"Tu cirujano vascular en el Centro de Diagn\u00f3stico y Tratamiento Medex de Forest Hills, Queens, NY. Los especialistas vasculares atienden a pacientes con problemas en las arterias y venas fuera del coraz\u00f3n.\" \/>\n<meta name=\"robots\" content=\"index, follow, max-snippet:-1, max-image-preview:large, max-video-preview:-1\" \/>\n<link rel=\"canonical\" href=\"https:\/\/www.medexdtc.com\/es\/cirugia-vascular-top-vein-doctor-in-queens-ny\/\" \/>\n<meta property=\"og:locale\" content=\"es_ES\" \/>\n<meta property=\"og:type\" content=\"article\" \/>\n<meta property=\"og:title\" content=\"Cirug\u00eda Vascular | Experto Vascular en Forest Hills, Queens, NY | Medex - Multi-Specialty Medical Center\" \/>\n<meta property=\"og:description\" content=\"Tu cirujano vascular en el Centro de Diagn\u00f3stico y Tratamiento Medex de Forest Hills, Queens, NY. Los especialistas vasculares atienden a pacientes con problemas en las arterias y venas fuera del coraz\u00f3n.\" \/>\n<meta property=\"og:url\" content=\"https:\/\/www.medexdtc.com\/es\/cirugia-vascular-top-vein-doctor-in-queens-ny\/\" \/>\n<meta property=\"og:site_name\" content=\"Medex Diagnostic and Treatment Center - Queens Medical Center - Medical Clinic in Forest Hills, NY\" \/>\n<meta property=\"article:publisher\" content=\"https:\/\/www.facebook.com\/medexny\" \/>\n<meta property=\"og:image\" content=\"https:\/\/www.medexdtc.com\/wp-content\/uploads\/2020\/11\/vascular.jpg\" \/>\n<meta name=\"twitter:card\" content=\"summary_large_image\" \/>\n<meta name=\"twitter:site\" content=\"@DtcMedex\" \/>\n<meta name=\"twitter:label1\" content=\"Tiempo de lectura\" \/>\n\t<meta name=\"twitter:data1\" content=\"8 minutos\" \/>\n<!-- \/ Yoast SEO plugin. -->","yoast_head_json":{"title":"Cirug\u00eda Vascular | Experto Vascular en Forest Hills, Queens, NY | Medex - Multi-Specialty Medical Center","description":"Tu cirujano vascular en el Centro de Diagn\u00f3stico y Tratamiento Medex de Forest Hills, Queens, NY. Los especialistas vasculares atienden a pacientes con problemas en las arterias y venas fuera del coraz\u00f3n.","robots":{"index":"index","follow":"follow","max-snippet":"max-snippet:-1","max-image-preview":"max-image-preview:large","max-video-preview":"max-video-preview:-1"},"canonical":"https:\/\/www.medexdtc.com\/es\/cirugia-vascular-top-vein-doctor-in-queens-ny\/","og_locale":"es_ES","og_type":"article","og_title":"Cirug\u00eda Vascular | Experto Vascular en Forest Hills, Queens, NY | Medex - Multi-Specialty Medical Center","og_description":"Tu cirujano vascular en el Centro de Diagn\u00f3stico y Tratamiento Medex de Forest Hills, Queens, NY. Los especialistas vasculares atienden a pacientes con problemas en las arterias y venas fuera del coraz\u00f3n.","og_url":"https:\/\/www.medexdtc.com\/es\/cirugia-vascular-top-vein-doctor-in-queens-ny\/","og_site_name":"Medex Diagnostic and Treatment Center - Queens Medical Center - Medical Clinic in Forest Hills, NY","article_publisher":"https:\/\/www.facebook.com\/medexny","og_image":[{"url":"https:\/\/www.medexdtc.com\/wp-content\/uploads\/2020\/11\/vascular.jpg","type":"","width":"","height":""}],"twitter_card":"summary_large_image","twitter_site":"@DtcMedex","twitter_misc":{"Tiempo de lectura":"8 minutos"},"schema":{"@context":"https:\/\/schema.org","@graph":[{"@type":"WebPage","@id":"https:\/\/www.medexdtc.com\/es\/cirugia-vascular-top-vein-doctor-in-queens-ny\/","url":"https:\/\/www.medexdtc.com\/es\/cirugia-vascular-top-vein-doctor-in-queens-ny\/","name":"Cirug\u00eda Vascular | Experto Vascular en Forest Hills, Queens, NY | Medex - Multi-Specialty Medical Center","isPartOf":{"@id":"https:\/\/www.medexdtc.com\/es\/#website"},"primaryImageOfPage":{"@id":"https:\/\/www.medexdtc.com\/es\/cirugia-vascular-top-vein-doctor-in-queens-ny\/#primaryimage"},"image":{"@id":"https:\/\/www.medexdtc.com\/es\/cirugia-vascular-top-vein-doctor-in-queens-ny\/#primaryimage"},"thumbnailUrl":"https:\/\/www.medexdtc.com\/wp-content\/uploads\/2020\/11\/vascular.jpg","datePublished":"2020-11-11T16:38:13+00:00","description":"Tu cirujano vascular en el Centro de Diagn\u00f3stico y Tratamiento Medex de Forest Hills, Queens, NY. Los especialistas vasculares atienden a pacientes con problemas en las arterias y venas fuera del coraz\u00f3n.","breadcrumb":{"@id":"https:\/\/www.medexdtc.com\/es\/cirugia-vascular-top-vein-doctor-in-queens-ny\/#breadcrumb"},"inLanguage":"es","potentialAction":[{"@type":"ReadAction","target":["https:\/\/www.medexdtc.com\/es\/cirugia-vascular-top-vein-doctor-in-queens-ny\/"]}]},{"@type":"ImageObject","inLanguage":"es","@id":"https:\/\/www.medexdtc.com\/es\/cirugia-vascular-top-vein-doctor-in-queens-ny\/#primaryimage","url":"https:\/\/www.medexdtc.com\/wp-content\/uploads\/2020\/11\/vascular.jpg","contentUrl":"https:\/\/www.medexdtc.com\/wp-content\/uploads\/2020\/11\/vascular.jpg"},{"@type":"BreadcrumbList","@id":"https:\/\/www.medexdtc.com\/es\/cirugia-vascular-top-vein-doctor-in-queens-ny\/#breadcrumb","itemListElement":[{"@type":"ListItem","position":1,"name":"Home","item":"https:\/\/www.medexdtc.com\/es\/"},{"@type":"ListItem","position":2,"name":"Cirug\u00eda Vascular | Top Vein Doctor in Queens, NY"}]},{"@type":"WebSite","@id":"https:\/\/www.medexdtc.com\/es\/#website","url":"https:\/\/www.medexdtc.com\/es\/","name":"Medex DTC","description":"Medex Diagnostic and Treatment Center is a Medical Center in Queens, NY is a dynamic multi-specialty clinic. Physicians delivering high quality individualized care in Forest Hills, Queens, NY.","publisher":{"@id":"https:\/\/www.medexdtc.com\/es\/#organization"},"potentialAction":[{"@type":"SearchAction","target":{"@type":"EntryPoint","urlTemplate":"https:\/\/www.medexdtc.com\/es\/?s={search_term_string}"},"query-input":{"@type":"PropertyValueSpecification","valueRequired":true,"valueName":"search_term_string"}}],"inLanguage":"es"},{"@type":"Organization","@id":"https:\/\/www.medexdtc.com\/es\/#organization","name":"Medex DCT","url":"https:\/\/www.medexdtc.com\/es\/","logo":{"@type":"ImageObject","inLanguage":"es","@id":"https:\/\/www.medexdtc.com\/es\/#\/schema\/logo\/image\/","url":"https:\/\/www.medexdtc.com\/wp-content\/uploads\/2024\/11\/medex-diagnostic-and-treatment-center-in-queens-NY.png","contentUrl":"https:\/\/www.medexdtc.com\/wp-content\/uploads\/2024\/11\/medex-diagnostic-and-treatment-center-in-queens-NY.png","width":226,"height":47,"caption":"Medex DCT"},"image":{"@id":"https:\/\/www.medexdtc.com\/es\/#\/schema\/logo\/image\/"},"sameAs":["https:\/\/www.facebook.com\/medexny","https:\/\/x.com\/DtcMedex","https:\/\/www.instagram.com\/medexdtc\/","https:\/\/www.linkedin.com\/company\/medex-diagnostic-and-treatment-center\/about\/"]}]}},"jetpack_sharing_enabled":true,"_links":{"self":[{"href":"https:\/\/www.medexdtc.com\/es\/wp-json\/wp\/v2\/pages\/4493","targetHints":{"allow":["GET"]}}],"collection":[{"href":"https:\/\/www.medexdtc.com\/es\/wp-json\/wp\/v2\/pages"}],"about":[{"href":"https:\/\/www.medexdtc.com\/es\/wp-json\/wp\/v2\/types\/page"}],"author":[{"embeddable":true,"href":"https:\/\/www.medexdtc.com\/es\/wp-json\/wp\/v2\/users\/3"}],"replies":[{"embeddable":true,"href":"https:\/\/www.medexdtc.com\/es\/wp-json\/wp\/v2\/comments?post=4493"}],"version-history":[{"count":0,"href":"https:\/\/www.medexdtc.com\/es\/wp-json\/wp\/v2\/pages\/4493\/revisions"}],"wp:attachment":[{"href":"https:\/\/www.medexdtc.com\/es\/wp-json\/wp\/v2\/media?parent=4493"}],"curies":[{"name":"wp","href":"https:\/\/api.w.org\/{rel}","templated":true}]}}