{"id":4494,"date":"2021-01-22T18:22:35","date_gmt":"2021-01-22T13:22:35","guid":{"rendered":"https:\/\/www.medexdtc.com\/ecografia-pelvica\/"},"modified":"2021-01-22T18:22:35","modified_gmt":"2021-01-22T13:22:35","slug":"ecografia-pelvica","status":"publish","type":"page","link":"https:\/\/www.medexdtc.com\/es\/ecografia-pelvica\/","title":{"rendered":"Ecograf\u00eda p\u00e9lvica"},"content":{"rendered":"<section id=\"treatment-page-content-area-1\" class=\"treatment-page-content-area-one\">Cuando visites a tu ginec\u00f3logo en el Centro de Diagn\u00f3stico y Tratamiento Medex para el examen p\u00e9lvico anual y la citolog\u00eda vaginal, tu m\u00e9dico puede notar un bulto inusual u otra irregularidad. Tambi\u00e9n es posible que acudas al m\u00e9dico espec\u00edficamente para tratar s\u00edntomas continuos, como sangrado excesivo o dolor p\u00e9lvico. En este caso, existe una prueba sencilla, f\u00e1cil e indolora llamada ecograf\u00eda p\u00e9lvica que proporciona a tu m\u00e9dico una imagen clara de lo que puede estar ocurriendo. Siempre es mejor detectar un problema en las fases m\u00e1s tempranas para evitar que empeoren los s\u00edntomas y la enfermedad. No esperes a que te revisen cualquier anomal\u00eda; llama hoy mismo a Medex para pedir cita.    <\/p>\n<h2>\u00bfQu\u00e9 es una ecograf\u00eda p\u00e9lvica?<\/h2>\n<p>La ecograf\u00eda p\u00e9lvica es un procedimiento diagn\u00f3stico no invasivo que se utiliza para examinar los \u00f3rganos de la pelvis. Se realiza mediante un transductor que env\u00eda ondas sonoras a una frecuencia demasiado alta para ser audible. Estas ondas sonoras rebotan en los \u00f3rganos y vuelven al transductor, donde un ordenador convierte las ondas en una imagen. Los \u00f3rganos que pueden visualizarse mediante una ecograf\u00eda p\u00e9lvica son:   <\/p>\n<ul>\n<li>Ovarios<\/li>\n<li>Trompas de Falopio<\/li>\n<li>\u00datero<\/li>\n<li>C\u00e9rvix<\/li>\n<li>Vejiga<\/li>\n<li>Pr\u00f3stata<\/li>\n<li>Ri\u00f1ones<\/li>\n<\/ul>\n<p>Tu <a href=\"https:\/\/www.medexdtc.com\/primary-care\/\">m\u00e9dico de atenci\u00f3n primaria<\/a> o tu <a href=\"https:\/\/www.medexdtc.com\/es\/ginecologia-queens-los-mejores-ginecologos-en-forest-hills-queens-ny\/\">ginec\u00f3logo<\/a> del <a href=\"https:\/\/www.medexdtc.com\/es\/\">Centro de Diagn\u00f3stico y Tratamiento Medex<\/a> de Queens, Nueva York, pueden responder a cualquier pregunta que tengas sobre este procedimiento. Este tipo de ecograf\u00eda es completamente segura y no utiliza radiaci\u00f3n. Y si necesitas tratamiento o cualquier otra prueba diagn\u00f3stica, puedes conseguir que te remitan a un experto interno, porque Medex es una consulta multiespecialidad.  <\/p>\n<h2>\u00bfPor qu\u00e9 se hace una ecograf\u00eda p\u00e9lvica?<\/h2>\n<p>Una ecograf\u00eda p\u00e9lvica es una de las pruebas que puede solicitar tu m\u00e9dico si tienes dolor p\u00e9lvico. Permite al m\u00e9dico ver claramente si hay alguna irregularidad de la que preocuparse en tu regi\u00f3n p\u00e9lvica. Tu m\u00e9dico puede recomendarte tambi\u00e9n una <a href=\"https:\/\/www.medexdtc.com\/es\/ecografia-vesical\/\">ecograf\u00eda de la vejiga<\/a>, una <a href=\"https:\/\/www.medexdtc.com\/es\/ecografia-abdominal\/\">ecograf\u00eda abdominal<\/a> u otra prueba diagn\u00f3stica para determinar la causa de tus molestias. Otras razones por las que puedes necesitar someterte a una ecograf\u00eda p\u00e9lvica son   <\/p>\n<ul>\n<li>Confirmaci\u00f3n del embarazo<\/li>\n<li>Comprueba el latido de tu feto<\/li>\n<li>Problemas menstruales<\/li>\n<li>Infertilidad<\/li>\n<li>Problemas de vejiga o v\u00edas urinarias<\/li>\n<li>C\u00e1lculos renales<\/li>\n<li>Hemorragia excesiva<\/li>\n<li>Encontrar un dispositivo intrauterino (DIU)<\/li>\n<li>Embarazo tub\u00e1rico<\/li>\n<\/ul>\n<p>Tu m\u00e9dico puede discernir el movimiento y la estructura de tus \u00f3rganos p\u00e9lvicos en tiempo real mediante esta prueba. Tambi\u00e9n puede realizarse una ecograf\u00eda p\u00e9lvica para evaluar una masa palpable que tu m\u00e9dico haya encontrado durante un examen. La prueba puede ayudar a tu m\u00e9dico a determinar si se trata de un quiste lleno de l\u00edquido o de otro tipo de crecimiento, que puede ser necesario extirpar para evitar el empeoramiento de enfermedades como <a href=\"https:\/\/www.medexdtc.com\/endometriosis\/\">la endometriosis<\/a> o el c\u00e1ncer.  <\/p>\n<h2>\u00bfQu\u00e9 puedo esperar de un examen p\u00e9lvico en Queens?<\/h2>\n<p>Una ecograf\u00eda p\u00e9lvica es un procedimiento ambulatorio que se realiza en la consulta de tu m\u00e9dico en Queens. En la mayor\u00eda de los casos, no necesitas ayunar antes del examen. Tendr\u00e1s que beber al menos 24 onzas de l\u00edquido claro una hora antes de la prueba para llenar la vejiga. Esto facilita que tus \u00f3rganos se vean con claridad. Las ecograf\u00edas p\u00e9lvicas suelen completarse en unos 30 minutos, pero pueden tardar m\u00e1s si te sometes a m\u00e1s de un tipo de examen. Durante el procedimiento:     <\/p>\n<ul>\n<li>Te tumbas boca arriba en una mesa de exploraci\u00f3n.<\/li>\n<li>El t\u00e9cnico, llamado ecografista, aplica gel en la zona que se va a examinar.<\/li>\n<li>El ecografista coloca un transductor en tu bajo vientre y lo desplaza por la zona a estudiar.<\/li>\n<li>Las im\u00e1genes en blanco y negro se muestran en una pantalla de ordenador.<\/li>\n<\/ul>\n<p>Si tu m\u00e9dico considera necesaria una visi\u00f3n m\u00e1s detallada, puede recomendarte una <a href=\"https:\/\/www.medexdtc.com\/es\/ecografia-transvaginal-en-queens\/\">ecograf\u00eda transvaginal<\/a>. Este procedimiento se realiza introduciendo el transductor en la vagina, lo que puede resultar ligeramente inc\u00f3modo, pero no es doloroso. La ecograf\u00eda p\u00e9lvica en los hombres se llama ecograf\u00eda transrectal y puede recomendarla un <a href=\"https:\/\/www.medexdtc.com\/urology\/\">ur\u00f3logo<\/a> para evaluar problemas urinarios o c\u00e1lculos renales.  <\/p>\n<h2>\u00bfQu\u00e9 ocurre despu\u00e9s de una ecograf\u00eda p\u00e9lvica?<\/h2>\n<p>Despu\u00e9s de un examen p\u00e9lvico, puedes vaciar la vejiga, irte a casa y reanudar tus actividades normales. Un radi\u00f3logo revisa las im\u00e1genes y env\u00eda los resultados a tu m\u00e9dico. Tu m\u00e9dico te comunica si los resultados son normales o anormales. Algunos resultados anormales son   <\/p>\n<ul>\n<li>Ganglios linf\u00e1ticos agrandados<\/li>\n<li>Crecimientos como quistes o fibromas alrededor del \u00fatero y los ovarios<\/li>\n<li>Abscesos o infecciones en la zona p\u00e9lvica<\/li>\n<li>Torsi\u00f3n de ovarios<\/li>\n<li>Fecundaci\u00f3n de un \u00f3vulo en una de tus trompas de Falopio<\/li>\n<\/ul>\n<p>Tu m\u00e9dico puede recomendarte un examen p\u00e9lvico de seguimiento en Queens si se detecta alg\u00fan resultado anormal. Tambi\u00e9n puede recomendarse un examen de seguimiento para evaluar si se ha producido alg\u00fan cambio con el tiempo. Mant\u00e9n la comunicaci\u00f3n con tu m\u00e9dico para evitar m\u00e1s dolor y afecciones potencialmente mortales.  <\/p>\n<h2>\u00bfD\u00f3nde puedo hacerme una ecograf\u00eda p\u00e9lvica en Queens, NY?<\/h2>\n<p>Las ecograf\u00edas p\u00e9lvicas son una de las muchas pruebas diagn\u00f3sticas disponibles en el Centro de Diagn\u00f3stico y Tratamiento Medex de Queens. Cuando conf\u00edas el cuidado de tu salud a estos profesionales, tienes la ventaja de una consulta multiespecialidad para que te remitan a cualquier especialista que necesites en la propia cl\u00ednica. Adem\u00e1s de los m\u00e9dicos ginec\u00f3logos, tienes acceso a expertos en los campos de:  <\/p>\n<ul>\n<li><a href=\"https:\/\/www.medexdtc.com\/cardiology\/\">Cardiolog\u00eda<\/a><\/li>\n<li><a href=\"https:\/\/www.medexdtc.com\/dermatology\/\">Dermatolog\u00eda<\/a><\/li>\n<li><a href=\"https:\/\/www.medexdtc.com\/gastroenterology\/\">Gastroenterolog\u00eda<\/a><\/li>\n<li><a href=\"https:\/\/www.medexdtc.com\/endocrinology\/\">Endocrinolog\u00eda<\/a><\/li>\n<li><a href=\"https:\/\/www.medexdtc.com\/es\/tratamiento-del-dolor-en-queens\/\">Tratamiento del dolor<\/a><\/li>\n<li><a href=\"https:\/\/www.medexdtc.com\/physical-therapy\/\">Fisioterapia<\/a><\/li>\n<\/ul>\n<p>Aunque no puedes prevenir muchos problemas p\u00e9lvicos, mantener un peso saludable te ayuda a estar lo m\u00e1s sana posible. Toma buenas decisiones en tu estilo de vida -como mantenerte f\u00edsicamente activa y seguir una dieta sana que incluya cereales integrales, fibra y mucha fruta y verdura- para tener la mejor oportunidad posible de evitar enfermedades. <a href=\"https:\/\/www.medexdtc.com\/es\/contacta-con-nosotros\/\">Ponte en contacto con la consulta hoy mismo<\/a> para concertar una cita y asegurarte de que t\u00fa y tu familia recib\u00eds la mejor atenci\u00f3n y tratamiento preventivos de Nueva York. <\/p>\n<p>Podemos ayudarte a encontrar m\u00e9dico. Llama al <a href=\"tel:+17182758900\">(718) 275-8900<\/a> <\/p>\n<p>Con licencia del estado de Nueva York, Medex es un centro de diagn\u00f3stico y tratamiento del art\u00edculo 28. Nuestros m\u00e9dicos proporcionan atenci\u00f3n integral a pacientes de todas las edades en la zona de Forest Hills, Queens, desde hace m\u00e1s de 15 a\u00f1os. Empieza a recibir atenci\u00f3n experta ahora llamando o concertando una cita en l\u00ednea con uno de los especialistas cualificados.  <\/p>\n<\/section>\n","protected":false},"excerpt":{"rendered":"<p>Cuando visites a tu ginec\u00f3logo en el Centro de Diagn\u00f3stico y Tratamiento Medex para el examen p\u00e9lvico anual y la citolog\u00eda vaginal, tu m\u00e9dico puede notar un bulto inusual u otra irregularidad. Tambi\u00e9n es posible que acudas al m\u00e9dico espec\u00edficamente para tratar s\u00edntomas continuos, como sangrado excesivo o dolor p\u00e9lvico. En este caso, existe una &hellip; <\/p>\n<p class=\"link-more\"><a href=\"https:\/\/www.medexdtc.com\/es\/ecografia-pelvica\/\" class=\"more-link\">Continue reading<span class=\"screen-reader-text\"> \u00abEcograf\u00eda p\u00e9lvica\u00bb<\/span><\/a><\/p>\n","protected":false},"author":3,"featured_media":0,"parent":0,"menu_order":0,"comment_status":"closed","ping_status":"closed","template":"new_inner.php","meta":{"_acf_changed":false,"footnotes":""},"class_list":["post-4494","page","type-page","status-publish","hentry"],"acf":[],"yoast_head":"<!-- This site is optimized with the Yoast SEO plugin v27.3 - https:\/\/yoast.com\/product\/yoast-seo-wordpress\/ -->\n<title>Examen P\u00e9lvico Queens | Ecograf\u00eda P\u00e9lvica en Forest Hills, NY<\/title>\n<meta name=\"description\" content=\"Una ecograf\u00eda p\u00e9lvica en el Centro de Diagn\u00f3stico y Tratamiento Medex de Forest Hills, Queens, NY, es una de las pruebas que puede solicitar tu m\u00e9dico si tienes dolor p\u00e9lvico. Permite al m\u00e9dico ver claramente si hay alguna irregularidad de la que preocuparse en tu regi\u00f3n p\u00e9lvica.\" \/>\n<meta name=\"robots\" content=\"index, follow, max-snippet:-1, max-image-preview:large, max-video-preview:-1\" \/>\n<link rel=\"canonical\" href=\"https:\/\/www.medexdtc.com\/es\/ecografia-pelvica\/\" \/>\n<meta property=\"og:locale\" content=\"es_ES\" \/>\n<meta property=\"og:type\" content=\"article\" \/>\n<meta property=\"og:title\" content=\"Examen P\u00e9lvico Queens | Ecograf\u00eda P\u00e9lvica en Forest Hills, NY\" \/>\n<meta property=\"og:description\" content=\"Una ecograf\u00eda p\u00e9lvica en el Centro de Diagn\u00f3stico y Tratamiento Medex de Forest Hills, Queens, NY, es una de las pruebas que puede solicitar tu m\u00e9dico si tienes dolor p\u00e9lvico. Permite al m\u00e9dico ver claramente si hay alguna irregularidad de la que preocuparse en tu regi\u00f3n p\u00e9lvica.\" \/>\n<meta property=\"og:url\" content=\"https:\/\/www.medexdtc.com\/es\/ecografia-pelvica\/\" \/>\n<meta property=\"og:site_name\" content=\"Medex Diagnostic and Treatment Center - Queens Medical Center - Medical Clinic in Forest Hills, NY\" \/>\n<meta property=\"article:publisher\" content=\"https:\/\/www.facebook.com\/medexny\" \/>\n<meta name=\"twitter:card\" content=\"summary_large_image\" \/>\n<meta name=\"twitter:site\" content=\"@DtcMedex\" \/>\n<meta name=\"twitter:label1\" content=\"Tiempo de lectura\" \/>\n\t<meta name=\"twitter:data1\" content=\"6 minutos\" \/>\n<!-- \/ Yoast SEO plugin. -->","yoast_head_json":{"title":"Examen P\u00e9lvico Queens | Ecograf\u00eda P\u00e9lvica en Forest Hills, NY","description":"Una ecograf\u00eda p\u00e9lvica en el Centro de Diagn\u00f3stico y Tratamiento Medex de Forest Hills, Queens, NY, es una de las pruebas que puede solicitar tu m\u00e9dico si tienes dolor p\u00e9lvico. Permite al m\u00e9dico ver claramente si hay alguna irregularidad de la que preocuparse en tu regi\u00f3n p\u00e9lvica.","robots":{"index":"index","follow":"follow","max-snippet":"max-snippet:-1","max-image-preview":"max-image-preview:large","max-video-preview":"max-video-preview:-1"},"canonical":"https:\/\/www.medexdtc.com\/es\/ecografia-pelvica\/","og_locale":"es_ES","og_type":"article","og_title":"Examen P\u00e9lvico Queens | Ecograf\u00eda P\u00e9lvica en Forest Hills, NY","og_description":"Una ecograf\u00eda p\u00e9lvica en el Centro de Diagn\u00f3stico y Tratamiento Medex de Forest Hills, Queens, NY, es una de las pruebas que puede solicitar tu m\u00e9dico si tienes dolor p\u00e9lvico. Permite al m\u00e9dico ver claramente si hay alguna irregularidad de la que preocuparse en tu regi\u00f3n p\u00e9lvica.","og_url":"https:\/\/www.medexdtc.com\/es\/ecografia-pelvica\/","og_site_name":"Medex Diagnostic and Treatment Center - Queens Medical Center - Medical Clinic in Forest Hills, NY","article_publisher":"https:\/\/www.facebook.com\/medexny","twitter_card":"summary_large_image","twitter_site":"@DtcMedex","twitter_misc":{"Tiempo de lectura":"6 minutos"},"schema":{"@context":"https:\/\/schema.org","@graph":[{"@type":"WebPage","@id":"https:\/\/www.medexdtc.com\/es\/ecografia-pelvica\/","url":"https:\/\/www.medexdtc.com\/es\/ecografia-pelvica\/","name":"Examen P\u00e9lvico Queens | Ecograf\u00eda P\u00e9lvica en Forest Hills, NY","isPartOf":{"@id":"https:\/\/www.medexdtc.com\/es\/#website"},"datePublished":"2021-01-22T13:22:35+00:00","description":"Una ecograf\u00eda p\u00e9lvica en el Centro de Diagn\u00f3stico y Tratamiento Medex de Forest Hills, Queens, NY, es una de las pruebas que puede solicitar tu m\u00e9dico si tienes dolor p\u00e9lvico. Permite al m\u00e9dico ver claramente si hay alguna irregularidad de la que preocuparse en tu regi\u00f3n p\u00e9lvica.","breadcrumb":{"@id":"https:\/\/www.medexdtc.com\/es\/ecografia-pelvica\/#breadcrumb"},"inLanguage":"es","potentialAction":[{"@type":"ReadAction","target":["https:\/\/www.medexdtc.com\/es\/ecografia-pelvica\/"]}]},{"@type":"BreadcrumbList","@id":"https:\/\/www.medexdtc.com\/es\/ecografia-pelvica\/#breadcrumb","itemListElement":[{"@type":"ListItem","position":1,"name":"Home","item":"https:\/\/www.medexdtc.com\/es\/"},{"@type":"ListItem","position":2,"name":"Ecograf\u00eda p\u00e9lvica"}]},{"@type":"WebSite","@id":"https:\/\/www.medexdtc.com\/es\/#website","url":"https:\/\/www.medexdtc.com\/es\/","name":"Medex DTC","description":"Medex Diagnostic and Treatment Center is a Medical Center in Queens, NY is a dynamic multi-specialty clinic. Physicians delivering high quality individualized care in Forest Hills, Queens, NY.","publisher":{"@id":"https:\/\/www.medexdtc.com\/es\/#organization"},"potentialAction":[{"@type":"SearchAction","target":{"@type":"EntryPoint","urlTemplate":"https:\/\/www.medexdtc.com\/es\/?s={search_term_string}"},"query-input":{"@type":"PropertyValueSpecification","valueRequired":true,"valueName":"search_term_string"}}],"inLanguage":"es"},{"@type":"Organization","@id":"https:\/\/www.medexdtc.com\/es\/#organization","name":"Medex DCT","url":"https:\/\/www.medexdtc.com\/es\/","logo":{"@type":"ImageObject","inLanguage":"es","@id":"https:\/\/www.medexdtc.com\/es\/#\/schema\/logo\/image\/","url":"https:\/\/www.medexdtc.com\/wp-content\/uploads\/2024\/11\/medex-diagnostic-and-treatment-center-in-queens-NY.png","contentUrl":"https:\/\/www.medexdtc.com\/wp-content\/uploads\/2024\/11\/medex-diagnostic-and-treatment-center-in-queens-NY.png","width":226,"height":47,"caption":"Medex DCT"},"image":{"@id":"https:\/\/www.medexdtc.com\/es\/#\/schema\/logo\/image\/"},"sameAs":["https:\/\/www.facebook.com\/medexny","https:\/\/x.com\/DtcMedex","https:\/\/www.instagram.com\/medexdtc\/","https:\/\/www.linkedin.com\/company\/medex-diagnostic-and-treatment-center\/about\/"]}]}},"jetpack_sharing_enabled":true,"_links":{"self":[{"href":"https:\/\/www.medexdtc.com\/es\/wp-json\/wp\/v2\/pages\/4494","targetHints":{"allow":["GET"]}}],"collection":[{"href":"https:\/\/www.medexdtc.com\/es\/wp-json\/wp\/v2\/pages"}],"about":[{"href":"https:\/\/www.medexdtc.com\/es\/wp-json\/wp\/v2\/types\/page"}],"author":[{"embeddable":true,"href":"https:\/\/www.medexdtc.com\/es\/wp-json\/wp\/v2\/users\/3"}],"replies":[{"embeddable":true,"href":"https:\/\/www.medexdtc.com\/es\/wp-json\/wp\/v2\/comments?post=4494"}],"version-history":[{"count":0,"href":"https:\/\/www.medexdtc.com\/es\/wp-json\/wp\/v2\/pages\/4494\/revisions"}],"wp:attachment":[{"href":"https:\/\/www.medexdtc.com\/es\/wp-json\/wp\/v2\/media?parent=4494"}],"curies":[{"name":"wp","href":"https:\/\/api.w.org\/{rel}","templated":true}]}}