{"id":4495,"date":"2021-01-22T18:23:01","date_gmt":"2021-01-22T13:23:01","guid":{"rendered":"https:\/\/www.medexdtc.com\/ecografia-escrotal-en-queens\/"},"modified":"2021-01-22T18:23:01","modified_gmt":"2021-01-22T13:23:01","slug":"ecografia-escrotal-en-queens","status":"publish","type":"page","link":"https:\/\/www.medexdtc.com\/es\/ecografia-escrotal-en-queens\/","title":{"rendered":"Ecograf\u00eda escrotal en Queens"},"content":{"rendered":"<section id=\"treatment-page-content-area-1\" class=\"treatment-page-content-area-one\">Los hombres con alto riesgo de c\u00e1ncer testicular pueden hacerse una prueba de imagen reveladora llamada ecograf\u00eda escrotal. En el Centro de Diagn\u00f3stico y Tratamiento Medex, tus m\u00e9dicos siempre se centran primero en la prevenci\u00f3n. Pueden aconsejarte que te sometas a este procedimiento f\u00e1cil e indoloro por varias razones diferentes, cada una de ellas una forma de mantenerte sano y prevenir futuras enfermedades. La consulta multiespecialidad de Queens, Nueva York, ofrece atenci\u00f3n primaria, urolog\u00eda, dermatolog\u00eda y otros muchos expertos, c\u00f3modamente bajo un mismo techo. No pospongas una prueba que puede salvarte la vida. Llama hoy para pedir cita.     <\/p>\n<h2>\u00bfQu\u00e9 es la ecograf\u00eda escrotal?<\/h2>\n<p>Una ecograf\u00eda escrotal es un procedimiento de diagn\u00f3stico por imagen que permite a tu m\u00e9dico ver debajo de la piel del escroto. El escroto es el saco carnoso que hay entre las piernas del hombre y detr\u00e1s del pene, y que contiene los test\u00edculos. Aunque es una zona sensible, hay que examinarla para detectar c\u00e1ncer y otras enfermedades.  <\/p>\n<p>Los test\u00edculos se encargan de producir la testosterona de tu cuerpo y los espermatozoides para tu aparato reproductor. Tu escroto tambi\u00e9n contiene numerosos vasos sangu\u00edneos y el conducto deferente, que transporta el esperma al pene durante la eyaculaci\u00f3n. Tu gl\u00e1ndula prost\u00e1tica a\u00f1ade l\u00edquido por el camino.  <\/p>\n<p>Tu <a href=\"https:\/\/www.medexdtc.com\/primary-care\/\">m\u00e9dico de atenci\u00f3n primaria<\/a>, <a href=\"https:\/\/www.medexdtc.com\/urology\/\">ur\u00f3logo<\/a> u otro especialista pueden determinar que es necesaria una ecograf\u00eda escrotal por diversos motivos. En el <a href=\"https:\/\/www.medexdtc.com\/es\/\">Centro de Diagn\u00f3stico y Tratamiento Medex<\/a>, la prueba se realiza en el mismo edificio, por lo que no es necesario derivarte a otro lugar. Todos tus historiales est\u00e1n disponibles en la consulta multiespecialidad situada bajo un mismo techo en Queens, Nueva York. Tus distintos especialistas se consultan entre s\u00ed y comparten informaci\u00f3n para que recibas el mejor y m\u00e1s completo tratamiento y pruebas preventivas para tus necesidades espec\u00edficas.   <\/p>\n<h2>\u00bfC\u00f3mo funciona la ecograf\u00eda escrotal?<\/h2>\n<p>La ecograf\u00eda escrotal es una forma de ecograf\u00eda diagn\u00f3stica que utiliza ondas sonoras por encima de la gama de frecuencias que pueden detectar tus o\u00eddos para producir una imagen del interior de tu cuerpo. Las ondas sonoras emanan de un dispositivo port\u00e1til llamado transductor. Las ondas sonoras rebotan en las estructuras del interior de tu escroto y vuelven al transductor, que las transfiere a un ordenador, que crea im\u00e1genes en vivo en blanco y negro.  <\/p>\n<p>Tu m\u00e9dico utiliza la ecograf\u00eda diagn\u00f3stica para descubrir posibles problemas en el interior de tu cuerpo. Esta t\u00e9cnica se subdivide a su vez en dos categor\u00edas: <\/p>\n<ol>\n<li><strong>Ecograf\u00eda anat\u00f3mica.<\/strong>  Esta t\u00e9cnica genera im\u00e1genes de los \u00f3rganos internos contenidos en tu escroto.<\/li>\n<li><strong>Ecograf\u00eda funcional.<\/strong> Los m\u00e9dicos utilizan esta t\u00e9cnica para ver el flujo sangu\u00edneo en ex\u00e1menes como la <a href=\"https:\/\/www.medexdtc.com\/es\/doppler-venoso\/\">prueba Doppler venosa<\/a>.<\/li>\n<\/ol>\n<h2>\u00bfPor qu\u00e9 puedo necesitar una ecograf\u00eda escrotal?<\/h2>\n<p>Tu m\u00e9dico puede decidir que necesitas una ecograf\u00eda escrotal si observa un bulto u otra anomal\u00eda en el escroto. Si sospecha que hay un problema, solicita una ecograf\u00eda para obtener la mejor imagen posible. Otras razones por las que puede querer que te hagas la prueba son:  <\/p>\n<ul>\n<li>Para saber por qu\u00e9 un test\u00edculo se ha hecho m\u00e1s grande que el otro<\/li>\n<li>Observar una masa o bulto en uno o ambos test\u00edculos.<\/li>\n<li>Identificar la causa del dolor testicular<\/li>\n<li>Para comprender la naturaleza del flujo sangu\u00edneo de tus test\u00edculos<\/li>\n<li>Evaluar el motivo de la posible infertilidad<\/li>\n<li>Evaluar los resultados de un traumatismo o accidente<\/li>\n<\/ul>\n<p>Los m\u00e9dicos de Medex est\u00e1n atentos para prevenir enfermedades y detectar problemas emergentes antes de que se agraven demasiado. Gracias a la amplia gama de especialistas disponibles en esta consulta multidisciplinar, tienes f\u00e1cil acceso a todos los especialistas que puedas necesitar para diagnosticar y tratar pr\u00e1cticamente cualquier problema m\u00e9dico y de salud mental. <\/p>\n<h2>\u00bfC\u00f3mo se realiza una ecograf\u00eda escrotal?<\/h2>\n<p>No necesitas hacer ning\u00fan preparativo especial para someterte a la ecograf\u00eda escrotal. Pres\u00e9ntate en la consulta de tu m\u00e9dico a la hora adecuada, y el ecografista te indicar\u00e1 que te tumbes en una camilla y abras las piernas. El procedimiento sigue una serie de pasos que incluyen:  <\/p>\n<ol>\n<li>Se coloca una tela encima de los muslos y debajo del escroto. Puede ser necesaria cinta m\u00e9dica para suspender el escroto y mantener los test\u00edculos alineados en t\u00e1ndem. <\/li>\n<li>A continuaci\u00f3n, el ecografista aplica un gel transparente y caliente sobre la piel que rodea tu escroto para facilitar la transmisi\u00f3n de las ondas sonoras.<\/li>\n<li>A continuaci\u00f3n, el ecografista presiona ligeramente una varilla manual llamada transductor sobre tu escroto y la desplaza por toda la zona para obtener una imagen n\u00edtida.<\/li>\n<li>El ec\u00f3grafo genera ondas sonoras de alta frecuencia que penetran en el tejido del interior del escroto y rebotan en \u00e9l para proporcionar una imagen detallada de la zona situada bajo la piel.<\/li>\n<li>Las im\u00e1genes en directo aparecen en el monitor de un ordenador.<\/li>\n<\/ol>\n<p>Todo el procedimiento es indoloro y no invasivo. Termina en 30 minutos. Adem\u00e1s, la prueba no contiene elementos potencialmente nocivos, como radiaciones ionizantes y medios de contraste ingeribles.  <\/p>\n<h2>\u00bfQu\u00e9 ocurre despu\u00e9s de una ecograf\u00eda escrotal?<\/h2>\n<p>Cuando el ecografista haya terminado la exploraci\u00f3n, puedes asearte y vestirte. Cuando salgas de la consulta, puedes reincorporarte inmediatamente a tus actividades normales. Mientras tanto, el ecografista env\u00eda las im\u00e1genes a un radi\u00f3logo, que las interpreta para tu m\u00e9dico. Tu m\u00e9dico las revisa y programa una cita para comentar los resultados contigo. Si los resultados son anormales, puede remitirte a un especialista, como un ur\u00f3logo. Entonces tus m\u00e9dicos te ofrecen un plan de tratamiento.     <\/p>\n<p>La detecci\u00f3n precoz es el camino m\u00e1s seguro hacia la salud completa. Tu equipo de m\u00e9dicos de Medex se centra en la prevenci\u00f3n y siempre empieza el tratamiento de las enfermedades sospechosas con la soluci\u00f3n menos invasiva. Eso puede significar simples cambios en el estilo de vida. <a href=\"https:\/\/www.medexdtc.com\/es\/contacta-con-nosotros\/\">Ponte en contacto con Medex hoy mismo<\/a> para programar una consulta.  <\/p>\n<p>Podemos ayudarte a encontrar m\u00e9dico. Llama al <a href=\"tel:+17182758900\">(718) 275-8900<\/a> <\/p>\n<p>Con licencia del estado de Nueva York, Medex es un centro de diagn\u00f3stico y tratamiento del art\u00edculo 28. Nuestros m\u00e9dicos proporcionan atenci\u00f3n integral a pacientes de todas las edades en la zona de Forest Hills, Queens, desde hace m\u00e1s de 15 a\u00f1os. Empieza a recibir atenci\u00f3n experta ahora llamando o concertando una cita en l\u00ednea con uno de los especialistas cualificados.  <\/p>\n<\/section>\n","protected":false},"excerpt":{"rendered":"<p>Los hombres con alto riesgo de c\u00e1ncer testicular pueden hacerse una prueba de imagen reveladora llamada ecograf\u00eda escrotal. En el Centro de Diagn\u00f3stico y Tratamiento Medex, tus m\u00e9dicos siempre se centran primero en la prevenci\u00f3n. Pueden aconsejarte que te sometas a este procedimiento f\u00e1cil e indoloro por varias razones diferentes, cada una de ellas una &hellip; <\/p>\n<p class=\"link-more\"><a href=\"https:\/\/www.medexdtc.com\/es\/ecografia-escrotal-en-queens\/\" class=\"more-link\">Continue reading<span class=\"screen-reader-text\"> \u00abEcograf\u00eda escrotal en Queens\u00bb<\/span><\/a><\/p>\n","protected":false},"author":3,"featured_media":0,"parent":0,"menu_order":0,"comment_status":"closed","ping_status":"closed","template":"new_inner.php","meta":{"_acf_changed":false,"footnotes":""},"class_list":["post-4495","page","type-page","status-publish","hentry"],"acf":[],"yoast_head":"<!-- This site is optimized with the Yoast SEO plugin v27.3 - https:\/\/yoast.com\/product\/yoast-seo-wordpress\/ -->\n<title>Ecograf\u00eda Escrotal | Mejores Ur\u00f3logos en Forest Hills, Queens, NY | Medex - Centro M\u00e9dico de Especialidades M\u00faltiples<\/title>\n<meta name=\"description\" content=\"Una ecograf\u00eda escrotal obtiene im\u00e1genes de los test\u00edculos y la zona circundante en el escroto. Inf\u00f3rmate sobre la preparaci\u00f3n, el procedimiento y los resultados en el Centro M\u00e9dico de Especialidades M\u00faltiples Medex de Forest Hills, Queens, NY.\" \/>\n<meta name=\"robots\" content=\"index, follow, max-snippet:-1, max-image-preview:large, max-video-preview:-1\" \/>\n<link rel=\"canonical\" href=\"https:\/\/www.medexdtc.com\/es\/ecografia-escrotal-en-queens\/\" \/>\n<meta property=\"og:locale\" content=\"es_ES\" \/>\n<meta property=\"og:type\" content=\"article\" \/>\n<meta property=\"og:title\" content=\"Ecograf\u00eda Escrotal | Mejores Ur\u00f3logos en Forest Hills, Queens, NY | Medex - Centro M\u00e9dico de Especialidades M\u00faltiples\" \/>\n<meta property=\"og:description\" content=\"Una ecograf\u00eda escrotal obtiene im\u00e1genes de los test\u00edculos y la zona circundante en el escroto. Inf\u00f3rmate sobre la preparaci\u00f3n, el procedimiento y los resultados en el Centro M\u00e9dico de Especialidades M\u00faltiples Medex de Forest Hills, Queens, NY.\" \/>\n<meta property=\"og:url\" content=\"https:\/\/www.medexdtc.com\/es\/ecografia-escrotal-en-queens\/\" \/>\n<meta property=\"og:site_name\" content=\"Medex Diagnostic and Treatment Center - Queens Medical Center - Medical Clinic in Forest Hills, NY\" \/>\n<meta property=\"article:publisher\" content=\"https:\/\/www.facebook.com\/medexny\" \/>\n<meta name=\"twitter:card\" content=\"summary_large_image\" \/>\n<meta name=\"twitter:site\" content=\"@DtcMedex\" \/>\n<meta name=\"twitter:label1\" content=\"Tiempo de lectura\" \/>\n\t<meta name=\"twitter:data1\" content=\"6 minutos\" \/>\n<!-- \/ Yoast SEO plugin. -->","yoast_head_json":{"title":"Ecograf\u00eda Escrotal | Mejores Ur\u00f3logos en Forest Hills, Queens, NY | Medex - Centro M\u00e9dico de Especialidades M\u00faltiples","description":"Una ecograf\u00eda escrotal obtiene im\u00e1genes de los test\u00edculos y la zona circundante en el escroto. Inf\u00f3rmate sobre la preparaci\u00f3n, el procedimiento y los resultados en el Centro M\u00e9dico de Especialidades M\u00faltiples Medex de Forest Hills, Queens, NY.","robots":{"index":"index","follow":"follow","max-snippet":"max-snippet:-1","max-image-preview":"max-image-preview:large","max-video-preview":"max-video-preview:-1"},"canonical":"https:\/\/www.medexdtc.com\/es\/ecografia-escrotal-en-queens\/","og_locale":"es_ES","og_type":"article","og_title":"Ecograf\u00eda Escrotal | Mejores Ur\u00f3logos en Forest Hills, Queens, NY | Medex - Centro M\u00e9dico de Especialidades M\u00faltiples","og_description":"Una ecograf\u00eda escrotal obtiene im\u00e1genes de los test\u00edculos y la zona circundante en el escroto. Inf\u00f3rmate sobre la preparaci\u00f3n, el procedimiento y los resultados en el Centro M\u00e9dico de Especialidades M\u00faltiples Medex de Forest Hills, Queens, NY.","og_url":"https:\/\/www.medexdtc.com\/es\/ecografia-escrotal-en-queens\/","og_site_name":"Medex Diagnostic and Treatment Center - Queens Medical Center - Medical Clinic in Forest Hills, NY","article_publisher":"https:\/\/www.facebook.com\/medexny","twitter_card":"summary_large_image","twitter_site":"@DtcMedex","twitter_misc":{"Tiempo de lectura":"6 minutos"},"schema":{"@context":"https:\/\/schema.org","@graph":[{"@type":"WebPage","@id":"https:\/\/www.medexdtc.com\/es\/ecografia-escrotal-en-queens\/","url":"https:\/\/www.medexdtc.com\/es\/ecografia-escrotal-en-queens\/","name":"Ecograf\u00eda Escrotal | Mejores Ur\u00f3logos en Forest Hills, Queens, NY | Medex - Centro M\u00e9dico de Especialidades M\u00faltiples","isPartOf":{"@id":"https:\/\/www.medexdtc.com\/es\/#website"},"datePublished":"2021-01-22T13:23:01+00:00","description":"Una ecograf\u00eda escrotal obtiene im\u00e1genes de los test\u00edculos y la zona circundante en el escroto. Inf\u00f3rmate sobre la preparaci\u00f3n, el procedimiento y los resultados en el Centro M\u00e9dico de Especialidades M\u00faltiples Medex de Forest Hills, Queens, NY.","breadcrumb":{"@id":"https:\/\/www.medexdtc.com\/es\/ecografia-escrotal-en-queens\/#breadcrumb"},"inLanguage":"es","potentialAction":[{"@type":"ReadAction","target":["https:\/\/www.medexdtc.com\/es\/ecografia-escrotal-en-queens\/"]}]},{"@type":"BreadcrumbList","@id":"https:\/\/www.medexdtc.com\/es\/ecografia-escrotal-en-queens\/#breadcrumb","itemListElement":[{"@type":"ListItem","position":1,"name":"Home","item":"https:\/\/www.medexdtc.com\/es\/"},{"@type":"ListItem","position":2,"name":"Ecograf\u00eda escrotal en Queens"}]},{"@type":"WebSite","@id":"https:\/\/www.medexdtc.com\/es\/#website","url":"https:\/\/www.medexdtc.com\/es\/","name":"Medex DTC","description":"Medex Diagnostic and Treatment Center is a Medical Center in Queens, NY is a dynamic multi-specialty clinic. Physicians delivering high quality individualized care in Forest Hills, Queens, NY.","publisher":{"@id":"https:\/\/www.medexdtc.com\/es\/#organization"},"potentialAction":[{"@type":"SearchAction","target":{"@type":"EntryPoint","urlTemplate":"https:\/\/www.medexdtc.com\/es\/?s={search_term_string}"},"query-input":{"@type":"PropertyValueSpecification","valueRequired":true,"valueName":"search_term_string"}}],"inLanguage":"es"},{"@type":"Organization","@id":"https:\/\/www.medexdtc.com\/es\/#organization","name":"Medex DCT","url":"https:\/\/www.medexdtc.com\/es\/","logo":{"@type":"ImageObject","inLanguage":"es","@id":"https:\/\/www.medexdtc.com\/es\/#\/schema\/logo\/image\/","url":"https:\/\/www.medexdtc.com\/wp-content\/uploads\/2024\/11\/medex-diagnostic-and-treatment-center-in-queens-NY.png","contentUrl":"https:\/\/www.medexdtc.com\/wp-content\/uploads\/2024\/11\/medex-diagnostic-and-treatment-center-in-queens-NY.png","width":226,"height":47,"caption":"Medex DCT"},"image":{"@id":"https:\/\/www.medexdtc.com\/es\/#\/schema\/logo\/image\/"},"sameAs":["https:\/\/www.facebook.com\/medexny","https:\/\/x.com\/DtcMedex","https:\/\/www.instagram.com\/medexdtc\/","https:\/\/www.linkedin.com\/company\/medex-diagnostic-and-treatment-center\/about\/"]}]}},"jetpack_sharing_enabled":true,"_links":{"self":[{"href":"https:\/\/www.medexdtc.com\/es\/wp-json\/wp\/v2\/pages\/4495","targetHints":{"allow":["GET"]}}],"collection":[{"href":"https:\/\/www.medexdtc.com\/es\/wp-json\/wp\/v2\/pages"}],"about":[{"href":"https:\/\/www.medexdtc.com\/es\/wp-json\/wp\/v2\/types\/page"}],"author":[{"embeddable":true,"href":"https:\/\/www.medexdtc.com\/es\/wp-json\/wp\/v2\/users\/3"}],"replies":[{"embeddable":true,"href":"https:\/\/www.medexdtc.com\/es\/wp-json\/wp\/v2\/comments?post=4495"}],"version-history":[{"count":0,"href":"https:\/\/www.medexdtc.com\/es\/wp-json\/wp\/v2\/pages\/4495\/revisions"}],"wp:attachment":[{"href":"https:\/\/www.medexdtc.com\/es\/wp-json\/wp\/v2\/media?parent=4495"}],"curies":[{"name":"wp","href":"https:\/\/api.w.org\/{rel}","templated":true}]}}