{"id":4503,"date":"2020-08-05T23:36:50","date_gmt":"2020-08-05T18:36:50","guid":{"rendered":"https:\/\/www.medexdtc.com\/pruebas-de-ets-en-queens-pruebas-de-ets-cerca-de-mi\/"},"modified":"2025-09-15T04:27:01","modified_gmt":"2025-09-14T23:27:01","slug":"pruebas-de-ets-en-queens-pruebas-de-ets-cerca-de-mi","status":"publish","type":"page","link":"https:\/\/www.medexdtc.com\/es\/pruebas-de-ets-en-queens-pruebas-de-ets-cerca-de-mi\/","title":{"rendered":"Pruebas de ETS en Queens | Pruebas de ETS cerca de m\u00ed"},"content":{"rendered":"<p>Looking for <strong data-start=\"12\" data-end=\"68\">confidential and reliable STD testing in Queens, NYC<\/strong>? At Medex Diagnostic and Treatment Center, we offer fast, accurate, and private STD testing to help you take control of your health. Sexually transmitted diseases (STDs) and sexually transmitted infections (STIs) are common among Americans from teenage years on. Looking for \u00abSTD Testing Near me\u00bb? At the Medex Diagnostic and Treatment Center in Queens, NY, you get accurate and discrete STD testing and, when necessary, appropriate treatment. Get tested today to protect yourself and your partners. Call to schedule your test today.<\/p>\n<p>According to the United States Center for Disease Control and Prevention (CDC), sexually transmitted diseases (STDs) have reached enormous proportions in the country. Research indicates that roughly half of all Americans contract a sexually transmitted infection (STI) by the age of 25. The CDC estimates that the US healthcare system deals with roughly 20 million case of STIs each year, half of which affect those in the 15-to-24 age bracket.<\/p>\n<h2 class=\"css-1uwmyp9-text css-aqdypc css-13sga99 css-13o7eu2 css-542wex\"><span class=\"css-1uwmyp9-text css-aqdypc css-13sga99 css-6n7j50\">Medex STD Testing Center<\/span><\/h2>\n<p>Doctors and researchers tend to use the terms STI and STD interchangeably, but there is a difference. STI is the more modern term. Not every person with an STI develops common symptoms of the infection. For instance, most women infected by the common human papillomavirus (HPV) don&#8217;t develop cervical cancer.<\/p>\n<p>Doctors who perform STD testing include <a href=\"https:\/\/www.medexdtc.com\/our-team\/dr-david-khasidy-md\/\">primary care physicians<\/a>, <a href=\"https:\/\/www.medexdtc.com\/our-team\/ziyad-a-mansur-md\/\">gynecologists<\/a>, <a href=\"https:\/\/www.medexdtc.com\/our-team\/dr-ron-bakal-md\/\">urologists<\/a>, and infectious disease specialists.<\/p>\n<p><strong>\u00a0\u00a0<a href=\"https:\/\/www.medexdtc.com\/our-team\/dr-david-khasidy-md\/\">David Khasidy, MD, Internist, Primary Care Doctor Queens,NY\u00a0<\/a><\/strong><\/p>\n<div class=\"wp-block-buttons\">\n<div class=\"wp-block-button\"><a class=\"wp-block-button__link has-vivid-red-background-color has-background wp-element-button\" href=\"https:\/\/app.nexhealth.com\/appt\/medex-diagnostic-and-treatment-center\">Schedule Appointment<\/a><\/div>\n<div>\u00a0<\/div>\n<\/div>\n<p>STD testing identifies those infected by a virus or bacteria. The testing catches an infection in its early stages, enabling timely treatment and preventing further spread. If you feel you may have an STI, the Medex Diagnostic and Treatment Center in Queens, NY provides the testing you need in a safe, confidential manner.<\/p>\n<p>Learn more about:<\/p>\n<p><span style=\"font-weight: 400;\"><a href=\"https:\/\/www.medexdtc.com\/painful-urination\/\" target=\"_blank\" rel=\"noopener\">Painful Urination<\/a> (chlamydia, gonorrhea)<\/span><\/p>\n<p><a href=\"https:\/\/www.medexdtc.com\/urology\/\" target=\"_blank\" rel=\"noopener\"><span style=\"font-weight: 400;\">Urology Queens, NY<\/span><\/a><\/p>\n<p><span style=\"font-weight: 400;\">\u2502<\/span><\/p>\n<h2>Who Should Get Tested?<\/h2>\n<p>If you\u2019re sexually active, especially if you\u2019ve had more than one partner, you should always use protection against disease. Condoms, though, don\u2019t always prevent STIs. Therefore, you need to undergo regular STI testing, both for yourself and your partner or partners.<\/p>\n<p>Even if you\u2019re not experiencing any symptoms, you may have already been infected. Once infected, you can transmit the virus or disease to others. Don\u2019t assume that you\u2019re getting tested during routine Pap tests or gynecological exams. Tell your\u00a0<a href=\"https:\/\/www.medexdtc.com\/gynecology\/\">gynecologist<\/a>\u00a0or\u00a0<a href=\"https:\/\/www.medexdtc.com\/urology\/\">urologist<\/a>\u00a0about your concerns and request STD testing.<\/p>\n<h2>What Sort of STD Testing Do You Need?<\/h2>\n<p>Early detection is the key to treating STIs. Even if you have no symptoms, STD testing should be part of your health regimen, just like getting your cholesterol levels checked. According to the CDC, 24,000 women become sterile each year due to undiagnosed STIs. Don\u2019t postpone simple STD testing.<\/p>\n<p>There\u2019s not one test that covers all known STIs and STDs. You either need to take a battery of tests or you need to know which STI test to take. Unless a sexual partner has tested positive for a specific STI, you don\u2019t know which test you need.<\/p>\n<h2>Testing for Gonorrhea and Chlamydia<\/h2>\n<p>Gonorrhea is less prevalent than it used to be, but it results in infertility if you don\u2019t get it treated. Chlamydia often has no symptoms, but it\u2019s still highly contagious. Testing for gonorrhea and chlamydia involves either a urine test or a swab from your penis or cervix.<\/p>\n<p>Medical experts recommend getting tested annually for both diseases if you are a:<\/p>\n<ul>\n<li>Sexually active female under 25<\/li>\n<li>Sexually active woman over 25 with several partners<\/li>\n<li>Homosexual male<\/li>\n<li>Man or woman who\u2019s already tested positive for HIV<\/li>\n<li>Rape victim<\/li>\n<\/ul>\n<h2>Testing for HIV, Syphilis and Hepatitis<\/h2>\n<p>These STIs are all serious diseases that are best caught early, so you benefit from regular testing. The CDC recommends at least one test for everyone between the ages of 13 and 64. If you\u2019re in a higher-risk group, get tested more frequently.<\/p>\n<p>If you were born between 1945 and 1965, the CDC recommends testing for hepatitis C as well. Vaccines are available for both hepatitis A and B. You should be tested for HIV, syphilis and hepatitis if you\u2019ve tested positive for another STI, have multiple sexual partners or have intercourse with someone who has multiple partners. Additionally, get tested if you are a:<\/p>\n<ul>\n<li>Homosexual male<\/li>\n<li>Intravenous drug user<\/li>\n<li>Woman who\u2019s pregnant or are trying to conceive<\/li>\n<li>Rape victim<\/li>\n<\/ul>\n<h2>Testing for HPV and Herpes<\/h2>\n<p>The human papillomavirus is one of the most common infections, and most people don\u2019t even realize they have it. Depending on the type, HPV can cause either genital warts or cervical cancer. On the other hand, infected people may show no symptoms. The virus may disappear after about two years, and there is a\u00a0<a href=\"https:\/\/www.medexdtc.com\/flu-vaccine-hpv-vaccine\/\">vaccine for it<\/a>.<\/p>\n<p>Men don\u2019t require regular testing, and doctors can diagnose them during a visual exam or a biopsy of suspect tissue. Women should undergo routine testing for HPV that includes:<\/p>\n<ul>\n<li>A Pap test every three years if between the age of 21 and 65<\/li>\n<li>An HPV test every five years after the age of 30 if previous tests were negative<\/li>\n<\/ul>\n<h2>Finding STD Testing Near Me<\/h2>\n<p>When looking for effective ways to test for sexually transmitted diseases, locate a multidisciplinary clinic with a skilled medical team offering\u00a0<strong>STD testing near you<\/strong>\u00a0in a safe, confidential, and private environment. If your STI diagnostic test results are positive, your gynecologist or urologist at the Medex Diagnostic and Treatment Center will provide personalized recommendations, including additional tests or specific treatments to clear up a bacterial infection, reduce flare-ups of a viral infection, and prevent transmission to partners.<\/p>\n<p><strong>No accurate screening method exists for the herpes virus, but even asymptomatic people transmit it. Your Medex doctor tests tissue from a herpes-like sore, but a negative result doesn\u2019t preclude a herpes infection. Blood tests are also available, but negative results still aren\u2019t conclusive.<\/strong><\/p>\n<p><strong>Follow the established guidelines to know when to schedule the proper STD test. The experts at the Medex Diagnostic and Treatment Center perform all the necessary exams.\u00a0<a href=\"https:\/\/www.medexdtc.com\/std-testing\/#contact-form\">Contact the practice today<\/a>\u00a0to schedule an appointment in Queens.<\/strong><\/p>\n<p>We can help you find a doctor. Call\u00a0<a href=\"tel:+17182758900\">(718) 275-8900<\/a><\/p>\n<p>Licensed by the state of New York, Medex is an Article 28 diagnostic and treatment center. Our physicians provide comprehensive care for patients of all ages in the Forest Hills, Queens area, for over 15 years. Start receiving expert care now by calling or scheduling an appointment online with one of the skilled specialists.<\/p>\n<h2>FAQ<\/h2>\n<h3 class=\"css-1uwmyp9-text css-1en5rd2 css-13sga99 css-13o7eu2 css-542wex\"><span class=\"\">Where to get STD testing NYC?<\/span><\/h3><p>At Medex Diagnostic and Treatment Center, located in Queens, NY you can get fast, accurate, and private STD testing to help you take control of your health.<\/p><h3 class=\"wp-block-heading\">Does urgent care do std testing?<\/h3><p>Yes, <strong>urgent care centers<\/strong> typically offer <strong>STD testing<\/strong>. Most urgent care facilities can test for a range of sexually transmitted diseases (STDs), including: <strong>Chlamydia<\/strong>, <strong>Gonorrhea<\/strong>, <strong>HIV<\/strong>, <strong>Syphilis<\/strong>, <strong>Herpes<\/strong>, <strong>Trichomoniasis<\/strong>, <strong>Hepatitis B and C<\/strong>. Medex STD Testing center is a convenient option for STD testing because they offer <strong>walk-in appointments<\/strong>, quick results, and <strong>discreet services<\/strong>. However, it&#8217;s a good idea to call ahead or check their website to confirm the specific tests they offer.<\/p><h3 class=\"wp-block-heading\">How long does std testing take at urgent care?<\/h3><p>The time it takes for <strong>STD testing at urgent care<\/strong> can vary depending on the type of test and the center\u2019s procedures. Most STD tests (like urine tests, blood tests, and swabs) take about <strong>15 to 30 minutes<\/strong> to complete. <strong>Results time<\/strong> may vary from 30 minutes for rapid HIV tests to 5-7 days for urine and blood tests. Some urgent care centers offer <strong>same-day or next-day results<\/strong> for common STDs, but it\u2019s best to ask about their turnaround time when you visit.<\/p><h3 class=\"wp-block-heading\">Does insurance cover std testing?<\/h3><p>Yes, <strong>insurance often covers STD testing<\/strong>, but coverage depends on your specific plan and the reason for the test. <strong>Medical insurance<\/strong> may cover STD testing if it is part of a <strong>preventive care visit<\/strong> (like an annual checkup) \u2014 under the <strong>Affordable Care Act (ACA)<\/strong>, many preventive STD tests (like for HIV, chlamydia, and gonorrhea) are covered at no cost.<\/p>","protected":false},"excerpt":{"rendered":"<p>Looking for confidential and reliable STD testing in Queens, NYC? At Medex Diagnostic and Treatment Center, we offer fast, accurate, and private STD testing to help you take control of your health. Sexually transmitted diseases (STDs) and sexually transmitted infections (STIs) are common among Americans from teenage years on. Looking for \u00abSTD Testing Near me\u00bb? &hellip; <\/p>\n<p class=\"link-more\"><a href=\"https:\/\/www.medexdtc.com\/es\/pruebas-de-ets-en-queens-pruebas-de-ets-cerca-de-mi\/\" class=\"more-link\">Continue reading<span class=\"screen-reader-text\"> \u00abPruebas de ETS en Queens | Pruebas de ETS cerca de m\u00ed\u00bb<\/span><\/a><\/p>\n","protected":false},"author":3,"featured_media":0,"parent":0,"menu_order":0,"comment_status":"closed","ping_status":"closed","template":"new_inner.php","meta":{"_acf_changed":false,"footnotes":""},"class_list":["post-4503","page","type-page","status-publish","hentry"],"acf":[],"yoast_head":"<!-- This site is optimized with the Yoast SEO plugin v27.3 - https:\/\/yoast.com\/product\/yoast-seo-wordpress\/ -->\n<title>Pruebas de ETS en Forest Hills, Queens, NY | Pruebas de ETS cerca de m\u00ed | Medex STD Testing Center<\/title>\n<meta name=\"description\" content=\"En el Centro de Diagn\u00f3stico y Tratamiento Medex de Forest Hills, Queens, NY, te har\u00e1n pruebas de ETS precisas y discretas y, cuando sea necesario, el tratamiento adecuado.\" \/>\n<meta name=\"robots\" content=\"index, follow, max-snippet:-1, max-image-preview:large, max-video-preview:-1\" \/>\n<link rel=\"canonical\" href=\"https:\/\/www.medexdtc.com\/es\/pruebas-de-ets-en-queens-pruebas-de-ets-cerca-de-mi\/\" \/>\n<meta property=\"og:locale\" content=\"es_ES\" \/>\n<meta property=\"og:type\" content=\"article\" \/>\n<meta property=\"og:title\" content=\"Pruebas de ETS en Forest Hills, Queens, NY | Pruebas de ETS cerca de m\u00ed | Medex STD Testing Center\" \/>\n<meta property=\"og:description\" content=\"En el Centro de Diagn\u00f3stico y Tratamiento Medex de Forest Hills, Queens, NY, te har\u00e1n pruebas de ETS precisas y discretas y, cuando sea necesario, el tratamiento adecuado.\" \/>\n<meta property=\"og:url\" content=\"https:\/\/www.medexdtc.com\/es\/pruebas-de-ets-en-queens-pruebas-de-ets-cerca-de-mi\/\" \/>\n<meta property=\"og:site_name\" content=\"Medex Diagnostic and Treatment Center - Queens Medical Center - Medical Clinic in Forest Hills, NY\" \/>\n<meta property=\"article:publisher\" content=\"https:\/\/www.facebook.com\/medexny\" \/>\n<meta property=\"article:modified_time\" content=\"2025-09-14T23:27:01+00:00\" \/>\n<meta name=\"twitter:card\" content=\"summary_large_image\" \/>\n<meta name=\"twitter:site\" content=\"@DtcMedex\" \/>\n<meta name=\"twitter:label1\" content=\"Tiempo de lectura\" \/>\n\t<meta name=\"twitter:data1\" content=\"7 minutos\" \/>\n<!-- \/ Yoast SEO plugin. -->","yoast_head_json":{"title":"Pruebas de ETS en Forest Hills, Queens, NY | Pruebas de ETS cerca de m\u00ed | Medex STD Testing Center","description":"En el Centro de Diagn\u00f3stico y Tratamiento Medex de Forest Hills, Queens, NY, te har\u00e1n pruebas de ETS precisas y discretas y, cuando sea necesario, el tratamiento adecuado.","robots":{"index":"index","follow":"follow","max-snippet":"max-snippet:-1","max-image-preview":"max-image-preview:large","max-video-preview":"max-video-preview:-1"},"canonical":"https:\/\/www.medexdtc.com\/es\/pruebas-de-ets-en-queens-pruebas-de-ets-cerca-de-mi\/","og_locale":"es_ES","og_type":"article","og_title":"Pruebas de ETS en Forest Hills, Queens, NY | Pruebas de ETS cerca de m\u00ed | Medex STD Testing Center","og_description":"En el Centro de Diagn\u00f3stico y Tratamiento Medex de Forest Hills, Queens, NY, te har\u00e1n pruebas de ETS precisas y discretas y, cuando sea necesario, el tratamiento adecuado.","og_url":"https:\/\/www.medexdtc.com\/es\/pruebas-de-ets-en-queens-pruebas-de-ets-cerca-de-mi\/","og_site_name":"Medex Diagnostic and Treatment Center - Queens Medical Center - Medical Clinic in Forest Hills, NY","article_publisher":"https:\/\/www.facebook.com\/medexny","article_modified_time":"2025-09-14T23:27:01+00:00","twitter_card":"summary_large_image","twitter_site":"@DtcMedex","twitter_misc":{"Tiempo de lectura":"7 minutos"},"schema":{"@context":"https:\/\/schema.org","@graph":[{"@type":"WebPage","@id":"https:\/\/www.medexdtc.com\/es\/pruebas-de-ets-en-queens-pruebas-de-ets-cerca-de-mi\/","url":"https:\/\/www.medexdtc.com\/es\/pruebas-de-ets-en-queens-pruebas-de-ets-cerca-de-mi\/","name":"Pruebas de ETS en Forest Hills, Queens, NY | Pruebas de ETS cerca de m\u00ed | Medex STD Testing Center","isPartOf":{"@id":"https:\/\/www.medexdtc.com\/es\/#website"},"datePublished":"2020-08-05T18:36:50+00:00","dateModified":"2025-09-14T23:27:01+00:00","description":"En el Centro de Diagn\u00f3stico y Tratamiento Medex de Forest Hills, Queens, NY, te har\u00e1n pruebas de ETS precisas y discretas y, cuando sea necesario, el tratamiento adecuado.","breadcrumb":{"@id":"https:\/\/www.medexdtc.com\/es\/pruebas-de-ets-en-queens-pruebas-de-ets-cerca-de-mi\/#breadcrumb"},"inLanguage":"es","potentialAction":[{"@type":"ReadAction","target":["https:\/\/www.medexdtc.com\/es\/pruebas-de-ets-en-queens-pruebas-de-ets-cerca-de-mi\/"]}]},{"@type":"BreadcrumbList","@id":"https:\/\/www.medexdtc.com\/es\/pruebas-de-ets-en-queens-pruebas-de-ets-cerca-de-mi\/#breadcrumb","itemListElement":[{"@type":"ListItem","position":1,"name":"Home","item":"https:\/\/www.medexdtc.com\/es\/"},{"@type":"ListItem","position":2,"name":"Pruebas de ETS en Queens | Pruebas de ETS cerca de m\u00ed"}]},{"@type":"WebSite","@id":"https:\/\/www.medexdtc.com\/es\/#website","url":"https:\/\/www.medexdtc.com\/es\/","name":"Medex DTC","description":"Medex Diagnostic and Treatment Center is a Medical Center in Queens, NY is a dynamic multi-specialty clinic. Physicians delivering high quality individualized care in Forest Hills, Queens, NY.","publisher":{"@id":"https:\/\/www.medexdtc.com\/es\/#organization"},"potentialAction":[{"@type":"SearchAction","target":{"@type":"EntryPoint","urlTemplate":"https:\/\/www.medexdtc.com\/es\/?s={search_term_string}"},"query-input":{"@type":"PropertyValueSpecification","valueRequired":true,"valueName":"search_term_string"}}],"inLanguage":"es"},{"@type":"Organization","@id":"https:\/\/www.medexdtc.com\/es\/#organization","name":"Medex DCT","url":"https:\/\/www.medexdtc.com\/es\/","logo":{"@type":"ImageObject","inLanguage":"es","@id":"https:\/\/www.medexdtc.com\/es\/#\/schema\/logo\/image\/","url":"https:\/\/www.medexdtc.com\/wp-content\/uploads\/2024\/11\/medex-diagnostic-and-treatment-center-in-queens-NY.png","contentUrl":"https:\/\/www.medexdtc.com\/wp-content\/uploads\/2024\/11\/medex-diagnostic-and-treatment-center-in-queens-NY.png","width":226,"height":47,"caption":"Medex DCT"},"image":{"@id":"https:\/\/www.medexdtc.com\/es\/#\/schema\/logo\/image\/"},"sameAs":["https:\/\/www.facebook.com\/medexny","https:\/\/x.com\/DtcMedex","https:\/\/www.instagram.com\/medexdtc\/","https:\/\/www.linkedin.com\/company\/medex-diagnostic-and-treatment-center\/about\/"]}]}},"jetpack_sharing_enabled":true,"_links":{"self":[{"href":"https:\/\/www.medexdtc.com\/es\/wp-json\/wp\/v2\/pages\/4503","targetHints":{"allow":["GET"]}}],"collection":[{"href":"https:\/\/www.medexdtc.com\/es\/wp-json\/wp\/v2\/pages"}],"about":[{"href":"https:\/\/www.medexdtc.com\/es\/wp-json\/wp\/v2\/types\/page"}],"author":[{"embeddable":true,"href":"https:\/\/www.medexdtc.com\/es\/wp-json\/wp\/v2\/users\/3"}],"replies":[{"embeddable":true,"href":"https:\/\/www.medexdtc.com\/es\/wp-json\/wp\/v2\/comments?post=4503"}],"version-history":[{"count":2,"href":"https:\/\/www.medexdtc.com\/es\/wp-json\/wp\/v2\/pages\/4503\/revisions"}],"predecessor-version":[{"id":6155,"href":"https:\/\/www.medexdtc.com\/es\/wp-json\/wp\/v2\/pages\/4503\/revisions\/6155"}],"wp:attachment":[{"href":"https:\/\/www.medexdtc.com\/es\/wp-json\/wp\/v2\/media?parent=4503"}],"curies":[{"name":"wp","href":"https:\/\/api.w.org\/{rel}","templated":true}]}}