{"id":5884,"date":"2020-08-05T22:59:56","date_gmt":"2020-08-05T17:59:56","guid":{"rendered":"https:\/\/www.medexdtc.com\/tratamiento-del-dolor-abdominal-en-queens\/"},"modified":"2020-08-05T22:59:56","modified_gmt":"2020-08-05T17:59:56","slug":"abdominal-pain","status":"publish","type":"page","link":"https:\/\/www.medexdtc.com\/es\/abdominal-pain\/","title":{"rendered":"Tratamiento del dolor abdominal en Queens"},"content":{"rendered":"<section id=\"treatment-page-content-area-1\" class=\"treatment-page-content-area-one\"><strong>Lo m\u00e1s probable es que hayas experimentado alg\u00fan tipo de dolor abdominal en alg\u00fan momento de tu vida. La mayor\u00eda de las veces, no es gran cosa, y el dolor pasa. Sin embargo, siempre es una sensaci\u00f3n inc\u00f3moda. <a href=\"https:\/\/www.medexdtc.com\/es\/gastroenterology\/\">Los especialistas en gastroenterolog\u00eda<\/a> del Centro de Diagn\u00f3stico y Tratamiento Medex son expertos en todo lo relacionado con tu salud gastrointestinal. Pueden decirte si el dolor est\u00e1 relacionado con una enfermedad grave o si s\u00f3lo necesitas evitar ciertos alimentos. El dolor abdominal no debe tomarse a la ligera. En lugar de sufrir, visita a un gastroenter\u00f3logo de primera en Queens, NY, para averiguar con seguridad por qu\u00e9 te duele.     <\/strong><\/section>\n<section><\/section>\n<section class=\"treatment-page-content-area-one\">El dolor abdominal se refiere a cualquier molestia entre el pecho y la ingle. Si tienes problemas abdominales persistentes, puede ser se\u00f1al de algo que debes tratar. Incluso si tienes un problema ocasional o recurrente, es posible que quieras evitar que vuelva a ocurrir. Los especialistas del Centro de Diagn\u00f3stico y Tratamiento Medex de Queens, Nueva York, averiguar\u00e1n cu\u00e1l es la causa de tu dolor, y lo tratar\u00e1n.Puedes saber qu\u00e9 te est\u00e1 diciendo tu dolor cuando te duele el vientre. Som\u00e9tete a un examen exhaustivo por parte de un especialista amable y atento. En Medex, los m\u00e9dicos se basan en equipos de diagn\u00f3stico de vanguardia para tranquilizarte, encontrar formas de mejorar tu salud y abordar los problemas antes de que empeoren.     <img fetchpriority=\"high\" decoding=\"async\" class=\"alignnone\" src=\"https:\/\/www.medexdtc.com\/wp-content\/uploads\/2025\/09\/Abdominal-Pain-Treatment-in-Queens-1.png\" alt=\"Tratamiento del dolor abdominal en Queens, NY\" width=\"564\" height=\"359\"><\/p>\n<h2>Evita el dolor abdominal cuando sea posible<\/h2>\n<p>La mejor soluci\u00f3n para el dolor abdominal es evitarlo por completo. El primer paso es mantener una dieta y un estilo de vida saludables que contribuyan a tu longevidad y felicidad. Eso incluye revisiones peri\u00f3dicas. Quiz\u00e1 pienses que s\u00f3lo debes acudir al m\u00e9dico si te encuentras mal, pero los especialistas del Centro de Diagn\u00f3stico y Tratamiento Medex creen que la mayor parte del dolor y el sufrimiento pueden prevenirse.   <\/p>\n<p>Recomiendan un estilo de vida saludable que te ayude a prevenir enfermedades. En el centro multiespecialidad de Queens, tendr\u00e1s acceso a un <a href=\"https:\/\/www.medexdtc.com\/es\/gastroenterology\/\">gastroenter\u00f3logo<\/a> experimentado, as\u00ed como a otros especialistas, para ayudarte a desarrollar un estilo de vida que evite el dolor abdominal. <a href=\"https:\/\/www.medexdtc.com\/es\/primary-care\/\">Los m\u00e9dicos de atenci\u00f3n primaria<\/a>, los <a href=\"https:\/\/www.medexdtc.com\/es\/tratamiento-del-dolor-en-queens\/\">expertos en tratamiento del dolor<\/a>, los <a href=\"https:\/\/www.medexdtc.com\/es\/urology\/\">ur\u00f3logos<\/a> y los <a href=\"https:\/\/www.medexdtc.com\/cardiology\/\">cardi\u00f3logos<\/a> proporcionan el asesoramiento y las opciones de tratamiento necesarias para eliminar el dolor abdominal de tu vida. <\/p>\n<p>Como cada persona es diferente, los alimentos y las opciones de estilo de vida que funcionan para otra persona pueden tener un efecto negativo en ti. Averiguar estas cosas con un especialista es la forma ideal de cuidar de ti mismo. Someterse a revisiones peri\u00f3dicas con especialistas es un h\u00e1bito estupendo para detectar los problemas de salud antes de que empeoren. Considera la posibilidad de someterte a procedimientos peri\u00f3dicos, como:   <\/p>\n<ul>\n<li><a href=\"https:\/\/www.medexdtc.com\/es\/colonoscopy\/\">Colonoscopia<\/a><\/li>\n<li><a href=\"https:\/\/www.medexdtc.com\/es\/upper-endoscopy\/\">Endoscopia digestiva alta<\/a><\/li>\n<li>Pruebas de alergia<\/li>\n<li>Tratamiento de las hemorroides con l\u00e1ser<\/li>\n<li>Pruebas de alcoholemia<\/li>\n<li>Prueba de la c\u00e1psula del intestino delgado<\/li>\n<li>Citolog\u00eda vaginal anal o anoscopia de alta resoluci\u00f3n<\/li>\n<li><a href=\"https:\/\/www.medexdtc.com\/es\/pruebas-de-ets-en-queens-pruebas-de-ets-cerca-de-mi\/\">Pruebas de ETS<\/a><\/li>\n<\/ul>\n<h2>\u00bfCu\u00e1ndo debes buscar tratamiento?<\/h2>\n<p>Llama inmediatamente a Medex cuando te duela. Aunque la mayor\u00eda de los dolores abdominales no indican nada demasiado grave, siempre es mejor prevenir que curar. El cuerpo es complejo, y hay muchas razones distintas para que sientas dolor.  <\/p>\n<p>Sin embargo, algunos s\u00edntomas no deben ignorarse. Pueden indicar que realmente est\u00e1 ocurriendo algo grave. Algunas de las se\u00f1ales de peligro que hay que tener en cuenta son:  <\/p>\n<ul>\n<li>Dificultad para respirar<\/li>\n<li>Dolor abdominal si est\u00e1s recibiendo tratamiento contra el c\u00e1ncer<\/li>\n<li>Un dolor agudo que comienza de repente<\/li>\n<li>Sangre en las heces<\/li>\n<li>V\u00f3mitos<\/li>\n<li>Fiebre<\/li>\n<li>Dificultad para tragar<\/li>\n<li>Gases e hinchaz\u00f3n<\/li>\n<li>Dolor, estre\u00f1imiento o diarrea que dura m\u00e1s de una semana<\/li>\n<\/ul>\n<h2>Cuando el dolor abdominal se pone serio<\/h2>\n<p>El dolor abdominal suele ser consecuencia de problemas menores, como alergias alimentarias leves, acidez ocasional o incluso ciertos tipos de ejercicio. Otras veces, puedes estar experimentando un s\u00edntoma de gripe o intoxicaci\u00f3n alimentaria. Sin duda, hay muchas razones para el dolor abdominal.  <\/p>\n<p>Pero en algunos casos, puede estar gest\u00e1ndose algo m\u00e1s grave. Aunque la causa m\u00e1s com\u00fan del dolor abdominal son los gases y la indigesti\u00f3n, puedes estar mostrando signos de una afecci\u00f3n m\u00e1s problem\u00e1tica, como: <\/p>\n<ul>\n<li>Apendicitis<\/li>\n<li><a href=\"https:\/\/www.medexdtc.com\/es\/gerd\/\">ERGE<\/a><\/li>\n<li>Hemorroides<\/li>\n<li>Es\u00f3fago de Barrett<\/li>\n<li>Enfermedad cel\u00edaca<\/li>\n<li>Enfermedad de Crohn<\/li>\n<li>Diverticulosis<\/li>\n<li>Gastritis<\/li>\n<li>H Pylori<\/li>\n<li>S\u00edndrome del intestino irritable (SII)<\/li>\n<li>\u00dalceras p\u00e9pticas<\/li>\n<li>Colitis ulcerosa<\/li>\n<li>Pancreatitis<\/li>\n<\/ul>\n<h2>Tratamientos para el dolor abdominal<\/h2>\n<p>Tu m\u00e9dico Medex determina si tu siguiente paso es comprar una sustancia rosa calc\u00e1rea de venta libre, evitar un determinado restaurante o concertar una intervenci\u00f3n. La primera l\u00ednea de defensa para prevenir y tratar el dolor de barriga es cambiar tu dieta. Si determinados alimentos, como los fritos, te provocan sistem\u00e1ticamente ardor de est\u00f3mago, tu m\u00e9dico puede sugerirte que evites las comidas y tentempi\u00e9s grasientos.  <\/p>\n<p>Una dieta rica en fibra, baja en grasas y llena de frutas y verduras frescas es la mejor cura para el dolor abdominal leve. Tambi\u00e9n es una bendici\u00f3n para la salud general de tu cuerpo. Cuando las pruebas posteriores revelen una afecci\u00f3n m\u00e1s grave, pueden tratarte con:  <\/p>\n<ul>\n<li><strong>Medicamentos<\/strong> espec\u00edficamente dise\u00f1ados para tratar las \u00falceras, la enfermedad por reflujo gastrointestinal y la inflamaci\u00f3n<\/li>\n<li><strong>Antibi\u00f3ticos<\/strong> para tratar una infecci\u00f3n que te est\u00e9 causando dolor abdominal<\/li>\n<li><strong>Agentes adormecedores<\/strong> administrados mediante inyecciones espinales o locales de corticosteroides para tratar el dolor cr\u00f3nico<\/li>\n<\/ul>\n<p><strong>El dolor abdominal intenso cr\u00f3nico, persistente o incluso ocasional debe diagnosticarse adecuadamente para evitar complicaciones mayores. Conf\u00eda en los m\u00e9dicos del Centro de Diagn\u00f3stico y Tratamiento Medex para averiguar la causa y recomendarte la mejor l\u00ednea de tratamiento para tu dolencia espec\u00edfica. <a href=\"https:\/\/www.medexdtc.com\/es\/abdominal-pain\/#contact-form\">Ponte en contacto hoy mismo con este consultorio de Queens<\/a> para concertar una cita antes de que una cuesti\u00f3n menor se convierta en un problema grave. <\/strong><\/p>\n<\/section>\n","protected":false},"excerpt":{"rendered":"<p>Lo m\u00e1s probable es que hayas experimentado alg\u00fan tipo de dolor abdominal en alg\u00fan momento de tu vida. La mayor\u00eda de las veces, no es gran cosa, y el dolor pasa. Sin embargo, siempre es una sensaci\u00f3n inc\u00f3moda. Los especialistas en gastroenterolog\u00eda del Centro de Diagn\u00f3stico y Tratamiento Medex son expertos en todo lo relacionado &hellip; <\/p>\n<p class=\"link-more\"><a href=\"https:\/\/www.medexdtc.com\/es\/abdominal-pain\/\" class=\"more-link\">Continue reading<span class=\"screen-reader-text\"> \u00abTratamiento del dolor abdominal en Queens\u00bb<\/span><\/a><\/p>\n","protected":false},"author":3,"featured_media":0,"parent":0,"menu_order":0,"comment_status":"closed","ping_status":"closed","template":"new_inner.php","meta":{"_acf_changed":false,"footnotes":""},"class_list":["post-5884","page","type-page","status-publish","hentry"],"acf":[],"yoast_head":"<!-- This site is optimized with the Yoast SEO plugin v27.5 - https:\/\/yoast.com\/product\/yoast-seo-wordpress\/ -->\n<title>Tratamiento del Dolor Abdominal | Los Mejores Gastroenter\u00f3logos en Forest Hills, Queens, NY<\/title>\n<meta name=\"description\" content=\"En el Centro de Diagn\u00f3stico y Tratamiento Medex de Forest Hills, Queens, NY, nuestros especialistas en gastroenterolog\u00eda ofrecen las mejores opciones de tratamiento para el dolor abdominal.\" \/>\n<meta name=\"robots\" content=\"index, follow, max-snippet:-1, max-image-preview:large, max-video-preview:-1\" \/>\n<link rel=\"canonical\" href=\"https:\/\/www.medexdtc.com\/es\/abdominal-pain\/\" \/>\n<meta property=\"og:locale\" content=\"es_ES\" \/>\n<meta property=\"og:type\" content=\"article\" \/>\n<meta property=\"og:title\" content=\"Tratamiento del Dolor Abdominal | Los Mejores Gastroenter\u00f3logos en Forest Hills, Queens, NY\" \/>\n<meta property=\"og:description\" content=\"En el Centro de Diagn\u00f3stico y Tratamiento Medex de Forest Hills, Queens, NY, nuestros especialistas en gastroenterolog\u00eda ofrecen las mejores opciones de tratamiento para el dolor abdominal.\" \/>\n<meta property=\"og:url\" content=\"https:\/\/www.medexdtc.com\/es\/abdominal-pain\/\" \/>\n<meta property=\"og:site_name\" content=\"Medex Diagnostic and Treatment Center - Queens Medical Center - Medical Clinic in Forest Hills, NY\" \/>\n<meta property=\"article:publisher\" content=\"https:\/\/www.facebook.com\/medexny\" \/>\n<meta property=\"og:image\" content=\"https:\/\/www.medexdtc.com\/wp-content\/uploads\/2025\/09\/Abdominal-Pain-Treatment-in-Queens-1.png\" \/>\n<meta name=\"twitter:card\" content=\"summary_large_image\" \/>\n<meta name=\"twitter:site\" content=\"@DtcMedex\" \/>\n<meta name=\"twitter:label1\" content=\"Tiempo de lectura\" \/>\n\t<meta name=\"twitter:data1\" content=\"5 minutos\" \/>\n<!-- \/ Yoast SEO plugin. -->","yoast_head_json":{"title":"Tratamiento del Dolor Abdominal | Los Mejores Gastroenter\u00f3logos en Forest Hills, Queens, NY","description":"En el Centro de Diagn\u00f3stico y Tratamiento Medex de Forest Hills, Queens, NY, nuestros especialistas en gastroenterolog\u00eda ofrecen las mejores opciones de tratamiento para el dolor abdominal.","robots":{"index":"index","follow":"follow","max-snippet":"max-snippet:-1","max-image-preview":"max-image-preview:large","max-video-preview":"max-video-preview:-1"},"canonical":"https:\/\/www.medexdtc.com\/es\/abdominal-pain\/","og_locale":"es_ES","og_type":"article","og_title":"Tratamiento del Dolor Abdominal | Los Mejores Gastroenter\u00f3logos en Forest Hills, Queens, NY","og_description":"En el Centro de Diagn\u00f3stico y Tratamiento Medex de Forest Hills, Queens, NY, nuestros especialistas en gastroenterolog\u00eda ofrecen las mejores opciones de tratamiento para el dolor abdominal.","og_url":"https:\/\/www.medexdtc.com\/es\/abdominal-pain\/","og_site_name":"Medex Diagnostic and Treatment Center - Queens Medical Center - Medical Clinic in Forest Hills, NY","article_publisher":"https:\/\/www.facebook.com\/medexny","og_image":[{"url":"https:\/\/www.medexdtc.com\/wp-content\/uploads\/2025\/09\/Abdominal-Pain-Treatment-in-Queens-1.png","type":"","width":"","height":""}],"twitter_card":"summary_large_image","twitter_site":"@DtcMedex","twitter_misc":{"Tiempo de lectura":"5 minutos"},"schema":{"@context":"https:\/\/schema.org","@graph":[{"@type":"WebPage","@id":"https:\/\/www.medexdtc.com\/es\/abdominal-pain\/","url":"https:\/\/www.medexdtc.com\/es\/abdominal-pain\/","name":"Tratamiento del Dolor Abdominal | Los Mejores Gastroenter\u00f3logos en Forest Hills, Queens, NY","isPartOf":{"@id":"https:\/\/www.medexdtc.com\/es\/#website"},"primaryImageOfPage":{"@id":"https:\/\/www.medexdtc.com\/es\/abdominal-pain\/#primaryimage"},"image":{"@id":"https:\/\/www.medexdtc.com\/es\/abdominal-pain\/#primaryimage"},"thumbnailUrl":"https:\/\/www.medexdtc.com\/wp-content\/uploads\/2025\/09\/Abdominal-Pain-Treatment-in-Queens-1.png","datePublished":"2020-08-05T17:59:56+00:00","description":"En el Centro de Diagn\u00f3stico y Tratamiento Medex de Forest Hills, Queens, NY, nuestros especialistas en gastroenterolog\u00eda ofrecen las mejores opciones de tratamiento para el dolor abdominal.","breadcrumb":{"@id":"https:\/\/www.medexdtc.com\/es\/abdominal-pain\/#breadcrumb"},"inLanguage":"es","potentialAction":[{"@type":"ReadAction","target":["https:\/\/www.medexdtc.com\/es\/abdominal-pain\/"]}]},{"@type":"ImageObject","inLanguage":"es","@id":"https:\/\/www.medexdtc.com\/es\/abdominal-pain\/#primaryimage","url":"https:\/\/www.medexdtc.com\/wp-content\/uploads\/2025\/09\/Abdominal-Pain-Treatment-in-Queens-1.png","contentUrl":"https:\/\/www.medexdtc.com\/wp-content\/uploads\/2025\/09\/Abdominal-Pain-Treatment-in-Queens-1.png"},{"@type":"BreadcrumbList","@id":"https:\/\/www.medexdtc.com\/es\/abdominal-pain\/#breadcrumb","itemListElement":[{"@type":"ListItem","position":1,"name":"Home","item":"https:\/\/www.medexdtc.com\/es\/"},{"@type":"ListItem","position":2,"name":"Tratamiento del dolor abdominal en Queens"}]},{"@type":"WebSite","@id":"https:\/\/www.medexdtc.com\/es\/#website","url":"https:\/\/www.medexdtc.com\/es\/","name":"Medex DTC","description":"Medex Diagnostic and Treatment Center is a Medical Center in Queens, NY is a dynamic multi-specialty clinic. Physicians delivering high quality individualized care in Forest Hills, Queens, NY.","publisher":{"@id":"https:\/\/www.medexdtc.com\/es\/#organization"},"potentialAction":[{"@type":"SearchAction","target":{"@type":"EntryPoint","urlTemplate":"https:\/\/www.medexdtc.com\/es\/?s={search_term_string}"},"query-input":{"@type":"PropertyValueSpecification","valueRequired":true,"valueName":"search_term_string"}}],"inLanguage":"es"},{"@type":"Organization","@id":"https:\/\/www.medexdtc.com\/es\/#organization","name":"Medex DCT","url":"https:\/\/www.medexdtc.com\/es\/","logo":{"@type":"ImageObject","inLanguage":"es","@id":"https:\/\/www.medexdtc.com\/es\/#\/schema\/logo\/image\/","url":"https:\/\/www.medexdtc.com\/wp-content\/uploads\/2024\/11\/medex-diagnostic-and-treatment-center-in-queens-NY.png","contentUrl":"https:\/\/www.medexdtc.com\/wp-content\/uploads\/2024\/11\/medex-diagnostic-and-treatment-center-in-queens-NY.png","width":226,"height":47,"caption":"Medex DCT"},"image":{"@id":"https:\/\/www.medexdtc.com\/es\/#\/schema\/logo\/image\/"},"sameAs":["https:\/\/www.facebook.com\/medexny","https:\/\/x.com\/DtcMedex","https:\/\/www.instagram.com\/medexdtc\/","https:\/\/www.linkedin.com\/company\/medex-diagnostic-and-treatment-center\/about\/"]}]}},"jetpack_sharing_enabled":true,"_links":{"self":[{"href":"https:\/\/www.medexdtc.com\/es\/wp-json\/wp\/v2\/pages\/5884","targetHints":{"allow":["GET"]}}],"collection":[{"href":"https:\/\/www.medexdtc.com\/es\/wp-json\/wp\/v2\/pages"}],"about":[{"href":"https:\/\/www.medexdtc.com\/es\/wp-json\/wp\/v2\/types\/page"}],"author":[{"embeddable":true,"href":"https:\/\/www.medexdtc.com\/es\/wp-json\/wp\/v2\/users\/3"}],"replies":[{"embeddable":true,"href":"https:\/\/www.medexdtc.com\/es\/wp-json\/wp\/v2\/comments?post=5884"}],"version-history":[{"count":0,"href":"https:\/\/www.medexdtc.com\/es\/wp-json\/wp\/v2\/pages\/5884\/revisions"}],"wp:attachment":[{"href":"https:\/\/www.medexdtc.com\/es\/wp-json\/wp\/v2\/media?parent=5884"}],"curies":[{"name":"wp","href":"https:\/\/api.w.org\/{rel}","templated":true}]}}