{"id":5916,"date":"2020-08-05T22:57:54","date_gmt":"2020-08-05T17:57:54","guid":{"rendered":"https:\/\/www.medexdtc.com\/tratamiento-del-pie-de-atleta-en-queens-ny\/"},"modified":"2020-08-05T22:57:54","modified_gmt":"2020-08-05T17:57:54","slug":"athletes-foot","status":"publish","type":"page","link":"https:\/\/www.medexdtc.com\/es\/athletes-foot\/","title":{"rendered":"Tratamiento del pie de atleta en Queens, NY"},"content":{"rendered":"<section id=\"treatment-page-content-area-1\" class=\"treatment-page-content-area-one\"><strong>A pesar de su nombre, cualquiera puede tener pie de atleta. Est\u00e1 causado por un hongo que crece en la piel de lugares oscuros, c\u00e1lidos y h\u00famedos. Si te sudan mucho los pies, siempre corres el riesgo de desarrollar un caso de pie de atleta. Afortunadamente, puedes prevenir una infecci\u00f3n con precauciones sensatas y h\u00e1bitos saludables. Eso es exactamente lo que recomiendan los especialistas en pies del Centro de Diagn\u00f3stico y Tratamiento Medex de Queens, NY, porque la prevenci\u00f3n elimina la necesidad de tratamiento. Llama hoy para concertar una cita.     <\/strong>La gente tiende a asociar el pie de atleta con la pr\u00e1ctica de deportes. La verdad es que casi todo el mundo puede desarrollar esta afecci\u00f3n agravante. Si te sudan los pies cuando llevas calzado ajustado o si sueles andar descalzo en zonas comunes como duchas, piscinas o saunas, est\u00e1s entre las personas con riesgo de contraer pie de atleta.  <\/p>\n<p>El pie de atleta es el resultado de una infecci\u00f3n por el hongo ti\u00f1a. Es el mismo hongo que causa afecciones como la ti\u00f1a inguinal o la ti\u00f1a. Puedes encontrar varios remedios de venta libre temporalmente eficaces para el pie de atleta en tu farmacia local. Pero es frecuente que la infecci\u00f3n reaparezca.   <\/p>\n<p>Si ya te produce picor en los pies, recibe tratamiento profesional de los <a href=\"https:\/\/www.medexdtc.com\/es\/podiatry\/\">m\u00e9dicos pod\u00f3logos<\/a> del Centro de Diagn\u00f3stico y Tratamiento Medex. Estos m\u00e9dicos de Queens, Nueva York, eliminan permanentemente el picor. La medicaci\u00f3n prescrita y los cambios en el estilo de vida te ofrecen la mejor oportunidad de evitar las inc\u00f3modas y antiest\u00e9ticas recidivas.  <\/p>\n<h2>Prevenci\u00f3n mediante cambios en el estilo de vida<\/h2>\n<p>Unos sencillos cambios reducen sustancialmente el riesgo de contraer pie de atleta. Modifica tu comportamiento y tu estilo de vida <\/p>\n<ul>\n<li>Llevar calzado amplio y bien ventilado<\/li>\n<li>Lavarse los pies con agua y jab\u00f3n todos los d\u00edas<\/li>\n<li>Ponte zapatos o sandalias impermeables cuando est\u00e9s en lugares p\u00fablicos mojados<\/li>\n<li>Llevar s\u00f3lo tus zapatos personales; no dejes que los lleven otros<\/li>\n<li>Cambiarte regularmente los calcetines<\/li>\n<li>Comprar calcetines de algod\u00f3n y otras fibras naturales que tienden a secarse r\u00e1pidamente<\/li>\n<li>Secarse cuidadosamente entre los dedos de los pies despu\u00e9s de ducharse o ba\u00f1arse<\/li>\n<li>Utilizar polvos en los pies si notas una sudoraci\u00f3n excesiva<\/li>\n<li>Alterna los zapatos que usas a diario para que se sequen entre usos<\/li>\n<li>Aplicar toallitas con alcohol entre los dedos de los pies para eliminar los hongos superficiales y mantener la piel seca<\/li>\n<li>Informar y tratar r\u00e1pidamente el pie de atleta<\/li>\n<li>Mantener el r\u00e9gimen de tratamiento hasta que la erupci\u00f3n desaparezca por completo<\/li>\n<li>Reducir el deseo de rascarse sumergiendo los pies en agua fr\u00eda; s\u00f3lo recuerda secarlos bien despu\u00e9s<\/li>\n<\/ul>\n<h2>\u00bfQu\u00e9 s\u00edntomas indican la presencia de pie de atleta?<\/h2>\n<p>Una infecci\u00f3n f\u00fangica suele empezar entre los dedos de los pies. Esta zona suele permanecer h\u00fameda y oscura en tus calcetines y zapatos, lo que la convierte en un entorno ideal para el crecimiento de hongos. El hongo responsable del pie de atleta es persistente. Puede afectar s\u00f3lo a un pie o aparecer en ambos. Incluso puedes verlo en las manos al rascarte el picor. Si todav\u00eda no te ha diagnosticado el pie de atleta un especialista Medex, puedes notar algunos s\u00edntomas reveladores que incluyen:     <\/p>\n<ul>\n<li>Una erupci\u00f3n roja escamosa<\/li>\n<li>\u00dalceras o heridas que se niegan a cicatrizar<\/li>\n<li>Ampollas<\/li>\n<li>Picor importante, sobre todo justo despu\u00e9s de quitarte los calcetines y los zapatos<\/li>\n<li>Piel seca o descamada cr\u00f3nica en las plantas de los pies<\/li>\n<\/ul>\n<p>Consulta a tu m\u00e9dico Medex si tus s\u00edntomas no mejoran con los medicamentos de venta libre. Los s\u00edntomas que incluyen hinchaz\u00f3n, supuraci\u00f3n, enrojecimiento extremo o fiebre indican que tu enfermedad est\u00e1 empeorando. Si tienes <a href=\"https:\/\/www.medexdtc.com\/es\/diabetes\/\">diabetes<\/a> o tus s\u00edntomas no desaparecen al cabo de una semana, llama inmediatamente a tu m\u00e9dico para que te atienda.  <\/p>\n<h2>\u00bfQui\u00e9n corre el riesgo de padecer pie de atleta?<\/h2>\n<p>Aunque el pie de atleta suele afectar m\u00e1s a los hombres, se da en ambos sexos. Cualquier persona que proporcione un entorno c\u00e1lido y oscuro al hongo de la ti\u00f1a puede padecer pie de atleta, ti\u00f1a o ti\u00f1a inguinal. Tus probabilidades de infecci\u00f3n aumentan si tu estilo de vida incluye:  <\/p>\n<ul>\n<li>Llevar calcetines o zapatos h\u00famedos, especialmente durante mucho tiempo<\/li>\n<li>Vivir en ambientes h\u00famedos y c\u00e1lidos<\/li>\n<li>Llevar zapatos mal ajustados que te hacen sudar los pies<\/li>\n<li>Andar descalzo en zonas muy frecuentadas donde hay mucha humedad, como saunas, duchas, piscinas, vestuarios y ba\u00f1os compartidos<\/li>\n<li>Vivir con alguien que tiene una infecci\u00f3n activa, compartiendo s\u00e1banas, toallas, alfombrillas o zapatos<\/li>\n<\/ul>\n<p>El hongo responsable de estas afecciones es muy contagioso. Se propaga r\u00e1pidamente, causando picor, piel seca y erupci\u00f3n dondequiera que aparezca. Puede afectar a las manos, las u\u00f1as de las manos y de los pies.  <\/p>\n<h2>\u00bfQu\u00e9 tratamientos y remedios existen?<\/h2>\n<p>Tu pod\u00f3logo del Centro de Diagn\u00f3stico y Tratamiento Medex diagnostica el pie de atleta con un simple examen durante una visita a la consulta. En raras ocasiones, es necesario realizar un raspado de piel para un an\u00e1lisis de laboratorio que confirme o descarte otros problemas. Como Medex es una consulta m\u00e9dica multiespecialidad, te tienen cubierto pase lo que pase. Los tratamientos incluyen:   <\/p>\n<p>&#8211; <strong>Para las afecciones leves<\/strong>, tu m\u00e9dico puede sugerirte cremas, lociones, aerosoles o polvos antimic\u00f3ticos de venta libre. Estos medicamentos combaten el hongo, controlan tus s\u00edntomas y reducen la humedad para evitar su crecimiento. <\/p>\n<p>&#8211; <strong>Para infecciones m\u00e1s graves<\/strong> o Si tu infecci\u00f3n no responde a los medicamentos sencillos, tu m\u00e9dico puede recetarte lociones o cremas de venta con receta.<\/p>\n<p>&#8211; <strong>Para los casos graves<\/strong>, puede recomendarse medicaci\u00f3n oral antif\u00fangica. Ocasionalmente se producen efectos secundarios con esta medicaci\u00f3n oral, por lo que tu m\u00e9dico supervisa tu evoluci\u00f3n. <\/p>\n<p>Despu\u00e9s de recuperarte, tu m\u00e9dico quiere reducir la posibilidad de futuras infecciones. Prep\u00e1rate para hablar de tu estilo de vida y tus h\u00e1bitos para determinar c\u00f3mo debes adaptarte para evitar recidivas. Aunque inc\u00f3modo y antiest\u00e9tico, el pie de atleta puede controlarse con un poco m\u00e1s de tiempo y esfuerzo.  <\/p>\n<p><strong>Siempre es mejor ser demasiado precavido y no contraer otro caso de pie de atleta que tener que pasar por otra ronda de tratamiento. Si tienes pie de atleta, lo has tenido en el pasado o eres propenso a las infecciones, <a href=\"https:\/\/www.medexdtc.com\/es\/athletes-foot\/#contact-form\">ponte en contacto hoy mismo con el Centro de Diagn\u00f3stico y Tratamiento Medex<\/a> de Queens para una consulta. <\/strong><\/p>\n<p>Podemos ayudarte a encontrar m\u00e9dico. Llama al <a href=\"tel:+17182758900\">(718) 275-8900<\/a> <\/p>\n<p>Con licencia del estado de Nueva York, Medex es un centro de diagn\u00f3stico y tratamiento del art\u00edculo 28. Nuestros m\u00e9dicos proporcionan atenci\u00f3n integral a pacientes de todas las edades en la zona de Forest Hills, Queens, desde hace m\u00e1s de 15 a\u00f1os. Empieza a recibir atenci\u00f3n experta ahora llamando o concertando una cita en l\u00ednea con uno de los especialistas cualificados.  <\/p>\n<h3 data-start=\"174\" data-end=\"227\"><strong data-start=\"178\" data-end=\"227\">Preguntas frecuentes &#8211; Tratamiento del pie de atleta en Queens, NY<\/strong><\/h3>\n<ol data-start=\"229\" data-end=\"2241\">\n<li data-start=\"229\" data-end=\"457\">\n<p data-start=\"232\" data-end=\"457\"><strong data-start=\"232\" data-end=\"259\">\u00bfQu\u00e9 es el pie de atleta?<\/strong><br data-start=\"259\" data-end=\"262\">El pie de atleta (tinea pedis) es una infecci\u00f3n f\u00fangica contagiosa que afecta a la piel de los pies, a menudo empezando entre los dedos. Puede causar picor, quemaz\u00f3n, agrietamiento y descamaci\u00f3n de la piel. <\/p>\n<\/li>\n<li data-start=\"459\" data-end=\"637\">\n<p data-start=\"462\" data-end=\"637\"><strong data-start=\"462\" data-end=\"493\">\u00bfQu\u00e9 causa el pie de atleta?<\/strong><br data-start=\"493\" data-end=\"496\">El pie de atleta est\u00e1 causado por hongos dermatofitos, que proliferan en ambientes c\u00e1lidos y h\u00famedos, como vestuarios, duchas p\u00fablicas y calzado sudoroso.<\/p>\n<\/li>\n<li data-start=\"639\" data-end=\"840\">\n<p data-start=\"642\" data-end=\"840\"><strong data-start=\"642\" data-end=\"686\">\u00bfCu\u00e1les son los s\u00edntomas del pie de atleta?<\/strong><br data-start=\"686\" data-end=\"689\">Los s\u00edntomas habituales son picor, enrojecimiento, descamaci\u00f3n, piel agrietada o descamada (sobre todo entre los dedos de los pies) y, a veces, ampollas o \u00falceras en los pies.<\/p>\n<\/li>\n<li data-start=\"842\" data-end=\"995\">\n<p data-start=\"845\" data-end=\"995\"><strong data-start=\"845\" data-end=\"878\">\u00bfEs contagioso el pie de atleta?<\/strong><br data-start=\"878\" data-end=\"881\">S\u00ed. Se propaga por contacto directo con piel infectada o superficies contaminadas como suelos, toallas y zapatos. <\/p>\n<\/li>\n<li data-start=\"997\" data-end=\"1190\">\n<p data-start=\"1000\" data-end=\"1190\"><strong data-start=\"1000\" data-end=\"1036\">\u00bfC\u00f3mo se diagnostica el pie de atleta?<\/strong><br data-start=\"1036\" data-end=\"1039\">A menudo, un pod\u00f3logo o dermat\u00f3logo puede diagnosticar el pie de atleta mediante un examen visual. En algunos casos, puede analizarse un raspado de piel al microscopio. <\/p>\n<\/li>\n<li data-start=\"1192\" data-end=\"1411\">\n<p data-start=\"1195\" data-end=\"1411\"><strong data-start=\"1195\" data-end=\"1262\">\u00bfQu\u00e9 tratamientos existen para el pie de atleta en Queens, NY?<\/strong><br data-start=\"1262\" data-end=\"1265\">Los tratamientos incluyen cremas, aerosoles, polvos antimic\u00f3ticos de venta libre o con receta, o medicamentos antimic\u00f3ticos orales para las infecciones m\u00e1s graves.<\/p>\n<\/li>\n<li data-start=\"1413\" data-end=\"1626\">\n<p data-start=\"1416\" data-end=\"1626\"><strong data-start=\"1416\" data-end=\"1472\">\u00bfCu\u00e1nto tarda en desaparecer el pie de atleta?<\/strong><br data-start=\"1472\" data-end=\"1475\">Con un tratamiento adecuado, los casos leves pueden desaparecer en 1-2 semanas. Las infecciones m\u00e1s persistentes pueden durar varias semanas y requerir medicaci\u00f3n recetada. <\/p>\n<\/li>\n<li data-start=\"1628\" data-end=\"1834\">\n<p data-start=\"1631\" data-end=\"1834\"><strong data-start=\"1631\" data-end=\"1677\">\u00bfPuede reaparecer el pie de atleta despu\u00e9s del tratamiento?<\/strong><br data-start=\"1677\" data-end=\"1680\">S\u00ed. La recidiva es frecuente, sobre todo si los pies no se mantienen limpios y secos. Una higiene adecuada y unos polvos antimic\u00f3ticos para los pies pueden ayudar a evitar que reaparezca.  <\/p>\n<\/li>\n<li data-start=\"1836\" data-end=\"2040\">\n<p data-start=\"1839\" data-end=\"2040\"><strong data-start=\"1839\" data-end=\"1892\">\u00bfEl pie de atleta no tratado puede causar complicaciones?<\/strong><br data-start=\"1892\" data-end=\"1895\">S\u00ed. Si no se trata, puede provocar infecciones bacterianas secundarias, extenderse a las u\u00f1as de los pies o las manos, o hacerse cr\u00f3nica y dif\u00edcil de tratar. <\/p>\n<\/li>\n<li data-start=\"2042\" data-end=\"2241\">\n<p data-start=\"2046\" data-end=\"2241\"><strong data-start=\"2046\" data-end=\"2083\">\u00bfC\u00f3mo puedo prevenir el pie de atleta?<\/strong><br data-start=\"2083\" data-end=\"2086\">Mant\u00e9n los pies secos y limpios, lleva calzado transpirable y calcetines que absorban la humedad, evita andar descalzo en zonas p\u00fablicas y no compartas toallas ni calzado.<\/p>\n<\/li>\n<li data-start=\"2330\" data-end=\"2592\">\n<p data-start=\"2334\" data-end=\"2592\"><strong data-start=\"2334\" data-end=\"2416\">\u00bfTrata el Centro de Diagn\u00f3stico y Tratamiento Medex el pie de atleta en Queens, NY?<\/strong><br data-start=\"2416\" data-end=\"2419\">S\u00ed. Nuestros pod\u00f3logos expertos de Medex proporcionan un tratamiento personalizado para el pie de atleta mediante antif\u00fangicos t\u00f3picos u orales, orientaci\u00f3n sobre el cuidado de la piel y estrategias de prevenci\u00f3n. <\/p>\n<\/li>\n<li data-start=\"2594\" data-end=\"2838\">\n<p data-start=\"2598\" data-end=\"2838\"><strong data-start=\"2598\" data-end=\"2662\">\u00bfPor qu\u00e9 elegir Medex para el tratamiento del pie de atleta en Queens, NY?<\/strong><br data-start=\"2662\" data-end=\"2665\">Medex ofrece citas r\u00e1pidas, cuidado experto de los pies y diagn\u00f3stico in situ, garantizando un tratamiento eficaz y un alivio a largo plazo del pie de atleta y otras infecciones f\u00fangicas.<\/p>\n<\/li>\n<\/ol>\n<\/section>\n<p>Ver m\u00e1s: <a href=\"https:\/\/www.medexdtc.com\/es\/atencion-urgente-en-queens-ny\/\">Atenci\u00f3n urgente en Queens<\/a>, <a href=\"https:\/\/www.medexdtc.com\/specialties\/nephrology\/\">especialista en ri\u00f1\u00f3n en Queens, NY<\/a>, <a href=\"https:\/\/www.medexdtc.com\/es\/varicose-veins\/\">m\u00e9dico de venas en Queens<\/a>,<\/p>\n<div class=\"css-1uwmyp9-text css-aqdypc css-13sga99 css-13o7eu2 css-542wex\"><a href=\"https:\/\/www.medexdtc.com\/es\/pruebas-de-conduccion-nerviosa\/\"><span class=\"css-1uwmyp9-text css-aqdypc css-13sga99 css-6n7j50\">prueba de conducci\u00f3n nerviosa en piernas y pies<\/span><\/a>ur\u00f3logo <a href=\"https:\/\/www.medexdtc.com\/specialties\/urology\/\">NYC.<\/a><\/div>\n","protected":false},"excerpt":{"rendered":"<p>A pesar de su nombre, cualquiera puede tener pie de atleta. Est\u00e1 causado por un hongo que crece en la piel de lugares oscuros, c\u00e1lidos y h\u00famedos. Si te sudan mucho los pies, siempre corres el riesgo de desarrollar un caso de pie de atleta. Afortunadamente, puedes prevenir una infecci\u00f3n con precauciones sensatas y h\u00e1bitos &hellip; <\/p>\n<p class=\"link-more\"><a href=\"https:\/\/www.medexdtc.com\/es\/athletes-foot\/\" class=\"more-link\">Continue reading<span class=\"screen-reader-text\"> \u00abTratamiento del pie de atleta en Queens, NY\u00bb<\/span><\/a><\/p>\n","protected":false},"author":3,"featured_media":6651,"parent":0,"menu_order":0,"comment_status":"closed","ping_status":"closed","template":"new_inner.php","meta":{"_acf_changed":false,"footnotes":""},"class_list":["post-5916","page","type-page","status-publish","has-post-thumbnail","hentry"],"acf":[],"yoast_head":"<!-- This site is optimized with the Yoast SEO plugin v27.5 - https:\/\/yoast.com\/product\/yoast-seo-wordpress\/ -->\n<title>Tratamiento del pie de atleta | Los mejores m\u00e9dicos del pie en Forest Hills, Queens, NY<\/title>\n<meta name=\"description\" content=\"Si tienes pie de atleta, lo has tenido en el pasado o eres propenso a las infecciones, ponte en contacto hoy mismo con el Centro de Diagn\u00f3stico y Tratamiento Medex de Forest Hills, Queens, NY, para una consulta.\" \/>\n<meta name=\"robots\" content=\"index, follow, max-snippet:-1, max-image-preview:large, max-video-preview:-1\" \/>\n<link rel=\"canonical\" href=\"https:\/\/www.medexdtc.com\/es\/athletes-foot\/\" \/>\n<meta property=\"og:locale\" content=\"es_ES\" \/>\n<meta property=\"og:type\" content=\"article\" \/>\n<meta property=\"og:title\" content=\"Tratamiento del pie de atleta | Los mejores m\u00e9dicos del pie en Forest Hills, Queens, NY\" \/>\n<meta property=\"og:description\" content=\"Si tienes pie de atleta, lo has tenido en el pasado o eres propenso a las infecciones, ponte en contacto hoy mismo con el Centro de Diagn\u00f3stico y Tratamiento Medex de Forest Hills, Queens, NY, para una consulta.\" \/>\n<meta property=\"og:url\" content=\"https:\/\/www.medexdtc.com\/es\/athletes-foot\/\" \/>\n<meta property=\"og:site_name\" content=\"Medex Diagnostic and Treatment Center - Queens Medical Center - Medical Clinic in Forest Hills, NY\" \/>\n<meta property=\"article:publisher\" content=\"https:\/\/www.facebook.com\/medexny\" \/>\n<meta name=\"twitter:card\" content=\"summary_large_image\" \/>\n<meta name=\"twitter:site\" content=\"@DtcMedex\" \/>\n<meta name=\"twitter:label1\" content=\"Tiempo de lectura\" \/>\n\t<meta name=\"twitter:data1\" content=\"9 minutos\" \/>\n<!-- \/ Yoast SEO plugin. -->","yoast_head_json":{"title":"Tratamiento del pie de atleta | Los mejores m\u00e9dicos del pie en Forest Hills, Queens, NY","description":"Si tienes pie de atleta, lo has tenido en el pasado o eres propenso a las infecciones, ponte en contacto hoy mismo con el Centro de Diagn\u00f3stico y Tratamiento Medex de Forest Hills, Queens, NY, para una consulta.","robots":{"index":"index","follow":"follow","max-snippet":"max-snippet:-1","max-image-preview":"max-image-preview:large","max-video-preview":"max-video-preview:-1"},"canonical":"https:\/\/www.medexdtc.com\/es\/athletes-foot\/","og_locale":"es_ES","og_type":"article","og_title":"Tratamiento del pie de atleta | Los mejores m\u00e9dicos del pie en Forest Hills, Queens, NY","og_description":"Si tienes pie de atleta, lo has tenido en el pasado o eres propenso a las infecciones, ponte en contacto hoy mismo con el Centro de Diagn\u00f3stico y Tratamiento Medex de Forest Hills, Queens, NY, para una consulta.","og_url":"https:\/\/www.medexdtc.com\/es\/athletes-foot\/","og_site_name":"Medex Diagnostic and Treatment Center - Queens Medical Center - Medical Clinic in Forest Hills, NY","article_publisher":"https:\/\/www.facebook.com\/medexny","twitter_card":"summary_large_image","twitter_site":"@DtcMedex","twitter_misc":{"Tiempo de lectura":"9 minutos"},"schema":{"@context":"https:\/\/schema.org","@graph":[{"@type":"WebPage","@id":"https:\/\/www.medexdtc.com\/es\/athletes-foot\/","url":"https:\/\/www.medexdtc.com\/es\/athletes-foot\/","name":"Tratamiento del pie de atleta | Los mejores m\u00e9dicos del pie en Forest Hills, Queens, NY","isPartOf":{"@id":"https:\/\/www.medexdtc.com\/es\/#website"},"primaryImageOfPage":{"@id":"https:\/\/www.medexdtc.com\/es\/athletes-foot\/#primaryimage"},"image":{"@id":"https:\/\/www.medexdtc.com\/es\/athletes-foot\/#primaryimage"},"thumbnailUrl":"https:\/\/www.medexdtc.com\/wp-content\/uploads\/2025\/11\/athletes-foot.png","datePublished":"2020-08-05T17:57:54+00:00","description":"Si tienes pie de atleta, lo has tenido en el pasado o eres propenso a las infecciones, ponte en contacto hoy mismo con el Centro de Diagn\u00f3stico y Tratamiento Medex de Forest Hills, Queens, NY, para una consulta.","breadcrumb":{"@id":"https:\/\/www.medexdtc.com\/es\/athletes-foot\/#breadcrumb"},"inLanguage":"es","potentialAction":[{"@type":"ReadAction","target":["https:\/\/www.medexdtc.com\/es\/athletes-foot\/"]}]},{"@type":"ImageObject","inLanguage":"es","@id":"https:\/\/www.medexdtc.com\/es\/athletes-foot\/#primaryimage","url":"https:\/\/www.medexdtc.com\/wp-content\/uploads\/2025\/11\/athletes-foot.png","contentUrl":"https:\/\/www.medexdtc.com\/wp-content\/uploads\/2025\/11\/athletes-foot.png","width":1024,"height":1024,"caption":"an illustration of woman's foot with athletes foot"},{"@type":"BreadcrumbList","@id":"https:\/\/www.medexdtc.com\/es\/athletes-foot\/#breadcrumb","itemListElement":[{"@type":"ListItem","position":1,"name":"Home","item":"https:\/\/www.medexdtc.com\/es\/"},{"@type":"ListItem","position":2,"name":"Tratamiento del pie de atleta en Queens, NY"}]},{"@type":"WebSite","@id":"https:\/\/www.medexdtc.com\/es\/#website","url":"https:\/\/www.medexdtc.com\/es\/","name":"Medex DTC","description":"Medex Diagnostic and Treatment Center is a Medical Center in Queens, NY is a dynamic multi-specialty clinic. Physicians delivering high quality individualized care in Forest Hills, Queens, NY.","publisher":{"@id":"https:\/\/www.medexdtc.com\/es\/#organization"},"potentialAction":[{"@type":"SearchAction","target":{"@type":"EntryPoint","urlTemplate":"https:\/\/www.medexdtc.com\/es\/?s={search_term_string}"},"query-input":{"@type":"PropertyValueSpecification","valueRequired":true,"valueName":"search_term_string"}}],"inLanguage":"es"},{"@type":"Organization","@id":"https:\/\/www.medexdtc.com\/es\/#organization","name":"Medex DCT","url":"https:\/\/www.medexdtc.com\/es\/","logo":{"@type":"ImageObject","inLanguage":"es","@id":"https:\/\/www.medexdtc.com\/es\/#\/schema\/logo\/image\/","url":"https:\/\/www.medexdtc.com\/wp-content\/uploads\/2024\/11\/medex-diagnostic-and-treatment-center-in-queens-NY.png","contentUrl":"https:\/\/www.medexdtc.com\/wp-content\/uploads\/2024\/11\/medex-diagnostic-and-treatment-center-in-queens-NY.png","width":226,"height":47,"caption":"Medex DCT"},"image":{"@id":"https:\/\/www.medexdtc.com\/es\/#\/schema\/logo\/image\/"},"sameAs":["https:\/\/www.facebook.com\/medexny","https:\/\/x.com\/DtcMedex","https:\/\/www.instagram.com\/medexdtc\/","https:\/\/www.linkedin.com\/company\/medex-diagnostic-and-treatment-center\/about\/"]}]}},"jetpack_sharing_enabled":true,"_links":{"self":[{"href":"https:\/\/www.medexdtc.com\/es\/wp-json\/wp\/v2\/pages\/5916","targetHints":{"allow":["GET"]}}],"collection":[{"href":"https:\/\/www.medexdtc.com\/es\/wp-json\/wp\/v2\/pages"}],"about":[{"href":"https:\/\/www.medexdtc.com\/es\/wp-json\/wp\/v2\/types\/page"}],"author":[{"embeddable":true,"href":"https:\/\/www.medexdtc.com\/es\/wp-json\/wp\/v2\/users\/3"}],"replies":[{"embeddable":true,"href":"https:\/\/www.medexdtc.com\/es\/wp-json\/wp\/v2\/comments?post=5916"}],"version-history":[{"count":0,"href":"https:\/\/www.medexdtc.com\/es\/wp-json\/wp\/v2\/pages\/5916\/revisions"}],"wp:featuredmedia":[{"embeddable":true,"href":"https:\/\/www.medexdtc.com\/es\/wp-json\/wp\/v2\/media\/6651"}],"wp:attachment":[{"href":"https:\/\/www.medexdtc.com\/es\/wp-json\/wp\/v2\/media?parent=5916"}],"curies":[{"name":"wp","href":"https:\/\/api.w.org\/{rel}","templated":true}]}}