{"id":5919,"date":"2020-08-05T22:52:02","date_gmt":"2020-08-05T17:52:02","guid":{"rendered":"https:\/\/www.medexdtc.com\/prueba-y-tratamiento-del-astigmatismo-los-mejores-oculistas-en-queens-ny\/"},"modified":"2020-08-05T22:52:02","modified_gmt":"2020-08-05T17:52:02","slug":"astigmatism","status":"publish","type":"page","link":"https:\/\/www.medexdtc.com\/es\/astigmatism\/","title":{"rendered":"Prueba y tratamiento del astigmatismo &#8211; Los mejores oculistas en Queens, NY"},"content":{"rendered":"<section id=\"treatment-page-content-area-1\" class=\"treatment-page-content-area-one\">El astigmatismo es una imperfecci\u00f3n frecuente y tratable de la curvatura del ojo que provoca visi\u00f3n borrosa de lejos y de cerca. El astigmatismo se produce cuando la c\u00f3rnea o el cristalino interno del ojo tienen curvas desiguales. En lugar de ser perfectamente redonda, la superficie tiene forma m\u00e1s parecida a un huevo, lo que provoca visi\u00f3n borrosa a todas las distancias. Nuestros mejores <a href=\"https:\/\/www.medexdtc.com\/es\/ophthalmology\/\">Oftalm\u00f3logos de Queens<\/a> en el Centro de Diagn\u00f3stico y Tratamiento Medex se dedican a atender todas tus necesidades de piel, cabello y u\u00f1as.     <strong>Como el astigmatismo es una afecci\u00f3n ocular hereditaria, lo m\u00e1s probable es que si t\u00fa lo padeces, tus hijos tambi\u00e9n lo hagan. Haz que los revise pronto un oftalm\u00f3logo cualificado y con experiencia.   <\/strong><\/section>\n<section><\/section>\n<section class=\"treatment-page-content-area-one\"><strong>Tendr\u00e1n m\u00e1s posibilidades de \u00e9xito en la escuela, en los deportes y con la socializaci\u00f3n cuando puedan ver correctamente. Y si notas alg\u00fan cambio en tu propia visi\u00f3n y no te has sometido a revisiones oculares peri\u00f3dicas, visita a los expertos oftalm\u00f3logos del Centro de Diagn\u00f3stico y Tratamiento Medex de Queens, NY. Una intervenci\u00f3n precoz te da a ti y a tu familia las mejores probabilidades de ver la vida en toda su belleza. Llama hoy para concertar una cita.     <\/strong>El astigmatismo es una afecci\u00f3n ocular frecuente que provoca visi\u00f3n borrosa. Se produce porque la forma de tu c\u00f3rnea es irregular. La c\u00f3rnea es la cubierta transparente en forma de esfera que recubre el iris y el cristalino. El astigmatismo hace que la c\u00f3rnea sea ovalada o tenga forma de bal\u00f3n de f\u00fatbol en vez de un globo perfecto.Tu <a href=\"https:\/\/www.medexdtc.com\/es\/ophthalmology\/\">oftalm\u00f3logo<\/a> del Centro de Diagn\u00f3stico y Tratamiento Medex de Queens, Nueva York, examina tu visi\u00f3n para detectar el astigmatismo y otras afecciones oculares. Pero tienes que someterte a ex\u00e1menes oculares peri\u00f3dicos y exhaustivos para obtener el beneficio de un diagn\u00f3stico precoz. Para un cuidado exhaustivo de tus ojos y de tu salud en general, visita a los expertos m\u00e9dicos de Medex, que es una consulta m\u00e9dica multiespecialidad.     <img fetchpriority=\"high\" decoding=\"async\" class=\"alignnone\" src=\"https:\/\/www.medexdtc.com\/wp-content\/uploads\/2025\/09\/Astigmatism-Test-and-Treatment-in-Queens.png\" alt=\"Prueba y tratamiento del astigmatismo en Queens\" width=\"390\" height=\"390\"><\/p>\n<h2>\u00bfSe puede prevenir el astigmatismo?<\/h2>\n<p>Aunque el astigmatismo no puede prevenirse, las elecciones de estilo de vida contribuyen a una buena salud general y a la longevidad. Elige h\u00e1bitos saludables para tener la mejor salud ocular posible. Algunos consejos son mantenerse activo y seguir una dieta sana con mucha fruta y verdura fresca.  <\/p>\n<p>Un estilo de vida sano previene muchos trastornos oculares distintos del astigmatismo. Reduce el riesgo de sufrir problemas de visi\u00f3n e incluso ceguera, como el glaucoma y la degeneraci\u00f3n macular asociada a la edad. Prot\u00e9gete los ojos con gafas de sol y viseras o alas anchas. Utiliza equipos de seguridad, como gafas, para evitar lesiones oculares relacionadas con el deporte o el trabajo.   <\/p>\n<h2>\u00bfQu\u00e9 causa el astigmatismo?<\/h2>\n<p>Desarrollas astigmatismo siempre que la curvatura del cristalino dentro del ojo cambia por cualquier motivo. El astigmatismo puede preceder al desarrollo de cataratas. Puede acompa\u00f1ar a otros defectos refractivos, como la miop\u00eda y la hipermetrop\u00eda.  <\/p>\n<p>El astigmatismo suele ser hereditario. Puede estar presente desde el momento en que naces. Por otra parte, puede desarrollarse despu\u00e9s de que te hayan operado del ojo, de una enfermedad ocular o de una lesi\u00f3n ocular.  <\/p>\n<h2>S\u00edntomas del astigmatismo<\/h2>\n<p>Si tienes astigmatismo, probablemente notes que tu visi\u00f3n est\u00e1 distorsionada o no es tan clara como antes. Los ni\u00f1os que tienen astigmatismo pueden no manifestar ning\u00fan s\u00edntoma porque creen que as\u00ed es como se ve el mundo. Pueden notar diferencias en su forma de ver a medida que se producen. Algunos de los s\u00edntomas que suelen asociarse al astigmatismo son:   <\/p>\n<ul>\n<li>Visi\u00f3n distorsionada o borrosa<\/li>\n<li>Dolores de cabeza<\/li>\n<li>Cansancio ocular<\/li>\n<li>Entrecerrando los ojos<\/li>\n<li>Mala visi\u00f3n nocturna<\/li>\n<\/ul>\n<p>Los s\u00edntomas pueden aumentar o disminuir con el tiempo. Aunque estos s\u00edntomas pueden indicar astigmatismo, tambi\u00e9n pueden ser signos de otros trastornos oculares, como: <\/p>\n<ul>\n<li>Cataratas<\/li>\n<li><a href=\"https:\/\/www.medexdtc.com\/es\/macular-degeneration\/\">Degeneraci\u00f3n macular<\/a><\/li>\n<li>Ojos secos<\/li>\n<li>C\u00e1ncer<\/li>\n<li>Glaucoma<\/li>\n<li>Enfermedad diab\u00e9tica ocular<\/li>\n<li>Desprendimiento de retina<\/li>\n<li>Queratocono<\/li>\n<li>Enfermedad corneal<\/li>\n<li>Ojo de surfista<\/li>\n<\/ul>\n<p>S\u00f3lo un oftalm\u00f3logo cualificado puede determinar el origen de tus problemas de visi\u00f3n. Acude a tu oftalm\u00f3logo de Queens para una evaluaci\u00f3n completa de tus ojos. Tu m\u00e9dico, junto con otros especialistas, te orientar\u00e1 en el tratamiento de los trastornos oculares, abordando sus causas subyacentes y las consecuencias asociadas.  <\/p>\n<h2>Diagn\u00f3stico del astigmatismo<\/h2>\n<p>Durante el examen ocular, el oftalm\u00f3logo comprueba tu agudeza visual, utilizando diversas pruebas y dispositivos para determinar si tienes astigmatismo u otro trastorno ocular. Te piden que leas las letras de una tabla o de una tabla virtual. Tu especialista coloca una serie de lentes delante de tus ojos para determinar c\u00f3mo enfocan la luz.  <\/p>\n<p>El principal instrumento utilizado para medir la curvatura de tu c\u00f3rnea es un querat\u00f3metro. Un top\u00f3grafo corneal proporciona detalles adicionales sobre la forma de tu c\u00f3rnea. La curvatura exacta es necesaria para adaptar las lentes de contacto.  <\/p>\n<h2>Opciones de tratamiento para el astigmatismo<\/h2>\n<p>Las gafas o lentes de contacto corrigen el astigmatismo contrarrestando la curvatura desigual, ajustando la forma en que la luz entra en tus ojos. La ortoqueratolog\u00eda es un procedimiento que adapta lentes de contacto r\u00edgidas permeables al gas a tu ojo u ojos afectados. Tienes que llevar estas lentes por la noche. Remodelan temporalmente tu c\u00f3rnea, lo que permite corregir la visi\u00f3n sin necesidad de gafas.   <\/p>\n<p><a href=\"https:\/\/www.medexdtc.com\/es\/lasik-eye-surgery\/\">La cirug\u00eda LASIK<\/a> ha demostrado ser un tratamiento eficaz para el astigmatismo, sobre todo si tienes ojo seco u otras afecciones que dificultan el uso de lentes de contacto o gafas. Visita el Centro de Diagn\u00f3stico y Tratamiento Medex para encontrar un experto en cirug\u00eda LASIK. <\/p>\n<h2>Recibe el tratamiento adecuado a tiempo<\/h2>\n<p>El astigmatismo no tratado reduce tu calidad de vida debido a la visi\u00f3n borrosa, la fatiga visual y los frecuentes dolores de cabeza. Los ni\u00f1os con astigmatismo no diagnosticado ni tratado pueden tener problemas en la escuela o para participar en actividades normales, como los deportes. <\/p>\n<p><strong>Los ex\u00e1menes oculares peri\u00f3dicos son una parte importante de la atenci\u00f3n sanitaria proactiva Tambi\u00e9n es la mejor forma de reconocer los problemas oculares cuando empiezan. Ponte en <a href=\"https:\/\/www.medexdtc.com\/es\/astigmatism\/#contact-form\">contacto con el Centro de Diagn\u00f3stico y Tratamiento Medex<\/a> de Queens para un cuidado experto de tus ojos. Como consultorio multiespecialidad, pueden atender todas tus necesidades sanitarias. <\/strong><\/p>\n<p>Podemos ayudarte a encontrar m\u00e9dico. Llama al <a href=\"tel:+17182758900\">(718) 275-8900<\/a> <\/p>\n<p>Con licencia del estado de Nueva York, Medex es un centro de diagn\u00f3stico y tratamiento del art\u00edculo 28. Nuestros m\u00e9dicos proporcionan atenci\u00f3n integral a pacientes de todas las edades en la zona de Forest Hills, Queens, desde hace m\u00e1s de 15 a\u00f1os. Empieza a recibir atenci\u00f3n experta ahora llamando o concertando una cita en l\u00ednea con uno de los especialistas cualificados.  <\/p>\n<h3 data-start=\"175\" data-end=\"234\"><strong data-start=\"179\" data-end=\"234\">Preguntas frecuentes &#8211; Prueba y tratamiento del astigmatismo en Queens, NY<\/strong><\/h3>\n<ol data-start=\"236\" data-end=\"2219\">\n<li data-start=\"236\" data-end=\"415\">\n<p data-start=\"239\" data-end=\"415\"><strong data-start=\"239\" data-end=\"263\">\u00bfQu\u00e9 es el astigmatismo?<\/strong><br data-start=\"263\" data-end=\"266\">El astigmatismo es una afecci\u00f3n visual frecuente causada por una c\u00f3rnea o cristalino de forma irregular, que provoca visi\u00f3n borrosa o distorsionada a todas las distancias.<\/p>\n<\/li>\n<li data-start=\"417\" data-end=\"588\">\n<p data-start=\"420\" data-end=\"588\"><strong data-start=\"420\" data-end=\"461\">\u00bfCu\u00e1les son los s\u00edntomas del astigmatismo?<\/strong><br data-start=\"461\" data-end=\"464\">Los s\u00edntomas incluyen visi\u00f3n borrosa, fatiga visual, dolores de cabeza, entrecerrar los ojos y dificultad para ver de noche o leer durante periodos prolongados.<\/p>\n<\/li>\n<li data-start=\"590\" data-end=\"797\">\n<p data-start=\"593\" data-end=\"797\"><strong data-start=\"593\" data-end=\"626\">\u00bfC\u00f3mo se diagnostica el astigmatismo?<\/strong><br data-start=\"626\" data-end=\"629\">El astigmatismo se diagnostica durante un examen oftalmol\u00f3gico completo mediante pruebas como la prueba de agudeza visual, la queratometr\u00eda y la topograf\u00eda corneal para medir la forma de tu c\u00f3rnea.<\/p>\n<\/li>\n<li data-start=\"799\" data-end=\"992\">\n<p data-start=\"802\" data-end=\"992\"><strong data-start=\"802\" data-end=\"836\">\u00bfPueden tener astigmatismo los ni\u00f1os?<\/strong><br data-start=\"836\" data-end=\"839\">S\u00ed. El astigmatismo puede afectar tanto a ni\u00f1os como a adultos. Los ex\u00e1menes oculares precoces son importantes para detectarlo y corregirlo antes de que afecte al aprendizaje o al desarrollo.  <\/p>\n<\/li>\n<li data-start=\"994\" data-end=\"1165\">\n<p data-start=\"997\" data-end=\"1165\"><strong data-start=\"997\" data-end=\"1025\">\u00bfQu\u00e9 causa el astigmatismo?<\/strong><br data-start=\"1025\" data-end=\"1028\">Suele ser hereditaria, pero tambi\u00e9n puede deberse a lesiones oculares, intervenciones quir\u00fargicas o afecciones como el queratocono. La mayor\u00eda de los casos est\u00e1n presentes desde el nacimiento. <\/p>\n<\/li>\n<li data-start=\"1167\" data-end=\"1359\">\n<p data-start=\"1170\" data-end=\"1359\"><strong data-start=\"1170\" data-end=\"1201\">\u00bfC\u00f3mo se trata el astigmatismo?<\/strong><br data-start=\"1201\" data-end=\"1204\">Las opciones de tratamiento incluyen gafas graduadas, lentes de contacto (incluidas las lentes t\u00f3ricas) y cirug\u00eda refractiva como LASIK o PRK para los pacientes elegibles.<\/p>\n<\/li>\n<li data-start=\"1361\" data-end=\"1573\">\n<p data-start=\"1364\" data-end=\"1573\"><strong data-start=\"1364\" data-end=\"1407\">\u00bfEl LASIK es seguro para tratar el astigmatismo?<\/strong><br data-start=\"1407\" data-end=\"1410\">S\u00ed. El LASIK es una opci\u00f3n habitual y eficaz para tratar el astigmatismo de leve a moderado en pacientes elegibles. Un oftalm\u00f3logo puede determinar si eres candidato.  <\/p>\n<\/li>\n<li data-start=\"1575\" data-end=\"1763\">\n<p data-start=\"1578\" data-end=\"1763\"><strong data-start=\"1578\" data-end=\"1615\">\u00bfEl astigmatismo puede empeorar con el tiempo?<\/strong><br data-start=\"1615\" data-end=\"1618\">S\u00ed, el astigmatismo puede cambiar gradualmente, sobre todo con la edad. Las revisiones oculares peri\u00f3dicas son importantes para controlar los cambios de visi\u00f3n y actualizar las prescripciones. <\/p>\n<\/li>\n<li data-start=\"1765\" data-end=\"1998\">\n<p data-start=\"1768\" data-end=\"1998\"><strong data-start=\"1768\" data-end=\"1835\">\u00bfPuedes tener astigmatismo y miop\u00eda o hipermetrop\u00eda?<\/strong><br data-start=\"1835\" data-end=\"1838\">S\u00ed. El astigmatismo suele aparecer junto con la miop\u00eda o la hipermetrop\u00eda, y tu oftalm\u00f3logo puede corregir ambas con una sola receta. <\/p>\n<\/li>\n<li data-start=\"2000\" data-end=\"2219\">\n<p data-start=\"2004\" data-end=\"2219\"><strong data-start=\"2004\" data-end=\"2068\">\u00bfEst\u00e1 cubierto por el seguro el tratamiento del astigmatismo en Queens, NY?<\/strong><br data-start=\"2068\" data-end=\"2071\">Los ex\u00e1menes oculares rutinarios y las gafas pueden estar parcialmente cubiertos, pero los procedimientos electivos como el LASIK no suelen estarlo. Lo mejor es que lo consultes con tu proveedor. <\/p>\n<\/li>\n<li data-start=\"2308\" data-end=\"2555\">\n<p data-start=\"2312\" data-end=\"2555\"><strong data-start=\"2312\" data-end=\"2399\">\u00bfOfrece el Centro de Diagn\u00f3stico y Tratamiento Medex pruebas de astigmatismo en Queens, NY?<\/strong><br data-start=\"2399\" data-end=\"2402\">S\u00ed. En Medex de Queens, nuestros experimentados oftalm\u00f3logos y optometristas realizan ex\u00e1menes oculares completos para diagnosticar y tratar con precisi\u00f3n el astigmatismo. <\/p>\n<\/li>\n<li data-start=\"2557\" data-end=\"2811\">\n<p data-start=\"2561\" data-end=\"2811\"><strong data-start=\"2561\" data-end=\"2622\">\u00bfPor qu\u00e9 elegir Medex para el tratamiento del astigmatismo en Queens, NY?<\/strong><br data-start=\"2622\" data-end=\"2625\">Medex ofrece atenci\u00f3n oftalmol\u00f3gica personalizada, herramientas de diagn\u00f3stico avanzadas y opciones de tratamiento -incluidas gafas, lentes de contacto y derivaciones a especialistas- todo ello en una c\u00f3moda ubicaci\u00f3n en Forest Hills.<\/p>\n<\/li>\n<\/ol>\n<\/section>\n","protected":false},"excerpt":{"rendered":"<p>El astigmatismo es una imperfecci\u00f3n frecuente y tratable de la curvatura del ojo que provoca visi\u00f3n borrosa de lejos y de cerca. El astigmatismo se produce cuando la c\u00f3rnea o el cristalino interno del ojo tienen curvas desiguales. En lugar de ser perfectamente redonda, la superficie tiene forma m\u00e1s parecida a un huevo, lo que &hellip; <\/p>\n<p class=\"link-more\"><a href=\"https:\/\/www.medexdtc.com\/es\/astigmatism\/\" class=\"more-link\">Continue reading<span class=\"screen-reader-text\"> \u00abPrueba y tratamiento del astigmatismo &#8211; Los mejores oculistas en Queens, NY\u00bb<\/span><\/a><\/p>\n","protected":false},"author":3,"featured_media":0,"parent":0,"menu_order":0,"comment_status":"closed","ping_status":"closed","template":"new_inner.php","meta":{"_acf_changed":false,"footnotes":""},"class_list":["post-5919","page","type-page","status-publish","hentry"],"acf":[],"yoast_head":"<!-- This site is optimized with the Yoast SEO plugin v27.5 - https:\/\/yoast.com\/product\/yoast-seo-wordpress\/ -->\n<title>Tratamiento del astigmatismo | Los mejores oftalm\u00f3logos en Forest Hills | Oftalm\u00f3logos en Queens, NY<\/title>\n<meta name=\"description\" content=\"Prueba de astigmatismo. Tu oftalm\u00f3logo del Centro de Diagn\u00f3stico y Tratamiento Medex de Forest Hills, Queens, NY, examina tu visi\u00f3n para detectar el astigmatismo y otras afecciones oculares.\" \/>\n<meta name=\"robots\" content=\"index, follow, max-snippet:-1, max-image-preview:large, max-video-preview:-1\" \/>\n<link rel=\"canonical\" href=\"https:\/\/www.medexdtc.com\/es\/astigmatism\/\" \/>\n<meta property=\"og:locale\" content=\"es_ES\" \/>\n<meta property=\"og:type\" content=\"article\" \/>\n<meta property=\"og:title\" content=\"Tratamiento del astigmatismo | Los mejores oftalm\u00f3logos en Forest Hills | Oftalm\u00f3logos en Queens, NY\" \/>\n<meta property=\"og:description\" content=\"Prueba de astigmatismo. Tu oftalm\u00f3logo del Centro de Diagn\u00f3stico y Tratamiento Medex de Forest Hills, Queens, NY, examina tu visi\u00f3n para detectar el astigmatismo y otras afecciones oculares.\" \/>\n<meta property=\"og:url\" content=\"https:\/\/www.medexdtc.com\/es\/astigmatism\/\" \/>\n<meta property=\"og:site_name\" content=\"Medex Diagnostic and Treatment Center - Queens Medical Center - Medical Clinic in Forest Hills, NY\" \/>\n<meta property=\"article:publisher\" content=\"https:\/\/www.facebook.com\/medexny\" \/>\n<meta property=\"og:image\" content=\"https:\/\/www.medexdtc.com\/wp-content\/uploads\/2025\/09\/Astigmatism-Test-and-Treatment-in-Queens.png\" \/>\n<meta name=\"twitter:card\" content=\"summary_large_image\" \/>\n<meta name=\"twitter:site\" content=\"@DtcMedex\" \/>\n<meta name=\"twitter:label1\" content=\"Tiempo de lectura\" \/>\n\t<meta name=\"twitter:data1\" content=\"8 minutos\" \/>\n<!-- \/ Yoast SEO plugin. -->","yoast_head_json":{"title":"Tratamiento del astigmatismo | Los mejores oftalm\u00f3logos en Forest Hills | Oftalm\u00f3logos en Queens, NY","description":"Prueba de astigmatismo. Tu oftalm\u00f3logo del Centro de Diagn\u00f3stico y Tratamiento Medex de Forest Hills, Queens, NY, examina tu visi\u00f3n para detectar el astigmatismo y otras afecciones oculares.","robots":{"index":"index","follow":"follow","max-snippet":"max-snippet:-1","max-image-preview":"max-image-preview:large","max-video-preview":"max-video-preview:-1"},"canonical":"https:\/\/www.medexdtc.com\/es\/astigmatism\/","og_locale":"es_ES","og_type":"article","og_title":"Tratamiento del astigmatismo | Los mejores oftalm\u00f3logos en Forest Hills | Oftalm\u00f3logos en Queens, NY","og_description":"Prueba de astigmatismo. Tu oftalm\u00f3logo del Centro de Diagn\u00f3stico y Tratamiento Medex de Forest Hills, Queens, NY, examina tu visi\u00f3n para detectar el astigmatismo y otras afecciones oculares.","og_url":"https:\/\/www.medexdtc.com\/es\/astigmatism\/","og_site_name":"Medex Diagnostic and Treatment Center - Queens Medical Center - Medical Clinic in Forest Hills, NY","article_publisher":"https:\/\/www.facebook.com\/medexny","og_image":[{"url":"https:\/\/www.medexdtc.com\/wp-content\/uploads\/2025\/09\/Astigmatism-Test-and-Treatment-in-Queens.png","type":"","width":"","height":""}],"twitter_card":"summary_large_image","twitter_site":"@DtcMedex","twitter_misc":{"Tiempo de lectura":"8 minutos"},"schema":{"@context":"https:\/\/schema.org","@graph":[{"@type":"WebPage","@id":"https:\/\/www.medexdtc.com\/es\/astigmatism\/","url":"https:\/\/www.medexdtc.com\/es\/astigmatism\/","name":"Tratamiento del astigmatismo | Los mejores oftalm\u00f3logos en Forest Hills | Oftalm\u00f3logos en Queens, NY","isPartOf":{"@id":"https:\/\/www.medexdtc.com\/es\/#website"},"primaryImageOfPage":{"@id":"https:\/\/www.medexdtc.com\/es\/astigmatism\/#primaryimage"},"image":{"@id":"https:\/\/www.medexdtc.com\/es\/astigmatism\/#primaryimage"},"thumbnailUrl":"https:\/\/www.medexdtc.com\/wp-content\/uploads\/2025\/09\/Astigmatism-Test-and-Treatment-in-Queens.png","datePublished":"2020-08-05T17:52:02+00:00","description":"Prueba de astigmatismo. Tu oftalm\u00f3logo del Centro de Diagn\u00f3stico y Tratamiento Medex de Forest Hills, Queens, NY, examina tu visi\u00f3n para detectar el astigmatismo y otras afecciones oculares.","breadcrumb":{"@id":"https:\/\/www.medexdtc.com\/es\/astigmatism\/#breadcrumb"},"inLanguage":"es","potentialAction":[{"@type":"ReadAction","target":["https:\/\/www.medexdtc.com\/es\/astigmatism\/"]}]},{"@type":"ImageObject","inLanguage":"es","@id":"https:\/\/www.medexdtc.com\/es\/astigmatism\/#primaryimage","url":"https:\/\/www.medexdtc.com\/wp-content\/uploads\/2025\/09\/Astigmatism-Test-and-Treatment-in-Queens.png","contentUrl":"https:\/\/www.medexdtc.com\/wp-content\/uploads\/2025\/09\/Astigmatism-Test-and-Treatment-in-Queens.png"},{"@type":"BreadcrumbList","@id":"https:\/\/www.medexdtc.com\/es\/astigmatism\/#breadcrumb","itemListElement":[{"@type":"ListItem","position":1,"name":"Home","item":"https:\/\/www.medexdtc.com\/es\/"},{"@type":"ListItem","position":2,"name":"Prueba y tratamiento del astigmatismo &#8211; Los mejores oculistas en Queens, NY"}]},{"@type":"WebSite","@id":"https:\/\/www.medexdtc.com\/es\/#website","url":"https:\/\/www.medexdtc.com\/es\/","name":"Medex DTC","description":"Medex Diagnostic and Treatment Center is a Medical Center in Queens, NY is a dynamic multi-specialty clinic. Physicians delivering high quality individualized care in Forest Hills, Queens, NY.","publisher":{"@id":"https:\/\/www.medexdtc.com\/es\/#organization"},"potentialAction":[{"@type":"SearchAction","target":{"@type":"EntryPoint","urlTemplate":"https:\/\/www.medexdtc.com\/es\/?s={search_term_string}"},"query-input":{"@type":"PropertyValueSpecification","valueRequired":true,"valueName":"search_term_string"}}],"inLanguage":"es"},{"@type":"Organization","@id":"https:\/\/www.medexdtc.com\/es\/#organization","name":"Medex DCT","url":"https:\/\/www.medexdtc.com\/es\/","logo":{"@type":"ImageObject","inLanguage":"es","@id":"https:\/\/www.medexdtc.com\/es\/#\/schema\/logo\/image\/","url":"https:\/\/www.medexdtc.com\/wp-content\/uploads\/2024\/11\/medex-diagnostic-and-treatment-center-in-queens-NY.png","contentUrl":"https:\/\/www.medexdtc.com\/wp-content\/uploads\/2024\/11\/medex-diagnostic-and-treatment-center-in-queens-NY.png","width":226,"height":47,"caption":"Medex DCT"},"image":{"@id":"https:\/\/www.medexdtc.com\/es\/#\/schema\/logo\/image\/"},"sameAs":["https:\/\/www.facebook.com\/medexny","https:\/\/x.com\/DtcMedex","https:\/\/www.instagram.com\/medexdtc\/","https:\/\/www.linkedin.com\/company\/medex-diagnostic-and-treatment-center\/about\/"]}]}},"jetpack_sharing_enabled":true,"_links":{"self":[{"href":"https:\/\/www.medexdtc.com\/es\/wp-json\/wp\/v2\/pages\/5919","targetHints":{"allow":["GET"]}}],"collection":[{"href":"https:\/\/www.medexdtc.com\/es\/wp-json\/wp\/v2\/pages"}],"about":[{"href":"https:\/\/www.medexdtc.com\/es\/wp-json\/wp\/v2\/types\/page"}],"author":[{"embeddable":true,"href":"https:\/\/www.medexdtc.com\/es\/wp-json\/wp\/v2\/users\/3"}],"replies":[{"embeddable":true,"href":"https:\/\/www.medexdtc.com\/es\/wp-json\/wp\/v2\/comments?post=5919"}],"version-history":[{"count":0,"href":"https:\/\/www.medexdtc.com\/es\/wp-json\/wp\/v2\/pages\/5919\/revisions"}],"wp:attachment":[{"href":"https:\/\/www.medexdtc.com\/es\/wp-json\/wp\/v2\/media?parent=5919"}],"curies":[{"name":"wp","href":"https:\/\/api.w.org\/{rel}","templated":true}]}}