{"id":5923,"date":"2020-08-05T22:52:35","date_gmt":"2020-08-05T17:52:35","guid":{"rendered":"https:\/\/www.medexdtc.com\/cirugia-artroscopica-de-rodilla-en-queens-ny\/"},"modified":"2020-08-05T22:52:35","modified_gmt":"2020-08-05T17:52:35","slug":"arthroscopic-knee-surgery","status":"publish","type":"page","link":"https:\/\/www.medexdtc.com\/es\/arthroscopic-knee-surgery\/","title":{"rendered":"Cirugia Artroscopica de Rodilla en Queens, NY"},"content":{"rendered":"<section id=\"treatment-page-content-area-1\" class=\"treatment-page-content-area-one\">Las lesiones de rodilla limitan tu movilidad y causan un dolor insoportable. Puesto que el mejor tratamiento es la prevenci\u00f3n, haz todo lo que puedas para proteger tus rodillas, incluido el fortalecimiento de los m\u00fasculos que las rodean y el mantenimiento de su flexibilidad. Pero si te has lesionado la rodilla en un accidente o practicando alg\u00fan deporte, obt\u00e9n un diagn\u00f3stico adecuado del mejor <a href=\"https:\/\/www.medexdtc.com\/es\/orthopedics\/\">m\u00e9dico ortop\u00e9dico<\/a> de Queens en el Centro de Diagn\u00f3stico y Tratamiento Medex de Queens, NY. Retrasar la visita s\u00f3lo empeora el problema, ya que las lesiones de rodilla no se corrigen por s\u00ed solas sin tratamiento. Llama hoy para pedir cita.La articulaci\u00f3n de la rodilla conecta el f\u00e9mur, la r\u00f3tula y la tibia. Los ligamentos, tendones y m\u00fasculos que rodean estos huesos te dan flexibilidad para moverte y doblarte. Tambi\u00e9n impiden que te muevas o dobles en sentido contrario, al menos cuando todo funciona correctamente.La mayor\u00eda de los dolores de rodilla comienzan sin previo aviso. La mayor\u00eda de las veces se debe a que has sufrido un golpe directo en una de las rodillas en un accidente o mientras practicabas un deporte de contacto. Otras causas frecuentes se deben a una torsi\u00f3n repentina o a una flexi\u00f3n torpe de la rodilla.        <\/p>\n<p>Cuando no buscas ayuda m\u00e9dica para tu lesi\u00f3n, el tejido lesionado contribuye a crear problemas graves. Puedes acabar con movilidad reducida o incluso quedar discapacitado. La cirug\u00eda artrosc\u00f3pica de rodilla se hace necesaria cuando has sufrido una lesi\u00f3n grave de rodilla. Este <a href=\"https:\/\/www.medexdtc.com\/specialties\/orthopedics\/\">procedimiento ortop\u00e9dico<\/a> trata una amplia gama de problemas de rodilla. De hecho, tiene dos finalidades: diagn\u00f3stico y tratamiento, a veces ambas a la vez.    <\/p>\n<h2>Prevenci\u00f3n de la cirug\u00eda artrosc\u00f3pica de rodilla<\/h2>\n<p>La prevenci\u00f3n es siempre el mejor tratamiento para las lesiones de rodilla. Los especialistas ortop\u00e9dicos del Centro de Diagn\u00f3stico y Tratamiento Medex de Queens, Nueva York, ofrecen consejos para prevenir las lesiones de rodilla, como: <\/p>\n<ul>\n<li>Pierde el exceso de peso, ya que <a href=\"https:\/\/www.medexdtc.com\/es\/obesity\/\">la obesidad<\/a> a\u00f1ade presi\u00f3n adicional a tus rodillas, especialmente al subir escaleras<\/li>\n<li>No te esfuerces demasiado en el gimnasio<\/li>\n<li>Fortalece los m\u00fasculos alrededor de las rodillas<\/li>\n<li>Ejercicio para aumentar la amplitud de movimiento de las rodillas<\/li>\n<li>Utiliza rodilleras para absorber el impacto de los golpes directos en los deportes<\/li>\n<li>Estira los m\u00fasculos de las piernas y calienta antes de empezar cualquier r\u00e9gimen de ejercicio que utilice las piernas o los pies<\/li>\n<li>S\u00e9 consciente de tu cuerpo y no te esfuerces en exceso<\/li>\n<\/ul>\n<p>El dolor de rodilla suele indicar una lesi\u00f3n. Sin embargo, los da\u00f1os m\u00e1s graves en las articulaciones de la rodilla suelen dar se\u00f1ales espec\u00edficas. Acude a Medex para una consulta cuando tengas s\u00edntomas como:  <\/p>\n<ul>\n<li>Dolor punzante intenso<\/li>\n<li>Rigidez de la articulaci\u00f3n de la rodilla<\/li>\n<li>Inflamaci\u00f3n y enrojecimiento<\/li>\n<li>Bloqueo de la articulaci\u00f3n<\/li>\n<li>Debilidad e inestabilidad<\/li>\n<li>Un crujido o chasquido cuando te mueves<\/li>\n<\/ul>\n<h2>Por qu\u00e9 puedes necesitar cirug\u00eda<\/h2>\n<p>Las lesiones de rodilla son bastante frecuentes, sobre todo para quienes les gusta practicar deportes o tienden a excederse en el entrenamiento en el gimnasio. Puedes sufrir dolor de rodilla si tienes sobrepeso, tanto por el esfuerzo a\u00f1adido como por enfermedades relacionadas con la obesidad, como la <a href=\"https:\/\/www.medexdtc.com\/es\/diabetes\/\">diabetes<\/a>. <\/p>\n<p>Tu m\u00e9dico de Medex s\u00f3lo sugiere la cirug\u00eda artrosc\u00f3pica de rodilla despu\u00e9s de que los tratamientos no quir\u00fargicos no hayan producido resultados significativos. Puede que hayas probado tratamientos como el reposo o la <a href=\"https:\/\/www.medexdtc.com\/es\/physical-therapy-for-knees\/\">fisioterapia para rodillas<\/a> y piernas. Tambi\u00e9n es posible que hayas probado medicaci\u00f3n e inyecciones para <a href=\"https:\/\/www.medexdtc.com\/es\/tratamiento-del-dolor-en-queens\/\">controlar el dolor<\/a> sin \u00e9xito.  <\/p>\n<p>Puedes necesitar cirug\u00eda artrosc\u00f3pica de rodilla para:<\/p>\n<ul>\n<li>Reparar o extirpar un menisco roto<\/li>\n<li>Reconstruir la rotura del ligamento cruzado anterior<\/li>\n<li>Eliminar un tejido sinovial inflamado<\/li>\n<li>Recorta los trozos da\u00f1ados del cart\u00edlago articular<\/li>\n<li>Elimina peque\u00f1os trozos de fragmentos \u00f3seos<\/li>\n<li>Desplazar la alineaci\u00f3n de tu r\u00f3tula o r\u00f3tula<\/li>\n<li>Tratar una infecci\u00f3n en la rodilla<\/li>\n<li>Alisa las asperezas de la junta<\/li>\n<li>Recorta tejidos blandos como la plica o la bursa<\/li>\n<li>Eliminar un quiste de panadero<\/li>\n<\/ul>\n<h2>Qu\u00e9 esperar durante la cirug\u00eda artrosc\u00f3pica<\/h2>\n<p>Despu\u00e9s de sedarte, tu traumat\u00f3logo empieza haciendo varios cortes peque\u00f1os. A continuaci\u00f3n, introduce el artroscopio en una incisi\u00f3n. La luz y la c\u00e1mara de la punta permiten al cirujano evaluar visualmente la articulaci\u00f3n de la rodilla, junto con los tejidos y m\u00fasculos circundantes, a trav\u00e9s de un monitor de ordenador.  <\/p>\n<p>Si el m\u00e9dico detecta un problema o reconoce la enfermedad diagnosticada, el tratamiento es inmediato. De este modo, el procedimiento es tanto diagn\u00f3stico como reparador. El cirujano introduce diminutos instrumentos especializados -como tijeras, pinzas, rasuradoras o l\u00e1ser- a trav\u00e9s del artroscopio, seg\u00fan sea necesario. El procedimiento completo dura entre una hora y una hora y media, dependiendo de la gravedad del da\u00f1o.   <\/p>\n<h2>Despu\u00e9s de la operaci\u00f3n<\/h2>\n<p>Puedes irte a casa despu\u00e9s de la intervenci\u00f3n, ya que es un procedimiento ambulatorio. No es necesaria la hospitalizaci\u00f3n. Sin embargo, como te sedar\u00e1n para la intervenci\u00f3n, aseg\u00farate de que alguien te lleve a casa despu\u00e9s, ya que no podr\u00e1s conducir. En casa, ponte hielo en la zona con frecuencia durante los primeros d\u00edas para mantener baja la hinchaz\u00f3n. Mant\u00e9n la pierna elevada.    <\/p>\n<p>Aunque se recomiendan algunos ejercicios ligeros para fortalecer los m\u00fasculos de la pierna, no pongas peso sobre ella hasta que tu traumat\u00f3logo te d\u00e9 luz verde. Puedes volver al trabajo en un plazo de seis a ocho semanas si sigues las instrucciones de tu cirujano. Los m\u00e9dicos del Centro de Diagn\u00f3stico y Tratamiento Medex creen m\u00e1s en la prevenci\u00f3n que en la reparaci\u00f3n. Para m\u00e1s informaci\u00f3n o para concertar una consulta, <a href=\"https:\/\/www.medexdtc.com\/es\/arthroscopic-knee-surgery\/#contact-form\">ponte en contacto con la consulta<\/a> de Queens hoy mismo.   <\/p>\n<p>Podemos ayudarte a encontrar m\u00e9dico. Llama al <a href=\"tel:+17182758900\">(718) 275-8900<\/a> <\/p>\n<p>Con licencia del estado de Nueva York, Medex es un centro de diagn\u00f3stico y tratamiento del art\u00edculo 28. Nuestros m\u00e9dicos proporcionan atenci\u00f3n integral a pacientes de todas las edades en la zona de Forest Hills, Queens, desde hace m\u00e1s de 15 a\u00f1os. Empieza a recibir atenci\u00f3n experta ahora llamando o concertando una cita en l\u00ednea con uno de los especialistas cualificados.  <\/p>\n<h3 data-start=\"175\" data-end=\"229\"><strong data-start=\"179\" data-end=\"229\">Preguntas Frecuentes &#8211; Cirug\u00eda Artrosc\u00f3pica de Rodilla en Queens, NY<\/strong><\/h3>\n<ol data-start=\"231\" data-end=\"2355\">\n<li data-start=\"231\" data-end=\"455\">\n<p data-start=\"234\" data-end=\"455\"><strong data-start=\"234\" data-end=\"272\">\u00bfQu\u00e9 es la cirug\u00eda artrosc\u00f3pica de rodilla?<\/strong><br data-start=\"272\" data-end=\"275\">La cirug\u00eda artrosc\u00f3pica de rodilla es un procedimiento m\u00ednimamente invasivo que utiliza una peque\u00f1a c\u00e1mara (artroscopio) e instrumentos especializados para diagnosticar y tratar problemas en el interior de la articulaci\u00f3n de la rodilla.<\/p>\n<\/li>\n<li data-start=\"457\" data-end=\"667\">\n<p data-start=\"460\" data-end=\"667\"><strong data-start=\"460\" data-end=\"526\">\u00bfQu\u00e9 afecciones pueden tratarse con cirug\u00eda artrosc\u00f3pica de rodilla?<\/strong><br data-start=\"526\" data-end=\"529\">Suele utilizarse para tratar desgarros de menisco, lesiones del LCA, lesiones de cart\u00edlago, fragmentos \u00f3seos sueltos y revestimientos articulares inflamados (sinovitis).<\/p>\n<\/li>\n<li data-start=\"669\" data-end=\"831\">\n<p data-start=\"672\" data-end=\"831\"><strong data-start=\"672\" data-end=\"721\">\u00bfCu\u00e1nto dura la cirug\u00eda artrosc\u00f3pica de rodilla?<\/strong><br data-start=\"721\" data-end=\"724\">El procedimiento suele durar entre 30 y 90 minutos, dependiendo de la complejidad de la afecci\u00f3n tratada.<\/p>\n<\/li>\n<li data-start=\"833\" data-end=\"1033\">\n<p data-start=\"836\" data-end=\"1033\"><strong data-start=\"836\" data-end=\"877\">\u00bfEs dolorosa la cirug\u00eda artrosc\u00f3pica de rodilla?<\/strong><br data-start=\"877\" data-end=\"880\">Los pacientes suelen experimentar un dolor m\u00ednimo en comparaci\u00f3n con la cirug\u00eda abierta. El dolor se controla con medicamentos y suele mejorar significativamente en pocos d\u00edas. <\/p>\n<\/li>\n<li data-start=\"1035\" data-end=\"1267\">\n<p data-start=\"1038\" data-end=\"1267\"><strong data-start=\"1038\" data-end=\"1095\">\u00bfCu\u00e1nto dura la recuperaci\u00f3n tras una operaci\u00f3n artrosc\u00f3pica de rodilla?<\/strong><br data-start=\"1095\" data-end=\"1098\">La mayor\u00eda de los pacientes vuelven a realizar actividades ligeras a los pocos d\u00edas y reanudan sus actividades normales en 4-6 semanas. La recuperaci\u00f3n completa puede tardar varios meses en las reparaciones m\u00e1s complejas. <\/p>\n<\/li>\n<li data-start=\"1269\" data-end=\"1455\">\n<p data-start=\"1272\" data-end=\"1455\"><strong data-start=\"1272\" data-end=\"1337\">\u00bfEs necesaria la fisioterapia tras una operaci\u00f3n artrosc\u00f3pica de rodilla?<\/strong><br data-start=\"1337\" data-end=\"1340\">S\u00ed. La fisioterapia desempe\u00f1a un papel crucial en el restablecimiento de la movilidad, la fuerza y la funci\u00f3n de la rodilla tras la operaci\u00f3n. <\/p>\n<\/li>\n<li data-start=\"1457\" data-end=\"1705\">\n<p data-start=\"1460\" data-end=\"1705\"><strong data-start=\"1460\" data-end=\"1522\">\u00bfExisten riesgos asociados a la cirug\u00eda artrosc\u00f3pica de rodilla?<\/strong><br data-start=\"1522\" data-end=\"1525\">Como en cualquier intervenci\u00f3n quir\u00fargica, existen riesgos como infecci\u00f3n, hemorragia, co\u00e1gulos sangu\u00edneos o rigidez articular, pero las complicaciones son raras debido a la naturaleza m\u00ednimamente invasiva del procedimiento.<\/p>\n<\/li>\n<li data-start=\"1707\" data-end=\"1900\">\n<p data-start=\"1710\" data-end=\"1900\"><strong data-start=\"1710\" data-end=\"1757\">\u00bfPuedo andar despu\u00e9s de una operaci\u00f3n artrosc\u00f3pica de rodilla?<\/strong><br data-start=\"1757\" data-end=\"1760\">S\u00ed. La mayor\u00eda de los pacientes pueden andar con ayuda el mismo d\u00eda o en 24 horas. Tu cirujano te orientar\u00e1 sobre los niveles de actividad y las precauciones.  <\/p>\n<\/li>\n<li data-start=\"1902\" data-end=\"2121\">\n<p data-start=\"1905\" data-end=\"2121\"><strong data-start=\"1905\" data-end=\"1973\">\u00bfEst\u00e1 cubierta por el seguro la cirug\u00eda artrosc\u00f3pica de rodilla en Queens, NY?<\/strong><br data-start=\"1973\" data-end=\"1976\">S\u00ed. La mayor\u00eda de los planes de seguros, incluidos Medicare y Medicaid, cubren los procedimientos artrosc\u00f3picos m\u00e9dicamente necesarios. Puede ser necesaria una autorizaci\u00f3n previa.  <\/p>\n<\/li>\n<li data-start=\"2123\" data-end=\"2355\">\n<p data-start=\"2127\" data-end=\"2355\"><strong data-start=\"2127\" data-end=\"2181\">\u00bfC\u00f3mo s\u00e9 si necesito una operaci\u00f3n artrosc\u00f3pica de rodilla?<\/strong><br data-start=\"2181\" data-end=\"2184\">Si los tratamientos conservadores, como la fisioterapia y la medicaci\u00f3n, no han aliviado el dolor de rodilla, o las pruebas de imagen muestran da\u00f1os estructurales, el m\u00e9dico puede recomendar una artroscopia.<\/p>\n<\/li>\n<li data-start=\"2444\" data-end=\"2725\">\n<p data-start=\"2448\" data-end=\"2725\"><strong data-start=\"2448\" data-end=\"2541\">\u00bfOfrece Medex Diagnostic and Treatment Center cirug\u00eda artrosc\u00f3pica de rodilla en Queens, NY?<\/strong><br data-start=\"2541\" data-end=\"2544\">S\u00ed. Medex colabora con los mejores cirujanos ortop\u00e9dicos para ofrecer cirug\u00eda artrosc\u00f3pica de rodilla con diagn\u00f3sticos avanzados, atenci\u00f3n personalizada y rehabilitaci\u00f3n postoperatoria bajo un mismo techo. <\/p>\n<\/li>\n<li data-start=\"2727\" data-end=\"2951\">\n<p data-start=\"2731\" data-end=\"2951\"><strong data-start=\"2731\" data-end=\"2796\">\u00bfPor qu\u00e9 elegir Medex para la cirug\u00eda artrosc\u00f3pica de rodilla en Queens, NY?<\/strong><br data-start=\"2796\" data-end=\"2799\">Medex ofrece atenci\u00f3n ortop\u00e9dica experta, modernas instalaciones quir\u00fargicas y un equipo de fisioterapia especializado, todo ello convenientemente situado en Forest Hills, Queens.<\/p>\n<\/li>\n<\/ol>\n<\/section>\n","protected":false},"excerpt":{"rendered":"<p>Las lesiones de rodilla limitan tu movilidad y causan un dolor insoportable. Puesto que el mejor tratamiento es la prevenci\u00f3n, haz todo lo que puedas para proteger tus rodillas, incluido el fortalecimiento de los m\u00fasculos que las rodean y el mantenimiento de su flexibilidad. Pero si te has lesionado la rodilla en un accidente o &hellip; <\/p>\n<p class=\"link-more\"><a href=\"https:\/\/www.medexdtc.com\/es\/arthroscopic-knee-surgery\/\" class=\"more-link\">Continue reading<span class=\"screen-reader-text\"> \u00abCirugia Artroscopica de Rodilla en Queens, NY\u00bb<\/span><\/a><\/p>\n","protected":false},"author":3,"featured_media":0,"parent":0,"menu_order":0,"comment_status":"closed","ping_status":"closed","template":"new_inner.php","meta":{"_acf_changed":false,"footnotes":""},"class_list":["post-5923","page","type-page","status-publish","hentry"],"acf":[],"yoast_head":"<!-- This site is optimized with the Yoast SEO plugin v27.5 - https:\/\/yoast.com\/product\/yoast-seo-wordpress\/ -->\n<title>Cirug\u00eda artrosc\u00f3pica de rodilla - Los mejores especialistas ortop\u00e9dicos en Forest Hills, Queens, NY<\/title>\n<meta name=\"description\" content=\"Una operaci\u00f3n artrosc\u00f3pica de rodilla en el Centro de Diagn\u00f3stico y Tratamiento Medex de Queens. Cirujanos de pr\u00f3tesis de rodilla cerca de m\u00ed.\" \/>\n<meta name=\"robots\" content=\"index, follow, max-snippet:-1, max-image-preview:large, max-video-preview:-1\" \/>\n<link rel=\"canonical\" href=\"https:\/\/www.medexdtc.com\/es\/arthroscopic-knee-surgery\/\" \/>\n<meta property=\"og:locale\" content=\"es_ES\" \/>\n<meta property=\"og:type\" content=\"article\" \/>\n<meta property=\"og:title\" content=\"Cirug\u00eda artrosc\u00f3pica de rodilla - Los mejores especialistas ortop\u00e9dicos en Forest Hills, Queens, NY\" \/>\n<meta property=\"og:description\" content=\"Una operaci\u00f3n artrosc\u00f3pica de rodilla en el Centro de Diagn\u00f3stico y Tratamiento Medex de Queens. Cirujanos de pr\u00f3tesis de rodilla cerca de m\u00ed.\" \/>\n<meta property=\"og:url\" content=\"https:\/\/www.medexdtc.com\/es\/arthroscopic-knee-surgery\/\" \/>\n<meta property=\"og:site_name\" content=\"Medex Diagnostic and Treatment Center - Queens Medical Center - Medical Clinic in Forest Hills, NY\" \/>\n<meta property=\"article:publisher\" content=\"https:\/\/www.facebook.com\/medexny\" \/>\n<meta name=\"twitter:card\" content=\"summary_large_image\" \/>\n<meta name=\"twitter:site\" content=\"@DtcMedex\" \/>\n<meta name=\"twitter:label1\" content=\"Tiempo de lectura\" \/>\n\t<meta name=\"twitter:data1\" content=\"8 minutos\" \/>\n<!-- \/ Yoast SEO plugin. -->","yoast_head_json":{"title":"Cirug\u00eda artrosc\u00f3pica de rodilla - Los mejores especialistas ortop\u00e9dicos en Forest Hills, Queens, NY","description":"Una operaci\u00f3n artrosc\u00f3pica de rodilla en el Centro de Diagn\u00f3stico y Tratamiento Medex de Queens. Cirujanos de pr\u00f3tesis de rodilla cerca de m\u00ed.","robots":{"index":"index","follow":"follow","max-snippet":"max-snippet:-1","max-image-preview":"max-image-preview:large","max-video-preview":"max-video-preview:-1"},"canonical":"https:\/\/www.medexdtc.com\/es\/arthroscopic-knee-surgery\/","og_locale":"es_ES","og_type":"article","og_title":"Cirug\u00eda artrosc\u00f3pica de rodilla - Los mejores especialistas ortop\u00e9dicos en Forest Hills, Queens, NY","og_description":"Una operaci\u00f3n artrosc\u00f3pica de rodilla en el Centro de Diagn\u00f3stico y Tratamiento Medex de Queens. Cirujanos de pr\u00f3tesis de rodilla cerca de m\u00ed.","og_url":"https:\/\/www.medexdtc.com\/es\/arthroscopic-knee-surgery\/","og_site_name":"Medex Diagnostic and Treatment Center - Queens Medical Center - Medical Clinic in Forest Hills, NY","article_publisher":"https:\/\/www.facebook.com\/medexny","twitter_card":"summary_large_image","twitter_site":"@DtcMedex","twitter_misc":{"Tiempo de lectura":"8 minutos"},"schema":{"@context":"https:\/\/schema.org","@graph":[{"@type":"WebPage","@id":"https:\/\/www.medexdtc.com\/es\/arthroscopic-knee-surgery\/","url":"https:\/\/www.medexdtc.com\/es\/arthroscopic-knee-surgery\/","name":"Cirug\u00eda artrosc\u00f3pica de rodilla - Los mejores especialistas ortop\u00e9dicos en Forest Hills, Queens, NY","isPartOf":{"@id":"https:\/\/www.medexdtc.com\/es\/#website"},"datePublished":"2020-08-05T17:52:35+00:00","description":"Una operaci\u00f3n artrosc\u00f3pica de rodilla en el Centro de Diagn\u00f3stico y Tratamiento Medex de Queens. Cirujanos de pr\u00f3tesis de rodilla cerca de m\u00ed.","breadcrumb":{"@id":"https:\/\/www.medexdtc.com\/es\/arthroscopic-knee-surgery\/#breadcrumb"},"inLanguage":"es","potentialAction":[{"@type":"ReadAction","target":["https:\/\/www.medexdtc.com\/es\/arthroscopic-knee-surgery\/"]}]},{"@type":"BreadcrumbList","@id":"https:\/\/www.medexdtc.com\/es\/arthroscopic-knee-surgery\/#breadcrumb","itemListElement":[{"@type":"ListItem","position":1,"name":"Home","item":"https:\/\/www.medexdtc.com\/es\/"},{"@type":"ListItem","position":2,"name":"Cirugia Artroscopica de Rodilla en Queens, NY"}]},{"@type":"WebSite","@id":"https:\/\/www.medexdtc.com\/es\/#website","url":"https:\/\/www.medexdtc.com\/es\/","name":"Medex DTC","description":"Medex Diagnostic and Treatment Center is a Medical Center in Queens, NY is a dynamic multi-specialty clinic. Physicians delivering high quality individualized care in Forest Hills, Queens, NY.","publisher":{"@id":"https:\/\/www.medexdtc.com\/es\/#organization"},"potentialAction":[{"@type":"SearchAction","target":{"@type":"EntryPoint","urlTemplate":"https:\/\/www.medexdtc.com\/es\/?s={search_term_string}"},"query-input":{"@type":"PropertyValueSpecification","valueRequired":true,"valueName":"search_term_string"}}],"inLanguage":"es"},{"@type":"Organization","@id":"https:\/\/www.medexdtc.com\/es\/#organization","name":"Medex DCT","url":"https:\/\/www.medexdtc.com\/es\/","logo":{"@type":"ImageObject","inLanguage":"es","@id":"https:\/\/www.medexdtc.com\/es\/#\/schema\/logo\/image\/","url":"https:\/\/www.medexdtc.com\/wp-content\/uploads\/2024\/11\/medex-diagnostic-and-treatment-center-in-queens-NY.png","contentUrl":"https:\/\/www.medexdtc.com\/wp-content\/uploads\/2024\/11\/medex-diagnostic-and-treatment-center-in-queens-NY.png","width":226,"height":47,"caption":"Medex DCT"},"image":{"@id":"https:\/\/www.medexdtc.com\/es\/#\/schema\/logo\/image\/"},"sameAs":["https:\/\/www.facebook.com\/medexny","https:\/\/x.com\/DtcMedex","https:\/\/www.instagram.com\/medexdtc\/","https:\/\/www.linkedin.com\/company\/medex-diagnostic-and-treatment-center\/about\/"]}]}},"jetpack_sharing_enabled":true,"_links":{"self":[{"href":"https:\/\/www.medexdtc.com\/es\/wp-json\/wp\/v2\/pages\/5923","targetHints":{"allow":["GET"]}}],"collection":[{"href":"https:\/\/www.medexdtc.com\/es\/wp-json\/wp\/v2\/pages"}],"about":[{"href":"https:\/\/www.medexdtc.com\/es\/wp-json\/wp\/v2\/types\/page"}],"author":[{"embeddable":true,"href":"https:\/\/www.medexdtc.com\/es\/wp-json\/wp\/v2\/users\/3"}],"replies":[{"embeddable":true,"href":"https:\/\/www.medexdtc.com\/es\/wp-json\/wp\/v2\/comments?post=5923"}],"version-history":[{"count":0,"href":"https:\/\/www.medexdtc.com\/es\/wp-json\/wp\/v2\/pages\/5923\/revisions"}],"wp:attachment":[{"href":"https:\/\/www.medexdtc.com\/es\/wp-json\/wp\/v2\/media?parent=5923"}],"curies":[{"name":"wp","href":"https:\/\/api.w.org\/{rel}","templated":true}]}}