{"id":5945,"date":"2020-08-05T23:11:31","date_gmt":"2020-08-05T18:11:31","guid":{"rendered":"https:\/\/www.medexdtc.com\/tratamiento-de-la-artritis-en-las-manos-en-queens-ny\/"},"modified":"2020-08-05T23:11:31","modified_gmt":"2020-08-05T18:11:31","slug":"arthritis-in-the-hands","status":"publish","type":"page","link":"https:\/\/www.medexdtc.com\/es\/arthritis-in-the-hands\/","title":{"rendered":"Tratamiento de la Artritis en las Manos en Queens, NY"},"content":{"rendered":"<section id=\"treatment-page-content-area-1\" class=\"treatment-page-content-area-one sub-container\">La artritis ataca las articulaciones de los dedos, el pulgar e incluso la mu\u00f1eca. Hay m\u00e1s de cien tipos de artritis. Cada una requiere un tratamiento distinto. Se prev\u00e9 que casi 78 millones de estadounidenses sufrir\u00e1n artritis en las manos en 2040. Aunque las formas m\u00e1s comunes de artritis atacan a personas mayores, nadie es inmune a la enfermedad. Diferentes tipos de artritis pueden afectar a las peque\u00f1as articulaciones de manos y mu\u00f1ecas. La enfermedad causa dolor y rigidez. Para aliviar el dolor y reducir la rigidez, visita a los expertos del Centro de Diagn\u00f3stico y Tratamiento Medex de Queens, NY. Cuanto antes pueda diagnosticarte tu m\u00e9dico la artritis, mayores ser\u00e1n tus posibilidades de controlar la enfermedad. Cuando tienes artritis en las manos, los movimientos sencillos, como levantar una taza de caf\u00e9, se vuelven dif\u00edciles y dolorosos.         <\/section>\n<section><\/section>\n<section class=\"treatment-page-content-area-one sub-container\">Tu mejor oportunidad de \u00e9xito en el tratamiento es un diagn\u00f3stico precoz. Si no se trata, la artritis en las manos provoca deformidades dolorosas.Recibir tratamiento a tiempo por parte de un especialista no s\u00f3lo alivia tu dolor actual, sino que tambi\u00e9n previene problemas m\u00e1s graves en el futuro. El Centro de Diagn\u00f3stico y Tratamiento Medex es un centro de atenci\u00f3n multiespecialidad de Queens, NY, que dispone de su propio <a href=\"https:\/\/www.medexdtc.com\/es\/orthopedics\/\">departamento ortop\u00e9dico<\/a> con personal experto para atenderte.  <img fetchpriority=\"high\" decoding=\"async\" class=\"\" src=\"https:\/\/www.medexdtc.com\/wp-content\/uploads\/2025\/09\/Arthritis-in-the-Hands-Treatment-in-Queens-2.png\" alt=\"Tratamiento de la Artritis en las Manos en Queens, NY\" width=\"555\" height=\"311\"><\/p>\n<h2>Diferentes tipos de artritis de la mano<\/h2>\n<p>Aunque hay muchas formas de artritis, los tipos que afectan a tus manos tienen causas diferentes. Tu m\u00e9dico Medex revisa tu historial m\u00e9dico y realiza un <a href=\"https:\/\/www.medexdtc.com\/es\/examen-fisico-y-chequeo-anual-en-forest-hills-queens-ny-examen-fisico-anual-cerca-de-mi\/\">examen f\u00edsico<\/a> para diagnosticar con precisi\u00f3n qu\u00e9 tipo te est\u00e1 afectando. Las formas m\u00e1s comunes de artritis de la mano son:  <\/p>\n<p><strong>&#8211; Osteoartritis.<\/strong>  Es el tipo m\u00e1s frecuente de artritis y suele denominarse enfermedad de desgaste. El cart\u00edlago de los huesos de la mano se degrada por el uso a lo largo del tiempo. <\/p>\n<p><strong>&#8211; Artritis reumatoide.<\/strong>  Esta enfermedad inflamatoria cr\u00f3nica se produce cuando el propio sistema inmunitario de tu cuerpo ataca el revestimiento de las articulaciones de las manos.<\/p>\n<p><strong>&#8211; La gota.<\/strong>  Como consecuencia de la acumulaci\u00f3n de \u00e1cido \u00farico en la sangre, la gota suele afectar primero a los pies. Con el tiempo se traslada a las manos y otras articulaciones del cuerpo. <\/p>\n<p><strong>&#8211; Artritis psori\u00e1sica.<\/strong>  Esta forma de artritis afecta a los huesos y a la piel. Los dedos tienden a hincharse y las u\u00f1as se degradan. <\/p>\n<p><strong>&#8211; Lupus.<\/strong>  Enfermedad autoinmune que ataca los tejidos sanos, el lupus suele afectar a las peque\u00f1as articulaciones de las manos.<\/p>\n<h2>Prevenir la artritis<\/h2>\n<p>Tener antecedentes familiares de ciertos tipos de artritis te hace m\u00e1s susceptible a la enfermedad. Pero no tienes por qu\u00e9 alarmarte. Los planes de prevenci\u00f3n y las terapias reducen el dolor y ralentizan la progresi\u00f3n de la artritis en tus manos.  <\/p>\n<p>El primer paso es un diagn\u00f3stico adecuado en el Centro de Diagn\u00f3stico y Tratamiento Medex. Tu especialista ortop\u00e9dico elabora un plan que puede incluir: <\/p>\n<ul>\n<li>Estirar las articulaciones de las manos para aumentar la amplitud de movimiento<\/li>\n<li>Dejar de fumar<\/li>\n<li>Ponerte a dieta si tienes sobrepeso<\/li>\n<li>Meditar para reducir el estr\u00e9s y la ansiedad en tu vida<\/li>\n<\/ul>\n<p>El ejercicio moderado puede reducir la rigidez y el dolor al mejorar la circulaci\u00f3n. Para obtener los mejores resultados, mant\u00e9n tu r\u00e9gimen de ejercicio durante un m\u00ednimo de seis a ocho semanas. Tu dolor artr\u00edtico disminuye mientras tus articulaciones se vuelven m\u00e1s \u00e1giles.  <\/p>\n<h2>\u00bfTienes artritis?<\/h2>\n<p>Es frecuente despertarse por la ma\u00f1ana con rigidez en las manos. Sin embargo, si la rigidez dura m\u00e1s de 30 minutos, puede ser un signo de artritis. Si eres mujer, estate especialmente atenta. Las mujeres padecen la enfermedad de forma desproporcionada. Otros indicadores de artritis son    <\/p>\n<ul>\n<li>Dolor cr\u00f3nico o intermitente en las manos<\/li>\n<li>Calor y enrojecimiento alrededor de las articulaciones<\/li>\n<li>Hinchaz\u00f3n articular que dura m\u00e1s de tres d\u00edas<\/li>\n<li>Inflamaci\u00f3n frecuente de las articulaciones de los dedos<\/li>\n<li>Dificultad para mover los dedos o el pulgar<\/li>\n<li>Chasquido o crujido durante el movimiento<\/li>\n<li>Debilidad muscular alrededor de las articulaciones<\/li>\n<\/ul>\n<p>Algunas formas de artritis son consecuencia de la vejez. Las lesiones articulares previas pueden acabar convirti\u00e9ndose en artritis. <a href=\"https:\/\/www.medexdtc.com\/es\/obesity\/\">La obesidad<\/a> es especialmente problem\u00e1tica. Adem\u00e1s de <a href=\"https:\/\/www.medexdtc.com\/es\/high-blood-pressure\/\">aumentar tu tensi\u00f3n arterial<\/a>, provoca <a href=\"https:\/\/www.medexdtc.com\/es\/heart-disease\/\">enfermedades card\u00edacas<\/a> y <a href=\"https:\/\/www.medexdtc.com\/es\/diabetes\/\">diabetes<\/a>. El sobrepeso tambi\u00e9n sobrecarga tus articulaciones.   <\/p>\n<h2>Tratamientos para la artritis en las manos<\/h2>\n<p>Existen varias opciones de tratamiento, seg\u00fan el tipo de artritis que afecte a tus manos. Tu m\u00e9dico del Centro de Diagn\u00f3stico y Tratamiento Medex puede sugerirte primero que pruebes con almohadillas t\u00e9rmicas y bolsas de hielo para el dolor y la inflamaci\u00f3n. Los masajes en las articulaciones de las manos tambi\u00e9n pueden ser eficaces.  <\/p>\n<p>Los analg\u00e9sicos de venta libre son \u00fatiles para <a href=\"https:\/\/www.medexdtc.com\/es\/tratamiento-del-dolor-en-queens\/\">el tratamiento temporal del dolor<\/a>. Cuando la hinchaz\u00f3n y el dolor aparecen a la vez, los antiinflamatorios no esteroideos tratan ambos. Tu m\u00e9dico tambi\u00e9n puede recetarte:  <\/p>\n<p><strong>&#8211; Contrairritantes.<\/strong>  Estas cremas contienen mentol, alcanfor o eucalipto, que interfieren en las se\u00f1ales de transmisi\u00f3n del dolor al cerebro.<\/p>\n<p><strong>&#8211; DMARDs.<\/strong>  Los f\u00e1rmacos antirreum\u00e1ticos modificadores de la enfermedad suelen reservarse para los pacientes con artritis reumatoide. Tratan la enfermedad en s\u00ed y no los s\u00edntomas. <\/p>\n<p><strong>&#8211; Modificadores de la respuesta biol\u00f3gica.<\/strong>  Estos f\u00e1rmacos modificados gen\u00e9ticamente se dirigen a mol\u00e9culas espec\u00edficas.<\/p>\n<p><strong>&#8211; Inyecciones de cortisona.<\/strong>  Tu m\u00e9dico puede inyectar corticoesteroides en las articulaciones doloridas para reducir el dolor y la inflamaci\u00f3n. El efecto puede durar semanas o meses. <\/p>\n<h3 data-start=\"177\" data-end=\"238\"><strong data-start=\"181\" data-end=\"238\">Preguntas frecuentes &#8211; Tratamiento de la artritis en las manos en Queens, NY<\/strong><\/h3>\n<ol data-start=\"240\" data-end=\"2359\">\n<li data-start=\"240\" data-end=\"432\">\n<p data-start=\"243\" data-end=\"432\"><strong data-start=\"243\" data-end=\"295\">\u00bfCu\u00e1les son los s\u00edntomas de la artritis en las manos?<\/strong><br data-start=\"295\" data-end=\"298\">Los s\u00edntomas habituales son dolor articular, rigidez, hinchaz\u00f3n, disminuci\u00f3n de la amplitud de movimiento y, a veces, calor o enrojecimiento alrededor de las articulaciones.<\/p>\n<\/li>\n<li data-start=\"434\" data-end=\"661\">\n<p data-start=\"437\" data-end=\"661\"><strong data-start=\"437\" data-end=\"476\">\u00bfQu\u00e9 causa la artritis en las manos?<\/strong><br data-start=\"476\" data-end=\"479\">La artritis de las manos puede estar causada por osteoartritis (desgaste), artritis reumatoide (autoinmune), artritis postraum\u00e1tica (debida a una lesi\u00f3n) u otras afecciones inflamatorias.<\/p>\n<\/li>\n<li data-start=\"663\" data-end=\"882\">\n<p data-start=\"666\" data-end=\"882\"><strong data-start=\"666\" data-end=\"702\">\u00bfC\u00f3mo se diagnostica la artritis de la mano?<\/strong><br data-start=\"702\" data-end=\"705\">El diagn\u00f3stico implica un examen f\u00edsico, la revisi\u00f3n de los s\u00edntomas y pruebas de imagen como radiograf\u00edas o resonancias magn\u00e9ticas. Pueden utilizarse an\u00e1lisis de sangre para identificar tipos inflamatorios o autoinmunes de artritis. <\/p>\n<\/li>\n<li data-start=\"884\" data-end=\"1096\">\n<p data-start=\"887\" data-end=\"1096\"><strong data-start=\"887\" data-end=\"927\">\u00bfSe puede curar la artritis de las manos?<\/strong><br data-start=\"927\" data-end=\"930\">Aunque no existe cura para la artritis, los s\u00edntomas pueden controlarse eficazmente mediante medicaci\u00f3n, terapia y cambios en el estilo de vida para mejorar la funci\u00f3n de la mano y reducir el dolor.<\/p>\n<\/li>\n<li data-start=\"1098\" data-end=\"1340\">\n<p data-start=\"1101\" data-end=\"1340\"><strong data-start=\"1101\" data-end=\"1168\">\u00bfCu\u00e1les son las opciones de tratamiento no quir\u00fargico de la artrosis de mano?<\/strong><br data-start=\"1168\" data-end=\"1171\">El tratamiento puede incluir medicamentos antiinflamatorios, inyecciones de corticoesteroides, entablillado, terapia ocupacional, terapia de calor\/fr\u00edo y ejercicios para fortalecer la mano.<\/p>\n<\/li>\n<li data-start=\"1342\" data-end=\"1554\">\n<p data-start=\"1345\" data-end=\"1554\"><strong data-start=\"1345\" data-end=\"1396\">\u00bfCu\u00e1ndo se recomienda la cirug\u00eda para la artrosis de mano?<\/strong><br data-start=\"1396\" data-end=\"1399\">Puede considerarse la cirug\u00eda si el dolor es intenso y no se alivia con tratamientos conservadores. Las opciones incluyen la fusi\u00f3n articular, la sustituci\u00f3n articular o la reparaci\u00f3n tendinosa. <\/p>\n<\/li>\n<li data-start=\"1556\" data-end=\"1737\">\n<p data-start=\"1559\" data-end=\"1737\"><strong data-start=\"1559\" data-end=\"1620\">\u00bfQu\u00e9 tipos de m\u00e9dicos tratan la artritis de la mano en Queens, NY?<\/strong><br data-start=\"1620\" data-end=\"1623\">Los reumat\u00f3logos, los especialistas en ortopedia de la mano y los m\u00e9dicos de medicina f\u00edsica suelen tratar la artritis de las manos.<\/p>\n<\/li>\n<li data-start=\"1739\" data-end=\"1921\">\n<p data-start=\"1742\" data-end=\"1921\"><strong data-start=\"1742\" data-end=\"1801\">\u00bfEs \u00fatil la fisioterapia para la artritis en las manos?<\/strong><br data-start=\"1801\" data-end=\"1804\">S\u00ed. La terapia dirigida a las manos ayuda a mejorar la fuerza, la flexibilidad y la funci\u00f3n articular, al tiempo que reduce la rigidez y el dolor. <\/p>\n<\/li>\n<li data-start=\"1923\" data-end=\"2137\">\n<p data-start=\"1926\" data-end=\"2137\"><strong data-start=\"1926\" data-end=\"1984\">\u00bfPueden la dieta y el estilo de vida afectar a los s\u00edntomas de la artritis de las manos?<\/strong><br data-start=\"1984\" data-end=\"1987\">S\u00ed. Una dieta antiinflamatoria, mantener un peso saludable, dejar de fumar y mantenerse activo pueden ayudar a reducir los s\u00edntomas y la progresi\u00f3n de la artritis. <\/p>\n<\/li>\n<li data-start=\"2139\" data-end=\"2359\">\n<p data-start=\"2143\" data-end=\"2359\"><strong data-start=\"2143\" data-end=\"2210\">\u00bfEst\u00e1 cubierto por el seguro el tratamiento de la artritis de manos en Queens, NY?<\/strong><br data-start=\"2210\" data-end=\"2213\">La mayor\u00eda de los tratamientos, incluidas las visitas al m\u00e9dico, la terapia y la medicaci\u00f3n, est\u00e1n cubiertos por el seguro. Consulta siempre con tu proveedor los detalles de la cobertura. <\/p>\n<\/li>\n<li data-start=\"2448\" data-end=\"2706\">\n<p data-start=\"2452\" data-end=\"2706\"><strong data-start=\"2452\" data-end=\"2534\">\u00bfTrata el Centro de Diagn\u00f3stico y Tratamiento Medex la artritis de la mano en Queens, NY?<\/strong><br data-start=\"2534\" data-end=\"2537\">S\u00ed. Medex ofrece una atenci\u00f3n integral de la artritis, que incluye diagn\u00f3stico, gesti\u00f3n de la medicaci\u00f3n, fisioterapia y derivaciones ortop\u00e9dicas para casos avanzados de artritis de la mano. <\/p>\n<\/li>\n<li data-start=\"2708\" data-end=\"2935\">\n<p data-start=\"2712\" data-end=\"2935\"><strong data-start=\"2712\" data-end=\"2776\">\u00bfPor qu\u00e9 elegir Medex para el tratamiento de la artritis de la mano en Queens, NY?<\/strong><br data-start=\"2776\" data-end=\"2779\">Medex ofrece atenci\u00f3n personalizada y multidisciplinar de reumat\u00f3logos y especialistas en ortopedia, todo bajo un mismo techo en nuestra sede de Forest Hills, Queens.<\/p>\n<\/li>\n<\/ol>\n<h2>Tratamientos avanzados para casos graves<\/h2>\n<p>Si tu artrosis de mano ha alcanzado una fase avanzada, la cirug\u00eda puede ser la mejor soluci\u00f3n. Los procedimientos consisten en reparar la articulaci\u00f3n, sustituirla o fusionarla, seg\u00fan tus necesidades. Tu m\u00e9dico tambi\u00e9n puede sugerirte que te sometas a cirug\u00eda artrosc\u00f3pica para preservar la articulaci\u00f3n da\u00f1ada.  <\/p>\n<p><strong>Cuanto antes se diagnostique tu artritis de mano, m\u00e1s posibilidades tendr\u00e1 tu m\u00e9dico de evitar que se deteriore m\u00e1s. <a href=\"https:\/\/www.medexdtc.com\/es\/arthritis-in-the-hands\/#contact-form\">Ponte en contacto con los expertos<\/a> del Centro de Diagn\u00f3stico y Tratamiento Medex de Queens, Nueva York, para programar tu consulta inicial.<\/strong><\/p>\n<p>Podemos ayudarte a encontrar m\u00e9dico. Llama al <a href=\"tel:+17182758900\">(718) 275-8900<\/a> <\/p>\n<p>Con licencia del estado de Nueva York, Medex es un centro de diagn\u00f3stico y tratamiento del art\u00edculo 28. Nuestros m\u00e9dicos proporcionan atenci\u00f3n integral a pacientes de todas las edades en la zona de Forest Hills, Queens, desde hace m\u00e1s de 15 a\u00f1os. Empieza a recibir atenci\u00f3n experta ahora llamando o concertando una cita en l\u00ednea con uno de los especialistas cualificados.  <\/p>\n<p><strong>Centro de Diagn\u00f3stico y Tratamiento Medex<\/strong><\/p>\n<p>111-29 Queens Blvd<br \/>\nForest Hills, NY 11375<br \/>\nTel\u00e9fono: <a href=\"tel:+17182758900\">(718) 275-8900<\/a><br \/>\nFax: (718) 785-0430<\/p>\n<\/section>\n","protected":false},"excerpt":{"rendered":"<p>La artritis ataca las articulaciones de los dedos, el pulgar e incluso la mu\u00f1eca. Hay m\u00e1s de cien tipos de artritis. Cada una requiere un tratamiento distinto. Se prev\u00e9 que casi 78 millones de estadounidenses sufrir\u00e1n artritis en las manos en 2040. Aunque las formas m\u00e1s comunes de artritis atacan a personas mayores, nadie es &hellip; <\/p>\n<p class=\"link-more\"><a href=\"https:\/\/www.medexdtc.com\/es\/arthritis-in-the-hands\/\" class=\"more-link\">Continue reading<span class=\"screen-reader-text\"> \u00abTratamiento de la Artritis en las Manos en Queens, NY\u00bb<\/span><\/a><\/p>\n","protected":false},"author":3,"featured_media":5834,"parent":0,"menu_order":0,"comment_status":"closed","ping_status":"closed","template":"new_inner.php","meta":{"_acf_changed":false,"footnotes":""},"class_list":["post-5945","page","type-page","status-publish","has-post-thumbnail","hentry"],"acf":[],"yoast_head":"<!-- This site is optimized with the Yoast SEO plugin v27.5 - https:\/\/yoast.com\/product\/yoast-seo-wordpress\/ -->\n<title>Tratamiento de la Artritis de la Mano | Los Mejores Especialistas Ortop\u00e9dicos en Forest Hills, Queens, NY<\/title>\n<meta name=\"description\" content=\"Diferentes tipos de artritis pueden afectar a las peque\u00f1as articulaciones de tus manos y mu\u00f1ecas. Para aliviar tu dolor y reducir la rigidez, visita a los expertos del Centro de Diagn\u00f3stico y Tratamiento Medex de Forest Hills, Queens, NY.\" \/>\n<meta name=\"robots\" content=\"index, follow, max-snippet:-1, max-image-preview:large, max-video-preview:-1\" \/>\n<link rel=\"canonical\" href=\"https:\/\/www.medexdtc.com\/es\/arthritis-in-the-hands\/\" \/>\n<meta property=\"og:locale\" content=\"es_ES\" \/>\n<meta property=\"og:type\" content=\"article\" \/>\n<meta property=\"og:title\" content=\"Tratamiento de la Artritis de la Mano | Los Mejores Especialistas Ortop\u00e9dicos en Forest Hills, Queens, NY\" \/>\n<meta property=\"og:description\" content=\"Diferentes tipos de artritis pueden afectar a las peque\u00f1as articulaciones de tus manos y mu\u00f1ecas. Para aliviar tu dolor y reducir la rigidez, visita a los expertos del Centro de Diagn\u00f3stico y Tratamiento Medex de Forest Hills, Queens, NY.\" \/>\n<meta property=\"og:url\" content=\"https:\/\/www.medexdtc.com\/es\/arthritis-in-the-hands\/\" \/>\n<meta property=\"og:site_name\" content=\"Medex Diagnostic and Treatment Center - Queens Medical Center - Medical Clinic in Forest Hills, NY\" \/>\n<meta property=\"article:publisher\" content=\"https:\/\/www.facebook.com\/medexny\" \/>\n<meta property=\"og:image\" content=\"https:\/\/www.medexdtc.com\/wp-content\/uploads\/2025\/09\/Arthritis-in-the-Hands-Treatment-in-Queens-2.png\" \/>\n<meta name=\"twitter:card\" content=\"summary_large_image\" \/>\n<meta name=\"twitter:site\" content=\"@DtcMedex\" \/>\n<meta name=\"twitter:label1\" content=\"Tiempo de lectura\" \/>\n\t<meta name=\"twitter:data1\" content=\"8 minutos\" \/>\n<!-- \/ Yoast SEO plugin. -->","yoast_head_json":{"title":"Tratamiento de la Artritis de la Mano | Los Mejores Especialistas Ortop\u00e9dicos en Forest Hills, Queens, NY","description":"Diferentes tipos de artritis pueden afectar a las peque\u00f1as articulaciones de tus manos y mu\u00f1ecas. Para aliviar tu dolor y reducir la rigidez, visita a los expertos del Centro de Diagn\u00f3stico y Tratamiento Medex de Forest Hills, Queens, NY.","robots":{"index":"index","follow":"follow","max-snippet":"max-snippet:-1","max-image-preview":"max-image-preview:large","max-video-preview":"max-video-preview:-1"},"canonical":"https:\/\/www.medexdtc.com\/es\/arthritis-in-the-hands\/","og_locale":"es_ES","og_type":"article","og_title":"Tratamiento de la Artritis de la Mano | Los Mejores Especialistas Ortop\u00e9dicos en Forest Hills, Queens, NY","og_description":"Diferentes tipos de artritis pueden afectar a las peque\u00f1as articulaciones de tus manos y mu\u00f1ecas. Para aliviar tu dolor y reducir la rigidez, visita a los expertos del Centro de Diagn\u00f3stico y Tratamiento Medex de Forest Hills, Queens, NY.","og_url":"https:\/\/www.medexdtc.com\/es\/arthritis-in-the-hands\/","og_site_name":"Medex Diagnostic and Treatment Center - Queens Medical Center - Medical Clinic in Forest Hills, NY","article_publisher":"https:\/\/www.facebook.com\/medexny","og_image":[{"url":"https:\/\/www.medexdtc.com\/wp-content\/uploads\/2025\/09\/Arthritis-in-the-Hands-Treatment-in-Queens-2.png","type":"","width":"","height":""}],"twitter_card":"summary_large_image","twitter_site":"@DtcMedex","twitter_misc":{"Tiempo de lectura":"8 minutos"},"schema":{"@context":"https:\/\/schema.org","@graph":[{"@type":"WebPage","@id":"https:\/\/www.medexdtc.com\/es\/arthritis-in-the-hands\/","url":"https:\/\/www.medexdtc.com\/es\/arthritis-in-the-hands\/","name":"Tratamiento de la Artritis de la Mano | Los Mejores Especialistas Ortop\u00e9dicos en Forest Hills, Queens, NY","isPartOf":{"@id":"https:\/\/www.medexdtc.com\/es\/#website"},"primaryImageOfPage":{"@id":"https:\/\/www.medexdtc.com\/es\/arthritis-in-the-hands\/#primaryimage"},"image":{"@id":"https:\/\/www.medexdtc.com\/es\/arthritis-in-the-hands\/#primaryimage"},"thumbnailUrl":"https:\/\/www.medexdtc.com\/wp-content\/uploads\/2025\/09\/Arthritis-in-the-Hands-Treatment-in-Queens-1.png","datePublished":"2020-08-05T18:11:31+00:00","description":"Diferentes tipos de artritis pueden afectar a las peque\u00f1as articulaciones de tus manos y mu\u00f1ecas. Para aliviar tu dolor y reducir la rigidez, visita a los expertos del Centro de Diagn\u00f3stico y Tratamiento Medex de Forest Hills, Queens, NY.","breadcrumb":{"@id":"https:\/\/www.medexdtc.com\/es\/arthritis-in-the-hands\/#breadcrumb"},"inLanguage":"es","potentialAction":[{"@type":"ReadAction","target":["https:\/\/www.medexdtc.com\/es\/arthritis-in-the-hands\/"]}]},{"@type":"ImageObject","inLanguage":"es","@id":"https:\/\/www.medexdtc.com\/es\/arthritis-in-the-hands\/#primaryimage","url":"https:\/\/www.medexdtc.com\/wp-content\/uploads\/2025\/09\/Arthritis-in-the-Hands-Treatment-in-Queens-1.png","contentUrl":"https:\/\/www.medexdtc.com\/wp-content\/uploads\/2025\/09\/Arthritis-in-the-Hands-Treatment-in-Queens-1.png","width":1536,"height":1024,"caption":"an illustration of arthritis in hands treatment in queens"},{"@type":"BreadcrumbList","@id":"https:\/\/www.medexdtc.com\/es\/arthritis-in-the-hands\/#breadcrumb","itemListElement":[{"@type":"ListItem","position":1,"name":"Home","item":"https:\/\/www.medexdtc.com\/es\/"},{"@type":"ListItem","position":2,"name":"Tratamiento de la Artritis en las Manos en Queens, NY"}]},{"@type":"WebSite","@id":"https:\/\/www.medexdtc.com\/es\/#website","url":"https:\/\/www.medexdtc.com\/es\/","name":"Medex DTC","description":"Medex Diagnostic and Treatment Center is a Medical Center in Queens, NY is a dynamic multi-specialty clinic. Physicians delivering high quality individualized care in Forest Hills, Queens, NY.","publisher":{"@id":"https:\/\/www.medexdtc.com\/es\/#organization"},"potentialAction":[{"@type":"SearchAction","target":{"@type":"EntryPoint","urlTemplate":"https:\/\/www.medexdtc.com\/es\/?s={search_term_string}"},"query-input":{"@type":"PropertyValueSpecification","valueRequired":true,"valueName":"search_term_string"}}],"inLanguage":"es"},{"@type":"Organization","@id":"https:\/\/www.medexdtc.com\/es\/#organization","name":"Medex DCT","url":"https:\/\/www.medexdtc.com\/es\/","logo":{"@type":"ImageObject","inLanguage":"es","@id":"https:\/\/www.medexdtc.com\/es\/#\/schema\/logo\/image\/","url":"https:\/\/www.medexdtc.com\/wp-content\/uploads\/2024\/11\/medex-diagnostic-and-treatment-center-in-queens-NY.png","contentUrl":"https:\/\/www.medexdtc.com\/wp-content\/uploads\/2024\/11\/medex-diagnostic-and-treatment-center-in-queens-NY.png","width":226,"height":47,"caption":"Medex DCT"},"image":{"@id":"https:\/\/www.medexdtc.com\/es\/#\/schema\/logo\/image\/"},"sameAs":["https:\/\/www.facebook.com\/medexny","https:\/\/x.com\/DtcMedex","https:\/\/www.instagram.com\/medexdtc\/","https:\/\/www.linkedin.com\/company\/medex-diagnostic-and-treatment-center\/about\/"]}]}},"jetpack_sharing_enabled":true,"_links":{"self":[{"href":"https:\/\/www.medexdtc.com\/es\/wp-json\/wp\/v2\/pages\/5945","targetHints":{"allow":["GET"]}}],"collection":[{"href":"https:\/\/www.medexdtc.com\/es\/wp-json\/wp\/v2\/pages"}],"about":[{"href":"https:\/\/www.medexdtc.com\/es\/wp-json\/wp\/v2\/types\/page"}],"author":[{"embeddable":true,"href":"https:\/\/www.medexdtc.com\/es\/wp-json\/wp\/v2\/users\/3"}],"replies":[{"embeddable":true,"href":"https:\/\/www.medexdtc.com\/es\/wp-json\/wp\/v2\/comments?post=5945"}],"version-history":[{"count":0,"href":"https:\/\/www.medexdtc.com\/es\/wp-json\/wp\/v2\/pages\/5945\/revisions"}],"wp:featuredmedia":[{"embeddable":true,"href":"https:\/\/www.medexdtc.com\/es\/wp-json\/wp\/v2\/media\/5834"}],"wp:attachment":[{"href":"https:\/\/www.medexdtc.com\/es\/wp-json\/wp\/v2\/media?parent=5945"}],"curies":[{"name":"wp","href":"https:\/\/api.w.org\/{rel}","templated":true}]}}