{"id":5947,"date":"2020-08-05T23:14:23","date_gmt":"2020-08-05T18:14:23","guid":{"rendered":"https:\/\/www.medexdtc.com\/tratamiento-de-la-ansiedad-en-queens-ny\/"},"modified":"2020-08-05T23:14:23","modified_gmt":"2020-08-05T18:14:23","slug":"anxiety","status":"publish","type":"page","link":"https:\/\/www.medexdtc.com\/es\/anxiety\/","title":{"rendered":"Tratamiento de la ansiedad en Queens, NY"},"content":{"rendered":"<section id=\"treatment-page-content-area-1\" class=\"treatment-page-content-area-one\"><\/section>\n<section>Todo el mundo experimenta ansiedad de vez en cuando. Es normal sentirse ansioso antes de una entrevista de trabajo o cuando vas a conocer a tus futuros suegros. Pero cuando tu ansiedad se vuelve paralizante, impidi\u00e9ndote disfrutar de la vida, es hora de buscar tratamiento. El equipo psiqui\u00e1trico del Centro de Diagn\u00f3stico y Tratamiento Medex de Queens, Nueva York, ofrece diversas soluciones eficaces para tratar los trastornos de ansiedad, as\u00ed como recomendaciones para prevenir los ataques de ansiedad. No dejes que los s\u00edntomas mentales y f\u00edsicos de la ansiedad interfieran en tus actividades y comportamientos cuando las soluciones est\u00e1n tan a mano. Llama hoy para una consulta.     <\/section>\n<section><\/section>\n<section>La ansiedad es una emoci\u00f3n. Es tensa e implica una preocupaci\u00f3n excesiva. Suele ir acompa\u00f1ada tambi\u00e9n de cambios f\u00edsicos, como mareos, aumento de la tensi\u00f3n arterial, sudoraci\u00f3n y frecuencia cardiaca acelerada. Estos s\u00edntomas se consideran un trastorno de ansiedad cuando esos sentimientos intensos son lo bastante persistentes como para interferir en tus actividades cotidianas. Puedes acabar evitando ciertas actividades y situaciones porque te preocupa c\u00f3mo reaccionar\u00e1s. Pero no tienes por qu\u00e9 vivir con ansiedad constante. Evita las consecuencias que sufres cuando dejas que tu trastorno de ansiedad no se trate. En lugar de eso, reg\u00e1late una vida m\u00e1s plena, libre de miedos constantes. Con la orientaci\u00f3n, el apoyo y el tratamiento de tu <a href=\"https:\/\/www.medexdtc.com\/es\/psychiatry\/\">psiquiatra<\/a> del Centro de Diagn\u00f3stico y Tratamiento Medex de Queens, NY, disfrutar\u00e1s de la libertad de las distracciones de tus respuestas ansiosas.        <\/section>\n<h2>C\u00f3mo dominar tus respuestas naturales<\/h2>\n<p>Las respuestas de lucha, huida o congelaci\u00f3n est\u00e1n programadas en el cuerpo humano para garantizar la conservaci\u00f3n de la especie. Estas respuestas son las reacciones f\u00edsicas que experimenta tu cuerpo ante un peligro inminente. Se activan cuando te encuentras cara a cara con un oso o un atracador. Preparan tu cuerpo para defenderte.   <\/p>\n<p>Por desgracia, la mayor\u00eda de los peligros percibidos siguen desencadenando esa reacci\u00f3n de huida o lucha, incluso cuando no est\u00e1s en peligro mortal. El estr\u00e9s por una factura vencida o las expectativas en tu trabajo pueden provocar esas mismas respuestas f\u00edsicas. Cuando tus reacciones humanas naturales te llevan a problemas f\u00edsicos como <a href=\"https:\/\/www.medexdtc.com\/es\/high-blood-pressure\/\">la hipertensi\u00f3n<\/a> y la <a href=\"https:\/\/www.medexdtc.com\/es\/gerd\/\">ERGE<\/a>, o a otras enfermedades mentales como <a href=\"https:\/\/www.medexdtc.com\/es\/depression\/\">la depresi\u00f3n<\/a> o <a href=\"https:\/\/www.medexdtc.com\/es\/borderline-personality-disorder-treatment\/\">el trastorno l\u00edmite de la personalidad<\/a>, es hora de hablar con un profesional.  <\/p>\n<p><img fetchpriority=\"high\" decoding=\"async\" class=\"\" src=\"https:\/\/www.medexdtc.com\/wp-content\/uploads\/2025\/09\/Anxiety-Treatment-in-Queens.png\" alt=\"Tratamiento de la ansiedad en Queens\" width=\"564\" height=\"376\"><\/p>\n<h2>Prevenir la ansiedad y sus s\u00edntomas<\/h2>\n<p>Habla primero con tu <a href=\"https:\/\/www.medexdtc.com\/es\/primary-care\/\">m\u00e9dico de atenci\u00f3n primaria<\/a> en Medex sobre tu ansiedad. A continuaci\u00f3n, el m\u00e9dico descarta los problemas m\u00e9dicos que causan tus s\u00edntomas, como por ejemplo <\/p>\n<ul>\n<li>Abuso de sustancias<\/li>\n<li>Ciertos medicamentos<\/li>\n<li>Arritmia cardiaca<\/li>\n<li>Problemas con las gl\u00e1ndulas tiroides<\/li>\n<\/ul>\n<p>Una vez descartados los problemas m\u00e9dicos, el tratamiento empieza por ense\u00f1arte t\u00e9cnicas de afrontamiento para evitar que los ataques de ansiedad perturben tu vida. Tu psiquiatra puede recomendarte <\/p>\n<ul>\n<li>Controlar el estr\u00e9s mediante la meditaci\u00f3n, el yoga o los paseos por la naturaleza<\/li>\n<li>A\u00f1adir ejercicio aer\u00f3bico a tu r\u00e9gimen de salud<\/li>\n<li>Unirse a un grupo de apoyo<\/li>\n<li>Llevar una dieta sana<\/li>\n<li>Dormir lo suficiente<\/li>\n<li>Evitar la cafe\u00edna y el alcohol<\/li>\n<li>Probar <a href=\"https:\/\/www.medexdtc.com\/es\/medicina-funcional-e-integrativa-en-forest-hills-queens-ny\/\">enfoques de medicina integrativa<\/a><\/li>\n<\/ul>\n<h2>Tratamiento de la ansiedad en Queens<\/h2>\n<p>La psicoterapia, tambi\u00e9n llamada terapia de conversaci\u00f3n, junto con la medicaci\u00f3n adecuada, es el tratamiento m\u00e1s eficaz para muchos tipos diferentes de trastornos de ansiedad. La terapia cognitivo-conductual se individualiza para satisfacer tus necesidades espec\u00edficas. El proceso te ense\u00f1a a pensar y comportarte de forma diferente. Hablar de tus desencadenantes os permite a ti y a tu terapeuta idear estrategias de afrontamiento tangibles.   <\/p>\n<p>Aunque la medicaci\u00f3n no cura tu trastorno de ansiedad, facilita el control de los s\u00edntomas. Tu psiquiatra Medex trabaja contigo para encontrar el tipo y la dosis que m\u00e1s te ayuden. Los tipos m\u00e1s comunes de medicamentos utilizados para tratar la ansiedad son:  <\/p>\n<ul>\n<li>Antidepresivos<\/li>\n<li>Medicamentos ansiol\u00edticos, como la benzodiacepina<\/li>\n<li>Betabloqueantes<\/li>\n<\/ul>\n<h2>Tipos de trastornos de ansiedad<\/h2>\n<p>Debes ser abierto y sincero con tu psiquiatra sobre tus s\u00edntomas y tu estilo de vida. Tu sinceridad determina el tipo espec\u00edfico de trastorno de ansiedad que te est\u00e1 causando las consecuencias negativas que afectan a tu vida. Los s\u00edntomas var\u00edan y afectan a todos los aspectos de tu recuperaci\u00f3n. Se considera que la ansiedad generalizada es un trastorno cuando tus reacciones son extremas:   <\/p>\n<ul>\n<li>Son incontrolables<\/li>\n<li>Interrumpe tu sue\u00f1o<\/li>\n<li>Te causan dificultad para concentrarte<\/li>\n<li>Interfiere en tus actividades cotidianas<\/li>\n<li>Provoca irritabilidad y sensaci\u00f3n de estar al l\u00edmite la mayor parte del tiempo<\/li>\n<li>Ocurren incluso durante actividades rutinarias<\/li>\n<li>Combinar con depresi\u00f3n<\/li>\n<\/ul>\n<p>Otros tipos de trastornos de ansiedad son<\/p>\n<p><strong>&#8211; Trastorno de p\u00e1nico.<\/strong>  Esta enfermedad provoca ataques de p\u00e1nico que aparecen r\u00e1pidamente e incluyen sentimientos de terror y fatalidad inminente. Puedes experimentar dificultad para respirar, palpitaciones de calor y dolor tor\u00e1cico. <\/p>\n<p><strong>&#8211; Fobias.<\/strong>  Estos miedos giran en torno a objetos o situaciones concretas. Y no siempre son miedos razonables. Las fobias pueden provocar ataques de p\u00e1nico cuando no te enfrentas a ellas en terapia.  <\/p>\n<p><strong>&#8211; Trastorno de ansiedad social.<\/strong>  Este trastorno implica un miedo intenso a las situaciones sociales. Hace que evites socializar porque est\u00e1s demasiado cohibido, temes ser juzgado o pasar verg\u00fcenza. <\/p>\n<p><strong>&#8211; Ansiedad de separaci\u00f3n.<\/strong>  Se trata de un trastorno que afecta a los ni\u00f1os que sienten miedo cuando sus padres o figuras parentales les abandonan.<\/p>\n<p><strong>&#8211; Agorafobia.<\/strong>  Esta afecci\u00f3n provoca p\u00e1nico y sentimientos de estar atrapado e indefenso. Si no se trata, puede conducir al aislamiento total en tu casa. <\/p>\n<p><strong>Si estos u otros patrones de pensamiento te impiden interactuar con \u00e9xito en tu trabajo, en tus relaciones o en la escuela, <a href=\"https:\/\/www.medexdtc.com\/es\/anxiety\/#contact-form\">ponte en contacto con el compasivo equipo de psiquiatras<\/a> y otros especialistas del Centro de Diagn\u00f3stico y Tratamiento Medex de Queens, NY, para averiguar c\u00f3mo controlar tus sentimientos y llevar una vida plena y productiva.<\/strong><\/p>\n<h3 data-start=\"162\" data-end=\"208\"><strong data-start=\"166\" data-end=\"208\">Preguntas frecuentes &#8211; Tratamiento de la ansiedad en Queens, NY<\/strong><\/h3>\n<ol data-start=\"210\" data-end=\"2329\">\n<li data-start=\"210\" data-end=\"413\">\n<p data-start=\"213\" data-end=\"413\"><strong data-start=\"213\" data-end=\"257\">\u00bfCu\u00e1les son los s\u00edntomas habituales de la ansiedad?<\/strong><br data-start=\"257\" data-end=\"260\">Los s\u00edntomas incluyen preocupaci\u00f3n excesiva, inquietud, fatiga, dificultad para concentrarse, tensi\u00f3n muscular, irritabilidad, trastornos del sue\u00f1o y taquicardia.<\/p>\n<\/li>\n<li data-start=\"415\" data-end=\"606\">\n<p data-start=\"418\" data-end=\"606\"><strong data-start=\"418\" data-end=\"464\">\u00bfQu\u00e9 tipos de trastornos de ansiedad existen?<\/strong><br data-start=\"464\" data-end=\"467\">Los tipos m\u00e1s comunes son el Trastorno de Ansiedad Generalizada (TAG), el Trastorno de P\u00e1nico, el Trastorno de Ansiedad Social, las Fobias Espec\u00edficas y la Ansiedad de Separaci\u00f3n.<\/p>\n<\/li>\n<li data-start=\"608\" data-end=\"843\">\n<p data-start=\"611\" data-end=\"843\"><strong data-start=\"611\" data-end=\"665\">\u00bfC\u00f3mo diagnostican la ansiedad los m\u00e9dicos de Queens, NY?<\/strong><br data-start=\"665\" data-end=\"668\">La ansiedad se diagnostica bas\u00e1ndose en evaluaciones cl\u00ednicas, cuestionarios psicol\u00f3gicos y una revisi\u00f3n de tu historial m\u00e9dico y de salud mental. Los an\u00e1lisis de sangre pueden descartar otras causas. <\/p>\n<\/li>\n<li data-start=\"845\" data-end=\"1063\">\n<p data-start=\"848\" data-end=\"1063\"><strong data-start=\"848\" data-end=\"895\">\u00bfCu\u00e1les son las opciones de tratamiento para la ansiedad?<\/strong><br data-start=\"895\" data-end=\"898\">El tratamiento puede incluir terapia cognitivo-conductual (TCC), medicaci\u00f3n (como ISRS o benzodiacepinas), entrenamiento en atenci\u00f3n plena, cambios en el estilo de vida y grupos de apoyo.<\/p>\n<\/li>\n<li data-start=\"1065\" data-end=\"1283\">\n<p data-start=\"1068\" data-end=\"1283\"><strong data-start=\"1068\" data-end=\"1110\">\u00bfNecesito medicaci\u00f3n para tratar la ansiedad?<\/strong><br data-start=\"1110\" data-end=\"1113\">No siempre. Muchas personas se benefician s\u00f3lo de la terapia, mientras que otras pueden necesitar medicaci\u00f3n para la ansiedad moderada o grave. Tu m\u00e9dico adaptar\u00e1 el tratamiento a tus necesidades.  <\/p>\n<\/li>\n<li data-start=\"1285\" data-end=\"1481\">\n<p data-start=\"1288\" data-end=\"1481\"><strong data-start=\"1288\" data-end=\"1325\">\u00bfEs eficaz la terapia para la ansiedad?<\/strong><br data-start=\"1325\" data-end=\"1328\">S\u00ed. Las terapias basadas en pruebas, como la TCC, son muy eficaces para tratar la ansiedad y ayudan a los pacientes a desarrollar estrategias de afrontamiento y a reducir los miedos irracionales. <\/p>\n<\/li>\n<li data-start=\"1483\" data-end=\"1670\">\n<p data-start=\"1486\" data-end=\"1670\"><strong data-start=\"1486\" data-end=\"1511\">\u00bfSe puede curar la ansiedad?<\/strong><br data-start=\"1511\" data-end=\"1514\">Aunque la ansiedad no puede \u00abcurarse\u00bb en todos los casos, puede controlarse eficazmente con la combinaci\u00f3n adecuada de terapia, medicaci\u00f3n y modificaciones del estilo de vida.<\/p>\n<\/li>\n<li data-start=\"1672\" data-end=\"1896\">\n<p data-start=\"1675\" data-end=\"1896\"><strong data-start=\"1675\" data-end=\"1732\">\u00bfSon \u00fatiles los remedios naturales u hol\u00edsticos para la ansiedad?<\/strong><br data-start=\"1732\" data-end=\"1735\">Los tratamientos naturales como la meditaci\u00f3n, el yoga, el ejercicio y ciertos suplementos pueden ayudar, pero deben utilizarse bajo la orientaci\u00f3n de un profesional sanitario.<\/p>\n<\/li>\n<li data-start=\"1898\" data-end=\"2117\">\n<p data-start=\"1901\" data-end=\"2117\"><strong data-start=\"1901\" data-end=\"1950\">\u00bfCu\u00e1nto tarda en hacer efecto el tratamiento de la ansiedad?<\/strong><br data-start=\"1950\" data-end=\"1953\">Algunas personas notan mejoras a las pocas semanas de la terapia o de empezar la medicaci\u00f3n, pero los resultados \u00f3ptimos pueden tardar de 6 a 12 semanas o m\u00e1s, seg\u00fan la persona.<\/p>\n<\/li>\n<li data-start=\"2119\" data-end=\"2329\">\n<p data-start=\"2123\" data-end=\"2329\"><strong data-start=\"2123\" data-end=\"2183\">\u00bfEst\u00e1 cubierto por el seguro el tratamiento de la ansiedad en Queens, NY?<\/strong><br data-start=\"2183\" data-end=\"2186\">S\u00ed. La mayor\u00eda de los planes de seguro m\u00e9dico, incluidos Medicaid y Medicare, cubren el tratamiento de la ansiedad. Ponte en contacto con tu proveedor para confirmar la cobertura espec\u00edfica.  <\/p>\n<\/li>\n<li data-start=\"2418\" data-end=\"2659\">\n<p data-start=\"2422\" data-end=\"2659\"><strong data-start=\"2422\" data-end=\"2509\">\u00bfOfrece Medex Diagnostic and Treatment Center tratamiento para la ansiedad en Queens, NY?<\/strong><br data-start=\"2509\" data-end=\"2512\">S\u00ed. Medex ofrece servicios integrales de salud mental, incluida la evaluaci\u00f3n y el tratamiento de la ansiedad por psiquiatras y terapeutas titulados. <\/p>\n<\/li>\n<li data-start=\"2661\" data-end=\"2885\">\n<p data-start=\"2665\" data-end=\"2885\"><strong data-start=\"2665\" data-end=\"2722\">\u00bfPor qu\u00e9 elegir Medex para el tratamiento de la ansiedad en Queens, NY?<\/strong><br data-start=\"2722\" data-end=\"2725\">Medex proporciona una atenci\u00f3n personalizada y compasiva con acceso a terapia, evaluaci\u00f3n psiqui\u00e1trica y gesti\u00f3n de la medicaci\u00f3n, todo ello en una c\u00f3moda ubicaci\u00f3n en Queens.<\/p>\n<\/li>\n<\/ol>\n","protected":false},"excerpt":{"rendered":"<p>Todo el mundo experimenta ansiedad de vez en cuando. Es normal sentirse ansioso antes de una entrevista de trabajo o cuando vas a conocer a tus futuros suegros. Pero cuando tu ansiedad se vuelve paralizante, impidi\u00e9ndote disfrutar de la vida, es hora de buscar tratamiento. El equipo psiqui\u00e1trico del Centro de Diagn\u00f3stico y Tratamiento Medex &hellip; <\/p>\n<p class=\"link-more\"><a href=\"https:\/\/www.medexdtc.com\/es\/anxiety\/\" class=\"more-link\">Continue reading<span class=\"screen-reader-text\"> \u00abTratamiento de la ansiedad en Queens, NY\u00bb<\/span><\/a><\/p>\n","protected":false},"author":3,"featured_media":0,"parent":0,"menu_order":0,"comment_status":"closed","ping_status":"closed","template":"new_inner.php","meta":{"_acf_changed":false,"footnotes":""},"class_list":["post-5947","page","type-page","status-publish","hentry"],"acf":[],"yoast_head":"<!-- This site is optimized with the Yoast SEO plugin v27.5 - https:\/\/yoast.com\/product\/yoast-seo-wordpress\/ -->\n<title>Tratamiento Ansiedad | Mejores Psiquiatras en Forest Hills, Queens, NY<\/title>\n<meta name=\"description\" content=\"El equipo psiqui\u00e1trico del Centro de Diagn\u00f3stico y Tratamiento Medex de Forest Hills, Queens, NY, ofrece diversas soluciones eficaces para tratar los trastornos de ansiedad, as\u00ed como recomendaciones para prevenir los ataques de ansiedad.\" \/>\n<meta name=\"robots\" content=\"index, follow, max-snippet:-1, max-image-preview:large, max-video-preview:-1\" \/>\n<link rel=\"canonical\" href=\"https:\/\/www.medexdtc.com\/es\/anxiety\/\" \/>\n<meta property=\"og:locale\" content=\"es_ES\" \/>\n<meta property=\"og:type\" content=\"article\" \/>\n<meta property=\"og:title\" content=\"Tratamiento Ansiedad | Mejores Psiquiatras en Forest Hills, Queens, NY\" \/>\n<meta property=\"og:description\" content=\"El equipo psiqui\u00e1trico del Centro de Diagn\u00f3stico y Tratamiento Medex de Forest Hills, Queens, NY, ofrece diversas soluciones eficaces para tratar los trastornos de ansiedad, as\u00ed como recomendaciones para prevenir los ataques de ansiedad.\" \/>\n<meta property=\"og:url\" content=\"https:\/\/www.medexdtc.com\/es\/anxiety\/\" \/>\n<meta property=\"og:site_name\" content=\"Medex Diagnostic and Treatment Center - Queens Medical Center - Medical Clinic in Forest Hills, NY\" \/>\n<meta property=\"article:publisher\" content=\"https:\/\/www.facebook.com\/medexny\" \/>\n<meta property=\"og:image\" content=\"https:\/\/www.medexdtc.com\/wp-content\/uploads\/2025\/09\/Anxiety-Treatment-in-Queens.png\" \/>\n<meta name=\"twitter:card\" content=\"summary_large_image\" \/>\n<meta name=\"twitter:site\" content=\"@DtcMedex\" \/>\n<meta name=\"twitter:label1\" content=\"Tiempo de lectura\" \/>\n\t<meta name=\"twitter:data1\" content=\"8 minutos\" \/>\n<!-- \/ Yoast SEO plugin. -->","yoast_head_json":{"title":"Tratamiento Ansiedad | Mejores Psiquiatras en Forest Hills, Queens, NY","description":"El equipo psiqui\u00e1trico del Centro de Diagn\u00f3stico y Tratamiento Medex de Forest Hills, Queens, NY, ofrece diversas soluciones eficaces para tratar los trastornos de ansiedad, as\u00ed como recomendaciones para prevenir los ataques de ansiedad.","robots":{"index":"index","follow":"follow","max-snippet":"max-snippet:-1","max-image-preview":"max-image-preview:large","max-video-preview":"max-video-preview:-1"},"canonical":"https:\/\/www.medexdtc.com\/es\/anxiety\/","og_locale":"es_ES","og_type":"article","og_title":"Tratamiento Ansiedad | Mejores Psiquiatras en Forest Hills, Queens, NY","og_description":"El equipo psiqui\u00e1trico del Centro de Diagn\u00f3stico y Tratamiento Medex de Forest Hills, Queens, NY, ofrece diversas soluciones eficaces para tratar los trastornos de ansiedad, as\u00ed como recomendaciones para prevenir los ataques de ansiedad.","og_url":"https:\/\/www.medexdtc.com\/es\/anxiety\/","og_site_name":"Medex Diagnostic and Treatment Center - Queens Medical Center - Medical Clinic in Forest Hills, NY","article_publisher":"https:\/\/www.facebook.com\/medexny","og_image":[{"url":"https:\/\/www.medexdtc.com\/wp-content\/uploads\/2025\/09\/Anxiety-Treatment-in-Queens.png","type":"","width":"","height":""}],"twitter_card":"summary_large_image","twitter_site":"@DtcMedex","twitter_misc":{"Tiempo de lectura":"8 minutos"},"schema":{"@context":"https:\/\/schema.org","@graph":[{"@type":"WebPage","@id":"https:\/\/www.medexdtc.com\/es\/anxiety\/","url":"https:\/\/www.medexdtc.com\/es\/anxiety\/","name":"Tratamiento Ansiedad | Mejores Psiquiatras en Forest Hills, Queens, NY","isPartOf":{"@id":"https:\/\/www.medexdtc.com\/es\/#website"},"primaryImageOfPage":{"@id":"https:\/\/www.medexdtc.com\/es\/anxiety\/#primaryimage"},"image":{"@id":"https:\/\/www.medexdtc.com\/es\/anxiety\/#primaryimage"},"thumbnailUrl":"https:\/\/www.medexdtc.com\/wp-content\/uploads\/2025\/09\/Anxiety-Treatment-in-Queens.png","datePublished":"2020-08-05T18:14:23+00:00","description":"El equipo psiqui\u00e1trico del Centro de Diagn\u00f3stico y Tratamiento Medex de Forest Hills, Queens, NY, ofrece diversas soluciones eficaces para tratar los trastornos de ansiedad, as\u00ed como recomendaciones para prevenir los ataques de ansiedad.","breadcrumb":{"@id":"https:\/\/www.medexdtc.com\/es\/anxiety\/#breadcrumb"},"inLanguage":"es","potentialAction":[{"@type":"ReadAction","target":["https:\/\/www.medexdtc.com\/es\/anxiety\/"]}]},{"@type":"ImageObject","inLanguage":"es","@id":"https:\/\/www.medexdtc.com\/es\/anxiety\/#primaryimage","url":"https:\/\/www.medexdtc.com\/wp-content\/uploads\/2025\/09\/Anxiety-Treatment-in-Queens.png","contentUrl":"https:\/\/www.medexdtc.com\/wp-content\/uploads\/2025\/09\/Anxiety-Treatment-in-Queens.png"},{"@type":"BreadcrumbList","@id":"https:\/\/www.medexdtc.com\/es\/anxiety\/#breadcrumb","itemListElement":[{"@type":"ListItem","position":1,"name":"Home","item":"https:\/\/www.medexdtc.com\/es\/"},{"@type":"ListItem","position":2,"name":"Tratamiento de la ansiedad en Queens, NY"}]},{"@type":"WebSite","@id":"https:\/\/www.medexdtc.com\/es\/#website","url":"https:\/\/www.medexdtc.com\/es\/","name":"Medex DTC","description":"Medex Diagnostic and Treatment Center is a Medical Center in Queens, NY is a dynamic multi-specialty clinic. Physicians delivering high quality individualized care in Forest Hills, Queens, NY.","publisher":{"@id":"https:\/\/www.medexdtc.com\/es\/#organization"},"potentialAction":[{"@type":"SearchAction","target":{"@type":"EntryPoint","urlTemplate":"https:\/\/www.medexdtc.com\/es\/?s={search_term_string}"},"query-input":{"@type":"PropertyValueSpecification","valueRequired":true,"valueName":"search_term_string"}}],"inLanguage":"es"},{"@type":"Organization","@id":"https:\/\/www.medexdtc.com\/es\/#organization","name":"Medex DCT","url":"https:\/\/www.medexdtc.com\/es\/","logo":{"@type":"ImageObject","inLanguage":"es","@id":"https:\/\/www.medexdtc.com\/es\/#\/schema\/logo\/image\/","url":"https:\/\/www.medexdtc.com\/wp-content\/uploads\/2024\/11\/medex-diagnostic-and-treatment-center-in-queens-NY.png","contentUrl":"https:\/\/www.medexdtc.com\/wp-content\/uploads\/2024\/11\/medex-diagnostic-and-treatment-center-in-queens-NY.png","width":226,"height":47,"caption":"Medex DCT"},"image":{"@id":"https:\/\/www.medexdtc.com\/es\/#\/schema\/logo\/image\/"},"sameAs":["https:\/\/www.facebook.com\/medexny","https:\/\/x.com\/DtcMedex","https:\/\/www.instagram.com\/medexdtc\/","https:\/\/www.linkedin.com\/company\/medex-diagnostic-and-treatment-center\/about\/"]}]}},"jetpack_sharing_enabled":true,"_links":{"self":[{"href":"https:\/\/www.medexdtc.com\/es\/wp-json\/wp\/v2\/pages\/5947","targetHints":{"allow":["GET"]}}],"collection":[{"href":"https:\/\/www.medexdtc.com\/es\/wp-json\/wp\/v2\/pages"}],"about":[{"href":"https:\/\/www.medexdtc.com\/es\/wp-json\/wp\/v2\/types\/page"}],"author":[{"embeddable":true,"href":"https:\/\/www.medexdtc.com\/es\/wp-json\/wp\/v2\/users\/3"}],"replies":[{"embeddable":true,"href":"https:\/\/www.medexdtc.com\/es\/wp-json\/wp\/v2\/comments?post=5947"}],"version-history":[{"count":0,"href":"https:\/\/www.medexdtc.com\/es\/wp-json\/wp\/v2\/pages\/5947\/revisions"}],"wp:attachment":[{"href":"https:\/\/www.medexdtc.com\/es\/wp-json\/wp\/v2\/media?parent=5947"}],"curies":[{"name":"wp","href":"https:\/\/api.w.org\/{rel}","templated":true}]}}