{"id":5954,"date":"2020-08-05T22:58:33","date_gmt":"2020-08-05T17:58:33","guid":{"rendered":"https:\/\/www.medexdtc.com\/flebectomia-ambulatoria-en-queens-ny\/"},"modified":"2025-09-15T04:33:28","modified_gmt":"2025-09-14T23:33:28","slug":"ambulatory-phlebectomy","status":"publish","type":"page","link":"https:\/\/www.medexdtc.com\/es\/ambulatory-phlebectomy\/","title":{"rendered":"Flebectom\u00eda ambulatoria en Queens, NY"},"content":{"rendered":"<section id=\"treatment-page-content-area-1\" class=\"treatment-page-content-area-one\">Si luchas contra unas varices abultadas o dolorosas, la flebectom\u00eda ambulatoria en Queens, NY, ofrece una soluci\u00f3n r\u00e1pida y eficaz. En el Centro de Diagn\u00f3stico y Tratamiento Medex, nuestros experimentados especialistas en venas varicosas realizan este procedimiento ambulatorio m\u00ednimamente invasivo en nuestras instalaciones de Queens. A diferencia de la cirug\u00eda venosa tradicional, la flebectom\u00eda ambulatoria no requiere anestesia general, ni puntos de sutura, y apenas requiere tiempo de inactividad. Mediante peque\u00f1as incisiones, tu m\u00e9dico extirpa con seguridad las venas superficiales da\u00f1adas, aliviando las molestias, mejorando la circulaci\u00f3n y devolvi\u00e9ndote la confianza. Este procedimiento aprobado por la FDA es indoloro, seguro y muy eficaz, lo que lo convierte en la mejor opci\u00f3n para los pacientes que buscan un alivio tanto m\u00e9dico como est\u00e9tico de las varices. No esperes a que tu enfermedad venosa provoque complicaciones graves, como co\u00e1gulos sangu\u00edneos o \u00falceras en las piernas. Reserva hoy mismo tu consulta en el Centro de Diagn\u00f3stico y Tratamiento Medex de Queens, Nueva York, para ver si la flebectom\u00eda ambulatoria es adecuada para ti.      <\/p>\n<h2 data-start=\"113\" data-end=\"202\"><strong data-start=\"113\" data-end=\"202\">Flebectom\u00eda ambulatoria en Queens, NY &#8211; Eliminaci\u00f3n de varices segura y m\u00ednimamente invasiva<\/strong><\/h2>\n<\/section>\n<section id=\"treatment-page-content-area-1\" class=\"treatment-page-content-area-one\">\n<p>La flebectom\u00eda ambulatoria consiste en extirpar una <a href=\"https:\/\/www.medexdtc.com\/es\/varicose-veins\/\">variz<\/a> haciendo peque\u00f1as incisiones en la piel y extray\u00e9ndola. Este procedimiento fue realizado por primera vez hace m\u00e1s de 2.400 a\u00f1os por Hip\u00f3crates, el padre de la medicina cl\u00ednica. La flebectom\u00eda ambulatoria es una opci\u00f3n excelente para tratar varices grandes que sobresalen en la superficie de la piel. Rara vez se utiliza en <a href=\"https:\/\/www.medexdtc.com\/es\/spider-veins\/\">ara\u00f1as vasculares<\/a> m\u00e1s peque\u00f1as.   <\/p>\n<p>Aunque las varices son imposibles de prevenir por completo, los expertos aconsejan hacer ejercicio, seguir una dieta y elegir ropa m\u00e1s holgada para reducir su gravedad. Si las varices se han convertido en un problema para ti, el Centro de Diagn\u00f3stico y Tratamiento Medex de Queens, NY, cuenta con <a href=\"https:\/\/www.medexdtc.com\/specialties\/veins\/\">especialistas en varices<\/a> en su plantilla. Tratan tus varices con este procedimiento m\u00ednimamente invasivo, que hace innecesaria la cirug\u00eda.  <\/p>\n<h2>\u00bfQu\u00e9 causa las varices?<\/h2>\n<p>Las varices aparecen cuando la sangre se acumula en las venas. En el sistema circulatorio de tu cuerpo, las arterias transportan sangre rica en ox\u00edgeno por todo el cuerpo. Las venas transportan la sangre de vuelta al coraz\u00f3n para su reoxigenaci\u00f3n. Es un proceso que s\u00f3lo tarda 45 segundos en completarse, gracias en parte a una serie de v\u00e1lvulas que mantienen este flujo.   <\/p>\n<p>A medida que envejeces, esas v\u00e1lvulas pueden fallar, permitiendo que la sangre se filtre hacia atr\u00e1s y se acumule en las venas. Este estado debilita las paredes de las venas, haciendo que se abulten. Cuando sobresalen lo suficiente, se hacen visibles en la superficie de la piel. Aunque son m\u00e1s frecuentes en las piernas, las varices pueden aparecer en otras partes del cuerpo. Si no se tratan, estas venas problem\u00e1ticas pueden convertirse en graves problemas de salud, como co\u00e1gulos sangu\u00edneos y \u00falceras.    <\/p>\n<h2>\u00bfQui\u00e9n corre el riesgo de desarrollar varices?<\/h2>\n<p>Cualquiera puede desarrollar varices, pero algunos individuos son m\u00e1s susceptibles que otros. Tienes m\u00e1s riesgo si <\/p>\n<ul>\n<li>Sufres debilidad muscular debido a un traumatismo, una enfermedad o una lesi\u00f3n<\/li>\n<li>\u00bfEst\u00e1s embarazada?<\/li>\n<li>Tienes antecedentes de co\u00e1gulos sangu\u00edneos<\/li>\n<li>Permanecer mucho tiempo sentado o de pie<\/li>\n<li>Son muy altos u obesos<\/li>\n<li>Pasar por cambios en los niveles de progesterona<\/li>\n<li>Tienes antecedentes familiares de insuficiencia venosa<\/li>\n<li>Est\u00e1s en tratamiento contra el c\u00e1ncer<\/li>\n<li>Fuma cigarrillos con regularidad<\/li>\n<\/ul>\n<h2>\u00bfEs la flebectom\u00eda ambulatoria adecuada para ti?<\/h2>\n<p>Tu <a href=\"https:\/\/www.medexdtc.com\/es\/primary-care\/\">m\u00e9dico de atenci\u00f3n primaria<\/a> en Medex diagnostica tu afecci\u00f3n varicosa revisando tu historial m\u00e9dico y realizando un examen f\u00edsico completo. Durante el examen, es posible que te pida que camines, para que el m\u00e9dico pueda observar tus piernas. Si es necesario, tu especialista de Medex puede utilizar una ecograf\u00eda para verificar la localizaci\u00f3n y profundidad de tus venas abultadas.  <\/p>\n<p>Eres un candidato potencial para una flebectom\u00eda ambulatoria si tus varices sobresalen por encima de la superficie de la piel. Incluso si \u00e9se es el \u00fanico s\u00edntoma que experimentas. El dolor intenso o persistente es otra buena raz\u00f3n para recurrir a la intervenci\u00f3n, ya que acaba con el dolor extrayendo la vena problem\u00e1tica.  <\/p>\n<p>No todo el mundo debe someterse a una flebectom\u00eda ambulatoria. Si no puedes andar o llevar medias de compresi\u00f3n, no eres un buen candidato. Si tienes afecciones m\u00e9dicas subyacentes que pueden dificultar el \u00e9xito de la intervenci\u00f3n, otra opci\u00f3n, como la escleroterapia, puede ser m\u00e1s adecuada para ti.  <\/p>\n<h2>La Flebectom\u00eda Ambulatoria<\/h2>\n<p>En primer lugar, tu especialista en venas del Centro de Diagn\u00f3stico y Tratamiento Medex marca las venas problem\u00e1ticas con un rotulador. Despu\u00e9s de tumbarte c\u00f3modamente con la vena al descubierto, tu m\u00e9dico desinfecta y adormece la zona a tratar con anestesia local. La anestesia no s\u00f3lo reduce las molestias, sino que tambi\u00e9n minimiza la hemorragia postoperatoria.  <\/p>\n<p>A continuaci\u00f3n, tu especialista de Queens realiza peque\u00f1as incisiones o pinchazos con agujas en lugares concretos de la vena da\u00f1ada. Con unos ganchos especiales para venas, el m\u00e9dico la extrae, secci\u00f3n por secci\u00f3n. La sangre se redirige para fluir por las venas sanas cercanas. Una vez extra\u00eddas todas las venas objetivo, tu m\u00e9dico coloca vendas absorbentes sobre la zona y envuelve toda el \u00e1rea con un vendaje de compresi\u00f3n.   <\/p>\n<h2>Recuperaci\u00f3n de una flebectom\u00eda ambulatoria<\/h2>\n<p>Tras una intervenci\u00f3n satisfactoria, puedes volver al trabajo y a otras actividades habituales en uno o dos d\u00edas. Tu m\u00e9dico puede pedirte que lleves una media de compresi\u00f3n durante las primeras 24 a 48 horas. La media:  <\/p>\n<ul>\n<li>Evita la formaci\u00f3n de nuevas varices<\/li>\n<li>Controla los hematomas y la hinchaz\u00f3n normales<\/li>\n<li>Reduce cualquier dolor<\/li>\n<\/ul>\n<p>Durante tu recuperaci\u00f3n, otras recomendaciones facilitan tu recuperaci\u00f3n y previenen la formaci\u00f3n de co\u00e1gulos sangu\u00edneos. Entre ellas se incluyen: <\/p>\n<ul>\n<li>Paseos cortos frecuentes<\/li>\n<li>Contraer regularmente los m\u00fasculos de las piernas<\/li>\n<li>Llevar una media de compresi\u00f3n durante una o dos semanas<\/li>\n<li>No levantes objetos pesados, no realices actividades aer\u00f3bicas ni permanezcas de pie mucho tiempo durante el primer mes<\/li>\n<\/ul>\n<p>Tu m\u00e9dico puede prescribirte otros tratamientos para aumentar el \u00e9xito de la intervenci\u00f3n. Hacer ejercicio a largo plazo, controlar el peso y elevar las piernas previenen las recidivas. Si sufres varices en Queens, <a href=\"https:\/\/www.medexdtc.com\/es\/ambulatory-phlebectomy\/#contact-form\">ponte en contacto con el Centro de Diagn\u00f3stico y Tratamiento Medex<\/a> para obtener remedios m\u00e9dicos a este problema potencialmente grave.  <\/p>\n<\/section>\n<h3 data-start=\"169\" data-end=\"224\"><strong data-start=\"173\" data-end=\"224\">Preguntas frecuentes sobre la flebectom\u00eda ambulatoria en Queens, NY<\/strong><\/h3>\n<ol data-start=\"226\" data-end=\"2487\">\n<li data-start=\"226\" data-end=\"486\">\n<p data-start=\"229\" data-end=\"486\"><strong data-start=\"229\" data-end=\"264\">\u00bfQu\u00e9 es la flebectom\u00eda ambulatoria?<\/strong><br data-start=\"264\" data-end=\"267\">La flebectom\u00eda ambulatoria es un procedimiento m\u00ednimamente invasivo utilizado para eliminar las varices abultadas a trav\u00e9s de peque\u00f1as incisiones en la piel. Se realiza con anestesia local y no suele requerir puntos de sutura ni hospitalizaci\u00f3n. <\/p>\n<\/li>\n<li data-start=\"488\" data-end=\"736\">\n<p data-start=\"491\" data-end=\"736\"><strong data-start=\"491\" data-end=\"541\">\u00bfQui\u00e9n es candidato a la flebectom\u00eda ambulatoria?<\/strong><br data-start=\"541\" data-end=\"544\">Este procedimiento es ideal para pacientes con varices grandes y superficiales que causan molestias o preocupaci\u00f3n est\u00e9tica. Un especialista en venas varicosas puede determinar la idoneidad tras un examen y una ecograf\u00eda. <\/p>\n<\/li>\n<li data-start=\"738\" data-end=\"955\">\n<p data-start=\"741\" data-end=\"955\"><strong data-start=\"741\" data-end=\"779\">\u00bfEs dolorosa la flebectom\u00eda ambulatoria?<\/strong><br data-start=\"779\" data-end=\"782\">La intervenci\u00f3n se realiza con anestesia local, por lo que los pacientes suelen sentir m\u00ednimas molestias. Despu\u00e9s del tratamiento pueden aparecer temporalmente ligeros hematomas, hinchaz\u00f3n o dolor. <\/p>\n<\/li>\n<li data-start=\"957\" data-end=\"1162\">\n<p data-start=\"960\" data-end=\"1162\"><strong data-start=\"960\" data-end=\"1006\">\u00bfCu\u00e1nto dura la flebectom\u00eda ambulatoria?<\/strong><br data-start=\"1006\" data-end=\"1009\">Seg\u00fan el n\u00famero y el tama\u00f1o de las venas que se traten, la intervenci\u00f3n suele durar entre 30 minutos y una hora, y se realiza en r\u00e9gimen ambulatorio.<\/p>\n<\/li>\n<li data-start=\"1164\" data-end=\"1379\">\n<p data-start=\"1167\" data-end=\"1379\"><strong data-start=\"1167\" data-end=\"1224\">\u00bfCu\u00e1l es el tiempo de recuperaci\u00f3n de la flebectom\u00eda ambulatoria?<\/strong><br data-start=\"1224\" data-end=\"1227\">La mayor\u00eda de los pacientes vuelven a sus actividades normales en 24 a 48 horas. Puede que necesites llevar medias de compresi\u00f3n y evitar el ejercicio extenuante durante unos d\u00edas. <\/p>\n<\/li>\n<li data-start=\"1381\" data-end=\"1601\">\n<p data-start=\"1384\" data-end=\"1601\"><strong data-start=\"1384\" data-end=\"1440\">\u00bfSon permanentes los resultados de la flebectom\u00eda ambulatoria?<\/strong><br data-start=\"1440\" data-end=\"1443\">S\u00ed, las venas tratadas se eliminan de forma permanente. Sin embargo, con el tiempo pueden formarse nuevas varices, sobre todo si no se trata la insuficiencia venosa subyacente. <\/p>\n<\/li>\n<li data-start=\"1603\" data-end=\"1803\">\n<p data-start=\"1606\" data-end=\"1803\"><strong data-start=\"1606\" data-end=\"1657\">\u00bfTendr\u00e9 cicatrices despu\u00e9s de la flebectom\u00eda ambulatoria?<\/strong><br data-start=\"1657\" data-end=\"1660\">Las incisiones son muy peque\u00f1as -a menudo de menos de 2 mm-, por lo que la cicatrizaci\u00f3n es m\u00ednima o nula. En la mayor\u00eda de los casos, las marcas desaparecen con el tiempo y apenas se notan. <\/p>\n<\/li>\n<li data-start=\"1805\" data-end=\"2056\">\n<p data-start=\"1808\" data-end=\"2056\"><strong data-start=\"1808\" data-end=\"1859\">\u00bfLa flebectom\u00eda ambulatoria est\u00e1 cubierta por el seguro?<\/strong><br data-start=\"1859\" data-end=\"1862\">Si el procedimiento se considera m\u00e9dicamente necesario debido a dolor, hinchaz\u00f3n u otros s\u00edntomas, la mayor\u00eda de los planes de seguros -incluido Medicare- pueden cubrirlo. Los tratamientos exclusivamente est\u00e9ticos no suelen estar cubiertos. <\/p>\n<\/li>\n<li data-start=\"2058\" data-end=\"2284\">\n<p data-start=\"2061\" data-end=\"2284\"><strong data-start=\"2061\" data-end=\"2126\">\u00bfCu\u00e1les son los riesgos o efectos secundarios de la flebectom\u00eda ambulatoria?<\/strong><br data-start=\"2126\" data-end=\"2129\">El procedimiento es muy seguro. Los posibles efectos secundarios incluyen hematomas temporales, entumecimiento, decoloraci\u00f3n de la piel o infecci\u00f3n leve, pero las complicaciones son raras. <\/p>\n<\/li>\n<li data-start=\"2286\" data-end=\"2487\">\n<p data-start=\"2290\" data-end=\"2487\"><strong data-start=\"2290\" data-end=\"2360\">\u00bfPuede combinarse la flebectom\u00eda ambulatoria con otros tratamientos venosos?<\/strong><br data-start=\"2360\" data-end=\"2363\">S\u00ed. A menudo se combina con procedimientos como la terapia l\u00e1ser endovenosa (EVLT) o la escleroterapia para un tratamiento integral de las venas. <\/p>\n<\/li>\n<li data-start=\"2562\" data-end=\"2868\">\n<p data-start=\"2566\" data-end=\"2868\"><strong data-start=\"2566\" data-end=\"2660\">\u00bfPor qu\u00e9 elegir el Centro de Diagn\u00f3stico y Tratamiento Medex para la flebectom\u00eda ambulatoria en Queens, NY?<\/strong><br data-start=\"2660\" data-end=\"2663\">Medex ofrece atenci\u00f3n vascular de primer nivel con especialistas expertos en venas, equipos avanzados y un enfoque centrado en el paciente. Nuestro equipo multiespecialidad garantiza planes de tratamiento seguros, eficaces y personalizados. <\/p>\n<\/li>\n<li data-start=\"2870\" data-end=\"3142\">\n<p data-start=\"2874\" data-end=\"3142\"><strong data-start=\"2874\" data-end=\"2954\">\u00bfC\u00f3mo programo una consulta de flebectom\u00eda ambulatoria en Medex en Queens?<\/strong><br data-start=\"2954\" data-end=\"2957\">Reservar es f\u00e1cil. Llama directamente a nuestra consulta o visita <a class=\"\" href=\"https:\/\/www.medexdtc.com\/es\/\" target=\"_new\" rel=\"noopener\" data-start=\"3008\" data-end=\"3048\">medexdtc.com<\/a> para programar tu consulta venosa. Tambi\u00e9n podemos concertar citas sin cita previa y para el mismo d\u00eda.  <\/p>\n<\/li>\n<\/ol><p><\/p>","protected":false},"excerpt":{"rendered":"<p>Si luchas contra unas varices abultadas o dolorosas, la flebectom\u00eda ambulatoria en Queens, NY, ofrece una soluci\u00f3n r\u00e1pida y eficaz. En el Centro de Diagn\u00f3stico y Tratamiento Medex, nuestros experimentados especialistas en venas varicosas realizan este procedimiento ambulatorio m\u00ednimamente invasivo en nuestras instalaciones de Queens. A diferencia de la cirug\u00eda venosa tradicional, la flebectom\u00eda ambulatoria &hellip; <\/p>\n<p class=\"link-more\"><a href=\"https:\/\/www.medexdtc.com\/es\/ambulatory-phlebectomy\/\" class=\"more-link\">Continue reading<span class=\"screen-reader-text\"> \u00abFlebectom\u00eda ambulatoria en Queens, NY\u00bb<\/span><\/a><\/p>\n","protected":false},"author":3,"featured_media":0,"parent":0,"menu_order":0,"comment_status":"closed","ping_status":"closed","template":"new_inner.php","meta":{"_acf_changed":false,"footnotes":""},"class_list":["post-5954","page","type-page","status-publish","hentry"],"acf":[],"yoast_head":"<!-- This site is optimized with the Yoast SEO plugin v27.5 - https:\/\/yoast.com\/product\/yoast-seo-wordpress\/ -->\n<title>Procedimiento de Flebectom\u00eda Ambulatoria en Forest Hills, Queens, NY | Medex Medical Center<\/title>\n<meta name=\"description\" content=\"Si las varices se han convertido en un problema para ti, el Centro de Diagn\u00f3stico y Tratamiento Medex de Forest Hills, Queens, NY, cuenta con especialistas en varices en su plantilla. Tratan tus varices con flebectom\u00eda ambulatoria, haciendo innecesaria la cirug\u00eda.\" \/>\n<meta name=\"robots\" content=\"index, follow, max-snippet:-1, max-image-preview:large, max-video-preview:-1\" \/>\n<link rel=\"canonical\" href=\"https:\/\/www.medexdtc.com\/es\/ambulatory-phlebectomy\/\" \/>\n<meta property=\"og:locale\" content=\"es_ES\" \/>\n<meta property=\"og:type\" content=\"article\" \/>\n<meta property=\"og:title\" content=\"Procedimiento de Flebectom\u00eda Ambulatoria en Forest Hills, Queens, NY | Medex Medical Center\" \/>\n<meta property=\"og:description\" content=\"Si las varices se han convertido en un problema para ti, el Centro de Diagn\u00f3stico y Tratamiento Medex de Forest Hills, Queens, NY, cuenta con especialistas en varices en su plantilla. Tratan tus varices con flebectom\u00eda ambulatoria, haciendo innecesaria la cirug\u00eda.\" \/>\n<meta property=\"og:url\" content=\"https:\/\/www.medexdtc.com\/es\/ambulatory-phlebectomy\/\" \/>\n<meta property=\"og:site_name\" content=\"Medex Diagnostic and Treatment Center - Queens Medical Center - Medical Clinic in Forest Hills, NY\" \/>\n<meta property=\"article:publisher\" content=\"https:\/\/www.facebook.com\/medexny\" \/>\n<meta property=\"article:modified_time\" content=\"2025-09-14T23:33:28+00:00\" \/>\n<meta name=\"twitter:card\" content=\"summary_large_image\" \/>\n<meta name=\"twitter:site\" content=\"@DtcMedex\" \/>\n<meta name=\"twitter:label1\" content=\"Tiempo de lectura\" \/>\n\t<meta name=\"twitter:data1\" content=\"8 minutos\" \/>\n<!-- \/ Yoast SEO plugin. -->","yoast_head_json":{"title":"Procedimiento de Flebectom\u00eda Ambulatoria en Forest Hills, Queens, NY | Medex Medical Center","description":"Si las varices se han convertido en un problema para ti, el Centro de Diagn\u00f3stico y Tratamiento Medex de Forest Hills, Queens, NY, cuenta con especialistas en varices en su plantilla. Tratan tus varices con flebectom\u00eda ambulatoria, haciendo innecesaria la cirug\u00eda.","robots":{"index":"index","follow":"follow","max-snippet":"max-snippet:-1","max-image-preview":"max-image-preview:large","max-video-preview":"max-video-preview:-1"},"canonical":"https:\/\/www.medexdtc.com\/es\/ambulatory-phlebectomy\/","og_locale":"es_ES","og_type":"article","og_title":"Procedimiento de Flebectom\u00eda Ambulatoria en Forest Hills, Queens, NY | Medex Medical Center","og_description":"Si las varices se han convertido en un problema para ti, el Centro de Diagn\u00f3stico y Tratamiento Medex de Forest Hills, Queens, NY, cuenta con especialistas en varices en su plantilla. Tratan tus varices con flebectom\u00eda ambulatoria, haciendo innecesaria la cirug\u00eda.","og_url":"https:\/\/www.medexdtc.com\/es\/ambulatory-phlebectomy\/","og_site_name":"Medex Diagnostic and Treatment Center - Queens Medical Center - Medical Clinic in Forest Hills, NY","article_publisher":"https:\/\/www.facebook.com\/medexny","article_modified_time":"2025-09-14T23:33:28+00:00","twitter_card":"summary_large_image","twitter_site":"@DtcMedex","twitter_misc":{"Tiempo de lectura":"8 minutos"},"schema":{"@context":"https:\/\/schema.org","@graph":[{"@type":"WebPage","@id":"https:\/\/www.medexdtc.com\/es\/ambulatory-phlebectomy\/","url":"https:\/\/www.medexdtc.com\/es\/ambulatory-phlebectomy\/","name":"Procedimiento de Flebectom\u00eda Ambulatoria en Forest Hills, Queens, NY | Medex Medical Center","isPartOf":{"@id":"https:\/\/www.medexdtc.com\/es\/#website"},"datePublished":"2020-08-05T17:58:33+00:00","dateModified":"2025-09-14T23:33:28+00:00","description":"Si las varices se han convertido en un problema para ti, el Centro de Diagn\u00f3stico y Tratamiento Medex de Forest Hills, Queens, NY, cuenta con especialistas en varices en su plantilla. Tratan tus varices con flebectom\u00eda ambulatoria, haciendo innecesaria la cirug\u00eda.","breadcrumb":{"@id":"https:\/\/www.medexdtc.com\/es\/ambulatory-phlebectomy\/#breadcrumb"},"inLanguage":"es","potentialAction":[{"@type":"ReadAction","target":["https:\/\/www.medexdtc.com\/es\/ambulatory-phlebectomy\/"]}]},{"@type":"BreadcrumbList","@id":"https:\/\/www.medexdtc.com\/es\/ambulatory-phlebectomy\/#breadcrumb","itemListElement":[{"@type":"ListItem","position":1,"name":"Home","item":"https:\/\/www.medexdtc.com\/es\/"},{"@type":"ListItem","position":2,"name":"Flebectom\u00eda ambulatoria en Queens, NY"}]},{"@type":"WebSite","@id":"https:\/\/www.medexdtc.com\/es\/#website","url":"https:\/\/www.medexdtc.com\/es\/","name":"Medex DTC","description":"Medex Diagnostic and Treatment Center is a Medical Center in Queens, NY is a dynamic multi-specialty clinic. Physicians delivering high quality individualized care in Forest Hills, Queens, NY.","publisher":{"@id":"https:\/\/www.medexdtc.com\/es\/#organization"},"potentialAction":[{"@type":"SearchAction","target":{"@type":"EntryPoint","urlTemplate":"https:\/\/www.medexdtc.com\/es\/?s={search_term_string}"},"query-input":{"@type":"PropertyValueSpecification","valueRequired":true,"valueName":"search_term_string"}}],"inLanguage":"es"},{"@type":"Organization","@id":"https:\/\/www.medexdtc.com\/es\/#organization","name":"Medex DCT","url":"https:\/\/www.medexdtc.com\/es\/","logo":{"@type":"ImageObject","inLanguage":"es","@id":"https:\/\/www.medexdtc.com\/es\/#\/schema\/logo\/image\/","url":"https:\/\/www.medexdtc.com\/wp-content\/uploads\/2024\/11\/medex-diagnostic-and-treatment-center-in-queens-NY.png","contentUrl":"https:\/\/www.medexdtc.com\/wp-content\/uploads\/2024\/11\/medex-diagnostic-and-treatment-center-in-queens-NY.png","width":226,"height":47,"caption":"Medex DCT"},"image":{"@id":"https:\/\/www.medexdtc.com\/es\/#\/schema\/logo\/image\/"},"sameAs":["https:\/\/www.facebook.com\/medexny","https:\/\/x.com\/DtcMedex","https:\/\/www.instagram.com\/medexdtc\/","https:\/\/www.linkedin.com\/company\/medex-diagnostic-and-treatment-center\/about\/"]}]}},"jetpack_sharing_enabled":true,"_links":{"self":[{"href":"https:\/\/www.medexdtc.com\/es\/wp-json\/wp\/v2\/pages\/5954","targetHints":{"allow":["GET"]}}],"collection":[{"href":"https:\/\/www.medexdtc.com\/es\/wp-json\/wp\/v2\/pages"}],"about":[{"href":"https:\/\/www.medexdtc.com\/es\/wp-json\/wp\/v2\/types\/page"}],"author":[{"embeddable":true,"href":"https:\/\/www.medexdtc.com\/es\/wp-json\/wp\/v2\/users\/3"}],"replies":[{"embeddable":true,"href":"https:\/\/www.medexdtc.com\/es\/wp-json\/wp\/v2\/comments?post=5954"}],"version-history":[{"count":4,"href":"https:\/\/www.medexdtc.com\/es\/wp-json\/wp\/v2\/pages\/5954\/revisions"}],"predecessor-version":[{"id":6437,"href":"https:\/\/www.medexdtc.com\/es\/wp-json\/wp\/v2\/pages\/5954\/revisions\/6437"}],"wp:attachment":[{"href":"https:\/\/www.medexdtc.com\/es\/wp-json\/wp\/v2\/media?parent=5954"}],"curies":[{"name":"wp","href":"https:\/\/api.w.org\/{rel}","templated":true}]}}