{"id":5971,"date":"2020-08-05T23:14:36","date_gmt":"2020-08-05T18:14:36","guid":{"rendered":"https:\/\/www.medexdtc.com\/vacuna-contra-la-gripe-y-vacuna-contra-el-vph\/"},"modified":"2020-08-05T23:14:36","modified_gmt":"2020-08-05T18:14:36","slug":"flu-vaccine-hpv-vaccine","status":"publish","type":"page","link":"https:\/\/www.medexdtc.com\/es\/flu-vaccine-hpv-vaccine\/","title":{"rendered":"Vacuna contra la gripe y vacuna contra el VPH"},"content":{"rendered":"<div>\n<div><\/div>\n<div><\/div>\n<div>La Organizaci\u00f3n Mundial de la Salud ha considerado esenciales las vacunas antigripales desde que estuvieron disponibles por primera vez en la d\u00e9cada de 1930. Una vacuna de 2006 para prevenir el VPH mantiene a millones de ni\u00f1os a salvo de enfermedades mortales, incluido el c\u00e1ncer. Tu m\u00e9dico de atenci\u00f3n primaria del <a href=\"https:\/\/www.medexdtc.com\/es\/\">Centro de Diagn\u00f3stico y Tratamiento Medex de Queens, Nueva York<\/a>, te insta a que vacunes a tu familia siguiendo un calendario de vacunaci\u00f3n de eficacia probada para evitar enfermedades graves. Llama hoy para tu pr\u00f3xima vacunaci\u00f3n.   <\/div>\n<\/div>\n<p>El poder de prevenci\u00f3n de enfermedades de las vacunas ha sido una certeza m\u00e9dica durante siglos. La viruela fue la primera enfermedad grave erradicada, gracias a una vacuna de 1798. La poliomielitis, el sarampi\u00f3n, las paperas y otras plagas pr\u00e1cticamente han desaparecido, gracias a las vacunas preventivas.  <\/p>\n<p>Las vacunas suelen consistir en inyecciones o aerosoles nasales que hacen que tu cuerpo desarrolle la capacidad de combatir distintas enfermedades y virus. La idea que subyace en la ciencia es que te vuelves inmune a una enfermedad concreta en caso de que entres en contacto con ella. Las vacunas antigripales son seguras, con pocos o ning\u00fan efecto secundario. Est\u00e1n ampliamente disponibles en Queens, Nueva York, y suelen ser eficaces.   <\/p>\n<div>\n<div>La gripe es esa plaga anual que puede dejarte en cama varios d\u00edas, pero en realidad hay distintos tipos de gripe, y a menudo muta un poco de a\u00f1o en a\u00f1o. VPH son las siglas del virus del papiloma humano, y existen varios centenares de versiones. Tu <a href=\"https:\/\/www.medexdtc.com\/es\/primary-care\/\">m\u00e9dico de atenci\u00f3n primaria<\/a> del Centro de Diagn\u00f3stico y Tratamiento Medex te explica el valor de estas vacunas para el bienestar de tu familia. Tu m\u00e9dico administra estas dos vacunas preventivas.   <\/div>\n<\/div>\n<h2>\u00bfPor qu\u00e9 necesito vacunarme contra la gripe?<\/h2>\n<p>Aunque la gripe no suele ser tan peligrosa, puede ser desgraciada para ti. Tambi\u00e9n te cuesta productividad si la contraes. Pero la gripe puede ser letal si eres mayor o tienes problemas m\u00e9dicos subyacentes, como asma. Aunque est\u00e9s vacunado, puedes enfermar, aunque las pruebas demuestran que la vacuna hace que la gripe sea m\u00e1s leve.   <\/p>\n<div>\n<div>Los Centros para el Control y la Prevenci\u00f3n de Enfermedades (CDC) recomiendan que todas las personas mayores de seis meses se vacunen contra la gripe todos los a\u00f1os. Los efectos secundarios graves de las vacunas antigripales son extremadamente raros, aunque puedes sentir dolor en el punto de inyecci\u00f3n durante unos d\u00edas. Las vacunas antigripales son baratas y evitan sufrimientos innecesarios, bajas laborales y escolares.  <\/div>\n<\/div>\n<h2>\u00bfQui\u00e9n necesita protecci\u00f3n frente al VPH?<\/h2>\n<p>En realidad, el VPH se refiere a unos 200 tipos diferentes de virus, que se transmiten por contacto sexual. Con la mayor\u00eda de los tipos de VPH, nunca sabr\u00e1s que lo tienes. Algunos tipos s\u00f3lo provocan verrugas genitales, pero hay unos pocos tipos que aumentan seriamente el riesgo de padecer ciertos tipos de c\u00e1ncer, especialmente c\u00e1ncer de cuello uterino.  <\/p>\n<p>Los CDC recomiendan que todos los ni\u00f1os se vacunen contra el VPH en dos dosis hacia los 11 a\u00f1os de edad. Si te vacunas m\u00e1s tarde, es posible que necesites m\u00e1s de dos dosis. No se recomienda si tienes m\u00e1s de 27 a\u00f1os, ya que los beneficios son menores. Tu m\u00e9dico te ofrece la vacunaci\u00f3n durante las revisiones peri\u00f3dicas del ni\u00f1o sano, cuando te visita por una enfermedad o lesi\u00f3n no relacionada o durante una visita espec\u00edfica para recibir las vacunas.   <\/p>\n<h2>Inconvenientes de las vacunas<\/h2>\n<p>La vacuna antigripal no tiene muchos inconvenientes, y las complicaciones graves son extremadamente raras. Pero es recomendable que hables con tu m\u00e9dico sobre los riesgos. La mayor\u00eda de las veces, lo peor que experimentas es dolor o picor en el lugar donde te inyectaron. A veces, puedes tener la sensaci\u00f3n de haber contra\u00eddo una gripe leve despu\u00e9s de recibir la vacuna.   <\/p>\n<p>La vacuna utiliza una versi\u00f3n muerta o inactiva del virus. Como hay muchas cepas diferentes del VPH, la protecci\u00f3n no es perfecta, pero proteger\u00e1 a tu hijo de las cepas m\u00e1s comunes del virus. Para la gripe, se suele proporcionar un tipo distinto de protecci\u00f3n frente al virus que se desarrolla cada temporada. Su eficacia depende de lo bien que se adapte a las cepas actuales, activas ese a\u00f1o concreto.   <\/p>\n<h2>Otros m\u00e9todos de prevenci\u00f3n de la gripe<\/h2>\n<p>Las vacunas son milagrosas en muchos sentidos, pero la mejor forma de mantenerse a salvo implica varios h\u00e1bitos de vida. Por ejemplo, tu m\u00e9dico siempre te recomienda: <\/p>\n<ul class=\"sm\">\n<li>Estornuda y tose en el hueco de tu brazo para evitar transmitir inadvertidamente un virus a los dem\u00e1s.<\/li>\n<li>L\u00e1vate las manos a menudo durante al menos 20 segundos con agua y jab\u00f3n<\/li>\n<li>Evita propagar g\u00e9rmenes toc\u00e1ndote los o\u00eddos, los ojos y la garganta<\/li>\n<li>Qu\u00e9date en casa o mantente alejado de los dem\u00e1s si te sientes enfermo o sabes que otros est\u00e1n experimentando s\u00edntomas<\/li>\n<li>Practica una buena salud nutricional para asegurarte de que tu sistema inmunitario funciona a su capacidad \u00f3ptima en caso de que te encuentres con un virus<\/li>\n<li>Toma suplementos vitam\u00ednicos para compensar las restricciones diet\u00e9ticas<\/li>\n<\/ul>\n<p data-start=\"0\" data-end=\"51\"><strong data-start=\"0\" data-end=\"49\">Vacuna contra la gripe en Forest Hills, Queens, NY &#8211; FAQ<\/strong><\/p>\n<ol data-start=\"53\" data-end=\"2313\">\n<li data-start=\"53\" data-end=\"296\">\n<p data-start=\"56\" data-end=\"296\"><strong data-start=\"56\" data-end=\"170\">\u00bfQu\u00e9 tipos de vacunas antigripales est\u00e1n disponibles en el Centro de Diagn\u00f3stico y Tratamiento Medex de Forest Hills, Queens, NY?<\/strong><br data-start=\"170\" data-end=\"173\">Medex ofrece f\u00f3rmulas cuadrivalentes de dosis est\u00e1ndar, de dosis alta para ancianos (mayores de 65 a\u00f1os) y sin huevo para adaptarse a las necesidades de los pacientes.<\/p>\n<\/li>\n<li data-start=\"298\" data-end=\"514\">\n<p data-start=\"301\" data-end=\"514\"><strong data-start=\"301\" data-end=\"364\">\u00bfQui\u00e9n debe vacunarse contra la gripe en Forest Hills, Queens, NY?<\/strong><br data-start=\"364\" data-end=\"367\">Los CDC recomiendan la vacunaci\u00f3n anual contra la gripe a todas las personas a partir de los 6 meses de edad -incluso a los individuos sanos- para reducir el riesgo de gripe y su propagaci\u00f3n en la comunidad.<\/p>\n<\/li>\n<li data-start=\"516\" data-end=\"746\">\n<p data-start=\"519\" data-end=\"746\"><strong data-start=\"519\" data-end=\"600\">\u00bfCu\u00e1ndo es el mejor momento para vacunarse contra la gripe en Forest Hills, Queens, NY?<\/strong><br data-start=\"600\" data-end=\"603\">El momento \u00f3ptimo es de septiembre a principios de noviembre. Sin embargo, Medex sigue ofreciendo vacunas antigripales durante toda la temporada para mantenerte protegido. <\/p>\n<\/li>\n<li data-start=\"748\" data-end=\"975\">\n<p data-start=\"751\" data-end=\"975\"><strong data-start=\"751\" data-end=\"836\">\u00bfC\u00f3mo programo una cita para la vacuna de la gripe en Medex en Forest Hills, Queens, NY?<\/strong><br data-start=\"836\" data-end=\"839\">Llama al (718) 261-6700 o reserva en l\u00ednea a trav\u00e9s de MedexDTC.com. Para tu comodidad, ofrecemos un horario ampliado y ocasionalmente cl\u00ednicas de gripe en fin de semana. <\/p>\n<\/li>\n<li data-start=\"977\" data-end=\"1182\">\n<p data-start=\"980\" data-end=\"1182\"><strong data-start=\"980\" data-end=\"1059\">\u00bfAcepta Medex en Forest Hills, Queens, NY personas sin cita previa para vacunarse contra la gripe?<\/strong><br data-start=\"1059\" data-end=\"1062\">S\u00ed. Aunque se recomienda pedir cita, se admiten visitas sin cita previa durante el horario laboral, siempre que haya vacunas disponibles. <\/p>\n<\/li>\n<li data-start=\"1184\" data-end=\"1404\">\n<p data-start=\"1187\" data-end=\"1404\"><strong data-start=\"1187\" data-end=\"1272\">\u00bfQu\u00e9 debo llevar a mi visita para vacunarme contra la gripe en Medex en Forest Hills, Queens, NY?<\/strong><br data-start=\"1272\" data-end=\"1275\">Trae un documento de identidad v\u00e1lido con fotograf\u00eda, tu tarjeta del seguro y cualquier cartilla de vacunaci\u00f3n anterior para ayudar a nuestro personal a actualizar tu historial m\u00e9dico.<\/p>\n<\/li>\n<li data-start=\"1406\" data-end=\"1645\">\n<p data-start=\"1409\" data-end=\"1645\"><strong data-start=\"1409\" data-end=\"1496\">\u00bfTiene efectos secundarios la vacuna antigripal en Medex en Forest Hills, Queens, NY?<\/strong><br data-start=\"1496\" data-end=\"1499\">La mayor\u00eda de los pacientes experimentan dolor leve en el lugar de la inyecci\u00f3n, fiebre baja o dolores musculares, s\u00edntomas que suelen desaparecer en 24-48 horas.<\/p>\n<\/li>\n<li data-start=\"1647\" data-end=\"1868\">\n<p data-start=\"1650\" data-end=\"1868\"><strong data-start=\"1650\" data-end=\"1731\">\u00bfEst\u00e1 cubierta por el seguro la vacuna antigripal en Medex de Forest Hills, Queens, NY?<\/strong><br data-start=\"1731\" data-end=\"1734\">S\u00ed. Aceptamos Medicare, Medicaid y la mayor\u00eda de los planes comerciales. Nuestro equipo de facturaci\u00f3n verifica la cobertura y minimiza los gastos de bolsillo.  <\/p>\n<\/li>\n<li data-start=\"1870\" data-end=\"2080\">\n<p data-start=\"1873\" data-end=\"2080\"><strong data-start=\"1873\" data-end=\"1951\">\u00bfPueden los ni\u00f1os vacunarse contra la gripe en Medex en Forest Hills, Queens, NY?<\/strong><br data-start=\"1951\" data-end=\"1954\">Absolutamente. Vacunamos a los ni\u00f1os a partir de los 6 meses, siguiendo las directrices de dosificaci\u00f3n de los CDC para la vacunaci\u00f3n antigripal pedi\u00e1trica. <\/p>\n<\/li>\n<li data-start=\"2082\" data-end=\"2313\">\n<p data-start=\"2086\" data-end=\"2313\"><strong data-start=\"2086\" data-end=\"2192\">\u00bfQu\u00e9 precauciones COVID-19 se toman durante las visitas para vacunarse contra la gripe en Medex en Forest Hills, Queens, NY?<\/strong><br data-start=\"2192\" data-end=\"2195\">Mantenemos protocolos mejorados de higienizaci\u00f3n, distanciamiento f\u00edsico y mascarilla para garantizar la seguridad de los servicios de vacunaci\u00f3n.<\/p>\n<\/li>\n<\/ol>\n<hr data-start=\"2315\" data-end=\"2318\">\n<h2 data-start=\"2320\" data-end=\"2353\"><strong data-start=\"2320\" data-end=\"2351\">Vacuna contra el VPH en Queens &#8211; FAQ<\/strong><\/h2>\n<ol start=\"11\" data-start=\"2355\" data-end=\"4579\" data-is-last-node=\"\" data-is-only-node=\"\">\n<li data-start=\"2355\" data-end=\"2558\">\n<p data-start=\"2359\" data-end=\"2558\"><strong data-start=\"2359\" data-end=\"2404\">\u00bfQui\u00e9n debe vacunarse contra el VPH en Queens?<\/strong><br data-start=\"2404\" data-end=\"2407\">Los CDC recomiendan la vacunaci\u00f3n contra el VPH a todos los preadolescentes (de 11 a 12 a\u00f1os), para ponerse al d\u00eda hasta los 26 a\u00f1os, y a determinados adultos hasta los 45 a\u00f1os, previa decisi\u00f3n compartida.<\/p>\n<\/li>\n<li data-start=\"2560\" data-end=\"2807\">\n<p data-start=\"2564\" data-end=\"2807\"><strong data-start=\"2564\" data-end=\"2667\">\u00bfQu\u00e9 tipos de vacunas contra el VPH se administran en el Centro de Diagn\u00f3stico y Tratamiento Medex de Queens, NY?<\/strong><br data-start=\"2667\" data-end=\"2670\">Medex ofrece la vacuna VPH 9-valente (Gardasil 9), que cubre nueve cepas de VPH de alto riesgo relacionadas con c\u00e1nceres de cuello uterino, ano y garganta.<\/p>\n<\/li>\n<li data-start=\"2809\" data-end=\"3030\">\n<p data-start=\"2813\" data-end=\"3030\"><strong data-start=\"2813\" data-end=\"2875\">\u00bfCu\u00e1ntas dosis se necesitan para la vacuna contra el VPH en Queens?<\/strong><br data-start=\"2875\" data-end=\"2878\">Las personas que empiezan antes de los 15 a\u00f1os reciben dos dosis (0 y 6-12 meses). Los que empiezan a los 15 a\u00f1os o m\u00e1s requieren tres dosis (0, 1-2 y 6 meses). <\/p>\n<\/li>\n<li data-start=\"3032\" data-end=\"3238\">\n<p data-start=\"3036\" data-end=\"3238\"><strong data-start=\"3036\" data-end=\"3104\">\u00bfC\u00f3mo programo una cita para la vacuna del VPH en Medex en Queens?<\/strong><br data-start=\"3104\" data-end=\"3107\">Llama al (718) 261-6700 o utiliza nuestro programador en l\u00ednea. En Medex ofrecemos cl\u00ednicas de vacunaci\u00f3n espec\u00edficas para adolescentes y adultos j\u00f3venes. <\/p>\n<\/li>\n<li data-start=\"3240\" data-end=\"3447\">\n<p data-start=\"3244\" data-end=\"3447\"><strong data-start=\"3244\" data-end=\"3311\">\u00bfEst\u00e1 cubierta por el seguro la vacuna contra el VPH en Medex, Queens, NY?<\/strong><br data-start=\"3311\" data-end=\"3314\">S\u00ed. La mayor\u00eda de las aseguradoras privadas, Medicaid y el programa Vacunas para Ni\u00f1os (VFC) de NYC cubren la serie completa de vacunas sin copago. <\/p>\n<\/li>\n<li data-start=\"3449\" data-end=\"3683\">\n<p data-start=\"3453\" data-end=\"3683\"><strong data-start=\"3453\" data-end=\"3518\">\u00bfTiene efectos secundarios la vacuna contra el VPH en Medex en Queens?<\/strong><br data-start=\"3518\" data-end=\"3521\">Los efectos secundarios leves m\u00e1s frecuentes son dolor en el brazo, dolor de cabeza o fiebre baja. Las reacciones graves son raras, y nuestro personal vigila a todos los pacientes despu\u00e9s de la vacunaci\u00f3n. <\/p>\n<\/li>\n<li data-start=\"3685\" data-end=\"3891\">\n<p data-start=\"3689\" data-end=\"3891\"><strong data-start=\"3689\" data-end=\"3742\">\u00bfLos adultos mayores de 26 a\u00f1os pueden vacunarse contra el VPH en Queens?<\/strong><br data-start=\"3742\" data-end=\"3745\">Los adultos de 27 a 45 a\u00f1os pueden recibir la vacuna contra el VPH tras consultar con un proveedor de Medex para sopesar los beneficios y los riesgos en funci\u00f3n de la exposici\u00f3n individual.<\/p>\n<\/li>\n<li data-start=\"3893\" data-end=\"4069\">\n<p data-start=\"3897\" data-end=\"4069\"><strong data-start=\"3897\" data-end=\"3965\">\u00bfNecesito una receta para la vacuna contra el VPH en Medex en Queens?<\/strong><br data-start=\"3965\" data-end=\"3968\">No. Puedes programar t\u00fa misma la vacunaci\u00f3n contra el VPH, sin necesidad de prescripci\u00f3n ni derivaci\u00f3n externas. <\/p>\n<\/li>\n<li data-start=\"4071\" data-end=\"4281\">\n<p data-start=\"4075\" data-end=\"4281\"><strong data-start=\"4075\" data-end=\"4146\">\u00bfQu\u00e9 documentaci\u00f3n se necesita para una vacuna contra el VPH en Medex en Queens?<\/strong><br data-start=\"4146\" data-end=\"4149\">Trae tu tarjeta del seguro y cualquier registro de vacunaci\u00f3n anterior para garantizar la exactitud de los intervalos de dosificaci\u00f3n y la finalizaci\u00f3n de la serie.<\/p>\n<\/li>\n<li data-start=\"4283\" data-end=\"4579\" data-is-last-node=\"\">\n<p data-start=\"4287\" data-end=\"4579\" data-is-last-node=\"\"><strong data-start=\"4287\" data-end=\"4380\">\u00bfPor qu\u00e9 elegir el Centro de Diagn\u00f3stico y Tratamiento Medex de Queens para vacunarte contra la gripe y el VPH?<\/strong><br data-start=\"4380\" data-end=\"4383\">Medex combina m\u00e9dicos colegiados, farmacia in situ y personal de enfermer\u00eda experto en una c\u00f3moda ubicaci\u00f3n en Queens, lo que garantiza unos servicios de vacunaci\u00f3n seguros, eficaces y asequibles durante todo el a\u00f1o.<\/p>\n<\/li>\n<\/ol>\n","protected":false},"excerpt":{"rendered":"<p>La Organizaci\u00f3n Mundial de la Salud ha considerado esenciales las vacunas antigripales desde que estuvieron disponibles por primera vez en la d\u00e9cada de 1930. Una vacuna de 2006 para prevenir el VPH mantiene a millones de ni\u00f1os a salvo de enfermedades mortales, incluido el c\u00e1ncer. Tu m\u00e9dico de atenci\u00f3n primaria del Centro de Diagn\u00f3stico y &hellip; <\/p>\n<p class=\"link-more\"><a href=\"https:\/\/www.medexdtc.com\/es\/flu-vaccine-hpv-vaccine\/\" class=\"more-link\">Continue reading<span class=\"screen-reader-text\"> \u00abVacuna contra la gripe y vacuna contra el VPH\u00bb<\/span><\/a><\/p>\n","protected":false},"author":3,"featured_media":0,"parent":0,"menu_order":0,"comment_status":"closed","ping_status":"closed","template":"new_inner.php","meta":{"_acf_changed":false,"footnotes":""},"class_list":["post-5971","page","type-page","status-publish","hentry"],"acf":[],"yoast_head":"<!-- This site is optimized with the Yoast SEO plugin v27.5 - https:\/\/yoast.com\/product\/yoast-seo-wordpress\/ -->\n<title>Vacuna contra la gripe y tratamiento de la vacuna contra el VPH | Los mejores m\u00e9dicos de medicina interna en Forest Hills, Queens, NY<\/title>\n<meta name=\"description\" content=\"Nuestros mejores m\u00e9dicos de medicina interna en Medex - Centro M\u00e9dico de Especialidades M\u00faltiples ofrecen la Vacuna contra la Gripe y la Vacuna contra el VPH en Forest Hills, Queens, NY.\" \/>\n<meta name=\"robots\" content=\"index, follow, max-snippet:-1, max-image-preview:large, max-video-preview:-1\" \/>\n<link rel=\"canonical\" href=\"https:\/\/www.medexdtc.com\/es\/flu-vaccine-hpv-vaccine\/\" \/>\n<meta property=\"og:locale\" content=\"es_ES\" \/>\n<meta property=\"og:type\" content=\"article\" \/>\n<meta property=\"og:title\" content=\"Vacuna contra la gripe y tratamiento de la vacuna contra el VPH | Los mejores m\u00e9dicos de medicina interna en Forest Hills, Queens, NY\" \/>\n<meta property=\"og:description\" content=\"Nuestros mejores m\u00e9dicos de medicina interna en Medex - Centro M\u00e9dico de Especialidades M\u00faltiples ofrecen la Vacuna contra la Gripe y la Vacuna contra el VPH en Forest Hills, Queens, NY.\" \/>\n<meta property=\"og:url\" content=\"https:\/\/www.medexdtc.com\/es\/flu-vaccine-hpv-vaccine\/\" \/>\n<meta property=\"og:site_name\" content=\"Medex Diagnostic and Treatment Center - Queens Medical Center - Medical Clinic in Forest Hills, NY\" \/>\n<meta property=\"article:publisher\" content=\"https:\/\/www.facebook.com\/medexny\" \/>\n<meta name=\"twitter:card\" content=\"summary_large_image\" \/>\n<meta name=\"twitter:site\" content=\"@DtcMedex\" \/>\n<meta name=\"twitter:label1\" content=\"Tiempo de lectura\" \/>\n\t<meta name=\"twitter:data1\" content=\"9 minutos\" \/>\n<!-- \/ Yoast SEO plugin. -->","yoast_head_json":{"title":"Vacuna contra la gripe y tratamiento de la vacuna contra el VPH | Los mejores m\u00e9dicos de medicina interna en Forest Hills, Queens, NY","description":"Nuestros mejores m\u00e9dicos de medicina interna en Medex - Centro M\u00e9dico de Especialidades M\u00faltiples ofrecen la Vacuna contra la Gripe y la Vacuna contra el VPH en Forest Hills, Queens, NY.","robots":{"index":"index","follow":"follow","max-snippet":"max-snippet:-1","max-image-preview":"max-image-preview:large","max-video-preview":"max-video-preview:-1"},"canonical":"https:\/\/www.medexdtc.com\/es\/flu-vaccine-hpv-vaccine\/","og_locale":"es_ES","og_type":"article","og_title":"Vacuna contra la gripe y tratamiento de la vacuna contra el VPH | Los mejores m\u00e9dicos de medicina interna en Forest Hills, Queens, NY","og_description":"Nuestros mejores m\u00e9dicos de medicina interna en Medex - Centro M\u00e9dico de Especialidades M\u00faltiples ofrecen la Vacuna contra la Gripe y la Vacuna contra el VPH en Forest Hills, Queens, NY.","og_url":"https:\/\/www.medexdtc.com\/es\/flu-vaccine-hpv-vaccine\/","og_site_name":"Medex Diagnostic and Treatment Center - Queens Medical Center - Medical Clinic in Forest Hills, NY","article_publisher":"https:\/\/www.facebook.com\/medexny","twitter_card":"summary_large_image","twitter_site":"@DtcMedex","twitter_misc":{"Tiempo de lectura":"9 minutos"},"schema":{"@context":"https:\/\/schema.org","@graph":[{"@type":"WebPage","@id":"https:\/\/www.medexdtc.com\/es\/flu-vaccine-hpv-vaccine\/","url":"https:\/\/www.medexdtc.com\/es\/flu-vaccine-hpv-vaccine\/","name":"Vacuna contra la gripe y tratamiento de la vacuna contra el VPH | Los mejores m\u00e9dicos de medicina interna en Forest Hills, Queens, NY","isPartOf":{"@id":"https:\/\/www.medexdtc.com\/es\/#website"},"datePublished":"2020-08-05T18:14:36+00:00","description":"Nuestros mejores m\u00e9dicos de medicina interna en Medex - Centro M\u00e9dico de Especialidades M\u00faltiples ofrecen la Vacuna contra la Gripe y la Vacuna contra el VPH en Forest Hills, Queens, NY.","breadcrumb":{"@id":"https:\/\/www.medexdtc.com\/es\/flu-vaccine-hpv-vaccine\/#breadcrumb"},"inLanguage":"es","potentialAction":[{"@type":"ReadAction","target":["https:\/\/www.medexdtc.com\/es\/flu-vaccine-hpv-vaccine\/"]}]},{"@type":"BreadcrumbList","@id":"https:\/\/www.medexdtc.com\/es\/flu-vaccine-hpv-vaccine\/#breadcrumb","itemListElement":[{"@type":"ListItem","position":1,"name":"Home","item":"https:\/\/www.medexdtc.com\/es\/"},{"@type":"ListItem","position":2,"name":"Vacuna contra la gripe y vacuna contra el VPH"}]},{"@type":"WebSite","@id":"https:\/\/www.medexdtc.com\/es\/#website","url":"https:\/\/www.medexdtc.com\/es\/","name":"Medex DTC","description":"Medex Diagnostic and Treatment Center is a Medical Center in Queens, NY is a dynamic multi-specialty clinic. Physicians delivering high quality individualized care in Forest Hills, Queens, NY.","publisher":{"@id":"https:\/\/www.medexdtc.com\/es\/#organization"},"potentialAction":[{"@type":"SearchAction","target":{"@type":"EntryPoint","urlTemplate":"https:\/\/www.medexdtc.com\/es\/?s={search_term_string}"},"query-input":{"@type":"PropertyValueSpecification","valueRequired":true,"valueName":"search_term_string"}}],"inLanguage":"es"},{"@type":"Organization","@id":"https:\/\/www.medexdtc.com\/es\/#organization","name":"Medex DCT","url":"https:\/\/www.medexdtc.com\/es\/","logo":{"@type":"ImageObject","inLanguage":"es","@id":"https:\/\/www.medexdtc.com\/es\/#\/schema\/logo\/image\/","url":"https:\/\/www.medexdtc.com\/wp-content\/uploads\/2024\/11\/medex-diagnostic-and-treatment-center-in-queens-NY.png","contentUrl":"https:\/\/www.medexdtc.com\/wp-content\/uploads\/2024\/11\/medex-diagnostic-and-treatment-center-in-queens-NY.png","width":226,"height":47,"caption":"Medex DCT"},"image":{"@id":"https:\/\/www.medexdtc.com\/es\/#\/schema\/logo\/image\/"},"sameAs":["https:\/\/www.facebook.com\/medexny","https:\/\/x.com\/DtcMedex","https:\/\/www.instagram.com\/medexdtc\/","https:\/\/www.linkedin.com\/company\/medex-diagnostic-and-treatment-center\/about\/"]}]}},"jetpack_sharing_enabled":true,"_links":{"self":[{"href":"https:\/\/www.medexdtc.com\/es\/wp-json\/wp\/v2\/pages\/5971","targetHints":{"allow":["GET"]}}],"collection":[{"href":"https:\/\/www.medexdtc.com\/es\/wp-json\/wp\/v2\/pages"}],"about":[{"href":"https:\/\/www.medexdtc.com\/es\/wp-json\/wp\/v2\/types\/page"}],"author":[{"embeddable":true,"href":"https:\/\/www.medexdtc.com\/es\/wp-json\/wp\/v2\/users\/3"}],"replies":[{"embeddable":true,"href":"https:\/\/www.medexdtc.com\/es\/wp-json\/wp\/v2\/comments?post=5971"}],"version-history":[{"count":0,"href":"https:\/\/www.medexdtc.com\/es\/wp-json\/wp\/v2\/pages\/5971\/revisions"}],"wp:attachment":[{"href":"https:\/\/www.medexdtc.com\/es\/wp-json\/wp\/v2\/media?parent=5971"}],"curies":[{"name":"wp","href":"https:\/\/api.w.org\/{rel}","templated":true}]}}