{"id":5996,"date":"2020-08-05T22:47:21","date_gmt":"2020-08-05T17:47:21","guid":{"rendered":"https:\/\/www.medexdtc.com\/endometriosis\/"},"modified":"2020-08-05T22:47:21","modified_gmt":"2020-08-05T17:47:21","slug":"endometriosis","status":"publish","type":"page","link":"https:\/\/www.medexdtc.com\/es\/endometriosis\/","title":{"rendered":"Endometriosis"},"content":{"rendered":"<p><strong>Durante generaciones, las mujeres han esperado y aceptado el dolor mensual y el sangrado excesivo como parte de ser mujer. Pero tus menstruaciones regulares no deber\u00edan dejarte fuera de combate cada mes. Tus molestias deber\u00edan ser m\u00ednimas, y lo peor durar s\u00f3lo uno o dos d\u00edas. Cuando los s\u00edntomas empeoren mucho, habla de ello con tu ginec\u00f3logo de Queens del Centro de Diagn\u00f3stico y Tratamiento Medex. Es posible que padezcas una enfermedad tratable llamada endometriosis. No hay mucho que puedas hacer para prevenirla, pero desde luego puedes aprender a controlar los s\u00edntomas e incluso reducirlos o eliminarlos por completo. Llama hoy para pedir cita.      <\/strong><\/p>\n<p>La endometriosis es una enfermedad que afecta a m\u00e1s del 10% de las mujeres de entre 15 y 44 a\u00f1os. Se produce cuando un tejido similar al revestimiento del \u00fatero crece fuera de \u00e9ste. El tejido endometrial fuera del \u00fatero causa dolor, que a veces es intenso. La endometriosis afecta a tus \u00f3rganos reproductores, como los ovarios, las trompas de Falopio y la superficie externa del \u00fatero.   <\/p>\n<p>Aunque no puedes prevenir completamente esta afecci\u00f3n, puedes reducir el riesgo de desarrollarla haciendo ejercicio con regularidad, limitando el consumo de alcohol y cafe\u00edna y disminuyendo los niveles de estr\u00f3geno en tu cuerpo. Habla con el mejor ginec\u00f3logo del Centro de Diagn\u00f3stico y Tratamiento Medex de Queens, Nueva York, sobre los m\u00e9todos hormonales para reducir tus niveles de estr\u00f3geno. <\/p>\n<h2>S\u00edntomas de la endometriosis<\/h2>\n<p>El s\u00edntoma m\u00e1s frecuente de la endometriosis es el dolor p\u00e9lvico. Es una afecci\u00f3n conocida como dismenorrea, que puede causar periodos menstruales cada vez m\u00e1s molestos. La intensidad de tu dolor no coincide necesariamente con la gravedad de tu enfermedad. Necesitas un examen p\u00e9lvico completo y minucioso para que tu <a href=\"https:\/\/www.medexdtc.com\/es\/ginecologia-queens-los-mejores-ginecologos-en-forest-hills-queens-ny\/\">ginec\u00f3logo<\/a> pueda hacer esa determinaci\u00f3n.   <\/p>\n<p>La infertilidad es a veces el primer signo de endometriosis. Puede que no descubras la enfermedad hasta que busques respuestas de un m\u00e9dico sobre tu incapacidad para quedarte embarazada. Tambi\u00e9n puedes experimentar una sensaci\u00f3n general de malestar, sobre todo durante la menstruaci\u00f3n. Esto puede incluir hinchaz\u00f3n excesiva y fatiga. Tambi\u00e9n puedes experimentar otros s\u00edntomas molestos cuando tienes endometriosis, como:    <\/p>\n<ul>\n<li><a href=\"https:\/\/www.medexdtc.com\/es\/back-pain\/\">Dolor lumbar<\/a><\/li>\n<li><a href=\"https:\/\/www.medexdtc.com\/es\/abdominal-pain\/\">Dolor abdominal<\/a>, que puede ir acompa\u00f1ado de diarrea o estre\u00f1imiento<\/li>\n<li>Dolor durante o despu\u00e9s del coito<\/li>\n<li>Menstruaciones abundantes o hemorragias entre menstruaciones<\/li>\n<li>Sangre en las heces o en la orina<\/li>\n<\/ul>\n<h2>\u00bfQu\u00e9 causa la endometriosis?<\/h2>\n<p>No se conoce con seguridad la causa de la endometriosis. Tu cuerpo elimina c\u00e9lulas sangu\u00edneas cada mes; a veces, es m\u00e1s abundante que otras. Algunos factores que se consideran posibles causas son:  <\/p>\n<ul>\n<li><strong>Gen\u00e9tica.<\/strong>  La endometriosis parece ser hereditaria.<\/li>\n<li><strong>Flujo menstrual retr\u00f3grado.<\/strong>  Durante la menstruaci\u00f3n, la sangre y los tejidos que deber\u00edan fluir fuera del cuerpo vuelven a las trompas de Falopio o a la cavidad p\u00e9lvica.<\/li>\n<li><strong>Implantaci\u00f3n quir\u00fargica.<\/strong>  A veces, las c\u00e9lulas endometriales se adhieren a una incisi\u00f3n quir\u00fargica tras una intervenci\u00f3n como una ces\u00e1rea o una histerectom\u00eda.<\/li>\n<li><strong>Transporte celular.<\/strong>  Las c\u00e9lulas endometriales pueden ser transportadas a otras partes del cuerpo por el sistema linf\u00e1tico.<\/li>\n<\/ul>\n<p>Un trastorno del sistema inmunitario, como la fibromialgia o la fatiga cr\u00f3nica, a veces dificulta que tu cuerpo reconozca y destruya el tejido que crece fuera del \u00fatero. La sensibilidad qu\u00edmica, las alergias y los c\u00e1nceres, como el de ovario y el de mama, se han relacionado con mujeres con antecedentes familiares de endometriosis. Busca una intervenci\u00f3n precoz cuando experimentes cualquier s\u00edntoma de endometriosis.  <\/p>\n<h2>Diagn\u00f3stico de la endometriosis<\/h2>\n<p>Tu m\u00e9dico de Queens puede diagnosticar la endometriosis durante un examen p\u00e9lvico si se han formado quistes en los \u00f3rganos reproductores. Las pruebas de imagen, como una ecograf\u00eda o una resonancia magn\u00e9tica, confirman la existencia de los quistes. Si no, tu ginec\u00f3logo de Medex puede pedirte que lleves un registro de tus s\u00edntomas, sobre todo si s\u00f3lo aparecen durante tu ciclo menstrual mensual. Un historial detallado ayuda a tu m\u00e9dico a diagnosticar correctamente tu problema y a administrarte el tratamiento m\u00e1s eficaz.   <\/p>\n<p>Otra prueba diagn\u00f3stica que puede realizar tu ginec\u00f3logo es una laparoscopia. Esta prueba es un procedimiento quir\u00fargico m\u00ednimamente invasivo. Tu m\u00e9dico hace una incisi\u00f3n diminuta para introducir una peque\u00f1a c\u00e1mara con el fin de identificar quistes o confirmar el tama\u00f1o y la localizaci\u00f3n del tejido endometrial fuera del \u00fatero.  <\/p>\n<h2>\u00bfC\u00f3mo se trata la endometriosis?<\/h2>\n<p>El tratamiento de la endometriosis suele empezar con un enfoque conservador, como recomendar analg\u00e9sicos sin receta. La terapia hormonal reduce el dolor y ralentiza el crecimiento del tejido endometrial. Como \u00faltimo recurso, se recomienda la cirug\u00eda si tus s\u00edntomas son lo bastante graves.  <\/p>\n<p>La cirug\u00eda laparosc\u00f3pica es una t\u00e9cnica m\u00ednimamente invasiva utilizada para extirpar el tejido endometrial. Si experimentas un dolor intenso que no responde a un tratamiento m\u00e1s conservador, tu m\u00e9dico puede sugerirte una histerectom\u00eda. Dado que se trata de una intervenci\u00f3n quir\u00fargica para extirparte el \u00fatero y posiblemente los ovarios, no es una decisi\u00f3n que deba tomarse a la ligera.  <\/p>\n<h2>Cuida tu salud ginecol\u00f3gica<\/h2>\n<p>No ignores los s\u00edntomas de molestias p\u00e9lvicas o abdominales que persisten. La endometriosis no tratada provoca inflamaci\u00f3n, infertilidad o un mayor riesgo de quistes ov\u00e1ricos o c\u00e1ncer de ovario. Habla con tu m\u00e9dico si tienes alguno de los s\u00edntomas asociados a la endometriosis.  <\/p>\n<p><strong>El diagn\u00f3stico precoz y el tratamiento por un ginec\u00f3logo con talento permiten controlar con \u00e9xito los s\u00edntomas, ya que la enfermedad no tiene cura. El Centro de Diagn\u00f3stico y Tratamiento Medex es una consulta multiespecialidad que incluye <a href=\"https:\/\/www.medexdtc.com\/primary-care\/\">m\u00e9dicos de atenci\u00f3n primaria<\/a> especializados en ginecolog\u00eda y otras \u00e1reas de la medicina. <a href=\"https:\/\/www.medexdtc.com\/es\/endometriosis\/#contact-form\">Ponte en contacto hoy mismo con tu especialista en ginecolog\u00eda<\/a> de Queens para concertar una cita y realizar una evaluaci\u00f3n. <\/strong><\/p>\n<p>Podemos ayudarte a encontrar m\u00e9dico. Llama al <a href=\"tel:+17182758900\">(718) 275-8900<\/a> <\/p>\n<p>Con licencia del estado de Nueva York, Medex es un centro de diagn\u00f3stico y tratamiento del art\u00edculo 28. Nuestros m\u00e9dicos proporcionan atenci\u00f3n integral a pacientes de todas las edades en la zona de Forest Hills, Queens, desde hace m\u00e1s de 15 a\u00f1os. Empieza a recibir atenci\u00f3n experta ahora llamando o concertando una cita en l\u00ednea con uno de los especialistas cualificados.<\/p>\n","protected":false},"excerpt":{"rendered":"<p>Durante generaciones, las mujeres han esperado y aceptado el dolor mensual y el sangrado excesivo como parte de ser mujer. Pero tus menstruaciones regulares no deber\u00edan dejarte fuera de combate cada mes. Tus molestias deber\u00edan ser m\u00ednimas, y lo peor durar s\u00f3lo uno o dos d\u00edas. Cuando los s\u00edntomas empeoren mucho, habla de ello con &hellip; <\/p>\n<p class=\"link-more\"><a href=\"https:\/\/www.medexdtc.com\/es\/endometriosis\/\" class=\"more-link\">Continue reading<span class=\"screen-reader-text\"> \u00abEndometriosis\u00bb<\/span><\/a><\/p>\n","protected":false},"author":3,"featured_media":0,"parent":0,"menu_order":0,"comment_status":"closed","ping_status":"closed","template":"new_inner.php","meta":{"_acf_changed":false,"footnotes":""},"class_list":["post-5996","page","type-page","status-publish","hentry"],"acf":[],"yoast_head":"<!-- This site is optimized with the Yoast SEO plugin v27.5 - https:\/\/yoast.com\/product\/yoast-seo-wordpress\/ -->\n<title>Tratamiento de la endometriosis | Los mejores ginec\u00f3logos en Forest Hills, Queens, NY<\/title>\n<meta name=\"description\" content=\"Nuestros mejores ginec\u00f3logos de Forest Hills, Queens, NY proporcionan las mejores opciones de tratamiento de cualquier S\u00edntoma de Endometriosis, como Diarrea, Dolor durante las relaciones sexuales o al orinar, Fatiga, N\u00e1useas.\" \/>\n<meta name=\"robots\" content=\"index, follow, max-snippet:-1, max-image-preview:large, max-video-preview:-1\" \/>\n<link rel=\"canonical\" href=\"https:\/\/www.medexdtc.com\/es\/endometriosis\/\" \/>\n<meta property=\"og:locale\" content=\"es_ES\" \/>\n<meta property=\"og:type\" content=\"article\" \/>\n<meta property=\"og:title\" content=\"Tratamiento de la endometriosis | Los mejores ginec\u00f3logos en Forest Hills, Queens, NY\" \/>\n<meta property=\"og:description\" content=\"Nuestros mejores ginec\u00f3logos de Forest Hills, Queens, NY proporcionan las mejores opciones de tratamiento de cualquier S\u00edntoma de Endometriosis, como Diarrea, Dolor durante las relaciones sexuales o al orinar, Fatiga, N\u00e1useas.\" \/>\n<meta property=\"og:url\" content=\"https:\/\/www.medexdtc.com\/es\/endometriosis\/\" \/>\n<meta property=\"og:site_name\" content=\"Medex Diagnostic and Treatment Center - Queens Medical Center - Medical Clinic in Forest Hills, NY\" \/>\n<meta property=\"article:publisher\" content=\"https:\/\/www.facebook.com\/medexny\" \/>\n<meta name=\"twitter:card\" content=\"summary_large_image\" \/>\n<meta name=\"twitter:site\" content=\"@DtcMedex\" \/>\n<meta name=\"twitter:label1\" content=\"Tiempo de lectura\" \/>\n\t<meta name=\"twitter:data1\" content=\"5 minutos\" \/>\n<!-- \/ Yoast SEO plugin. -->","yoast_head_json":{"title":"Tratamiento de la endometriosis | Los mejores ginec\u00f3logos en Forest Hills, Queens, NY","description":"Nuestros mejores ginec\u00f3logos de Forest Hills, Queens, NY proporcionan las mejores opciones de tratamiento de cualquier S\u00edntoma de Endometriosis, como Diarrea, Dolor durante las relaciones sexuales o al orinar, Fatiga, N\u00e1useas.","robots":{"index":"index","follow":"follow","max-snippet":"max-snippet:-1","max-image-preview":"max-image-preview:large","max-video-preview":"max-video-preview:-1"},"canonical":"https:\/\/www.medexdtc.com\/es\/endometriosis\/","og_locale":"es_ES","og_type":"article","og_title":"Tratamiento de la endometriosis | Los mejores ginec\u00f3logos en Forest Hills, Queens, NY","og_description":"Nuestros mejores ginec\u00f3logos de Forest Hills, Queens, NY proporcionan las mejores opciones de tratamiento de cualquier S\u00edntoma de Endometriosis, como Diarrea, Dolor durante las relaciones sexuales o al orinar, Fatiga, N\u00e1useas.","og_url":"https:\/\/www.medexdtc.com\/es\/endometriosis\/","og_site_name":"Medex Diagnostic and Treatment Center - Queens Medical Center - Medical Clinic in Forest Hills, NY","article_publisher":"https:\/\/www.facebook.com\/medexny","twitter_card":"summary_large_image","twitter_site":"@DtcMedex","twitter_misc":{"Tiempo de lectura":"5 minutos"},"schema":{"@context":"https:\/\/schema.org","@graph":[{"@type":"WebPage","@id":"https:\/\/www.medexdtc.com\/es\/endometriosis\/","url":"https:\/\/www.medexdtc.com\/es\/endometriosis\/","name":"Tratamiento de la endometriosis | Los mejores ginec\u00f3logos en Forest Hills, Queens, NY","isPartOf":{"@id":"https:\/\/www.medexdtc.com\/es\/#website"},"datePublished":"2020-08-05T17:47:21+00:00","description":"Nuestros mejores ginec\u00f3logos de Forest Hills, Queens, NY proporcionan las mejores opciones de tratamiento de cualquier S\u00edntoma de Endometriosis, como Diarrea, Dolor durante las relaciones sexuales o al orinar, Fatiga, N\u00e1useas.","breadcrumb":{"@id":"https:\/\/www.medexdtc.com\/es\/endometriosis\/#breadcrumb"},"inLanguage":"es","potentialAction":[{"@type":"ReadAction","target":["https:\/\/www.medexdtc.com\/es\/endometriosis\/"]}]},{"@type":"BreadcrumbList","@id":"https:\/\/www.medexdtc.com\/es\/endometriosis\/#breadcrumb","itemListElement":[{"@type":"ListItem","position":1,"name":"Home","item":"https:\/\/www.medexdtc.com\/es\/"},{"@type":"ListItem","position":2,"name":"Endometriosis"}]},{"@type":"WebSite","@id":"https:\/\/www.medexdtc.com\/es\/#website","url":"https:\/\/www.medexdtc.com\/es\/","name":"Medex DTC","description":"Medex Diagnostic and Treatment Center is a Medical Center in Queens, NY is a dynamic multi-specialty clinic. Physicians delivering high quality individualized care in Forest Hills, Queens, NY.","publisher":{"@id":"https:\/\/www.medexdtc.com\/es\/#organization"},"potentialAction":[{"@type":"SearchAction","target":{"@type":"EntryPoint","urlTemplate":"https:\/\/www.medexdtc.com\/es\/?s={search_term_string}"},"query-input":{"@type":"PropertyValueSpecification","valueRequired":true,"valueName":"search_term_string"}}],"inLanguage":"es"},{"@type":"Organization","@id":"https:\/\/www.medexdtc.com\/es\/#organization","name":"Medex DCT","url":"https:\/\/www.medexdtc.com\/es\/","logo":{"@type":"ImageObject","inLanguage":"es","@id":"https:\/\/www.medexdtc.com\/es\/#\/schema\/logo\/image\/","url":"https:\/\/www.medexdtc.com\/wp-content\/uploads\/2024\/11\/medex-diagnostic-and-treatment-center-in-queens-NY.png","contentUrl":"https:\/\/www.medexdtc.com\/wp-content\/uploads\/2024\/11\/medex-diagnostic-and-treatment-center-in-queens-NY.png","width":226,"height":47,"caption":"Medex DCT"},"image":{"@id":"https:\/\/www.medexdtc.com\/es\/#\/schema\/logo\/image\/"},"sameAs":["https:\/\/www.facebook.com\/medexny","https:\/\/x.com\/DtcMedex","https:\/\/www.instagram.com\/medexdtc\/","https:\/\/www.linkedin.com\/company\/medex-diagnostic-and-treatment-center\/about\/"]}]}},"jetpack_sharing_enabled":true,"_links":{"self":[{"href":"https:\/\/www.medexdtc.com\/es\/wp-json\/wp\/v2\/pages\/5996","targetHints":{"allow":["GET"]}}],"collection":[{"href":"https:\/\/www.medexdtc.com\/es\/wp-json\/wp\/v2\/pages"}],"about":[{"href":"https:\/\/www.medexdtc.com\/es\/wp-json\/wp\/v2\/types\/page"}],"author":[{"embeddable":true,"href":"https:\/\/www.medexdtc.com\/es\/wp-json\/wp\/v2\/users\/3"}],"replies":[{"embeddable":true,"href":"https:\/\/www.medexdtc.com\/es\/wp-json\/wp\/v2\/comments?post=5996"}],"version-history":[{"count":0,"href":"https:\/\/www.medexdtc.com\/es\/wp-json\/wp\/v2\/pages\/5996\/revisions"}],"wp:attachment":[{"href":"https:\/\/www.medexdtc.com\/es\/wp-json\/wp\/v2\/media?parent=5996"}],"curies":[{"name":"wp","href":"https:\/\/api.w.org\/{rel}","templated":true}]}}