{"id":6001,"date":"2020-08-05T22:51:37","date_gmt":"2020-08-05T17:51:37","guid":{"rendered":"https:\/\/www.medexdtc.com\/endocrinologia-en-queens-endocrinologo-queens\/"},"modified":"2025-09-15T04:27:31","modified_gmt":"2025-09-14T23:27:31","slug":"endocrinology","status":"publish","type":"page","link":"https:\/\/www.medexdtc.com\/es\/endocrinology\/","title":{"rendered":"Endocrinolog\u00eda en Queens &#8211; Endocrin\u00f3logo Queens"},"content":{"rendered":"<section id=\"about-madex-content-area\" class=\"about-madex-content-sec\">\n<div class=\"treatment-boxes about-madex-boxes\">\n<div>\n<p class=\"treatment-box-para\"><a href=\"https:\/\/www.medexdtc.com\/es\/medex-dtc-medicos-de-queens\/hortencia-garcia\/\">Los endocrin\u00f3logos de Queens<\/a> del Centro de Diagn\u00f3stico y Tratamiento Medex se especializan en diagnosticar y tratar trastornos relacionados con el sistema endocrino, que incluye las gl\u00e1ndulas que producen hormonas. Tratan afecciones como <a href=\"https:\/\/www.medexdtc.com\/es\/diabetes\/\">la diabetes<\/a>, trastornos tiroideos, desequilibrios metab\u00f3licos y problemas relacionados con las hormonas, como la infertilidad o la osteoporosis. Los endocrin\u00f3logos utilizan tanto tratamientos m\u00e9dicos como recomendaciones sobre el estilo de vida para ayudar a regular los niveles hormonales y mejorar la salud general. El sistema endocrino no s\u00f3lo sirve de apoyo a otros sistemas, sino que tambi\u00e9n puede ser el origen de muchos trastornos. \u00bfBuscas <a href=\"https:\/\/www.medexdtc.com\/es\/medex-dtc-medicos-de-queens\/hortencia-garcia\/\">el mejor endocrin\u00f3logo de NYC<\/a>? Ll\u00e1manos para obtener consejos de prevenci\u00f3n y planes de tratamiento que promuevan la longevidad.     <\/p>\n<\/div>\n<\/div>\n<\/section>\n<p><strong><a href=\"https:\/\/www.medexdtc.com\/es\/medex-dtc-medicos-de-queens\/hortencia-garcia\/\">Dra. Hortencia Garcia, MD Endocrin\u00f3loga Forest Hills, Queens, NY  <\/a><\/strong><\/p>\n<div class=\"wp-block-buttons\">\n<div class=\"wp-block-button\"><a class=\"wp-block-button__link has-vivid-red-background-color has-background wp-element-button\" href=\"https:\/\/app.nexhealth.com\/appt\/medex-diagnostic-and-treatment-center\">Schedule Appointment<\/a><\/div>\n<\/div>\n<p>Tu sistema endocrino controla tus hormonas. Una gran mayor\u00eda de las funciones de tu cuerpo dependen de mantener sanas las gl\u00e1ndulas que segregan hormonas que regulan tu: <\/p>\n<ul>\n<li>Movimiento<\/li>\n<li>Crecimiento<\/li>\n<li>Respiraci\u00f3n<\/li>\n<li>Desarrollo sexual<\/li>\n<li>Reproducci\u00f3n<\/li>\n<li>Metabolismo<\/li>\n<li>Percepci\u00f3n sensorial<\/li>\n<\/ul>\n<h2 class=\"css-1uwmyp9-text css-aqdypc css-13sga99 css-13o7eu2 css-542wex\"><span class=\"css-1uwmyp9-text css-aqdypc css-13sga99 css-6n7j50\">Endocrin\u00f3logo Queens, NYC<\/span><\/h2>\n<p>En el Centro de Diagn\u00f3stico y Tratamiento Medex, todo el equipo de expertos de la consulta multiespecialidad comprende el papel vital que desempe\u00f1an tus hormonas en tu bienestar general. Tu m\u00e9dico de atenci\u00f3n primaria u otro m\u00e9dico que te trate pueden derivarte a un <a href=\"https:\/\/www.medexdtc.com\/es\/medex-dtc-medicos-de-queens\/hortencia-garcia\/\">endocrin\u00f3logo<\/a> del mismo centro. Todos los m\u00e9dicos trabajan juntos en tu beneficio.  <\/p>\n<p><strong>Art\u00edculos relacionados:<\/strong><\/p>\n<p><a href=\"https:\/\/www.medexdtc.com\/es\/obesity\/\" target=\"_blank\" rel=\"noopener\">Obesidad<\/a><\/p>\n<p><a href=\"https:\/\/www.medexdtc.com\/es\/polycystic-ovary-syndrome-pcos-top-gynecologists-in-queens-ny\/\" target=\"_blank\" rel=\"noopener\">Tratamiento de la diabetesS\u00edndrome de ovario poliqu\u00edstico (SOP)  <\/a><\/p>\n<h2>Prevenir los desequilibrios hormonales<\/h2>\n<p>Hay una serie de afecciones glandulares y hormonales que no puedes prevenir porque est\u00e1n causadas por la gen\u00e9tica, el envejecimiento o complicaciones de nacimiento. Pero puedes tomar medidas a lo largo de tu vida para mejorar las probabilidades de que no tengas problemas de tu sistema endocrino. <\/p>\n<p>La mayor\u00eda de las medidas preventivas son parte integrante de un estilo de vida sano en general. Considera modificaciones del estilo de vida como: <\/p>\n<ul class=\"sm\">\n<li>Obtener suficiente yodo en tu dieta diaria. Este ajuste puede significar utilizar sal yodada o tomar suplementos, seg\u00fan las indicaciones de tu m\u00e9dico. <\/li>\n<li>Mantener un peso saludable con una dieta equilibrada y nutritiva. Si padeces obesidad, tu equipo de m\u00e9dicos Medex te gu\u00eda a trav\u00e9s de un programa de p\u00e9rdida de peso y te organiza sesiones con un fisioterapeuta para que aprendas los mejores ejercicios para ti. <\/li>\n<li>Sigue los planes de tratamiento de tu m\u00e9dico para enfermedades subyacentes como la diabetes y la infertilidad.<\/li>\n<\/ul>\n<h2><img fetchpriority=\"high\" decoding=\"async\" class=\"about-madex-images alignnone\" src=\"https:\/\/www.medexdtc.com\/wp-content\/uploads\/2020\/08\/Endocrinology.jpg\" alt=\"Endocrin\u00f3logo Queens\" width=\"585\" height=\"615\"><\/h2>\n<h2>Ocho gl\u00e1ndulas vitales<\/h2>\n<p>Cuando tu cuerpo no responde a la secreci\u00f3n hormonal como se supone que debe hacerlo, puedes desarrollar una enfermedad endocrina. Las ocho gl\u00e1ndulas que el m\u00e9dico vigila en busca de pistas sobre por qu\u00e9 no est\u00e1s bien son: <\/p>\n<ol>\n<li><strong>Ovarios\/Test\u00edculos.  <\/strong>A menudo, se piensa que los desequilibrios hormonales s\u00f3lo afectan a las mujeres, porque los ovarios sufren muchos cambios naturales desde la pubertad hasta el embarazo y la menopausia. Los test\u00edculos son las gl\u00e1ndulas de los hombres que producen testosterona y esperma. <\/li>\n<li><strong>Hipot\u00e1lamo.<\/strong>  Esta gl\u00e1ndula regula tu estado de \u00e1nimo, el hambre, la sed, la temperatura corporal, el deseo sexual y el sue\u00f1o.<\/li>\n<li><strong>Tiroides.<\/strong>  Las hormonas de la tiroides est\u00e1n relacionadas con tu ritmo cardiaco, as\u00ed como con la rapidez con que quemas calor\u00edas. Puede ser el origen de la obesidad y de la incapacidad para ganar peso. <\/li>\n<li><strong>Paratiroides.<\/strong>  Esta gl\u00e1ndula controla la cantidad de calcio que hay en tu cuerpo. Puede contribuir a enfermedades como la osteoporosis. <\/li>\n<li><strong>Pituitaria.<\/strong>  Es la gl\u00e1ndula maestra que desencadena el crecimiento. Controla todas las dem\u00e1s gl\u00e1ndulas de tu cuerpo. <\/li>\n<li><strong>Suprarrenal.<\/strong>  Tus niveles de cortisol se ven afectados cuando esta gl\u00e1ndula no funciona correctamente. El cortisol afecta tanto a tu deseo sexual como a tus niveles de estr\u00e9s. <\/li>\n<li><strong>P\u00e1ncreas.<\/strong>  Puesto que los niveles de insulina est\u00e1n controlados por esta gl\u00e1ndula, es uno de los primeros lugares que tu m\u00e9dico Medex vigila cuando tienes problemas de az\u00facar en sangre.<\/li>\n<li><strong>Pineal.<\/strong>  Esta gl\u00e1ndula produce melatonina, la hormona que afecta a tu sue\u00f1o.<\/li>\n<\/ol>\n<p>Un trastorno en cualquiera de estas gl\u00e1ndulas puede alterar tu vida. Algunas de las afecciones m\u00e1s frecuentes que puedes desarrollar cuando las hormonas se desajustan son: <\/p>\n<ul>\n<li>Enfermedad \u00f3sea<\/li>\n<li>S\u00edndrome de ovario poliqu\u00edstico<\/li>\n<li>Tiroiditis de Hashimoto<\/li>\n<li>Enfermedad hipofisaria y suprarrenal<\/li>\n<li>S\u00edndrome metab\u00f3lico<\/li>\n<li>Enfermedad de Graves<\/li>\n<li>Hipertiroidismo o hipotiroidismo<\/li>\n<li>La ca\u00edda del cabello en la mujer, llamada alopecia androgen\u00e9tica<\/li>\n<li>Acn\u00e9 adulto<\/li>\n<li>Hirsutismo<\/li>\n<li>Problemas sexuales, como disfunci\u00f3n er\u00e9ctil<\/li>\n<li>Hipogonadismo<\/li>\n<li>Hiperparatiroidismo<\/li>\n<li>Hipocalcemia<\/li>\n<li>Enfermedad de Cushing<\/li>\n<li>Enfermedad de Addison<\/li>\n<li>Fibrosis qu\u00edstica<\/li>\n<\/ul>\n<h2>S\u00edntomas y pruebas de los trastornos glandulares<\/h2>\n<p>Puesto que el n\u00famero y los tipos de afecciones que pueden surgir debido a un trastorno glandular son tan variados, los s\u00edntomas de una irregularidad hormonal son igual de variados. Por eso es tan crucial poner tu salud en manos de un equipo de m\u00e9dicos del Centro de Diagn\u00f3stico y Tratamiento Medex. <\/p>\n<p>Tus m\u00e9dicos pueden llegar a la conclusi\u00f3n de que es necesario realizar m\u00e1s pruebas antes de llegar a un diagn\u00f3stico firme. Puedes someterte a procedimientos que confirmen una enfermedad o encuentren el origen dentro de tu sistema endocrino, como por ejemplo <\/p>\n<ul>\n<li>Exploraci\u00f3n sudomotora<\/li>\n<li>Espirometr\u00eda<\/li>\n<li>El perfilador CV<\/li>\n<li>Pruebas de conducci\u00f3n nerviosa<\/li>\n<li>Monitorizaci\u00f3n ANS<\/li>\n<li>Fundoscopia digital<\/li>\n<li>Ecograf\u00eda tiroidea<\/li>\n<li>Medici\u00f3n de la composici\u00f3n corporal<\/li>\n<li>Densitometr\u00eda \u00f3sea<\/li>\n<\/ul><h2 class=\"wp-block-heading\">PREGUNTAS FRECUENTES<\/h2><p><strong>\u00bfQu\u00e9 hace un endocrino en la primera visita?<\/strong><\/p><p>En tu <strong>primera visita a un endocrin\u00f3logo<\/strong>, el m\u00e9dico revisar\u00e1 tu <strong>historial m\u00e9dico<\/strong>, hablar\u00e1 de tus <strong>s\u00edntomas<\/strong> y te har\u00e1 una <strong>exploraci\u00f3n f\u00edsica<\/strong> para evaluar cualquier signo de <strong>desequilibrio hormonal<\/strong>. Pueden preguntarte por tu <strong>dieta, estilo de vida, medicamentos<\/strong> y antecedentes familiares de <strong>trastornos endocrinos<\/strong>, como <strong>diabetes, enfermedad tiroidea o deficiencias hormonales<\/strong>. Seg\u00fan tu estado, el endocrino puede pedir <strong>an\u00e1lisis de sangre<\/strong> para comprobar los niveles hormonales, la glucosa u otros marcadores clave. Si es necesario, puede recomendar <strong>pruebas de imagen<\/strong>, como una <strong>ecograf\u00eda<\/strong> para los problemas de tiroides. La visita suele terminar con un <strong>plan de tratamiento<\/strong>, que puede incluir <strong>medicamentos, cambios en el estilo de vida o m\u00e1s pruebas<\/strong> para ayudar a controlar eficazmente tu enfermedad.    <\/p><p><strong>\u00bfNecesito una derivaci\u00f3n para ver a un endocrino?<\/strong><\/p><p>Que <strong>necesites una derivaci\u00f3n para ver a un endocrin\u00f3logo<\/strong> depende de tu <strong>plan de seguro m\u00e9dico<\/strong>. Si tienes un plan <strong>HMO (Organizaci\u00f3n para el Mantenimiento de la Salud)<\/strong>, suele ser necesaria una <strong>derivaci\u00f3n de tu m\u00e9dico de atenci\u00f3n primaria<\/strong> antes de ver a un especialista. Sin embargo, si tienes una <strong>PPO (Organizaci\u00f3n de Proveedores Preferentes)<\/strong> u otros planes de seguro que permiten <strong>el acceso directo al especialista<\/strong>, puede que no necesites una derivaci\u00f3n. <strong>Medicare y Medicaid<\/strong> tambi\u00e9n pueden requerir derivaciones en funci\u00f3n de la normativa estatal. Para evitar costes inesperados o problemas de cobertura, es mejor que consultes con tu <strong>seguro<\/strong> y confirmes que el endocrino est\u00e1 <strong>dentro de la red<\/strong> antes de concertar una cita.   <\/p><p><strong>\u00bfPuede un endocrino ayudar a perder peso?<\/strong><\/p><p>S\u00ed, un endocrin\u00f3logo puede ayudar a perder peso identificando y tratando los desequilibrios hormonales que puedan estar afectando a tu metabolismo. Afecciones como el hipotiroidismo, la resistencia a la insulina, el s\u00edndrome de ovario poliqu\u00edstico (SOP) y la diabetes pueden contribuir al aumento de peso y dificultar la p\u00e9rdida de peso. Un endocrin\u00f3logo evaluar\u00e1 tus niveles hormonales, tu metabolismo y tu salud general, y luego crear\u00e1 un plan de tratamiento personalizado que puede incluir medicamentos, cambios en el estilo de vida, recomendaciones diet\u00e9ticas y orientaci\u00f3n sobre el ejercicio. En algunos casos, pueden prescribir medicamentos para perder peso o recomendar intervenciones m\u00e9dicas adicionales si es necesario. Si tienes dificultades para perder peso a pesar de la dieta y el ejercicio, consultar a un endocrin\u00f3logo puede ayudar a descubrir los problemas subyacentes y aportar soluciones eficaces.    <\/p><p><strong>\u00bfDebo acudir a un ginec\u00f3logo o a un endocrino para la menopausia?<\/strong><\/p><p>Si tienes s\u00edntomas de menopausia, tanto un ginec\u00f3logo como un endocrin\u00f3logo pueden ayudarte, pero la mejor elecci\u00f3n depende de tus necesidades espec\u00edficas. Un ginec\u00f3logo est\u00e1 especializado en la salud de la mujer y suele ser el primer m\u00e9dico al que se acude para el tratamiento de la menopausia, la terapia hormonal sustitutiva (THS) y problemas ginecol\u00f3gicos como per\u00edodos irregulares, sequedad vaginal y sofocos. Sin embargo, si tienes desequilibrios hormonales graves, trastornos tiroideos o problemas metab\u00f3licos que afectan a la menopausia, un endocrin\u00f3logo puede ser m\u00e1s adecuado para evaluar tus niveles hormonales y proporcionarte un tratamiento especializado. Si no est\u00e1s segura, se recomienda empezar por un ginec\u00f3logo, que puede remitirte a un endocrin\u00f3logo si es necesario para una evaluaci\u00f3n m\u00e1s exhaustiva.   <\/p><p><strong>\u00bfCu\u00e1nto dura una cita con el endocrino?<\/strong><\/p><p>Una <strong>cita con el endocrino<\/strong> suele durar <strong>entre 30 y 60 minutos<\/strong>, dependiendo de la complejidad de tu enfermedad y de si se trata de una <strong>primera visita o de un seguimiento<\/strong>. La cita inicial puede durar m\u00e1s tiempo, ya que el m\u00e9dico revisar\u00e1 tus <strong>antecedentes m\u00e9dicos, s\u00edntomas, estilo de vida y resultados de an\u00e1lisis anteriores<\/strong>, tras lo cual te har\u00e1 una <strong>exploraci\u00f3n f\u00edsica<\/strong> y posiblemente solicite <strong>an\u00e1lisis de sangre o pruebas de imagen<\/strong> para evaluar los niveles hormonales. Las visitas de seguimiento suelen ser m\u00e1s breves, de unos <strong>15 a 30 minutos<\/strong>, y se centran en la <strong>evoluci\u00f3n del tratamiento, los ajustes de la medicaci\u00f3n y otras recomendaciones<\/strong>. Si padeces un trastorno endocrino complejo, la visita puede durar m\u00e1s tiempo para garantizar una evaluaci\u00f3n exhaustiva y un plan de tratamiento personalizado.   <\/p><p><strong>\u00bfA qu\u00e9 m\u00e9dico acudir para la pmdd?<\/strong><\/p><p>Si padeces un trastorno disf\u00f3rico premenstrual (TDPM), el mejor m\u00e9dico que puedes consultar es un ginec\u00f3logo, un psiquiatra o un endocrin\u00f3logo, seg\u00fan tus s\u00edntomas. Un ginec\u00f3logo est\u00e1 especializado en salud hormonal y reproductiva, y puede ayudar a controlar el TDPM con anticonceptivos, terapia hormonal o recomendaciones sobre el estilo de vida. Un psiquiatra es ideal si tienes s\u00edntomas graves relacionados con el estado de \u00e1nimo, ya que puede recetarte antidepresivos (ISRS) u otros tratamientos de salud mental. Un endocrin\u00f3logo puede ser \u00fatil si se sospechan desequilibrios hormonales m\u00e1s all\u00e1 del ciclo menstrual. Si no est\u00e1s segura de por d\u00f3nde empezar, se recomienda acudir primero a un ginec\u00f3logo, ya que puede evaluar tu estado y remitirte a un especialista si es necesario.    <\/p><p><strong>\u00bfDebo acudir a un ent o endocrin\u00f3logo para la tiroides?<\/strong><\/p><p>Si tienes una <strong>afecci\u00f3n tiro<\/strong>idea, acudir a un <strong>otorrinolaring\u00f3logo o a un endocrin\u00f3logo<\/strong> depende de tu problema concreto. Un <strong>endocrin\u00f3logo<\/strong> es la mejor opci\u00f3n para tratar <strong>trastornos tiroideos<\/strong> como el <strong>hipotiroidismo, el hipertiroidismo, la enfermedad de Hashimoto y la enfermedad de Graves<\/strong>, ya que est\u00e1 especializado en <strong>desequilibrios hormonales y tratamientos m\u00e9dicos<\/strong> como <strong>medicamentos y terapia hormonal<\/strong>. Sin embargo, si tienes <strong>n\u00f3dulos tiroideos, bocio o c\u00e1ncer de tiroides<\/strong>, puede ser necesario un <strong>ORL (tambi\u00e9n llamado otorrinolaring\u00f3logo)<\/strong> para <strong>una evaluaci\u00f3n m\u00e1s exhaustiva, una biopsia o una intervenci\u00f3n quir\u00fargica<\/strong>. En la mayor\u00eda de los casos, se recomienda empezar por un <strong>endocrino<\/strong>, que puede remitirte a un <strong>ORL<\/strong> si es necesaria una intervenci\u00f3n quir\u00fargica.   <\/p>","protected":false},"excerpt":{"rendered":"<p>Los endocrin\u00f3logos de Queens del Centro de Diagn\u00f3stico y Tratamiento Medex se especializan en diagnosticar y tratar trastornos relacionados con el sistema endocrino, que incluye las gl\u00e1ndulas que producen hormonas. Tratan afecciones como la diabetes, trastornos tiroideos, desequilibrios metab\u00f3licos y problemas relacionados con las hormonas, como la infertilidad o la osteoporosis. Los endocrin\u00f3logos utilizan tanto &hellip; <\/p>\n<p class=\"link-more\"><a href=\"https:\/\/www.medexdtc.com\/es\/endocrinology\/\" class=\"more-link\">Continue reading<span class=\"screen-reader-text\"> \u00abEndocrinolog\u00eda en Queens &#8211; Endocrin\u00f3logo Queens\u00bb<\/span><\/a><\/p>\n","protected":false},"author":3,"featured_media":0,"parent":0,"menu_order":0,"comment_status":"closed","ping_status":"closed","template":"new_inner.php","meta":{"_acf_changed":false,"footnotes":""},"class_list":["post-6001","page","type-page","status-publish","hentry"],"acf":[],"yoast_head":"<!-- This site is optimized with the Yoast SEO plugin v27.5 - https:\/\/yoast.com\/product\/yoast-seo-wordpress\/ -->\n<title>Queens Endocrinology - Top Endocrin\u00f3logos En Forest Hills, Queens, NY - Endocrin\u00f3logo Queens<\/title>\n<meta name=\"description\" content=\"Los m\u00e9dicos endocrin\u00f3logos mejor valorados de Forest Hills, Queens, NY tratan los desequilibrios hormonales y mucho m\u00e1s. Aceptamos Medicare, Medicaid, HIP, Emblemhealth, GHI, MetroPlus, Fideli.\" \/>\n<meta name=\"robots\" content=\"index, follow, max-snippet:-1, max-image-preview:large, max-video-preview:-1\" \/>\n<link rel=\"canonical\" href=\"https:\/\/www.medexdtc.com\/es\/endocrinology\/\" \/>\n<meta property=\"og:locale\" content=\"es_ES\" \/>\n<meta property=\"og:type\" content=\"article\" \/>\n<meta property=\"og:title\" content=\"Queens Endocrinology - Top Endocrin\u00f3logos En Forest Hills, Queens, NY - Endocrin\u00f3logo Queens\" \/>\n<meta property=\"og:description\" content=\"Los m\u00e9dicos endocrin\u00f3logos mejor valorados de Forest Hills, Queens, NY tratan los desequilibrios hormonales y mucho m\u00e1s. Aceptamos Medicare, Medicaid, HIP, Emblemhealth, GHI, MetroPlus, Fideli.\" \/>\n<meta property=\"og:url\" content=\"https:\/\/www.medexdtc.com\/es\/endocrinology\/\" \/>\n<meta property=\"og:site_name\" content=\"Medex Diagnostic and Treatment Center - Queens Medical Center - Medical Clinic in Forest Hills, NY\" \/>\n<meta property=\"article:publisher\" content=\"https:\/\/www.facebook.com\/medexny\" \/>\n<meta property=\"article:modified_time\" content=\"2025-09-14T23:27:31+00:00\" \/>\n<meta property=\"og:image\" content=\"https:\/\/www.medexdtc.com\/wp-content\/uploads\/2020\/08\/Endocrinology.jpg\" \/>\n<meta name=\"twitter:card\" content=\"summary_large_image\" \/>\n<meta name=\"twitter:site\" content=\"@DtcMedex\" \/>\n<meta name=\"twitter:label1\" content=\"Tiempo de lectura\" \/>\n\t<meta name=\"twitter:data1\" content=\"10 minutos\" \/>\n<!-- \/ Yoast SEO plugin. -->","yoast_head_json":{"title":"Queens Endocrinology - Top Endocrin\u00f3logos En Forest Hills, Queens, NY - Endocrin\u00f3logo Queens","description":"Los m\u00e9dicos endocrin\u00f3logos mejor valorados de Forest Hills, Queens, NY tratan los desequilibrios hormonales y mucho m\u00e1s. Aceptamos Medicare, Medicaid, HIP, Emblemhealth, GHI, MetroPlus, Fideli.","robots":{"index":"index","follow":"follow","max-snippet":"max-snippet:-1","max-image-preview":"max-image-preview:large","max-video-preview":"max-video-preview:-1"},"canonical":"https:\/\/www.medexdtc.com\/es\/endocrinology\/","og_locale":"es_ES","og_type":"article","og_title":"Queens Endocrinology - Top Endocrin\u00f3logos En Forest Hills, Queens, NY - Endocrin\u00f3logo Queens","og_description":"Los m\u00e9dicos endocrin\u00f3logos mejor valorados de Forest Hills, Queens, NY tratan los desequilibrios hormonales y mucho m\u00e1s. Aceptamos Medicare, Medicaid, HIP, Emblemhealth, GHI, MetroPlus, Fideli.","og_url":"https:\/\/www.medexdtc.com\/es\/endocrinology\/","og_site_name":"Medex Diagnostic and Treatment Center - Queens Medical Center - Medical Clinic in Forest Hills, NY","article_publisher":"https:\/\/www.facebook.com\/medexny","article_modified_time":"2025-09-14T23:27:31+00:00","og_image":[{"url":"https:\/\/www.medexdtc.com\/wp-content\/uploads\/2020\/08\/Endocrinology.jpg","type":"","width":"","height":""}],"twitter_card":"summary_large_image","twitter_site":"@DtcMedex","twitter_misc":{"Tiempo de lectura":"10 minutos"},"schema":{"@context":"https:\/\/schema.org","@graph":[{"@type":"WebPage","@id":"https:\/\/www.medexdtc.com\/es\/endocrinology\/","url":"https:\/\/www.medexdtc.com\/es\/endocrinology\/","name":"Queens Endocrinology - Top Endocrin\u00f3logos En Forest Hills, Queens, NY - Endocrin\u00f3logo Queens","isPartOf":{"@id":"https:\/\/www.medexdtc.com\/es\/#website"},"primaryImageOfPage":{"@id":"https:\/\/www.medexdtc.com\/es\/endocrinology\/#primaryimage"},"image":{"@id":"https:\/\/www.medexdtc.com\/es\/endocrinology\/#primaryimage"},"thumbnailUrl":"https:\/\/www.medexdtc.com\/wp-content\/uploads\/2020\/08\/Endocrinology.jpg","datePublished":"2020-08-05T17:51:37+00:00","dateModified":"2025-09-14T23:27:31+00:00","description":"Los m\u00e9dicos endocrin\u00f3logos mejor valorados de Forest Hills, Queens, NY tratan los desequilibrios hormonales y mucho m\u00e1s. Aceptamos Medicare, Medicaid, HIP, Emblemhealth, GHI, MetroPlus, Fideli.","breadcrumb":{"@id":"https:\/\/www.medexdtc.com\/es\/endocrinology\/#breadcrumb"},"inLanguage":"es","potentialAction":[{"@type":"ReadAction","target":["https:\/\/www.medexdtc.com\/es\/endocrinology\/"]}]},{"@type":"ImageObject","inLanguage":"es","@id":"https:\/\/www.medexdtc.com\/es\/endocrinology\/#primaryimage","url":"https:\/\/www.medexdtc.com\/wp-content\/uploads\/2020\/08\/Endocrinology.jpg","contentUrl":"https:\/\/www.medexdtc.com\/wp-content\/uploads\/2020\/08\/Endocrinology.jpg"},{"@type":"BreadcrumbList","@id":"https:\/\/www.medexdtc.com\/es\/endocrinology\/#breadcrumb","itemListElement":[{"@type":"ListItem","position":1,"name":"Home","item":"https:\/\/www.medexdtc.com\/es\/"},{"@type":"ListItem","position":2,"name":"Endocrinolog\u00eda en Queens &#8211; Endocrin\u00f3logo Queens"}]},{"@type":"WebSite","@id":"https:\/\/www.medexdtc.com\/es\/#website","url":"https:\/\/www.medexdtc.com\/es\/","name":"Medex DTC","description":"Medex Diagnostic and Treatment Center is a Medical Center in Queens, NY is a dynamic multi-specialty clinic. Physicians delivering high quality individualized care in Forest Hills, Queens, NY.","publisher":{"@id":"https:\/\/www.medexdtc.com\/es\/#organization"},"potentialAction":[{"@type":"SearchAction","target":{"@type":"EntryPoint","urlTemplate":"https:\/\/www.medexdtc.com\/es\/?s={search_term_string}"},"query-input":{"@type":"PropertyValueSpecification","valueRequired":true,"valueName":"search_term_string"}}],"inLanguage":"es"},{"@type":"Organization","@id":"https:\/\/www.medexdtc.com\/es\/#organization","name":"Medex DCT","url":"https:\/\/www.medexdtc.com\/es\/","logo":{"@type":"ImageObject","inLanguage":"es","@id":"https:\/\/www.medexdtc.com\/es\/#\/schema\/logo\/image\/","url":"https:\/\/www.medexdtc.com\/wp-content\/uploads\/2024\/11\/medex-diagnostic-and-treatment-center-in-queens-NY.png","contentUrl":"https:\/\/www.medexdtc.com\/wp-content\/uploads\/2024\/11\/medex-diagnostic-and-treatment-center-in-queens-NY.png","width":226,"height":47,"caption":"Medex DCT"},"image":{"@id":"https:\/\/www.medexdtc.com\/es\/#\/schema\/logo\/image\/"},"sameAs":["https:\/\/www.facebook.com\/medexny","https:\/\/x.com\/DtcMedex","https:\/\/www.instagram.com\/medexdtc\/","https:\/\/www.linkedin.com\/company\/medex-diagnostic-and-treatment-center\/about\/"]}]}},"jetpack_sharing_enabled":true,"_links":{"self":[{"href":"https:\/\/www.medexdtc.com\/es\/wp-json\/wp\/v2\/pages\/6001","targetHints":{"allow":["GET"]}}],"collection":[{"href":"https:\/\/www.medexdtc.com\/es\/wp-json\/wp\/v2\/pages"}],"about":[{"href":"https:\/\/www.medexdtc.com\/es\/wp-json\/wp\/v2\/types\/page"}],"author":[{"embeddable":true,"href":"https:\/\/www.medexdtc.com\/es\/wp-json\/wp\/v2\/users\/3"}],"replies":[{"embeddable":true,"href":"https:\/\/www.medexdtc.com\/es\/wp-json\/wp\/v2\/comments?post=6001"}],"version-history":[{"count":4,"href":"https:\/\/www.medexdtc.com\/es\/wp-json\/wp\/v2\/pages\/6001\/revisions"}],"predecessor-version":[{"id":6302,"href":"https:\/\/www.medexdtc.com\/es\/wp-json\/wp\/v2\/pages\/6001\/revisions\/6302"}],"wp:attachment":[{"href":"https:\/\/www.medexdtc.com\/es\/wp-json\/wp\/v2\/media?parent=6001"}],"curies":[{"name":"wp","href":"https:\/\/api.w.org\/{rel}","templated":true}]}}