{"id":6007,"date":"2020-08-05T23:38:11","date_gmt":"2020-08-05T18:38:11","guid":{"rendered":"https:\/\/www.medexdtc.com\/tratamiento-de-las-infecciones-de-oido-en-queens-ny\/"},"modified":"2020-08-05T23:38:11","modified_gmt":"2020-08-05T18:38:11","slug":"ear-infections","status":"publish","type":"page","link":"https:\/\/www.medexdtc.com\/es\/ear-infections\/","title":{"rendered":"Tratamiento de las infecciones de o\u00eddo en Queens, NY"},"content":{"rendered":"<p><strong>Las infecciones de o\u00eddo, frecuentes entre los ni\u00f1os, son la mayor\u00eda de las veces simples episodios inc\u00f3modos. Pero pueden dar lugar a complicaciones graves, por lo que debes llevar a tus hijos al Centro de Diagn\u00f3stico y Tratamiento Medex de Queens, NY, ante los primeros s\u00edntomas de la afecci\u00f3n. Puesto que una infecci\u00f3n de o\u00eddo puede afectarte a ti y a otros adultos y adolescentes de tu familia, debes seguir el mismo consejo. Adem\u00e1s de un tratamiento probado y eficaz, aprender\u00e1s informaci\u00f3n valiosa sobre c\u00f3mo prevenir las infecciones de o\u00eddo en el futuro. Llama hoy para pedir cita.    <\/strong><\/p>\n<p>Las infecciones de o\u00eddo son una de las razones m\u00e1s frecuentes por las que los ni\u00f1os peque\u00f1os necesitan ir al m\u00e9dico, pero tambi\u00e9n les ocurren a los adultos. Si tienes una infecci\u00f3n de o\u00eddo, significa que te han entrado bacterias o un virus en el o\u00eddo medio, que consiste en el espacio que hay detr\u00e1s del t\u00edmpano. Esto provoca hinchaz\u00f3n, dolor, fiebre, falta de apetito y secreci\u00f3n de l\u00edquido, entre otros s\u00edntomas.  <\/p>\n<p>Las infecciones de o\u00eddo no siempre indican una enfermedad grave, pero pueden dar lugar a complicaciones. Si sospechas que t\u00fa o tu hijo ten\u00e9is una infecci\u00f3n de o\u00eddo, visita a un <a href=\"https:\/\/www.medexdtc.com\/es\/otorrinolaringologos-en-queens\/\">otorrinolaring\u00f3logo<\/a> en el Centro de Diagn\u00f3stico y Tratamiento Medex de Queens, NY. El otorrinolaring\u00f3logo alivia tus s\u00edntomas y te ayuda a prevenir futuras infecciones. Y lo que es m\u00e1s importante, s\u00f3lo un especialista puede averiguar si la infecci\u00f3n de o\u00eddo implica algo m\u00e1s grave.   <\/p>\n<h2>Prevenir las infecciones de o\u00eddo<\/h2>\n<p>Los ni\u00f1os son m\u00e1s propensos a las infecciones de o\u00eddo, en parte porque la forma de su o\u00eddo interno dificulta el drenaje del l\u00edquido. Adem\u00e1s, el sistema inmunitario de los ni\u00f1os es m\u00e1s d\u00e9bil, y no siempre tienen un sentido de la buena higiene del o\u00eddo. Asegurarte de que las manos y los o\u00eddos de tus hijos est\u00e1n limpios a diario es un paso f\u00e1cil para prevenir las infecciones. Otros consejos de prevenci\u00f3n son   <\/p>\n<ul>\n<li>Vacunar a tus hijos contra la gripe. Por extra\u00f1o que parezca, las vacunas antigripales en realidad detienen las infecciones del o\u00eddo medio en tus hijos. <\/li>\n<li>Amamantar hasta los seis meses. Se ha demostrado que refuerza el sistema inmunitario del ni\u00f1o. <\/li>\n<li>Mant\u00e9n a tu hijo alejado del humo de segunda mano.<\/li>\n<li>No dejes nunca que tus hijos tomen el biber\u00f3n cuando se van a dormir ni les permitas beber tumbados. Los o\u00eddos est\u00e1n conectados a la garganta, por lo que los ni\u00f1os son propensos a las infecciones de o\u00eddo si beben tumbados. <\/li>\n<li>Toma precauciones de seguridad adicionales si tu hijo pasa mucho tiempo con otros ni\u00f1os, como en una guarder\u00eda.<\/li>\n<\/ul>\n<p>Nunca des por sentado que las infecciones de o\u00eddo se producen \u00fanicamente por falta de higiene. Tus genes tambi\u00e9n pueden ponerte en riesgo de padecer infecciones de o\u00eddo. Para los adultos, las mejores formas de prevenir las infecciones de o\u00eddo son:  <\/p>\n<ul>\n<li>L\u00e1vate las manos regularmente durante al menos 20 segundos con agua y jab\u00f3n<\/li>\n<li>Evitar a las personas resfriadas o con virus<\/li>\n<li>Tratar con diligencia los s\u00edntomas del resfriado<\/li>\n<li>Limpiarte los o\u00eddos de forma regular y adecuada<\/li>\n<li>Aseg\u00farate de que tus o\u00eddos no se llenan de agua<\/li>\n<li>Acude a tu otorrinolaring\u00f3logo Medex o a <a href=\"https:\/\/www.medexdtc.com\/primary-care\/\">tu m\u00e9dico de atenci\u00f3n primaria<\/a> ante los primeros s\u00edntomas de molestias en el o\u00eddo<\/li>\n<\/ul>\n<h2>\u00bfPor qu\u00e9 se producen las infecciones de o\u00eddo?<\/h2>\n<p>Las infecciones de o\u00eddo se producen en parte porque los o\u00eddos est\u00e1n conectados a la nariz y la garganta. Por eso es m\u00e1s probable que desarrolles una infecci\u00f3n de o\u00eddo tras un resfriado o una sinusitis. Las infecciones de o\u00eddo tambi\u00e9n son m\u00e1s probables si tienes alergias graves.  <\/p>\n<p>Afortunadamente, la mayor\u00eda de las infecciones de o\u00eddo son leves e incluso pueden resolverse por s\u00ed solas, pero no las dejes al azar. Acude siempre al otorrinolaring\u00f3logo en todos los casos de infecci\u00f3n de o\u00eddo. Puedes prevenir complicaciones que pueden incluir:  <\/p>\n<ul>\n<li>Fiebre alta<\/li>\n<li>Descarga<\/li>\n<li><a href=\"https:\/\/www.medexdtc.com\/vertigo-dizziness-balance\/\">V\u00e9rtigo, mareos y problemas de equilibrio<\/a><\/li>\n<li>Infecciones cr\u00f3nicas de o\u00eddo<\/li>\n<li>P\u00e9rdida auditiva<\/li>\n<\/ul>\n<p>En el caso de tu hijo, tienes que estar atenta a los s\u00edntomas que puedan indicar una infecci\u00f3n de o\u00eddo. La fiebre, los problemas de equilibrio, la dificultad para dormir y jugar constantemente con los o\u00eddos apuntan a una infecci\u00f3n de o\u00eddo. Lleva a tu hijo al otorrinolaring\u00f3logo del Centro de Diagn\u00f3stico y Tratamiento Medex al primer s\u00edntoma de infecci\u00f3n de o\u00eddo.  <\/p>\n<h2>Opciones de tratamiento de las infecciones de o\u00eddo<\/h2>\n<p>En el caso de los adultos, tu otorrinolaring\u00f3logo puede aconsejarte que intentes descansar y beber mucho l\u00edquido durante unos d\u00edas. Los medicamentos sin receta reducen el dolor y la fiebre, al tiempo que mitigan algunos de los molestos s\u00edntomas. S\u00f3lo cuando ese r\u00e9gimen no te alivie, tu m\u00e9dico te sugerir\u00e1 algo m\u00e1s.  <\/p>\n<p>Si las molestias no han remitido al cabo de unos d\u00edas, el especialista puede recetarte una ronda de antibi\u00f3ticos, que combaten las bacterias que pueden estar causando la infecci\u00f3n de o\u00eddo. En el caso de los ni\u00f1os, se considera especialmente importante esperar unos d\u00edas antes de recurrir a los antibi\u00f3ticos. <\/p>\n<h2>Cuando se necesitan tratamientos m\u00e1s potentes<\/h2>\n<p>Si tu hijo tiene infecciones de o\u00eddo una y otra vez, tu otorrinolaring\u00f3logo de Queens puede recomendarte una intervenci\u00f3n quir\u00fargica menor. Este procedimiento consiste en colocar tubos en los o\u00eddos de tu hijo para facilitar el flujo de aire y el drenaje. En casos graves, puede ser necesario extirpar una parte del o\u00eddo interno.  <\/p>\n<p><strong>Estos procedimientos son poco frecuentes, ya que los tratamientos m\u00e1s comunes suelen resolver el problema. La buena noticia es que estos procedimientos funcionan bien cuando son necesarios. S\u00f3lo recuerda que no debes esperar a que te eval\u00faen si el dolor y las molestias de o\u00eddo sugieren una infecci\u00f3n de o\u00eddo. <a href=\"https:\/\/www.medexdtc.com\/es\/ear-infections\/#contact-form\">Ponte en contacto hoy mismo con el Centro de Diagn\u00f3stico y Tratamiento Medex<\/a> para una evaluaci\u00f3n y tratamiento.  <\/strong><\/p>\n<p>Podemos ayudarte a encontrar m\u00e9dico. Llama al <a href=\"tel:+17182758900\">(718) 275-8900<\/a> <\/p>\n<p>Con licencia del estado de Nueva York, Medex es un centro de diagn\u00f3stico y tratamiento del art\u00edculo 28. Nuestros m\u00e9dicos proporcionan atenci\u00f3n integral a pacientes de todas las edades en la zona de Forest Hills, Queens, desde hace m\u00e1s de 15 a\u00f1os. Empieza a recibir atenci\u00f3n experta ahora llamando o concertando una cita en l\u00ednea con uno de los especialistas cualificados.<\/p>\n","protected":false},"excerpt":{"rendered":"<p>Las infecciones de o\u00eddo, frecuentes entre los ni\u00f1os, son la mayor\u00eda de las veces simples episodios inc\u00f3modos. Pero pueden dar lugar a complicaciones graves, por lo que debes llevar a tus hijos al Centro de Diagn\u00f3stico y Tratamiento Medex de Queens, NY, ante los primeros s\u00edntomas de la afecci\u00f3n. Puesto que una infecci\u00f3n de o\u00eddo &hellip; <\/p>\n<p class=\"link-more\"><a href=\"https:\/\/www.medexdtc.com\/es\/ear-infections\/\" class=\"more-link\">Continue reading<span class=\"screen-reader-text\"> \u00abTratamiento de las infecciones de o\u00eddo en Queens, NY\u00bb<\/span><\/a><\/p>\n","protected":false},"author":3,"featured_media":0,"parent":0,"menu_order":0,"comment_status":"closed","ping_status":"closed","template":"new_inner.php","meta":{"_acf_changed":false,"footnotes":""},"class_list":["post-6007","page","type-page","status-publish","hentry"],"acf":[],"yoast_head":"<!-- This site is optimized with the Yoast SEO plugin v27.5 - https:\/\/yoast.com\/product\/yoast-seo-wordpress\/ -->\n<title>Infecciones de o\u00eddo Tratamiento | Infecciones de o\u00eddo Doctor Queens<\/title>\n<meta name=\"description\" content=\"El tratamiento de las infecciones de o\u00eddo es f\u00e1cil Conf\u00eda en Medex en Queens, NY, para recibir cuidados expertos y consejos de prevenci\u00f3n. \u00a1Reserva ahora!\" \/>\n<meta name=\"robots\" content=\"index, follow, max-snippet:-1, max-image-preview:large, max-video-preview:-1\" \/>\n<link rel=\"canonical\" href=\"https:\/\/www.medexdtc.com\/es\/ear-infections\/\" \/>\n<meta property=\"og:locale\" content=\"es_ES\" \/>\n<meta property=\"og:type\" content=\"article\" \/>\n<meta property=\"og:title\" content=\"Infecciones de o\u00eddo Tratamiento | Infecciones de o\u00eddo Doctor Queens\" \/>\n<meta property=\"og:description\" content=\"El tratamiento de las infecciones de o\u00eddo es f\u00e1cil Conf\u00eda en Medex en Queens, NY, para recibir cuidados expertos y consejos de prevenci\u00f3n. \u00a1Reserva ahora!\" \/>\n<meta property=\"og:url\" content=\"https:\/\/www.medexdtc.com\/es\/ear-infections\/\" \/>\n<meta property=\"og:site_name\" content=\"Medex Diagnostic and Treatment Center - Queens Medical Center - Medical Clinic in Forest Hills, NY\" \/>\n<meta property=\"article:publisher\" content=\"https:\/\/www.facebook.com\/medexny\" \/>\n<meta name=\"twitter:card\" content=\"summary_large_image\" \/>\n<meta name=\"twitter:site\" content=\"@DtcMedex\" \/>\n<meta name=\"twitter:label1\" content=\"Tiempo de lectura\" \/>\n\t<meta name=\"twitter:data1\" content=\"6 minutos\" \/>\n<!-- \/ Yoast SEO plugin. -->","yoast_head_json":{"title":"Infecciones de o\u00eddo Tratamiento | Infecciones de o\u00eddo Doctor Queens","description":"El tratamiento de las infecciones de o\u00eddo es f\u00e1cil Conf\u00eda en Medex en Queens, NY, para recibir cuidados expertos y consejos de prevenci\u00f3n. \u00a1Reserva ahora!","robots":{"index":"index","follow":"follow","max-snippet":"max-snippet:-1","max-image-preview":"max-image-preview:large","max-video-preview":"max-video-preview:-1"},"canonical":"https:\/\/www.medexdtc.com\/es\/ear-infections\/","og_locale":"es_ES","og_type":"article","og_title":"Infecciones de o\u00eddo Tratamiento | Infecciones de o\u00eddo Doctor Queens","og_description":"El tratamiento de las infecciones de o\u00eddo es f\u00e1cil Conf\u00eda en Medex en Queens, NY, para recibir cuidados expertos y consejos de prevenci\u00f3n. \u00a1Reserva ahora!","og_url":"https:\/\/www.medexdtc.com\/es\/ear-infections\/","og_site_name":"Medex Diagnostic and Treatment Center - Queens Medical Center - Medical Clinic in Forest Hills, NY","article_publisher":"https:\/\/www.facebook.com\/medexny","twitter_card":"summary_large_image","twitter_site":"@DtcMedex","twitter_misc":{"Tiempo de lectura":"6 minutos"},"schema":{"@context":"https:\/\/schema.org","@graph":[{"@type":"WebPage","@id":"https:\/\/www.medexdtc.com\/es\/ear-infections\/","url":"https:\/\/www.medexdtc.com\/es\/ear-infections\/","name":"Infecciones de o\u00eddo Tratamiento | Infecciones de o\u00eddo Doctor Queens","isPartOf":{"@id":"https:\/\/www.medexdtc.com\/es\/#website"},"datePublished":"2020-08-05T18:38:11+00:00","description":"El tratamiento de las infecciones de o\u00eddo es f\u00e1cil Conf\u00eda en Medex en Queens, NY, para recibir cuidados expertos y consejos de prevenci\u00f3n. \u00a1Reserva ahora!","breadcrumb":{"@id":"https:\/\/www.medexdtc.com\/es\/ear-infections\/#breadcrumb"},"inLanguage":"es","potentialAction":[{"@type":"ReadAction","target":["https:\/\/www.medexdtc.com\/es\/ear-infections\/"]}]},{"@type":"BreadcrumbList","@id":"https:\/\/www.medexdtc.com\/es\/ear-infections\/#breadcrumb","itemListElement":[{"@type":"ListItem","position":1,"name":"Home","item":"https:\/\/www.medexdtc.com\/es\/"},{"@type":"ListItem","position":2,"name":"Tratamiento de las infecciones de o\u00eddo en Queens, NY"}]},{"@type":"WebSite","@id":"https:\/\/www.medexdtc.com\/es\/#website","url":"https:\/\/www.medexdtc.com\/es\/","name":"Medex DTC","description":"Medex Diagnostic and Treatment Center is a Medical Center in Queens, NY is a dynamic multi-specialty clinic. Physicians delivering high quality individualized care in Forest Hills, Queens, NY.","publisher":{"@id":"https:\/\/www.medexdtc.com\/es\/#organization"},"potentialAction":[{"@type":"SearchAction","target":{"@type":"EntryPoint","urlTemplate":"https:\/\/www.medexdtc.com\/es\/?s={search_term_string}"},"query-input":{"@type":"PropertyValueSpecification","valueRequired":true,"valueName":"search_term_string"}}],"inLanguage":"es"},{"@type":"Organization","@id":"https:\/\/www.medexdtc.com\/es\/#organization","name":"Medex DCT","url":"https:\/\/www.medexdtc.com\/es\/","logo":{"@type":"ImageObject","inLanguage":"es","@id":"https:\/\/www.medexdtc.com\/es\/#\/schema\/logo\/image\/","url":"https:\/\/www.medexdtc.com\/wp-content\/uploads\/2024\/11\/medex-diagnostic-and-treatment-center-in-queens-NY.png","contentUrl":"https:\/\/www.medexdtc.com\/wp-content\/uploads\/2024\/11\/medex-diagnostic-and-treatment-center-in-queens-NY.png","width":226,"height":47,"caption":"Medex DCT"},"image":{"@id":"https:\/\/www.medexdtc.com\/es\/#\/schema\/logo\/image\/"},"sameAs":["https:\/\/www.facebook.com\/medexny","https:\/\/x.com\/DtcMedex","https:\/\/www.instagram.com\/medexdtc\/","https:\/\/www.linkedin.com\/company\/medex-diagnostic-and-treatment-center\/about\/"]}]}},"jetpack_sharing_enabled":true,"_links":{"self":[{"href":"https:\/\/www.medexdtc.com\/es\/wp-json\/wp\/v2\/pages\/6007","targetHints":{"allow":["GET"]}}],"collection":[{"href":"https:\/\/www.medexdtc.com\/es\/wp-json\/wp\/v2\/pages"}],"about":[{"href":"https:\/\/www.medexdtc.com\/es\/wp-json\/wp\/v2\/types\/page"}],"author":[{"embeddable":true,"href":"https:\/\/www.medexdtc.com\/es\/wp-json\/wp\/v2\/users\/3"}],"replies":[{"embeddable":true,"href":"https:\/\/www.medexdtc.com\/es\/wp-json\/wp\/v2\/comments?post=6007"}],"version-history":[{"count":0,"href":"https:\/\/www.medexdtc.com\/es\/wp-json\/wp\/v2\/pages\/6007\/revisions"}],"wp:attachment":[{"href":"https:\/\/www.medexdtc.com\/es\/wp-json\/wp\/v2\/media?parent=6007"}],"curies":[{"name":"wp","href":"https:\/\/api.w.org\/{rel}","templated":true}]}}