{"id":6024,"date":"2020-08-05T23:10:12","date_gmt":"2020-08-05T18:10:12","guid":{"rendered":"https:\/\/www.medexdtc.com\/depresion\/"},"modified":"2020-08-05T23:10:12","modified_gmt":"2020-08-05T18:10:12","slug":"depression","status":"publish","type":"page","link":"https:\/\/www.medexdtc.com\/es\/depression\/","title":{"rendered":"Depresi\u00f3n"},"content":{"rendered":"<section id=\"treatment-page-content-area-1\" class=\"treatment-page-content-area-one\"><strong>Todas las \u00e1reas de tu vida pueden verse alteradas cuando est\u00e1s deprimido. El trastorno mental conocido como depresi\u00f3n no es algo de lo que se pueda salir. No es un estado de \u00e1nimo o una actitud que puedas controlar completamente. Cuando t\u00fa o un miembro de tu familia est\u00e1is deprimidos, necesit\u00e1is un profesional formado, preferiblemente un m\u00e9dico psiquiatra con las herramientas y t\u00e9cnicas necesarias. La depresi\u00f3n es una enfermedad potencialmente mortal. Los psiquiatras del Centro de Diagn\u00f3stico y Tratamiento Medex de Queens, NY, tienen experiencia en el tratamiento de todos los trastornos que alteran el estado de \u00e1nimo. Llama hoy para concertar una cita.      <\/strong><\/p>\n<p>La depresi\u00f3n no es un cambio de humor aleatorio. Es un diagn\u00f3stico m\u00e9dico con enormes ramificaciones. La depresi\u00f3n afecta a todo, desde tus relaciones hasta tu trabajo, finanzas y habilidades sociales. Y una vez que has tenido un episodio depresivo, aumentan significativamente las probabilidades de que tengas otro.   <\/p>\n<p>Los <a href=\"https:\/\/www.medexdtc.com\/psychiatry\/\">psiquiatras<\/a> del Centro de Diagn\u00f3stico y Tratamiento Medex de Queens, NY, se dedican a mejorar tu calidad de vida mediante la prevenci\u00f3n, el diagn\u00f3stico y el tratamiento de una amplia gama de trastornos m\u00e9dicos y mentales. Esta consulta multiespecialidad est\u00e1 especialmente capacitada para tratar las distintas fases de la depresi\u00f3n; proporcionan derivaciones in situ cuando las afecciones m\u00e9dicas subyacentes contribuyen a tu estado mental. <\/p>\n<h2>C\u00f3mo prevenir la depresi\u00f3n<\/h2>\n<p>Tu m\u00e9dico de Medex comprende que tu salud f\u00edsica puede provocar depresi\u00f3n. Por ejemplo, el dolor cr\u00f3nico a largo plazo suele causar depresi\u00f3n. Adem\u00e1s, la nutrici\u00f3n desempe\u00f1a un papel importante en el funcionamiento de tu cerebro. Ah\u00ed es donde <a href=\"https:\/\/www.medexdtc.com\/es\/medicina-funcional-e-integrativa-en-forest-hills-queens-ny\/\">los expertos en medicina integrativa<\/a> pueden ayudarte. He aqu\u00ed la lista de las distintas deficiencias nutricionales y c\u00f3mo alteran los patrones cerebrales y conducen a un trastorno mental:    <\/p>\n<ul>\n<li>Los \u00e1cidos grasos omega-3 que se encuentran en el pescado, la linaza y las nueces mejoran la capacidad de funcionamiento del cerebro y preservan la vaina protectora que rodea los nervios.<\/li>\n<li>El selenio, presente en los cereales integrales y a menudo tomado como suplemento, reduce <a href=\"https:\/\/www.medexdtc.com\/es\/anxiety\/\">la ansiedad<\/a>, que puede provocar trastornos depresivos m\u00e1s graves.<\/li>\n<li>Los antioxidantes de las vitaminas C, E y A -abundantes en los alimentos frescos de origen vegetal- eliminan los radicales libres que afectan negativamente al cerebro.<\/li>\n<li>La vitamina D que obtienes del sol y de alimentos como los huevos y los l\u00e1cteos reduce los s\u00edntomas depresivos.<\/li>\n<li>Las vitaminas B sirven para proteger tu sistema nervioso, lo que contribuye a unas funciones cerebrales m\u00e1s sanas.<\/li>\n<li>El zinc refuerza tu inmunidad, y una carencia puede provocar depresi\u00f3n. Tambi\u00e9n se ha descubierto que hace que la medicaci\u00f3n antidepresiva sea m\u00e1s eficaz. <\/li>\n<\/ul>\n<p>Al mismo tiempo, la depresi\u00f3n conlleva una amplia gama de graves consecuencias, muchas de las cuales afectan a tu salud f\u00edsica, entre otras:<\/p>\n<ul>\n<li>Problemas <a href=\"https:\/\/www.medexdtc.com\/cardiology\/\">cardiovasculares<\/a> como <a href=\"https:\/\/www.medexdtc.com\/high-blood-pressure\/\">la hipertensi\u00f3n<\/a> y el ictus<\/li>\n<li>Afecciones <a href=\"https:\/\/www.medexdtc.com\/gastroenterology\/\">gastrointestinales<\/a> que incluyen <a href=\"https:\/\/www.medexdtc.com\/gerd\/\">ERGE<\/a> y <a href=\"https:\/\/www.medexdtc.com\/es\/abdominal-pain\/\">dolor abdominal<\/a><\/li>\n<li>Enfermedades cr\u00f3nicas como <a href=\"https:\/\/www.medexdtc.com\/diabetes\/\">la diabetes<\/a> y la <a href=\"https:\/\/www.medexdtc.com\/obesity\/\">obesidad<\/a><\/li>\n<\/ul>\n<h2>\u00bfCu\u00e1les son los principales s\u00edntomas de la depresi\u00f3n?<\/h2>\n<p>Tu diagn\u00f3stico suele comenzar con una entrevista exhaustiva para revelar tus antecedentes familiares y la profundidad de tus sentimientos. Aseg\u00farate de explicar qu\u00e9 \u00e1reas de tu vida son las m\u00e1s perturbadas y qu\u00e9 situaciones parecen desencadenar reacciones extremas. Tu psiquiatra de Queens puede ordenar una serie de pruebas diagn\u00f3sticas m\u00e9dicas para determinar si tienes una afecci\u00f3n m\u00e9dica subyacente que contribuya a tu depresi\u00f3n.  <\/p>\n<p>Los s\u00edntomas habituales de la depresi\u00f3n son<\/p>\n<ul>\n<li>Pura frustraci\u00f3n y rabia por asuntos aparentemente menores<\/li>\n<li>Sentimientos de desesperanza y tristeza inexplicable<\/li>\n<li>Insomnio o sue\u00f1o excesivo<\/li>\n<li>Falta de inter\u00e9s por las aficiones, el sexo o los deportes que antes te gustaban<\/li>\n<li>P\u00e9rdida de energ\u00eda<\/li>\n<li>Inquietud y ansiedad<\/li>\n<li>P\u00e9rdida de apetito o exceso de comida y aumento de peso<\/li>\n<li>Patr\u00f3n de habla o movimientos corporales lentos<\/li>\n<li>Sentirte in\u00fatil o culpable todo el tiempo<\/li>\n<li>Fijarse en el pasado<\/li>\n<li>Dificultad para concentrarse y tomar decisiones<\/li>\n<li>Reducci\u00f3n de la memoria y la capacidad cognitiva<\/li>\n<li>Dolor f\u00edsico que no puedes explicar, como <a href=\"https:\/\/www.medexdtc.com\/es\/back-pain\/\">lumbalgia<\/a> o migra\u00f1as<\/li>\n<li>Pensamientos suicidas e intentos de suicidio<\/li>\n<\/ul>\n<h2>Depresi\u00f3n en adolescentes y mayores<\/h2>\n<p>Los cambios en el organismo tambi\u00e9n contribuyen a los trastornos mentales y a la consiguiente necesidad de terapia para la depresi\u00f3n. El Centro de Diagn\u00f3stico y Tratamiento Medex est\u00e1 totalmente equipado y acoge a pacientes de todas las edades. Los adolescentes y los ancianos suelen enfrentarse a retos vitales extraordinarios y a menudo sucumben a ellos con perspectivas depresivas. Pero los s\u00edntomas dependen de su edad, como por ejemplo   <\/p>\n<ul>\n<li>En los ni\u00f1os, puedes reconocer signos de depresi\u00f3n cuando se vuelven pegajosos, tristes, irritables o no quieren ir al colegio o a las actividades de recreo.<\/li>\n<li>Los adolescentes pueden mostrar muchos de estos mismos signos, pero tambi\u00e9n pueden empezar a abusar de las drogas o el alcohol, hacerse da\u00f1o a s\u00ed mismos, dormir o comer m\u00e1s de lo habitual o parecer excesivamente sensibles.<\/li>\n<li>En los ancianos, la depresi\u00f3n no siempre es tan aparente, pero pueden mostrar cambios extremos de personalidad, pensar m\u00e1s en el suicidio, rasgo m\u00e1s frecuente en los hombres, parecer m\u00e1s fatigados de lo habitual o quejarse con m\u00e1s frecuencia de dolores f\u00edsicos.<\/li>\n<\/ul>\n<h2>Tratamiento de la depresi\u00f3n<\/h2>\n<p>La mayor\u00eda de las personas responden bien a una combinaci\u00f3n de terapia de conversaci\u00f3n y medicaci\u00f3n. Cuando recibes el diagn\u00f3stico adecuado para tu tipo concreto de depresi\u00f3n, tu psiquiatra de Medex trabaja contigo para encontrar los niveles adecuados de medicamentos y psicoterapia para conseguir los mejores resultados. <\/p>\n<p>Puede llevar varias semanas ajustar la dosis de medicaci\u00f3n, pero luego empiezas a sentirte mejor. La terapia de conversaci\u00f3n puede suponer una diferencia significativa en tu calidad de vida, pero si te cuesta abrirte, el proceso puede tardar varios meses o m\u00e1s en conseguir resultados. <\/p>\n<p><strong>Sigue las recomendaciones de tu m\u00e9dico sobre cambios nutricionales y de estilo de vida. Los especialistas de este centro de Queens adoptan un enfoque hol\u00edstico que abarca todos los aspectos del tratamiento de la depresi\u00f3n. As\u00ed que si t\u00fa o un familiar no est\u00e1is viviendo vuestra mejor vida debido a una depresi\u00f3n innecesaria, <a href=\"https:\/\/www.medexdtc.com\/es\/depression\/#contact-form\">ponte en contacto con el Centro de Diagn\u00f3stico y Tratamiento Medex<\/a> para concertar una cita.  <\/strong><\/p>\n<p>Podemos ayudarte a encontrar m\u00e9dico. Llama al <a href=\"tel:+17182758900\">(718) 275-8900<\/a> <\/p>\n<p>Con licencia del estado de Nueva York, Medex es un centro de diagn\u00f3stico y tratamiento del art\u00edculo 28. Nuestros m\u00e9dicos proporcionan atenci\u00f3n integral a pacientes de todas las edades en la zona de Forest Hills, Queens, desde hace m\u00e1s de 15 a\u00f1os. Empieza a recibir atenci\u00f3n experta ahora llamando o concertando una cita en l\u00ednea con uno de los especialistas cualificados.  <\/p>\n<\/section>\n","protected":false},"excerpt":{"rendered":"<p>Todas las \u00e1reas de tu vida pueden verse alteradas cuando est\u00e1s deprimido. El trastorno mental conocido como depresi\u00f3n no es algo de lo que se pueda salir. No es un estado de \u00e1nimo o una actitud que puedas controlar completamente. Cuando t\u00fa o un miembro de tu familia est\u00e1is deprimidos, necesit\u00e1is un profesional formado, preferiblemente &hellip; <\/p>\n<p class=\"link-more\"><a href=\"https:\/\/www.medexdtc.com\/es\/depression\/\" class=\"more-link\">Continue reading<span class=\"screen-reader-text\"> \u00abDepresi\u00f3n\u00bb<\/span><\/a><\/p>\n","protected":false},"author":3,"featured_media":0,"parent":0,"menu_order":0,"comment_status":"closed","ping_status":"closed","template":"new_inner.php","meta":{"_acf_changed":false,"footnotes":""},"class_list":["post-6024","page","type-page","status-publish","hentry"],"acf":[],"yoast_head":"<!-- This site is optimized with the Yoast SEO plugin v27.5 - https:\/\/yoast.com\/product\/yoast-seo-wordpress\/ -->\n<title>Tratamiento de la Depresi\u00f3n en Forest Hills, Queens, NY | Medex - Centro M\u00e9dico de Especialidades M\u00faltiples<\/title>\n<meta name=\"description\" content=\"Los psiquiatras del Centro de Diagn\u00f3stico y Tratamiento Medex en Forest Hills, Queens, NY tienen experiencia en el tratamiento de todos los trastornos que alteran el estado de \u00e1nimo, incluida la Depresi\u00f3n\" \/>\n<meta name=\"robots\" content=\"index, follow, max-snippet:-1, max-image-preview:large, max-video-preview:-1\" \/>\n<link rel=\"canonical\" href=\"https:\/\/www.medexdtc.com\/es\/depression\/\" \/>\n<meta property=\"og:locale\" content=\"es_ES\" \/>\n<meta property=\"og:type\" content=\"article\" \/>\n<meta property=\"og:title\" content=\"Tratamiento de la Depresi\u00f3n en Forest Hills, Queens, NY | Medex - Centro M\u00e9dico de Especialidades M\u00faltiples\" \/>\n<meta property=\"og:description\" content=\"Los psiquiatras del Centro de Diagn\u00f3stico y Tratamiento Medex en Forest Hills, Queens, NY tienen experiencia en el tratamiento de todos los trastornos que alteran el estado de \u00e1nimo, incluida la Depresi\u00f3n\" \/>\n<meta property=\"og:url\" content=\"https:\/\/www.medexdtc.com\/es\/depression\/\" \/>\n<meta property=\"og:site_name\" content=\"Medex Diagnostic and Treatment Center - Queens Medical Center - Medical Clinic in Forest Hills, NY\" \/>\n<meta property=\"article:publisher\" content=\"https:\/\/www.facebook.com\/medexny\" \/>\n<meta name=\"twitter:card\" content=\"summary_large_image\" \/>\n<meta name=\"twitter:site\" content=\"@DtcMedex\" \/>\n<meta name=\"twitter:label1\" content=\"Tiempo de lectura\" \/>\n\t<meta name=\"twitter:data1\" content=\"6 minutos\" \/>\n<!-- \/ Yoast SEO plugin. -->","yoast_head_json":{"title":"Tratamiento de la Depresi\u00f3n en Forest Hills, Queens, NY | Medex - Centro M\u00e9dico de Especialidades M\u00faltiples","description":"Los psiquiatras del Centro de Diagn\u00f3stico y Tratamiento Medex en Forest Hills, Queens, NY tienen experiencia en el tratamiento de todos los trastornos que alteran el estado de \u00e1nimo, incluida la Depresi\u00f3n","robots":{"index":"index","follow":"follow","max-snippet":"max-snippet:-1","max-image-preview":"max-image-preview:large","max-video-preview":"max-video-preview:-1"},"canonical":"https:\/\/www.medexdtc.com\/es\/depression\/","og_locale":"es_ES","og_type":"article","og_title":"Tratamiento de la Depresi\u00f3n en Forest Hills, Queens, NY | Medex - Centro M\u00e9dico de Especialidades M\u00faltiples","og_description":"Los psiquiatras del Centro de Diagn\u00f3stico y Tratamiento Medex en Forest Hills, Queens, NY tienen experiencia en el tratamiento de todos los trastornos que alteran el estado de \u00e1nimo, incluida la Depresi\u00f3n","og_url":"https:\/\/www.medexdtc.com\/es\/depression\/","og_site_name":"Medex Diagnostic and Treatment Center - Queens Medical Center - Medical Clinic in Forest Hills, NY","article_publisher":"https:\/\/www.facebook.com\/medexny","twitter_card":"summary_large_image","twitter_site":"@DtcMedex","twitter_misc":{"Tiempo de lectura":"6 minutos"},"schema":{"@context":"https:\/\/schema.org","@graph":[{"@type":"WebPage","@id":"https:\/\/www.medexdtc.com\/es\/depression\/","url":"https:\/\/www.medexdtc.com\/es\/depression\/","name":"Tratamiento de la Depresi\u00f3n en Forest Hills, Queens, NY | Medex - Centro M\u00e9dico de Especialidades M\u00faltiples","isPartOf":{"@id":"https:\/\/www.medexdtc.com\/es\/#website"},"datePublished":"2020-08-05T18:10:12+00:00","description":"Los psiquiatras del Centro de Diagn\u00f3stico y Tratamiento Medex en Forest Hills, Queens, NY tienen experiencia en el tratamiento de todos los trastornos que alteran el estado de \u00e1nimo, incluida la Depresi\u00f3n","breadcrumb":{"@id":"https:\/\/www.medexdtc.com\/es\/depression\/#breadcrumb"},"inLanguage":"es","potentialAction":[{"@type":"ReadAction","target":["https:\/\/www.medexdtc.com\/es\/depression\/"]}]},{"@type":"BreadcrumbList","@id":"https:\/\/www.medexdtc.com\/es\/depression\/#breadcrumb","itemListElement":[{"@type":"ListItem","position":1,"name":"Home","item":"https:\/\/www.medexdtc.com\/es\/"},{"@type":"ListItem","position":2,"name":"Depresi\u00f3n"}]},{"@type":"WebSite","@id":"https:\/\/www.medexdtc.com\/es\/#website","url":"https:\/\/www.medexdtc.com\/es\/","name":"Medex DTC","description":"Medex Diagnostic and Treatment Center is a Medical Center in Queens, NY is a dynamic multi-specialty clinic. Physicians delivering high quality individualized care in Forest Hills, Queens, NY.","publisher":{"@id":"https:\/\/www.medexdtc.com\/es\/#organization"},"potentialAction":[{"@type":"SearchAction","target":{"@type":"EntryPoint","urlTemplate":"https:\/\/www.medexdtc.com\/es\/?s={search_term_string}"},"query-input":{"@type":"PropertyValueSpecification","valueRequired":true,"valueName":"search_term_string"}}],"inLanguage":"es"},{"@type":"Organization","@id":"https:\/\/www.medexdtc.com\/es\/#organization","name":"Medex DCT","url":"https:\/\/www.medexdtc.com\/es\/","logo":{"@type":"ImageObject","inLanguage":"es","@id":"https:\/\/www.medexdtc.com\/es\/#\/schema\/logo\/image\/","url":"https:\/\/www.medexdtc.com\/wp-content\/uploads\/2024\/11\/medex-diagnostic-and-treatment-center-in-queens-NY.png","contentUrl":"https:\/\/www.medexdtc.com\/wp-content\/uploads\/2024\/11\/medex-diagnostic-and-treatment-center-in-queens-NY.png","width":226,"height":47,"caption":"Medex DCT"},"image":{"@id":"https:\/\/www.medexdtc.com\/es\/#\/schema\/logo\/image\/"},"sameAs":["https:\/\/www.facebook.com\/medexny","https:\/\/x.com\/DtcMedex","https:\/\/www.instagram.com\/medexdtc\/","https:\/\/www.linkedin.com\/company\/medex-diagnostic-and-treatment-center\/about\/"]}]}},"jetpack_sharing_enabled":true,"_links":{"self":[{"href":"https:\/\/www.medexdtc.com\/es\/wp-json\/wp\/v2\/pages\/6024","targetHints":{"allow":["GET"]}}],"collection":[{"href":"https:\/\/www.medexdtc.com\/es\/wp-json\/wp\/v2\/pages"}],"about":[{"href":"https:\/\/www.medexdtc.com\/es\/wp-json\/wp\/v2\/types\/page"}],"author":[{"embeddable":true,"href":"https:\/\/www.medexdtc.com\/es\/wp-json\/wp\/v2\/users\/3"}],"replies":[{"embeddable":true,"href":"https:\/\/www.medexdtc.com\/es\/wp-json\/wp\/v2\/comments?post=6024"}],"version-history":[{"count":0,"href":"https:\/\/www.medexdtc.com\/es\/wp-json\/wp\/v2\/pages\/6024\/revisions"}],"wp:attachment":[{"href":"https:\/\/www.medexdtc.com\/es\/wp-json\/wp\/v2\/media?parent=6024"}],"curies":[{"name":"wp","href":"https:\/\/api.w.org\/{rel}","templated":true}]}}