{"id":6026,"date":"2020-08-05T23:16:24","date_gmt":"2020-08-05T18:16:24","guid":{"rendered":"https:\/\/www.medexdtc.com\/terapia-de-ventosas\/"},"modified":"2020-08-05T23:16:24","modified_gmt":"2020-08-05T18:16:24","slug":"cupping-therapy","status":"publish","type":"page","link":"https:\/\/www.medexdtc.com\/es\/cupping-therapy\/","title":{"rendered":"Terapia de ventosas"},"content":{"rendered":"<section id=\"treatment-page-content-area-1\" class=\"treatment-page-content-area-one\">Las ventosas son una terapia alternativa que puede reducir el dolor de afecciones cut\u00e1neas y lesiones deportivas. Practicada durante milenios en China y Oriente Medio, la terapia de ventosas tiene un largo historial de pacientes satisfechos. Si buscas una alternativa a los analg\u00e9sicos o a la fisioterapia, prueba la ventosaterapia en el Centro de Tratamiento Diagn\u00f3stico Medex de Queens, Nueva York. Muy versados en los tratamientos alop\u00e1ticos m\u00e1s conservadores, los m\u00e9dicos de esta consulta multiespecialidad tambi\u00e9n tienen experiencia en ventosas y otros tratamientos alternativos para el tratamiento del dolor. Llama hoy para concertar una cita.    <\/p>\n<p>La terapia de ventosas, una <a href=\"https:\/\/www.medexdtc.com\/physical-therapy\/\">fisioterapia<\/a> alternativa originaria de China y Oriente Medio, es utilizada por profesionales cualificados tanto para tratar como para prevenir determinadas afecciones. El procedimiento consiste en crear succi\u00f3n en puntos espec\u00edficos de tu cuerpo. Unas ventosas especiales crean un vac\u00edo interior que las sujeta a tu piel.  <\/p>\n<p>Tu m\u00e9dico puede realizar la terapia de ventosas en h\u00famedo o en seco. En la ventosaterapia h\u00fameda, el m\u00e9dico hace un peque\u00f1o pinchazo en la piel, y la succi\u00f3n extrae una peque\u00f1a cantidad de sangre. La ventosaterapia seca s\u00f3lo utiliza la succi\u00f3n sobre la piel. Ninguno de los dos m\u00e9todos produce molestias.   <\/p>\n<p>Tu m\u00e9dico determina qu\u00e9 tipo de procedimiento es el mejor para ti. Aunque es posible que aparezcan algunos hematomas leves o decoloraci\u00f3n de la piel en la forma de las ventosas despu\u00e9s del tratamiento, se disipan r\u00e1pidamente y sin dolor. El Centro de Diagn\u00f3stico y Tratamiento Medex de Queens, Nueva York, cuenta con profesionales formados y expertos en la terapia con ventosas.  <\/p>\n<h2>Una historia de beneficios para la salud<\/h2>\n<p>La ventosaterapia puede tratar el dolor y prevenir afecciones m\u00e1s graves en el futuro. Uno de los m\u00e1s famosos creyentes modernos en la terapia de ventosas es el ganador de una medalla de oro, Michael Phelps, que emple\u00f3 la t\u00e9cnica durante los Juegos Ol\u00edmpicos de 2016. <\/p>\n<p>Aunque los estudios cient\u00edficos a\u00fan no han demostrado de forma concluyente los beneficios terap\u00e9uticos de las ventosas, las pruebas anecd\u00f3ticas son amplias e impresionantes. Las ventosas reducen el dolor al aumentar el flujo sangu\u00edneo. Funciona como un masaje de tejidos profundos al alternar la succi\u00f3n con la descompresi\u00f3n.  <\/p>\n<h2>\u00bfQu\u00e9 problemas de salud trata la ventosaterapia?<\/h2>\n<p>Los investigadores y los m\u00e9dicos siguen debatiendo la eficacia de la ventosaterapia, pero se practica desde hace miles de a\u00f1os. La ventosaterapia puede utilizarse para tratar una mir\u00edada de afecciones, entre ellas: <\/p>\n<p><strong>&#8211; Dolor.<\/strong>  Tu m\u00e9dico puede recomendarte la ventosaterapia para el dolor de cuello o espalda.<\/p>\n<p><strong>&#8211; Afecciones cut\u00e1neas.<\/strong>  Algunos m\u00e9dicos afirman tener \u00e9xito en el tratamiento del acn\u00e9 y del herpes z\u00f3ster.<\/p>\n<p><strong>&#8211; Lesiones deportivas.<\/strong>  Muchos deportistas incorporan la terapia de ventosas a su proceso de recuperaci\u00f3n tras una lesi\u00f3n o intervenci\u00f3n quir\u00fargica.<\/p>\n<p>La mayor\u00eda de los pacientes experimentan una reducci\u00f3n del dolor y la inflamaci\u00f3n tras cuatro a seis tratamientos, espaciados aproximadamente una semana. Muchas personas han observado incluso una mejora del <a href=\"https:\/\/www.medexdtc.com\/dermatology\/\">aspecto de su piel<\/a>. <\/p>\n<p>Algunos estudios sobre la terapia de ventosas han descubierto una disminuci\u00f3n de los mensajeros qu\u00edmicos inflamatorios y un aumento de los curativos.<\/p>\n<h2>\u00bfQu\u00e9 ocurre durante el tratamiento de ventosaterapia?<\/h2>\n<p>Tu m\u00e9dico Medex calienta suavemente tu zona problem\u00e1tica aplicando copas de cristal especialmente dise\u00f1adas. Normalmente, el m\u00e9dico te hace tumbarte c\u00f3modamente boca abajo, de lado o boca arriba sobre una camilla de masaje. A continuaci\u00f3n, el terapeuta de ventosas coloca las ventosas calentadas directamente sobre tu piel en los lugares adecuados.  <\/p>\n<p>Tu especialista aplica copas est\u00e1ticamente sobre tu piel durante cinco minutos o hasta 20 minutos. Tambi\u00e9n hay una t\u00e9cnica de deslizamiento con aceite de masaje que a veces es apropiada. El m\u00e9todo de deslizamiento es especialmente \u00fatil en grandes grupos musculares, incluidos los m\u00fasculos de la espalda.  <\/p>\n<p>Si sufres una inflamaci\u00f3n excesiva, el m\u00e9dico puede pincharte la piel antes de cubrirla con una taza caliente. Las ventosas h\u00famedas ayudan a tu cuerpo a liberar toxinas internas. <\/p>\n<h2>La ciencia de la terapia de ventosas<\/h2>\n<p>Muchas afecciones dolorosas parecen deberse a una fascia tensa o comprimida, el tejido conjuntivo que hay bajo la piel. El aire caliente del interior de la ventosa produce un vac\u00edo que atrae la piel hacia la ventosa. El proceso estimula el flujo sangu\u00edneo en la zona, lo que afloja la fascia.  <\/p>\n<p>Como parte de tu proceso de curaci\u00f3n, tu cuerpo mueve la sangre que contiene anticuerpos y otros nutrientes de un lado a otro de tu cuerpo. El aumento de la circulaci\u00f3n mejora el proceso natural de curaci\u00f3n de tu cuerpo, ayud\u00e1ndole a reparar los da\u00f1os m\u00e1s r\u00e1pidamente. La mejora de la circulaci\u00f3n tambi\u00e9n elimina las toxinas atrapadas en el tejido r\u00edgido de la fascia a medida que se afloja.  <\/p>\n<p>Los profesionales de las ventosas afirman que la t\u00e9cnica ayuda a tu cuerpo a eliminar los bloqueos circulatorios que inhiben la curaci\u00f3n. Las toxinas acumuladas en una zona concreta de tu cuerpo inhiben el flujo sangu\u00edneo e impiden la curaci\u00f3n. Por tanto, la t\u00e9cnica de las ventosas alivia el dolor y favorece la curaci\u00f3n.  <\/p>\n<h2>Los beneficios de la terapia de ventosas<\/h2>\n<p>Puedes experimentar una mejora de la movilidad y la relajaci\u00f3n muscular, as\u00ed como un alivio del dolor, sin los efectos secundarios perjudiciales de las inyecciones o los <a href=\"https:\/\/www.medexdtc.com\/es\/tratamiento-del-dolor-en-queens\/\">analg\u00e9sicos<\/a>. La ventosaterapia potencia el propio proceso curativo de tu cuerpo de forma natural, segura y eficaz. Entre los pacientes que encuentran especialmente atractivo el m\u00e9todo natural de ventosas figuran  <\/p>\n<ul>\n<li>Atletas<\/li>\n<li>Antiguos toxic\u00f3manos<\/li>\n<li>Pacientes al\u00e9rgicos a determinados medicamentos<\/li>\n<li>Pacientes que toman medicamentos contraindicados<\/li>\n<\/ul>\n<p>Si vives en Queens, NY, y crees que puedes beneficiarte de esta antigua terapia, visita el Centro de Diagn\u00f3stico y Tratamiento Medex. Contamos con expertos en ventosas altamente cualificados. <a href=\"https:\/\/www.medexdtc.com\/es\/cupping-therapy\/#contact-form\">Ponte en contacto con la consulta hoy mismo<\/a> para programar una consulta inicial. <\/p>\n<p>Podemos ayudarte a encontrar m\u00e9dico. Llama al <a href=\"tel:+17182758900\">(718) 275-8900<\/a> <\/p>\n<p>Con licencia del estado de Nueva York, Medex es un centro de diagn\u00f3stico y tratamiento del art\u00edculo 28. Nuestros m\u00e9dicos proporcionan atenci\u00f3n integral a pacientes de todas las edades en la zona de Forest Hills, Queens, desde hace m\u00e1s de 15 a\u00f1os. Empieza a recibir atenci\u00f3n experta ahora llamando o concertando una cita en l\u00ednea con uno de los especialistas cualificados.  <\/p>\n<p><strong>Centro de Diagn\u00f3stico y Tratamiento Medex<\/strong><\/p>\n<p>111-29 Queens Blvd<br \/>\nForest Hills, NY 11375<br \/>\nTel\u00e9fono: <a href=\"tel:+17182758900\">(718) 275-8900<\/a><br \/>\nFax: (718) 785-0430<\/p>\n<\/section>\n","protected":false},"excerpt":{"rendered":"<p>Las ventosas son una terapia alternativa que puede reducir el dolor de afecciones cut\u00e1neas y lesiones deportivas. Practicada durante milenios en China y Oriente Medio, la terapia de ventosas tiene un largo historial de pacientes satisfechos. Si buscas una alternativa a los analg\u00e9sicos o a la fisioterapia, prueba la ventosaterapia en el Centro de Tratamiento &hellip; <\/p>\n<p class=\"link-more\"><a href=\"https:\/\/www.medexdtc.com\/es\/cupping-therapy\/\" class=\"more-link\">Continue reading<span class=\"screen-reader-text\"> \u00abTerapia de ventosas\u00bb<\/span><\/a><\/p>\n","protected":false},"author":3,"featured_media":0,"parent":0,"menu_order":0,"comment_status":"closed","ping_status":"closed","template":"new_inner.php","meta":{"_acf_changed":false,"footnotes":""},"class_list":["post-6026","page","type-page","status-publish","hentry"],"acf":[],"yoast_head":"<!-- This site is optimized with the Yoast SEO plugin v27.5 - https:\/\/yoast.com\/product\/yoast-seo-wordpress\/ -->\n<title>Terapia de Ventosas en Forest Hills, Queens, NY | Medex - Multi-Specialty Medical Center<\/title>\n<meta name=\"description\" content=\"Si buscas una alternativa a los analg\u00e9sicos o a la fisioterapia, prueba las ventosas en el Centro de Tratamiento Diagn\u00f3stico Medex de Forest Hills, Queens, NY.\" \/>\n<meta name=\"robots\" content=\"index, follow, max-snippet:-1, max-image-preview:large, max-video-preview:-1\" \/>\n<link rel=\"canonical\" href=\"https:\/\/www.medexdtc.com\/es\/cupping-therapy\/\" \/>\n<meta property=\"og:locale\" content=\"es_ES\" \/>\n<meta property=\"og:type\" content=\"article\" \/>\n<meta property=\"og:title\" content=\"Terapia de Ventosas en Forest Hills, Queens, NY | Medex - Multi-Specialty Medical Center\" \/>\n<meta property=\"og:description\" content=\"Si buscas una alternativa a los analg\u00e9sicos o a la fisioterapia, prueba las ventosas en el Centro de Tratamiento Diagn\u00f3stico Medex de Forest Hills, Queens, NY.\" \/>\n<meta property=\"og:url\" content=\"https:\/\/www.medexdtc.com\/es\/cupping-therapy\/\" \/>\n<meta property=\"og:site_name\" content=\"Medex Diagnostic and Treatment Center - Queens Medical Center - Medical Clinic in Forest Hills, NY\" \/>\n<meta property=\"article:publisher\" content=\"https:\/\/www.facebook.com\/medexny\" \/>\n<meta name=\"twitter:card\" content=\"summary_large_image\" \/>\n<meta name=\"twitter:site\" content=\"@DtcMedex\" \/>\n<meta name=\"twitter:label1\" content=\"Tiempo de lectura\" \/>\n\t<meta name=\"twitter:data1\" content=\"6 minutos\" \/>\n<!-- \/ Yoast SEO plugin. -->","yoast_head_json":{"title":"Terapia de Ventosas en Forest Hills, Queens, NY | Medex - Multi-Specialty Medical Center","description":"Si buscas una alternativa a los analg\u00e9sicos o a la fisioterapia, prueba las ventosas en el Centro de Tratamiento Diagn\u00f3stico Medex de Forest Hills, Queens, NY.","robots":{"index":"index","follow":"follow","max-snippet":"max-snippet:-1","max-image-preview":"max-image-preview:large","max-video-preview":"max-video-preview:-1"},"canonical":"https:\/\/www.medexdtc.com\/es\/cupping-therapy\/","og_locale":"es_ES","og_type":"article","og_title":"Terapia de Ventosas en Forest Hills, Queens, NY | Medex - Multi-Specialty Medical Center","og_description":"Si buscas una alternativa a los analg\u00e9sicos o a la fisioterapia, prueba las ventosas en el Centro de Tratamiento Diagn\u00f3stico Medex de Forest Hills, Queens, NY.","og_url":"https:\/\/www.medexdtc.com\/es\/cupping-therapy\/","og_site_name":"Medex Diagnostic and Treatment Center - Queens Medical Center - Medical Clinic in Forest Hills, NY","article_publisher":"https:\/\/www.facebook.com\/medexny","twitter_card":"summary_large_image","twitter_site":"@DtcMedex","twitter_misc":{"Tiempo de lectura":"6 minutos"},"schema":{"@context":"https:\/\/schema.org","@graph":[{"@type":"WebPage","@id":"https:\/\/www.medexdtc.com\/es\/cupping-therapy\/","url":"https:\/\/www.medexdtc.com\/es\/cupping-therapy\/","name":"Terapia de Ventosas en Forest Hills, Queens, NY | Medex - Multi-Specialty Medical Center","isPartOf":{"@id":"https:\/\/www.medexdtc.com\/es\/#website"},"datePublished":"2020-08-05T18:16:24+00:00","description":"Si buscas una alternativa a los analg\u00e9sicos o a la fisioterapia, prueba las ventosas en el Centro de Tratamiento Diagn\u00f3stico Medex de Forest Hills, Queens, NY.","breadcrumb":{"@id":"https:\/\/www.medexdtc.com\/es\/cupping-therapy\/#breadcrumb"},"inLanguage":"es","potentialAction":[{"@type":"ReadAction","target":["https:\/\/www.medexdtc.com\/es\/cupping-therapy\/"]}]},{"@type":"BreadcrumbList","@id":"https:\/\/www.medexdtc.com\/es\/cupping-therapy\/#breadcrumb","itemListElement":[{"@type":"ListItem","position":1,"name":"Home","item":"https:\/\/www.medexdtc.com\/es\/"},{"@type":"ListItem","position":2,"name":"Terapia de ventosas"}]},{"@type":"WebSite","@id":"https:\/\/www.medexdtc.com\/es\/#website","url":"https:\/\/www.medexdtc.com\/es\/","name":"Medex DTC","description":"Medex Diagnostic and Treatment Center is a Medical Center in Queens, NY is a dynamic multi-specialty clinic. Physicians delivering high quality individualized care in Forest Hills, Queens, NY.","publisher":{"@id":"https:\/\/www.medexdtc.com\/es\/#organization"},"potentialAction":[{"@type":"SearchAction","target":{"@type":"EntryPoint","urlTemplate":"https:\/\/www.medexdtc.com\/es\/?s={search_term_string}"},"query-input":{"@type":"PropertyValueSpecification","valueRequired":true,"valueName":"search_term_string"}}],"inLanguage":"es"},{"@type":"Organization","@id":"https:\/\/www.medexdtc.com\/es\/#organization","name":"Medex DCT","url":"https:\/\/www.medexdtc.com\/es\/","logo":{"@type":"ImageObject","inLanguage":"es","@id":"https:\/\/www.medexdtc.com\/es\/#\/schema\/logo\/image\/","url":"https:\/\/www.medexdtc.com\/wp-content\/uploads\/2024\/11\/medex-diagnostic-and-treatment-center-in-queens-NY.png","contentUrl":"https:\/\/www.medexdtc.com\/wp-content\/uploads\/2024\/11\/medex-diagnostic-and-treatment-center-in-queens-NY.png","width":226,"height":47,"caption":"Medex DCT"},"image":{"@id":"https:\/\/www.medexdtc.com\/es\/#\/schema\/logo\/image\/"},"sameAs":["https:\/\/www.facebook.com\/medexny","https:\/\/x.com\/DtcMedex","https:\/\/www.instagram.com\/medexdtc\/","https:\/\/www.linkedin.com\/company\/medex-diagnostic-and-treatment-center\/about\/"]}]}},"jetpack_sharing_enabled":true,"_links":{"self":[{"href":"https:\/\/www.medexdtc.com\/es\/wp-json\/wp\/v2\/pages\/6026","targetHints":{"allow":["GET"]}}],"collection":[{"href":"https:\/\/www.medexdtc.com\/es\/wp-json\/wp\/v2\/pages"}],"about":[{"href":"https:\/\/www.medexdtc.com\/es\/wp-json\/wp\/v2\/types\/page"}],"author":[{"embeddable":true,"href":"https:\/\/www.medexdtc.com\/es\/wp-json\/wp\/v2\/users\/3"}],"replies":[{"embeddable":true,"href":"https:\/\/www.medexdtc.com\/es\/wp-json\/wp\/v2\/comments?post=6026"}],"version-history":[{"count":0,"href":"https:\/\/www.medexdtc.com\/es\/wp-json\/wp\/v2\/pages\/6026\/revisions"}],"wp:attachment":[{"href":"https:\/\/www.medexdtc.com\/es\/wp-json\/wp\/v2\/media?parent=6026"}],"curies":[{"name":"wp","href":"https:\/\/api.w.org\/{rel}","templated":true}]}}