{"id":6030,"date":"2020-08-05T23:37:22","date_gmt":"2020-08-05T18:37:22","guid":{"rendered":"https:\/\/www.medexdtc.com\/tratamiento-y-control-de-la-diabetes-en-forest-hills-queens-ny\/"},"modified":"2020-08-05T23:37:22","modified_gmt":"2020-08-05T18:37:22","slug":"diabetes","status":"publish","type":"page","link":"https:\/\/www.medexdtc.com\/es\/diabetes\/","title":{"rendered":"Tratamiento y control de la diabetes en Forest Hills, Queens, NY"},"content":{"rendered":"<section id=\"treatment-page-content-area-1\" class=\"treatment-page-content-area-one\"><strong>Aunque hay poco que puedas hacer para prevenir la diabetes de tipo 1, la diabetes de tipo 2, m\u00e1s frecuente, se puede prevenir con cambios en el estilo de vida. <a href=\"https:\/\/www.medexdtc.com\/es\/medex-dtc-medicos-de-queens\/\">Los mejores m\u00e9dicos<\/a> del Centro de Diagn\u00f3stico y Tratamiento Medex de Queens (Nueva York) se dedican a proporcionar la atenci\u00f3n preventiva de la diabetes m\u00e1s completa de Nueva York. As\u00ed sabr\u00e1s si est\u00e1s en riesgo desde tu primera visita al m\u00e9dico de atenci\u00f3n primaria. Los cambios en el estilo de vida no siempre tienen que ser dr\u00e1sticos para evitar la aparici\u00f3n de la diabetes. El equipo multiespecialidad de Medex se dedica a conseguir y mantener tu salud. Cuenta con ellos para dise\u00f1ar un plan que garantice tu longevidad al tiempo que mejora tu calidad de vida. Llama hoy para una consulta.      <\/strong>La diabetes es una enfermedad de larga duraci\u00f3n que afecta a 30 millones de estadounidenses y a 422 millones de personas en todo el mundo. Es una afecci\u00f3n caracterizada por la incapacidad del organismo para convertir eficazmente los alimentos en energ\u00eda. Como resultado, tienes demasiado (y a veces demasiado poco) az\u00facar en el torrente sangu\u00edneo. Esta afecci\u00f3n no s\u00f3lo te priva de la energ\u00eda necesaria, sino que tambi\u00e9n te expone a otros da\u00f1os graves.   <\/p>\n<blockquote><p>La detecci\u00f3n precoz es la clave para prevenir el desarrollo de la diabetes. Tu <a href=\"https:\/\/www.medexdtc.com\/es\/primary-care\/\">m\u00e9dico de atenci\u00f3n primaria<\/a> del Centro de Diagn\u00f3stico y Tratamiento Medex de Queens, NY, suele se\u00f1alar los primeros signos de la enfermedad durante tu examen anual. Es en ese momento cuando tienes la oportunidad de tomar medidas preventivas.  <\/p><\/blockquote>\n<h2>Dos tipos de diabetes<\/h2>\n<p><strong>La diabetes tipo 1<\/strong> suele aparecer por primera vez en la infancia, cuando el cuerpo no puede producir insulina. La insulina es la sustancia qu\u00edmica que permite a las c\u00e9lulas utilizar el az\u00facar del torrente sangu\u00edneo para obtener energ\u00eda. Los s\u00edntomas de la diabetes tipo 1 suelen aparecer r\u00e1pida y gravemente.  <\/p>\n<p><strong>La diabetes de tipo 2<\/strong> es mucho m\u00e1s frecuente. Suele detectarse a partir de los 30 a\u00f1os. En este caso, puede que tu cuerpo no produzca suficiente insulina, o que la insulina que produce no funcione con la eficacia suficiente para permitir que tus c\u00e9lulas se alimenten del az\u00facar de la sangre. Este tipo suele de diabetes se desarrolla muy lentamente, a lo largo de los a\u00f1os.   <\/p>\n<h2>Factores de riesgo y se\u00f1ales de alarma<\/h2>\n<p>En ambos tipos de diabetes, tus c\u00e9lulas no reciben suficiente az\u00facar, pero al mismo tiempo, tambi\u00e9n hay demasiado az\u00facar, o glucosa, flotando en tu torrente sangu\u00edneo. Es incapaz de entrar en tus c\u00e9lulas. Si vives en este estado, a la larga se producen muchos problemas, como:  <\/p>\n<ul>\n<li>Fatiga cr\u00f3nica<\/li>\n<li>Da\u00f1o nervioso<\/li>\n<li>Insuficiencia renal<\/li>\n<li>Infarto de miocardio<\/li>\n<li>Accidente cerebrovascular<\/li>\n<li>Disminuci\u00f3n del flujo sangu\u00edneo<\/li>\n<\/ul>\n<p>La detecci\u00f3n precoz y el tratamiento son esenciales para ambos tipos de diabetes. La detecci\u00f3n precoz y el tratamiento de la diabetes marcan una gran diferencia en c\u00f3mo te afecta la enfermedad. Los s\u00edntomas de ambas son casi los mismos, y suelen incluir:  <\/p>\n<ul>\n<li>Estar cansado todo el tiempo<\/li>\n<li>Hambre extrema e inexplicable<\/li>\n<li>P\u00e9rdida de peso<\/li>\n<li>Visi\u00f3n borrosa<\/li>\n<li>Irritabilidad<\/li>\n<li>Debilidad<\/li>\n<li>Aumento de la micci\u00f3n<\/li>\n<\/ul>\n<p>La diabetes tipo 2 suele aparecer m\u00e1s lentamente. Esto os da a ti y a tu m\u00e9dico Medex la oportunidad de iniciar un plan de prevenci\u00f3n cr\u00edtico. Con cambios suficientes, detendr\u00e1s la diabetes tipo 2 e incluso invertir\u00e1s los s\u00edntomas.  <\/p>\n<h2>Prevenir es posible<\/h2>\n<p>Aunque la diabetes de tipo 1 es dif\u00edcil de prevenir, la diabetes de tipo 2 -que constituye aproximadamente el 90% de los casos- puede detenerse antes de que empiece. Si desarrollas diabetes de tipo 2, pasas por una fase llamada prediabetes, durante la cual tienes un riesgo mayor. En este punto, la intervenci\u00f3n marca una gran diferencia.  <\/p>\n<p>La detecci\u00f3n suele ser cuesti\u00f3n de un simple an\u00e1lisis de sangre y una conversaci\u00f3n con tu m\u00e9dico del Centro de Diagn\u00f3stico y Tratamiento Medex. Tu m\u00e9dico de atenci\u00f3n primaria, en consulta con los especialistas de Medex que puedan estar tratando enfermedades subyacentes, recomienda planes sencillos para poner en marcha medidas preventivas que pueden incluir: <\/p>\n<ul>\n<li>Perder peso<\/li>\n<li>Reducir la cantidad de az\u00facar que consumes<\/li>\n<li>Desarrollar una dieta m\u00e1s sana<\/li>\n<li>Crear un programa de ejercicio seguro<\/li>\n<li>Dejar de fumar<\/li>\n<\/ul>\n<h2>Los cambios en una dieta sana marcan una gran diferencia<\/h2>\n<p>Dado que el principal problema de la diabetes o la prediabetes suele ser la cantidad de az\u00facar en sangre, tu dieta desempe\u00f1a un papel importante en el mantenimiento de los niveles de az\u00facar en sangre. Los hidratos de carbono de todo tipo se convierten en az\u00facar en el torrente sangu\u00edneo, por lo que incluso alimentos como los panecillos o la pizza elevan el nivel de az\u00facar en sangre. Pero el objetivo no es eliminar los carbohidratos, sino reducirlos y equilibrarlos con otros elementos, como la fibra.  <\/p>\n<p>Los hidratos de carbono complejos, como el pan integral, son opciones m\u00e1s saludables. En general, cuanto m\u00e1s refinados o procesados sean los hidratos de carbono -piensa en el pan blanco o el az\u00facar en polvo-, peores ser\u00e1n para tu organismo. En Medex, recibes consejos de tu equipo de prevenci\u00f3n de la diabetes sobre c\u00f3mo hacer la compra, por ejemplo:  <\/p>\n<ul>\n<li>No compres con el est\u00f3mago vac\u00edo<\/li>\n<li>Evita los pasillos centrales donde se exponen alimentos muy procesados<\/li>\n<li>Obt\u00e9n tus carbohidratos de verduras y alimentos ricos en fibra<\/li>\n<li>Atenci\u00f3n a la diabetes<\/li>\n<\/ul>\n<p>Si ya tienes diabetes de tipo 1, necesitas que te administren insulina, ya que tu cuerpo es incapaz de producirla. En el caso de la diabetes de tipo 2, puedes seguir necesitando insulina, pero puedes recibir otros medicamentos que ayuden a tu cuerpo a utilizar la insulina que tiene de forma m\u00e1s eficaz. Tambi\u00e9n puedes necesitar medicaci\u00f3n para controlar la <a href=\"https:\/\/www.medexdtc.com\/es\/high-blood-pressure\/\">hipertensi\u00f3n<\/a> arterial que suele ser un efecto secundario de la diabetes.  <\/p>\n<p><strong>A\u00fan puedes llevar una vida de alta calidad con diabetes, pero tienes que ser mucho m\u00e1s consciente de tus niveles de az\u00facar en sangre. Tienes que ser m\u00e1s consciente de tus elecciones alimentarias y de ejercicio. Tambi\u00e9n tienes que estar m\u00e1s atento a cualquier otro problema de salud. Tanto si quieres prevenir una diabetes en toda regla, como si quieres controlar la diabetes, <a href=\"https:\/\/www.medexdtc.com\/es\/diabetes\/#contact-form\">ponte en contacto con los m\u00e9dicos<\/a> del Centro de Diagn\u00f3stico y Tratamiento Medex de Queens.   <\/strong><\/p>\n<p>Podemos ayudarte a encontrar m\u00e9dico. Llama al <a href=\"tel:+17182758900\">(718) 275-8900<\/a> <\/p>\n<p>Con licencia del estado de Nueva York, Medex es un centro de diagn\u00f3stico y tratamiento del art\u00edculo 28. Nuestros m\u00e9dicos proporcionan atenci\u00f3n integral a pacientes de todas las edades en la zona de Forest Hills, Queens, desde hace m\u00e1s de 15 a\u00f1os. Empieza a recibir atenci\u00f3n experta ahora llamando o concertando una cita en l\u00ednea con uno de los especialistas cualificados.  <\/p>\n<p><span style=\"font-weight: 400;\">M\u00e1s informaci\u00f3n:  <\/span><a href=\"https:\/\/www.medexdtc.com\/es\/optometria-queens-mejores-optometristas-en-forest-hills-queens-ny\/\"><span style=\"font-weight: 400;\">oculista queens<\/span><\/a><span style=\"font-weight: 400;\">,  <\/span><a href=\"https:\/\/www.medexdtc.com\/es\/\"><span style=\"font-weight: 400;\">centro de diagn\u00f3stico y tratamiento medex<\/span><\/a><span style=\"font-weight: 400;\">,  <\/span><a href=\"https:\/\/www.medexdtc.com\/es\/podiatry\/\"><span style=\"font-weight: 400;\">pod\u00f3logo queens<\/span><\/a><span style=\"font-weight: 400;\">,  <\/span><a href=\"https:\/\/www.medexdtc.com\/es\/dermatology\/\"><span style=\"font-weight: 400;\">dermat\u00f3logo queens<\/span><\/a><span style=\"font-weight: 400;\">,  <\/span><a href=\"https:\/\/www.medexdtc.com\/es\/atencion-urgente-en-queens-ny\/\"><span style=\"font-weight: 400;\">atenci\u00f3n urgente abierta 24 horas cerca de m\u00ed<\/span><\/a><span style=\"font-weight: 400;\">.<\/span><\/p>\n<\/section>\n","protected":false},"excerpt":{"rendered":"<p>Aunque hay poco que puedas hacer para prevenir la diabetes de tipo 1, la diabetes de tipo 2, m\u00e1s frecuente, se puede prevenir con cambios en el estilo de vida. Los mejores m\u00e9dicos del Centro de Diagn\u00f3stico y Tratamiento Medex de Queens (Nueva York) se dedican a proporcionar la atenci\u00f3n preventiva de la diabetes m\u00e1s &hellip; <\/p>\n<p class=\"link-more\"><a href=\"https:\/\/www.medexdtc.com\/es\/diabetes\/\" class=\"more-link\">Continue reading<span class=\"screen-reader-text\"> \u00abTratamiento y control de la diabetes en Forest Hills, Queens, NY\u00bb<\/span><\/a><\/p>\n","protected":false},"author":3,"featured_media":0,"parent":0,"menu_order":0,"comment_status":"closed","ping_status":"closed","template":"new_inner.php","meta":{"_acf_changed":false,"footnotes":""},"class_list":["post-6030","page","type-page","status-publish","hentry"],"acf":[],"yoast_head":"<!-- This site is optimized with the Yoast SEO plugin v27.5 - https:\/\/yoast.com\/product\/yoast-seo-wordpress\/ -->\n<title>Tratamiento de la Diabetes Queens, NY | Control de la Diabetes en Forest Hills<\/title>\n<meta name=\"description\" content=\"Tanto si quieres prevenir una diabetes en toda regla, como si buscas tratamiento para la diabetes, visita a nuestro m\u00e9dico de atenci\u00f3n primaria en el Centro de Diagn\u00f3stico y Tratamiento Medex de Forest Hills, Queens, NY.\" \/>\n<meta name=\"robots\" content=\"index, follow, max-snippet:-1, max-image-preview:large, max-video-preview:-1\" \/>\n<link rel=\"canonical\" href=\"https:\/\/www.medexdtc.com\/es\/diabetes\/\" \/>\n<meta property=\"og:locale\" content=\"es_ES\" \/>\n<meta property=\"og:type\" content=\"article\" \/>\n<meta property=\"og:title\" content=\"Tratamiento de la Diabetes Queens, NY | Control de la Diabetes en Forest Hills\" \/>\n<meta property=\"og:description\" content=\"Tanto si quieres prevenir una diabetes en toda regla, como si buscas tratamiento para la diabetes, visita a nuestro m\u00e9dico de atenci\u00f3n primaria en el Centro de Diagn\u00f3stico y Tratamiento Medex de Forest Hills, Queens, NY.\" \/>\n<meta property=\"og:url\" content=\"https:\/\/www.medexdtc.com\/es\/diabetes\/\" \/>\n<meta property=\"og:site_name\" content=\"Medex Diagnostic and Treatment Center - Queens Medical Center - Medical Clinic in Forest Hills, NY\" \/>\n<meta property=\"article:publisher\" content=\"https:\/\/www.facebook.com\/medexny\" \/>\n<meta name=\"twitter:card\" content=\"summary_large_image\" \/>\n<meta name=\"twitter:site\" content=\"@DtcMedex\" \/>\n<meta name=\"twitter:label1\" content=\"Tiempo de lectura\" \/>\n\t<meta name=\"twitter:data1\" content=\"6 minutos\" \/>\n<!-- \/ Yoast SEO plugin. -->","yoast_head_json":{"title":"Tratamiento de la Diabetes Queens, NY | Control de la Diabetes en Forest Hills","description":"Tanto si quieres prevenir una diabetes en toda regla, como si buscas tratamiento para la diabetes, visita a nuestro m\u00e9dico de atenci\u00f3n primaria en el Centro de Diagn\u00f3stico y Tratamiento Medex de Forest Hills, Queens, NY.","robots":{"index":"index","follow":"follow","max-snippet":"max-snippet:-1","max-image-preview":"max-image-preview:large","max-video-preview":"max-video-preview:-1"},"canonical":"https:\/\/www.medexdtc.com\/es\/diabetes\/","og_locale":"es_ES","og_type":"article","og_title":"Tratamiento de la Diabetes Queens, NY | Control de la Diabetes en Forest Hills","og_description":"Tanto si quieres prevenir una diabetes en toda regla, como si buscas tratamiento para la diabetes, visita a nuestro m\u00e9dico de atenci\u00f3n primaria en el Centro de Diagn\u00f3stico y Tratamiento Medex de Forest Hills, Queens, NY.","og_url":"https:\/\/www.medexdtc.com\/es\/diabetes\/","og_site_name":"Medex Diagnostic and Treatment Center - Queens Medical Center - Medical Clinic in Forest Hills, NY","article_publisher":"https:\/\/www.facebook.com\/medexny","twitter_card":"summary_large_image","twitter_site":"@DtcMedex","twitter_misc":{"Tiempo de lectura":"6 minutos"},"schema":{"@context":"https:\/\/schema.org","@graph":[{"@type":"WebPage","@id":"https:\/\/www.medexdtc.com\/es\/diabetes\/","url":"https:\/\/www.medexdtc.com\/es\/diabetes\/","name":"Tratamiento de la Diabetes Queens, NY | Control de la Diabetes en Forest Hills","isPartOf":{"@id":"https:\/\/www.medexdtc.com\/es\/#website"},"datePublished":"2020-08-05T18:37:22+00:00","description":"Tanto si quieres prevenir una diabetes en toda regla, como si buscas tratamiento para la diabetes, visita a nuestro m\u00e9dico de atenci\u00f3n primaria en el Centro de Diagn\u00f3stico y Tratamiento Medex de Forest Hills, Queens, NY.","breadcrumb":{"@id":"https:\/\/www.medexdtc.com\/es\/diabetes\/#breadcrumb"},"inLanguage":"es","potentialAction":[{"@type":"ReadAction","target":["https:\/\/www.medexdtc.com\/es\/diabetes\/"]}]},{"@type":"BreadcrumbList","@id":"https:\/\/www.medexdtc.com\/es\/diabetes\/#breadcrumb","itemListElement":[{"@type":"ListItem","position":1,"name":"Home","item":"https:\/\/www.medexdtc.com\/es\/"},{"@type":"ListItem","position":2,"name":"Tratamiento y control de la diabetes en Forest Hills, Queens, NY"}]},{"@type":"WebSite","@id":"https:\/\/www.medexdtc.com\/es\/#website","url":"https:\/\/www.medexdtc.com\/es\/","name":"Medex DTC","description":"Medex Diagnostic and Treatment Center is a Medical Center in Queens, NY is a dynamic multi-specialty clinic. Physicians delivering high quality individualized care in Forest Hills, Queens, NY.","publisher":{"@id":"https:\/\/www.medexdtc.com\/es\/#organization"},"potentialAction":[{"@type":"SearchAction","target":{"@type":"EntryPoint","urlTemplate":"https:\/\/www.medexdtc.com\/es\/?s={search_term_string}"},"query-input":{"@type":"PropertyValueSpecification","valueRequired":true,"valueName":"search_term_string"}}],"inLanguage":"es"},{"@type":"Organization","@id":"https:\/\/www.medexdtc.com\/es\/#organization","name":"Medex DCT","url":"https:\/\/www.medexdtc.com\/es\/","logo":{"@type":"ImageObject","inLanguage":"es","@id":"https:\/\/www.medexdtc.com\/es\/#\/schema\/logo\/image\/","url":"https:\/\/www.medexdtc.com\/wp-content\/uploads\/2024\/11\/medex-diagnostic-and-treatment-center-in-queens-NY.png","contentUrl":"https:\/\/www.medexdtc.com\/wp-content\/uploads\/2024\/11\/medex-diagnostic-and-treatment-center-in-queens-NY.png","width":226,"height":47,"caption":"Medex DCT"},"image":{"@id":"https:\/\/www.medexdtc.com\/es\/#\/schema\/logo\/image\/"},"sameAs":["https:\/\/www.facebook.com\/medexny","https:\/\/x.com\/DtcMedex","https:\/\/www.instagram.com\/medexdtc\/","https:\/\/www.linkedin.com\/company\/medex-diagnostic-and-treatment-center\/about\/"]}]}},"jetpack_sharing_enabled":true,"_links":{"self":[{"href":"https:\/\/www.medexdtc.com\/es\/wp-json\/wp\/v2\/pages\/6030","targetHints":{"allow":["GET"]}}],"collection":[{"href":"https:\/\/www.medexdtc.com\/es\/wp-json\/wp\/v2\/pages"}],"about":[{"href":"https:\/\/www.medexdtc.com\/es\/wp-json\/wp\/v2\/types\/page"}],"author":[{"embeddable":true,"href":"https:\/\/www.medexdtc.com\/es\/wp-json\/wp\/v2\/users\/3"}],"replies":[{"embeddable":true,"href":"https:\/\/www.medexdtc.com\/es\/wp-json\/wp\/v2\/comments?post=6030"}],"version-history":[{"count":0,"href":"https:\/\/www.medexdtc.com\/es\/wp-json\/wp\/v2\/pages\/6030\/revisions"}],"wp:attachment":[{"href":"https:\/\/www.medexdtc.com\/es\/wp-json\/wp\/v2\/media?parent=6030"}],"curies":[{"name":"wp","href":"https:\/\/api.w.org\/{rel}","templated":true}]}}