{"id":6065,"date":"2020-08-05T22:40:33","date_gmt":"2020-08-05T17:40:33","guid":{"rendered":"https:\/\/www.medexdtc.com\/implante-coclear\/"},"modified":"2020-08-05T22:40:33","modified_gmt":"2020-08-05T17:40:33","slug":"cochlear-implant","status":"publish","type":"page","link":"https:\/\/www.medexdtc.com\/es\/cochlear-implant\/","title":{"rendered":"Implante coclear"},"content":{"rendered":"<section id=\"treatment-page-content-area-1\" class=\"treatment-page-content-area-one\">La p\u00e9rdida de audici\u00f3n es una maldici\u00f3n oculta. Nadie puede decir mir\u00e1ndote que no oyes bien. Sin embargo, esta afecci\u00f3n a menudo te impide relacionarte plenamente con otras personas y aprovechar al m\u00e1ximo tus experiencias. Si antes ten\u00edas una audici\u00f3n totalmente funcional, es especialmente cierto. A los primeros signos de p\u00e9rdida de audici\u00f3n, acude a tu m\u00e9dico. En el caso de ni\u00f1os peque\u00f1os nacidos con sordera, visita a un otorrinolaring\u00f3logo del Centro de Diagn\u00f3stico y Tratamiento Medex de Queens, Nueva York. El otorrinolaring\u00f3logo puede sugerir el uso de un implante coclear. No es una decisi\u00f3n f\u00e1cil, sino que requiere una conversaci\u00f3n con un especialista en audici\u00f3n comprensivo y atento. Llama hoy mismo para hablar con un otorrinolaring\u00f3logo cualificado.        <\/p>\n<p>Los implantes cocleares fueron aprobados por primera vez por la FDA en la d\u00e9cada de 1980. En 2018, unos 60.000 adultos y 40.000 ni\u00f1os de Estados Unidos los han recibido. Puedes optar a los implantes cocleares si tienes una p\u00e9rdida de audici\u00f3n grave y si otros m\u00e9todos, como los aud\u00edfonos, no te han funcionado. En el Centro de Diagn\u00f3stico y Tratamiento Medex de Queens (Nueva York), la colocaci\u00f3n de implantes cocleares implica a un equipo de especialistas, entre los que se incluyen:   <\/p>\n<ul>\n<li>Tu <a href=\"https:\/\/www.medexdtc.com\/es\/otorrinolaringologos-en-queens\/\">otorrinolaring\u00f3logo (ORL)<\/a><\/li>\n<li>Un cirujano<\/li>\n<li>Un logopeda<\/li>\n<li>Un consejero<\/li>\n<\/ul>\n<p>El proceso puede ser intensivo, y no suele hacerse a menos que hayas probado todos los dem\u00e1s tratamientos. Pero para quienes los necesitan, los implantes cocleares cambian su calidad de vida a mejor. Tu otorrinolaring\u00f3logo de Medex es el profesional al que debes acudir para obtener m\u00e1s informaci\u00f3n sobre los implantes cocleares. Programa una cita para hablar con un experto y decidir si son adecuados para ti.   <\/p>\n<h2>\u00bfC\u00f3mo funcionan los implantes cocleares?<\/h2>\n<p>Los implantes cocleares funcionan de forma totalmente distinta a los aud\u00edfonos. Mientras que los aud\u00edfonos se limitan a aumentar el volumen de los sonidos, los implantes cocleares toman las se\u00f1ales sonoras del entorno y las env\u00edan directamente al nervio auditivo. Esto permite que los sonidos pasen por delante de la c\u00f3clea, que puede estar da\u00f1ada si tienes una p\u00e9rdida auditiva grave.  <\/p>\n<p>La c\u00f3clea est\u00e1 en tu o\u00eddo interno, m\u00e1s all\u00e1 del t\u00edmpano. Esta parte del o\u00eddo transforma los sonidos en se\u00f1ales el\u00e9ctricas que indican al cerebro lo que oyes. Con los implantes cocleares, este trabajo lo realiza un peque\u00f1o dispositivo en lugar de tu propia c\u00f3clea. El aparato consta de cuatro partes:   <\/p>\n<ol>\n<li>Un micr\u00f3fono que capta sonidos<\/li>\n<li>Un procesador que ordena los sonidos del habla<\/li>\n<li>Un transmisor que recibe esos sonidos y los convierte en se\u00f1ales el\u00e9ctricas<\/li>\n<li>Una gu\u00eda de electrodos, que env\u00eda las se\u00f1ales a diferentes partes del nervio auditivo<\/li>\n<\/ol>\n<h2>El proceso del implante coclear<\/h2>\n<p>La primera parte del proceso consiste en la consulta, durante la cual sueles pasar por varios procesos de selecci\u00f3n, como un:<\/p>\n<ul>\n<li>Examen del o\u00eddo interno<\/li>\n<li>Prueba de habla<\/li>\n<li>Prueba de audici\u00f3n<\/li>\n<li>Prueba de equilibrio<\/li>\n<li>Resonancia magn\u00e9tica o tomograf\u00eda computarizada<\/li>\n<li>Evaluaci\u00f3n psicol\u00f3gica<\/li>\n<\/ul>\n<p>Estos procesos ayudan a tu m\u00e9dico a determinar si es probable que un implante coclear funcione bien en tu caso, as\u00ed como si el procedimiento es necesario y seguro para ti. Tu otorrinolaring\u00f3logo del Centro de Diagn\u00f3stico y Tratamiento Medex de Queens act\u00faa como tu defensor y punto de contacto durante la consulta y la intervenci\u00f3n quir\u00fargica, que tienen lugar en el centro de especialidades m\u00faltiples. <\/p>\n<p>La cirug\u00eda propiamente dicha requiere anestesia, pero el procedimiento es m\u00ednimamente invasivo. La mayor\u00eda de los pacientes vuelven a casa el mismo d\u00eda. Necesitar\u00e1s varias citas de seguimiento, ya que hay algunas piezas que deben a\u00f1adirse a tu implante. Tambi\u00e9n hay que programar a medida el dispositivo para que funcione mejor para ti.   <\/p>\n<h2>Las complicaciones son raras<\/h2>\n<p>Este procedimiento es seguro, pero es normal que experimentes mareos o presi\u00f3n en el lugar de la intervenci\u00f3n. Incluso puedes sentir algunas n\u00e1useas despu\u00e9s de la intervenci\u00f3n. Los riesgos son raros cuando te sometes al proceso en Medex, donde una atenci\u00f3n excepcional siempre minimiza los riesgos. Todas las cirug\u00edas entra\u00f1an alg\u00fan riesgo. La cirug\u00eda de implante coclear a veces es temporal:    <\/p>\n<ul>\n<li>Par\u00e1lisis facial<\/li>\n<li>Problemas de sabor<\/li>\n<li>Sangrado<\/li>\n<li>Zumbidos en los o\u00eddos<\/li>\n<li>Infecci\u00f3n<\/li>\n<li>Fuga de l\u00edquido cefalorraqu\u00eddeo<\/li>\n<\/ul>\n<p>Lo m\u00e1s probable es que experimentes los sonidos de forma diferente con un implante coclear, y normalmente hay un proceso de aprendizaje antes de que el aparato sea totalmente eficaz para ti. Los implantes cocleares tambi\u00e9n pueden ser caros, ya que los seguros no siempre los cubren. En casos muy raros, hay que retirar los implantes cocleares.  <\/p>\n<h2>Reaprender a o\u00edr<\/h2>\n<p>A pesar de estas complicaciones, los implantes cocleares cambian tu vida, sobre todo si ya no pod\u00edas participar en conversaciones debido a tu p\u00e9rdida auditiva. Dado que los implantes cocleares env\u00edan se\u00f1ales directamente al cerebro, necesitas tiempo para volver a aprender a o\u00edr las cosas, y algunos sonidos pueden parecerte desconocidos durante un tiempo. Tu otorrinolaring\u00f3logo de Medex -junto con todo tu equipo- organiza sesiones de entrenamiento y seguimiento para ayudarte a aclimatarte.  <\/p>\n<p>En la mayor\u00eda de los casos, estar\u00e1s mejor si tienes un periodo m\u00e1s corto de da\u00f1o auditivo grave antes de ponerte implantes cocleares. Esto tambi\u00e9n es cierto para los ni\u00f1os peque\u00f1os, que aprenden a funcionar mejor con sus implantes cuanto antes se los pongan. <a href=\"https:\/\/www.medexdtc.com\/es\/cochlear-implant\/#contact-form\">Ponte en contacto con el Centro de Diagn\u00f3stico y Tratamiento Medex<\/a> de Queens (Nueva York) para obtener m\u00e1s informaci\u00f3n y programar tu evaluaci\u00f3n. <\/p>\n<p>Podemos ayudarte a encontrar m\u00e9dico. Llama al <a href=\"tel:+17182758900\">(718) 275-8900<\/a> <\/p>\n<p>Con licencia del estado de Nueva York, Medex es un centro de diagn\u00f3stico y tratamiento del art\u00edculo 28. Nuestros m\u00e9dicos proporcionan atenci\u00f3n integral a pacientes de todas las edades en la zona de Forest Hills, Queens, desde hace m\u00e1s de 15 a\u00f1os. Empieza a recibir atenci\u00f3n experta ahora llamando o concertando una cita en l\u00ednea con uno de los especialistas cualificados.  <\/p>\n<\/section>\n","protected":false},"excerpt":{"rendered":"<p>La p\u00e9rdida de audici\u00f3n es una maldici\u00f3n oculta. Nadie puede decir mir\u00e1ndote que no oyes bien. Sin embargo, esta afecci\u00f3n a menudo te impide relacionarte plenamente con otras personas y aprovechar al m\u00e1ximo tus experiencias. Si antes ten\u00edas una audici\u00f3n totalmente funcional, es especialmente cierto. A los primeros signos de p\u00e9rdida de audici\u00f3n, acude a &hellip; <\/p>\n<p class=\"link-more\"><a href=\"https:\/\/www.medexdtc.com\/es\/cochlear-implant\/\" class=\"more-link\">Continue reading<span class=\"screen-reader-text\"> \u00abImplante coclear\u00bb<\/span><\/a><\/p>\n","protected":false},"author":3,"featured_media":0,"parent":0,"menu_order":0,"comment_status":"closed","ping_status":"closed","template":"new_inner.php","meta":{"_acf_changed":false,"footnotes":""},"class_list":["post-6065","page","type-page","status-publish","hentry"],"acf":[],"yoast_head":"<!-- This site is optimized with the Yoast SEO plugin v27.5 - https:\/\/yoast.com\/product\/yoast-seo-wordpress\/ -->\n<title>Implante Coclear | Otorrinolaring\u00f3logo en Forest Hills, Queens, NY | Medex - Multi-Specialty Medical Center<\/title>\n<meta name=\"description\" content=\"Puedes optar a los implantes cocleares si tienes una p\u00e9rdida de audici\u00f3n grave y si otros m\u00e9todos, como los aud\u00edfonos, no te han funcionado. Consigue implantes cocleares en el Centro de Diagn\u00f3stico y Tratamiento Medex de Forest Hills, Queens, NY\" \/>\n<meta name=\"robots\" content=\"index, follow, max-snippet:-1, max-image-preview:large, max-video-preview:-1\" \/>\n<link rel=\"canonical\" href=\"https:\/\/www.medexdtc.com\/es\/cochlear-implant\/\" \/>\n<meta property=\"og:locale\" content=\"es_ES\" \/>\n<meta property=\"og:type\" content=\"article\" \/>\n<meta property=\"og:title\" content=\"Implante Coclear | Otorrinolaring\u00f3logo en Forest Hills, Queens, NY | Medex - Multi-Specialty Medical Center\" \/>\n<meta property=\"og:description\" content=\"Puedes optar a los implantes cocleares si tienes una p\u00e9rdida de audici\u00f3n grave y si otros m\u00e9todos, como los aud\u00edfonos, no te han funcionado. Consigue implantes cocleares en el Centro de Diagn\u00f3stico y Tratamiento Medex de Forest Hills, Queens, NY\" \/>\n<meta property=\"og:url\" content=\"https:\/\/www.medexdtc.com\/es\/cochlear-implant\/\" \/>\n<meta property=\"og:site_name\" content=\"Medex Diagnostic and Treatment Center - Queens Medical Center - Medical Clinic in Forest Hills, NY\" \/>\n<meta property=\"article:publisher\" content=\"https:\/\/www.facebook.com\/medexny\" \/>\n<meta name=\"twitter:card\" content=\"summary_large_image\" \/>\n<meta name=\"twitter:site\" content=\"@DtcMedex\" \/>\n<meta name=\"twitter:label1\" content=\"Tiempo de lectura\" \/>\n\t<meta name=\"twitter:data1\" content=\"5 minutos\" \/>\n<!-- \/ Yoast SEO plugin. -->","yoast_head_json":{"title":"Implante Coclear | Otorrinolaring\u00f3logo en Forest Hills, Queens, NY | Medex - Multi-Specialty Medical Center","description":"Puedes optar a los implantes cocleares si tienes una p\u00e9rdida de audici\u00f3n grave y si otros m\u00e9todos, como los aud\u00edfonos, no te han funcionado. Consigue implantes cocleares en el Centro de Diagn\u00f3stico y Tratamiento Medex de Forest Hills, Queens, NY","robots":{"index":"index","follow":"follow","max-snippet":"max-snippet:-1","max-image-preview":"max-image-preview:large","max-video-preview":"max-video-preview:-1"},"canonical":"https:\/\/www.medexdtc.com\/es\/cochlear-implant\/","og_locale":"es_ES","og_type":"article","og_title":"Implante Coclear | Otorrinolaring\u00f3logo en Forest Hills, Queens, NY | Medex - Multi-Specialty Medical Center","og_description":"Puedes optar a los implantes cocleares si tienes una p\u00e9rdida de audici\u00f3n grave y si otros m\u00e9todos, como los aud\u00edfonos, no te han funcionado. Consigue implantes cocleares en el Centro de Diagn\u00f3stico y Tratamiento Medex de Forest Hills, Queens, NY","og_url":"https:\/\/www.medexdtc.com\/es\/cochlear-implant\/","og_site_name":"Medex Diagnostic and Treatment Center - Queens Medical Center - Medical Clinic in Forest Hills, NY","article_publisher":"https:\/\/www.facebook.com\/medexny","twitter_card":"summary_large_image","twitter_site":"@DtcMedex","twitter_misc":{"Tiempo de lectura":"5 minutos"},"schema":{"@context":"https:\/\/schema.org","@graph":[{"@type":"WebPage","@id":"https:\/\/www.medexdtc.com\/es\/cochlear-implant\/","url":"https:\/\/www.medexdtc.com\/es\/cochlear-implant\/","name":"Implante Coclear | Otorrinolaring\u00f3logo en Forest Hills, Queens, NY | Medex - Multi-Specialty Medical Center","isPartOf":{"@id":"https:\/\/www.medexdtc.com\/es\/#website"},"datePublished":"2020-08-05T17:40:33+00:00","description":"Puedes optar a los implantes cocleares si tienes una p\u00e9rdida de audici\u00f3n grave y si otros m\u00e9todos, como los aud\u00edfonos, no te han funcionado. Consigue implantes cocleares en el Centro de Diagn\u00f3stico y Tratamiento Medex de Forest Hills, Queens, NY","breadcrumb":{"@id":"https:\/\/www.medexdtc.com\/es\/cochlear-implant\/#breadcrumb"},"inLanguage":"es","potentialAction":[{"@type":"ReadAction","target":["https:\/\/www.medexdtc.com\/es\/cochlear-implant\/"]}]},{"@type":"BreadcrumbList","@id":"https:\/\/www.medexdtc.com\/es\/cochlear-implant\/#breadcrumb","itemListElement":[{"@type":"ListItem","position":1,"name":"Home","item":"https:\/\/www.medexdtc.com\/es\/"},{"@type":"ListItem","position":2,"name":"Implante coclear"}]},{"@type":"WebSite","@id":"https:\/\/www.medexdtc.com\/es\/#website","url":"https:\/\/www.medexdtc.com\/es\/","name":"Medex DTC","description":"Medex Diagnostic and Treatment Center is a Medical Center in Queens, NY is a dynamic multi-specialty clinic. Physicians delivering high quality individualized care in Forest Hills, Queens, NY.","publisher":{"@id":"https:\/\/www.medexdtc.com\/es\/#organization"},"potentialAction":[{"@type":"SearchAction","target":{"@type":"EntryPoint","urlTemplate":"https:\/\/www.medexdtc.com\/es\/?s={search_term_string}"},"query-input":{"@type":"PropertyValueSpecification","valueRequired":true,"valueName":"search_term_string"}}],"inLanguage":"es"},{"@type":"Organization","@id":"https:\/\/www.medexdtc.com\/es\/#organization","name":"Medex DCT","url":"https:\/\/www.medexdtc.com\/es\/","logo":{"@type":"ImageObject","inLanguage":"es","@id":"https:\/\/www.medexdtc.com\/es\/#\/schema\/logo\/image\/","url":"https:\/\/www.medexdtc.com\/wp-content\/uploads\/2024\/11\/medex-diagnostic-and-treatment-center-in-queens-NY.png","contentUrl":"https:\/\/www.medexdtc.com\/wp-content\/uploads\/2024\/11\/medex-diagnostic-and-treatment-center-in-queens-NY.png","width":226,"height":47,"caption":"Medex DCT"},"image":{"@id":"https:\/\/www.medexdtc.com\/es\/#\/schema\/logo\/image\/"},"sameAs":["https:\/\/www.facebook.com\/medexny","https:\/\/x.com\/DtcMedex","https:\/\/www.instagram.com\/medexdtc\/","https:\/\/www.linkedin.com\/company\/medex-diagnostic-and-treatment-center\/about\/"]}]}},"jetpack_sharing_enabled":true,"_links":{"self":[{"href":"https:\/\/www.medexdtc.com\/es\/wp-json\/wp\/v2\/pages\/6065","targetHints":{"allow":["GET"]}}],"collection":[{"href":"https:\/\/www.medexdtc.com\/es\/wp-json\/wp\/v2\/pages"}],"about":[{"href":"https:\/\/www.medexdtc.com\/es\/wp-json\/wp\/v2\/types\/page"}],"author":[{"embeddable":true,"href":"https:\/\/www.medexdtc.com\/es\/wp-json\/wp\/v2\/users\/3"}],"replies":[{"embeddable":true,"href":"https:\/\/www.medexdtc.com\/es\/wp-json\/wp\/v2\/comments?post=6065"}],"version-history":[{"count":0,"href":"https:\/\/www.medexdtc.com\/es\/wp-json\/wp\/v2\/pages\/6065\/revisions"}],"wp:attachment":[{"href":"https:\/\/www.medexdtc.com\/es\/wp-json\/wp\/v2\/media?parent=6065"}],"curies":[{"name":"wp","href":"https:\/\/api.w.org\/{rel}","templated":true}]}}