{"id":6072,"date":"2020-08-05T22:42:47","date_gmt":"2020-08-05T17:42:47","guid":{"rendered":"https:\/\/www.medexdtc.com\/cirugia-ocular-lasik\/"},"modified":"2020-08-05T22:42:47","modified_gmt":"2020-08-05T17:42:47","slug":"lasik-eye-surgery","status":"publish","type":"page","link":"https:\/\/www.medexdtc.com\/es\/lasik-eye-surgery\/","title":{"rendered":"Cirug\u00eda ocular LASIK"},"content":{"rendered":"<p>Si est\u00e1s cansado de llevar gafas o lentillas, puedes someterte a una cirug\u00eda de correcci\u00f3n de la visi\u00f3n, siempre que tengas buena salud y no tengas ning\u00fan otro problema m\u00e9dico ocular. Ha llegado el momento de someterte por fin a la cirug\u00eda LASIK para tener una visi\u00f3n 20\/20. El Consejo Americano de Cirug\u00eda Refractiva informa de que tienes un 90 por ciento de probabilidades de conseguir una visi\u00f3n perfecta y un 99 por ciento de probabilidades de obtener resultados de al menos 20\/40. Es un procedimiento tan sencillo, r\u00e1pido y eficaz, sobre todo cuando conf\u00edas en las manos de los expertos oftalm\u00f3logos del Centro de Diagn\u00f3stico y Tratamiento Medex de Queens, NY. Llama hoy mismo para averiguar si re\u00fanes los requisitos para la cirug\u00eda LASIK.    <\/p>\n<p>La cirug\u00eda ocular LASIK es una forma de cirug\u00eda refractiva con l\u00e1ser que se realiza para corregir problemas de visi\u00f3n. La c\u00f3rnea o capa externa del ojo se remodela durante este procedimiento para enfocar adecuadamente la luz que entra en el ojo sobre la retina. La intervenci\u00f3n mejora dr\u00e1sticamente tu visi\u00f3n. Si eres candidato a la cirug\u00eda ocular LASIK, hay muchas posibilidades de que disfrutes de una visi\u00f3n clara sin gafas ni lentes de contacto.   <\/p>\n<p>Una vez que tu <a href=\"https:\/\/www.medexdtc.com\/es\/ophthalmology\/\">oftalm\u00f3logo<\/a> haya determinado que eres apto para esta cirug\u00eda de correcci\u00f3n de la visi\u00f3n, puedes esperar grandes resultados a largo plazo. Para averiguar si la cirug\u00eda ocular LASIK es la mejor opci\u00f3n para ti, visita a los oftalm\u00f3logos expertos del Centro de Diagn\u00f3stico y Tratamiento Medex de Queens, Nueva York. <\/p>\n<h2>\u00bfQu\u00e9 enfermedades trata la cirug\u00eda ocular LASIK?<\/h2>\n<p>La cirug\u00eda ocular LASIK cambia permanentemente la forma de la c\u00f3rnea para mejorar tu visi\u00f3n. El procedimiento se utiliza a menudo para corregir varios problemas de visi\u00f3n, entre ellos: <\/p>\n<ul>\n<li><strong>Miop\u00eda.<\/strong>  Tambi\u00e9n conocida como miop\u00eda, la miop\u00eda es una afecci\u00f3n que te permite ver lo que est\u00e1 cerca de ti, pero te cuesta ver las cosas que est\u00e1n lejos. En la miop\u00eda, el globo ocular es ligeramente m\u00e1s largo o profundo de lo normal. <\/li>\n<li><strong>Hipermetrop\u00eda.<\/strong>  Tambi\u00e9n conocida como hipermetrop\u00eda, la hipermetrop\u00eda te dificulta ver las cosas que est\u00e1n cerca. Cuando tienes esta afecci\u00f3n, el globo ocular es m\u00e1s corto o menos profundo que la media. Otra causa de la hipermetrop\u00eda es que tu c\u00f3rnea sea demasiado plana.  <\/li>\n<li><strong><a href=\"https:\/\/www.medexdtc.com\/es\/astigmatism\/\">Astigmatismo<\/a>.<\/strong> Este trastorno se produce cuando la c\u00f3rnea tiene una forma irregular. Puede curvarse o aplanarse demasiado, afectando a la visi\u00f3n de cerca o de lejos. <\/li>\n<\/ul>\n<p>La presbicia es una afecci\u00f3n relacionada con la edad. Cuando tienes presbicia, te resulta cada vez m\u00e1s dif\u00edcil ver objetos de cerca. Esta afecci\u00f3n se da en la mayor\u00eda de las personas despu\u00e9s de los 40 a\u00f1os. La cirug\u00eda ocular LASIK no puede corregir tu visi\u00f3n para ver de cerca y de lejos, pero puede hacerse para que un ojo vea de lejos y otro de cerca. Esta variante se denomina LASIK monovisi\u00f3n.    <\/p>\n<h2>C\u00f3mo funciona la cirug\u00eda LASIK<\/h2>\n<p>La cirug\u00eda ocular LASIK es un procedimiento ambulatorio completamente indoloro. Si necesitas cirug\u00eda en ambos ojos, pueden hacerse el mismo d\u00eda. Esto se denomina intervenci\u00f3n LASIK bilateral. La intervenci\u00f3n suele durar entre 10 y 30 minutos por ojo.   <\/p>\n<p>Antes de la intervenci\u00f3n, te sientan en una silla reclinable. El cirujano ocular te pone gotas anest\u00e9sicas en el ojo para evitar molestias. Se utiliza un instrumento llamado esp\u00e9culo del p\u00e1rpado para mantener el ojo abierto.  <\/p>\n<p>El cirujano oftalm\u00f3logo utiliza un l\u00e1ser para cortar un peque\u00f1o colgajo en la c\u00f3rnea m\u00e1s externa de tu ojo y lo pliega hacia atr\u00e1s para revelar el estroma. Un segundo l\u00e1ser env\u00eda pulsos de luz a la c\u00f3rnea y la remodela sin dolor. El oftalm\u00f3logo vuelve a plegar el colgajo, que cicatriza sin puntos. Si te operas los dos ojos, el m\u00e9dico repite el proceso en el segundo.   <\/p>\n<p>Puedes sentir un ligero picor o sensaci\u00f3n de quemaz\u00f3n. No podr\u00e1s conducir hasta casa. La mayor\u00eda de las personas notan una diferencia de visi\u00f3n a las pocas horas de la intervenci\u00f3n.  <\/p>\n<h2>Ventajas de la cirug\u00eda ocular LASIK<\/h2>\n<p>La cirug\u00eda ocular LASIK es un procedimiento seguro que se realiza r\u00e1pidamente. La tasa de \u00e9xito de este procedimiento es muy alta, superior al 90 por ciento, pero debes comentar cualquier duda que tengas con tu oftalm\u00f3logo Medex antes de decidir someterte a la intervenci\u00f3n. <\/p>\n<p>La mayor\u00eda de las personas que se someten a cirug\u00eda ocular LASIK no necesitan gafas ni lentes de contacto una vez realizada la intervenci\u00f3n. Es posible que sigas necesitando gafas de lectura despu\u00e9s de cumplir 40 a\u00f1os. Obtendr\u00e1s los resultados mejores y m\u00e1s seguros cuando conf\u00edes en la experiencia y el alto nivel de atenci\u00f3n de tu oftalm\u00f3logo del Centro de Diagn\u00f3stico y Tratamiento Medex. Los riesgos son raros, pero incluyen:   <\/p>\n<ul>\n<li>Subcorrecci\u00f3n, que a menudo s\u00f3lo requiere otro procedimiento. Este resultado es m\u00e1s frecuente cuando se trata la miop\u00eda. <\/li>\n<li>Ojos secos, un efecto temporal que tratas con colirios.<\/li>\n<li>Visi\u00f3n doble, halos o deslumbramientos que raramente duran m\u00e1s de un par de d\u00edas.<\/li>\n<\/ul>\n<h2>\u00bfLa cirug\u00eda ocular LASIK es adecuada para ti?<\/h2>\n<p>Para que te tengan en cuenta para la cirug\u00eda LASIK, debes tener al menos 18 a\u00f1os, gozar de buena salud y no estar embarazada ni en periodo de lactancia. Necesitar\u00e1s un examen ocular completo para asegurarte de que tus ojos est\u00e1n sanos y no tienes antecedentes de ojo seco cr\u00f3nico, glaucoma o cataratas. Tu oftalm\u00f3logo de Queens utiliza los resultados de tu examen ocular para determinar si eres un buen candidato para este procedimiento.  <\/p>\n<p>Para un cuidado experto de tus ojos, <a href=\"https:\/\/www.medexdtc.com\/es\/lasik-eye-surgery\/#contact-form\">ponte en contacto con el Centro de Diagn\u00f3stico y Tratamiento Medex<\/a>. Adem\u00e1s de atenci\u00f3n oftalmol\u00f3gica, Medex ofrece atenci\u00f3n m\u00e9dica y sanitaria de expertos en m\u00faltiples campos, como <a href=\"https:\/\/www.medexdtc.com\/es\/dermatology\/\">dermatolog\u00eda<\/a>, <a href=\"https:\/\/www.medexdtc.com\/es\/endocrinology\/\">endocrinolog\u00eda<\/a>, <a href=\"https:\/\/www.medexdtc.com\/primary-care\/\">atenci\u00f3n primaria<\/a>, <a href=\"https:\/\/www.medexdtc.com\/cardiology\/\">cardiolog\u00eda<\/a> y mucho m\u00e1s. Visita esta consulta para todas tus necesidades sanitarias.  <\/p>\n<p>Podemos ayudarte a encontrar m\u00e9dico. Ll\u00e1manos <a href=\"tel:+17182758900\"> al (718) 275-8900<\/a>. <\/p>\n<p>Con licencia del estado de Nueva York, Medex es un centro de diagn\u00f3stico y tratamiento del art\u00edculo 28. Nuestros m\u00e9dicos proporcionan atenci\u00f3n integral a pacientes de todas las edades en la zona de Forest Hills, Queens, desde hace m\u00e1s de 15 a\u00f1os. Empieza a recibir atenci\u00f3n experta ahora llamando o concertando una cita en l\u00ednea con uno de los especialistas cualificados.<\/p>\n","protected":false},"excerpt":{"rendered":"<p>Si est\u00e1s cansado de llevar gafas o lentillas, puedes someterte a una cirug\u00eda de correcci\u00f3n de la visi\u00f3n, siempre que tengas buena salud y no tengas ning\u00fan otro problema m\u00e9dico ocular. Ha llegado el momento de someterte por fin a la cirug\u00eda LASIK para tener una visi\u00f3n 20\/20. El Consejo Americano de Cirug\u00eda Refractiva informa &hellip; <\/p>\n<p class=\"link-more\"><a href=\"https:\/\/www.medexdtc.com\/es\/lasik-eye-surgery\/\" class=\"more-link\">Continue reading<span class=\"screen-reader-text\"> \u00abCirug\u00eda ocular LASIK\u00bb<\/span><\/a><\/p>\n","protected":false},"author":3,"featured_media":0,"parent":0,"menu_order":0,"comment_status":"closed","ping_status":"closed","template":"new_inner.php","meta":{"_acf_changed":false,"footnotes":""},"class_list":["post-6072","page","type-page","status-publish","hentry"],"acf":[],"yoast_head":"<!-- This site is optimized with the Yoast SEO plugin v27.5 - https:\/\/yoast.com\/product\/yoast-seo-wordpress\/ -->\n<title>Cirug\u00eda ocular LASIK | Los mejores especialistas oculares en Forest Hills, Queens, NY<\/title>\n<meta name=\"description\" content=\"Para averiguar si la cirug\u00eda ocular LASIK es la mejor opci\u00f3n para ti, visita a los oftalm\u00f3logos expertos del Centro de Diagn\u00f3stico y Tratamiento Medex de Forest Hills, Queens, NY.\" \/>\n<meta name=\"robots\" content=\"index, follow, max-snippet:-1, max-image-preview:large, max-video-preview:-1\" \/>\n<link rel=\"canonical\" href=\"https:\/\/www.medexdtc.com\/es\/lasik-eye-surgery\/\" \/>\n<meta property=\"og:locale\" content=\"es_ES\" \/>\n<meta property=\"og:type\" content=\"article\" \/>\n<meta property=\"og:title\" content=\"Cirug\u00eda ocular LASIK | Los mejores especialistas oculares en Forest Hills, Queens, NY\" \/>\n<meta property=\"og:description\" content=\"Para averiguar si la cirug\u00eda ocular LASIK es la mejor opci\u00f3n para ti, visita a los oftalm\u00f3logos expertos del Centro de Diagn\u00f3stico y Tratamiento Medex de Forest Hills, Queens, NY.\" \/>\n<meta property=\"og:url\" content=\"https:\/\/www.medexdtc.com\/es\/lasik-eye-surgery\/\" \/>\n<meta property=\"og:site_name\" content=\"Medex Diagnostic and Treatment Center - Queens Medical Center - Medical Clinic in Forest Hills, NY\" \/>\n<meta property=\"article:publisher\" content=\"https:\/\/www.facebook.com\/medexny\" \/>\n<meta name=\"twitter:card\" content=\"summary_large_image\" \/>\n<meta name=\"twitter:site\" content=\"@DtcMedex\" \/>\n<meta name=\"twitter:label1\" content=\"Tiempo de lectura\" \/>\n\t<meta name=\"twitter:data1\" content=\"6 minutos\" \/>\n<!-- \/ Yoast SEO plugin. -->","yoast_head_json":{"title":"Cirug\u00eda ocular LASIK | Los mejores especialistas oculares en Forest Hills, Queens, NY","description":"Para averiguar si la cirug\u00eda ocular LASIK es la mejor opci\u00f3n para ti, visita a los oftalm\u00f3logos expertos del Centro de Diagn\u00f3stico y Tratamiento Medex de Forest Hills, Queens, NY.","robots":{"index":"index","follow":"follow","max-snippet":"max-snippet:-1","max-image-preview":"max-image-preview:large","max-video-preview":"max-video-preview:-1"},"canonical":"https:\/\/www.medexdtc.com\/es\/lasik-eye-surgery\/","og_locale":"es_ES","og_type":"article","og_title":"Cirug\u00eda ocular LASIK | Los mejores especialistas oculares en Forest Hills, Queens, NY","og_description":"Para averiguar si la cirug\u00eda ocular LASIK es la mejor opci\u00f3n para ti, visita a los oftalm\u00f3logos expertos del Centro de Diagn\u00f3stico y Tratamiento Medex de Forest Hills, Queens, NY.","og_url":"https:\/\/www.medexdtc.com\/es\/lasik-eye-surgery\/","og_site_name":"Medex Diagnostic and Treatment Center - Queens Medical Center - Medical Clinic in Forest Hills, NY","article_publisher":"https:\/\/www.facebook.com\/medexny","twitter_card":"summary_large_image","twitter_site":"@DtcMedex","twitter_misc":{"Tiempo de lectura":"6 minutos"},"schema":{"@context":"https:\/\/schema.org","@graph":[{"@type":"WebPage","@id":"https:\/\/www.medexdtc.com\/es\/lasik-eye-surgery\/","url":"https:\/\/www.medexdtc.com\/es\/lasik-eye-surgery\/","name":"Cirug\u00eda ocular LASIK | Los mejores especialistas oculares en Forest Hills, Queens, NY","isPartOf":{"@id":"https:\/\/www.medexdtc.com\/es\/#website"},"datePublished":"2020-08-05T17:42:47+00:00","description":"Para averiguar si la cirug\u00eda ocular LASIK es la mejor opci\u00f3n para ti, visita a los oftalm\u00f3logos expertos del Centro de Diagn\u00f3stico y Tratamiento Medex de Forest Hills, Queens, NY.","breadcrumb":{"@id":"https:\/\/www.medexdtc.com\/es\/lasik-eye-surgery\/#breadcrumb"},"inLanguage":"es","potentialAction":[{"@type":"ReadAction","target":["https:\/\/www.medexdtc.com\/es\/lasik-eye-surgery\/"]}]},{"@type":"BreadcrumbList","@id":"https:\/\/www.medexdtc.com\/es\/lasik-eye-surgery\/#breadcrumb","itemListElement":[{"@type":"ListItem","position":1,"name":"Home","item":"https:\/\/www.medexdtc.com\/es\/"},{"@type":"ListItem","position":2,"name":"Cirug\u00eda ocular LASIK"}]},{"@type":"WebSite","@id":"https:\/\/www.medexdtc.com\/es\/#website","url":"https:\/\/www.medexdtc.com\/es\/","name":"Medex DTC","description":"Medex Diagnostic and Treatment Center is a Medical Center in Queens, NY is a dynamic multi-specialty clinic. Physicians delivering high quality individualized care in Forest Hills, Queens, NY.","publisher":{"@id":"https:\/\/www.medexdtc.com\/es\/#organization"},"potentialAction":[{"@type":"SearchAction","target":{"@type":"EntryPoint","urlTemplate":"https:\/\/www.medexdtc.com\/es\/?s={search_term_string}"},"query-input":{"@type":"PropertyValueSpecification","valueRequired":true,"valueName":"search_term_string"}}],"inLanguage":"es"},{"@type":"Organization","@id":"https:\/\/www.medexdtc.com\/es\/#organization","name":"Medex DCT","url":"https:\/\/www.medexdtc.com\/es\/","logo":{"@type":"ImageObject","inLanguage":"es","@id":"https:\/\/www.medexdtc.com\/es\/#\/schema\/logo\/image\/","url":"https:\/\/www.medexdtc.com\/wp-content\/uploads\/2024\/11\/medex-diagnostic-and-treatment-center-in-queens-NY.png","contentUrl":"https:\/\/www.medexdtc.com\/wp-content\/uploads\/2024\/11\/medex-diagnostic-and-treatment-center-in-queens-NY.png","width":226,"height":47,"caption":"Medex DCT"},"image":{"@id":"https:\/\/www.medexdtc.com\/es\/#\/schema\/logo\/image\/"},"sameAs":["https:\/\/www.facebook.com\/medexny","https:\/\/x.com\/DtcMedex","https:\/\/www.instagram.com\/medexdtc\/","https:\/\/www.linkedin.com\/company\/medex-diagnostic-and-treatment-center\/about\/"]}]}},"jetpack_sharing_enabled":true,"_links":{"self":[{"href":"https:\/\/www.medexdtc.com\/es\/wp-json\/wp\/v2\/pages\/6072","targetHints":{"allow":["GET"]}}],"collection":[{"href":"https:\/\/www.medexdtc.com\/es\/wp-json\/wp\/v2\/pages"}],"about":[{"href":"https:\/\/www.medexdtc.com\/es\/wp-json\/wp\/v2\/types\/page"}],"author":[{"embeddable":true,"href":"https:\/\/www.medexdtc.com\/es\/wp-json\/wp\/v2\/users\/3"}],"replies":[{"embeddable":true,"href":"https:\/\/www.medexdtc.com\/es\/wp-json\/wp\/v2\/comments?post=6072"}],"version-history":[{"count":0,"href":"https:\/\/www.medexdtc.com\/es\/wp-json\/wp\/v2\/pages\/6072\/revisions"}],"wp:attachment":[{"href":"https:\/\/www.medexdtc.com\/es\/wp-json\/wp\/v2\/media?parent=6072"}],"curies":[{"name":"wp","href":"https:\/\/api.w.org\/{rel}","templated":true}]}}