{"id":6080,"date":"2025-03-13T05:28:22","date_gmt":"2025-03-13T00:28:22","guid":{"rendered":"https:\/\/www.medexdtc.com\/lupus-sintomas-y-causas-los-mejores-reumatologos-en-queens-ny\/"},"modified":"2025-09-15T04:12:52","modified_gmt":"2025-09-14T23:12:52","slug":"lupus-symptoms-causes-top-rheumatologists-in-queens-ny","status":"publish","type":"page","link":"https:\/\/www.medexdtc.com\/es\/lupus-symptoms-causes-top-rheumatologists-in-queens-ny\/","title":{"rendered":"Lupus &#8211; S\u00edntomas y causas &#8211; Los mejores reumat\u00f3logos en Queens, NY"},"content":{"rendered":"<p>El lupus es una enfermedad autoinmune en la que tu sistema inmunitario ataca por error a tus propios tejidos y \u00f3rganos. La inflamaci\u00f3n resultante puede afectar a diversas partes del cuerpo, como las articulaciones, la piel, los ri\u00f1ones, las c\u00e9lulas sangu\u00edneas, el cerebro, el coraz\u00f3n y los pulmones. Si sospechas que tienes lupus o necesitas atenci\u00f3n experta, puedes encontrar los mejores reumat\u00f3logos y especialistas multidisciplinares en <strong>el Centro de Diagn\u00f3stico y Tratamiento Medex de Queens (Nueva York<\/strong>), donde se realizan pruebas exhaustivas, diagn\u00f3sticos precisos y planes de tratamiento personalizados bajo un mismo techo.  <\/p><p>Diagnosticar el lupus puede ser un reto porque sus s\u00edntomas suelen parecerse a los de otras afecciones. Uno de los signos m\u00e1s reconocibles es una erupci\u00f3n en forma de mariposa que se extiende por ambas mejillas, pero este s\u00edntoma no aparece en todos los casos de lupus. <\/p><p>Algunas personas tienen una predisposici\u00f3n gen\u00e9tica a desarrollar lupus, que puede desencadenarse por infecciones, ciertos medicamentos o la luz solar. Aunque el lupus no tiene cura, los tratamientos pueden ayudar a controlar sus s\u00edntomas. <\/p><h2 class=\"wp-block-heading\" id=\"symptoms\">Lupus &#8211; S\u00edntomas<\/h2><p>El lupus var\u00eda de una persona a otra. Los s\u00edntomas pueden aparecer de repente o desarrollarse gradualmente, oscilar entre leves y graves, y ser temporales o duraderos. La mayor\u00eda de las personas con lupus experimentan una enfermedad leve caracterizada por brotes, en los que los s\u00edntomas empeoran durante un tiempo antes de mejorar o incluso desaparecer temporalmente.  <\/p><p>Los s\u00edntomas del lupus var\u00edan en funci\u00f3n de los sistemas corporales afectados. Los signos y s\u00edntomas m\u00e1s frecuentes son <\/p><ul class=\"wp-block-list\"><li>Fatiga<\/li>\n\n<li>Fiebre<\/li>\n\n<li>Dolor, rigidez e hinchaz\u00f3n de las articulaciones<\/li>\n\n<li>Erupci\u00f3n en forma de mariposa en la cara que cubre las mejillas y el puente de la nariz o erupciones en otras partes del cuerpo<\/li>\n\n<li>Lesiones cut\u00e1neas que aparecen o empeoran con la exposici\u00f3n al sol<\/li>\n\n<li>Dedos de manos y pies que se vuelven blancos o azules cuando se exponen al fr\u00edo o durante periodos de estr\u00e9s<\/li>\n\n<li>Falta de aliento<\/li>\n\n<li>Dolor tor\u00e1cico<\/li>\n\n<li>Ojos secos<\/li>\n\n<li>Dolores de cabeza, confusi\u00f3n y p\u00e9rdida de memoria<\/li><\/ul><h2 class=\"wp-block-heading\" id=\"when-to-see-a-doctor\">\u00bfA qu\u00e9 m\u00e9dico acudir cuando tienes Lupus?<\/h2><p>Acude a tu m\u00e9dico de atenci\u00f3n primaria si desarrollas una erupci\u00f3n inexplicable, fiebre continua, dolor persistente o fatiga. Si sospechas que tienes lupus o ya te lo han diagnosticado, debes acudir a un <strong>reumat\u00f3logo<\/strong>. Los reumat\u00f3logos est\u00e1n especializados en enfermedades autoinmunes como el lupus y pueden ayudar a diagnosticar, controlar y tratar eficazmente la enfermedad.  <\/p><p>Dependiendo de tus s\u00edntomas, puede que tambi\u00e9n necesites ver a otros especialistas, como:<\/p><ul class=\"wp-block-list\"><li><strong><a href=\"https:\/\/www.medexdtc.com\/es\/dermatology\/\">Dermat\u00f3logo<\/a><\/strong> &#8211; Si tienes problemas cut\u00e1neos como erupciones.<\/li>\n\n<li><strong>Nefr\u00f3logo<\/strong> &#8211; Si el lupus afecta a tus ri\u00f1ones (nefritis l\u00fapica).<\/li>\n\n<li><strong><a href=\"https:\/\/www.medexdtc.com\/cardiology\/\">Cardi\u00f3logo<\/a><\/strong> &#8211; Si tienes complicaciones relacionadas con el coraz\u00f3n.<\/li>\n\n<li><strong>Neum\u00f3logo<\/strong> &#8211; Si tienes problemas pulmonares o respiratorios.<\/li>\n\n<li><strong>Neur\u00f3logo<\/strong> &#8211; Si el lupus afecta a tu sistema nervioso o te provoca dolores de cabeza o convulsiones.<\/li><\/ul><p>Empezar con un reumat\u00f3logo es lo mejor, ya que puede coordinar la atenci\u00f3n con otros especialistas seg\u00fan sea necesario.<\/p><h2 class=\"wp-block-heading\" id=\"causes\">Causas del lupus<\/h2><p>El lupus es una enfermedad autoinmune que se desarrolla cuando tu sistema inmunitario ataca los tejidos sanos de tu cuerpo. Se cree que est\u00e1 causada por una combinaci\u00f3n de factores gen\u00e9ticos y desencadenantes ambientales. <\/p><p>Las personas con tendencia gen\u00e9tica al lupus pueden desarrollar la enfermedad cuando se exponen a determinados desencadenantes ambientales. Sin embargo, la causa exacta del lupus sigue sin estar clara. Los posibles desencadenantes son  <\/p><p><strong>La luz solar:<\/strong> La exposici\u00f3n al sol puede desencadenar lesiones cut\u00e1neas de lupus o provocar una reacci\u00f3n interna en las personas susceptibles.<\/p><p><strong>Infecciones:<\/strong> A veces, una infecci\u00f3n puede desencadenar la aparici\u00f3n del lupus o provocar un brote en personas que ya padecen la enfermedad.<\/p><p><strong>Medicamentos:<\/strong> Ciertos medicamentos para la tensi\u00f3n arterial, anticonvulsivos y antibi\u00f3ticos pueden inducir lupus. En la mayor\u00eda de los casos, los s\u00edntomas mejoran una vez se interrumpe la medicaci\u00f3n, aunque en casos raros, los s\u00edntomas pueden persistir incluso despu\u00e9s de dejar el f\u00e1rmaco. <\/p><h2 class=\"wp-block-heading\" id=\"risk-factors\">Lupus Factores de riesgo<\/h2><p>Entre los factores que pueden aumentar el riesgo de lupus se incluyen:<\/p><p><strong>Tu sexo:<\/strong> El lupus se diagnostica con m\u00e1s frecuencia en mujeres.<\/p><p><strong>Edad:<\/strong> Aunque el lupus puede afectar a personas de cualquier edad, se diagnostica con mayor frecuencia entre los 15 y los 45 a\u00f1os.<\/p><p><strong>Raza: <\/strong>el lupus es m\u00e1s frecuente entre los afroamericanos, los hispanos y los asi\u00e1ticoamericanos.<\/p><h2 class=\"wp-block-heading\" id=\"complications\">Complicaciones del lupus<\/h2><p>La inflamaci\u00f3n inducida por el lupus puede afectar a varias zonas de tu cuerpo, entre ellas:<\/p><p><strong>Ri\u00f1ones:<\/strong> El lupus puede provocar da\u00f1os renales graves, y la insuficiencia renal es una de las principales causas de muerte en personas con lupus.<\/p><p><strong>Cerebro y sistema nervioso central:<\/strong> Si el lupus afecta al cerebro, puedes experimentar s\u00edntomas como dolores de cabeza, mareos, cambios de humor, problemas de visi\u00f3n e incluso derrames cerebrales o convulsiones. Muchas personas con lupus tambi\u00e9n tienen problemas de memoria y pueden tener dificultades para expresar sus pensamientos con claridad. <\/p><p><strong>Sangre y vasos sangu\u00edneos:<\/strong> El lupus puede causar problemas relacionados con la sangre, como una disminuci\u00f3n de los gl\u00f3bulos rojos sanos (anemia) y un riesgo elevado de hemorragias o co\u00e1gulos sangu\u00edneos. Tambi\u00e9n puede producir inflamaci\u00f3n de los vasos sangu\u00edneos. <\/p><p><strong>Pulmones:<\/strong> Las personas con lupus tienen mayor riesgo de desarrollar inflamaci\u00f3n en el revestimiento de la cavidad tor\u00e1cica, lo que puede hacer que respirar resulte doloroso. Otras complicaciones pueden ser hemorragias pulmonares y neumon\u00eda. <\/p><p><strong>Coraz\u00f3n:<\/strong> El lupus puede causar inflamaci\u00f3n en el m\u00fasculo cardiaco, las arterias o la membrana del coraz\u00f3n, aumentando significativamente el riesgo de enfermedad cardiovascular e infarto de miocardio.<\/p><p>Tener lupus tambi\u00e9n aumenta tu riesgo de:<\/p><p><strong>Infecciones:<\/strong> Las personas con lupus son m\u00e1s propensas a las infecciones porque tanto la enfermedad como sus tratamientos pueden debilitar el sistema inmunitario.<\/p><p><strong>C\u00e1ncer:<\/strong> Tener lupus puede aumentar ligeramente el riesgo de desarrollar c\u00e1ncer, aunque el riesgo global sigue siendo peque\u00f1o.<\/p><p><strong>Muerte del Tejido \u00d3seo:<\/strong> Esta afecci\u00f3n se produce cuando disminuye el riego sangu\u00edneo a un hueso, lo que provoca peque\u00f1as fracturas y, finalmente, el colapso del hueso.<\/p><p><strong>Complicaciones del embarazo:<\/strong> Las mujeres con lupus se enfrentan a un mayor riesgo de aborto espont\u00e1neo, hipertensi\u00f3n durante el embarazo y parto prematuro. Para minimizar estos riesgos, los m\u00e9dicos suelen aconsejar esperar hasta que la enfermedad est\u00e9 bien controlada durante al menos seis meses antes de quedarse embarazada. <\/p><p><\/p>","protected":false},"excerpt":{"rendered":"<p>El lupus es una enfermedad autoinmune en la que tu sistema inmunitario ataca por error a tus propios tejidos y \u00f3rganos. La inflamaci\u00f3n resultante puede afectar a diversas partes del cuerpo, como las articulaciones, la piel, los ri\u00f1ones, las c\u00e9lulas sangu\u00edneas, el cerebro, el coraz\u00f3n y los pulmones. Si sospechas que tienes lupus o necesitas &hellip; <\/p>\n<p class=\"link-more\"><a href=\"https:\/\/www.medexdtc.com\/es\/lupus-symptoms-causes-top-rheumatologists-in-queens-ny\/\" class=\"more-link\">Continue reading<span class=\"screen-reader-text\"> \u00abLupus &#8211; S\u00edntomas y causas &#8211; Los mejores reumat\u00f3logos en Queens, NY\u00bb<\/span><\/a><\/p>\n","protected":false},"author":3,"featured_media":0,"parent":0,"menu_order":0,"comment_status":"closed","ping_status":"closed","template":"new_inner.php","meta":{"_acf_changed":false,"footnotes":""},"class_list":["post-6080","page","type-page","status-publish","hentry"],"acf":[],"yoast_head":"<!-- This site is optimized with the Yoast SEO plugin v27.5 - https:\/\/yoast.com\/product\/yoast-seo-wordpress\/ -->\n<title>Lupus - S\u00edntomas y causas - Los mejores reumat\u00f3logos en Queens, NY<\/title>\n<meta name=\"description\" content=\"Los mejores reumat\u00f3logos en Queens. Descubre c\u00f3mo puede afectar el lupus a tus articulaciones, piel, ri\u00f1ones y otras zonas del cuerpo, y aprende a controlar los s\u00edntomas con eficacia.\" \/>\n<meta name=\"robots\" content=\"index, follow, max-snippet:-1, max-image-preview:large, max-video-preview:-1\" \/>\n<link rel=\"canonical\" href=\"https:\/\/www.medexdtc.com\/es\/lupus-symptoms-causes-top-rheumatologists-in-queens-ny\/\" \/>\n<meta property=\"og:locale\" content=\"es_ES\" \/>\n<meta property=\"og:type\" content=\"article\" \/>\n<meta property=\"og:title\" content=\"Lupus - S\u00edntomas y causas - Los mejores reumat\u00f3logos en Queens, NY\" \/>\n<meta property=\"og:description\" content=\"Los mejores reumat\u00f3logos en Queens. Descubre c\u00f3mo puede afectar el lupus a tus articulaciones, piel, ri\u00f1ones y otras zonas del cuerpo, y aprende a controlar los s\u00edntomas con eficacia.\" \/>\n<meta property=\"og:url\" content=\"https:\/\/www.medexdtc.com\/es\/lupus-symptoms-causes-top-rheumatologists-in-queens-ny\/\" \/>\n<meta property=\"og:site_name\" content=\"Medex Diagnostic and Treatment Center - Queens Medical Center - Medical Clinic in Forest Hills, NY\" \/>\n<meta property=\"article:publisher\" content=\"https:\/\/www.facebook.com\/medexny\" \/>\n<meta property=\"article:modified_time\" content=\"2025-09-14T23:12:52+00:00\" \/>\n<meta name=\"twitter:card\" content=\"summary_large_image\" \/>\n<meta name=\"twitter:site\" content=\"@DtcMedex\" \/>\n<meta name=\"twitter:label1\" content=\"Tiempo de lectura\" \/>\n\t<meta name=\"twitter:data1\" content=\"6 minutos\" \/>\n<!-- \/ Yoast SEO plugin. -->","yoast_head_json":{"title":"Lupus - S\u00edntomas y causas - Los mejores reumat\u00f3logos en Queens, NY","description":"Los mejores reumat\u00f3logos en Queens. Descubre c\u00f3mo puede afectar el lupus a tus articulaciones, piel, ri\u00f1ones y otras zonas del cuerpo, y aprende a controlar los s\u00edntomas con eficacia.","robots":{"index":"index","follow":"follow","max-snippet":"max-snippet:-1","max-image-preview":"max-image-preview:large","max-video-preview":"max-video-preview:-1"},"canonical":"https:\/\/www.medexdtc.com\/es\/lupus-symptoms-causes-top-rheumatologists-in-queens-ny\/","og_locale":"es_ES","og_type":"article","og_title":"Lupus - S\u00edntomas y causas - Los mejores reumat\u00f3logos en Queens, NY","og_description":"Los mejores reumat\u00f3logos en Queens. Descubre c\u00f3mo puede afectar el lupus a tus articulaciones, piel, ri\u00f1ones y otras zonas del cuerpo, y aprende a controlar los s\u00edntomas con eficacia.","og_url":"https:\/\/www.medexdtc.com\/es\/lupus-symptoms-causes-top-rheumatologists-in-queens-ny\/","og_site_name":"Medex Diagnostic and Treatment Center - Queens Medical Center - Medical Clinic in Forest Hills, NY","article_publisher":"https:\/\/www.facebook.com\/medexny","article_modified_time":"2025-09-14T23:12:52+00:00","twitter_card":"summary_large_image","twitter_site":"@DtcMedex","twitter_misc":{"Tiempo de lectura":"6 minutos"},"schema":{"@context":"https:\/\/schema.org","@graph":[{"@type":"WebPage","@id":"https:\/\/www.medexdtc.com\/es\/lupus-symptoms-causes-top-rheumatologists-in-queens-ny\/","url":"https:\/\/www.medexdtc.com\/es\/lupus-symptoms-causes-top-rheumatologists-in-queens-ny\/","name":"Lupus - S\u00edntomas y causas - Los mejores reumat\u00f3logos en Queens, NY","isPartOf":{"@id":"https:\/\/www.medexdtc.com\/es\/#website"},"datePublished":"2025-03-13T00:28:22+00:00","dateModified":"2025-09-14T23:12:52+00:00","description":"Los mejores reumat\u00f3logos en Queens. Descubre c\u00f3mo puede afectar el lupus a tus articulaciones, piel, ri\u00f1ones y otras zonas del cuerpo, y aprende a controlar los s\u00edntomas con eficacia.","breadcrumb":{"@id":"https:\/\/www.medexdtc.com\/es\/lupus-symptoms-causes-top-rheumatologists-in-queens-ny\/#breadcrumb"},"inLanguage":"es","potentialAction":[{"@type":"ReadAction","target":["https:\/\/www.medexdtc.com\/es\/lupus-symptoms-causes-top-rheumatologists-in-queens-ny\/"]}]},{"@type":"BreadcrumbList","@id":"https:\/\/www.medexdtc.com\/es\/lupus-symptoms-causes-top-rheumatologists-in-queens-ny\/#breadcrumb","itemListElement":[{"@type":"ListItem","position":1,"name":"Home","item":"https:\/\/www.medexdtc.com\/es\/"},{"@type":"ListItem","position":2,"name":"Lupus &#8211; S\u00edntomas y causas &#8211; Los mejores reumat\u00f3logos en Queens, NY"}]},{"@type":"WebSite","@id":"https:\/\/www.medexdtc.com\/es\/#website","url":"https:\/\/www.medexdtc.com\/es\/","name":"Medex DTC","description":"Medex Diagnostic and Treatment Center is a Medical Center in Queens, NY is a dynamic multi-specialty clinic. Physicians delivering high quality individualized care in Forest Hills, Queens, NY.","publisher":{"@id":"https:\/\/www.medexdtc.com\/es\/#organization"},"potentialAction":[{"@type":"SearchAction","target":{"@type":"EntryPoint","urlTemplate":"https:\/\/www.medexdtc.com\/es\/?s={search_term_string}"},"query-input":{"@type":"PropertyValueSpecification","valueRequired":true,"valueName":"search_term_string"}}],"inLanguage":"es"},{"@type":"Organization","@id":"https:\/\/www.medexdtc.com\/es\/#organization","name":"Medex DCT","url":"https:\/\/www.medexdtc.com\/es\/","logo":{"@type":"ImageObject","inLanguage":"es","@id":"https:\/\/www.medexdtc.com\/es\/#\/schema\/logo\/image\/","url":"https:\/\/www.medexdtc.com\/wp-content\/uploads\/2024\/11\/medex-diagnostic-and-treatment-center-in-queens-NY.png","contentUrl":"https:\/\/www.medexdtc.com\/wp-content\/uploads\/2024\/11\/medex-diagnostic-and-treatment-center-in-queens-NY.png","width":226,"height":47,"caption":"Medex DCT"},"image":{"@id":"https:\/\/www.medexdtc.com\/es\/#\/schema\/logo\/image\/"},"sameAs":["https:\/\/www.facebook.com\/medexny","https:\/\/x.com\/DtcMedex","https:\/\/www.instagram.com\/medexdtc\/","https:\/\/www.linkedin.com\/company\/medex-diagnostic-and-treatment-center\/about\/"]}]}},"jetpack_sharing_enabled":true,"_links":{"self":[{"href":"https:\/\/www.medexdtc.com\/es\/wp-json\/wp\/v2\/pages\/6080","targetHints":{"allow":["GET"]}}],"collection":[{"href":"https:\/\/www.medexdtc.com\/es\/wp-json\/wp\/v2\/pages"}],"about":[{"href":"https:\/\/www.medexdtc.com\/es\/wp-json\/wp\/v2\/types\/page"}],"author":[{"embeddable":true,"href":"https:\/\/www.medexdtc.com\/es\/wp-json\/wp\/v2\/users\/3"}],"replies":[{"embeddable":true,"href":"https:\/\/www.medexdtc.com\/es\/wp-json\/wp\/v2\/comments?post=6080"}],"version-history":[{"count":1,"href":"https:\/\/www.medexdtc.com\/es\/wp-json\/wp\/v2\/pages\/6080\/revisions"}],"predecessor-version":[{"id":6081,"href":"https:\/\/www.medexdtc.com\/es\/wp-json\/wp\/v2\/pages\/6080\/revisions\/6081"}],"wp:attachment":[{"href":"https:\/\/www.medexdtc.com\/es\/wp-json\/wp\/v2\/media?parent=6080"}],"curies":[{"name":"wp","href":"https:\/\/api.w.org\/{rel}","templated":true}]}}