{"id":6084,"date":"2020-08-05T22:44:35","date_gmt":"2020-08-05T17:44:35","guid":{"rendered":"https:\/\/www.medexdtc.com\/degeneracion-macular\/"},"modified":"2020-08-05T22:44:35","modified_gmt":"2020-08-05T17:44:35","slug":"macular-degeneration","status":"publish","type":"page","link":"https:\/\/www.medexdtc.com\/es\/macular-degeneration\/","title":{"rendered":"Degeneraci\u00f3n macular"},"content":{"rendered":"<p>A medida que envejeces, proteger tu visi\u00f3n es cada vez m\u00e1s importante, sobre todo cuando te enfrentas a enfermedades como <strong data-start=\"105\" data-end=\"129\">la degeneraci\u00f3n macular<\/strong>, una de las principales causas de p\u00e9rdida de visi\u00f3n. Dar prioridad a la salud ocular es esencial para mantener tu bienestar general. En el Centro de Diagn\u00f3stico y Tratamiento Medex de Queens (Nueva York), oftalm\u00f3logos experimentados proporcionan atenci\u00f3n experta y estrategias eficaces para controlar y ralentizar la progresi\u00f3n de la <strong data-start=\"414\" data-end=\"438\">Degeneraci\u00f3n<\/strong> Macular. Si notas cambios inusuales en tu visi\u00f3n, no esperes: concierta una cita para tomar medidas proactivas para conservar la vista y vivir un futuro m\u00e1s sano.   <\/p>\n<p>La degeneraci\u00f3n macular es una enfermedad ocular que provoca un cambio en la visi\u00f3n. Provoca el adelgazamiento de una parte de tu retina, llamada m\u00e1cula. Es una afecci\u00f3n frecuente que emborrona gradualmente tu visi\u00f3n central. Como resultado, tendr\u00e1s dificultades para realizar actividades cotidianas, como leer y conducir. Tambi\u00e9n llamada degeneraci\u00f3n macular asociada a la edad o DMAE, esta enfermedad es la principal causa de p\u00e9rdida de visi\u00f3n en adultos mayores de 50 a\u00f1os.    <\/p>\n<p>Los <a href=\"https:\/\/www.medexdtc.com\/es\/ophthalmology\/\">oftalm\u00f3logos<\/a> expertos del Centro de Diagn\u00f3stico y Tratamiento Medex de Queens, Nueva York, detectan los primeros signos de degeneraci\u00f3n macular. A menos que ya est\u00e9s experimentando p\u00e9rdida de visi\u00f3n, tu oftalm\u00f3logo suele encontrar indicios de degeneraci\u00f3n macular durante un examen ocular completo rutinario. \u00c9sa es otra buena raz\u00f3n para mantener un programa regular de revisiones con tu oftalm\u00f3logo u \u00f3ptico.  <\/p>\n<h2>\u00bfPuedes prevenir la degeneraci\u00f3n macular?<\/h2>\n<p>Un estilo de vida saludable no s\u00f3lo aumenta tus posibilidades de longevidad, sino que tambi\u00e9n reduce el riesgo de desarrollar muchas enfermedades, incluida la degeneraci\u00f3n macular. Entre las opciones de estilo de vida saludable se incluyen: <\/p>\n<ul>\n<li>Comer una variedad de alimentos ricos en nutrientes y bajos en grasas, como verduras de hoja verde, cereales integrales, carnes magras, frutas y pescado.<\/li>\n<li>Realizar una actividad f\u00edsica regular que incluya tanto ejercicios de fortalecimiento como aer\u00f3bicos<\/li>\n<li>Mantener un peso corporal saludable<\/li>\n<li>Mantener tus niveles de colesterol y presi\u00f3n arterial dentro de unos l\u00edmites saludables<\/li>\n<\/ul>\n<p>Fumar tambi\u00e9n aumenta el riesgo de desarrollar DMAE. Si actualmente fumas, pide ayuda a tu oftalm\u00f3logo para dejar de fumar. Si tienes otros problemas m\u00e9dicos -como <a href=\"https:\/\/www.medexdtc.com\/es\/high-blood-pressure\/\">hipertensi\u00f3n<\/a>, <a href=\"https:\/\/www.medexdtc.com\/es\/obesity\/\">obesidad<\/a> o <a href=\"https:\/\/www.medexdtc.com\/es\/diabetes\/\">diabetes-<\/a>, toma ahora el control de tu salud. Puedes hacerlo con la orientaci\u00f3n de un especialista en Medex, que cuenta con expertos en m\u00e1s de una docena de especialidades m\u00e9dicas, todo en un mismo lugar.   <\/p>\n<h2>Los s\u00edntomas de la degeneraci\u00f3n macular<\/h2>\n<p>La degeneraci\u00f3n macular puede afectar a uno o a ambos ojos. Los s\u00edntomas suelen aparecer gradualmente, por lo que la detecci\u00f3n precoz evita un mayor deterioro. Entre los signos de degeneraci\u00f3n macular de aparici\u00f3n precoz se incluyen:  <\/p>\n<ul>\n<li>Ver una zona borrosa cerca del centro de tu campo visual<\/li>\n<li>Visi\u00f3n distorsionada o borrosa<\/li>\n<li>Sensibilidad al deslumbramiento<\/li>\n<li>Dificultad para adaptarse a zonas con poca luz<\/li>\n<li>Necesitas una luz brillante para realizar trabajos de cerca, como leer o coser<\/li>\n<\/ul>\n<p>Si estos s\u00edntomas s\u00f3lo est\u00e1n presentes en un ojo, puede que no los notes. Sin embargo, a medida que la enfermedad progresa, la zona borrosa en el centro de tu visi\u00f3n se agranda. Puedes notar que los colores no parecen tan brillantes como antes. Con el tiempo, incluso puedes empezar a tener dificultades para reconocer caras.   <\/p>\n<h2>\u00bfQu\u00e9 causa la degeneraci\u00f3n macular?<\/h2>\n<p>La degeneraci\u00f3n macular est\u00e1 asociada al envejecimiento, pero las investigaciones indican que tus genes tambi\u00e9n desempe\u00f1an un papel. Lo que m\u00e1s puedes controlar son los factores ambientales y las elecciones de estilo de vida, como fumar, la inactividad y la obesidad. Si los superas, reduces el riesgo de desarrollar esta afecci\u00f3n ocular.  <\/p>\n<p>La exposici\u00f3n a la luz solar directa a lo largo de varios a\u00f1os puede ser un factor contribuyente. Otros problemas de salud, como las enfermedades que afectan a la tensi\u00f3n arterial y al coraz\u00f3n, aumentan el riesgo de desarrollar DMAE. <\/p>\n<h2>Tratamiento de la degeneraci\u00f3n macular<\/h2>\n<p>Hay dos tipos de degeneraci\u00f3n macular. El tipo m\u00e1s frecuente se denomina degeneraci\u00f3n macular seca. Esta forma de DMAE progresa lentamente. Con el tiempo puede evolucionar a degeneraci\u00f3n macular h\u00fameda, que provoca una p\u00e9rdida de visi\u00f3n grave y permanente.   <\/p>\n<p>La forma seca, que es la fase inicial de la DMAE, no tiene actualmente ning\u00fan tratamiento aprobado por la FDA. Llevar una dieta sana y tomar suplementos nutricionales que incluyan vitaminas antioxidantes reducen el riesgo de evolucionar a la forma h\u00fameda de la DMAE. <\/p>\n<p>El objetivo del tratamiento de la DMAE h\u00fameda es detener el crecimiento an\u00f3malo de los vasos sangu\u00edneos, evitando al mismo tiempo que el l\u00edquido se filtre a la retina. Para ello, el oftalm\u00f3logo inyecta medicamentos en el ojo para reducir el tama\u00f1o de los vasos sangu\u00edneos. Tambi\u00e9n puede utilizarse la terapia l\u00e1ser para destruir los vasos sangu\u00edneos an\u00f3malos.  <\/p>\n<h2>Cuidar tus ojos y tu salud en general<\/h2>\n<p>Hacerse revisiones oculares peri\u00f3dicas es la mejor manera de asegurarse de que cualquier enfermedad ocular se detecta lo antes posible. Toma buenas decisiones en tu estilo de vida, como mantenerte activo, elegir alimentos sanos y aprender a controlar el estr\u00e9s. Estas medidas preventivas te ayudar\u00e1n a tener buen aspecto, sentirte bien y reducir el riesgo de desarrollar DMAE y otras enfermedades.  <\/p>\n<p><strong>En Queens, el Centro de Diagn\u00f3stico y Tratamiento Medex es una consulta multiespecialidad donde puedes recibir atenci\u00f3n m\u00e9dica experta en m\u00faltiples \u00e1reas, como oftalmolog\u00eda, <a href=\"https:\/\/www.medexdtc.com\/es\/primary-care\/\">atenci\u00f3n primaria<\/a>, <a href=\"https:\/\/www.medexdtc.com\/cardiology\/\">cardiolog\u00eda<\/a>, <a href=\"https:\/\/www.medexdtc.com\/es\/tratamiento-del-dolor-en-queens\/\">tratamiento del dolor<\/a> y mucho m\u00e1s. <a href=\"https:\/\/www.medexdtc.com\/es\/macular-degeneration\/#contact-form\">Ponte en contacto con tu oftalm\u00f3logo<\/a> para recibir atenci\u00f3n experta de tus ojos para prevenir o tratar la degeneraci\u00f3n macular.<\/strong><\/p>\n<p>Podemos ayudarte a encontrar m\u00e9dico. Ll\u00e1manos: <a href=\"tel:+17182758900\">(718) 275-8900<\/a> <\/p>\n<p>Con licencia del estado de Nueva York, Medex es un centro de diagn\u00f3stico y tratamiento del art\u00edculo 28. Nuestros m\u00e9dicos proporcionan atenci\u00f3n integral a pacientes de todas las edades en la zona de Forest Hills, Queens, desde hace m\u00e1s de 15 a\u00f1os. Empieza a recibir atenci\u00f3n experta ahora llamando o concertando una cita en l\u00ednea con uno de los especialistas cualificados.  <\/p>\n<h2>PREGUNTAS FRECUENTES<\/h2>\n<p data-start=\"86\" data-end=\"538\"><strong data-start=\"86\" data-end=\"158\">1. \u00bfQu\u00e9 ocurre si suspendes las inyecciones oculares para la degeneraci\u00f3n macular?<\/strong><br data-start=\"158\" data-end=\"161\">Si suspendes las inyecciones oculares -t\u00edpicamente las inyecciones anti-VEGF utilizadas para <strong data-start=\"228\" data-end=\"256\">la degeneraci\u00f3n macular h\u00fameda-<\/strong>, los vasos sangu\u00edneos anormales de la retina pueden seguir creciendo y goteando. Esto puede provocar <strong data-start=\"346\" data-end=\"371\">una p\u00e9rdida permanente de visi\u00f3n<\/strong> o un empeoramiento de tu enfermedad. Las inyecciones regulares ayudan a controlar la enfermedad y a prevenir da\u00f1os mayores, por lo que no se aconseja interrumpir el tratamiento sin orientaci\u00f3n m\u00e9dica.  <\/p>\n<p data-start=\"545\" data-end=\"981\"><strong data-start=\"545\" data-end=\"608\">2. \u00bfLa degeneraci\u00f3n macular se hereda de la madre o del padre?<\/strong><br data-start=\"608\" data-end=\"611\"><strong data-start=\"611\" data-end=\"672\">La degeneraci\u00f3n macular puede heredarse de cualquiera de los dos progenitores.<\/strong> La enfermedad suele tener un componente gen\u00e9tico, sobre todo la <strong data-start=\"731\" data-end=\"773\">degeneraci\u00f3n macular asociada a la edad (DMAE<\/strong>). Algunos genes relacionados con la DMAE, como <em data-start=\"809\" data-end=\"814\">el CFH<\/em> y <em data-start=\"819\" data-end=\"826\">el ARMS2<\/em>, pueden heredarse de tu madre o de tu padre. Sin embargo, tener antecedentes familiares s\u00f3lo aumenta el riesgo, no garantiza que vayas a desarrollar la enfermedad.  <\/p>\n<p data-start=\"988\" data-end=\"1375\"><strong data-start=\"988\" data-end=\"1044\">3. \u00bfPuedes tener drusas sin degeneraci\u00f3n mac<\/strong>ular?<br data-start=\"1044\" data-end=\"1047\">S\u00ed, puedes tener <strong data-start=\"1065\" data-end=\"1075\">drusas -dep\u00f3sitos amarillos<\/strong>bajo la retina- sin tener degeneraci\u00f3n macular. Las drusas peque\u00f1as y duras pueden aparecer como parte del envejecimiento normal y no causar problemas de visi\u00f3n. Sin embargo, las <strong data-start=\"1244\" data-end=\"1268\">drusas grandes o blandas<\/strong> suelen asociarse a <strong data-start=\"1295\" data-end=\"1317\">los primeros signos de DMAE<\/strong>, sobre todo si aumentan en n\u00famero o tama\u00f1o con el tiempo.  <\/p>\n<p data-start=\"1382\" data-end=\"1764\"><strong data-start=\"1382\" data-end=\"1437\">4. \u00bfPuede la cirug\u00eda de cataratas causar degeneraci\u00f3n macular?<\/strong><br data-start=\"1437\" data-end=\"1440\">La cirug\u00eda de cataratas <strong data-start=\"1457\" data-end=\"1496\">no causa degeneraci\u00f3n macular<\/strong>, pero puede <strong data-start=\"1509\" data-end=\"1546\">hacer que la DMAE existente sea m\u00e1s perceptible<\/strong> o <strong data-start=\"1550\" data-end=\"1600\">acelerar su progresi\u00f3n en algunos individuos<\/strong>. La cirug\u00eda en s\u00ed es segura y se realiza con frecuencia, pero los pacientes con DMAE deben hablar de los posibles riesgos y beneficios con su oftalm\u00f3logo antes de proceder. <\/p>\n<p data-start=\"86\" data-end=\"646\"><strong data-start=\"86\" data-end=\"130\">5. \u00bfLa degeneraci\u00f3n<\/strong> <strong data-start=\"138\" data-end=\"193\">macular<\/strong><strong data-start=\"86\" data-end=\"130\">es una discapacidad?<\/strong><br data-start=\"130\" data-end=\"133\">S\u00ed, <strong data-start=\"138\" data-end=\"193\">la degeneraci\u00f3n macular puede considerarse una discapacidad<\/strong>, sobre todo en sus fases avanzadas, cuando afecta significativamente a la visi\u00f3n central. Las personas con p\u00e9rdida grave de visi\u00f3n por <strong data-start=\"311\" data-end=\"353\">degeneraci\u00f3n macular asociada a la edad (DMAE<\/strong> ) pueden tener derecho a <strong data-start=\"370\" data-end=\"393\">prestaciones por discapacidad<\/strong>, dependiendo de lo mucho que la enfermedad limite su capacidad para trabajar o realizar actividades cotidianas. En EE.UU., la Administraci\u00f3n de la Seguridad Social incluye determinadas deficiencias visuales -como una agudeza visual central de 20\/200 o peor- en sus criterios de discapacidad.  <\/p>\n<p data-start=\"653\" data-end=\"780\"><strong data-start=\"653\" data-end=\"704\">6. \u00bfA qu\u00e9 velocidad progresa la deg<\/strong>eneraci\u00f3n macular<strong data-start=\"653\" data-end=\"704\">?<\/strong><br data-start=\"704\" data-end=\"707\">La <strong data-start=\"711\" data-end=\"731\">velocidad de progresi\u00f3n<\/strong> de la degeneraci\u00f3n macular depende del <strong data-start=\"771\" data-end=\"779\">tipo<\/strong>:<\/p>\n<ul data-start=\"782\" data-end=\"1167\">\n<li data-start=\"782\" data-end=\"934\">\n<p data-start=\"784\" data-end=\"934\"><strong data-start=\"784\" data-end=\"818\">La DMAE seca (la forma m\u00e1s com\u00fan)<\/strong> progresa <strong data-start=\"830\" data-end=\"840\">lentamente<\/strong>, a menudo a lo largo de varios a\u00f1os. Algunas personas pueden no notar s\u00edntomas hasta que la enfermedad est\u00e1 avanzada. <\/p>\n<\/li>\n<li data-start=\"935\" data-end=\"1167\">\n<p data-start=\"937\" data-end=\"1167\"><strong data-start=\"937\" data-end=\"948\">La DMAE h\u00fameda<\/strong> progresa <strong data-start=\"960\" data-end=\"976\">m\u00e1s r\u00e1pidamente<\/strong>, provocando a veces graves alteraciones de la visi\u00f3n en <strong data-start=\"1026\" data-end=\"1045\">semanas o meses<\/strong> si no se trata. Sin embargo, un tratamiento a tiempo (como las inyecciones anti-VEGF) puede ralentizar o estabilizar significativamente la enfermedad. <\/p>\n<\/li>\n<\/ul>\n","protected":false},"excerpt":{"rendered":"<p>A medida que envejeces, proteger tu visi\u00f3n es cada vez m\u00e1s importante, sobre todo cuando te enfrentas a enfermedades como la degeneraci\u00f3n macular, una de las principales causas de p\u00e9rdida de visi\u00f3n. Dar prioridad a la salud ocular es esencial para mantener tu bienestar general. En el Centro de Diagn\u00f3stico y Tratamiento Medex de Queens &hellip; <\/p>\n<p class=\"link-more\"><a href=\"https:\/\/www.medexdtc.com\/es\/macular-degeneration\/\" class=\"more-link\">Continue reading<span class=\"screen-reader-text\"> \u00abDegeneraci\u00f3n macular\u00bb<\/span><\/a><\/p>\n","protected":false},"author":3,"featured_media":4833,"parent":0,"menu_order":0,"comment_status":"closed","ping_status":"closed","template":"new_inner.php","meta":{"_acf_changed":false,"footnotes":""},"class_list":["post-6084","page","type-page","status-publish","has-post-thumbnail","hentry"],"acf":[],"yoast_head":"<!-- This site is optimized with the Yoast SEO plugin v27.5 - https:\/\/yoast.com\/product\/yoast-seo-wordpress\/ -->\n<title>Tratamiento de la Degeneraci\u00f3n Macular | Los Mejores Oftalm\u00f3logos en Forest Hills, Queens, NY<\/title>\n<meta name=\"description\" content=\"La degeneraci\u00f3n macular es una enfermedad ocular que provoca un cambio en la visi\u00f3n. Los oftalm\u00f3logos expertos del Centro de Diagn\u00f3stico y Tratamiento Medex de Queens, NY, detectan los primeros signos de DMAE.\" \/>\n<meta name=\"robots\" content=\"index, follow, max-snippet:-1, max-image-preview:large, max-video-preview:-1\" \/>\n<link rel=\"canonical\" href=\"https:\/\/www.medexdtc.com\/es\/macular-degeneration\/\" \/>\n<meta property=\"og:locale\" content=\"es_ES\" \/>\n<meta property=\"og:type\" content=\"article\" \/>\n<meta property=\"og:title\" content=\"Tratamiento de la Degeneraci\u00f3n Macular | Los Mejores Oftalm\u00f3logos en Forest Hills, Queens, NY\" \/>\n<meta property=\"og:description\" content=\"La degeneraci\u00f3n macular es una enfermedad ocular que provoca un cambio en la visi\u00f3n. Los oftalm\u00f3logos expertos del Centro de Diagn\u00f3stico y Tratamiento Medex de Queens, NY, detectan los primeros signos de DMAE.\" \/>\n<meta property=\"og:url\" content=\"https:\/\/www.medexdtc.com\/es\/macular-degeneration\/\" \/>\n<meta property=\"og:site_name\" content=\"Medex Diagnostic and Treatment Center - Queens Medical Center - Medical Clinic in Forest Hills, NY\" \/>\n<meta property=\"article:publisher\" content=\"https:\/\/www.facebook.com\/medexny\" \/>\n<meta property=\"og:image\" content=\"https:\/\/www.medexdtc.com\/wp-content\/uploads\/2025\/05\/Macular-Degeneration-treatment-in-queens.jpg\" \/>\n\t<meta property=\"og:image:width\" content=\"1200\" \/>\n\t<meta property=\"og:image:height\" content=\"600\" \/>\n\t<meta property=\"og:image:type\" content=\"image\/jpeg\" \/>\n<meta name=\"twitter:card\" content=\"summary_large_image\" \/>\n<meta name=\"twitter:site\" content=\"@DtcMedex\" \/>\n<meta name=\"twitter:label1\" content=\"Tiempo de lectura\" \/>\n\t<meta name=\"twitter:data1\" content=\"8 minutos\" \/>\n<!-- \/ Yoast SEO plugin. -->","yoast_head_json":{"title":"Tratamiento de la Degeneraci\u00f3n Macular | Los Mejores Oftalm\u00f3logos en Forest Hills, Queens, NY","description":"La degeneraci\u00f3n macular es una enfermedad ocular que provoca un cambio en la visi\u00f3n. Los oftalm\u00f3logos expertos del Centro de Diagn\u00f3stico y Tratamiento Medex de Queens, NY, detectan los primeros signos de DMAE.","robots":{"index":"index","follow":"follow","max-snippet":"max-snippet:-1","max-image-preview":"max-image-preview:large","max-video-preview":"max-video-preview:-1"},"canonical":"https:\/\/www.medexdtc.com\/es\/macular-degeneration\/","og_locale":"es_ES","og_type":"article","og_title":"Tratamiento de la Degeneraci\u00f3n Macular | Los Mejores Oftalm\u00f3logos en Forest Hills, Queens, NY","og_description":"La degeneraci\u00f3n macular es una enfermedad ocular que provoca un cambio en la visi\u00f3n. Los oftalm\u00f3logos expertos del Centro de Diagn\u00f3stico y Tratamiento Medex de Queens, NY, detectan los primeros signos de DMAE.","og_url":"https:\/\/www.medexdtc.com\/es\/macular-degeneration\/","og_site_name":"Medex Diagnostic and Treatment Center - Queens Medical Center - Medical Clinic in Forest Hills, NY","article_publisher":"https:\/\/www.facebook.com\/medexny","og_image":[{"width":1200,"height":600,"url":"https:\/\/www.medexdtc.com\/wp-content\/uploads\/2025\/05\/Macular-Degeneration-treatment-in-queens.jpg","type":"image\/jpeg"}],"twitter_card":"summary_large_image","twitter_site":"@DtcMedex","twitter_misc":{"Tiempo de lectura":"8 minutos"},"schema":{"@context":"https:\/\/schema.org","@graph":[{"@type":"WebPage","@id":"https:\/\/www.medexdtc.com\/es\/macular-degeneration\/","url":"https:\/\/www.medexdtc.com\/es\/macular-degeneration\/","name":"Tratamiento de la Degeneraci\u00f3n Macular | Los Mejores Oftalm\u00f3logos en Forest Hills, Queens, NY","isPartOf":{"@id":"https:\/\/www.medexdtc.com\/es\/#website"},"primaryImageOfPage":{"@id":"https:\/\/www.medexdtc.com\/es\/macular-degeneration\/#primaryimage"},"image":{"@id":"https:\/\/www.medexdtc.com\/es\/macular-degeneration\/#primaryimage"},"thumbnailUrl":"https:\/\/www.medexdtc.com\/wp-content\/uploads\/2025\/05\/Macular-Degeneration-treatment-in-queens.jpg","datePublished":"2020-08-05T17:44:35+00:00","description":"La degeneraci\u00f3n macular es una enfermedad ocular que provoca un cambio en la visi\u00f3n. Los oftalm\u00f3logos expertos del Centro de Diagn\u00f3stico y Tratamiento Medex de Queens, NY, detectan los primeros signos de DMAE.","breadcrumb":{"@id":"https:\/\/www.medexdtc.com\/es\/macular-degeneration\/#breadcrumb"},"inLanguage":"es","potentialAction":[{"@type":"ReadAction","target":["https:\/\/www.medexdtc.com\/es\/macular-degeneration\/"]}]},{"@type":"ImageObject","inLanguage":"es","@id":"https:\/\/www.medexdtc.com\/es\/macular-degeneration\/#primaryimage","url":"https:\/\/www.medexdtc.com\/wp-content\/uploads\/2025\/05\/Macular-Degeneration-treatment-in-queens.jpg","contentUrl":"https:\/\/www.medexdtc.com\/wp-content\/uploads\/2025\/05\/Macular-Degeneration-treatment-in-queens.jpg","width":1200,"height":600,"caption":"Macular Degeneration treatment in queens"},{"@type":"BreadcrumbList","@id":"https:\/\/www.medexdtc.com\/es\/macular-degeneration\/#breadcrumb","itemListElement":[{"@type":"ListItem","position":1,"name":"Home","item":"https:\/\/www.medexdtc.com\/es\/"},{"@type":"ListItem","position":2,"name":"Degeneraci\u00f3n macular"}]},{"@type":"WebSite","@id":"https:\/\/www.medexdtc.com\/es\/#website","url":"https:\/\/www.medexdtc.com\/es\/","name":"Medex DTC","description":"Medex Diagnostic and Treatment Center is a Medical Center in Queens, NY is a dynamic multi-specialty clinic. Physicians delivering high quality individualized care in Forest Hills, Queens, NY.","publisher":{"@id":"https:\/\/www.medexdtc.com\/es\/#organization"},"potentialAction":[{"@type":"SearchAction","target":{"@type":"EntryPoint","urlTemplate":"https:\/\/www.medexdtc.com\/es\/?s={search_term_string}"},"query-input":{"@type":"PropertyValueSpecification","valueRequired":true,"valueName":"search_term_string"}}],"inLanguage":"es"},{"@type":"Organization","@id":"https:\/\/www.medexdtc.com\/es\/#organization","name":"Medex DCT","url":"https:\/\/www.medexdtc.com\/es\/","logo":{"@type":"ImageObject","inLanguage":"es","@id":"https:\/\/www.medexdtc.com\/es\/#\/schema\/logo\/image\/","url":"https:\/\/www.medexdtc.com\/wp-content\/uploads\/2024\/11\/medex-diagnostic-and-treatment-center-in-queens-NY.png","contentUrl":"https:\/\/www.medexdtc.com\/wp-content\/uploads\/2024\/11\/medex-diagnostic-and-treatment-center-in-queens-NY.png","width":226,"height":47,"caption":"Medex DCT"},"image":{"@id":"https:\/\/www.medexdtc.com\/es\/#\/schema\/logo\/image\/"},"sameAs":["https:\/\/www.facebook.com\/medexny","https:\/\/x.com\/DtcMedex","https:\/\/www.instagram.com\/medexdtc\/","https:\/\/www.linkedin.com\/company\/medex-diagnostic-and-treatment-center\/about\/"]}]}},"jetpack_sharing_enabled":true,"_links":{"self":[{"href":"https:\/\/www.medexdtc.com\/es\/wp-json\/wp\/v2\/pages\/6084","targetHints":{"allow":["GET"]}}],"collection":[{"href":"https:\/\/www.medexdtc.com\/es\/wp-json\/wp\/v2\/pages"}],"about":[{"href":"https:\/\/www.medexdtc.com\/es\/wp-json\/wp\/v2\/types\/page"}],"author":[{"embeddable":true,"href":"https:\/\/www.medexdtc.com\/es\/wp-json\/wp\/v2\/users\/3"}],"replies":[{"embeddable":true,"href":"https:\/\/www.medexdtc.com\/es\/wp-json\/wp\/v2\/comments?post=6084"}],"version-history":[{"count":0,"href":"https:\/\/www.medexdtc.com\/es\/wp-json\/wp\/v2\/pages\/6084\/revisions"}],"wp:featuredmedia":[{"embeddable":true,"href":"https:\/\/www.medexdtc.com\/es\/wp-json\/wp\/v2\/media\/4833"}],"wp:attachment":[{"href":"https:\/\/www.medexdtc.com\/es\/wp-json\/wp\/v2\/media?parent=6084"}],"curies":[{"name":"wp","href":"https:\/\/api.w.org\/{rel}","templated":true}]}}