{"id":6141,"date":"2020-08-05T22:58:17","date_gmt":"2020-08-05T17:58:17","guid":{"rendered":"https:\/\/www.medexdtc.com\/cicatrices\/"},"modified":"2020-08-05T22:58:17","modified_gmt":"2020-08-05T17:58:17","slug":"scars","status":"publish","type":"page","link":"https:\/\/www.medexdtc.com\/es\/scars\/","title":{"rendered":"Cicatrices"},"content":{"rendered":"<p><strong>En las pel\u00edculas, s\u00f3lo los malos tienen cicatrices, y esa percepci\u00f3n se traslada al mundo real. Para evitar que te encasillen como villano, quiz\u00e1 quieras tratar las cicatrices en lugares visibles, sobre todo en la cara. Visita el Centro de Diagn\u00f3stico y Tratamiento Medex de Queens, NY, para una evaluaci\u00f3n experta. Tu dermat\u00f3logo examinar\u00e1 tu cicatriz y elegir\u00e1 el tratamiento adecuado para ocultarla. Llama hoy para pedir cita.    <\/strong><\/p>\n<p>Las cicatrices son esas marcas de color p\u00e1lido u oscuro que quedan en tu cuerpo tras la curaci\u00f3n de una herida. Cuando s\u00f3lo se da\u00f1a la capa superior de la piel, la herida no crea cicatriz. Pero cuando la herida es m\u00e1s profunda, el proceso natural de curaci\u00f3n de tu cuerpo desarrolla un parche de piel m\u00e1s grueso. Esto es lo que ves como cicatriz.   <\/p>\n<p>Puede que quieras tratar una cicatriz simplemente por motivos est\u00e9ticos. Las cicatrices pueden estar en un lugar llamativo, como la cara, la pierna o el brazo, y hacerte sentir cohibido. Si tus cicatrices son lo bastante grandes y visibles, puedes llegar a <a href=\"https:\/\/www.medexdtc.com\/es\/depression\/\">deprimirte<\/a> por ellas. Para minimizar tu <a href=\"https:\/\/www.medexdtc.com\/es\/anxiety\/\">ansiedad<\/a> por las cicatrices, busca ayuda m\u00e9dica de un <a href=\"https:\/\/www.medexdtc.com\/es\/dermatology\/\">dermat\u00f3logo<\/a> experimentado.   <\/p>\n<p>En raras ocasiones, algunos tipos de c\u00e1ncer de piel, como <a href=\"https:\/\/www.medexdtc.com\/es\/carcinoma-de-celulas-basales\/\">el carcinoma basocelular<\/a>, aparecen con aspecto de cicatriz. Hacer que un dermat\u00f3logo revise tus cicatrices es la mejor manera de evitar que se diagnostiquen err\u00f3neamente c\u00e9lulas cancerosas. El Centro de Diagn\u00f3stico y Tratamiento Medex de Queens, Nueva York, trata todas las afecciones cut\u00e1neas y ofrece la mejor detecci\u00f3n precoz de c\u00e9lulas anormales.  <\/p>\n<h2>\u00bfCu\u00e1les son los distintos tipos de cicatrices?<\/h2>\n<p>La forma y el tama\u00f1o de tu cicatriz vienen determinados por el corte o el da\u00f1o. Cuanto m\u00e1s profundo sea el tejido cicatricial en tu piel, m\u00e1s intenso necesitar\u00e1s el tratamiento. Tu dermat\u00f3logo Medex tiene en cuenta tu edad, pues la piel m\u00e1s vieja es menos el\u00e1stica, y tu composici\u00f3n gen\u00e9tica. Por \u00faltimo, tambi\u00e9n debe evaluar el color de tu piel, pues algunos tipos de piel responden de forma diferente a los distintos tratamientos.   <\/p>\n<p>El especialista de la piel del Centro de Diagn\u00f3stico y Tratamiento Medex determina primero qu\u00e9 tipo de cicatrices tienes, ya que hay varias. Cada tipo tiene un aspecto un poco distinto y cada una puede requerir un tipo espec\u00edfico de remedio. Los tipos de cicatriz son:  <\/p>\n<ul>\n<li><strong>Cicatriz plana.<\/strong>  De color rosado o rojizo al principio, esta cicatriz luego se aplana y cambia de color al curarse.<\/li>\n<li><strong>Cicatriz elevada.<\/strong>  Son f\u00e1ciles de detectar, ya que puedes palpar la superficie elevada. Suelen aparecer en el pecho, la parte superior de la espalda o el hombro. Si la cicatriz es lo bastante grande o est\u00e1 cerca de una articulaci\u00f3n como los hombros o los codos, puede limitar la flexibilidad de esa articulaci\u00f3n.  <\/li>\n<li><strong>Cicatriz depresiva.<\/strong>  Parecen agujeros hundidos o picados. Suelen aparecer en la cara. El acn\u00e9 grave causa tres tipos distintos de cicatrices deprimidas: las de furg\u00f3n, las de picahielo o las de rodillo, cada una de las cuales requiere m\u00e9todos de tratamiento distintos. Tambi\u00e9n te salen cicatrices deprimidas si has tenido varicela.   <\/li>\n<li><strong>Queloide.<\/strong>  Quiz\u00e1 los m\u00e1s dif\u00edciles de prevenir sean los queloides. Aparecen meses o incluso un a\u00f1o despu\u00e9s de una lesi\u00f3n y suelen ser m\u00e1s grandes que la propia herida. A medida que crecen, puedes sentir picor o incluso dolor en la zona. Mientras que las cicatrices planas y elevadas acaban por confundirse con tu piel, los queloides siempre necesitan tratamiento.   <\/li>\n<li><strong>Cicatriz de contractura.<\/strong>  Las v\u00edctimas de quemaduras suelen ver este tipo de cicatrices. A medida que el cuerpo intenta curarse, los nuevos tejidos se vuelven m\u00e1s tensos y gruesos. Esto dificulta el movimiento, sobre todo si el tejido cicatrizado est\u00e1 cerca de una articulaci\u00f3n, porque la piel es menos flexible.  <\/li>\n<li><strong>Estr\u00edas.<\/strong>  Suelen aparecer despu\u00e9s de un embarazo o tras una p\u00e9rdida o ganancia r\u00e1pida de peso. El tejido conjuntivo de la piel se rompe debido al cambio brusco de peso, provocando marcas rojas, moradas o marr\u00f3n oscuro, que se vuelven plateadas o blancas con el tiempo. <\/li>\n<\/ul>\n<h2>Diferentes tratamientos para las cicatrices<\/h2>\n<p>Tu tratamiento depende de c\u00f3mo se formaron las cicatrices y de lo profundas que sean. Tu dermat\u00f3logo examina cuidadosamente el tejido cicatricial, as\u00ed como la piel circundante. Las afecciones m\u00e9dicas como <a href=\"https:\/\/www.medexdtc.com\/es\/diabetes\/\">la diabetes<\/a>, <a href=\"https:\/\/www.medexdtc.com\/es\/high-blood-pressure\/\">la hipertensi\u00f3n<\/a> o incluso una <a href=\"https:\/\/www.medexdtc.com\/es\/heart-disease\/\">enfermedad cardiovascular<\/a> suelen requerir un plan de tratamiento a medida para garantizar el \u00e9xito. Para determinar el tratamiento de tus cicatrices, tu experto en piel tiene en cuenta:   <\/p>\n<ul>\n<li>La causa de tu cicatriz: si se debe a una lesi\u00f3n accidental, una quemadura, acn\u00e9, cirug\u00eda, etc.<\/li>\n<li>El tama\u00f1o y la profundidad de la herida<\/li>\n<li>La localizaci\u00f3n de la cicatriz<\/li>\n<li>C\u00f3mo se trat\u00f3 inicialmente la herida, ya que una actuaci\u00f3n inmediata suele provocar cicatrices menos perceptibles.<\/li>\n<\/ul>\n<p>Tu dermat\u00f3logo del Centro de Diagn\u00f3stico y Tratamiento Medex dispone de muchas modalidades. Y si es necesario, los dem\u00e1s especialistas que trabajan all\u00ed est\u00e1n de guardia. Como resultado, puedes someterte a tratamientos que incluyen:  <\/p>\n<ul>\n<li>Presoterapia<\/li>\n<li>L\u00e1mina o pomada de gel de silicona<\/li>\n<li>Ap\u00f3sito de poliuretano<\/li>\n<li>Tratamientos con l\u00e1ser y radiofrecuencia<\/li>\n<li>Inyecciones de corticoesteroides<\/li>\n<li><a href=\"https:\/\/www.medexdtc.com\/stretch-mark-removal\/\">Eliminaci\u00f3n de estr\u00edas<\/a><\/li>\n<li>Inyecciones de bleomicina<\/li>\n<li>Criocirug\u00eda<\/li>\n<li>Eliminaci\u00f3n quir\u00fargica de cicatrices<\/li>\n<\/ul>\n<p><strong>La mayor\u00eda de los tratamientos de cicatrices se consideran cosm\u00e9ticos, as\u00ed que consulta con tu compa\u00f1\u00eda de seguros antes de someterte al tratamiento. Pero sea cual sea el tratamiento que elija tu m\u00e9dico, aumentas tus probabilidades de obtener un resultado satisfactorio visitando el centro multiespecialidad Medex de Queens. <a href=\"https:\/\/www.medexdtc.com\/es\/scars\/#contact-form\">Ponte en contacto con tu dermat\u00f3logo<\/a> para concertar hoy una cita. <\/strong><\/p>\n<p>Podemos ayudarte a encontrar m\u00e9dico. Llama al <a href=\"tel:+17182758900\">(718) 275-8900<\/a> <\/p>\n<p>Con licencia del estado de Nueva York, Medex es un centro de diagn\u00f3stico y tratamiento del art\u00edculo 28. Nuestros m\u00e9dicos proporcionan atenci\u00f3n integral a pacientes de todas las edades en la zona de Forest Hills, Queens, desde hace m\u00e1s de 15 a\u00f1os. Empieza a recibir atenci\u00f3n experta ahora llamando o concertando una cita en l\u00ednea con uno de los especialistas cualificados.<\/p>\n","protected":false},"excerpt":{"rendered":"<p>En las pel\u00edculas, s\u00f3lo los malos tienen cicatrices, y esa percepci\u00f3n se traslada al mundo real. Para evitar que te encasillen como villano, quiz\u00e1 quieras tratar las cicatrices en lugares visibles, sobre todo en la cara. Visita el Centro de Diagn\u00f3stico y Tratamiento Medex de Queens, NY, para una evaluaci\u00f3n experta. Tu dermat\u00f3logo examinar\u00e1 tu &hellip; <\/p>\n<p class=\"link-more\"><a href=\"https:\/\/www.medexdtc.com\/es\/scars\/\" class=\"more-link\">Continue reading<span class=\"screen-reader-text\"> \u00abCicatrices\u00bb<\/span><\/a><\/p>\n","protected":false},"author":3,"featured_media":0,"parent":0,"menu_order":0,"comment_status":"closed","ping_status":"closed","template":"new_inner.php","meta":{"_acf_changed":false,"footnotes":""},"class_list":["post-6141","page","type-page","status-publish","hentry"],"acf":[],"yoast_head":"<!-- This site is optimized with the Yoast SEO plugin v27.5 - https:\/\/yoast.com\/product\/yoast-seo-wordpress\/ -->\n<title>Tratamiento de cicatrices | Los mejores dermat\u00f3logos en Forest Hills, Queens, NY | Medex - Multi-Specialty Medical Center<\/title>\n<meta name=\"description\" content=\"Para minimizar tu ansiedad por las cicatrices, busca ayuda m\u00e9dica de un dermat\u00f3logo experimentado en el Centro de Diagn\u00f3stico y Tratamiento Medex de Forest Hills.\" \/>\n<meta name=\"robots\" content=\"index, follow, max-snippet:-1, max-image-preview:large, max-video-preview:-1\" \/>\n<link rel=\"canonical\" href=\"https:\/\/www.medexdtc.com\/es\/scars\/\" \/>\n<meta property=\"og:locale\" content=\"es_ES\" \/>\n<meta property=\"og:type\" content=\"article\" \/>\n<meta property=\"og:title\" content=\"Tratamiento de cicatrices | Los mejores dermat\u00f3logos en Forest Hills, Queens, NY | Medex - Multi-Specialty Medical Center\" \/>\n<meta property=\"og:description\" content=\"Para minimizar tu ansiedad por las cicatrices, busca ayuda m\u00e9dica de un dermat\u00f3logo experimentado en el Centro de Diagn\u00f3stico y Tratamiento Medex de Forest Hills.\" \/>\n<meta property=\"og:url\" content=\"https:\/\/www.medexdtc.com\/es\/scars\/\" \/>\n<meta property=\"og:site_name\" content=\"Medex Diagnostic and Treatment Center - Queens Medical Center - Medical Clinic in Forest Hills, NY\" \/>\n<meta property=\"article:publisher\" content=\"https:\/\/www.facebook.com\/medexny\" \/>\n<meta name=\"twitter:card\" content=\"summary_large_image\" \/>\n<meta name=\"twitter:site\" content=\"@DtcMedex\" \/>\n<meta name=\"twitter:label1\" content=\"Tiempo de lectura\" \/>\n\t<meta name=\"twitter:data1\" content=\"5 minutos\" \/>\n<!-- \/ Yoast SEO plugin. -->","yoast_head_json":{"title":"Tratamiento de cicatrices | Los mejores dermat\u00f3logos en Forest Hills, Queens, NY | Medex - Multi-Specialty Medical Center","description":"Para minimizar tu ansiedad por las cicatrices, busca ayuda m\u00e9dica de un dermat\u00f3logo experimentado en el Centro de Diagn\u00f3stico y Tratamiento Medex de Forest Hills.","robots":{"index":"index","follow":"follow","max-snippet":"max-snippet:-1","max-image-preview":"max-image-preview:large","max-video-preview":"max-video-preview:-1"},"canonical":"https:\/\/www.medexdtc.com\/es\/scars\/","og_locale":"es_ES","og_type":"article","og_title":"Tratamiento de cicatrices | Los mejores dermat\u00f3logos en Forest Hills, Queens, NY | Medex - Multi-Specialty Medical Center","og_description":"Para minimizar tu ansiedad por las cicatrices, busca ayuda m\u00e9dica de un dermat\u00f3logo experimentado en el Centro de Diagn\u00f3stico y Tratamiento Medex de Forest Hills.","og_url":"https:\/\/www.medexdtc.com\/es\/scars\/","og_site_name":"Medex Diagnostic and Treatment Center - Queens Medical Center - Medical Clinic in Forest Hills, NY","article_publisher":"https:\/\/www.facebook.com\/medexny","twitter_card":"summary_large_image","twitter_site":"@DtcMedex","twitter_misc":{"Tiempo de lectura":"5 minutos"},"schema":{"@context":"https:\/\/schema.org","@graph":[{"@type":"WebPage","@id":"https:\/\/www.medexdtc.com\/es\/scars\/","url":"https:\/\/www.medexdtc.com\/es\/scars\/","name":"Tratamiento de cicatrices | Los mejores dermat\u00f3logos en Forest Hills, Queens, NY | Medex - Multi-Specialty Medical Center","isPartOf":{"@id":"https:\/\/www.medexdtc.com\/es\/#website"},"datePublished":"2020-08-05T17:58:17+00:00","description":"Para minimizar tu ansiedad por las cicatrices, busca ayuda m\u00e9dica de un dermat\u00f3logo experimentado en el Centro de Diagn\u00f3stico y Tratamiento Medex de Forest Hills.","breadcrumb":{"@id":"https:\/\/www.medexdtc.com\/es\/scars\/#breadcrumb"},"inLanguage":"es","potentialAction":[{"@type":"ReadAction","target":["https:\/\/www.medexdtc.com\/es\/scars\/"]}]},{"@type":"BreadcrumbList","@id":"https:\/\/www.medexdtc.com\/es\/scars\/#breadcrumb","itemListElement":[{"@type":"ListItem","position":1,"name":"Home","item":"https:\/\/www.medexdtc.com\/es\/"},{"@type":"ListItem","position":2,"name":"Cicatrices"}]},{"@type":"WebSite","@id":"https:\/\/www.medexdtc.com\/es\/#website","url":"https:\/\/www.medexdtc.com\/es\/","name":"Medex DTC","description":"Medex Diagnostic and Treatment Center is a Medical Center in Queens, NY is a dynamic multi-specialty clinic. Physicians delivering high quality individualized care in Forest Hills, Queens, NY.","publisher":{"@id":"https:\/\/www.medexdtc.com\/es\/#organization"},"potentialAction":[{"@type":"SearchAction","target":{"@type":"EntryPoint","urlTemplate":"https:\/\/www.medexdtc.com\/es\/?s={search_term_string}"},"query-input":{"@type":"PropertyValueSpecification","valueRequired":true,"valueName":"search_term_string"}}],"inLanguage":"es"},{"@type":"Organization","@id":"https:\/\/www.medexdtc.com\/es\/#organization","name":"Medex DCT","url":"https:\/\/www.medexdtc.com\/es\/","logo":{"@type":"ImageObject","inLanguage":"es","@id":"https:\/\/www.medexdtc.com\/es\/#\/schema\/logo\/image\/","url":"https:\/\/www.medexdtc.com\/wp-content\/uploads\/2024\/11\/medex-diagnostic-and-treatment-center-in-queens-NY.png","contentUrl":"https:\/\/www.medexdtc.com\/wp-content\/uploads\/2024\/11\/medex-diagnostic-and-treatment-center-in-queens-NY.png","width":226,"height":47,"caption":"Medex DCT"},"image":{"@id":"https:\/\/www.medexdtc.com\/es\/#\/schema\/logo\/image\/"},"sameAs":["https:\/\/www.facebook.com\/medexny","https:\/\/x.com\/DtcMedex","https:\/\/www.instagram.com\/medexdtc\/","https:\/\/www.linkedin.com\/company\/medex-diagnostic-and-treatment-center\/about\/"]}]}},"jetpack_sharing_enabled":true,"_links":{"self":[{"href":"https:\/\/www.medexdtc.com\/es\/wp-json\/wp\/v2\/pages\/6141","targetHints":{"allow":["GET"]}}],"collection":[{"href":"https:\/\/www.medexdtc.com\/es\/wp-json\/wp\/v2\/pages"}],"about":[{"href":"https:\/\/www.medexdtc.com\/es\/wp-json\/wp\/v2\/types\/page"}],"author":[{"embeddable":true,"href":"https:\/\/www.medexdtc.com\/es\/wp-json\/wp\/v2\/users\/3"}],"replies":[{"embeddable":true,"href":"https:\/\/www.medexdtc.com\/es\/wp-json\/wp\/v2\/comments?post=6141"}],"version-history":[{"count":0,"href":"https:\/\/www.medexdtc.com\/es\/wp-json\/wp\/v2\/pages\/6141\/revisions"}],"wp:attachment":[{"href":"https:\/\/www.medexdtc.com\/es\/wp-json\/wp\/v2\/media?parent=6141"}],"curies":[{"name":"wp","href":"https:\/\/api.w.org\/{rel}","templated":true}]}}