{"id":6144,"date":"2025-04-09T07:06:43","date_gmt":"2025-04-09T02:06:43","guid":{"rendered":"https:\/\/www.medexdtc.com\/cuestiones-a-tener-en-cuenta-en-caso-de-accidente-laboral\/"},"modified":"2025-09-15T04:26:38","modified_gmt":"2025-09-14T23:26:38","slug":"questions-to-expect-with-a-workers-compensation-injury","status":"publish","type":"page","link":"https:\/\/www.medexdtc.com\/es\/questions-to-expect-with-a-workers-compensation-injury\/","title":{"rendered":"Cuestiones a tener en cuenta en caso de accidente laboral"},"content":{"rendered":"<h2 class=\"wp-block-heading\">Cuestiones a tener en cuenta en caso de accidente laboral<\/h2><p>La primera pregunta que se hace el Estado de Nueva York cuando se produce una lesi\u00f3n en el trabajo es si cumples los requisitos para ser considerado un empleado cubierto. Seg\u00fan la actual ley de indemnizaci\u00f3n por accidente de trabajo, la mayor\u00eda de los empleados que trabajan para una empresa con \u00e1nimo de lucro cumplen este requisito. <\/p><p>Hay determinados trabajadores que no est\u00e1n cubiertos por la ley.<\/p><p>&#8211; Voluntarios que ofrecen sus servicios sin remuneraci\u00f3n a una organizaci\u00f3n sin \u00e1nimo de lucro.<br\/>&#8211; Ministros, rabinos, sacerdotes, sacristanes y miembros de \u00f3rdenes religiosas licenciados, comisionados o debidamente ordenados.<br\/>&#8211; Miembros de actividades atl\u00e9ticas amateur supervisadas que funcionan sin \u00e1nimo de lucro.<br\/>&#8211; Ciertos profesores de o para empresas sin \u00e1nimo de lucro.<br\/>&#8211; Personas que trabajan para una instituci\u00f3n ben\u00e9fica para recibir ayudas como compensaci\u00f3n.<\/p><p>Hay una lista completa de empleados no cubiertos que facilita el Estado de Nueva York. Te conviene revisar la lista para determinar tu elegibilidad, lo que responde a esta primera pregunta. Cuando visites a un m\u00e9dico autorizado para la indemnizaci\u00f3n por accidente laboral, tambi\u00e9n deber\u00e1s responder a varias preguntas adicionales.  <\/p><figure class=\"wp-block-image\"><img decoding=\"async\" src=\"https:\/\/workerscompdrqueens.com\/wp-content\/uploads\/2018\/05\/blog-image-4.jpg\" alt=\"\" class=\"wp-image-205598\" title=\"\"\/><\/figure><h3 class=\"wp-block-heading\">#1. \u00bfD\u00f3nde se produjo la lesi\u00f3n?<\/h3><p>El m\u00e9dico que te atienda debe determinar si existe causa probable para creer que la lesi\u00f3n sufrida se produjo a causa de tus tareas profesionales habituales en el trabajo.<\/p><h3 class=\"wp-block-heading\">#2. \u00bfPodr\u00eda la lesi\u00f3n haber sido causada por influencias no profesionales?<\/h3><p>Hay algunas lesiones que se producen en el trabajo, aunque pueden estar influidas por otros factores no profesionales. Determinadas elecciones de estilo de vida, lesiones previas y otros factores atenuantes pueden hacer que a algunas lesiones se les asigne un porcentaje de responsabilidad desde el punto de vista de la indemnizaci\u00f3n por accidente laboral. <\/p><h3 class=\"wp-block-heading\">#3. \u00bfSe impondr\u00e1n restricciones al paciente?<\/h3><p>Cuando visites a un m\u00e9dico de accidentes laborales, parte del proceso de evaluaci\u00f3n determinar\u00e1 si puedes volver a tus tareas laborales habituales. Muchas lesiones pueden requerir restricciones que favorezcan el proceso de curaci\u00f3n, lo que significar\u00eda tareas modificadas o restringidas mientras est\u00e9s en el trabajo. Estas restricciones se ponen por escrito, lo que permite a tu empresario saber si puedes volver al trabajo, o cu\u00e1ndo, y qu\u00e9 puedes hacer cuando est\u00e9s de guardia.  <\/p><h3 class=\"wp-block-heading\">#4. \u00bfSe requieren citas de seguimiento?<\/h3><p>Algunas lesiones laborales pueden tratarse con una sola visita. Otras pueden requerir visitas de seguimiento para garantizar que el plan de tratamiento progresa como deber\u00eda. Algunos trabajadores lesionados pueden necesitar servicios adicionales, como cirug\u00eda, fisioterapia o supervisi\u00f3n de la medicaci\u00f3n, para lograr una recuperaci\u00f3n lo m\u00e1s completa posible.  <\/p><h3 class=\"wp-block-heading\">#5. \u00bfEs posible recuperarse totalmente?<\/h3><p>Seg\u00fan las directrices actuales sobre indemnizaci\u00f3n por accidente de trabajo, las clasificaciones de incapacidad diagnosticadas por un profesional sanitario autorizado determinan el alcance de las posibles prestaciones econ\u00f3micas. Hay cuatro clasificaciones de incapacidad posibles seg\u00fan las directrices actuales ofrecidas por la Junta de Indemnizaci\u00f3n por Accidentes de Trabajo. <\/p><p><strong>1. Incapacidad Temporal Total. Con este diagn\u00f3stico, la capacidad de un trabajador para ganar un sueldo se pierde por completo durante un periodo de tiempo temporal. <\/strong><br\/><strong>2. Incapacidad Temporal Parcial. Este diagn\u00f3stico significa que hay una p\u00e9rdida parcial de la capacidad de obtener un salario que acabar\u00e1 desapareciendo. <\/strong><br\/><strong>3. Incapacidad Permanente Parcial. Este diagn\u00f3stico significa que una parte de la capacidad asalariada del trabajador se pierde de forma permanente. <\/strong><br\/><strong>4. Incapacidad Permanente Total. Esto significa que su capacidad para obtener un salario en su profesi\u00f3n se ha perdido de forma completa y permanente. Los trabajadores pueden seguir ejerciendo una actividad laboral, siguiendo unas pautas espec\u00edficas.  <\/strong><\/p><p>Cuando se diagnostica una incapacidad, tu proveedor autorizado asignar\u00e1 un porcentaje a la p\u00e9rdida de capacidad salarial. Puede ser desde un 15% o menos hasta un 95% o m\u00e1s. El objetivo es conseguir que cada trabajador lesionado se encamine hacia una recuperaci\u00f3n total. Si eso no es posible, el objetivo de un plan de tratamiento es lograr la recuperaci\u00f3n m\u00e1s completa posible.   <\/p><h3 class=\"wp-block-heading\">#6. \u00bfCu\u00e1nto tiempo tardar\u00e1s en recuperarte?<\/h3><p>Los tiempos de recuperaci\u00f3n de una lesi\u00f3n dependen de cada persona. Tu m\u00e9dico de accidentes de trabajo autorizado har\u00e1 una estimaci\u00f3n sobre tu tiempo de recuperaci\u00f3n que podr\u00e1 comunicarse a todas las partes implicadas. Algunos trabajadores pueden estar de baja uno o dos d\u00edas a causa de su lesi\u00f3n. Otros pueden estar de baja una semana o dos. Algunos pueden estar de baja uno o dos meses.    <\/p><p>Hay muchas variables que pueden influir en el tiempo total de recuperaci\u00f3n, como el estado de salud actual de una persona, sus elecciones de estilo de vida y el historial de lesiones anteriores. Todos estos factores ser\u00e1n evaluados por el m\u00e9dico tratante. <\/p><h2 class=\"wp-block-heading\">\u00bfTe has lesionado en el trabajo?<\/h2><p>Si sufres una lesi\u00f3n relacionada con el trabajo, es posible que tambi\u00e9n tengas varias preguntas que hacerte. El primer paso del proceso es tratar la lesi\u00f3n. Busca los cuidados que sean necesarios. A continuaci\u00f3n, notifica a tu supervisor la lesi\u00f3n y c\u00f3mo se produjo.   <\/p><p>Si eres un empleado cubierto seg\u00fan la definici\u00f3n del Estado de Nueva York, tienes la opci\u00f3n de elegir, en la mayor\u00eda de los casos, el proveedor de asistencia sanitaria que deseas para tratar tu lesi\u00f3n. Con m\u00e1s de 15 a\u00f1os al servicio de nuestra comunidad, te invitamos a que experimentes c\u00f3mo ser tratado localmente puede ayudarte a encontrar tu propio camino hacia la recuperaci\u00f3n. <\/p>","protected":false},"excerpt":{"rendered":"<p>Cuestiones a tener en cuenta en caso de accidente laboral La primera pregunta que se hace el Estado de Nueva York cuando se produce una lesi\u00f3n en el trabajo es si cumples los requisitos para ser considerado un empleado cubierto. Seg\u00fan la actual ley de indemnizaci\u00f3n por accidente de trabajo, la mayor\u00eda de los empleados &hellip; <\/p>\n<p class=\"link-more\"><a href=\"https:\/\/www.medexdtc.com\/es\/questions-to-expect-with-a-workers-compensation-injury\/\" class=\"more-link\">Continue reading<span class=\"screen-reader-text\"> \u00abCuestiones a tener en cuenta en caso de accidente laboral\u00bb<\/span><\/a><\/p>\n","protected":false},"author":3,"featured_media":0,"parent":0,"menu_order":0,"comment_status":"closed","ping_status":"closed","template":"new_inner.php","meta":{"_acf_changed":false,"footnotes":""},"class_list":["post-6144","page","type-page","status-publish","hentry"],"acf":[],"yoast_head":"<!-- This site is optimized with the Yoast SEO plugin v27.5 - https:\/\/yoast.com\/product\/yoast-seo-wordpress\/ -->\n<title>Cuestiones a tener en cuenta en caso de accidente laboral<\/title>\n<meta name=\"description\" content=\"La primera pregunta que se hace el Estado de Nueva York cuando se produce una lesi\u00f3n en el trabajo es si cumples los requisitos de un empleado cubierto.\" \/>\n<meta name=\"robots\" content=\"index, follow, max-snippet:-1, max-image-preview:large, max-video-preview:-1\" \/>\n<link rel=\"canonical\" href=\"https:\/\/www.medexdtc.com\/es\/questions-to-expect-with-a-workers-compensation-injury\/\" \/>\n<meta property=\"og:locale\" content=\"es_ES\" \/>\n<meta property=\"og:type\" content=\"article\" \/>\n<meta property=\"og:title\" content=\"Cuestiones a tener en cuenta en caso de accidente laboral\" \/>\n<meta property=\"og:description\" content=\"La primera pregunta que se hace el Estado de Nueva York cuando se produce una lesi\u00f3n en el trabajo es si cumples los requisitos de un empleado cubierto.\" \/>\n<meta property=\"og:url\" content=\"https:\/\/www.medexdtc.com\/es\/questions-to-expect-with-a-workers-compensation-injury\/\" \/>\n<meta property=\"og:site_name\" content=\"Medex Diagnostic and Treatment Center - Queens Medical Center - Medical Clinic in Forest Hills, NY\" \/>\n<meta property=\"article:publisher\" content=\"https:\/\/www.facebook.com\/medexny\" \/>\n<meta property=\"article:modified_time\" content=\"2025-09-14T23:26:38+00:00\" \/>\n<meta name=\"twitter:card\" content=\"summary_large_image\" \/>\n<meta name=\"twitter:site\" content=\"@DtcMedex\" \/>\n<meta name=\"twitter:label1\" content=\"Tiempo de lectura\" \/>\n\t<meta name=\"twitter:data1\" content=\"5 minutos\" \/>\n<!-- \/ Yoast SEO plugin. -->","yoast_head_json":{"title":"Cuestiones a tener en cuenta en caso de accidente laboral","description":"La primera pregunta que se hace el Estado de Nueva York cuando se produce una lesi\u00f3n en el trabajo es si cumples los requisitos de un empleado cubierto.","robots":{"index":"index","follow":"follow","max-snippet":"max-snippet:-1","max-image-preview":"max-image-preview:large","max-video-preview":"max-video-preview:-1"},"canonical":"https:\/\/www.medexdtc.com\/es\/questions-to-expect-with-a-workers-compensation-injury\/","og_locale":"es_ES","og_type":"article","og_title":"Cuestiones a tener en cuenta en caso de accidente laboral","og_description":"La primera pregunta que se hace el Estado de Nueva York cuando se produce una lesi\u00f3n en el trabajo es si cumples los requisitos de un empleado cubierto.","og_url":"https:\/\/www.medexdtc.com\/es\/questions-to-expect-with-a-workers-compensation-injury\/","og_site_name":"Medex Diagnostic and Treatment Center - Queens Medical Center - Medical Clinic in Forest Hills, NY","article_publisher":"https:\/\/www.facebook.com\/medexny","article_modified_time":"2025-09-14T23:26:38+00:00","twitter_card":"summary_large_image","twitter_site":"@DtcMedex","twitter_misc":{"Tiempo de lectura":"5 minutos"},"schema":{"@context":"https:\/\/schema.org","@graph":[{"@type":"WebPage","@id":"https:\/\/www.medexdtc.com\/es\/questions-to-expect-with-a-workers-compensation-injury\/","url":"https:\/\/www.medexdtc.com\/es\/questions-to-expect-with-a-workers-compensation-injury\/","name":"Cuestiones a tener en cuenta en caso de accidente laboral","isPartOf":{"@id":"https:\/\/www.medexdtc.com\/es\/#website"},"primaryImageOfPage":{"@id":"https:\/\/www.medexdtc.com\/es\/questions-to-expect-with-a-workers-compensation-injury\/#primaryimage"},"image":{"@id":"https:\/\/www.medexdtc.com\/es\/questions-to-expect-with-a-workers-compensation-injury\/#primaryimage"},"thumbnailUrl":"https:\/\/workerscompdrqueens.com\/wp-content\/uploads\/2018\/05\/blog-image-4.jpg","datePublished":"2025-04-09T02:06:43+00:00","dateModified":"2025-09-14T23:26:38+00:00","description":"La primera pregunta que se hace el Estado de Nueva York cuando se produce una lesi\u00f3n en el trabajo es si cumples los requisitos de un empleado cubierto.","breadcrumb":{"@id":"https:\/\/www.medexdtc.com\/es\/questions-to-expect-with-a-workers-compensation-injury\/#breadcrumb"},"inLanguage":"es","potentialAction":[{"@type":"ReadAction","target":["https:\/\/www.medexdtc.com\/es\/questions-to-expect-with-a-workers-compensation-injury\/"]}]},{"@type":"ImageObject","inLanguage":"es","@id":"https:\/\/www.medexdtc.com\/es\/questions-to-expect-with-a-workers-compensation-injury\/#primaryimage","url":"https:\/\/workerscompdrqueens.com\/wp-content\/uploads\/2018\/05\/blog-image-4.jpg","contentUrl":"https:\/\/workerscompdrqueens.com\/wp-content\/uploads\/2018\/05\/blog-image-4.jpg"},{"@type":"BreadcrumbList","@id":"https:\/\/www.medexdtc.com\/es\/questions-to-expect-with-a-workers-compensation-injury\/#breadcrumb","itemListElement":[{"@type":"ListItem","position":1,"name":"Home","item":"https:\/\/www.medexdtc.com\/es\/"},{"@type":"ListItem","position":2,"name":"Cuestiones a tener en cuenta en caso de accidente laboral"}]},{"@type":"WebSite","@id":"https:\/\/www.medexdtc.com\/es\/#website","url":"https:\/\/www.medexdtc.com\/es\/","name":"Medex DTC","description":"Medex Diagnostic and Treatment Center is a Medical Center in Queens, NY is a dynamic multi-specialty clinic. Physicians delivering high quality individualized care in Forest Hills, Queens, NY.","publisher":{"@id":"https:\/\/www.medexdtc.com\/es\/#organization"},"potentialAction":[{"@type":"SearchAction","target":{"@type":"EntryPoint","urlTemplate":"https:\/\/www.medexdtc.com\/es\/?s={search_term_string}"},"query-input":{"@type":"PropertyValueSpecification","valueRequired":true,"valueName":"search_term_string"}}],"inLanguage":"es"},{"@type":"Organization","@id":"https:\/\/www.medexdtc.com\/es\/#organization","name":"Medex DCT","url":"https:\/\/www.medexdtc.com\/es\/","logo":{"@type":"ImageObject","inLanguage":"es","@id":"https:\/\/www.medexdtc.com\/es\/#\/schema\/logo\/image\/","url":"https:\/\/www.medexdtc.com\/wp-content\/uploads\/2024\/11\/medex-diagnostic-and-treatment-center-in-queens-NY.png","contentUrl":"https:\/\/www.medexdtc.com\/wp-content\/uploads\/2024\/11\/medex-diagnostic-and-treatment-center-in-queens-NY.png","width":226,"height":47,"caption":"Medex DCT"},"image":{"@id":"https:\/\/www.medexdtc.com\/es\/#\/schema\/logo\/image\/"},"sameAs":["https:\/\/www.facebook.com\/medexny","https:\/\/x.com\/DtcMedex","https:\/\/www.instagram.com\/medexdtc\/","https:\/\/www.linkedin.com\/company\/medex-diagnostic-and-treatment-center\/about\/"]}]}},"jetpack_sharing_enabled":true,"_links":{"self":[{"href":"https:\/\/www.medexdtc.com\/es\/wp-json\/wp\/v2\/pages\/6144","targetHints":{"allow":["GET"]}}],"collection":[{"href":"https:\/\/www.medexdtc.com\/es\/wp-json\/wp\/v2\/pages"}],"about":[{"href":"https:\/\/www.medexdtc.com\/es\/wp-json\/wp\/v2\/types\/page"}],"author":[{"embeddable":true,"href":"https:\/\/www.medexdtc.com\/es\/wp-json\/wp\/v2\/users\/3"}],"replies":[{"embeddable":true,"href":"https:\/\/www.medexdtc.com\/es\/wp-json\/wp\/v2\/comments?post=6144"}],"version-history":[{"count":1,"href":"https:\/\/www.medexdtc.com\/es\/wp-json\/wp\/v2\/pages\/6144\/revisions"}],"predecessor-version":[{"id":6146,"href":"https:\/\/www.medexdtc.com\/es\/wp-json\/wp\/v2\/pages\/6144\/revisions\/6146"}],"wp:attachment":[{"href":"https:\/\/www.medexdtc.com\/es\/wp-json\/wp\/v2\/media?parent=6144"}],"curies":[{"name":"wp","href":"https:\/\/api.w.org\/{rel}","templated":true}]}}