{"id":6145,"date":"2025-05-06T05:39:24","date_gmt":"2025-05-06T00:39:24","guid":{"rendered":"https:\/\/www.medexdtc.com\/spray-nasal-salino-como-hacerlo-cuando-usarlo-y-sus-beneficios-para-la-salud\/"},"modified":"2025-09-15T04:26:39","modified_gmt":"2025-09-14T23:26:39","slug":"saline-nasal-spray-how-to-make-it-when-to-use-it-and-its-health-benefits","status":"publish","type":"page","link":"https:\/\/www.medexdtc.com\/es\/saline-nasal-spray-how-to-make-it-when-to-use-it-and-its-health-benefits\/","title":{"rendered":"Spray nasal salino: C\u00f3mo hacerlo, cu\u00e1ndo usarlo y sus beneficios para la salud"},"content":{"rendered":"<p>Tanto si luchas contra las alergias, el aire seco o la congesti\u00f3n nasal, <strong>el aerosol nasal salino<\/strong> ofrece una soluci\u00f3n suave y no medicamentosa para mantener las fosas nasales despejadas e hidratadas. Estos aerosoles, muy utilizados tanto por adultos como por ni\u00f1os, pueden adquirirse sin receta o prepararse f\u00e1cilmente en casa. Aqu\u00ed tienes todo lo que necesitas saber sobre qu\u00e9 hace el aerosol nasal salino, c\u00f3mo utilizarlo y por qu\u00e9 es un producto b\u00e1sico en muchos hogares.  <\/p><h2 class=\"wp-block-heading\">\u00bfQu\u00e9 es un aerosol nasal salino?<\/h2><p>Un <strong>aerosol nasal sal<\/strong> ino es una soluci\u00f3n de sal (cloruro s\u00f3dico) y agua. \u00abSalino\u00bb significa simplemente que contiene sal. Esta f\u00f3rmula suave se utiliza para hidratar las fosas nasales secas, aliviar la irritaci\u00f3n y ayudar a que la mucosidad drene m\u00e1s f\u00e1cilmente por la nariz.  <\/p><p>A diferencia de los aerosoles nasales medicinales, los aerosoles salinos no contienen f\u00e1rmacos y suelen ser seguros para un uso regular. Suelen utilizarse para tratar los s\u00edntomas causados por: <\/p><ul class=\"wp-block-list\"><li>Alergias estacionales<\/li>\n\n<li>Sequedad nasal<\/li>\n\n<li>Congesti\u00f3n<\/li>\n\n<li>Hemorragias nasales<\/li>\n\n<li>S\u00edntomas del resfriado y la gripe<\/li><\/ul><figure class=\"wp-block-image size-full\"><img fetchpriority=\"high\" decoding=\"async\" width=\"600\" height=\"600\" src=\"https:\/\/www.medexdtc.com\/wp-content\/uploads\/2025\/05\/saline-nasal-spray.jpg\" alt=\"aerosol nasal salino\" class=\"wp-image-4800\" srcset=\"https:\/\/www.medexdtc.com\/wp-content\/uploads\/2025\/05\/saline-nasal-spray.jpg 600w, https:\/\/www.medexdtc.com\/wp-content\/uploads\/2025\/05\/saline-nasal-spray-300x300.jpg 300w, https:\/\/www.medexdtc.com\/wp-content\/uploads\/2025\/05\/saline-nasal-spray-150x150.jpg 150w, https:\/\/www.medexdtc.com\/wp-content\/uploads\/2025\/05\/saline-nasal-spray-100x100.jpg 100w, https:\/\/www.medexdtc.com\/wp-content\/uploads\/2025\/05\/saline-nasal-spray-48x48.jpg 48w\" sizes=\"(max-width: 600px) 100vw, 600px\" \/><\/figure><h2 class=\"wp-block-heading\">\u00bfQu\u00e9 hace el aerosol nasal salino?<\/h2><p>Si sientes la nariz seca, una pulverizaci\u00f3n de soluci\u00f3n salina puede proporcionar humedad r\u00e1pida y calmante a las fosas nasales. Cuando te sientes congestionado, ayuda a aflojar y expulsar la mucosidad espesa y las costras que bloquean el flujo de aire y dificultan la respiraci\u00f3n. El uso regular de aerosoles o enjuagues salinos tambi\u00e9n ayuda a limpiar las fosas nasales, eliminando al\u00e9rgenos como el polen, el polvo y otros irritantes. En algunos casos, este sencillo enjuague puede incluso ofrecer una capa de protecci\u00f3n contra ciertas infecciones, al mantener tus tejidos nasales limpios e hidratados.   <\/p><p>Los aerosoles nasales salinos tienen varias finalidades \u00fatiles:<\/p><ul class=\"wp-block-list\"><li><strong>Hidrata los tejidos nasales secos<\/strong>: Especialmente \u00fatil en climas secos o durante el invierno.<\/li>\n\n<li><strong>Afloja y drena la mucosidad espesa o seca<\/strong>: Despeja la congesti\u00f3n nasal y facilita la respiraci\u00f3n.<\/li>\n\n<li><strong>Alivia la irritaci\u00f3n<\/strong>: Calma las membranas nasales inflamadas causadas por al\u00e9rgenos o contaminantes.<\/li>\n\n<li><strong>Elimina al\u00e9rgenos e irritantes<\/strong>: Ayuda a eliminar el polen, el polvo y los microbios.<\/li>\n\n<li><strong>Mejora la eficacia de los aerosoles medicinales<\/strong>: Despeja el camino para una mejor absorci\u00f3n de los aerosoles nasales con esteroides.<\/li><\/ul><h2 class=\"wp-block-heading\">Tipos de aerosoles nasales salinos<\/h2><p>Tienes la opci\u00f3n de comprar un aerosol nasal salino de venta libre o hacer el tuyo propio en casa con una sencilla receta.<\/p><p>La mayor\u00eda de los aerosoles salinos comprados en tiendas son <em>isot\u00f3nicos<\/em>, lo que significa que contienen la misma concentraci\u00f3n de sal que los fluidos naturales de tu cuerpo, por lo que son suaves y adecuados para un uso regular. En cambio, los sprays <em>hipert\u00f3nicos<\/em> tienen un mayor contenido en sal. Aunque pueden ser m\u00e1s eficaces para extraer la mucosidad y aliviar la congesti\u00f3n, tambi\u00e9n pueden causar irritaci\u00f3n leve o sequedad en algunas personas. Elegir el tipo adecuado depende de tu nivel de comodidad y de la gravedad de tus s\u00edntomas.Los aerosoles nasales salinos se presentan en dos tipos principales:  <\/p><h3 class=\"wp-block-heading\">1. <strong>Soluci\u00f3n salina isot\u00f3nica<\/strong><\/h3><p>Este tipo contiene una concentraci\u00f3n de sal similar a la que se encuentra en el cuerpo. Es suave y suele utilizarse para el mantenimiento diario. <\/p><h3 class=\"wp-block-heading\">2. <strong>Soluci\u00f3n salina hipert\u00f3nica<\/strong><\/h3><p>Contiene una mayor concentraci\u00f3n de sal. Algunos estudios sugieren que puede reducir mejor la inflamaci\u00f3n nasal y eliminar la mucosidad, pero puede causar una ligera sensaci\u00f3n de escozor o quemaz\u00f3n en algunos usuarios. <\/p><figure class=\"wp-block-image size-large\"><img decoding=\"async\" width=\"1024\" height=\"569\" src=\"https:\/\/www.medexdtc.com\/wp-content\/uploads\/2025\/05\/Screen-Shot-2025-05-05-at-8.28.50-PM-1024x569.png\" alt=\"Tipos de aerosoles nasales salinos\" class=\"wp-image-4796\" srcset=\"https:\/\/www.medexdtc.com\/wp-content\/uploads\/2025\/05\/Screen-Shot-2025-05-05-at-8.28.50-PM-1024x569.png 1024w, https:\/\/www.medexdtc.com\/wp-content\/uploads\/2025\/05\/Screen-Shot-2025-05-05-at-8.28.50-PM-300x167.png 300w, https:\/\/www.medexdtc.com\/wp-content\/uploads\/2025\/05\/Screen-Shot-2025-05-05-at-8.28.50-PM-768x426.png 768w, https:\/\/www.medexdtc.com\/wp-content\/uploads\/2025\/05\/Screen-Shot-2025-05-05-at-8.28.50-PM-600x333.png 600w, https:\/\/www.medexdtc.com\/wp-content\/uploads\/2025\/05\/Screen-Shot-2025-05-05-at-8.28.50-PM-48x27.png 48w, https:\/\/www.medexdtc.com\/wp-content\/uploads\/2025\/05\/Screen-Shot-2025-05-05-at-8.28.50-PM.png 1331w\" sizes=\"(max-width: 1024px) 100vw, 1024px\" \/><\/figure><h2 class=\"wp-block-heading\">Aerosoles nasales salinos populares<\/h2><h3 class=\"wp-block-heading\">Para adultos:<\/h3><ul class=\"wp-block-list\"><li><strong>Bruma nasal Arm &amp; Hammer Simply Saline<\/strong><\/li>\n\n<li><strong>Bruma nasal salina Ayr<\/strong><\/li>\n\n<li><strong>Xlear Spray Nasal<\/strong><\/li>\n\n<li><strong>Spray nasal salino Vicks Sinex<\/strong><\/li><\/ul><h3 class=\"wp-block-heading\">Para ni\u00f1os:<\/h3><ul class=\"wp-block-list\"><li><strong>Boogie Mist Beb\u00e9 Spray Nasal Salino<\/strong><\/li>\n\n<li><strong>Aerosol y gotas salinas suaves Burt&#8217;s Bees Kids<\/strong><\/li>\n\n<li><strong>NeilMed Pediamist Pedi\u00e1trico Salino<\/strong><\/li>\n\n<li><strong>Vicks Sinex Spray Nasal Salino Infantil<\/strong><\/li><\/ul><h2 class=\"wp-block-heading\"><strong>\u00bfCu\u00e1ndo debes utilizar el aerosol nasal salino?<\/strong><\/h2><p>Los aerosoles y enjuagues nasales salinos pueden ser una parte vers\u00e1til de tu rutina diaria, pues alivian diversos problemas nasales. He aqu\u00ed algunos momentos clave en los que puedes recurrir al suero salino: <\/p><p><strong>Prevenci\u00f3n de infecciones:<\/strong> El uso regular de aerosol salino puede ayudar a mantener limpios los conductos nasales, eliminando las bacterias y los virus que de otro modo podr\u00edan arraigar y causar una infecci\u00f3n.C\u00f3mo utilizar el aerosol nasal salino<\/p><p><strong>Al final del d\u00eda para aliviar la alergia:<\/strong> Si has estado al aire libre durante la temporada de alergias, tus fosas nasales pueden estar cubiertas de polen, polvo u otros al\u00e9rgenos. Utilizar un spray o enjuague salino al final del d\u00eda puede ayudar a eliminar estos irritantes, evitando que persistan y causen m\u00e1s molestias durante la noche. <\/p><p><strong>Para combatir la sequedad:<\/strong> Durante los meses m\u00e1s fr\u00edos, o cuando se utiliza la calefacci\u00f3n de interior, el aire puede ser muy seco, dejando tu nariz irritada o seca. Una r\u00e1pida nebulizaci\u00f3n de soluci\u00f3n salina puede devolver la humedad a tus fosas nasales y ayudar a aliviar las molestias. <\/p><p><strong>Antes de utilizar otros medicamentos nasales:<\/strong> Si utilizas un esteroide nasal en aerosol para las alergias, es una buena idea utilizar primero soluci\u00f3n salina. La soluci\u00f3n salina ayuda a eliminar la mucosidad espesa y los residuos de las fosas nasales, permitiendo que el esteroide act\u00fae con mayor eficacia al llegar directamente a los tejidos nasales. <\/p><p><strong>Durante o despu\u00e9s de un resfriado o una infecci\u00f3n sinusal:<\/strong> Si tienes un resfriado o una infecci\u00f3n sinusal, el aerosol nasal salino puede ayudar a aflojar la mucosidad, eliminar la congesti\u00f3n y mantener hidratadas las fosas nasales, facilitando la respiraci\u00f3n y una recuperaci\u00f3n m\u00e1s r\u00e1pida.<\/p><h2 class=\"wp-block-heading\"><strong>\u00bfC\u00f3mo utilizar el aerosol nasal salino?<\/strong><\/h2><p>Utilizar el suero fisiol\u00f3gico correctamente garantiza su eficacia y comodidad. Sigue estos pasos: <\/p><ol class=\"wp-block-list\"><li><strong>Su\u00e9nate suavemente la nariz<\/strong> para eliminar la mucosidad suelta.<\/li>\n\n<li><strong>L\u00e1vate<\/strong> bien <strong>las manos<\/strong>.<\/li>\n\n<li><strong>Agita el pulverizador<\/strong> y retira el tap\u00f3n.<\/li>\n\n<li><strong>Inclina ligeramente la cabeza hacia atr\u00e1s<\/strong>, manteniendo la boca cerrada.<\/li>\n\n<li><strong>Tapona una fosa nasal<\/strong> e introduce la punta del pulverizador en la otra.<\/li>\n\n<li><strong>Dirige la boquilla hacia la parte posterior de la nariz<\/strong>, no hacia el tabique nasal.<\/li>\n\n<li><strong>Aprieta o bombea<\/strong> mientras inhalas suavemente.<\/li>\n\n<li><strong>Repite<\/strong> en la otra fosa nasal.<\/li>\n\n<li><strong>Evita sonarte la nariz inmediatamente despu\u00e9s<\/strong> para dejar que la soluci\u00f3n act\u00fae.<\/li><\/ol><p>Si utilizas un enjuague salino o una soluci\u00f3n casera, incl\u00ednate sobre un lavabo con la cabeza inclinada y sigue este m\u00e9todo adicional:<\/p><ul class=\"wp-block-list\"><li>Introduce la punta en la fosa nasal m\u00e1s alejada del lavabo.<\/li>\n\n<li>Vierte suavemente la soluci\u00f3n hacia la parte posterior de la cabeza.<\/li>\n\n<li>Deja que salga por la otra fosa nasal.<\/li>\n\n<li>Repite al otro lado y su\u00e9nate suavemente la nariz.<\/li>\n\n<li>Limpia el pulverizador, la jeringuilla o la pera despu\u00e9s de cada uso.<\/li><\/ul><h2 class=\"wp-block-heading\">\u00bfC\u00f3mo hacer un spray nasal salino en casa?<\/h2><p>No hace falta que compres spray salino si prefieres hacerlo t\u00fa mismo. Aqu\u00ed te explicamos c\u00f3mo hacerlo t\u00fa mismo: <\/p><h3 class=\"wp-block-heading\">Receta b\u00e1sica:<\/h3><ul class=\"wp-block-list\"><li>1 cucharadita de sal no yodada<\/li>\n\n<li>1 cucharadita de bicarbonato s\u00f3dico<\/li>\n\n<li>2 tazas de agua destilada<\/li><\/ul><h3 class=\"wp-block-heading\">Instrucciones:<\/h3><ol class=\"wp-block-list\"><li><strong>Hierve el agua del grifo para mayor seguridad<\/strong>, luego d\u00e9jala enfriar hasta que est\u00e9 tibia.<\/li>\n\n<li><strong>Mezcla los ingredientes<\/strong> en un recipiente limpio.<\/li>\n\n<li><strong>Gu\u00e1rdalo en un frasco pulverizador est\u00e9ril o en una jeringa de pera<\/strong>.<\/li>\n\n<li><strong>Util\u00edzalo seg\u00fan lo necesites<\/strong> y <strong>haz una nueva tanda cada 3 d\u00edas<\/strong>.<\/li><\/ol><blockquote class=\"wp-block-quote is-layout-flow wp-block-quote-is-layout-flow\"><p>Consejo: Si la soluci\u00f3n escuece, reduce ligeramente el contenido de sal.<\/p><\/blockquote><h2 class=\"wp-block-heading\">\u00bfCu\u00e1ndo debes utilizar el aerosol nasal salino?<\/h2><p>Puedes utilizar aerosol salino:<\/p><ul class=\"wp-block-list\"><li><strong>Diariamente<\/strong>, sobre todo al final del d\u00eda para eliminar los al\u00e9rgenos.<\/li>\n\n<li><strong>Antes de utilizar un aerosol nasal medicamentoso<\/strong>, para mejorar la absorci\u00f3n.<\/li>\n\n<li><strong>Durante el tiempo seco<\/strong> o la temporada de calefacci\u00f3n interior.<\/li>\n\n<li><strong>Cuando est\u00e9s congestionado<\/strong> por resfriados, gripe o infecciones sinusales.<\/li>\n\n<li><strong>Tras la exposici\u00f3n a al\u00e9rgenos<\/strong> como el polvo o el polen.<\/li><\/ul><h2 class=\"wp-block-heading\">\u00bfHay efectos secundarios?<\/h2><p>Los aerosoles salinos son muy seguros para la mayor\u00eda de las personas, pero pueden producirse algunos efectos secundarios menores:<\/p><ul class=\"wp-block-list\"><li>Leve <strong>escozor o quemaz\u00f3n<\/strong><\/li>\n\n<li><strong>Irritaci\u00f3n<\/strong> de las fosas nasales<\/li>\n\n<li><strong>Picor<\/strong>, especialmente con soluciones hipert\u00f3nicas<\/li><\/ul><p>Las personas con sensibilidad a los conservantes de ciertas marcas pueden elegir opciones sin conservantes.<\/p><h2 class=\"wp-block-heading\">\u00bfQui\u00e9n debe evitar los aerosoles nasales salinos?<\/h2><p>En general, los aerosoles salinos son seguros para casi todo el mundo. Sin embargo, debes consultar a un profesional sanitario si: <\/p><ul class=\"wp-block-list\"><li>Est\u00e1s <strong>embarazada o en periodo de lactancia<\/strong><\/li>\n\n<li>Tienes una <strong>alergia conocida a los conservantes<\/strong><\/li>\n\n<li>Debes utilizarlo <strong>a diario en un ni\u00f1o<\/strong> menor de 4 a\u00f1os<\/li><\/ul><h2 class=\"wp-block-heading\">Preguntas frecuentes sobre el aerosol nasal salino<\/h2><p><strong>\u00bfEst\u00e1 bien utilizar aerosol nasal salino todos los d\u00edas?<\/strong><br\/>S\u00ed. Para la mayor\u00eda de la gente es seguro utilizar aerosol salino a diario o incluso varias veces al d\u00eda. <\/p><p><strong>\u00bfEs bueno para ti un enjuague nasal salino?<\/strong><br\/>S\u00ed. Un enjuague ayuda a eliminar la mucosidad espesa y los residuos, facilitando la respiraci\u00f3n. <\/p><p><strong>\u00bfCu\u00e1l es la diferencia entre el aerosol salino y el enjuague nasal?<\/strong><br\/>El <strong>aerosol<\/strong> libera una fina niebla, mientras que el <strong>enjuague<\/strong> utiliza un mayor volumen de l\u00edquido para limpiar la cavidad nasal m\u00e1s a fondo.<\/p><p><\/p>","protected":false},"excerpt":{"rendered":"<p>Tanto si luchas contra las alergias, el aire seco o la congesti\u00f3n nasal, el aerosol nasal salino ofrece una soluci\u00f3n suave y no medicamentosa para mantener las fosas nasales despejadas e hidratadas. Estos aerosoles, muy utilizados tanto por adultos como por ni\u00f1os, pueden adquirirse sin receta o prepararse f\u00e1cilmente en casa. Aqu\u00ed tienes todo lo &hellip; <\/p>\n<p class=\"link-more\"><a href=\"https:\/\/www.medexdtc.com\/es\/saline-nasal-spray-how-to-make-it-when-to-use-it-and-its-health-benefits\/\" class=\"more-link\">Continue reading<span class=\"screen-reader-text\"> \u00abSpray nasal salino: C\u00f3mo hacerlo, cu\u00e1ndo usarlo y sus beneficios para la salud\u00bb<\/span><\/a><\/p>\n","protected":false},"author":3,"featured_media":4802,"parent":0,"menu_order":0,"comment_status":"closed","ping_status":"closed","template":"new_inner.php","meta":{"_acf_changed":false,"footnotes":""},"class_list":["post-6145","page","type-page","status-publish","has-post-thumbnail","hentry"],"acf":[],"yoast_head":"<!-- This site is optimized with the Yoast SEO plugin v27.3 - https:\/\/yoast.com\/product\/yoast-seo-wordpress\/ -->\n<title>Spray nasal salino: C\u00f3mo Hacerlo, Cu\u00e1ndo Usarlo, Beneficios para la Salud<\/title>\n<meta name=\"description\" content=\"\u00bfQu\u00e9 hace el aerosol nasal salino? El aerosol nasal salino es una soluci\u00f3n de agua salada que se utiliza para hidratar las fosas nasales, aliviar la congesti\u00f3n y favorecer la salud general de los senos paranasales.\" \/>\n<meta name=\"robots\" content=\"index, follow, max-snippet:-1, max-image-preview:large, max-video-preview:-1\" \/>\n<link rel=\"canonical\" href=\"https:\/\/www.medexdtc.com\/es\/saline-nasal-spray-how-to-make-it-when-to-use-it-and-its-health-benefits\/\" \/>\n<meta property=\"og:locale\" content=\"es_ES\" \/>\n<meta property=\"og:type\" content=\"article\" \/>\n<meta property=\"og:title\" content=\"Spray nasal salino: C\u00f3mo Hacerlo, Cu\u00e1ndo Usarlo, Beneficios para la Salud\" \/>\n<meta property=\"og:description\" content=\"\u00bfQu\u00e9 hace el aerosol nasal salino? El aerosol nasal salino es una soluci\u00f3n de agua salada que se utiliza para hidratar las fosas nasales, aliviar la congesti\u00f3n y favorecer la salud general de los senos paranasales.\" \/>\n<meta property=\"og:url\" content=\"https:\/\/www.medexdtc.com\/es\/saline-nasal-spray-how-to-make-it-when-to-use-it-and-its-health-benefits\/\" \/>\n<meta property=\"og:site_name\" content=\"Medex Diagnostic and Treatment Center - Queens Medical Center - Medical Clinic in Forest Hills, NY\" \/>\n<meta property=\"article:publisher\" content=\"https:\/\/www.facebook.com\/medexny\" \/>\n<meta property=\"article:modified_time\" content=\"2025-09-14T23:26:39+00:00\" \/>\n<meta property=\"og:image\" content=\"https:\/\/www.medexdtc.com\/wp-content\/uploads\/2025\/05\/saline-nasal-spray.jpg\" \/>\n\t<meta property=\"og:image:width\" content=\"600\" \/>\n\t<meta property=\"og:image:height\" content=\"600\" \/>\n\t<meta property=\"og:image:type\" content=\"image\/jpeg\" \/>\n<meta name=\"twitter:card\" content=\"summary_large_image\" \/>\n<meta name=\"twitter:site\" content=\"@DtcMedex\" \/>\n<meta name=\"twitter:label1\" content=\"Tiempo de lectura\" \/>\n\t<meta name=\"twitter:data1\" content=\"8 minutos\" \/>\n<!-- \/ Yoast SEO plugin. -->","yoast_head_json":{"title":"Spray nasal salino: C\u00f3mo Hacerlo, Cu\u00e1ndo Usarlo, Beneficios para la Salud","description":"\u00bfQu\u00e9 hace el aerosol nasal salino? El aerosol nasal salino es una soluci\u00f3n de agua salada que se utiliza para hidratar las fosas nasales, aliviar la congesti\u00f3n y favorecer la salud general de los senos paranasales.","robots":{"index":"index","follow":"follow","max-snippet":"max-snippet:-1","max-image-preview":"max-image-preview:large","max-video-preview":"max-video-preview:-1"},"canonical":"https:\/\/www.medexdtc.com\/es\/saline-nasal-spray-how-to-make-it-when-to-use-it-and-its-health-benefits\/","og_locale":"es_ES","og_type":"article","og_title":"Spray nasal salino: C\u00f3mo Hacerlo, Cu\u00e1ndo Usarlo, Beneficios para la Salud","og_description":"\u00bfQu\u00e9 hace el aerosol nasal salino? El aerosol nasal salino es una soluci\u00f3n de agua salada que se utiliza para hidratar las fosas nasales, aliviar la congesti\u00f3n y favorecer la salud general de los senos paranasales.","og_url":"https:\/\/www.medexdtc.com\/es\/saline-nasal-spray-how-to-make-it-when-to-use-it-and-its-health-benefits\/","og_site_name":"Medex Diagnostic and Treatment Center - Queens Medical Center - Medical Clinic in Forest Hills, NY","article_publisher":"https:\/\/www.facebook.com\/medexny","article_modified_time":"2025-09-14T23:26:39+00:00","og_image":[{"width":600,"height":600,"url":"https:\/\/www.medexdtc.com\/wp-content\/uploads\/2025\/05\/saline-nasal-spray.jpg","type":"image\/jpeg"}],"twitter_card":"summary_large_image","twitter_site":"@DtcMedex","twitter_misc":{"Tiempo de lectura":"8 minutos"},"schema":{"@context":"https:\/\/schema.org","@graph":[{"@type":"WebPage","@id":"https:\/\/www.medexdtc.com\/es\/saline-nasal-spray-how-to-make-it-when-to-use-it-and-its-health-benefits\/","url":"https:\/\/www.medexdtc.com\/es\/saline-nasal-spray-how-to-make-it-when-to-use-it-and-its-health-benefits\/","name":"Spray nasal salino: C\u00f3mo Hacerlo, Cu\u00e1ndo Usarlo, Beneficios para la Salud","isPartOf":{"@id":"https:\/\/www.medexdtc.com\/es\/#website"},"primaryImageOfPage":{"@id":"https:\/\/www.medexdtc.com\/es\/saline-nasal-spray-how-to-make-it-when-to-use-it-and-its-health-benefits\/#primaryimage"},"image":{"@id":"https:\/\/www.medexdtc.com\/es\/saline-nasal-spray-how-to-make-it-when-to-use-it-and-its-health-benefits\/#primaryimage"},"thumbnailUrl":"https:\/\/www.medexdtc.com\/wp-content\/uploads\/2025\/05\/saline-nasal-spray.jpg","datePublished":"2025-05-06T00:39:24+00:00","dateModified":"2025-09-14T23:26:39+00:00","description":"\u00bfQu\u00e9 hace el aerosol nasal salino? El aerosol nasal salino es una soluci\u00f3n de agua salada que se utiliza para hidratar las fosas nasales, aliviar la congesti\u00f3n y favorecer la salud general de los senos paranasales.","breadcrumb":{"@id":"https:\/\/www.medexdtc.com\/es\/saline-nasal-spray-how-to-make-it-when-to-use-it-and-its-health-benefits\/#breadcrumb"},"inLanguage":"es","potentialAction":[{"@type":"ReadAction","target":["https:\/\/www.medexdtc.com\/es\/saline-nasal-spray-how-to-make-it-when-to-use-it-and-its-health-benefits\/"]}]},{"@type":"ImageObject","inLanguage":"es","@id":"https:\/\/www.medexdtc.com\/es\/saline-nasal-spray-how-to-make-it-when-to-use-it-and-its-health-benefits\/#primaryimage","url":"https:\/\/www.medexdtc.com\/wp-content\/uploads\/2025\/05\/saline-nasal-spray.jpg","contentUrl":"https:\/\/www.medexdtc.com\/wp-content\/uploads\/2025\/05\/saline-nasal-spray.jpg","width":600,"height":600,"caption":"saline nasal spray"},{"@type":"BreadcrumbList","@id":"https:\/\/www.medexdtc.com\/es\/saline-nasal-spray-how-to-make-it-when-to-use-it-and-its-health-benefits\/#breadcrumb","itemListElement":[{"@type":"ListItem","position":1,"name":"Home","item":"https:\/\/www.medexdtc.com\/es\/"},{"@type":"ListItem","position":2,"name":"Spray nasal salino: C\u00f3mo hacerlo, cu\u00e1ndo usarlo y sus beneficios para la salud"}]},{"@type":"WebSite","@id":"https:\/\/www.medexdtc.com\/es\/#website","url":"https:\/\/www.medexdtc.com\/es\/","name":"Medex DTC","description":"Medex Diagnostic and Treatment Center is a Medical Center in Queens, NY is a dynamic multi-specialty clinic. Physicians delivering high quality individualized care in Forest Hills, Queens, NY.","publisher":{"@id":"https:\/\/www.medexdtc.com\/es\/#organization"},"potentialAction":[{"@type":"SearchAction","target":{"@type":"EntryPoint","urlTemplate":"https:\/\/www.medexdtc.com\/es\/?s={search_term_string}"},"query-input":{"@type":"PropertyValueSpecification","valueRequired":true,"valueName":"search_term_string"}}],"inLanguage":"es"},{"@type":"Organization","@id":"https:\/\/www.medexdtc.com\/es\/#organization","name":"Medex DCT","url":"https:\/\/www.medexdtc.com\/es\/","logo":{"@type":"ImageObject","inLanguage":"es","@id":"https:\/\/www.medexdtc.com\/es\/#\/schema\/logo\/image\/","url":"https:\/\/www.medexdtc.com\/wp-content\/uploads\/2024\/11\/medex-diagnostic-and-treatment-center-in-queens-NY.png","contentUrl":"https:\/\/www.medexdtc.com\/wp-content\/uploads\/2024\/11\/medex-diagnostic-and-treatment-center-in-queens-NY.png","width":226,"height":47,"caption":"Medex DCT"},"image":{"@id":"https:\/\/www.medexdtc.com\/es\/#\/schema\/logo\/image\/"},"sameAs":["https:\/\/www.facebook.com\/medexny","https:\/\/x.com\/DtcMedex","https:\/\/www.instagram.com\/medexdtc\/","https:\/\/www.linkedin.com\/company\/medex-diagnostic-and-treatment-center\/about\/"]}]}},"jetpack_sharing_enabled":true,"_links":{"self":[{"href":"https:\/\/www.medexdtc.com\/es\/wp-json\/wp\/v2\/pages\/6145","targetHints":{"allow":["GET"]}}],"collection":[{"href":"https:\/\/www.medexdtc.com\/es\/wp-json\/wp\/v2\/pages"}],"about":[{"href":"https:\/\/www.medexdtc.com\/es\/wp-json\/wp\/v2\/types\/page"}],"author":[{"embeddable":true,"href":"https:\/\/www.medexdtc.com\/es\/wp-json\/wp\/v2\/users\/3"}],"replies":[{"embeddable":true,"href":"https:\/\/www.medexdtc.com\/es\/wp-json\/wp\/v2\/comments?post=6145"}],"version-history":[{"count":1,"href":"https:\/\/www.medexdtc.com\/es\/wp-json\/wp\/v2\/pages\/6145\/revisions"}],"predecessor-version":[{"id":6148,"href":"https:\/\/www.medexdtc.com\/es\/wp-json\/wp\/v2\/pages\/6145\/revisions\/6148"}],"wp:featuredmedia":[{"embeddable":true,"href":"https:\/\/www.medexdtc.com\/es\/wp-json\/wp\/v2\/media\/4802"}],"wp:attachment":[{"href":"https:\/\/www.medexdtc.com\/es\/wp-json\/wp\/v2\/media?parent=6145"}],"curies":[{"name":"wp","href":"https:\/\/api.w.org\/{rel}","templated":true}]}}