{"id":6154,"date":"2020-08-05T23:15:53","date_gmt":"2020-08-05T18:15:53","guid":{"rendered":"https:\/\/www.medexdtc.com\/ablacion-por-radiofrecuencia-en-queens\/"},"modified":"2020-08-05T23:15:53","modified_gmt":"2020-08-05T18:15:53","slug":"radiofrequency-ablation","status":"publish","type":"page","link":"https:\/\/www.medexdtc.com\/es\/radiofrequency-ablation\/","title":{"rendered":"Ablaci\u00f3n por radiofrecuencia en Queens"},"content":{"rendered":"<p>Cuando no ves salida al dolor cr\u00f3nico, un procedimiento llamado ablaci\u00f3n por radiofrecuencia (ARF) puede ser la mejor soluci\u00f3n. Despu\u00e9s de haberte sometido a pruebas exhaustivas y probado cambios en el estilo de vida y tratamientos no invasivos sin obtener alivio, puede que sigas padeciendo dolor cr\u00f3nico. Es entonces cuando tu m\u00e9dico del Centro de Diagn\u00f3stico y Tratamiento Medex de Queens, Nueva York, te ofrece alivio del dolor con ARF. Cuando lo realiza un experto en el tratamiento del dolor, el procedimiento es seguro y duradero. Llama hoy para ver si re\u00fanes los requisitos para la ablaci\u00f3n por radiofrecuencia.    <\/p>\n<p>Si tienes un dolor cr\u00f3nico que no desaparece, puede que te est\u00e9s desanimando, ya que el dolor cr\u00f3nico puede ser debilitante. Especialmente con el <a href=\"https:\/\/www.medexdtc.com\/es\/back-pain\/\">dolor de espalda<\/a>, puedes descubrir que cualquier cosa que hagas, incluso levantarte de la cama, se convierte en una experiencia dolorosa. Y los m\u00e9dicos no siempre pueden encontrar el origen concreto de tu dolor. Pero aun as\u00ed debes tomar medidas para aliviar tu dolor.   <\/p>\n<p>Tu <a href=\"https:\/\/www.medexdtc.com\/es\/tratamiento-del-dolor-en-queens\/\">m\u00e9dico especialista en tratamiento del dolor<\/a> del Centro de Diagn\u00f3stico y Tratamiento Medex de Queens, Nueva York, tiene acceso a los medios diagn\u00f3sticos m\u00e1s avanzados. Medex es una consulta multiespecialidad, por lo que especialistas de muchos campos m\u00e9dicos est\u00e1n a tu alcance si los necesitas. Entre el equipo y el talento de Medex, encontrar\u00e1s un plan de tratamiento adecuado para librarte del dolor.  <\/p>\n<p>Considera la ablaci\u00f3n por radiofrecuencia (ARF), un procedimiento que va directamente al origen de tu dolor dirigi\u00e9ndose a los nervios con una corriente el\u00e9ctrica segura e indolora. Una vez se determina qu\u00e9 nervios est\u00e1n afectados, la ARF reduce enormemente el nivel de molestias. El procedimiento previene incluso las complicaciones.  <\/p>\n<h2>El coste del dolor cr\u00f3nico<\/h2>\n<p>A veces, para tratar el dolor cr\u00f3nico se realizan intervenciones quir\u00fargicas potencialmente arriesgadas con efectos secundarios complicados. La alternativa, el uso prolongado de analg\u00e9sicos, es costosa y conduce al abuso o la adicci\u00f3n. Sin embargo, est\u00e1 demostrado que el dolor puede da\u00f1ar a\u00fan m\u00e1s los nervios y otras partes del cuerpo si tienes que cambiar tu forma de moverte para evitar que te duela.  <\/p>\n<p>Sentir dolor durante largos periodos de tiempo causa estragos en tu estado de \u00e1nimo y en tu <a href=\"https:\/\/www.medexdtc.com\/psychiatry\/\">salud mental<\/a>. Afecciones como <a href=\"https:\/\/www.medexdtc.com\/es\/depression\/\">la depresi\u00f3n<\/a> y la <a href=\"https:\/\/www.medexdtc.com\/es\/anxiety\/\">ansiedad<\/a> suelen asociarse al dolor cr\u00f3nico. El dolor persistente conlleva p\u00e9rdida de trabajo, menor productividad y p\u00e9rdida de oportunidades sociales. Puedes dejar de hacer ejercicio o de practicar tus deportes favoritos, lo que repercute en toda tu salud. El sedentarismo aumenta el riesgo de toda una serie de dolencias y enfermedades.    <\/p>\n<h2>El procedimiento de ablaci\u00f3n por radiofrecuencia<\/h2>\n<p>Tu m\u00e9dico del tratamiento del dolor te prepara para este procedimiento ambulatorio pidi\u00e9ndote que ayunes durante 24 horas antes de venir. Si necesitas suspender temporalmente alg\u00fan medicamento, tu m\u00e9dico consultar\u00e1 con tu prescriptor c\u00f3mo hacerlo de forma segura. Necesitar\u00e1s que alguien te lleve a casa despu\u00e9s de la intervenci\u00f3n, ya que estar\u00e1s demasiado aturdido para conducir durante las primeras 24 horas.  <\/p>\n<p>El procedimiento, considerado m\u00ednimamente invasivo porque ni siquiera necesitar\u00e1s suturas, sigue varios pasos:<\/p>\n<ol>\n<li>Te administrar\u00e1n una medicaci\u00f3n intravenosa para relajarte, pero estar\u00e1s despierto durante el procedimiento.<\/li>\n<li>La zona donde sientes dolor se adormece con un anest\u00e9sico t\u00f3pico.<\/li>\n<li>Utilizando im\u00e1genes de tomograf\u00eda computarizada, tu m\u00e9dico introduce una aguja cerca de donde se origina tu dolor e inyecta un poco de colorante para ver mejor la zona.<\/li>\n<li>A continuaci\u00f3n, el m\u00e9dico introduce una aguja con un electrodo en los nervios exactos que env\u00edan se\u00f1ales de dolor al cerebro. El electrodo calienta los nervios para desactivarlos y que no env\u00eden se\u00f1ales de dolor. <\/li>\n<li>Deber\u00edas sentir un alivio inmediato. Tras ser monitorizada en una sala de recuperaci\u00f3n, estar\u00e1s lista para irte a casa. <\/li>\n<\/ol>\n<h2>Alivio duradero con el procedimiento RFA<\/h2>\n<p>La ablaci\u00f3n por radiofrecuencia no es una cura milagrosa. Normalmente s\u00f3lo se realiza cuando has pasado antes por otras opciones de alivio del dolor sin \u00e9xito. Pero la mayor\u00eda de los pacientes afirman que obtienen alivio entre seis meses y un a\u00f1o despu\u00e9s de la ablaci\u00f3n por radiofrecuencia.  <\/p>\n<p>Si despu\u00e9s sigues sintiendo dolor, es posible que no se hayan identificado los nervios adecuados. A menudo merece la pena intentarlo de nuevo. Las visitas de seguimiento con tu equipo de tratamiento del dolor garantizan que el proceso funciona como deber\u00eda o si son necesarias m\u00e1s pruebas para afinar el origen de tu dolor.  <\/p>\n<h2>Alivio eficaz del dolor con tu m\u00e9dico de Queens<\/h2>\n<p>La ARF ha sido bien estudiada y ha demostrado su eficacia, sobre todo para el dolor lumbar. Cuando sufres un dolor que no tiene un origen claro, la ARF proporciona un alivio definitivo. Despu\u00e9s de haber probado el autocuidado, los cambios en el estilo de vida y otros tratamientos del dolor cr\u00f3nico y nada parece funcionar, la RFA puede ser la mejor opci\u00f3n.  <\/p>\n<p>La ablaci\u00f3n por radiofrecuencia proporciona un alivio seguro y eficaz. En manos de un experto como tu especialista en tratamiento del dolor de Medex, tus probabilidades de \u00e9xito aumentan. Y cuando se combinan con planes preventivos estrat\u00e9gicos, tienes muchas posibilidades de vivir tu vida sin un dolor cr\u00f3nico debilitante.  <\/p>\n<p>Consulta con tu m\u00e9dico de Diagn\u00f3stico y Tratamiento Medex para determinar si la ARF es adecuada para ti. Es posible que puedas utilizar la ARF repetidamente para mantenerte sin dolor a largo plazo. <a href=\"https:\/\/www.medexdtc.com\/es\/radiofrequency-ablation\/#contact-form\">Ponte en contacto con tu especialista en tratamiento del dolor<\/a> Medex para programar tu consulta. <\/p>\n<p>Podemos ayudarte a encontrar m\u00e9dico. Llama al <a href=\"tel:+17182758900\">(718) 275-8900<\/a> <\/p>\n<p>Con licencia del estado de Nueva York, Medex es un centro de diagn\u00f3stico y tratamiento del art\u00edculo 28. Nuestros m\u00e9dicos proporcionan atenci\u00f3n integral a pacientes de todas las edades en la zona de Forest Hills, Queens, desde hace m\u00e1s de 15 a\u00f1os. Empieza a recibir atenci\u00f3n experta ahora llamando o concertando una cita en l\u00ednea con uno de los especialistas cualificados.<\/p>\n","protected":false},"excerpt":{"rendered":"<p>Cuando no ves salida al dolor cr\u00f3nico, un procedimiento llamado ablaci\u00f3n por radiofrecuencia (ARF) puede ser la mejor soluci\u00f3n. Despu\u00e9s de haberte sometido a pruebas exhaustivas y probado cambios en el estilo de vida y tratamientos no invasivos sin obtener alivio, puede que sigas padeciendo dolor cr\u00f3nico. Es entonces cuando tu m\u00e9dico del Centro de &hellip; <\/p>\n<p class=\"link-more\"><a href=\"https:\/\/www.medexdtc.com\/es\/radiofrequency-ablation\/\" class=\"more-link\">Continue reading<span class=\"screen-reader-text\"> \u00abAblaci\u00f3n por radiofrecuencia en Queens\u00bb<\/span><\/a><\/p>\n","protected":false},"author":3,"featured_media":0,"parent":0,"menu_order":0,"comment_status":"closed","ping_status":"closed","template":"new_inner.php","meta":{"_acf_changed":false,"footnotes":""},"class_list":["post-6154","page","type-page","status-publish","hentry"],"acf":[],"yoast_head":"<!-- This site is optimized with the Yoast SEO plugin v27.3 - https:\/\/yoast.com\/product\/yoast-seo-wordpress\/ -->\n<title>Ablaci\u00f3n por radiofrecuencia | Los mejores m\u00e9dicos para el tratamiento del dolor en Forest Hills, Queens, NY | Medex - Multi-Specialty Medical Center<\/title>\n<meta name=\"description\" content=\"La ablaci\u00f3n por radiofrecuencia (ARF), un procedimiento que va directamente al origen de tu dolor, dirigi\u00e9ndose a los nervios con una corriente el\u00e9ctrica segura e indolora. Consulta con tu m\u00e9dico en el Centro de Diagn\u00f3stico y Tratamiento Medex de Forest Hills, Queens, Nueva York, para determinar si la ARF es adecuada para ti.\" \/>\n<meta name=\"robots\" content=\"index, follow, max-snippet:-1, max-image-preview:large, max-video-preview:-1\" \/>\n<link rel=\"canonical\" href=\"https:\/\/www.medexdtc.com\/es\/radiofrequency-ablation\/\" \/>\n<meta property=\"og:locale\" content=\"es_ES\" \/>\n<meta property=\"og:type\" content=\"article\" \/>\n<meta property=\"og:title\" content=\"Ablaci\u00f3n por radiofrecuencia | Los mejores m\u00e9dicos para el tratamiento del dolor en Forest Hills, Queens, NY | Medex - Multi-Specialty Medical Center\" \/>\n<meta property=\"og:description\" content=\"La ablaci\u00f3n por radiofrecuencia (ARF), un procedimiento que va directamente al origen de tu dolor, dirigi\u00e9ndose a los nervios con una corriente el\u00e9ctrica segura e indolora. Consulta con tu m\u00e9dico en el Centro de Diagn\u00f3stico y Tratamiento Medex de Forest Hills, Queens, Nueva York, para determinar si la ARF es adecuada para ti.\" \/>\n<meta property=\"og:url\" content=\"https:\/\/www.medexdtc.com\/es\/radiofrequency-ablation\/\" \/>\n<meta property=\"og:site_name\" content=\"Medex Diagnostic and Treatment Center - Queens Medical Center - Medical Clinic in Forest Hills, NY\" \/>\n<meta property=\"article:publisher\" content=\"https:\/\/www.facebook.com\/medexny\" \/>\n<meta name=\"twitter:card\" content=\"summary_large_image\" \/>\n<meta name=\"twitter:site\" content=\"@DtcMedex\" \/>\n<meta name=\"twitter:label1\" content=\"Tiempo de lectura\" \/>\n\t<meta name=\"twitter:data1\" content=\"5 minutos\" \/>\n<!-- \/ Yoast SEO plugin. -->","yoast_head_json":{"title":"Ablaci\u00f3n por radiofrecuencia | Los mejores m\u00e9dicos para el tratamiento del dolor en Forest Hills, Queens, NY | Medex - Multi-Specialty Medical Center","description":"La ablaci\u00f3n por radiofrecuencia (ARF), un procedimiento que va directamente al origen de tu dolor, dirigi\u00e9ndose a los nervios con una corriente el\u00e9ctrica segura e indolora. Consulta con tu m\u00e9dico en el Centro de Diagn\u00f3stico y Tratamiento Medex de Forest Hills, Queens, Nueva York, para determinar si la ARF es adecuada para ti.","robots":{"index":"index","follow":"follow","max-snippet":"max-snippet:-1","max-image-preview":"max-image-preview:large","max-video-preview":"max-video-preview:-1"},"canonical":"https:\/\/www.medexdtc.com\/es\/radiofrequency-ablation\/","og_locale":"es_ES","og_type":"article","og_title":"Ablaci\u00f3n por radiofrecuencia | Los mejores m\u00e9dicos para el tratamiento del dolor en Forest Hills, Queens, NY | Medex - Multi-Specialty Medical Center","og_description":"La ablaci\u00f3n por radiofrecuencia (ARF), un procedimiento que va directamente al origen de tu dolor, dirigi\u00e9ndose a los nervios con una corriente el\u00e9ctrica segura e indolora. Consulta con tu m\u00e9dico en el Centro de Diagn\u00f3stico y Tratamiento Medex de Forest Hills, Queens, Nueva York, para determinar si la ARF es adecuada para ti.","og_url":"https:\/\/www.medexdtc.com\/es\/radiofrequency-ablation\/","og_site_name":"Medex Diagnostic and Treatment Center - Queens Medical Center - Medical Clinic in Forest Hills, NY","article_publisher":"https:\/\/www.facebook.com\/medexny","twitter_card":"summary_large_image","twitter_site":"@DtcMedex","twitter_misc":{"Tiempo de lectura":"5 minutos"},"schema":{"@context":"https:\/\/schema.org","@graph":[{"@type":"WebPage","@id":"https:\/\/www.medexdtc.com\/es\/radiofrequency-ablation\/","url":"https:\/\/www.medexdtc.com\/es\/radiofrequency-ablation\/","name":"Ablaci\u00f3n por radiofrecuencia | Los mejores m\u00e9dicos para el tratamiento del dolor en Forest Hills, Queens, NY | Medex - Multi-Specialty Medical Center","isPartOf":{"@id":"https:\/\/www.medexdtc.com\/es\/#website"},"datePublished":"2020-08-05T18:15:53+00:00","description":"La ablaci\u00f3n por radiofrecuencia (ARF), un procedimiento que va directamente al origen de tu dolor, dirigi\u00e9ndose a los nervios con una corriente el\u00e9ctrica segura e indolora. Consulta con tu m\u00e9dico en el Centro de Diagn\u00f3stico y Tratamiento Medex de Forest Hills, Queens, Nueva York, para determinar si la ARF es adecuada para ti.","breadcrumb":{"@id":"https:\/\/www.medexdtc.com\/es\/radiofrequency-ablation\/#breadcrumb"},"inLanguage":"es","potentialAction":[{"@type":"ReadAction","target":["https:\/\/www.medexdtc.com\/es\/radiofrequency-ablation\/"]}]},{"@type":"BreadcrumbList","@id":"https:\/\/www.medexdtc.com\/es\/radiofrequency-ablation\/#breadcrumb","itemListElement":[{"@type":"ListItem","position":1,"name":"Home","item":"https:\/\/www.medexdtc.com\/es\/"},{"@type":"ListItem","position":2,"name":"Ablaci\u00f3n por radiofrecuencia en Queens"}]},{"@type":"WebSite","@id":"https:\/\/www.medexdtc.com\/es\/#website","url":"https:\/\/www.medexdtc.com\/es\/","name":"Medex DTC","description":"Medex Diagnostic and Treatment Center is a Medical Center in Queens, NY is a dynamic multi-specialty clinic. Physicians delivering high quality individualized care in Forest Hills, Queens, NY.","publisher":{"@id":"https:\/\/www.medexdtc.com\/es\/#organization"},"potentialAction":[{"@type":"SearchAction","target":{"@type":"EntryPoint","urlTemplate":"https:\/\/www.medexdtc.com\/es\/?s={search_term_string}"},"query-input":{"@type":"PropertyValueSpecification","valueRequired":true,"valueName":"search_term_string"}}],"inLanguage":"es"},{"@type":"Organization","@id":"https:\/\/www.medexdtc.com\/es\/#organization","name":"Medex DCT","url":"https:\/\/www.medexdtc.com\/es\/","logo":{"@type":"ImageObject","inLanguage":"es","@id":"https:\/\/www.medexdtc.com\/es\/#\/schema\/logo\/image\/","url":"https:\/\/www.medexdtc.com\/wp-content\/uploads\/2024\/11\/medex-diagnostic-and-treatment-center-in-queens-NY.png","contentUrl":"https:\/\/www.medexdtc.com\/wp-content\/uploads\/2024\/11\/medex-diagnostic-and-treatment-center-in-queens-NY.png","width":226,"height":47,"caption":"Medex DCT"},"image":{"@id":"https:\/\/www.medexdtc.com\/es\/#\/schema\/logo\/image\/"},"sameAs":["https:\/\/www.facebook.com\/medexny","https:\/\/x.com\/DtcMedex","https:\/\/www.instagram.com\/medexdtc\/","https:\/\/www.linkedin.com\/company\/medex-diagnostic-and-treatment-center\/about\/"]}]}},"jetpack_sharing_enabled":true,"_links":{"self":[{"href":"https:\/\/www.medexdtc.com\/es\/wp-json\/wp\/v2\/pages\/6154","targetHints":{"allow":["GET"]}}],"collection":[{"href":"https:\/\/www.medexdtc.com\/es\/wp-json\/wp\/v2\/pages"}],"about":[{"href":"https:\/\/www.medexdtc.com\/es\/wp-json\/wp\/v2\/types\/page"}],"author":[{"embeddable":true,"href":"https:\/\/www.medexdtc.com\/es\/wp-json\/wp\/v2\/users\/3"}],"replies":[{"embeddable":true,"href":"https:\/\/www.medexdtc.com\/es\/wp-json\/wp\/v2\/comments?post=6154"}],"version-history":[{"count":0,"href":"https:\/\/www.medexdtc.com\/es\/wp-json\/wp\/v2\/pages\/6154\/revisions"}],"wp:attachment":[{"href":"https:\/\/www.medexdtc.com\/es\/wp-json\/wp\/v2\/media?parent=6154"}],"curies":[{"name":"wp","href":"https:\/\/api.w.org\/{rel}","templated":true}]}}