{"id":6174,"date":"2026-04-16T16:13:15","date_gmt":"2026-04-16T11:13:15","guid":{"rendered":"https:\/\/www.medexdtc.com\/queens-physical-therapy-mejores-fisioterapeutas-en-forest-hills-queens-ny\/"},"modified":"2020-08-05T22:59:06","modified_gmt":"2020-08-05T17:59:06","slug":"physical-therapy","status":"publish","type":"page","link":"https:\/\/www.medexdtc.com\/es\/physical-therapy\/","title":{"rendered":"Queens Physical Therapy | Mejores fisioterapeutas en Forest Hills, Queens, NY"},"content":{"rendered":"<section id=\"about-madex-content-area\" class=\"about-madex-content-sec\">\n<div class=\"treatment-boxes about-madex-boxes\">\n<div>\n<p class=\"treatment-box-para\"><a href=\"https:\/\/www.medexdtc.com\/es\/medex-dtc-medicos-de-queens\/rodrigo-sipalay-pt\/\">La fisioterapia<\/a> te ayuda a recuperarte de una lesi\u00f3n, una intervenci\u00f3n quir\u00fargica o un dolor espec\u00edfico, y a tener menos probabilidades de volver a lesionarte. Los m\u00e9dicos del Centro de Diagn\u00f3stico y Tratamiento Medex, se centran en la prevenci\u00f3n y la longevidad. Su objetivo es mejorar tu calidad de vida. Tanto si te est\u00e1s recuperando de una intervenci\u00f3n como si necesitas desarrollar un programa de ejercicios para hacer frente a una discapacidad permanente, tu profesional de Medex se asegurar\u00e1 de que lo hagas con seguridad y eficacia. Llama para concertar una cita hoy mismo.    <\/p>\n<\/div>\n<\/div>\n<\/section>\n<h2 class=\"css-1uwmyp9-text css-aqdypc css-13sga99 css-13o7eu2 css-542wex\"><span class=\"css-1uwmyp9-text css-aqdypc css-13sga99 css-6n7j50\">Fisioterapia en Queens, Nueva York | Best PT<\/span><\/h2>\n<p>Un fisioterapeuta ayuda a los pacientes a mejorar la movilidad, controlar el dolor y recuperarse de lesiones o intervenciones quir\u00fargicas mediante ejercicios espec\u00edficos, terapia manual y otras t\u00e9cnicas de rehabilitaci\u00f3n. Eval\u00faan y tratan afecciones musculoesquel\u00e9ticas, neurol\u00f3gicas y cardiovasculares, con el fin de restablecer la funci\u00f3n, prevenir nuevas lesiones y mejorar la salud f\u00edsica general. <\/p>\n<p>A menudo se prescribe terapia tras un procedimiento m\u00e9dico. Cuando visitas a nuestro equipo, aprendes no s\u00f3lo los ejercicios adecuados para ayudar a tu cuerpo a curarse, sino tambi\u00e9n la forma correcta de hacerlos. <\/p>\n<p><strong><a href=\"https:\/\/www.medexdtc.com\/es\/medex-dtc-medicos-de-queens\/rodrigo-sipalay-pt\/\">Rodrigo Sipalay, PT, Fisioterapeuta Queens,NY  <\/a><\/strong><\/p>\n<div class=\"wp-block-buttons\">\n<div class=\"wp-block-button\"><a class=\"wp-block-button__link has-vivid-red-background-color has-background wp-element-button\" href=\"https:\/\/app.nexhealth.com\/appt\/medex-diagnostic-and-treatment-center\">Schedule Appointment<\/a><\/div>\n<\/div>\n<blockquote><p><strong>Nota<\/strong>:  <em>Queens fisioterapia en Medex situado en Forest Hills, Queens, NY, est\u00e1n aceptando <strong>todos los principales seguros, incluyendo Medicare, Medicaid, HIP, Emblemhealth, GHI, MetroPlus, Fidelis<\/strong>. Nuestros proveedores mejor valorados ofrecen una gama completa de los procedimientos de rehabilitaci\u00f3n m\u00e1s novedosos y se encuentran entre los mejores fisioterapeutas de la regi\u00f3n. <\/em><\/p><\/blockquote>\n<p>La fisioterapia (PT) es una forma de rehabilitaci\u00f3n centrada en el cuerpo, aunque tambi\u00e9n es un tratamiento para el dolor y las limitaciones f\u00edsicas. A menudo se prescribe tras un procedimiento m\u00e9dico. Cuando visitas al equipo de fisioterapia del Centro de Diagn\u00f3stico y Tratamiento Medex de Queens (Nueva York), no s\u00f3lo aprendes los ejercicios adecuados para ayudar a tu cuerpo a curarse, sino tambi\u00e9n la forma correcta de hacerlos.  <\/p>\n<p>Los fisioterapeutas est\u00e1n licenciados y formados en el arte y la ciencia de mejorar tu movilidad y optimizar el funcionamiento de tu cuerpo. En Medex, la fisioterapia es la mejor v\u00eda para recuperar la fuerza y la amplitud de movimiento. El objetivo de la fisioterapia es librarte del dolor y que vuelvas a disfrutar de la vida al m\u00e1ximo. Los servicios de fisioterapia incluyen:   <\/p>\n<ul>\n<li>Diagnosticar anomal\u00edas que afectan a tu movilidad<\/li>\n<li>Dise\u00f1ar planes para mantener la mayor funcionalidad posible<\/li>\n<li>Restablecer la funcionalidad mientras te recuperas de una lesi\u00f3n, enfermedad o procedimiento m\u00e9dico<\/li>\n<li>Ense\u00f1ar la forma correcta<\/li>\n<li>Promover la actividad f\u00edsica como parte integrante de tu bienestar general<\/li>\n<\/ul>\n<h2>Mejores Fisioterapeutas en Forest Hills, Queens, NY<\/h2>\n<p>Rodrigo Sipalay, PT Cirujano Ortop\u00e9dico 718.275.8900 Forest Hills, NY<\/p>\n<p>Experiencia del paciente<\/p>\n<p>\u00abMedex en Forest Hills, N.Y. tiene un servicio excelente. Los doctores y el personal son muy acogedores y se adaptan a tus necesidades y horarios. Recomendar\u00eda encarecidamente a cualquiera que viniera aqu\u00ed\u00bb. &#8211; Jane<\/p>\n<p>111-29 Queens Blvd<br \/>\nForest Hills, NY 11375<br \/>\nTel\u00e9fono: (718) 275-8900<\/p>\n<p>4.0<\/p>\n<p>M\u00e1s de 100 opiniones<\/p>\n<p><a href=\"https:\/\/goo.gl\/maps\/P9drFAKbbXpwVDxG9\">Ver m\u00e1s de 100 opiniones \u00ab<\/a><\/p>\n<h2>PT y Prevenci\u00f3n<\/h2>\n<p>Prevenir futuras lesiones es siempre uno de los objetivos de la fisioterapia. Con ese objetivo en mente, tu fisioterapeuta te prepara para que pases sin problemas de tus citas programadas de fisioterapia en la consulta a practicar las t\u00e9cnicas que aprendiste en casa. <\/p>\n<p>Tienes que utilizar todos los consejos y herramientas que re\u00fanas durante el tiempo que pases con tu terapeuta. Tus posibilidades de mantener un estilo de vida m\u00e1s sano, libre de restricciones evitables, son mucho mayores cuando mantienes las pr\u00e1cticas que aprendes. <\/p>\n<p>Tu <a href=\"https:\/\/www.medexdtc.com\/primary-care\/\">m\u00e9dico de cabecera<\/a> o tu <a href=\"https:\/\/www.medexdtc.com\/es\/tratamiento-del-dolor-en-queens\/\">especialista en tratamiento del dolor<\/a> pueden recomendarte fisioterapia tras haber sufrido una lesi\u00f3n o haber estado postrado en cama durante un periodo prolongado. El proceso terap\u00e9utico es r\u00e1pido y eficaz si tu lesi\u00f3n fue leve y en general gozas de buena salud. Pero si te enfrentas a una rehabilitaci\u00f3n extensa, puede requerir un compromiso m\u00e1s prolongado.  <\/p>\n<h2><img fetchpriority=\"high\" decoding=\"async\" class=\"about-madex-images alignnone\" src=\"https:\/\/www.medexdtc.com\/wp-content\/uploads\/2020\/08\/Physical-Therapy.jpg\" alt=\"Fisioterapia en Queens\" width=\"585\" height=\"615\"><\/h2>\n<h2>Tipos de fisioterapia<\/h2>\n<p>El Centro de Diagn\u00f3stico y Tratamiento Medex es una consulta multiespecialidad. Es posible que te remitan a un fisioterapeuta tras un procedimiento m\u00e9dico o un tratamiento para una afecci\u00f3n espec\u00edfica. Algunos de los tipos m\u00e1s comunes de fisioterapia que se ofrecen en Queens son la fisioterapia dirigida a tu:  <\/p>\n<ul>\n<li><a href=\"https:\/\/www.medexdtc.com\/physical-therapy-for-knees\/\">Rodillas<\/a><\/li>\n<li><a href=\"https:\/\/www.medexdtc.com\/physical-therapy-for-the-pelvic-floor\/\">Suelo p\u00e9lvico<\/a><\/li>\n<li>Hombros<\/li>\n<li>Manos<\/li>\n<li>Caderas<\/li>\n<li>Volver<\/li>\n<li>Pies<\/li>\n<li>Tobillos<\/li>\n<li>Codos<\/li>\n<li>Cuello<\/li>\n<\/ul>\n<p>Tu profesional de fisioterapia te ofrece una gran formaci\u00f3n y experiencia. Aunque puedes conseguir que te recomienden sus servicios, tambi\u00e9n puedes ponerte en contacto con ellos directamente. Entre los programas populares de fisioterapia se incluyen:  <\/p>\n<ul>\n<li>Rehabilitaci\u00f3n postoperatoria<\/li>\n<li>Fisioterapia deportiva<\/li>\n<li>Rehabilitaci\u00f3n de lesiones deportivas<\/li>\n<li>Lesiones laborales y rehabilitaci\u00f3n<\/li>\n<li>Programa de cefaleas y migra\u00f1as<\/li>\n<li>Rehabilitaci\u00f3n de fracturas<\/li>\n<li>Tratamiento fisioterap\u00e9utico de la artritis<\/li>\n<li>Rehabilitaci\u00f3n neurol\u00f3gica<\/li>\n<li>Fisioterapia del equilibrio<\/li>\n<li>Programa prenatal contra el dolor de espalda<\/li>\n<li>Programa de hombro congelado<\/li>\n<li>Programa de rodilla de corredor<\/li>\n<li>Programa de rendimiento y desarrollo espec\u00edfico para el deporte<\/li>\n<\/ul>\n<h2>\u00bfEn qu\u00e9 consiste la PT?<\/h2>\n<p>Tu tratamiento de fisioterapia depende de tu estado, tus objetivos de recuperaci\u00f3n, las \u00f3rdenes del m\u00e9dico y otros detalles personales. Quiz\u00e1 tu objetivo inmediato sea poder moverte sin dolor. O tal vez quieras una PT exhaustiva para volver a participar en un deporte a pleno rendimiento. Puede que s\u00f3lo necesites ayuda para recuperar la fuerza tras una larga enfermedad. Tu fisioterapeuta dise\u00f1a un plan personalizado s\u00f3lo para ti.    <\/p>\n<p>Adem\u00e1s de ejercicios ordinarios como montar en bicicleta y caminar, tu fisioterapeuta emplea una amplia gama de opciones y modalidades de tratamiento. Cada una de ellas est\u00e1 dise\u00f1ada para aumentar tu programa de ejercicios est\u00e1ndar y mejorar tus resultados. Algunos de los tratamientos ofrecidos incluyen:  <\/p>\n<ul>\n<li>Terapia manual<\/li>\n<li>Manipulaci\u00f3n de la columna vertebral y las articulaciones<\/li>\n<li>Terapia con ondas de choque<\/li>\n<li>T\u00e9cnica de liberaci\u00f3n activa<\/li>\n<li>T\u00e9cnica Graston<\/li>\n<li>Terapia de puntos gatillo<\/li>\n<li>Terapia Trig\u00e9nica<\/li>\n<li>Terapia l\u00e1ser<\/li>\n<li>Terapia con l\u00e1ser fr\u00edo<\/li>\n<li>Ejercicio isocin\u00e9tico<\/li>\n<li>Entrenamiento con ejercicios funcionales<\/li>\n<li>Terapia de manos<\/li>\n<li>Entrenamiento muscular del suelo p\u00e9lvico<\/li>\n<li>Masaje de drenaje linf\u00e1tico<\/li>\n<li>Tratamiento del dolor miofascial<\/li>\n<li><a href=\"https:\/\/www.medexdtc.com\/es\/cupping-therapy\/\">Terapia de ventosas<\/a><\/li>\n<li><a href=\"https:\/\/www.medexdtc.com\/spinal-decompression\/\">Descompresi\u00f3n vertebral<\/a><\/li>\n<li>Cinta kinesio<\/li>\n<li>Terapia\/entrenamiento vestibular<\/li>\n<li>Tratamiento de recuperaci\u00f3n del marat\u00f3n<\/li>\n<\/ul>\n<h2>Los beneficios de la PT<\/h2>\n<p>Tu fisioterapeuta trabaja contigo en todas las fases de tu curaci\u00f3n. Este proceso incluye todas las fases reparadoras de tu recuperaci\u00f3n, as\u00ed como la educaci\u00f3n preventiva. Siempre que sigas las indicaciones y participes plenamente en los planes, ver\u00e1s resultados notables. Dependiendo de tus objetivos y de tu situaci\u00f3n concreta, algunos de los beneficios de la fisioterapia que puedes experimentar son:   <\/p>\n<ul>\n<li>Disminuci\u00f3n de la necesidad de analg\u00e9sicos o eliminaci\u00f3n de los mismos<\/li>\n<li>Mejora del movimiento f\u00edsico, la movilidad y la amplitud de movimiento<\/li>\n<li>Progreso suficiente para poder evitar la cirug\u00eda<\/li>\n<li>Recuperaci\u00f3n completa de traumatismos o lesiones<\/li>\n<li>Aprender a prevenir las ca\u00eddas<\/li>\n<li>Gesti\u00f3n de los problemas m\u00e9dicos relacionados con el envejecimiento<\/li>\n<li>Recuperaci\u00f3n de la apoplej\u00eda<\/li>\n<li>Mejora del equilibrio<\/li>\n<\/ul>\n<p>Ponte en contacto <a href=\"https:\/\/www.medexdtc.com\/es\/physical-therapy\/#contact-form\">con los especialistas en fisioterapia<\/a> del Centro de Diagn\u00f3stico y Tratamiento Medex de Queens (Nueva York) para informarte sobre tus opciones de recuperaci\u00f3n. Y cuando tu m\u00e9dico de Medex te recomiende fisioterapia, ten la seguridad de que recibir\u00e1s la mejor atenci\u00f3n de Nueva York. <\/p>\n<p>Podemos ayudarte a encontrar m\u00e9dico. Llama al <a href=\"tel:+17182758900\">(718) 275-8900<\/a> <\/p>\n<p>Con licencia del estado de Nueva York, Medex es un centro de diagn\u00f3stico y tratamiento del art\u00edculo 28. Nuestros m\u00e9dicos proporcionan atenci\u00f3n integral a pacientes de todas las edades en la zona de Forest Hills, Queens, desde hace m\u00e1s de 15 a\u00f1os. Empieza a recibir atenci\u00f3n experta ahora llamando o concertando una cita en l\u00ednea con uno de los especialistas cualificados.<\/p>\n","protected":false},"excerpt":{"rendered":"<p>La fisioterapia te ayuda a recuperarte de una lesi\u00f3n, una intervenci\u00f3n quir\u00fargica o un dolor espec\u00edfico, y a tener menos probabilidades de volver a lesionarte. Los m\u00e9dicos del Centro de Diagn\u00f3stico y Tratamiento Medex, se centran en la prevenci\u00f3n y la longevidad. Su objetivo es mejorar tu calidad de vida. Tanto si te est\u00e1s recuperando &hellip; <\/p>\n<p class=\"link-more\"><a href=\"https:\/\/www.medexdtc.com\/es\/physical-therapy\/\" class=\"more-link\">Continue reading<span class=\"screen-reader-text\"> \u00abQueens Physical Therapy | Mejores fisioterapeutas en Forest Hills, Queens, NY\u00bb<\/span><\/a><\/p>\n","protected":false},"author":3,"featured_media":7319,"parent":0,"menu_order":0,"comment_status":"closed","ping_status":"closed","template":"new_inner.php","meta":{"_acf_changed":false,"footnotes":""},"class_list":["post-6174","page","type-page","status-publish","has-post-thumbnail","hentry"],"acf":[],"yoast_head":"<!-- This site is optimized with the Yoast SEO plugin v27.5 - https:\/\/yoast.com\/product\/yoast-seo-wordpress\/ -->\n<title>Fisioterapia Queens | Top Fisioterapeutas | Forest Hills, Queens NY<\/title>\n<meta name=\"description\" content=\"Los especialistas en fisioterapia de Forest Hills Queens NY ayudan a recuperar la movilidad y a recuperarse de una lesi\u00f3n. Nuestros terapeutas aceptan la mayor\u00eda de los seguros.\" \/>\n<meta name=\"robots\" content=\"index, follow, max-snippet:-1, max-image-preview:large, max-video-preview:-1\" \/>\n<link rel=\"canonical\" href=\"https:\/\/www.medexdtc.com\/es\/physical-therapy\/\" \/>\n<meta property=\"og:locale\" content=\"es_ES\" \/>\n<meta property=\"og:type\" content=\"article\" \/>\n<meta property=\"og:title\" content=\"Fisioterapia Queens | Top Fisioterapeutas | Forest Hills, Queens NY\" \/>\n<meta property=\"og:description\" content=\"Los especialistas en fisioterapia de Forest Hills Queens NY ayudan a recuperar la movilidad y a recuperarse de una lesi\u00f3n. Nuestros terapeutas aceptan la mayor\u00eda de los seguros.\" \/>\n<meta property=\"og:url\" content=\"https:\/\/www.medexdtc.com\/es\/physical-therapy\/\" \/>\n<meta property=\"og:site_name\" content=\"Medex Diagnostic and Treatment Center - Queens Medical Center - Medical Clinic in Forest Hills, NY\" \/>\n<meta property=\"article:publisher\" content=\"https:\/\/www.facebook.com\/medexny\" \/>\n<meta property=\"og:image\" content=\"https:\/\/www.medexdtc.com\/wp-content\/uploads\/2020\/08\/Physical-Therapy.jpg\" \/>\n<meta name=\"twitter:card\" content=\"summary_large_image\" \/>\n<meta name=\"twitter:site\" content=\"@DtcMedex\" \/>\n<meta name=\"twitter:label1\" content=\"Tiempo de lectura\" \/>\n\t<meta name=\"twitter:data1\" content=\"7 minutos\" \/>\n<!-- \/ Yoast SEO plugin. -->","yoast_head_json":{"title":"Fisioterapia Queens | Top Fisioterapeutas | Forest Hills, Queens NY","description":"Los especialistas en fisioterapia de Forest Hills Queens NY ayudan a recuperar la movilidad y a recuperarse de una lesi\u00f3n. Nuestros terapeutas aceptan la mayor\u00eda de los seguros.","robots":{"index":"index","follow":"follow","max-snippet":"max-snippet:-1","max-image-preview":"max-image-preview:large","max-video-preview":"max-video-preview:-1"},"canonical":"https:\/\/www.medexdtc.com\/es\/physical-therapy\/","og_locale":"es_ES","og_type":"article","og_title":"Fisioterapia Queens | Top Fisioterapeutas | Forest Hills, Queens NY","og_description":"Los especialistas en fisioterapia de Forest Hills Queens NY ayudan a recuperar la movilidad y a recuperarse de una lesi\u00f3n. Nuestros terapeutas aceptan la mayor\u00eda de los seguros.","og_url":"https:\/\/www.medexdtc.com\/es\/physical-therapy\/","og_site_name":"Medex Diagnostic and Treatment Center - Queens Medical Center - Medical Clinic in Forest Hills, NY","article_publisher":"https:\/\/www.facebook.com\/medexny","og_image":[{"url":"https:\/\/www.medexdtc.com\/wp-content\/uploads\/2020\/08\/Physical-Therapy.jpg","type":"","width":"","height":""}],"twitter_card":"summary_large_image","twitter_site":"@DtcMedex","twitter_misc":{"Tiempo de lectura":"7 minutos"},"schema":{"@context":"https:\/\/schema.org","@graph":[{"@type":"WebPage","@id":"https:\/\/www.medexdtc.com\/es\/physical-therapy\/","url":"https:\/\/www.medexdtc.com\/es\/physical-therapy\/","name":"Fisioterapia Queens | Top Fisioterapeutas | Forest Hills, Queens NY","isPartOf":{"@id":"https:\/\/www.medexdtc.com\/es\/#website"},"primaryImageOfPage":{"@id":"https:\/\/www.medexdtc.com\/es\/physical-therapy\/#primaryimage"},"image":{"@id":"https:\/\/www.medexdtc.com\/es\/physical-therapy\/#primaryimage"},"thumbnailUrl":"https:\/\/www.medexdtc.com\/wp-content\/uploads\/2026\/04\/Best-Physical-Therapists-in-Queens-NY.-Top-Physical-Therapists-in-Forest-Hills.jpg","datePublished":"2026-04-16T11:13:15+00:00","description":"Los especialistas en fisioterapia de Forest Hills Queens NY ayudan a recuperar la movilidad y a recuperarse de una lesi\u00f3n. Nuestros terapeutas aceptan la mayor\u00eda de los seguros.","breadcrumb":{"@id":"https:\/\/www.medexdtc.com\/es\/physical-therapy\/#breadcrumb"},"inLanguage":"es","potentialAction":[{"@type":"ReadAction","target":["https:\/\/www.medexdtc.com\/es\/physical-therapy\/"]}]},{"@type":"ImageObject","inLanguage":"es","@id":"https:\/\/www.medexdtc.com\/es\/physical-therapy\/#primaryimage","url":"https:\/\/www.medexdtc.com\/wp-content\/uploads\/2026\/04\/Best-Physical-Therapists-in-Queens-NY.-Top-Physical-Therapists-in-Forest-Hills.jpg","contentUrl":"https:\/\/www.medexdtc.com\/wp-content\/uploads\/2026\/04\/Best-Physical-Therapists-in-Queens-NY.-Top-Physical-Therapists-in-Forest-Hills.jpg","width":1536,"height":1024,"caption":"Best Physical Therapists in Queens, NY."},{"@type":"BreadcrumbList","@id":"https:\/\/www.medexdtc.com\/es\/physical-therapy\/#breadcrumb","itemListElement":[{"@type":"ListItem","position":1,"name":"Home","item":"https:\/\/www.medexdtc.com\/es\/"},{"@type":"ListItem","position":2,"name":"Queens Physical Therapy | Mejores fisioterapeutas en Forest Hills, Queens, NY"}]},{"@type":"WebSite","@id":"https:\/\/www.medexdtc.com\/es\/#website","url":"https:\/\/www.medexdtc.com\/es\/","name":"Medex DTC","description":"Medex Diagnostic and Treatment Center is a Medical Center in Queens, NY is a dynamic multi-specialty clinic. Physicians delivering high quality individualized care in Forest Hills, Queens, NY.","publisher":{"@id":"https:\/\/www.medexdtc.com\/es\/#organization"},"potentialAction":[{"@type":"SearchAction","target":{"@type":"EntryPoint","urlTemplate":"https:\/\/www.medexdtc.com\/es\/?s={search_term_string}"},"query-input":{"@type":"PropertyValueSpecification","valueRequired":true,"valueName":"search_term_string"}}],"inLanguage":"es"},{"@type":"Organization","@id":"https:\/\/www.medexdtc.com\/es\/#organization","name":"Medex DCT","url":"https:\/\/www.medexdtc.com\/es\/","logo":{"@type":"ImageObject","inLanguage":"es","@id":"https:\/\/www.medexdtc.com\/es\/#\/schema\/logo\/image\/","url":"https:\/\/www.medexdtc.com\/wp-content\/uploads\/2024\/11\/medex-diagnostic-and-treatment-center-in-queens-NY.png","contentUrl":"https:\/\/www.medexdtc.com\/wp-content\/uploads\/2024\/11\/medex-diagnostic-and-treatment-center-in-queens-NY.png","width":226,"height":47,"caption":"Medex DCT"},"image":{"@id":"https:\/\/www.medexdtc.com\/es\/#\/schema\/logo\/image\/"},"sameAs":["https:\/\/www.facebook.com\/medexny","https:\/\/x.com\/DtcMedex","https:\/\/www.instagram.com\/medexdtc\/","https:\/\/www.linkedin.com\/company\/medex-diagnostic-and-treatment-center\/about\/"]}]}},"jetpack_sharing_enabled":true,"_links":{"self":[{"href":"https:\/\/www.medexdtc.com\/es\/wp-json\/wp\/v2\/pages\/6174","targetHints":{"allow":["GET"]}}],"collection":[{"href":"https:\/\/www.medexdtc.com\/es\/wp-json\/wp\/v2\/pages"}],"about":[{"href":"https:\/\/www.medexdtc.com\/es\/wp-json\/wp\/v2\/types\/page"}],"author":[{"embeddable":true,"href":"https:\/\/www.medexdtc.com\/es\/wp-json\/wp\/v2\/users\/3"}],"replies":[{"embeddable":true,"href":"https:\/\/www.medexdtc.com\/es\/wp-json\/wp\/v2\/comments?post=6174"}],"version-history":[{"count":0,"href":"https:\/\/www.medexdtc.com\/es\/wp-json\/wp\/v2\/pages\/6174\/revisions"}],"wp:featuredmedia":[{"embeddable":true,"href":"https:\/\/www.medexdtc.com\/es\/wp-json\/wp\/v2\/media\/7319"}],"wp:attachment":[{"href":"https:\/\/www.medexdtc.com\/es\/wp-json\/wp\/v2\/media?parent=6174"}],"curies":[{"name":"wp","href":"https:\/\/api.w.org\/{rel}","templated":true}]}}