{"id":6177,"date":"2020-08-05T23:37:41","date_gmt":"2020-08-05T18:37:41","guid":{"rendered":"https:\/\/www.medexdtc.com\/cirugia-ortopedica-en-queens-los-mejores-cirujanos-en-forest-hills-queens-ny\/"},"modified":"2025-09-15T04:28:03","modified_gmt":"2025-09-14T23:28:03","slug":"orthopedics","status":"publish","type":"page","link":"https:\/\/www.medexdtc.com\/es\/orthopedics\/","title":{"rendered":"Cirug\u00eda Ortop\u00e9dica en Queens &#8211; Los mejores cirujanos en Forest Hills, Queens, NY"},"content":{"rendered":"<section id=\"about-madex-content-area\" class=\"about-madex-content-sec\">\n<div class=\"treatment-boxes about-madex-boxes\">\n<div>\n<p class=\"treatment-box-para\">No tienes por qu\u00e9 sufrir dolor de espalda, lesiones deportivas o cualquier otra preocupaci\u00f3n musculoesquel\u00e9tica cuando tienes acceso al mejor <a href=\"https:\/\/www.medexdtc.com\/es\/medex-dtc-medicos-de-queens\/dr-victor-katz\/\">m\u00e9dico ortop\u00e9dico<\/a> en Queens, NY. La ortopedia es una de las muchas especialidades disponibles en el Centro de Diagn\u00f3stico y Tratamiento Medex de Queens. Nuestros expertos m\u00e9dicos ortop\u00e9dicos te ayudan a prevenir trastornos \u00f3seos y articulares incapacitantes, al tiempo que tratan todos los aspectos del dolor y la recuperaci\u00f3n ortop\u00e9dicos en unas instalaciones de vanguardia. Llama hoy para una evaluaci\u00f3n.   <\/p>\n<p class=\"treatment-box-para\"><a href=\"https:\/\/www.medexdtc.com\/es\/medex-dtc-medicos-de-queens\/dr-victor-katz\/\">Los m\u00e9dicos ortop\u00e9dicos<\/a> de Queens del Centro de Diagn\u00f3stico y Tratamiento Medex diagnostican, tratan y previenen afecciones que afectan al sistema musculoesquel\u00e9tico, incluidos huesos, articulaciones, m\u00fasculos, ligamentos y tendones. Los m\u00e9dicos ortop\u00e9dicos tratan lesiones, afecciones cr\u00f3nicas como la artritis y deformidades mediante m\u00e9todos m\u00e9dicos, f\u00edsicos y quir\u00fargicos para restablecer la movilidad y reducir el dolor. No tienes por qu\u00e9 sufrir <a href=\"https:\/\/www.medexdtc.com\/es\/back-pain\/\">dolor de espalda<\/a>, lesiones deportivas ni ning\u00fan otro problema musculoesquel\u00e9tico si tienes acceso a m\u00e9dicos de muchas especialidades en el Centro de Diagn\u00f3stico y Tratamiento Medex. Estos m\u00e9dicos te ayudan a prevenir trastornos \u00f3seos y articulares incapacitantes, al tiempo que tratan todos los aspectos del dolor y la recuperaci\u00f3n en unas instalaciones de vanguardia. Llama hoy mismo para una evaluaci\u00f3n.    <\/p>\n<\/div>\n<\/div>\n<\/section>\n<section id=\"treatment-page-content-area-1\" class=\"treatment-page-content-area-one\" style=\"padding: 20px;\">\n<p style=\"text-align: left; margin-bottom: 10px;\"><a href=\"https:\/\/www.medexdtc.com\/es\/medex-dtc-medicos-de-queens\/dr-victor-katz\/\"><strong>Victor Katz, MD, Cirujano Ortop\u00e9dico en Queens, NY<\/strong><\/a><\/p>\n<div class=\"wp-block-buttons\" style=\"margin-bottom: 20px;\">\n<div class=\"wp-block-button\"><a class=\"wp-block-button__link has-vivid-red-background-color has-background wp-element-button\" style=\"display: inline-block; text-decoration: none; padding: 10px 20px; border-radius: 5px; color: white;\" href=\"https:\/\/app.nexhealth.com\/appt\/medex-diagnostic-and-treatment-center\">  Schedule Appointment  <\/a><\/div>\n<\/div>\n<\/section>\n<blockquote>\n<p><strong>Nota<\/strong>: <em>Los m\u00e9dicos de cirug\u00eda ortop\u00e9dica de Queens en Medex, situado en Forest Hills, Queens, NY, aceptan <strong>los principales seguros, incluidos Medicare, Medicaid, HIP, Emblemhealth, GHI, MetroPlus y Fidelis<\/strong>, y se encuentran entre los mejores cirujanos de la regi\u00f3n.<\/em><\/p>\n<\/blockquote>\n<p>La salud de tus m\u00fasculos, ligamentos, tendones, huesos, cart\u00edlagos, articulaciones y columna vertebral es competencia de los especialistas en ortopedia. Esta \u00e1rea de la medicina incluye la prevenci\u00f3n, correcci\u00f3n y recuperaci\u00f3n de las partes de tu cuerpo que te permiten moverte, girar, saltar y caminar. <\/p>\n<p>El dolor musculoesquel\u00e9tico puede afectar a cualquiera en cualquier momento. Es el motivo m\u00e1s frecuente de visita al m\u00e9dico. Ni\u00f1os, adolescentes, adultos j\u00f3venes y ancianos se benefician de tener acceso a los mejores especialistas en ortopedia en un centro con la tecnolog\u00eda m\u00e1s avanzada. Las enfermedades y lesiones del sistema musculoesquel\u00e9tico son las que afectan a las articulaciones, huesos y m\u00fasculos de tu:   <\/p>\n<ul>\n<li>Hombros<\/li>\n<li>Codos<\/li>\n<li>Manos<\/li>\n<li>Cuello<\/li>\n<li>Volver<\/li>\n<li>Caderas<\/li>\n<li>Rodillas<\/li>\n<li>Tobillos<\/li>\n<li>Pies<\/li>\n<\/ul>\n<h2>Mejores Cirujanos Ortop\u00e9dicos en Forest Hills, Queens, NY<\/h2>\n<p>Victor Katz, MD Cirujano Ortop\u00e9dico718.275.8900Forest Hills, NY<\/p>\n<p>Experiencia del paciente<\/p>\n<p>\u00abMedex en Forest Hills, N.Y. tiene un servicio excelente. Los doctores y el personal son muy acogedores y se adaptan a tus necesidades y horarios. Recomendar\u00eda encarecidamente a cualquiera que viniera aqu\u00ed\u00bb. &#8211; Jane<\/p>\n<p>111-29 Queens Blvd<br \/>Forest Hills, NY 11375<br \/>Tel\u00e9fono: (718) 275-8900<\/p>\n<p>4.0<\/p>\n<p>M\u00e1s de 100 opiniones<\/p>\n<p><a href=\"https:\/\/goo.gl\/maps\/P9drFAKbbXpwVDxG9\">Ver m\u00e1s de 100 opiniones \u00ab<\/a><\/p>\n<h2>\u00bfC\u00f3mo se previenen las lesiones ortop\u00e9dicas?<\/h2>\n<p>Conociendo los riesgos de lesi\u00f3n o enfermedad de tus huesos, columna vertebral y articulaciones, puedes prevenir muchos problemas ortop\u00e9dicos. En el Centro de Diagn\u00f3stico y Tratamiento Medex de Queens, Nueva York, la prevenci\u00f3n es el objetivo principal. Un equipo de expertos te proporciona orientaci\u00f3n m\u00e9dica para mejorar tu calidad de vida.  <\/p>\n<p>Para evitar el dolor de los trastornos \u00f3seos y articulares o impedir que empeore un trastorno ya existente, sigue las recomendaciones de tu m\u00e9dico, por ejemplo<\/p>\n<ul>\n<li>Mant\u00e9n un peso saludable mediante el ejercicio y una dieta equilibrada<\/li>\n<li>Fortalece los m\u00fasculos que rodean tus articulaciones, especialmente los que soportan peso<\/li>\n<li>Evita fumar y el consumo excesivo de alcohol<\/li>\n<li>Descansa de los movimientos repetitivos<\/li>\n<li>Aseg\u00farate de tener un lugar de trabajo ergon\u00f3mico<\/li>\n<li>Aprende la forma adecuada para tus actividades<\/li>\n<\/ul>\n<p>La intervenci\u00f3n precoz influye en el tipo de tratamiento que necesitas para tratar tu dolor. Cuando te mantienes al tanto de tu salud, haci\u00e9ndote revisiones peri\u00f3dicas y buscando tratamiento al inicio de los problemas \u00f3seos, de espalda o articulares, tienes m\u00e1s posibilidades de vivir una vida larga y sin dolor. <\/p>\n<h2>Se\u00f1ales de que puedes necesitar una intervenci\u00f3n ortop\u00e9dica<\/h2>\n<p>Normalmente, sabes que algo va mal cuando aparece el dolor. Puedes sentir molestias persistentes en las rodillas al correr, un dolor punzante en el codo al jugar al tenis, un dolor persistente en la espalda despu\u00e9s de levantar algo o rigidez en los dedos tras una hora ante el teclado. Tu cuerpo te dice cu\u00e1ndo necesita atenci\u00f3n m\u00e9dica.  <\/p>\n<p>Los s\u00edntomas m\u00e1s frecuentes asociados a lesiones y enfermedades de la columna vertebral, los huesos y las articulaciones son:<\/p>\n<ul>\n<li>Inflamaci\u00f3n en una articulaci\u00f3n<\/li>\n<li>Rigidez articular<\/li>\n<li>Sensibilidad alrededor de una articulaci\u00f3n<\/li>\n<li>Enrojecimiento y calor en una zona<\/li>\n<li>Dolor peor cuando lo tocas<\/li>\n<li>Espasmos musculares<\/li>\n<li>Dolor que se irradia hacia arriba o hacia abajo de las extremidades<\/li>\n<li><a href=\"https:\/\/www.medexdtc.com\/es\/back-pain\/\">Lumbalgia<\/a> sorda<\/li>\n<\/ul>\n<p>Art\u00edculos relacionados: <a href=\"https:\/\/www.medexdtc.com\/es\/tabla-de-localizacion-del-dolor-de-rodilla\/\">Tabla de localizaci\u00f3n del dolor de rodilla<\/a>, <a href=\"https:\/\/www.medexdtc.com\/es\/examen-fisico-y-chequeo-anual-en-forest-hills-queens-ny-examen-fisico-anual-cerca-de-mi\/\">Examen f\u00edsico anual en Queens<\/a><\/p>\n<h2><img fetchpriority=\"high\" decoding=\"async\" class=\"about-madex-images alignnone\" src=\"https:\/\/www.medexdtc.com\/wp-content\/uploads\/2020\/08\/Orthopedics.jpg\" alt=\"Ortopedia Queens, Centro de Diagn\u00f3stico y Tratamiento Medex\" width=\"585\" height=\"615\"><\/h2>\n<h2>Afecciones ortop\u00e9dicas tratadas en Medex<\/h2>\n<p>El diagn\u00f3stico inicial puede proceder de tu <a href=\"https:\/\/www.medexdtc.com\/es\/primary-care\/\">m\u00e9dico de atenci\u00f3n primaria<\/a>. Las pruebas de imagen, como las radiograf\u00edas, confirman si tienes una afecci\u00f3n aguda que requiere intervenci\u00f3n inmediata, un problema en desarrollo que necesita medidas correctoras o una afecci\u00f3n cr\u00f3nica que debes combatir. Puede que te remitan a un traumat\u00f3logo interno.  <\/p>\n<p>El Centro de Diagn\u00f3stico y Tratamiento Medex es una consulta multidisciplinar. No importa qu\u00e9 tipo de m\u00e9dico necesites, podr\u00e1s encontrar uno dentro de las mismas instalaciones. Los m\u00e9dicos ortop\u00e9dicos tratan afecciones comunes como:  <\/p>\n<ul>\n<li><a href=\"https:\/\/www.medexdtc.com\/es\/herniated-discs\/\">Hernias discales<\/a><\/li>\n<li>Lesiones deportivas<\/li>\n<li>Lesiones en brazos y codos<\/li>\n<li>Nervios pinzados<\/li>\n<li><a href=\"https:\/\/www.medexdtc.com\/es\/arthritis-in-the-hands\/\">Artritis de la mano<\/a><\/li>\n<li>Lesiones de pie y tobillo<\/li>\n<li>Rotura de hombros y clav\u00edculas<\/li>\n<li>Roturas del tend\u00f3n de Aquiles<\/li>\n<li>Lesiones de mano y mu\u00f1eca<\/li>\n<li>Codo de golfista<\/li>\n<li>Trastornos del menisco de la rodilla<\/li>\n<li>Dolor lumbar<\/li>\n<li>Dolor de cuello<\/li>\n<\/ul>\n<h2>La primera l\u00ednea de tratamiento<\/h2>\n<p>Tu tratamiento comienza siempre con los procedimientos menos invasivos. Esto puede implicar t\u00e9cnicas de <a href=\"https:\/\/www.medexdtc.com\/es\/tratamiento-del-dolor-en-queens\/\">control del dolor<\/a> y los mismos cambios de estilo de vida que haces para evitar los trastornos ortop\u00e9dicos. Descansar m\u00e1s, hacer m\u00e1s pausas mientras trabajas y establecer un espacio de trabajo ergon\u00f3mico reducen el dolor.  <\/p>\n<p><a href=\"https:\/\/www.medexdtc.com\/es\/physical-therapy\/\">La fisioterapia<\/a>, tambi\u00e9n disponible en Medex, puede ser la forma m\u00e1s segura de evitar los tratamientos invasivos. Tu fisioterapeuta y tu traumat\u00f3logo dise\u00f1an un plan de ejercicios y tratamiento para tratar tu dolor y acelerar tu recuperaci\u00f3n. Recibir\u00e1s instrucciones detalladas para continuar los ejercicios terap\u00e9uticos en casa.  <\/p>\n<h2>Cuando necesitas m\u00e1s tratamiento<\/h2>\n<p>A veces, tu m\u00e9dico necesita tomar medidas adicionales para tratar tu enfermedad. Cuando los cambios en tu forma de trabajar y jugar tienen poco efecto sobre tu dolor, necesitas una respuesta m\u00e1s intervencionista. Cuando tu dolencia se hace cr\u00f3nica o una lesi\u00f3n te inmoviliza, necesitas procedimientos m\u00ednimamente invasivos o m\u00e1s extensos.  <\/p>\n<p>Tus m\u00e9dicos de Medex te proporcionan los mejores cuidados. Algunos de los procedimientos utilizados para tratar trastornos ortop\u00e9dicos son: <\/p>\n<ul>\n<li>Pr\u00f3tesis de cadera<\/li>\n<li><a href=\"https:\/\/www.medexdtc.com\/es\/tommy-john-surgery\/\">Cirug\u00eda Tommy John<\/a><\/li>\n<li>Cirug\u00eda de columna<\/li>\n<li>Artroscopia de hombro<\/li>\n<li><a href=\"https:\/\/www.medexdtc.com\/es\/arthroscopic-knee-surgery\/\">Cirug\u00eda artrosc\u00f3pica de rodilla<\/a><\/li>\n<li>Meniscectom\u00eda<\/li>\n<li>Inyecciones de gel en la rodilla<\/li>\n<li>Pr\u00f3tesis de tobillo<\/li>\n<\/ul>\n<p>Una vez curado, puedes volver a tus actividades favoritas. Aprov\u00e9chate de los ortopedistas de Queens. Recuperar la movilidad sin dolor es el objetivo del Centro de Diagn\u00f3stico y Tratamiento Medex. Tanto si cambias tus h\u00e1bitos como si sustituyes una articulaci\u00f3n da\u00f1ada, los tratamientos exitosos cambian tu vida. <a href=\"https:\/\/www.medexdtc.com\/es\/especialidades-medicas\/#contact-form\">Ponte en contacto hoy mismo con los espertos ortop\u00e9dicos<\/a> para una evaluaci\u00f3n.   <\/p>\n<p>Podemos ayudarte a encontrar m\u00e9dico. Llama al <a href=\"tel:+17182758900\">(718) 275-8900<\/a> <\/p>\n<p>Con licencia del estado de Nueva York, Medex es un centro de diagn\u00f3stico y tratamiento del art\u00edculo 28. Nuestros m\u00e9dicos proporcionan atenci\u00f3n integral a pacientes de todas las edades en la zona de Forest Hills, Queens, desde hace m\u00e1s de 15 a\u00f1os. Empieza a recibir atenci\u00f3n experta ahora llamando o concertando una cita en l\u00ednea con uno de los especialistas cualificados.  <\/p><h2 class=\"wp-block-heading\">PREGUNTAS FRECUENTES<\/h2><p><strong>1. \u00bfNecesito que me remitan a un traumat\u00f3logo?<\/strong><\/p><p>Que necesites una derivaci\u00f3n para ver a un m\u00e9dico ortop\u00e9dico depende en gran medida de tu plan de seguro m\u00e9dico. Muchos planes de organizaciones para el mantenimiento de la salud (HMO) exigen una derivaci\u00f3n de tu m\u00e9dico de atenci\u00f3n primaria antes de que puedas ver a un especialista, incluido un m\u00e9dico ortop\u00e9dico. Esto se hace para garantizar que tu m\u00e9dico de atenci\u00f3n primaria coordina tu asistencia y que la visita al especialista es m\u00e9dicamente necesaria. Sin embargo, los planes de las organizaciones de proveedores preferentes (PPO) suelen permitirte ver a especialistas sin necesidad de derivaci\u00f3n. Siempre es mejor consultar con tu proveedor de seguros para conocer sus requisitos espec\u00edficos y evitar costes inesperados. Aunque tu seguro no exija una derivaci\u00f3n, a veces un m\u00e9dico de atenci\u00f3n primaria puede proporcionar una valiosa derivaci\u00f3n a un especialista ortop\u00e9dico de confianza, lo que puede agilizar tu asistencia.     <\/p><p><strong>2. \u00bfCu\u00e1l es la operaci\u00f3n ortop\u00e9dica de la que es m\u00e1s dif\u00edcil recuperarse?<\/strong><\/p><p>La dificultad de recuperaci\u00f3n en cirug\u00eda ortop\u00e9dica es muy individual, pero en general, las cirug\u00edas que afectan a grandes articulaciones y las reconstrucciones complejas suelen tener las recuperaciones m\u00e1s dif\u00edciles. La cirug\u00eda de fusi\u00f3n espinal y las fracturas p\u00e9lvicas complejas suelen considerarse de las m\u00e1s dif\u00edciles debido al gran traumatismo tisular, la inmovilizaci\u00f3n prolongada y la importante rehabilitaci\u00f3n necesaria. Las pr\u00f3tesis articulares totales, en particular las revisiones de cadera y rodilla, tambi\u00e9n pueden plantear importantes retos de recuperaci\u00f3n, sobre todo en adultos mayores o con comorbilidades. El alcance del da\u00f1o en los tejidos blandos, el estado general de salud del paciente y el cumplimiento de los protocolos de rehabilitaci\u00f3n desempe\u00f1an un papel importante en el proceso general de recuperaci\u00f3n.   <\/p><p><strong>3. \u00bfCu\u00e1ndo acudir a un traumat\u00f3logo?<\/strong><\/p><p>Debes plantearte acudir a un m\u00e9dico ortop\u00e9dico cuando experimentes un dolor musculoesquel\u00e9tico persistente o intenso, sobre todo si interfiere en tus actividades cotidianas. Si tienes una lesi\u00f3n reciente, como una fractura, luxaci\u00f3n o rotura de ligamentos, es esencial que busques atenci\u00f3n ortop\u00e9dica. Adem\u00e1s, si notas hinchaz\u00f3n, rigidez o limitaci\u00f3n de la amplitud de movimiento en las articulaciones, o si padeces enfermedades cr\u00f3nicas como la artritis, que requieren un tratamiento especializado, un m\u00e9dico ortop\u00e9dico puede proporcionarte el diagn\u00f3stico y el tratamiento adecuados. El entumecimiento u hormigueo en las extremidades, o cualquier signo de compresi\u00f3n nerviosa, tambi\u00e9n justifican una consulta.   <\/p><p><strong>4. \u00bfQu\u00e9 es una lesi\u00f3n ortop\u00e9dica?<\/strong><\/p><p>Una lesi\u00f3n ortop\u00e9dica implica da\u00f1os en el sistema musculoesquel\u00e9tico, que incluye huesos, articulaciones, ligamentos, tendones y m\u00fasculos. Estas lesiones pueden ir desde traumatismos agudos, como fracturas, luxaciones y esguinces, hasta afecciones cr\u00f3nicas, como artritis, tendinitis y lesiones por uso excesivo. B\u00e1sicamente, cualquier lesi\u00f3n que afecte al armaz\u00f3n estructural del cuerpo y a sus tejidos de sost\u00e9n se engloba dentro de las lesiones ortop\u00e9dicas, que a menudo provocan dolor, hinchaz\u00f3n, movilidad limitada y trastornos funcionales.  <\/p><p><strong>5. \u00bfSon todos los m\u00e9dicos ortop\u00e9dicos cirujanos?<\/strong><\/p><p>No, no todos los m\u00e9dicos ortop\u00e9dicos son cirujanos. Los m\u00e9dicos ortop\u00e9dicos son especialistas en el sistema musculoesquel\u00e9tico, pero pueden elegir centrarse en tratamientos quir\u00fargicos o no quir\u00fargicos. Muchos m\u00e9dicos ortop\u00e9dicos son cirujanos, que realizan procedimientos como sustituciones articulares, reparaciones de fracturas y reconstrucciones de ligamentos. Sin embargo, algunos m\u00e9dicos ortop\u00e9dicos se especializan en el tratamiento no quir\u00fargico de afecciones musculoesquel\u00e9ticas, centr\u00e1ndose en tratamientos como fisioterapia, medicaci\u00f3n, inyecciones y modificaciones del estilo de vida. Por tanto, aunque la cirug\u00eda es una parte importante de la ortopedia, no es el \u00fanico aspecto de este campo.    <\/p><p><strong>6. \u00bfCu\u00e1nto cuesta una visita ortop\u00e9dica sin seguro?<\/strong><\/p><p>El coste de una visita ortop\u00e9dica sin seguro puede variar significativamente en funci\u00f3n de varios factores. Entre ellos est\u00e1n la ubicaci\u00f3n de la cl\u00ednica, la experiencia del m\u00e9dico, la complejidad de la visita y las pruebas o procedimientos adicionales que sean necesarios. Una consulta b\u00e1sica puede oscilar entre unos cientos y varios cientos de d\u00f3lares, pero puede aumentar considerablemente si se necesitan radiograf\u00edas, resonancias magn\u00e9ticas u otros diagn\u00f3sticos por imagen. Es aconsejable ponerse en contacto directamente con las cl\u00ednicas ortop\u00e9dicas para informarse sobre sus tarifas de autopago y discutir las opciones de pago, ya que algunas pueden ofrecer descuentos o planes de pago para pacientes sin seguro.   <\/p>","protected":false},"excerpt":{"rendered":"<p>No tienes por qu\u00e9 sufrir dolor de espalda, lesiones deportivas o cualquier otra preocupaci\u00f3n musculoesquel\u00e9tica cuando tienes acceso al mejor m\u00e9dico ortop\u00e9dico en Queens, NY. La ortopedia es una de las muchas especialidades disponibles en el Centro de Diagn\u00f3stico y Tratamiento Medex de Queens. Nuestros expertos m\u00e9dicos ortop\u00e9dicos te ayudan a prevenir trastornos \u00f3seos y &hellip; <\/p>\n<p class=\"link-more\"><a href=\"https:\/\/www.medexdtc.com\/es\/orthopedics\/\" class=\"more-link\">Continue reading<span class=\"screen-reader-text\"> \u00abCirug\u00eda Ortop\u00e9dica en Queens &#8211; Los mejores cirujanos en Forest Hills, Queens, NY\u00bb<\/span><\/a><\/p>\n","protected":false},"author":3,"featured_media":0,"parent":0,"menu_order":0,"comment_status":"closed","ping_status":"closed","template":"new_inner.php","meta":{"_acf_changed":false,"footnotes":""},"class_list":["post-6177","page","type-page","status-publish","hentry"],"acf":[],"yoast_head":"<!-- This site is optimized with the Yoast SEO plugin v27.5 - https:\/\/yoast.com\/product\/yoast-seo-wordpress\/ -->\n<title>Cirug\u00eda Ortop\u00e9dica Queens - Los mejores cirujanos en Forest Hills, Queens, NY - Cirujanos de reemplazo de rodilla<\/title>\n<meta name=\"description\" content=\"Los m\u00e9dicos ortop\u00e9dicos en Forest Hills, Queens, NY tratan fracturas, lesiones deportivas, artritis, esguinces. Cirujanos de pr\u00f3tesis de rodilla cerca de m\u00ed. M\u00e9todos avanzados no quir\u00fargicos.\" \/>\n<meta name=\"robots\" content=\"index, follow, max-snippet:-1, max-image-preview:large, max-video-preview:-1\" \/>\n<link rel=\"canonical\" href=\"https:\/\/www.medexdtc.com\/es\/orthopedics\/\" \/>\n<meta property=\"og:locale\" content=\"es_ES\" \/>\n<meta property=\"og:type\" content=\"article\" \/>\n<meta property=\"og:title\" content=\"Cirug\u00eda Ortop\u00e9dica Queens - Los mejores cirujanos en Forest Hills, Queens, NY - Cirujanos de reemplazo de rodilla\" \/>\n<meta property=\"og:description\" content=\"Los m\u00e9dicos ortop\u00e9dicos en Forest Hills, Queens, NY tratan fracturas, lesiones deportivas, artritis, esguinces. Cirujanos de pr\u00f3tesis de rodilla cerca de m\u00ed. M\u00e9todos avanzados no quir\u00fargicos.\" \/>\n<meta property=\"og:url\" content=\"https:\/\/www.medexdtc.com\/es\/orthopedics\/\" \/>\n<meta property=\"og:site_name\" content=\"Medex Diagnostic and Treatment Center - Queens Medical Center - Medical Clinic in Forest Hills, NY\" \/>\n<meta property=\"article:publisher\" content=\"https:\/\/www.facebook.com\/medexny\" \/>\n<meta property=\"article:modified_time\" content=\"2025-09-14T23:28:03+00:00\" \/>\n<meta property=\"og:image\" content=\"https:\/\/www.medexdtc.com\/wp-content\/uploads\/2020\/08\/Orthopedics.jpg\" \/>\n<meta name=\"twitter:card\" content=\"summary_large_image\" \/>\n<meta name=\"twitter:site\" content=\"@DtcMedex\" \/>\n<meta name=\"twitter:label1\" content=\"Tiempo de lectura\" \/>\n\t<meta name=\"twitter:data1\" content=\"11 minutos\" \/>\n<!-- \/ Yoast SEO plugin. -->","yoast_head_json":{"title":"Cirug\u00eda Ortop\u00e9dica Queens - Los mejores cirujanos en Forest Hills, Queens, NY - Cirujanos de reemplazo de rodilla","description":"Los m\u00e9dicos ortop\u00e9dicos en Forest Hills, Queens, NY tratan fracturas, lesiones deportivas, artritis, esguinces. Cirujanos de pr\u00f3tesis de rodilla cerca de m\u00ed. M\u00e9todos avanzados no quir\u00fargicos.","robots":{"index":"index","follow":"follow","max-snippet":"max-snippet:-1","max-image-preview":"max-image-preview:large","max-video-preview":"max-video-preview:-1"},"canonical":"https:\/\/www.medexdtc.com\/es\/orthopedics\/","og_locale":"es_ES","og_type":"article","og_title":"Cirug\u00eda Ortop\u00e9dica Queens - Los mejores cirujanos en Forest Hills, Queens, NY - Cirujanos de reemplazo de rodilla","og_description":"Los m\u00e9dicos ortop\u00e9dicos en Forest Hills, Queens, NY tratan fracturas, lesiones deportivas, artritis, esguinces. Cirujanos de pr\u00f3tesis de rodilla cerca de m\u00ed. M\u00e9todos avanzados no quir\u00fargicos.","og_url":"https:\/\/www.medexdtc.com\/es\/orthopedics\/","og_site_name":"Medex Diagnostic and Treatment Center - Queens Medical Center - Medical Clinic in Forest Hills, NY","article_publisher":"https:\/\/www.facebook.com\/medexny","article_modified_time":"2025-09-14T23:28:03+00:00","og_image":[{"url":"https:\/\/www.medexdtc.com\/wp-content\/uploads\/2020\/08\/Orthopedics.jpg","type":"","width":"","height":""}],"twitter_card":"summary_large_image","twitter_site":"@DtcMedex","twitter_misc":{"Tiempo de lectura":"11 minutos"},"schema":{"@context":"https:\/\/schema.org","@graph":[{"@type":"WebPage","@id":"https:\/\/www.medexdtc.com\/es\/orthopedics\/","url":"https:\/\/www.medexdtc.com\/es\/orthopedics\/","name":"Cirug\u00eda Ortop\u00e9dica Queens - Los mejores cirujanos en Forest Hills, Queens, NY - Cirujanos de reemplazo de rodilla","isPartOf":{"@id":"https:\/\/www.medexdtc.com\/es\/#website"},"primaryImageOfPage":{"@id":"https:\/\/www.medexdtc.com\/es\/orthopedics\/#primaryimage"},"image":{"@id":"https:\/\/www.medexdtc.com\/es\/orthopedics\/#primaryimage"},"thumbnailUrl":"https:\/\/www.medexdtc.com\/wp-content\/uploads\/2020\/08\/Orthopedics.jpg","datePublished":"2020-08-05T18:37:41+00:00","dateModified":"2025-09-14T23:28:03+00:00","description":"Los m\u00e9dicos ortop\u00e9dicos en Forest Hills, Queens, NY tratan fracturas, lesiones deportivas, artritis, esguinces. Cirujanos de pr\u00f3tesis de rodilla cerca de m\u00ed. M\u00e9todos avanzados no quir\u00fargicos.","breadcrumb":{"@id":"https:\/\/www.medexdtc.com\/es\/orthopedics\/#breadcrumb"},"inLanguage":"es","potentialAction":[{"@type":"ReadAction","target":["https:\/\/www.medexdtc.com\/es\/orthopedics\/"]}]},{"@type":"ImageObject","inLanguage":"es","@id":"https:\/\/www.medexdtc.com\/es\/orthopedics\/#primaryimage","url":"https:\/\/www.medexdtc.com\/wp-content\/uploads\/2020\/08\/Orthopedics.jpg","contentUrl":"https:\/\/www.medexdtc.com\/wp-content\/uploads\/2020\/08\/Orthopedics.jpg"},{"@type":"BreadcrumbList","@id":"https:\/\/www.medexdtc.com\/es\/orthopedics\/#breadcrumb","itemListElement":[{"@type":"ListItem","position":1,"name":"Home","item":"https:\/\/www.medexdtc.com\/es\/"},{"@type":"ListItem","position":2,"name":"Cirug\u00eda Ortop\u00e9dica en Queens &#8211; Los mejores cirujanos en Forest Hills, Queens, NY"}]},{"@type":"WebSite","@id":"https:\/\/www.medexdtc.com\/es\/#website","url":"https:\/\/www.medexdtc.com\/es\/","name":"Medex DTC","description":"Medex Diagnostic and Treatment Center is a Medical Center in Queens, NY is a dynamic multi-specialty clinic. Physicians delivering high quality individualized care in Forest Hills, Queens, NY.","publisher":{"@id":"https:\/\/www.medexdtc.com\/es\/#organization"},"potentialAction":[{"@type":"SearchAction","target":{"@type":"EntryPoint","urlTemplate":"https:\/\/www.medexdtc.com\/es\/?s={search_term_string}"},"query-input":{"@type":"PropertyValueSpecification","valueRequired":true,"valueName":"search_term_string"}}],"inLanguage":"es"},{"@type":"Organization","@id":"https:\/\/www.medexdtc.com\/es\/#organization","name":"Medex DCT","url":"https:\/\/www.medexdtc.com\/es\/","logo":{"@type":"ImageObject","inLanguage":"es","@id":"https:\/\/www.medexdtc.com\/es\/#\/schema\/logo\/image\/","url":"https:\/\/www.medexdtc.com\/wp-content\/uploads\/2024\/11\/medex-diagnostic-and-treatment-center-in-queens-NY.png","contentUrl":"https:\/\/www.medexdtc.com\/wp-content\/uploads\/2024\/11\/medex-diagnostic-and-treatment-center-in-queens-NY.png","width":226,"height":47,"caption":"Medex DCT"},"image":{"@id":"https:\/\/www.medexdtc.com\/es\/#\/schema\/logo\/image\/"},"sameAs":["https:\/\/www.facebook.com\/medexny","https:\/\/x.com\/DtcMedex","https:\/\/www.instagram.com\/medexdtc\/","https:\/\/www.linkedin.com\/company\/medex-diagnostic-and-treatment-center\/about\/"]}]}},"jetpack_sharing_enabled":true,"_links":{"self":[{"href":"https:\/\/www.medexdtc.com\/es\/wp-json\/wp\/v2\/pages\/6177","targetHints":{"allow":["GET"]}}],"collection":[{"href":"https:\/\/www.medexdtc.com\/es\/wp-json\/wp\/v2\/pages"}],"about":[{"href":"https:\/\/www.medexdtc.com\/es\/wp-json\/wp\/v2\/types\/page"}],"author":[{"embeddable":true,"href":"https:\/\/www.medexdtc.com\/es\/wp-json\/wp\/v2\/users\/3"}],"replies":[{"embeddable":true,"href":"https:\/\/www.medexdtc.com\/es\/wp-json\/wp\/v2\/comments?post=6177"}],"version-history":[{"count":3,"href":"https:\/\/www.medexdtc.com\/es\/wp-json\/wp\/v2\/pages\/6177\/revisions"}],"predecessor-version":[{"id":6347,"href":"https:\/\/www.medexdtc.com\/es\/wp-json\/wp\/v2\/pages\/6177\/revisions\/6347"}],"wp:attachment":[{"href":"https:\/\/www.medexdtc.com\/es\/wp-json\/wp\/v2\/media?parent=6177"}],"curies":[{"name":"wp","href":"https:\/\/api.w.org\/{rel}","templated":true}]}}