{"id":6183,"date":"2020-08-05T23:15:40","date_gmt":"2020-08-05T18:15:40","guid":{"rendered":"https:\/\/www.medexdtc.com\/psiquiatria-en-forest-hills-queens-ny\/"},"modified":"2020-08-05T23:15:40","modified_gmt":"2020-08-05T18:15:40","slug":"psychiatry","status":"publish","type":"page","link":"https:\/\/www.medexdtc.com\/es\/psychiatry\/","title":{"rendered":"Psiquiatr\u00eda en Forest Hills, Queens, NY"},"content":{"rendered":"<section id=\"about-madex-content-area\" class=\"about-madex-content-sec\">\n<div class=\"treatment-boxes about-madex-boxes\"><img fetchpriority=\"high\" decoding=\"async\" class=\"about-madex-images alignnone\" src=\"https:\/\/www.medexdtc.com\/wp-content\/uploads\/2020\/08\/Psychiatry-1.jpg\" alt=\"psiquiatr\u00eda en queens\" width=\"585\" height=\"615\"><\/p>\n<div>\n<p class=\"treatment-box-para\">Los psiquiatras desempe\u00f1an un papel crucial en la asistencia sanitaria integral, abordando tanto los aspectos mentales como los f\u00edsicos del bienestar. A menudo, los problemas mentales y f\u00edsicos van de la mano. Mientras que un psic\u00f3logo trabaja contigo mediante asesoramiento y terapia verbal, s\u00f3lo un psiquiatra puede recetarte la medicaci\u00f3n necesaria e incluso descubrir las causas f\u00edsicas subyacentes de tu malestar. Y en el Centro M\u00e9dico y de Diagn\u00f3stico Medex de Queens, Nueva York, tienes acceso a una amplia gama de especialistas m\u00e9dicos cuando se necesita una derivaci\u00f3n. Medex es tu consulta integral para todas las necesidades de salud f\u00edsica y psicol\u00f3gica de tu familia. Llama hoy para pedir cita.     <\/p>\n<\/div>\n<\/div>\n<\/section>\n<blockquote><p><strong>Nota<\/strong>:  <em>Los m\u00e9dicos psiquiatras de Queens en Medex, situado en Forest Hills, Queens, NY, aceptan <strong>los principales seguros, incluidos Medicare, Medicaid, HIP, Emblemhealth, GHI, MetroPlus y Fidelis<\/strong>. Ofrecemos una gama completa de terapias y estamos entre los mejores psiquiatras de la regi\u00f3n. <\/em><\/p><\/blockquote>\n<p>Los psiquiatras practican el arte de diagnosticar, tratar y prevenir trastornos conductuales, emocionales y psiqui\u00e1tricos. Los psiquiatras son m\u00e9dicos titulados que se centran en las afecciones mentales, incluidos los problemas de abuso de sustancias. La prioridad del equipo de psiquiatr\u00eda del Centro M\u00e9dico y de Diagn\u00f3stico Medex de Queens (Nueva York) es esforzarse por prevenir el empeoramiento de los s\u00edntomas, que podr\u00eda plantear problemas adicionales.  <\/p>\n<p>Tanto si t\u00fa como un familiar est\u00e1is mostrando los primeros signos de inestabilidad como si est\u00e1is atrapados en la agon\u00eda de una disfunci\u00f3n mental, los especialistas de Medex ofrecen una amplia gama de soluciones pr\u00e1cticas. No busques m\u00e1s para el diagn\u00f3stico y tratamiento de una amplia variedad de afecciones, como: <\/p>\n<ul>\n<li><a href=\"https:\/\/www.medexdtc.com\/es\/anxiety\/\">Ansiedad<\/a><\/li>\n<li>Trastorno bipolar<\/li>\n<li>Trastorno dism\u00f3rfico corporal<\/li>\n<li>Personalidad l\u00edmite<\/li>\n<li><a href=\"https:\/\/www.medexdtc.com\/es\/depression\/\">Depresi\u00f3n<\/a><\/li>\n<\/ul>\n<h2>Mejores Psiquiatras en Forest Hills, Queens, NY<\/h2>\n<p>Hamid Moussavian, M.D. Psiquiatra 718.275.8900 Forest Hills, NY<br \/>\nJacob K. Mathew, MD, DPN Neur\u00f3logo, Psiquiatra 718.275.8900 Forest Hills, NY<\/p>\n<p>Experiencia del paciente<\/p>\n<p>\u00abMedex en Forest Hills, N.Y. tiene un servicio excelente. Los doctores y el personal son muy acogedores y se adaptan a tus necesidades y horarios. Recomendar\u00eda encarecidamente a cualquiera que viniera aqu\u00ed\u00bb. &#8211; Jane<\/p>\n<p>111-29 Queens Blvd<br \/>\nForest Hills, NY 11375<br \/>\nTel\u00e9fono: (718) 275-8900<\/p>\n<p>4.0<\/p>\n<p>M\u00e1s de 100 opiniones<\/p>\n<p><a href=\"https:\/\/goo.gl\/maps\/P9drFAKbbXpwVDxG9\">Ver m\u00e1s de 100 opiniones \u00ab<\/a><\/p>\n<h2>Se\u00f1ales de alerta<\/h2>\n<p>Los psiquiatras de Medex suelen recibir derivaciones de otros m\u00e9dicos del centro. Esos especialistas m\u00e9dicos reconocen los signos de un trastorno mental o un problema de conducta y recurren a los expertos. Tu psiquiatra tambi\u00e9n acepta citas directas si est\u00e1s dispuesto a trabajar en los problemas que, por ejemplo, te han mantenido atrapado en un comportamiento perjudicial.  <\/p>\n<p>Cuanto antes busques tratamiento, m\u00e1s posibilidades tendr\u00e1 el m\u00e9dico de mejorar tu calidad de vida. Los primeros signos de un trastorno psiqui\u00e1trico son <\/p>\n<ul>\n<li>Ataques de p\u00e1nico<\/li>\n<li>O\u00edr voces<\/li>\n<li>Contemplar el suicidio<\/li>\n<li>Tristeza inexplicable<\/li>\n<li>Sentimientos abrumadores<\/li>\n<li>Bebida diaria<\/li>\n<li>Consumo de drogas ilegales<\/li>\n<li>Alucinaciones<\/li>\n<li>Dificultad para desenvolverse en la vida cotidiana<\/li>\n<\/ul>\n<h2>\u00bfPor qu\u00e9 acudir al psiquiatra?<\/h2>\n<p>Un psiquiatra puede pedir an\u00e1lisis de sangre y toda una serie de pruebas diagn\u00f3sticas para determinar si tus s\u00edntomas est\u00e1n relacionados con un trastorno m\u00e9dico subyacente. La amplia formaci\u00f3n m\u00e9dica y la experiencia en el trato con pacientes como t\u00fa permiten a tu psiquiatra interpretar tus problemas en un diagn\u00f3stico firme. <\/p>\n<p>A continuaci\u00f3n, estos profesionales recomiendan el mejor tratamiento. Su objetivo es evitar que se agraven tus problemas y, finalmente, permitirte seguir adelante con tu vida. <\/p>\n<p>Los trastornos mentales suelen estar relacionados con tus antecedentes familiares y la gen\u00e9tica, que los psiquiatras est\u00e1n capacitados para detectar. Mediante el an\u00e1lisis psiqui\u00e1trico, es m\u00e1s probable que recibas un diagn\u00f3stico que tenga en cuenta la compleja integraci\u00f3n de los factores f\u00edsicos y psicol\u00f3gicos que te afectan. <\/p>\n<h2>Opciones de tratamiento psiqui\u00e1trico<\/h2>\n<p>Los psiquiatras recurren a diversas opciones de tratamiento, seg\u00fan tus necesidades. En caso necesario, se utilizan medicamentos, psicoterapia e intervenciones mec\u00e1nicas como la terapia electroconvulsiva (TEC). La psicoterapia tambi\u00e9n implica hablar con tu psiquiatra, lo que se conoce como terapia de conversaci\u00f3n. Puede adoptar diversas formas, como:   <\/p>\n<ul>\n<li>Terapia familiar para trabajar las din\u00e1micas personales que afectan a cada uno de los miembros de tu familia<\/li>\n<li>Terapia cognitivo-conductual para ayudarte a cambiar patrones de conducta perjudiciales<\/li>\n<li>Psicoan\u00e1lisis que profundiza en tus antecedentes y en c\u00f3mo te afectan ahora<\/li>\n<\/ul>\n<p>Existen medicamentos para cubrir una amplia gama de diagn\u00f3sticos. A menudo se prescriben medicamentos conductuales para permitirte funcionar en tu trabajo y en tus relaciones mientras realizas el trabajo para resolver las causas profundas. Las posibilidades de tratamiento incluyen:  <\/p>\n<ul>\n<li>Sedantes, a menudo eficaces para el tratamiento de la ansiedad<\/li>\n<li>Hipn\u00f3ticos para dormir mejor<\/li>\n<li>Los antidepresivos como tratamiento de la depresi\u00f3n, aunque tambi\u00e9n se prescriben para muchos otros trastornos, desde el TEPT y los trastornos de p\u00e1nico hasta los trastornos obsesivo-compulsivos (TOC), los trastornos de la conducta alimentaria y <a href=\"https:\/\/www.medexdtc.com\/es\/borderline-personality-disorder-treatment\/\">el trastorno l\u00edmite de la personalidad<\/a>.<\/li>\n<li>Estimulantes, a menudo recetados a ni\u00f1os con trastorno por d\u00e9ficit de atenci\u00f3n\/hiperactividad<\/li>\n<li>Medicamento estabilizador del estado de \u00e1nimo, \u00fatil como <a href=\"https:\/\/www.medexdtc.com\/es\/tratamiento-del-trastorno-bipolar\/\">tratamiento del trastorno bipolar<\/a><\/li>\n<li>Antipsic\u00f3ticos que se recetan para tratar la esquizofrenia y s\u00edntomas como alucinaciones y delirios<\/li>\n<\/ul>\n<h2>Los beneficios del tratamiento psiqui\u00e1trico<\/h2>\n<p>Los psiquiatras tienen muchas herramientas y t\u00e9cnicas a su alcance. La psicoterapia, combinada con la medicaci\u00f3n adecuada, suele ser el tratamiento m\u00e1s eficaz para obtener resultados a largo plazo. Las visitas regulares para terapia de conversaci\u00f3n pueden durar s\u00f3lo unas semanas o prolongarse durante a\u00f1os, seg\u00fan tus necesidades.  <\/p>\n<p>La TEC es una forma segura y eficaz de tratamiento que env\u00eda corrientes el\u00e9ctricas al cerebro. Se reserva para quienes no responden a otros tratamientos. Tambi\u00e9n existen terapias mec\u00e1nicas m\u00e1s recientes, como:  <\/p>\n<ul>\n<li>Fototerapia para tratar la depresi\u00f3n afectiva estacional (DAE)<\/li>\n<li>Estimulaci\u00f3n del nervio vago utilizada para tratar la epilepsia, que a veces es \u00fatil como tratamiento de la depresi\u00f3n<\/li>\n<li>Estimulaci\u00f3n magn\u00e9tica transcraneal, un procedimiento no invasivo utilizado principalmente para tratar la depresi\u00f3n grave.<\/li>\n<li>Estimulaci\u00f3n cerebral profunda, que consiste en implantar un dispositivo que estimula determinadas partes de tu cerebro, necesaria cuando fracasan todas las dem\u00e1s formas de tratamiento de la depresi\u00f3n y cuando se producen reca\u00eddas cr\u00f3nicas de enfermedades como la adicci\u00f3n y el TOC.<\/li>\n<\/ul>\n<h2>Por qu\u00e9 es importante la intervenci\u00f3n temprana<\/h2>\n<p>Seg\u00fan un estudio de la Annual Review of Neuroscience, casi la mitad de los estadounidenses padecen un trastorno mental en alg\u00fan momento de su vida. Por desgracia, el suicidio casi siempre va precedido de la presencia de un trastorno mental. Y en EEUU, el suicidio ocupa el puesto 11 entre las causas de muerte. Para los j\u00f3venes de entre 15 y 24 a\u00f1os, alcanza la tercera causa de mortalidad.   <\/p>\n<p>Durante mucho tiempo se han descartado los estigmas asociados a los trastornos mentales, pero ahora se reconoce que es un problema com\u00fan a todos los grupos socioecon\u00f3micos y raciales. La terapia conductual de un psiquiatra se ha convertido en algo tan rutinario como buscar tratamiento para tu trastorno estomacal en un <a href=\"https:\/\/www.medexdtc.com\/gastroenterology\/\">gastroenter\u00f3logo<\/a>. <a href=\"https:\/\/www.medexdtc.com\/es\/psychiatry\/#contact-form\">Ponte en contacto hoy mismo con el Centro de Diagn\u00f3stico y Tratamiento Medex<\/a> de Queens para concertar una cita para ti o un familiar. Ver\u00e1s que estos psiquiatras son compasivos, atentos y con los que es f\u00e1cil hablar.  <\/p>\n<p>Podemos ayudarte a encontrar m\u00e9dico. Llama al <a href=\"tel:+17182758900\">(718) 275-8900<\/a> <\/p>\n<p>Con licencia del estado de Nueva York, Medex es un centro de diagn\u00f3stico y tratamiento del art\u00edculo 28. Nuestros m\u00e9dicos proporcionan atenci\u00f3n integral a pacientes de todas las edades en la zona de Forest Hills, Queens, desde hace m\u00e1s de 15 a\u00f1os. Empieza a recibir atenci\u00f3n experta ahora llamando o concertando una cita en l\u00ednea con uno de los especialistas cualificados.<\/p>\n","protected":false},"excerpt":{"rendered":"<p>Los psiquiatras desempe\u00f1an un papel crucial en la asistencia sanitaria integral, abordando tanto los aspectos mentales como los f\u00edsicos del bienestar. A menudo, los problemas mentales y f\u00edsicos van de la mano. Mientras que un psic\u00f3logo trabaja contigo mediante asesoramiento y terapia verbal, s\u00f3lo un psiquiatra puede recetarte la medicaci\u00f3n necesaria e incluso descubrir las &hellip; <\/p>\n<p class=\"link-more\"><a href=\"https:\/\/www.medexdtc.com\/es\/psychiatry\/\" class=\"more-link\">Continue reading<span class=\"screen-reader-text\"> \u00abPsiquiatr\u00eda en Forest Hills, Queens, NY\u00bb<\/span><\/a><\/p>\n","protected":false},"author":3,"featured_media":0,"parent":0,"menu_order":0,"comment_status":"closed","ping_status":"closed","template":"new_inner.php","meta":{"_acf_changed":false,"footnotes":""},"class_list":["post-6183","page","type-page","status-publish","hentry"],"acf":[],"yoast_head":"<!-- This site is optimized with the Yoast SEO plugin v27.5 - https:\/\/yoast.com\/product\/yoast-seo-wordpress\/ -->\n<title>Queens Psychiatry | Los mejores psiquiatras en Forest Hills, Queens, NY<\/title>\n<meta name=\"description\" content=\"Psiquiatras en Forest Hills, Queens, NY tratan problemas relacionados con el divorcio, asuntos personales, abuso de sustancias y duelo. Aceptamos Medicare, Medicaid, HIP, Emblemhealth, GHI, MetroPlus, Fidelis.\" \/>\n<meta name=\"robots\" content=\"index, follow, max-snippet:-1, max-image-preview:large, max-video-preview:-1\" \/>\n<link rel=\"canonical\" href=\"https:\/\/www.medexdtc.com\/es\/psychiatry\/\" \/>\n<meta property=\"og:locale\" content=\"es_ES\" \/>\n<meta property=\"og:type\" content=\"article\" \/>\n<meta property=\"og:title\" content=\"Queens Psychiatry | Los mejores psiquiatras en Forest Hills, Queens, NY\" \/>\n<meta property=\"og:description\" content=\"Psiquiatras en Forest Hills, Queens, NY tratan problemas relacionados con el divorcio, asuntos personales, abuso de sustancias y duelo. Aceptamos Medicare, Medicaid, HIP, Emblemhealth, GHI, MetroPlus, Fidelis.\" \/>\n<meta property=\"og:url\" content=\"https:\/\/www.medexdtc.com\/es\/psychiatry\/\" \/>\n<meta property=\"og:site_name\" content=\"Medex Diagnostic and Treatment Center - Queens Medical Center - Medical Clinic in Forest Hills, NY\" \/>\n<meta property=\"article:publisher\" content=\"https:\/\/www.facebook.com\/medexny\" \/>\n<meta property=\"og:image\" content=\"https:\/\/www.medexdtc.com\/wp-content\/uploads\/2020\/08\/Psychiatry-1.jpg\" \/>\n<meta name=\"twitter:card\" content=\"summary_large_image\" \/>\n<meta name=\"twitter:site\" content=\"@DtcMedex\" \/>\n<meta name=\"twitter:label1\" content=\"Tiempo de lectura\" \/>\n\t<meta name=\"twitter:data1\" content=\"7 minutos\" \/>\n<!-- \/ Yoast SEO plugin. -->","yoast_head_json":{"title":"Queens Psychiatry | Los mejores psiquiatras en Forest Hills, Queens, NY","description":"Psiquiatras en Forest Hills, Queens, NY tratan problemas relacionados con el divorcio, asuntos personales, abuso de sustancias y duelo. Aceptamos Medicare, Medicaid, HIP, Emblemhealth, GHI, MetroPlus, Fidelis.","robots":{"index":"index","follow":"follow","max-snippet":"max-snippet:-1","max-image-preview":"max-image-preview:large","max-video-preview":"max-video-preview:-1"},"canonical":"https:\/\/www.medexdtc.com\/es\/psychiatry\/","og_locale":"es_ES","og_type":"article","og_title":"Queens Psychiatry | Los mejores psiquiatras en Forest Hills, Queens, NY","og_description":"Psiquiatras en Forest Hills, Queens, NY tratan problemas relacionados con el divorcio, asuntos personales, abuso de sustancias y duelo. Aceptamos Medicare, Medicaid, HIP, Emblemhealth, GHI, MetroPlus, Fidelis.","og_url":"https:\/\/www.medexdtc.com\/es\/psychiatry\/","og_site_name":"Medex Diagnostic and Treatment Center - Queens Medical Center - Medical Clinic in Forest Hills, NY","article_publisher":"https:\/\/www.facebook.com\/medexny","og_image":[{"url":"https:\/\/www.medexdtc.com\/wp-content\/uploads\/2020\/08\/Psychiatry-1.jpg","type":"","width":"","height":""}],"twitter_card":"summary_large_image","twitter_site":"@DtcMedex","twitter_misc":{"Tiempo de lectura":"7 minutos"},"schema":{"@context":"https:\/\/schema.org","@graph":[{"@type":"WebPage","@id":"https:\/\/www.medexdtc.com\/es\/psychiatry\/","url":"https:\/\/www.medexdtc.com\/es\/psychiatry\/","name":"Queens Psychiatry | Los mejores psiquiatras en Forest Hills, Queens, NY","isPartOf":{"@id":"https:\/\/www.medexdtc.com\/es\/#website"},"primaryImageOfPage":{"@id":"https:\/\/www.medexdtc.com\/es\/psychiatry\/#primaryimage"},"image":{"@id":"https:\/\/www.medexdtc.com\/es\/psychiatry\/#primaryimage"},"thumbnailUrl":"https:\/\/www.medexdtc.com\/wp-content\/uploads\/2020\/08\/Psychiatry-1.jpg","datePublished":"2020-08-05T18:15:40+00:00","description":"Psiquiatras en Forest Hills, Queens, NY tratan problemas relacionados con el divorcio, asuntos personales, abuso de sustancias y duelo. Aceptamos Medicare, Medicaid, HIP, Emblemhealth, GHI, MetroPlus, Fidelis.","breadcrumb":{"@id":"https:\/\/www.medexdtc.com\/es\/psychiatry\/#breadcrumb"},"inLanguage":"es","potentialAction":[{"@type":"ReadAction","target":["https:\/\/www.medexdtc.com\/es\/psychiatry\/"]}]},{"@type":"ImageObject","inLanguage":"es","@id":"https:\/\/www.medexdtc.com\/es\/psychiatry\/#primaryimage","url":"https:\/\/www.medexdtc.com\/wp-content\/uploads\/2020\/08\/Psychiatry-1.jpg","contentUrl":"https:\/\/www.medexdtc.com\/wp-content\/uploads\/2020\/08\/Psychiatry-1.jpg"},{"@type":"BreadcrumbList","@id":"https:\/\/www.medexdtc.com\/es\/psychiatry\/#breadcrumb","itemListElement":[{"@type":"ListItem","position":1,"name":"Home","item":"https:\/\/www.medexdtc.com\/es\/"},{"@type":"ListItem","position":2,"name":"Psiquiatr\u00eda en Forest Hills, Queens, NY"}]},{"@type":"WebSite","@id":"https:\/\/www.medexdtc.com\/es\/#website","url":"https:\/\/www.medexdtc.com\/es\/","name":"Medex DTC","description":"Medex Diagnostic and Treatment Center is a Medical Center in Queens, NY is a dynamic multi-specialty clinic. Physicians delivering high quality individualized care in Forest Hills, Queens, NY.","publisher":{"@id":"https:\/\/www.medexdtc.com\/es\/#organization"},"potentialAction":[{"@type":"SearchAction","target":{"@type":"EntryPoint","urlTemplate":"https:\/\/www.medexdtc.com\/es\/?s={search_term_string}"},"query-input":{"@type":"PropertyValueSpecification","valueRequired":true,"valueName":"search_term_string"}}],"inLanguage":"es"},{"@type":"Organization","@id":"https:\/\/www.medexdtc.com\/es\/#organization","name":"Medex DCT","url":"https:\/\/www.medexdtc.com\/es\/","logo":{"@type":"ImageObject","inLanguage":"es","@id":"https:\/\/www.medexdtc.com\/es\/#\/schema\/logo\/image\/","url":"https:\/\/www.medexdtc.com\/wp-content\/uploads\/2024\/11\/medex-diagnostic-and-treatment-center-in-queens-NY.png","contentUrl":"https:\/\/www.medexdtc.com\/wp-content\/uploads\/2024\/11\/medex-diagnostic-and-treatment-center-in-queens-NY.png","width":226,"height":47,"caption":"Medex DCT"},"image":{"@id":"https:\/\/www.medexdtc.com\/es\/#\/schema\/logo\/image\/"},"sameAs":["https:\/\/www.facebook.com\/medexny","https:\/\/x.com\/DtcMedex","https:\/\/www.instagram.com\/medexdtc\/","https:\/\/www.linkedin.com\/company\/medex-diagnostic-and-treatment-center\/about\/"]}]}},"jetpack_sharing_enabled":true,"_links":{"self":[{"href":"https:\/\/www.medexdtc.com\/es\/wp-json\/wp\/v2\/pages\/6183","targetHints":{"allow":["GET"]}}],"collection":[{"href":"https:\/\/www.medexdtc.com\/es\/wp-json\/wp\/v2\/pages"}],"about":[{"href":"https:\/\/www.medexdtc.com\/es\/wp-json\/wp\/v2\/types\/page"}],"author":[{"embeddable":true,"href":"https:\/\/www.medexdtc.com\/es\/wp-json\/wp\/v2\/users\/3"}],"replies":[{"embeddable":true,"href":"https:\/\/www.medexdtc.com\/es\/wp-json\/wp\/v2\/comments?post=6183"}],"version-history":[{"count":0,"href":"https:\/\/www.medexdtc.com\/es\/wp-json\/wp\/v2\/pages\/6183\/revisions"}],"wp:attachment":[{"href":"https:\/\/www.medexdtc.com\/es\/wp-json\/wp\/v2\/media?parent=6183"}],"curies":[{"name":"wp","href":"https:\/\/api.w.org\/{rel}","templated":true}]}}