{"id":6186,"date":"2020-08-05T22:46:30","date_gmt":"2020-08-05T17:46:30","guid":{"rendered":"https:\/\/www.medexdtc.com\/sindrome-de-ovarios-poliquisticos\/"},"modified":"2020-08-05T22:46:30","modified_gmt":"2020-08-05T17:46:30","slug":"polycystic-ovarian-syndrome","status":"publish","type":"page","link":"https:\/\/www.medexdtc.com\/es\/polycystic-ovarian-syndrome\/","title":{"rendered":"S\u00edndrome de ovarios poliqu\u00edsticos"},"content":{"rendered":"<p><strong>Una de cada 10 mujeres estadounidenses en edad f\u00e9rtil padece s\u00edndrome de ovario poliqu\u00edstico. Te impide concebir y puede provocar problemas de coraz\u00f3n o incluso c\u00e1ncer. Siempre que sientas dolor en el bajo vientre o tengas menstruaciones irregulares, es hora de visitar a un profesional m\u00e9dico. En el Centro de Diagn\u00f3stico y Tratamiento Medex de Queens, NY, tienes acceso a ginec\u00f3logos y endocrin\u00f3logos que diagnostican y tratan tu enfermedad. No sufras, pide cita hoy mismo.    <\/strong><\/p>\n<p>El s\u00edndrome de ovario poliqu\u00edstico (SOP) es una enfermedad bastante frecuente que afecta a tus hormonas. S\u00f3lo en Estados Unidos, casi cinco millones de mujeres en edad f\u00e9rtil padecen esta enfermedad. Como sus s\u00edntomas no siempre son evidentes, a la mayor\u00eda de las mujeres se les diagnostica esta enfermedad s\u00f3lo cuando intentan quedarse embarazadas sin \u00e9xito.  <\/p>\n<p>Existen tratamientos eficaces para el SOP, pero se recomienda un diagn\u00f3stico precoz. El Centro de Diagn\u00f3stico y Tratamiento Medex de Queens, Nueva York, es un centro multiespecialidad. Eso significa que tienes acceso a m\u00e9dicos especializados, como <a href=\"https:\/\/www.medexdtc.com\/es\/endocrinology\/\">endocrin\u00f3logos<\/a> y <a href=\"https:\/\/www.medexdtc.com\/es\/ginecologia-queens-los-mejores-ginecologos-en-forest-hills-queens-ny\/\">ginec\u00f3logos<\/a>, que saben detectar precozmente el SOP.  <\/p>\n<h2>Prevenir el s\u00edndrome del ovario poliqu\u00edstico<\/h2>\n<p>Un estilo de vida sedentario con una dieta rica en grasas aumenta tu peso, lo que agrava el s\u00edndrome de ovario poliqu\u00edstico. Lo primero que puede sugerirte tu m\u00e9dico es un cambio en tu dieta como m\u00e9todo de prevenci\u00f3n. Una dieta sana te ayuda a mantener tus niveles de glucosa y minimiza los s\u00edntomas del SOP.  <\/p>\n<p>Tambi\u00e9n se te indica que aumentes tu nivel de actividad. Ap\u00fantate a un gimnasio o practica alg\u00fan deporte. Caminar, hacer footing o nadar son formas excelentes de quemar calor\u00edas y llevar un estilo de vida saludable. Mantener tu peso bajo control es una de las mejores formas de hacerlo:   <\/p>\n<ul>\n<li>Disminuye los s\u00edntomas del SOP<\/li>\n<li>Evitar las complicaciones graves de la enfermedad<\/li>\n<li>Mejorar la eficacia de los medicamentos recetados<\/li>\n<\/ul>\n<h2>Causas y complicaciones del SOP<\/h2>\n<p>No se conocen las causas exactas del s\u00edndrome de ovario poliqu\u00edstico, aunque los factores de riesgo apuntan a ello:<\/p>\n<ul>\n<li>Genes<\/li>\n<li>Un desequilibrio hormonal<\/li>\n<li>Inflamaci\u00f3n ov\u00e1rica<\/li>\n<\/ul>\n<p>Los s\u00edntomas var\u00edan de una mujer a otra. Algunas mujeres desarrollan s\u00edntomas durante la pubertad, cuando menstr\u00faan por primera vez. Otras desarrollan la enfermedad despu\u00e9s de ganar mucho peso. De hecho, <a href=\"https:\/\/www.medexdtc.com\/obesity\/\">la obesidad<\/a> parece empeorar los s\u00edntomas. Esta afecci\u00f3n puede causar otros problemas graves de salud a largo plazo, como:    <\/p>\n<ul>\n<li><a href=\"https:\/\/www.medexdtc.com\/es\/diabetes\/\">Diabetes<\/a> tipo 2<\/li>\n<li>Diabetes gestacional<\/li>\n<li><a href=\"https:\/\/www.medexdtc.com\/es\/heart-disease\/\">Cardiopat\u00edas<\/a><\/li>\n<li>Accidente cerebrovascular<\/li>\n<li><a href=\"https:\/\/www.medexdtc.com\/es\/high-blood-pressure\/\">Hipertensi\u00f3n arterial<\/a><\/li>\n<li>Apnea del sue\u00f1o<\/li>\n<li><a href=\"https:\/\/www.medexdtc.com\/es\/depression\/\">Depresi\u00f3n<\/a> y <a href=\"https:\/\/www.medexdtc.com\/es\/anxiety\/\">ansiedad<\/a><\/li>\n<li>C\u00e1ncer de \u00fatero<\/li>\n<\/ul>\n<h2>Cu\u00e1ndo sospechar el s\u00edndrome del ovario poliqu\u00edstico<\/h2>\n<p>Siempre que tengas <a href=\"https:\/\/www.medexdtc.com\/es\/abdominal-pain\/\">dolor abdominal<\/a> o menstruaciones irregulares, debes consultar a tu ginec\u00f3logo o <a href=\"https:\/\/www.medexdtc.com\/primary-care\/\">m\u00e9dico de atenci\u00f3n primaria<\/a>. El dolor abdominal, sobre todo en la parte inferior del abdomen, puede ser se\u00f1al de varias afecciones graves. Los periodos irregulares pueden incluir menstruaciones especialmente abundantes, prolongadas o demasiado espaciadas.  <\/p>\n<p>Consultar a un especialista Medex al menor s\u00edntoma anormal es la mejor manera de evitar que el SOP arruine tus posibilidades de ser madre. Presta atenci\u00f3n a los signos que pueden apuntar a un SOP, especialmente si tienes sobrepeso, entre los que se incluyen: <\/p>\n<ul>\n<li>Falta de menstruaci\u00f3n o menstruaci\u00f3n irregular<\/li>\n<li>Ovarios que a tu ginec\u00f3logo le parecen agrandados<\/li>\n<li>Te descubren varios quistes en los ovarios<\/li>\n<li>Vello corporal excesivo, especialmente en el pecho, el est\u00f3mago y la espalda<\/li>\n<li>Aumento significativo de peso, sobre todo en la zona abdominal<\/li>\n<li>Acn\u00e9 inusual o piel grasa<\/li>\n<li>Cabello que se vuelve m\u00e1s fino y f\u00e1cilmente quebradizo<\/li>\n<li>Calvicie de patr\u00f3n masculino, inusual en mujeres<\/li>\n<li>Problemas de infertilidad<\/li>\n<li>Papilomas cut\u00e1neos en el cuello o las axilas<\/li>\n<li>Manchas oscuras o gruesas en la piel que aparecen en la nuca, en las axilas o debajo de los pechos<\/li>\n<\/ul>\n<h2>Diagn\u00f3stico del s\u00edndrome de ovario poliqu\u00edstico<\/h2>\n<p>Tu experto en endocrinolog\u00eda del Centro de Diagn\u00f3stico y Tratamiento Medex suele hablar contigo sobre tus s\u00edntomas y tu ciclo menstrual. El siguiente paso es un examen p\u00e9lvico para ver si hay masas o cualquier crecimiento anormal. Tambi\u00e9n es posible que tengas que someterte a an\u00e1lisis de sangre que comprueben tus niveles hormonales. Los niveles excesivos de andr\u00f3genos e insulina en la sangre son indicadores elevados de SOP.   <\/p>\n<p>Adem\u00e1s, tu m\u00e9dico puede pedirte una ecograf\u00eda. Esta prueba utiliza ondas sonoras, emitidas por un dispositivo port\u00e1til, que rebotan para revelar la forma y el tama\u00f1o de tus ovarios. Tu ginec\u00f3logo o endocrin\u00f3logo puede detectar f\u00e1cilmente cualquier anomal\u00eda. Incluso es visible el grosor del revestimiento del \u00fatero.   <\/p>\n<h2>\u00bfC\u00f3mo funciona el tratamiento del SOP?<\/h2>\n<p>Junto con los cambios en el estilo de vida, tu endocrin\u00f3logo puede recetarte medicamentos para ayudarte en tres \u00e1reas:<\/p>\n<ol>\n<li><strong>Ciclo menstrual.<\/strong>  Tanto si utilizas p\u00edldoras anticonceptivas, un parche cut\u00e1neo, un dispositivo intrauterino o un anillo vaginal, el tratamiento hormonal alivia tus s\u00edntomas. Los tratamientos se perfeccionan para regular tus niveles de estr\u00f3genos y reducir los de progest\u00e1genos. Por supuesto, \u00e9ste no es el tratamiento si est\u00e1s intentando concebir.  <\/li>\n<li><strong>Ovulaci\u00f3n.<\/strong>  Los medicamentos para ayudarte a ovular se dividen en varias categor\u00edas. Tu endocrin\u00f3logo de Queens determina el tratamiento adecuado para tu caso concreto. Todos est\u00e1n orientados a maximizar tus posibilidades de concepci\u00f3n.  <\/li>\n<li><strong>Crecimiento del pelo.<\/strong>  Una de las complicaciones del SOP es el exceso de hormonas masculinas, que puede provocar vello corporal. Tu m\u00e9dico te recomienda una serie de tratamientos para aliviar este s\u00edntoma. En el Centro de Diagn\u00f3stico y Tratamiento Medex, tu tratamiento se lleva a cabo con cuidado y confianza.  <\/li>\n<\/ol>\n<p><strong>Si tienes problemas para concebir o has notado otros s\u00edntomas inusuales, visita a tu ginec\u00f3logo. Si resulta que padeces SOP, consulta a un endocrino interno en Medex, donde est\u00e1n representadas muchas especialidades m\u00e9dicas. <a href=\"https:\/\/www.medexdtc.com\/es\/polycystic-ovarian-syndrome\/#contact-form\">Ponte en contacto con la consulta multiespecialidad<\/a> para concertar una cita. <\/strong><\/p>\n<p>Podemos ayudarte a encontrar m\u00e9dico. Llama al <a href=\"tel:+17182758900\">(718) 275-8900<\/a> <\/p>\n<p>Con licencia del estado de Nueva York, Medex es un centro de diagn\u00f3stico y tratamiento del art\u00edculo 28. Nuestros m\u00e9dicos proporcionan atenci\u00f3n integral a pacientes de todas las edades en la zona de Forest Hills, Queens, desde hace m\u00e1s de 15 a\u00f1os. Empieza a recibir atenci\u00f3n experta ahora llamando o concertando una cita en l\u00ednea con uno de los especialistas cualificados.<\/p>\n","protected":false},"excerpt":{"rendered":"<p>Una de cada 10 mujeres estadounidenses en edad f\u00e9rtil padece s\u00edndrome de ovario poliqu\u00edstico. Te impide concebir y puede provocar problemas de coraz\u00f3n o incluso c\u00e1ncer. Siempre que sientas dolor en el bajo vientre o tengas menstruaciones irregulares, es hora de visitar a un profesional m\u00e9dico. En el Centro de Diagn\u00f3stico y Tratamiento Medex de &hellip; <\/p>\n<p class=\"link-more\"><a href=\"https:\/\/www.medexdtc.com\/es\/polycystic-ovarian-syndrome\/\" class=\"more-link\">Continue reading<span class=\"screen-reader-text\"> \u00abS\u00edndrome de ovarios poliqu\u00edsticos\u00bb<\/span><\/a><\/p>\n","protected":false},"author":3,"featured_media":0,"parent":0,"menu_order":0,"comment_status":"closed","ping_status":"closed","template":"new_inner.php","meta":{"_acf_changed":false,"footnotes":""},"class_list":["post-6186","page","type-page","status-publish","hentry"],"acf":[],"yoast_head":"<!-- This site is optimized with the Yoast SEO plugin v27.6 - https:\/\/yoast.com\/product\/yoast-seo-wordpress\/ -->\n<title>Tratamiento del S\u00edndrome de Ovarios Poliqu\u00edsticos | Ginec\u00f3logos en Forest Hills, Queens, NY<\/title>\n<meta name=\"description\" content=\"El S\u00edndrome de Ovarios Poliqu\u00edsticos (SOP) puede conllevar diversos s\u00edntomas, como el Agrandamiento de los Ovarios. Nuestros mejores Ginec\u00f3logos proporcionan el mejor tratamiento del SOP en Forest Hills, Queens, NY\" \/>\n<meta name=\"robots\" content=\"index, follow, max-snippet:-1, max-image-preview:large, max-video-preview:-1\" \/>\n<link rel=\"canonical\" href=\"https:\/\/www.medexdtc.com\/es\/polycystic-ovarian-syndrome\/\" \/>\n<meta property=\"og:locale\" content=\"es_ES\" \/>\n<meta property=\"og:type\" content=\"article\" \/>\n<meta property=\"og:title\" content=\"Tratamiento del S\u00edndrome de Ovarios Poliqu\u00edsticos | Ginec\u00f3logos en Forest Hills, Queens, NY\" \/>\n<meta property=\"og:description\" content=\"El S\u00edndrome de Ovarios Poliqu\u00edsticos (SOP) puede conllevar diversos s\u00edntomas, como el Agrandamiento de los Ovarios. Nuestros mejores Ginec\u00f3logos proporcionan el mejor tratamiento del SOP en Forest Hills, Queens, NY\" \/>\n<meta property=\"og:url\" content=\"https:\/\/www.medexdtc.com\/es\/polycystic-ovarian-syndrome\/\" \/>\n<meta property=\"og:site_name\" content=\"Medex Diagnostic and Treatment Center - Queens Medical Center - Medical Clinic in Forest Hills, NY\" \/>\n<meta property=\"article:publisher\" content=\"https:\/\/www.facebook.com\/medexny\" \/>\n<meta name=\"twitter:card\" content=\"summary_large_image\" \/>\n<meta name=\"twitter:site\" content=\"@DtcMedex\" \/>\n<meta name=\"twitter:label1\" content=\"Tiempo de lectura\" \/>\n\t<meta name=\"twitter:data1\" content=\"6 minutos\" \/>\n<!-- \/ Yoast SEO plugin. -->","yoast_head_json":{"title":"Tratamiento del S\u00edndrome de Ovarios Poliqu\u00edsticos | Ginec\u00f3logos en Forest Hills, Queens, NY","description":"El S\u00edndrome de Ovarios Poliqu\u00edsticos (SOP) puede conllevar diversos s\u00edntomas, como el Agrandamiento de los Ovarios. Nuestros mejores Ginec\u00f3logos proporcionan el mejor tratamiento del SOP en Forest Hills, Queens, NY","robots":{"index":"index","follow":"follow","max-snippet":"max-snippet:-1","max-image-preview":"max-image-preview:large","max-video-preview":"max-video-preview:-1"},"canonical":"https:\/\/www.medexdtc.com\/es\/polycystic-ovarian-syndrome\/","og_locale":"es_ES","og_type":"article","og_title":"Tratamiento del S\u00edndrome de Ovarios Poliqu\u00edsticos | Ginec\u00f3logos en Forest Hills, Queens, NY","og_description":"El S\u00edndrome de Ovarios Poliqu\u00edsticos (SOP) puede conllevar diversos s\u00edntomas, como el Agrandamiento de los Ovarios. Nuestros mejores Ginec\u00f3logos proporcionan el mejor tratamiento del SOP en Forest Hills, Queens, NY","og_url":"https:\/\/www.medexdtc.com\/es\/polycystic-ovarian-syndrome\/","og_site_name":"Medex Diagnostic and Treatment Center - Queens Medical Center - Medical Clinic in Forest Hills, NY","article_publisher":"https:\/\/www.facebook.com\/medexny","twitter_card":"summary_large_image","twitter_site":"@DtcMedex","twitter_misc":{"Tiempo de lectura":"6 minutos"},"schema":{"@context":"https:\/\/schema.org","@graph":[{"@type":"WebPage","@id":"https:\/\/www.medexdtc.com\/es\/polycystic-ovarian-syndrome\/","url":"https:\/\/www.medexdtc.com\/es\/polycystic-ovarian-syndrome\/","name":"Tratamiento del S\u00edndrome de Ovarios Poliqu\u00edsticos | Ginec\u00f3logos en Forest Hills, Queens, NY","isPartOf":{"@id":"https:\/\/www.medexdtc.com\/es\/#website"},"datePublished":"2020-08-05T17:46:30+00:00","description":"El S\u00edndrome de Ovarios Poliqu\u00edsticos (SOP) puede conllevar diversos s\u00edntomas, como el Agrandamiento de los Ovarios. Nuestros mejores Ginec\u00f3logos proporcionan el mejor tratamiento del SOP en Forest Hills, Queens, NY","breadcrumb":{"@id":"https:\/\/www.medexdtc.com\/es\/polycystic-ovarian-syndrome\/#breadcrumb"},"inLanguage":"es","potentialAction":[{"@type":"ReadAction","target":["https:\/\/www.medexdtc.com\/es\/polycystic-ovarian-syndrome\/"]}]},{"@type":"BreadcrumbList","@id":"https:\/\/www.medexdtc.com\/es\/polycystic-ovarian-syndrome\/#breadcrumb","itemListElement":[{"@type":"ListItem","position":1,"name":"Home","item":"https:\/\/www.medexdtc.com\/es\/"},{"@type":"ListItem","position":2,"name":"S\u00edndrome de ovarios poliqu\u00edsticos"}]},{"@type":"WebSite","@id":"https:\/\/www.medexdtc.com\/es\/#website","url":"https:\/\/www.medexdtc.com\/es\/","name":"Medex DTC","description":"Medex Diagnostic and Treatment Center is a Medical Center in Queens, NY is a dynamic multi-specialty clinic. Physicians delivering high quality individualized care in Forest Hills, Queens, NY.","publisher":{"@id":"https:\/\/www.medexdtc.com\/es\/#organization"},"potentialAction":[{"@type":"SearchAction","target":{"@type":"EntryPoint","urlTemplate":"https:\/\/www.medexdtc.com\/es\/?s={search_term_string}"},"query-input":{"@type":"PropertyValueSpecification","valueRequired":true,"valueName":"search_term_string"}}],"inLanguage":"es"},{"@type":"Organization","@id":"https:\/\/www.medexdtc.com\/es\/#organization","name":"Medex DCT","url":"https:\/\/www.medexdtc.com\/es\/","logo":{"@type":"ImageObject","inLanguage":"es","@id":"https:\/\/www.medexdtc.com\/es\/#\/schema\/logo\/image\/","url":"https:\/\/www.medexdtc.com\/wp-content\/uploads\/2024\/11\/medex-diagnostic-and-treatment-center-in-queens-NY.png","contentUrl":"https:\/\/www.medexdtc.com\/wp-content\/uploads\/2024\/11\/medex-diagnostic-and-treatment-center-in-queens-NY.png","width":226,"height":47,"caption":"Medex DCT"},"image":{"@id":"https:\/\/www.medexdtc.com\/es\/#\/schema\/logo\/image\/"},"sameAs":["https:\/\/www.facebook.com\/medexny","https:\/\/x.com\/DtcMedex","https:\/\/www.instagram.com\/medexdtc\/","https:\/\/www.linkedin.com\/company\/medex-diagnostic-and-treatment-center\/about\/"]}]}},"jetpack_sharing_enabled":true,"_links":{"self":[{"href":"https:\/\/www.medexdtc.com\/es\/wp-json\/wp\/v2\/pages\/6186","targetHints":{"allow":["GET"]}}],"collection":[{"href":"https:\/\/www.medexdtc.com\/es\/wp-json\/wp\/v2\/pages"}],"about":[{"href":"https:\/\/www.medexdtc.com\/es\/wp-json\/wp\/v2\/types\/page"}],"author":[{"embeddable":true,"href":"https:\/\/www.medexdtc.com\/es\/wp-json\/wp\/v2\/users\/3"}],"replies":[{"embeddable":true,"href":"https:\/\/www.medexdtc.com\/es\/wp-json\/wp\/v2\/comments?post=6186"}],"version-history":[{"count":0,"href":"https:\/\/www.medexdtc.com\/es\/wp-json\/wp\/v2\/pages\/6186\/revisions"}],"wp:attachment":[{"href":"https:\/\/www.medexdtc.com\/es\/wp-json\/wp\/v2\/media?parent=6186"}],"curies":[{"name":"wp","href":"https:\/\/api.w.org\/{rel}","templated":true}]}}