{"id":6220,"date":"2020-08-05T23:13:25","date_gmt":"2020-08-05T18:13:25","guid":{"rendered":"https:\/\/www.medexdtc.com\/miccion-dolorosa\/"},"modified":"2020-08-05T23:13:25","modified_gmt":"2020-08-05T18:13:25","slug":"painful-urination","status":"publish","type":"page","link":"https:\/\/www.medexdtc.com\/es\/painful-urination\/","title":{"rendered":"Micci\u00f3n dolorosa"},"content":{"rendered":"<p><strong>A menudo s\u00edntoma de una infecci\u00f3n o de un problema m\u00e9dico subyacente, el dolor al orinar es una afecci\u00f3n tratable. No tienes por qu\u00e9 sufrir la verg\u00fcenza o la incomodidad, tanto si incluye ganas frecuentes de orinar como si no. Aunque la causa y el tratamiento difieren de un hombre a otro, en el Centro de Diagn\u00f3stico y Tratamiento Medex de Queens, Nueva York, puedes obtener un diagn\u00f3stico preciso. Llama hoy mismo para obtener ayuda.   <\/strong><\/p>\n<p>El dolor al orinar, conocido con el t\u00e9rmino m\u00e9dico disuria, describe las molestias que experimentas al orinar. Afecta a hombres y mujeres de cualquier edad, pero es m\u00e1s frecuente en mujeres que padecen infecciones urinarias. Y aunque muchas de las personas que padecen esta afecci\u00f3n tienen ganas de orinar con frecuencia, no siempre es as\u00ed.  <\/p>\n<p>Aproximadamente el 3% de los adultos mayores de 40 a\u00f1os sufren dolor al orinar. A menudo es temporal, pero tambi\u00e9n puede ser persistente. Si experimentas dolor al orinar, visita el Centro de Diagn\u00f3stico y Tratamiento Medex de Queens, NY. Sus expertos <a href=\"https:\/\/www.medexdtc.com\/es\/urology\/\">ur\u00f3logos<\/a> han tratado con \u00e9xito esta afecci\u00f3n en hombres y mujeres.   <\/p>\n<h2>Prevenir la disuria<\/h2>\n<p>Algunos casos de dolor al orinar son temporales, como consecuencia de algo que has comido o bebido. Los casos m\u00e1s persistentes requieren atenci\u00f3n m\u00e9dica. Aunque no siempre puedes evitarlo, reduce el riesgo:  <\/p>\n<ul>\n<li>Seguir una dieta rica en fibra, que aporta muchos beneficios saludables<\/li>\n<li>Reducir o eliminar de tu dieta el alcohol, la cafe\u00edna y los alimentos \u00e1cidos<\/li>\n<li>Mantener un peso \u00f3ptimo para tu estatura y complexi\u00f3n<\/li>\n<li>Hacer ejercicio regularmente, incluyendo <a href=\"https:\/\/www.medexdtc.com\/es\/physical-therapy-for-the-pelvic-floor\/\">ejercicios del suelo p\u00e9lvico<\/a><\/li>\n<li>Dejar de fumar<\/li>\n<\/ul>\n<p>Sin embargo, hay algunos riesgos que no puedes controlar. Entre ellos est\u00e1n: <\/p>\n<ul>\n<li>Tu sexo. Las mujeres experimentan dolor al orinar con m\u00e1s frecuencia que los hombres, debido a los embarazos, los cambios hormonales y las diferencias anat\u00f3micas. Tambi\u00e9n corren riesgo los hombres propensos a c\u00e1lculos renales o problemas de pr\u00f3stata.  <\/li>\n<li>Tu edad. Es natural que tu cuerpo se debilite a medida que envejeces, y eso incluye tus v\u00edas urinarias. Cuanto m\u00e1s envejeces, m\u00e1s probable es que experimentes dolor al orinar.  <\/li>\n<li>Tu peso. <a href=\"https:\/\/www.medexdtc.com\/obesity\/\">La obesidad<\/a> ejerce presi\u00f3n sobre todo tu cuerpo, incluidas las v\u00edas urinarias.<\/li>\n<li>Tus genes. Si en tu familia hay antecedentes de problemas urinarios, eres m\u00e1s susceptible de padecer dolor al orinar. <\/li>\n<li>Tu salud general. Algunas enfermedades, como <a href=\"https:\/\/www.medexdtc.com\/es\/diabetes\/\">la diabetes<\/a>, aumentan el riesgo de dolor al orinar. <\/li>\n<\/ul>\n<h2>Causas del dolor al orinar<\/h2>\n<p>El dolor al orinar puede tener causas distintas en hombres y mujeres. Algunas afecciones de la pr\u00f3stata y la uretritis provocan dolor al orinar en los hombres. Las infecciones del tracto urinario (ITU) son la causa m\u00e1s frecuente de dolor al orinar en las mujeres. Otras afecciones o circunstancias que provocan dolor al orinar son:   <\/p>\n<ul>\n<li>Objetos extra\u00f1os, como c\u00e1lculos renales, c\u00e1lculos vesicales y quistes ov\u00e1ricos<\/li>\n<li>Enfermedades de transmisi\u00f3n sexual<a href=\"https:\/\/www.medexdtc.com\/es\/pruebas-de-ets-en-queens-pruebas-de-ets-cerca-de-mi\/\">(ETS)<\/a>, como la gonorrea, el herpes genital y la clamidia tracomatis<\/li>\n<li>Infecciones, adem\u00e1s de las ITU y las infecciones por hongos, de ri\u00f1\u00f3n, vejiga, uretra y pr\u00f3stata<\/li>\n<li>Vaginitis, una enfermedad inflamatoria<\/li>\n<li>Estrechamiento de la uretra, llamado estenosis uretral<\/li>\n<li>Determinados productos de higiene personal, como jabones, perfumes, duchas vaginales, lubricantes y papel higi\u00e9nico perfumado<\/li>\n<li>F\u00e1rmacos que irritan la vejiga, incluidos algunos medicamentos contra el c\u00e1ncer<\/li>\n<li>Procedimientos o pruebas recientes de las v\u00edas urinarias<\/li>\n<\/ul>\n<h2>S\u00edntomas de preocupaci\u00f3n<\/h2>\n<p>El dolor que experimentas al orinar puede ser cr\u00f3nico o intermitente. Llama a tu ur\u00f3logo de Medex en Queens cuando experimentes s\u00edntomas que incluyan: <\/p>\n<ul>\n<li>Drenaje extra\u00f1o de tu pene o vagina<\/li>\n<li>Dolor al orinar que persiste m\u00e1s de un d\u00eda<\/li>\n<li>Dolor al orinar durante el embarazo<\/li>\n<li>Dolor simult\u00e1neo en la espalda o el costado<\/li>\n<li>Orina turbia o maloliente<\/li>\n<li>Sangre en la orina<\/li>\n<li>Fiebre acompa\u00f1ante<\/li>\n<li>C\u00e1lculos renales o vesicales anteriores<\/li>\n<\/ul>\n<p>Puesto que el dolor al orinar puede ser consecuencia de una afecci\u00f3n subyacente m\u00e1s grave, informa a tu m\u00e9dico sobre tu estado general de salud y tus circunstancias, incluyendo:<\/p>\n<ul>\n<li>Cu\u00e1nto tiempo hace que tienes el dolor<\/li>\n<li>Tus otras enfermedades, como la diabetes o el SIDA<\/li>\n<li>Infecciones y problemas previos del tracto urinario<\/li>\n<li>Tratamientos o cirug\u00edas relevantes a los que te has sometido<\/li>\n<li>Visitas recientes al hospital<\/li>\n<li>Si puedes estar embarazada<\/li>\n<li>Qu\u00e9 medicamentos con o sin receta has utilizado para controlar tu dolor<\/li>\n<\/ul>\n<h2>C\u00f3mo diagnosticar la disuria<\/h2>\n<p>Tu ur\u00f3logo del Centro de Diagn\u00f3stico y Tratamiento Medex suele diagnosticar la causa de tu dolor al orinar tras escuchar atentamente tus s\u00edntomas e historial m\u00e9dico. Es probable que necesite una muestra de orina. Lo mejor es que la produzcas en la consulta del m\u00e9dico.  <\/p>\n<p>El laboratorio analiza tu muestra de orina en busca de sustancias qu\u00edmicas extra\u00f1as, as\u00ed como de gl\u00f3bulos rojos y blancos. La presencia de gl\u00f3bulos blancos en la orina indica una inflamaci\u00f3n de las v\u00edas urinarias. El laboratorio tambi\u00e9n puede realizar un cultivo de orina para determinar la presencia de una infecci\u00f3n. El an\u00e1lisis revela qu\u00e9 bacterias est\u00e1n presentes, para que el m\u00e9dico prescriba el antibi\u00f3tico correcto.   <\/p>\n<h2>Tratamiento del dolor al orinar<\/h2>\n<p>Tu m\u00e9dico debe identificar primero la causa de tu dolor al orinar antes de seleccionar un tratamiento. La inflamaci\u00f3n, la infecci\u00f3n, los problemas diet\u00e9ticos, los c\u00e1lculos, los problemas de pr\u00f3stata y las afecciones de la vejiga requieren tratamientos diferentes y espec\u00edficos. Los antibi\u00f3ticos tratan eficazmente las infecciones, por ejemplo. Tu m\u00e9dico aborda el problema subyacente para aliviar el s\u00edntoma del dolor al orinar.   <\/p>\n<p><strong>Hay otras formas r\u00e1pidas de aliviar el dolor: beber m\u00e1s agua o tomar un remedio sin receta para la disuria. Si tu caso es lo bastante grave, tu m\u00e9dico puede recetarte otros medicamentos. En Queens, NY, te espera un remedio eficaz para el dolor al orinar. Visita el Centro de Diagn\u00f3stico y Tratamiento Medex para consultar a los mejores ur\u00f3logos de Nueva York. <a href=\"https:\/\/www.medexdtc.com\/es\/painful-urination\/#contact-form\">Ponte en contacto con la consulta hoy mismo<\/a> para concertar una cita.   <\/strong><\/p>\n<p>Podemos ayudarte a encontrar m\u00e9dico. Llama al <a href=\"tel:+17182758900\">(718) 275-8900<\/a> <\/p>\n<p>Con licencia del estado de Nueva York, Medex es un centro de diagn\u00f3stico y tratamiento del art\u00edculo 28. Nuestros m\u00e9dicos proporcionan atenci\u00f3n integral a pacientes de todas las edades en la zona de Forest Hills, Queens, desde hace m\u00e1s de 15 a\u00f1os. Empieza a recibir atenci\u00f3n experta ahora llamando o concertando una cita en l\u00ednea con uno de los especialistas cualificados.<\/p>\n","protected":false},"excerpt":{"rendered":"<p>A menudo s\u00edntoma de una infecci\u00f3n o de un problema m\u00e9dico subyacente, el dolor al orinar es una afecci\u00f3n tratable. No tienes por qu\u00e9 sufrir la verg\u00fcenza o la incomodidad, tanto si incluye ganas frecuentes de orinar como si no. Aunque la causa y el tratamiento difieren de un hombre a otro, en el Centro &hellip; <\/p>\n<p class=\"link-more\"><a href=\"https:\/\/www.medexdtc.com\/es\/painful-urination\/\" class=\"more-link\">Continue reading<span class=\"screen-reader-text\"> \u00abMicci\u00f3n dolorosa\u00bb<\/span><\/a><\/p>\n","protected":false},"author":3,"featured_media":0,"parent":0,"menu_order":0,"comment_status":"closed","ping_status":"closed","template":"new_inner.php","meta":{"_acf_changed":false,"footnotes":""},"class_list":["post-6220","page","type-page","status-publish","hentry"],"acf":[],"yoast_head":"<!-- This site is optimized with the Yoast SEO plugin v27.5 - https:\/\/yoast.com\/product\/yoast-seo-wordpress\/ -->\n<title>Tratamiento del dolor al orinar | Los mejores ur\u00f3logos en Forest Hills, Queens, NY<\/title>\n<meta name=\"description\" content=\"Si sientes dolor al orinar, visita el Centro de Diagn\u00f3stico y Tratamiento Medex de Forest Hills, Queens, NY. Nuestros ur\u00f3logos expertos han tratado con \u00e9xito esta afecci\u00f3n en hombres y mujeres.\" \/>\n<meta name=\"robots\" content=\"index, follow, max-snippet:-1, max-image-preview:large, max-video-preview:-1\" \/>\n<link rel=\"canonical\" href=\"https:\/\/www.medexdtc.com\/es\/painful-urination\/\" \/>\n<meta property=\"og:locale\" content=\"es_ES\" \/>\n<meta property=\"og:type\" content=\"article\" \/>\n<meta property=\"og:title\" content=\"Tratamiento del dolor al orinar | Los mejores ur\u00f3logos en Forest Hills, Queens, NY\" \/>\n<meta property=\"og:description\" content=\"Si sientes dolor al orinar, visita el Centro de Diagn\u00f3stico y Tratamiento Medex de Forest Hills, Queens, NY. Nuestros ur\u00f3logos expertos han tratado con \u00e9xito esta afecci\u00f3n en hombres y mujeres.\" \/>\n<meta property=\"og:url\" content=\"https:\/\/www.medexdtc.com\/es\/painful-urination\/\" \/>\n<meta property=\"og:site_name\" content=\"Medex Diagnostic and Treatment Center - Queens Medical Center - Medical Clinic in Forest Hills, NY\" \/>\n<meta property=\"article:publisher\" content=\"https:\/\/www.facebook.com\/medexny\" \/>\n<meta name=\"twitter:card\" content=\"summary_large_image\" \/>\n<meta name=\"twitter:site\" content=\"@DtcMedex\" \/>\n<meta name=\"twitter:label1\" content=\"Tiempo de lectura\" \/>\n\t<meta name=\"twitter:data1\" content=\"6 minutos\" \/>\n<!-- \/ Yoast SEO plugin. -->","yoast_head_json":{"title":"Tratamiento del dolor al orinar | Los mejores ur\u00f3logos en Forest Hills, Queens, NY","description":"Si sientes dolor al orinar, visita el Centro de Diagn\u00f3stico y Tratamiento Medex de Forest Hills, Queens, NY. Nuestros ur\u00f3logos expertos han tratado con \u00e9xito esta afecci\u00f3n en hombres y mujeres.","robots":{"index":"index","follow":"follow","max-snippet":"max-snippet:-1","max-image-preview":"max-image-preview:large","max-video-preview":"max-video-preview:-1"},"canonical":"https:\/\/www.medexdtc.com\/es\/painful-urination\/","og_locale":"es_ES","og_type":"article","og_title":"Tratamiento del dolor al orinar | Los mejores ur\u00f3logos en Forest Hills, Queens, NY","og_description":"Si sientes dolor al orinar, visita el Centro de Diagn\u00f3stico y Tratamiento Medex de Forest Hills, Queens, NY. Nuestros ur\u00f3logos expertos han tratado con \u00e9xito esta afecci\u00f3n en hombres y mujeres.","og_url":"https:\/\/www.medexdtc.com\/es\/painful-urination\/","og_site_name":"Medex Diagnostic and Treatment Center - Queens Medical Center - Medical Clinic in Forest Hills, NY","article_publisher":"https:\/\/www.facebook.com\/medexny","twitter_card":"summary_large_image","twitter_site":"@DtcMedex","twitter_misc":{"Tiempo de lectura":"6 minutos"},"schema":{"@context":"https:\/\/schema.org","@graph":[{"@type":"WebPage","@id":"https:\/\/www.medexdtc.com\/es\/painful-urination\/","url":"https:\/\/www.medexdtc.com\/es\/painful-urination\/","name":"Tratamiento del dolor al orinar | Los mejores ur\u00f3logos en Forest Hills, Queens, NY","isPartOf":{"@id":"https:\/\/www.medexdtc.com\/es\/#website"},"datePublished":"2020-08-05T18:13:25+00:00","description":"Si sientes dolor al orinar, visita el Centro de Diagn\u00f3stico y Tratamiento Medex de Forest Hills, Queens, NY. Nuestros ur\u00f3logos expertos han tratado con \u00e9xito esta afecci\u00f3n en hombres y mujeres.","breadcrumb":{"@id":"https:\/\/www.medexdtc.com\/es\/painful-urination\/#breadcrumb"},"inLanguage":"es","potentialAction":[{"@type":"ReadAction","target":["https:\/\/www.medexdtc.com\/es\/painful-urination\/"]}]},{"@type":"BreadcrumbList","@id":"https:\/\/www.medexdtc.com\/es\/painful-urination\/#breadcrumb","itemListElement":[{"@type":"ListItem","position":1,"name":"Home","item":"https:\/\/www.medexdtc.com\/es\/"},{"@type":"ListItem","position":2,"name":"Micci\u00f3n dolorosa"}]},{"@type":"WebSite","@id":"https:\/\/www.medexdtc.com\/es\/#website","url":"https:\/\/www.medexdtc.com\/es\/","name":"Medex DTC","description":"Medex Diagnostic and Treatment Center is a Medical Center in Queens, NY is a dynamic multi-specialty clinic. Physicians delivering high quality individualized care in Forest Hills, Queens, NY.","publisher":{"@id":"https:\/\/www.medexdtc.com\/es\/#organization"},"potentialAction":[{"@type":"SearchAction","target":{"@type":"EntryPoint","urlTemplate":"https:\/\/www.medexdtc.com\/es\/?s={search_term_string}"},"query-input":{"@type":"PropertyValueSpecification","valueRequired":true,"valueName":"search_term_string"}}],"inLanguage":"es"},{"@type":"Organization","@id":"https:\/\/www.medexdtc.com\/es\/#organization","name":"Medex DCT","url":"https:\/\/www.medexdtc.com\/es\/","logo":{"@type":"ImageObject","inLanguage":"es","@id":"https:\/\/www.medexdtc.com\/es\/#\/schema\/logo\/image\/","url":"https:\/\/www.medexdtc.com\/wp-content\/uploads\/2024\/11\/medex-diagnostic-and-treatment-center-in-queens-NY.png","contentUrl":"https:\/\/www.medexdtc.com\/wp-content\/uploads\/2024\/11\/medex-diagnostic-and-treatment-center-in-queens-NY.png","width":226,"height":47,"caption":"Medex DCT"},"image":{"@id":"https:\/\/www.medexdtc.com\/es\/#\/schema\/logo\/image\/"},"sameAs":["https:\/\/www.facebook.com\/medexny","https:\/\/x.com\/DtcMedex","https:\/\/www.instagram.com\/medexdtc\/","https:\/\/www.linkedin.com\/company\/medex-diagnostic-and-treatment-center\/about\/"]}]}},"jetpack_sharing_enabled":true,"_links":{"self":[{"href":"https:\/\/www.medexdtc.com\/es\/wp-json\/wp\/v2\/pages\/6220","targetHints":{"allow":["GET"]}}],"collection":[{"href":"https:\/\/www.medexdtc.com\/es\/wp-json\/wp\/v2\/pages"}],"about":[{"href":"https:\/\/www.medexdtc.com\/es\/wp-json\/wp\/v2\/types\/page"}],"author":[{"embeddable":true,"href":"https:\/\/www.medexdtc.com\/es\/wp-json\/wp\/v2\/users\/3"}],"replies":[{"embeddable":true,"href":"https:\/\/www.medexdtc.com\/es\/wp-json\/wp\/v2\/comments?post=6220"}],"version-history":[{"count":0,"href":"https:\/\/www.medexdtc.com\/es\/wp-json\/wp\/v2\/pages\/6220\/revisions"}],"wp:attachment":[{"href":"https:\/\/www.medexdtc.com\/es\/wp-json\/wp\/v2\/media?parent=6220"}],"curies":[{"name":"wp","href":"https:\/\/api.w.org\/{rel}","templated":true}]}}