{"id":6223,"date":"2020-08-05T23:12:33","date_gmt":"2020-08-05T18:12:33","guid":{"rendered":"https:\/\/www.medexdtc.com\/fisioterapia-para-rodillas-en-queens-ny\/"},"modified":"2020-08-05T23:12:33","modified_gmt":"2020-08-05T18:12:33","slug":"physical-therapy-for-knees","status":"publish","type":"page","link":"https:\/\/www.medexdtc.com\/es\/physical-therapy-for-knees\/","title":{"rendered":"Fisioterapia para rodillas en Queens, NY"},"content":{"rendered":"<p>Las rodillas son una de las articulaciones m\u00e1s importantes de tu cuerpo en lo que respecta a la movilidad. Cuando est\u00e1n da\u00f1adas, sentir\u00e1s dolor cada vez que des un paso o gires la pierna. Antes de iniciar el tratamiento, tu fisioterapeuta del Centro de Diagn\u00f3stico y Tratamiento Medex de Queens (Nueva York) debe evaluar el origen de tu dolor y elaborar un plan de tratamiento completo. Hay varios tipos de enfermedades y lesiones que afectan a las rodillas, por lo que tu terapia se adapta a tu dolencia particular. Una vez diagnosticada, el objetivo del tratamiento es eliminar el dolor, maximizar tu movilidad y prevenir futuros problemas. Llama hoy para concertar una cita.     <\/p>\n<p>Las rodillas son articulaciones que soportan peso y proporcionan estabilidad y flexibilidad para las actividades cotidianas. Pero por muy fuertes que sean tus rodillas, suelen sufrir mucho abuso y castigo. La articulaci\u00f3n de la rodilla est\u00e1 situada en la intersecci\u00f3n de los huesos de la pierna -f\u00e9mur, tibia y peron\u00e9-, as\u00ed como de tendones, ligamentos y m\u00fasculos. Los huesos de la articulaci\u00f3n est\u00e1n recubiertos de un material amortiguador llamado cart\u00edlago articular, que proporciona una superficie deslizante y lisa.   <\/p>\n<p>El desgaste cotidiano, el uso excesivo, las lesiones y el envejecimiento contribuyen a que las rodillas se hinchen o hagan ruido. Las actividades deportivas o recreativas tambi\u00e9n pueden provocar da\u00f1os a corto plazo o afecciones cr\u00f3nicas a m\u00e1s largo plazo. <a href=\"https:\/\/www.medexdtc.com\/es\/physical-therapy\/\">La fisioterapia<\/a> para tus rodillas realizada por un especialista del Centro de Diagn\u00f3stico y Tratamiento Medex de Queens (Nueva York) mejora tu movilidad e incluso previene futuros dolores y sufrimientos. <\/p>\n<h2>\u00bfQui\u00e9n es susceptible de sufrir lesiones de rodilla?<\/h2>\n<p>Cualquiera puede desarrollar problemas de rodilla porque cualquiera puede verse implicado en un accidente y lesionarse una rodilla. Puedes tener un mayor riesgo de experimentar dolor o desarrollar afecciones que requieran fisioterapia si: <\/p>\n<ul>\n<li>Tienes antecedentes familiares de problemas de rodilla<\/li>\n<li>Trabajas o juegas en actividades que requieren levantar objetos pesados o un contacto de alto impacto con otras personas<\/li>\n<li>Tuvo una lesi\u00f3n de rodilla previa<\/li>\n<li>Tienes un trabajo o aficiones que incluyen movimientos repetitivos, como agacharse con frecuencia<\/li>\n<li>Sufres artrosis o artritis reumatoide<\/li>\n<li>Haber sufrido un golpe directo en la rodilla durante la pr\u00e1ctica deportiva o un accidente<\/li>\n<li>Sufres otras afecciones contribuyentes, como gota, lupus, infecciones u otras enfermedades<\/li>\n<\/ul>\n<p>Antes de intentar curar el dolor de rodilla por ti mismo, habla con un especialista en Queens. Podr\u00edas hacerte m\u00e1s da\u00f1o que bien. Tu fisioterapeuta tiene experiencia con diversas causas de dolor de rodilla. Se necesita un profesional para idear y gestionar un plan de tratamiento personalizado. Y la fisioterapia maximiza tu alivio y acelera tu recuperaci\u00f3n total.    <\/p>\n<h2>Decidir un tratamiento<\/h2>\n<p>Una vez que el m\u00e9dico ha diagnosticado tu problema de rodilla, te re\u00fanes con un fisioterapeuta para que trabaje con tu dolencia. Tu terapia puede incluir varios tratamientos diferentes para mejorar tu recuperaci\u00f3n y reincorporarte antes a tus actividades cotidianas. <\/p>\n<p><a href=\"https:\/\/www.medexdtc.com\/es\/tratamiento-del-dolor-en-queens\/\">El tratamiento del dolor<\/a> es parte integrante de la fisioterapia para las rodillas. Tu m\u00e9dico Medex puede recetarte medicamentos o inyecciones analg\u00e9sicos para acompa\u00f1ar la fisioterapia. Estos tratamientos suelen incluir antiinflamatorios o medicamentos para tratar la artritis o la gota. Junto con las inyecciones de \u00e1cido hialur\u00f3nico o corticoesteroides, la fisioterapia disminuye la inflamaci\u00f3n y mejora la curaci\u00f3n.   <\/p>\n<h2>\u00bfEn qu\u00e9 consiste la fisioterapia para la rodilla?<\/h2>\n<p>La mayor\u00eda de las sesiones de fisioterapia se centran en fortalecer los m\u00fasculos que rodean la rodilla para aumentar la estabilidad y evitar futuras lesiones. La fisioterapia incluye ejercicios, estimulaci\u00f3n muscular, masajes e incluso punci\u00f3n seca, todo ello para reducir el dolor y aumentar la amplitud de movimiento. Sueles asistir a las sesiones una o dos veces por semana durante cuatro a seis semanas.  <\/p>\n<p>Los ejercicios que te indican que hagas en fisioterapia para la rodilla no son dif\u00edciles ni aer\u00f3bicos. En su mayor\u00eda son ejercicios sencillos que estiran y fortalecen los m\u00fasculos que rodean la rodilla para proporcionar un mejor apoyo a la articulaci\u00f3n. Pero si los haces como te recomiendan, notar\u00e1s la diferencia en tu fuerza y amplitud de movimiento. Algunos de los mejores ejercicios de fisioterapia para las rodillas son:   <\/p>\n<ul>\n<li>Estiramientos del tal\u00f3n<\/li>\n<li>Estiramientos de cu\u00e1driceps<\/li>\n<li>Estiramientos y rizos de isquiotibiales<\/li>\n<li>Sentadillas<\/li>\n<li>Estiramientos de pantorrilla<\/li>\n<li>Extensiones y elevaciones de piernas<\/li>\n<li>Prensas de piernas<\/li>\n<li>Estiramientos de cadera<\/li>\n<\/ul>\n<p>Todos estos ejercicios se hacen sin pesas, aunque las prensas requieren una banda el\u00e1stica de resistencia. Con la supervisi\u00f3n adecuada, aprender\u00e1s a utilizar la forma correcta al hacer estos ejercicios. Tambi\u00e9n recibir\u00e1s instrucciones para hacer los ejercicios en casa.  <\/p>\n<h2>Otros tratamientos que apoyan la fisioterapia<\/h2>\n<p>Tambi\u00e9n necesitas descansar y modificar tus actividades. Dependiendo de cu\u00e1nto tiempo hace que te lesionaste, pueden aconsejarte que utilices hielo o calor para controlar los s\u00edntomas. Elevar la pierna con frecuencia a lo largo del d\u00eda tambi\u00e9n reduce las molestias y la hinchaz\u00f3n. Ocasionalmente, puede que necesites llevar <a href=\"https:\/\/www.medexdtc.com\/orthotics\/\">plantillas ortop\u00e9dicas<\/a>, que son soportes especiales para el arco del pie o plantillas para aliviar la presi\u00f3n sobre las articulaciones artr\u00f3sicas.   <\/p>\n<p>El objetivo de estas terapias es evitar la cirug\u00eda, si es posible, y aumentar tu fuerza y estabilidad. El Centro de Diagn\u00f3stico y Tratamiento Medex de Queens, Nueva York, es una consulta m\u00e9dica multiespecialidad. El equipo de m\u00e9dicos se ocupa de tus problemas de rodilla, desde el diagn\u00f3stico hasta el tratamiento del dolor, pasando por la fisioterapia, para que la vuelta a tus rutinas y actividades diarias normales sea completa. <a href=\"https:\/\/www.medexdtc.com\/es\/physical-therapy-for-knees\/#contact-form\">Ponte en contacto con Medex hoy mismo<\/a> para volver a tu estilo de vida activo.   <\/p>\n<p>Podemos ayudarte a encontrar m\u00e9dico. Llama al <a href=\"tel:+17182758900\">(718) 275-8900<\/a> <\/p>\n<p>Con licencia del estado de Nueva York, Medex es un centro de diagn\u00f3stico y tratamiento del art\u00edculo 28. Nuestros m\u00e9dicos proporcionan atenci\u00f3n integral a pacientes de todas las edades en la zona de Forest Hills, Queens, desde hace m\u00e1s de 15 a\u00f1os. Empieza a recibir atenci\u00f3n experta ahora llamando o concertando una cita en l\u00ednea con uno de los especialistas cualificados.<\/p>\n","protected":false},"excerpt":{"rendered":"<p>Las rodillas son una de las articulaciones m\u00e1s importantes de tu cuerpo en lo que respecta a la movilidad. Cuando est\u00e1n da\u00f1adas, sentir\u00e1s dolor cada vez que des un paso o gires la pierna. Antes de iniciar el tratamiento, tu fisioterapeuta del Centro de Diagn\u00f3stico y Tratamiento Medex de Queens (Nueva York) debe evaluar el &hellip; <\/p>\n<p class=\"link-more\"><a href=\"https:\/\/www.medexdtc.com\/es\/physical-therapy-for-knees\/\" class=\"more-link\">Continue reading<span class=\"screen-reader-text\"> \u00abFisioterapia para rodillas en Queens, NY\u00bb<\/span><\/a><\/p>\n","protected":false},"author":3,"featured_media":0,"parent":0,"menu_order":0,"comment_status":"closed","ping_status":"closed","template":"new_inner.php","meta":{"_acf_changed":false,"footnotes":""},"class_list":["post-6223","page","type-page","status-publish","hentry"],"acf":[],"yoast_head":"<!-- This site is optimized with the Yoast SEO plugin v27.5 - https:\/\/yoast.com\/product\/yoast-seo-wordpress\/ -->\n<title>Fisioterapia para rodillas | Los mejores fisioterapeutas en Forest Hills, Queens, NY<\/title>\n<meta name=\"description\" content=\"La fisioterapia para tus rodillas realizada por un especialista del Centro de Diagn\u00f3stico y Tratamiento Medex de Forest Hills, Queens, NY, mejora tu movilidad e incluso previene futuros dolores y sufrimientos.\" \/>\n<meta name=\"robots\" content=\"index, follow, max-snippet:-1, max-image-preview:large, max-video-preview:-1\" \/>\n<link rel=\"canonical\" href=\"https:\/\/www.medexdtc.com\/es\/physical-therapy-for-knees\/\" \/>\n<meta property=\"og:locale\" content=\"es_ES\" \/>\n<meta property=\"og:type\" content=\"article\" \/>\n<meta property=\"og:title\" content=\"Fisioterapia para rodillas | Los mejores fisioterapeutas en Forest Hills, Queens, NY\" \/>\n<meta property=\"og:description\" content=\"La fisioterapia para tus rodillas realizada por un especialista del Centro de Diagn\u00f3stico y Tratamiento Medex de Forest Hills, Queens, NY, mejora tu movilidad e incluso previene futuros dolores y sufrimientos.\" \/>\n<meta property=\"og:url\" content=\"https:\/\/www.medexdtc.com\/es\/physical-therapy-for-knees\/\" \/>\n<meta property=\"og:site_name\" content=\"Medex Diagnostic and Treatment Center - Queens Medical Center - Medical Clinic in Forest Hills, NY\" \/>\n<meta property=\"article:publisher\" content=\"https:\/\/www.facebook.com\/medexny\" \/>\n<meta name=\"twitter:card\" content=\"summary_large_image\" \/>\n<meta name=\"twitter:site\" content=\"@DtcMedex\" \/>\n<meta name=\"twitter:label1\" content=\"Tiempo de lectura\" \/>\n\t<meta name=\"twitter:data1\" content=\"5 minutos\" \/>\n<!-- \/ Yoast SEO plugin. -->","yoast_head_json":{"title":"Fisioterapia para rodillas | Los mejores fisioterapeutas en Forest Hills, Queens, NY","description":"La fisioterapia para tus rodillas realizada por un especialista del Centro de Diagn\u00f3stico y Tratamiento Medex de Forest Hills, Queens, NY, mejora tu movilidad e incluso previene futuros dolores y sufrimientos.","robots":{"index":"index","follow":"follow","max-snippet":"max-snippet:-1","max-image-preview":"max-image-preview:large","max-video-preview":"max-video-preview:-1"},"canonical":"https:\/\/www.medexdtc.com\/es\/physical-therapy-for-knees\/","og_locale":"es_ES","og_type":"article","og_title":"Fisioterapia para rodillas | Los mejores fisioterapeutas en Forest Hills, Queens, NY","og_description":"La fisioterapia para tus rodillas realizada por un especialista del Centro de Diagn\u00f3stico y Tratamiento Medex de Forest Hills, Queens, NY, mejora tu movilidad e incluso previene futuros dolores y sufrimientos.","og_url":"https:\/\/www.medexdtc.com\/es\/physical-therapy-for-knees\/","og_site_name":"Medex Diagnostic and Treatment Center - Queens Medical Center - Medical Clinic in Forest Hills, NY","article_publisher":"https:\/\/www.facebook.com\/medexny","twitter_card":"summary_large_image","twitter_site":"@DtcMedex","twitter_misc":{"Tiempo de lectura":"5 minutos"},"schema":{"@context":"https:\/\/schema.org","@graph":[{"@type":"WebPage","@id":"https:\/\/www.medexdtc.com\/es\/physical-therapy-for-knees\/","url":"https:\/\/www.medexdtc.com\/es\/physical-therapy-for-knees\/","name":"Fisioterapia para rodillas | Los mejores fisioterapeutas en Forest Hills, Queens, NY","isPartOf":{"@id":"https:\/\/www.medexdtc.com\/es\/#website"},"datePublished":"2020-08-05T18:12:33+00:00","description":"La fisioterapia para tus rodillas realizada por un especialista del Centro de Diagn\u00f3stico y Tratamiento Medex de Forest Hills, Queens, NY, mejora tu movilidad e incluso previene futuros dolores y sufrimientos.","breadcrumb":{"@id":"https:\/\/www.medexdtc.com\/es\/physical-therapy-for-knees\/#breadcrumb"},"inLanguage":"es","potentialAction":[{"@type":"ReadAction","target":["https:\/\/www.medexdtc.com\/es\/physical-therapy-for-knees\/"]}]},{"@type":"BreadcrumbList","@id":"https:\/\/www.medexdtc.com\/es\/physical-therapy-for-knees\/#breadcrumb","itemListElement":[{"@type":"ListItem","position":1,"name":"Home","item":"https:\/\/www.medexdtc.com\/es\/"},{"@type":"ListItem","position":2,"name":"Fisioterapia para rodillas en Queens, NY"}]},{"@type":"WebSite","@id":"https:\/\/www.medexdtc.com\/es\/#website","url":"https:\/\/www.medexdtc.com\/es\/","name":"Medex DTC","description":"Medex Diagnostic and Treatment Center is a Medical Center in Queens, NY is a dynamic multi-specialty clinic. Physicians delivering high quality individualized care in Forest Hills, Queens, NY.","publisher":{"@id":"https:\/\/www.medexdtc.com\/es\/#organization"},"potentialAction":[{"@type":"SearchAction","target":{"@type":"EntryPoint","urlTemplate":"https:\/\/www.medexdtc.com\/es\/?s={search_term_string}"},"query-input":{"@type":"PropertyValueSpecification","valueRequired":true,"valueName":"search_term_string"}}],"inLanguage":"es"},{"@type":"Organization","@id":"https:\/\/www.medexdtc.com\/es\/#organization","name":"Medex DCT","url":"https:\/\/www.medexdtc.com\/es\/","logo":{"@type":"ImageObject","inLanguage":"es","@id":"https:\/\/www.medexdtc.com\/es\/#\/schema\/logo\/image\/","url":"https:\/\/www.medexdtc.com\/wp-content\/uploads\/2024\/11\/medex-diagnostic-and-treatment-center-in-queens-NY.png","contentUrl":"https:\/\/www.medexdtc.com\/wp-content\/uploads\/2024\/11\/medex-diagnostic-and-treatment-center-in-queens-NY.png","width":226,"height":47,"caption":"Medex DCT"},"image":{"@id":"https:\/\/www.medexdtc.com\/es\/#\/schema\/logo\/image\/"},"sameAs":["https:\/\/www.facebook.com\/medexny","https:\/\/x.com\/DtcMedex","https:\/\/www.instagram.com\/medexdtc\/","https:\/\/www.linkedin.com\/company\/medex-diagnostic-and-treatment-center\/about\/"]}]}},"jetpack_sharing_enabled":true,"_links":{"self":[{"href":"https:\/\/www.medexdtc.com\/es\/wp-json\/wp\/v2\/pages\/6223","targetHints":{"allow":["GET"]}}],"collection":[{"href":"https:\/\/www.medexdtc.com\/es\/wp-json\/wp\/v2\/pages"}],"about":[{"href":"https:\/\/www.medexdtc.com\/es\/wp-json\/wp\/v2\/types\/page"}],"author":[{"embeddable":true,"href":"https:\/\/www.medexdtc.com\/es\/wp-json\/wp\/v2\/users\/3"}],"replies":[{"embeddable":true,"href":"https:\/\/www.medexdtc.com\/es\/wp-json\/wp\/v2\/comments?post=6223"}],"version-history":[{"count":0,"href":"https:\/\/www.medexdtc.com\/es\/wp-json\/wp\/v2\/pages\/6223\/revisions"}],"wp:attachment":[{"href":"https:\/\/www.medexdtc.com\/es\/wp-json\/wp\/v2\/media?parent=6223"}],"curies":[{"name":"wp","href":"https:\/\/api.w.org\/{rel}","templated":true}]}}