{"id":6257,"date":"2025-04-16T06:59:50","date_gmt":"2025-04-16T01:59:50","guid":{"rendered":"https:\/\/www.medexdtc.com\/nuestros-servicios-compensacion-a-los-trabajadores-doctor-queens\/"},"modified":"2025-09-15T04:27:18","modified_gmt":"2025-09-14T23:27:18","slug":"our-services-workers-compensation-doctor-queens","status":"publish","type":"page","link":"https:\/\/www.medexdtc.com\/es\/our-services-workers-compensation-doctor-queens\/","title":{"rendered":"Nuestros Servicios: Compensaci\u00f3n a los Trabajadores Doctor Queens"},"content":{"rendered":"<p>Nuestra cl\u00ednica se enorgullece de ofrecer m\u00e1s de 20 especialidades diferentes que pueden tratar tu lesi\u00f3n laboral actual. Si te has lesionado en el trabajo y necesitas ver a un m\u00e9dico, puedes concertar hoy mismo tu cita con un verdadero especialista que pueda satisfacer tus necesidades. <\/p><h2 class=\"wp-block-heading\">Nuestros servicios<\/h2><p>Ofrecemos a nuestros pacientes diversos servicios de diagn\u00f3stico y tratamiento:<\/p><h3 class=\"wp-block-heading\">Medicina F\u00edsica y Rehabilitaci\u00f3n<\/h3><p>Recuperarte de una lesi\u00f3n puede ayudarte a sentirte mejor. Sin embargo, puede que no te devuelva la fuerza por completo. Algunas lesiones pueden requerir intervenciones de medicina f\u00edsica, que pueden incluir rehabilitaci\u00f3n, como parte de tu proceso de tratamiento.  <\/p><h3 class=\"wp-block-heading\">Neurolog\u00eda<\/h3><p>Si has sufrido una lesi\u00f3n en el sistema nervioso central o experimentas s\u00edntomas molestos, como hormigueo, entumecimiento o debilidad muscular, reserva una cita dentro de esta especialidad. El dolor nervioso puede adoptar muchas formas y aparecer en lugares distintos de donde puede haberse producido una lesi\u00f3n. <\/p><h3 class=\"wp-block-heading\">Tratamiento del dolor<\/h3><p>Casi todas las lesiones implican alg\u00fan tipo de dolor. Puedes tener dolor en el lugar de la lesi\u00f3n. Ese dolor puede irradiarse tambi\u00e9n a otras partes del cuerpo. Tambi\u00e9n puedes experimentar dolores nerviosos, cefaleas y dolores musculares relacionados con tu lesi\u00f3n laboral. Nuestro equipo trabajar\u00e1 para encontrar una forma de controlar tu dolor, para que puedas centrarte en lo importante: la recuperaci\u00f3n.    <\/p><h3 class=\"wp-block-heading\">Medicina interna<\/h3><p>Esta especialidad se centra en la prevenci\u00f3n, diagn\u00f3stico y tratamiento de las enfermedades que afectan a los adultos. Estar expuesto a una enfermedad mientras desempe\u00f1as tus funciones puede constituir un caso de indemnizaci\u00f3n por accidente laboral. Se consideran enfermedades profesionales. Las enfermedades profesionales m\u00e1s comunes pueden ser reacciones al\u00e9rgicas, asma, p\u00e9rdida de audici\u00f3n y enfermedades infecciosas.   <\/p><h3 class=\"wp-block-heading\">Ortopedia<\/h3><p>Las lesiones en las articulaciones y los huesos pueden ser muy dolorosas. Incluso los esguinces y distensiones de una articulaci\u00f3n pueden limitar tu movilidad. Nuestros especialistas en esta \u00e1rea examinar\u00e1n tu lesi\u00f3n, te recomendar\u00e1n tratamientos inmediatos y continuados, y te dar\u00e1n un plan espec\u00edfico a seguir para tu cuidado.  <\/p><h3 class=\"wp-block-heading\">Podolog\u00eda<\/h3><p>Esta especialidad se centra en las lesiones y dolencias que se producen en los pies. Muchos trabajos requieren que los empleados est\u00e9n de pie la mayor parte del d\u00eda. Con el tiempo, esto puede crear lesiones por uso repetitivo. Siempre existe la posibilidad de que se produzca una lesi\u00f3n aguda que tambi\u00e9n requiera tratamiento. Nuestro equipo examinar\u00e1 tus pies, te recomendar\u00e1 un programa de tratamiento y trabajar\u00e1 para corregir los trastornos que puedan haberse desarrollado.    <\/p><h3 class=\"wp-block-heading\">Somos especialistas en Indemnizaci\u00f3n Laboral<\/h3><p>Ven a conocer al especialista que puede ayudarte a empezar a sentirte mejor. No importa lo complejo que sea tu caso de indemnizaci\u00f3n por accidente laboral, nuestros m\u00e9dicos se centran en crear un plan de tratamiento que te lleve hacia la recuperaci\u00f3n m\u00e1s completa posible. <\/p><p>Programa tu cita hoy mismo en el (718) 260-6590.<\/p><figure class=\"wp-block-image\"><img decoding=\"async\" src=\"https:\/\/workerscompdrqueens.com\/wp-content\/uploads\/2018\/04\/service-page-image.jpg\" alt=\"\" class=\"wp-image-205103\" title=\"\"\/><\/figure><h1 class=\"wp-block-heading\">Autorizado para Consultas de Indemnizaci\u00f3n Laboral<\/h1><p>\u00bfHas tenido alguna vez la sensaci\u00f3n de que la consulta del m\u00e9dico se ha centrado m\u00e1s en los beneficios que en las personas? Cuando visites a uno de nuestros especialistas para tu caso de Indemnizaci\u00f3n Laboral, descubrir\u00e1s una prioridad distinta. Nuestro atento personal y nuestros especialistas m\u00e9dicos se asegurar\u00e1n de que recibas la atenci\u00f3n que necesitas en cada visita.  <\/p>","protected":false},"excerpt":{"rendered":"<p>Nuestra cl\u00ednica se enorgullece de ofrecer m\u00e1s de 20 especialidades diferentes que pueden tratar tu lesi\u00f3n laboral actual. Si te has lesionado en el trabajo y necesitas ver a un m\u00e9dico, puedes concertar hoy mismo tu cita con un verdadero especialista que pueda satisfacer tus necesidades. Nuestros servicios Ofrecemos a nuestros pacientes diversos servicios de &hellip; <\/p>\n<p class=\"link-more\"><a href=\"https:\/\/www.medexdtc.com\/es\/our-services-workers-compensation-doctor-queens\/\" class=\"more-link\">Continue reading<span class=\"screen-reader-text\"> \u00abNuestros Servicios: Compensaci\u00f3n a los Trabajadores Doctor Queens\u00bb<\/span><\/a><\/p>\n","protected":false},"author":3,"featured_media":0,"parent":0,"menu_order":0,"comment_status":"closed","ping_status":"closed","template":"new_inner.php","meta":{"_acf_changed":false,"footnotes":""},"class_list":["post-6257","page","type-page","status-publish","hentry"],"acf":[],"yoast_head":"<!-- This site is optimized with the Yoast SEO plugin v27.5 - https:\/\/yoast.com\/product\/yoast-seo-wordpress\/ -->\n<title>Nuestros Servicios | Workers Compensation Doctor Queens<\/title>\n<meta name=\"description\" content=\"Ofrecemos diversos servicios de diagn\u00f3stico y tratamiento para nuestros pacientes. Ven a conocer al especialista que puede ayudarte a empezar a sentirte mejor.\" \/>\n<meta name=\"robots\" content=\"index, follow, max-snippet:-1, max-image-preview:large, max-video-preview:-1\" \/>\n<link rel=\"canonical\" href=\"https:\/\/www.medexdtc.com\/es\/our-services-workers-compensation-doctor-queens\/\" \/>\n<meta property=\"og:locale\" content=\"es_ES\" \/>\n<meta property=\"og:type\" content=\"article\" \/>\n<meta property=\"og:title\" content=\"Nuestros Servicios | Workers Compensation Doctor Queens\" \/>\n<meta property=\"og:description\" content=\"Ofrecemos diversos servicios de diagn\u00f3stico y tratamiento para nuestros pacientes. Ven a conocer al especialista que puede ayudarte a empezar a sentirte mejor.\" \/>\n<meta property=\"og:url\" content=\"https:\/\/www.medexdtc.com\/es\/our-services-workers-compensation-doctor-queens\/\" \/>\n<meta property=\"og:site_name\" content=\"Medex Diagnostic and Treatment Center - Queens Medical Center - Medical Clinic in Forest Hills, NY\" \/>\n<meta property=\"article:publisher\" content=\"https:\/\/www.facebook.com\/medexny\" \/>\n<meta property=\"article:modified_time\" content=\"2025-09-14T23:27:18+00:00\" \/>\n<meta name=\"twitter:card\" content=\"summary_large_image\" \/>\n<meta name=\"twitter:site\" content=\"@DtcMedex\" \/>\n<meta name=\"twitter:label1\" content=\"Tiempo de lectura\" \/>\n\t<meta name=\"twitter:data1\" content=\"3 minutos\" \/>\n<!-- \/ Yoast SEO plugin. -->","yoast_head_json":{"title":"Nuestros Servicios | Workers Compensation Doctor Queens","description":"Ofrecemos diversos servicios de diagn\u00f3stico y tratamiento para nuestros pacientes. Ven a conocer al especialista que puede ayudarte a empezar a sentirte mejor.","robots":{"index":"index","follow":"follow","max-snippet":"max-snippet:-1","max-image-preview":"max-image-preview:large","max-video-preview":"max-video-preview:-1"},"canonical":"https:\/\/www.medexdtc.com\/es\/our-services-workers-compensation-doctor-queens\/","og_locale":"es_ES","og_type":"article","og_title":"Nuestros Servicios | Workers Compensation Doctor Queens","og_description":"Ofrecemos diversos servicios de diagn\u00f3stico y tratamiento para nuestros pacientes. Ven a conocer al especialista que puede ayudarte a empezar a sentirte mejor.","og_url":"https:\/\/www.medexdtc.com\/es\/our-services-workers-compensation-doctor-queens\/","og_site_name":"Medex Diagnostic and Treatment Center - Queens Medical Center - Medical Clinic in Forest Hills, NY","article_publisher":"https:\/\/www.facebook.com\/medexny","article_modified_time":"2025-09-14T23:27:18+00:00","twitter_card":"summary_large_image","twitter_site":"@DtcMedex","twitter_misc":{"Tiempo de lectura":"3 minutos"},"schema":{"@context":"https:\/\/schema.org","@graph":[{"@type":"WebPage","@id":"https:\/\/www.medexdtc.com\/es\/our-services-workers-compensation-doctor-queens\/","url":"https:\/\/www.medexdtc.com\/es\/our-services-workers-compensation-doctor-queens\/","name":"Nuestros Servicios | Workers Compensation Doctor Queens","isPartOf":{"@id":"https:\/\/www.medexdtc.com\/es\/#website"},"primaryImageOfPage":{"@id":"https:\/\/www.medexdtc.com\/es\/our-services-workers-compensation-doctor-queens\/#primaryimage"},"image":{"@id":"https:\/\/www.medexdtc.com\/es\/our-services-workers-compensation-doctor-queens\/#primaryimage"},"thumbnailUrl":"https:\/\/workerscompdrqueens.com\/wp-content\/uploads\/2018\/04\/service-page-image.jpg","datePublished":"2025-04-16T01:59:50+00:00","dateModified":"2025-09-14T23:27:18+00:00","description":"Ofrecemos diversos servicios de diagn\u00f3stico y tratamiento para nuestros pacientes. Ven a conocer al especialista que puede ayudarte a empezar a sentirte mejor.","breadcrumb":{"@id":"https:\/\/www.medexdtc.com\/es\/our-services-workers-compensation-doctor-queens\/#breadcrumb"},"inLanguage":"es","potentialAction":[{"@type":"ReadAction","target":["https:\/\/www.medexdtc.com\/es\/our-services-workers-compensation-doctor-queens\/"]}]},{"@type":"ImageObject","inLanguage":"es","@id":"https:\/\/www.medexdtc.com\/es\/our-services-workers-compensation-doctor-queens\/#primaryimage","url":"https:\/\/workerscompdrqueens.com\/wp-content\/uploads\/2018\/04\/service-page-image.jpg","contentUrl":"https:\/\/workerscompdrqueens.com\/wp-content\/uploads\/2018\/04\/service-page-image.jpg"},{"@type":"BreadcrumbList","@id":"https:\/\/www.medexdtc.com\/es\/our-services-workers-compensation-doctor-queens\/#breadcrumb","itemListElement":[{"@type":"ListItem","position":1,"name":"Home","item":"https:\/\/www.medexdtc.com\/es\/"},{"@type":"ListItem","position":2,"name":"Nuestros Servicios: Compensaci\u00f3n a los Trabajadores Doctor Queens"}]},{"@type":"WebSite","@id":"https:\/\/www.medexdtc.com\/es\/#website","url":"https:\/\/www.medexdtc.com\/es\/","name":"Medex DTC","description":"Medex Diagnostic and Treatment Center is a Medical Center in Queens, NY is a dynamic multi-specialty clinic. Physicians delivering high quality individualized care in Forest Hills, Queens, NY.","publisher":{"@id":"https:\/\/www.medexdtc.com\/es\/#organization"},"potentialAction":[{"@type":"SearchAction","target":{"@type":"EntryPoint","urlTemplate":"https:\/\/www.medexdtc.com\/es\/?s={search_term_string}"},"query-input":{"@type":"PropertyValueSpecification","valueRequired":true,"valueName":"search_term_string"}}],"inLanguage":"es"},{"@type":"Organization","@id":"https:\/\/www.medexdtc.com\/es\/#organization","name":"Medex DCT","url":"https:\/\/www.medexdtc.com\/es\/","logo":{"@type":"ImageObject","inLanguage":"es","@id":"https:\/\/www.medexdtc.com\/es\/#\/schema\/logo\/image\/","url":"https:\/\/www.medexdtc.com\/wp-content\/uploads\/2024\/11\/medex-diagnostic-and-treatment-center-in-queens-NY.png","contentUrl":"https:\/\/www.medexdtc.com\/wp-content\/uploads\/2024\/11\/medex-diagnostic-and-treatment-center-in-queens-NY.png","width":226,"height":47,"caption":"Medex DCT"},"image":{"@id":"https:\/\/www.medexdtc.com\/es\/#\/schema\/logo\/image\/"},"sameAs":["https:\/\/www.facebook.com\/medexny","https:\/\/x.com\/DtcMedex","https:\/\/www.instagram.com\/medexdtc\/","https:\/\/www.linkedin.com\/company\/medex-diagnostic-and-treatment-center\/about\/"]}]}},"jetpack_sharing_enabled":true,"_links":{"self":[{"href":"https:\/\/www.medexdtc.com\/es\/wp-json\/wp\/v2\/pages\/6257","targetHints":{"allow":["GET"]}}],"collection":[{"href":"https:\/\/www.medexdtc.com\/es\/wp-json\/wp\/v2\/pages"}],"about":[{"href":"https:\/\/www.medexdtc.com\/es\/wp-json\/wp\/v2\/types\/page"}],"author":[{"embeddable":true,"href":"https:\/\/www.medexdtc.com\/es\/wp-json\/wp\/v2\/users\/3"}],"replies":[{"embeddable":true,"href":"https:\/\/www.medexdtc.com\/es\/wp-json\/wp\/v2\/comments?post=6257"}],"version-history":[{"count":1,"href":"https:\/\/www.medexdtc.com\/es\/wp-json\/wp\/v2\/pages\/6257\/revisions"}],"predecessor-version":[{"id":6259,"href":"https:\/\/www.medexdtc.com\/es\/wp-json\/wp\/v2\/pages\/6257\/revisions\/6259"}],"wp:attachment":[{"href":"https:\/\/www.medexdtc.com\/es\/wp-json\/wp\/v2\/media?parent=6257"}],"curies":[{"name":"wp","href":"https:\/\/api.w.org\/{rel}","templated":true}]}}