{"id":6264,"date":"2020-08-05T23:37:00","date_gmt":"2020-08-05T18:37:00","guid":{"rendered":"https:\/\/www.medexdtc.com\/ortesis\/"},"modified":"2020-08-05T23:37:00","modified_gmt":"2020-08-05T18:37:00","slug":"orthotics","status":"publish","type":"page","link":"https:\/\/www.medexdtc.com\/es\/orthotics\/","title":{"rendered":"Ortesis"},"content":{"rendered":"<p>El dolor de pies, tobillos y piernas tiene un origen muy diverso. Depende de la habilidad y experiencia de tu pod\u00f3logo determinar cu\u00e1l es la causa de tus molestias. A veces, lo \u00fanico que puedes necesitar es un par de plantillas ortop\u00e9dicas hechas a medida, plantillas que se adaptan a tus pies y contrarrestan tus problemas de dolor de pies. Tras diagnosticar la causa de tu dolor en el Centro de Diagn\u00f3stico y Tratamiento Medex de Queens, Nueva York, tu pod\u00f3logo puede tomar un molde de tus pies. Las plantillas duras o blandas tratan distintos tipos de afecciones. Llama hoy mismo a esta consulta multiespecialidad para averiguar si las plantillas ortop\u00e9dicas aliviar\u00e1n tu dolor.     <\/p>\n<p>Si tu calzado no te queda bien, puede provocar todo tipo de problemas en los pies, como <a href=\"https:\/\/www.medexdtc.com\/es\/athletes-foot\/\">pie de atleta<\/a> y <a href=\"https:\/\/www.medexdtc.com\/es\/ingrown-toenails\/\">u\u00f1as encarnadas<\/a>. Si tu calzado no es estable ni te da apoyo, puedes probar con plantillas compradas en la tienda, que te proporcionar\u00e1n m\u00e1s comodidad y aliviar\u00e1n el dolor. Pero estos art\u00edculos sin receta no est\u00e1n hechos a medida ni dise\u00f1ados para corregir problemas espec\u00edficos del pie.  <\/p>\n<p>Cuando tengas problemas en el pie o el tobillo, es hora de que visites a tu <a href=\"https:\/\/www.medexdtc.com\/es\/podiatry\/\">pod\u00f3logo<\/a> experto del Centro de Diagn\u00f3stico y Tratamiento Medex de Queens, NY. Si el m\u00e9dico determina que tu dolor de pies se debe a problemas biomec\u00e1nicos, puedes pedir plantillas ortop\u00e9dicas, que son plantillas hechas a medida y con receta m\u00e9dica. Las plantillas ortop\u00e9dicas no s\u00f3lo alivian tu dolor, sino que tambi\u00e9n te ayudan a evitar la cirug\u00eda.  <\/p>\n<h2>\u00bfQu\u00e9 afecciones tratan las \u00f3rtesis?<\/h2>\n<p>Cada individuo camina, corre o est\u00e1 de pie con un equilibrio y una marcha ligeramente diferentes. Eso se debe a que tu zancada depende de tu gen\u00e9tica, la forma de tu esqueleto, tu fuerza muscular y tu peso. Todos estos factores cooperan para determinar c\u00f3mo se mueve la parte inferior de tu cuerpo.  <\/p>\n<p>Puede que cojees por un tir\u00f3n muscular, pero hay muchas razones por las que te mueves habitualmente de forma anormal. Tu pod\u00f3logo Medex trata cualquier afecci\u00f3n concomitante a la vez que te proporciona alivio del dolor de pies. Otras afecciones que contribuyen a la necesidad de ortesis son:  <\/p>\n<ul>\n<li>Artritis<\/li>\n<li>Fascitis plantar<\/li>\n<li>Bursitis<\/li>\n<li><a href=\"https:\/\/www.medexdtc.com\/es\/diabetes\/\">Diabetes<\/a><\/li>\n<li>Lesi\u00f3n del nervio peroneo o perif\u00e9rico<\/li>\n<li>Neuropat\u00eda perif\u00e9rica<\/li>\n<li>Dermatomiositis<\/li>\n<li>Espina b\u00edfida<\/li>\n<li>Cirug\u00eda de juanetes<\/li>\n<li>Pies planos<\/li>\n<li>Escoliosis<\/li>\n<\/ul>\n<h2>Diagn\u00f3stico de las causas del dolor de pies y tobillos<\/h2>\n<p>Para determinar el origen de tu dolor, el m\u00e9dico examina la mec\u00e1nica propia de tus pies, tobillos y piernas. Es probable que te pida que camines por la consulta. Esto forma parte del examen, ya que tu pod\u00f3logo observa c\u00f3mo funcionan juntos tus caderas, piernas, tobillos y pies.  <\/p>\n<p>Es posible que el m\u00e9dico quiera obtener una imagen tridimensional de tu pie -mediante radiograf\u00edas, ecograf\u00edas, resonancias magn\u00e9ticas o tomograf\u00edas computarizadas- para comprobar la estructura subyacente y detectar cualquier problema. Si el m\u00e9dico determina que los aparatos ortop\u00e9dicos pueden ayudarte, te tomar\u00e1 un molde preciso del pie. El molde se utiliza para construir plantillas ortop\u00e9dicas a medida para conseguir el ajuste correcto.  <\/p>\n<h2>Tipos de \u00f3rtesis disponibles<\/h2>\n<p>La mayor\u00eda de las plantillas ortop\u00e9dicas se presentan de dos formas. Tus problemas mec\u00e1nicos o afecciones contribuyentes determinan cu\u00e1l te conviene m\u00e1s. Los dos tipos son:  <\/p>\n<ol>\n<li><strong>Ortesis acomodativas o blandas.<\/strong>  Consisten en materiales blandos, similares a la compresi\u00f3n, que proporcionan un acolchado para aliviar la presi\u00f3n de los puntos dolorosos causados por la fascitis plantar o las \u00falceras del pie provocadas por la diabetes. Las plantillas ortop\u00e9dicas blandas pueden ser voluminosas y requerir calzado recetado. Si practicas deportes como el esqu\u00ed o el patinaje sobre hielo, tu m\u00e9dico puede sugerirte versiones especialmente fabricadas para aliviar tus molestias mientras participas.  <\/li>\n<li><strong>Ortesis funcionales o r\u00edgidas.<\/strong>  Son de fibra de carbono o pl\u00e1stico. Utilizadas con zapatos cerrados y de tac\u00f3n bajo, estas plantillas ortop\u00e9dicas alivian los dolores de pies, las tensiones y el dolor en <a href=\"https:\/\/www.medexdtc.com\/es\/back-pain\/\">la parte baja de la espalda<\/a>, los muslos o las piernas. Si tienes problemas de marcha u otros problemas mec\u00e1nicos, las \u00f3rtesis r\u00edgidas proporcionan el mejor apoyo.  <\/li>\n<\/ol>\n<h2>\u00bfQu\u00e9 puedes hacer para el dolor de pies?<\/h2>\n<p>Como tus molestias suelen deberse a m\u00fasculos acortados o atascados, tu pod\u00f3logo de Medex puede sugerirte <a href=\"https:\/\/www.medexdtc.com\/es\/physical-therapy\/\">fisioterapia<\/a> complementaria. La fisioterapia estira, fortalece y modifica tu forma y t\u00e9cnica al andar, correr y realizar otras actividades. La terapia y los ejercicios tambi\u00e9n alivian la tensi\u00f3n de m\u00fasculos, tendones y huesos que suele desencadenar el dolor.  <\/p>\n<p>Tu m\u00e9dico puede recomendarte cambios en el estilo de vida, como por ejemplo<\/p>\n<ul>\n<li>Descansar m\u00e1s<\/li>\n<li>Elevar los pies con frecuencia a lo largo del d\u00eda<\/li>\n<li>Trabajar para perder peso<\/li>\n<li>Aplicar hielo varias veces al d\u00eda para aliviar la hinchaz\u00f3n<\/li>\n<li>Llevar vendas o vendajes de compresi\u00f3n como soporte<\/li>\n<li>Cambiar tu ejercicio preferido por opciones de menor impacto, como caminar o nadar<\/li>\n<\/ul>\n<h2>Qu\u00e9 puede hacer tu pod\u00f3logo para el dolor de pies<\/h2>\n<p>Dependiendo de la gravedad de tus molestias, tu m\u00e9dico de Queens puede sugerirte medicamentos sin receta o una breve dosis de analg\u00e9sicos recetados mientras tu cuerpo se cura. Necesitas tiempo para adaptarte a caminar con tus plantillas ortop\u00e9dicas. En raras ocasiones, se utilizan inyecciones de esteroides para reducir la hinchaz\u00f3n y facilitar la curaci\u00f3n y la recuperaci\u00f3n.  <\/p>\n<p>Los problemas de tus pies normalmente no requieren cirug\u00eda, que siempre es el \u00faltimo recurso. Si tu pod\u00f3logo sugiere la cirug\u00eda, puedes esperar llevar aparatos ortop\u00e9dicos para mejorar tu curaci\u00f3n, acelerar la recuperaci\u00f3n y evitar futuras molestias. Dado que el Centro de Diagn\u00f3stico y Tratamiento Medex es un centro m\u00e9dico multiespecialidad, hay especialistas disponibles para superar problemas que quedan fuera del \u00e1mbito de tu pod\u00f3logo. Consigue la mejor atenci\u00f3n <a href=\"https:\/\/www.medexdtc.com\/es\/orthotics\/#contact-form\">poni\u00e9ndote en contacto hoy mismo con esta consulta de Queens<\/a>.   <\/p>\n<p>Podemos ayudarte a encontrar m\u00e9dico. Llama al <a href=\"tel:+17182758900\">(718) 275-8900<\/a> <\/p>\n<p>Con licencia del estado de Nueva York, Medex es un centro de diagn\u00f3stico y tratamiento del art\u00edculo 28. Nuestros m\u00e9dicos proporcionan atenci\u00f3n integral a pacientes de todas las edades en la zona de Forest Hills, Queens, desde hace m\u00e1s de 15 a\u00f1os. Empieza a recibir atenci\u00f3n experta ahora llamando o concertando una cita en l\u00ednea con uno de los especialistas cualificados.<\/p>\n","protected":false},"excerpt":{"rendered":"<p>El dolor de pies, tobillos y piernas tiene un origen muy diverso. Depende de la habilidad y experiencia de tu pod\u00f3logo determinar cu\u00e1l es la causa de tus molestias. A veces, lo \u00fanico que puedes necesitar es un par de plantillas ortop\u00e9dicas hechas a medida, plantillas que se adaptan a tus pies y contrarrestan tus &hellip; <\/p>\n<p class=\"link-more\"><a href=\"https:\/\/www.medexdtc.com\/es\/orthotics\/\" class=\"more-link\">Continue reading<span class=\"screen-reader-text\"> \u00abOrtesis\u00bb<\/span><\/a><\/p>\n","protected":false},"author":3,"featured_media":0,"parent":0,"menu_order":0,"comment_status":"closed","ping_status":"closed","template":"new_inner.php","meta":{"_acf_changed":false,"footnotes":""},"class_list":["post-6264","page","type-page","status-publish","hentry"],"acf":[],"yoast_head":"<!-- This site is optimized with the Yoast SEO plugin v27.5 - https:\/\/yoast.com\/product\/yoast-seo-wordpress\/ -->\n<title>Ortesis a Medida | Los Mejores Especialistas en Podolog\u00eda en Forest Hills, Queens, NY<\/title>\n<meta name=\"description\" content=\"Cuando tengas problemas en el pie o el tobillo, es hora de que visites a nuestro pod\u00f3logo del Centro de Diagn\u00f3stico y Tratamiento Medex de Forest Hills, Queens, NY. Si el m\u00e9dico determina que tu dolor de pies se debe a problemas biomec\u00e1nicos, puedes pedir plantillas ortop\u00e9dicas, que son plantillas hechas a medida y con receta m\u00e9dica.\" \/>\n<meta name=\"robots\" content=\"index, follow, max-snippet:-1, max-image-preview:large, max-video-preview:-1\" \/>\n<link rel=\"canonical\" href=\"https:\/\/www.medexdtc.com\/es\/orthotics\/\" \/>\n<meta property=\"og:locale\" content=\"es_ES\" \/>\n<meta property=\"og:type\" content=\"article\" \/>\n<meta property=\"og:title\" content=\"Ortesis a Medida | Los Mejores Especialistas en Podolog\u00eda en Forest Hills, Queens, NY\" \/>\n<meta property=\"og:description\" content=\"Cuando tengas problemas en el pie o el tobillo, es hora de que visites a nuestro pod\u00f3logo del Centro de Diagn\u00f3stico y Tratamiento Medex de Forest Hills, Queens, NY. Si el m\u00e9dico determina que tu dolor de pies se debe a problemas biomec\u00e1nicos, puedes pedir plantillas ortop\u00e9dicas, que son plantillas hechas a medida y con receta m\u00e9dica.\" \/>\n<meta property=\"og:url\" content=\"https:\/\/www.medexdtc.com\/es\/orthotics\/\" \/>\n<meta property=\"og:site_name\" content=\"Medex Diagnostic and Treatment Center - Queens Medical Center - Medical Clinic in Forest Hills, NY\" \/>\n<meta property=\"article:publisher\" content=\"https:\/\/www.facebook.com\/medexny\" \/>\n<meta name=\"twitter:card\" content=\"summary_large_image\" \/>\n<meta name=\"twitter:site\" content=\"@DtcMedex\" \/>\n<meta name=\"twitter:label1\" content=\"Tiempo de lectura\" \/>\n\t<meta name=\"twitter:data1\" content=\"6 minutos\" \/>\n<!-- \/ Yoast SEO plugin. -->","yoast_head_json":{"title":"Ortesis a Medida | Los Mejores Especialistas en Podolog\u00eda en Forest Hills, Queens, NY","description":"Cuando tengas problemas en el pie o el tobillo, es hora de que visites a nuestro pod\u00f3logo del Centro de Diagn\u00f3stico y Tratamiento Medex de Forest Hills, Queens, NY. Si el m\u00e9dico determina que tu dolor de pies se debe a problemas biomec\u00e1nicos, puedes pedir plantillas ortop\u00e9dicas, que son plantillas hechas a medida y con receta m\u00e9dica.","robots":{"index":"index","follow":"follow","max-snippet":"max-snippet:-1","max-image-preview":"max-image-preview:large","max-video-preview":"max-video-preview:-1"},"canonical":"https:\/\/www.medexdtc.com\/es\/orthotics\/","og_locale":"es_ES","og_type":"article","og_title":"Ortesis a Medida | Los Mejores Especialistas en Podolog\u00eda en Forest Hills, Queens, NY","og_description":"Cuando tengas problemas en el pie o el tobillo, es hora de que visites a nuestro pod\u00f3logo del Centro de Diagn\u00f3stico y Tratamiento Medex de Forest Hills, Queens, NY. Si el m\u00e9dico determina que tu dolor de pies se debe a problemas biomec\u00e1nicos, puedes pedir plantillas ortop\u00e9dicas, que son plantillas hechas a medida y con receta m\u00e9dica.","og_url":"https:\/\/www.medexdtc.com\/es\/orthotics\/","og_site_name":"Medex Diagnostic and Treatment Center - Queens Medical Center - Medical Clinic in Forest Hills, NY","article_publisher":"https:\/\/www.facebook.com\/medexny","twitter_card":"summary_large_image","twitter_site":"@DtcMedex","twitter_misc":{"Tiempo de lectura":"6 minutos"},"schema":{"@context":"https:\/\/schema.org","@graph":[{"@type":"WebPage","@id":"https:\/\/www.medexdtc.com\/es\/orthotics\/","url":"https:\/\/www.medexdtc.com\/es\/orthotics\/","name":"Ortesis a Medida | Los Mejores Especialistas en Podolog\u00eda en Forest Hills, Queens, NY","isPartOf":{"@id":"https:\/\/www.medexdtc.com\/es\/#website"},"datePublished":"2020-08-05T18:37:00+00:00","description":"Cuando tengas problemas en el pie o el tobillo, es hora de que visites a nuestro pod\u00f3logo del Centro de Diagn\u00f3stico y Tratamiento Medex de Forest Hills, Queens, NY. Si el m\u00e9dico determina que tu dolor de pies se debe a problemas biomec\u00e1nicos, puedes pedir plantillas ortop\u00e9dicas, que son plantillas hechas a medida y con receta m\u00e9dica.","breadcrumb":{"@id":"https:\/\/www.medexdtc.com\/es\/orthotics\/#breadcrumb"},"inLanguage":"es","potentialAction":[{"@type":"ReadAction","target":["https:\/\/www.medexdtc.com\/es\/orthotics\/"]}]},{"@type":"BreadcrumbList","@id":"https:\/\/www.medexdtc.com\/es\/orthotics\/#breadcrumb","itemListElement":[{"@type":"ListItem","position":1,"name":"Home","item":"https:\/\/www.medexdtc.com\/es\/"},{"@type":"ListItem","position":2,"name":"Ortesis"}]},{"@type":"WebSite","@id":"https:\/\/www.medexdtc.com\/es\/#website","url":"https:\/\/www.medexdtc.com\/es\/","name":"Medex DTC","description":"Medex Diagnostic and Treatment Center is a Medical Center in Queens, NY is a dynamic multi-specialty clinic. Physicians delivering high quality individualized care in Forest Hills, Queens, NY.","publisher":{"@id":"https:\/\/www.medexdtc.com\/es\/#organization"},"potentialAction":[{"@type":"SearchAction","target":{"@type":"EntryPoint","urlTemplate":"https:\/\/www.medexdtc.com\/es\/?s={search_term_string}"},"query-input":{"@type":"PropertyValueSpecification","valueRequired":true,"valueName":"search_term_string"}}],"inLanguage":"es"},{"@type":"Organization","@id":"https:\/\/www.medexdtc.com\/es\/#organization","name":"Medex DCT","url":"https:\/\/www.medexdtc.com\/es\/","logo":{"@type":"ImageObject","inLanguage":"es","@id":"https:\/\/www.medexdtc.com\/es\/#\/schema\/logo\/image\/","url":"https:\/\/www.medexdtc.com\/wp-content\/uploads\/2024\/11\/medex-diagnostic-and-treatment-center-in-queens-NY.png","contentUrl":"https:\/\/www.medexdtc.com\/wp-content\/uploads\/2024\/11\/medex-diagnostic-and-treatment-center-in-queens-NY.png","width":226,"height":47,"caption":"Medex DCT"},"image":{"@id":"https:\/\/www.medexdtc.com\/es\/#\/schema\/logo\/image\/"},"sameAs":["https:\/\/www.facebook.com\/medexny","https:\/\/x.com\/DtcMedex","https:\/\/www.instagram.com\/medexdtc\/","https:\/\/www.linkedin.com\/company\/medex-diagnostic-and-treatment-center\/about\/"]}]}},"jetpack_sharing_enabled":true,"_links":{"self":[{"href":"https:\/\/www.medexdtc.com\/es\/wp-json\/wp\/v2\/pages\/6264","targetHints":{"allow":["GET"]}}],"collection":[{"href":"https:\/\/www.medexdtc.com\/es\/wp-json\/wp\/v2\/pages"}],"about":[{"href":"https:\/\/www.medexdtc.com\/es\/wp-json\/wp\/v2\/types\/page"}],"author":[{"embeddable":true,"href":"https:\/\/www.medexdtc.com\/es\/wp-json\/wp\/v2\/users\/3"}],"replies":[{"embeddable":true,"href":"https:\/\/www.medexdtc.com\/es\/wp-json\/wp\/v2\/comments?post=6264"}],"version-history":[{"count":0,"href":"https:\/\/www.medexdtc.com\/es\/wp-json\/wp\/v2\/pages\/6264\/revisions"}],"wp:attachment":[{"href":"https:\/\/www.medexdtc.com\/es\/wp-json\/wp\/v2\/media?parent=6264"}],"curies":[{"name":"wp","href":"https:\/\/api.w.org\/{rel}","templated":true}]}}