{"id":6277,"date":"2025-04-14T05:08:31","date_gmt":"2025-04-14T00:08:31","guid":{"rendered":"https:\/\/www.medexdtc.com\/servicios-medicos-sin-culpa\/"},"modified":"2025-09-15T04:27:29","modified_gmt":"2025-09-14T23:27:29","slug":"no-fault-medical-services","status":"publish","type":"page","link":"https:\/\/www.medexdtc.com\/es\/no-fault-medical-services\/","title":{"rendered":"Servicios m\u00e9dicos sin culpa"},"content":{"rendered":"<p>Ofrecemos una completa variedad de servicios de diagn\u00f3stico y tratamiento a pacientes implicados en accidentes de tr\u00e1fico en el estado de Nueva York.<\/p><h2 class=\"wp-block-heading\">Nuestros servicios<\/h2><p>Ofrecemos una variedad de servicios de diagn\u00f3stico y tratamiento para nuestros pacientes<\/p><h3 class=\"wp-block-heading\">Medicina f\u00edsica y rehabilitaci\u00f3n<\/h3><p>Algunas lesiones por accidente de tr\u00e1fico son leves y puedes recuperarte en unos d\u00edas sin mucho esfuerzo. Luego est\u00e1n las lesiones graves, en las que el tiempo de recuperaci\u00f3n se mide en meses. Si has sufrido una lesi\u00f3n grave a causa de un accidente de tr\u00e1fico, una de las especialidades de nuestra cl\u00ednica es la medicina f\u00edsica y la rehabilitaci\u00f3n. Trabajaremos juntos para ayudarte a recuperar toda la fuerza posible durante tu recuperaci\u00f3n.   <\/p><h3 class=\"wp-block-heading\">Neurolog\u00eda<\/h3><p>Las lesiones en la cabeza son frecuentes en los accidentes de autom\u00f3vil. Incluso los efectos de lesiones similares a un latigazo cervical pueden crear s\u00edntomas en el sistema nervioso central. Si experimentas entumecimiento, sensaci\u00f3n de hormigueo o debilidad muscular tras un accidente, te conviene concertar enseguida una cita con un m\u00e9dico de esta especialidad.  <\/p><h3 class=\"wp-block-heading\">Tratamiento del dolor<\/h3><p>Los accidentes de coche de cualquier tipo pueden ser bastante dolorosos. Si la medicaci\u00f3n sin receta no te ayuda a controlar el dolor, puede ser necesaria una cita para evaluar tu estado. Ten en cuenta los plazos de solicitud de asistencia sin culpa cuando busques atenci\u00f3n m\u00e9dica, sobre todo si se produce alg\u00fan tiempo despu\u00e9s del accidente. Trabajaremos juntos para asegurarnos de que puedas centrarte en recuperarte en lugar de centrarte en el dolor.   <\/p><h3 class=\"wp-block-heading\">Ortopedia<\/h3><p>Las lesiones articulares son muy frecuentes en los accidentes de tr\u00e1fico. Las lesiones \u00f3seas tambi\u00e9n son frecuentes. Las fracturas \u00f3seas deben tratarse siempre como una urgencia m\u00e9dica. Pero incluso las distensiones o esguinces pueden ser muy dolorosas tras un accidente. Nuestros m\u00e9dicos examinar\u00e1n detenidamente tu lesi\u00f3n, te recomendar\u00e1n un tratamiento inmediato y colaborar\u00e1n contigo para elaborar un plan de tratamiento que reduzca tus molestias.    <\/p><h3 class=\"wp-block-heading\">Medicina interna<\/h3><p>Las lesiones internas son frecuentes tras un accidente de tr\u00e1fico. Algunas lesiones pueden no llegar a ser molestas durante d\u00edas, a veces semanas, despu\u00e9s de un accidente. Tu plan de cuidados posaccidente debe incluir al menos una cita con un especialista interno, para que puedas saber cu\u00e1l es el estado general de tu salud.  <\/p><h3 class=\"wp-block-heading\">Podolog\u00eda<\/h3><p>Las lesiones en los pies ocurren m\u00e1s a menudo de lo que crees en los accidentes de tr\u00e1fico. Muchas est\u00e1n causadas por el impacto inesperado, aunque pueden desarrollarse diversas afecciones durante tu recuperaci\u00f3n tras el accidente. Nuestros m\u00e9dicos te examinar\u00e1n los pies para determinar si es necesario un tratamiento correctivo y te proporcionar\u00e1n las correcciones necesarias en consulta.  <\/p><h3 class=\"wp-block-heading\">Estamos especializados en prestar la atenci\u00f3n m\u00e9dica post-accidente de m\u00e1xima calidad que necesitas para recuperarte lo mejor posible.<\/h3><p>Sufrir un accidente de tr\u00e1fico ya da bastante miedo. Encontrar la atenci\u00f3n adecuada que requiere tu salud no debe a\u00f1adir estr\u00e9s a tu experiencia. Ven a conocer a nuestro equipo de m\u00e9dicos, encuentra la atenci\u00f3n especializada que necesitas y trabajemos juntos para que tu vida vuelva a parecerse a la normalidad.  <\/p><p>Programa tu cita hoy mismo en el (718) 260-6590.<\/p>","protected":false},"excerpt":{"rendered":"<p>Ofrecemos una completa variedad de servicios de diagn\u00f3stico y tratamiento a pacientes implicados en accidentes de tr\u00e1fico en el estado de Nueva York. Nuestros servicios Ofrecemos una variedad de servicios de diagn\u00f3stico y tratamiento para nuestros pacientes Medicina f\u00edsica y rehabilitaci\u00f3n Algunas lesiones por accidente de tr\u00e1fico son leves y puedes recuperarte en unos d\u00edas &hellip; <\/p>\n<p class=\"link-more\"><a href=\"https:\/\/www.medexdtc.com\/es\/no-fault-medical-services\/\" class=\"more-link\">Continue reading<span class=\"screen-reader-text\"> \u00abServicios m\u00e9dicos sin culpa\u00bb<\/span><\/a><\/p>\n","protected":false},"author":3,"featured_media":0,"parent":0,"menu_order":0,"comment_status":"closed","ping_status":"closed","template":"new_inner.php","meta":{"_acf_changed":false,"footnotes":""},"class_list":["post-6277","page","type-page","status-publish","hentry"],"acf":[],"yoast_head":"<!-- This site is optimized with the Yoast SEO plugin v27.5 - https:\/\/yoast.com\/product\/yoast-seo-wordpress\/ -->\n<title>Servicios M\u00e9dicos Sin Culpa | M\u00e9dico Sin Culpa Queens<\/title>\n<meta name=\"description\" content=\"En No-Fault Doctor Queens ofrecemos una gran variedad de servicios de diagn\u00f3stico y tratamiento para nuestros pacientes. Nos especializamos en prestar atenci\u00f3n m\u00e9dica de m\u00e1xima calidad tras un accidente para lograr la m\u00e1xima recuperaci\u00f3n posible. Ofrecemos una completa variedad de servicios de diagn\u00f3stico y tratamiento a los pacientes implicados en accidentes de tr\u00e1fico en el estado de Nueva York.\" \/>\n<meta name=\"robots\" content=\"index, follow, max-snippet:-1, max-image-preview:large, max-video-preview:-1\" \/>\n<link rel=\"canonical\" href=\"https:\/\/www.medexdtc.com\/es\/no-fault-medical-services\/\" \/>\n<meta property=\"og:locale\" content=\"es_ES\" \/>\n<meta property=\"og:type\" content=\"article\" \/>\n<meta property=\"og:title\" content=\"Servicios M\u00e9dicos Sin Culpa | M\u00e9dico Sin Culpa Queens\" \/>\n<meta property=\"og:description\" content=\"En No-Fault Doctor Queens ofrecemos una gran variedad de servicios de diagn\u00f3stico y tratamiento para nuestros pacientes. Nos especializamos en prestar atenci\u00f3n m\u00e9dica de m\u00e1xima calidad tras un accidente para lograr la m\u00e1xima recuperaci\u00f3n posible. Ofrecemos una completa variedad de servicios de diagn\u00f3stico y tratamiento a los pacientes implicados en accidentes de tr\u00e1fico en el estado de Nueva York.\" \/>\n<meta property=\"og:url\" content=\"https:\/\/www.medexdtc.com\/es\/no-fault-medical-services\/\" \/>\n<meta property=\"og:site_name\" content=\"Medex Diagnostic and Treatment Center - Queens Medical Center - Medical Clinic in Forest Hills, NY\" \/>\n<meta property=\"article:publisher\" content=\"https:\/\/www.facebook.com\/medexny\" \/>\n<meta property=\"article:modified_time\" content=\"2025-09-14T23:27:29+00:00\" \/>\n<meta name=\"twitter:card\" content=\"summary_large_image\" \/>\n<meta name=\"twitter:site\" content=\"@DtcMedex\" \/>\n<meta name=\"twitter:label1\" content=\"Tiempo de lectura\" \/>\n\t<meta name=\"twitter:data1\" content=\"3 minutos\" \/>\n<!-- \/ Yoast SEO plugin. -->","yoast_head_json":{"title":"Servicios M\u00e9dicos Sin Culpa | M\u00e9dico Sin Culpa Queens","description":"En No-Fault Doctor Queens ofrecemos una gran variedad de servicios de diagn\u00f3stico y tratamiento para nuestros pacientes. Nos especializamos en prestar atenci\u00f3n m\u00e9dica de m\u00e1xima calidad tras un accidente para lograr la m\u00e1xima recuperaci\u00f3n posible. Ofrecemos una completa variedad de servicios de diagn\u00f3stico y tratamiento a los pacientes implicados en accidentes de tr\u00e1fico en el estado de Nueva York.","robots":{"index":"index","follow":"follow","max-snippet":"max-snippet:-1","max-image-preview":"max-image-preview:large","max-video-preview":"max-video-preview:-1"},"canonical":"https:\/\/www.medexdtc.com\/es\/no-fault-medical-services\/","og_locale":"es_ES","og_type":"article","og_title":"Servicios M\u00e9dicos Sin Culpa | M\u00e9dico Sin Culpa Queens","og_description":"En No-Fault Doctor Queens ofrecemos una gran variedad de servicios de diagn\u00f3stico y tratamiento para nuestros pacientes. Nos especializamos en prestar atenci\u00f3n m\u00e9dica de m\u00e1xima calidad tras un accidente para lograr la m\u00e1xima recuperaci\u00f3n posible. Ofrecemos una completa variedad de servicios de diagn\u00f3stico y tratamiento a los pacientes implicados en accidentes de tr\u00e1fico en el estado de Nueva York.","og_url":"https:\/\/www.medexdtc.com\/es\/no-fault-medical-services\/","og_site_name":"Medex Diagnostic and Treatment Center - Queens Medical Center - Medical Clinic in Forest Hills, NY","article_publisher":"https:\/\/www.facebook.com\/medexny","article_modified_time":"2025-09-14T23:27:29+00:00","twitter_card":"summary_large_image","twitter_site":"@DtcMedex","twitter_misc":{"Tiempo de lectura":"3 minutos"},"schema":{"@context":"https:\/\/schema.org","@graph":[{"@type":"WebPage","@id":"https:\/\/www.medexdtc.com\/es\/no-fault-medical-services\/","url":"https:\/\/www.medexdtc.com\/es\/no-fault-medical-services\/","name":"Servicios M\u00e9dicos Sin Culpa | M\u00e9dico Sin Culpa Queens","isPartOf":{"@id":"https:\/\/www.medexdtc.com\/es\/#website"},"datePublished":"2025-04-14T00:08:31+00:00","dateModified":"2025-09-14T23:27:29+00:00","description":"En No-Fault Doctor Queens ofrecemos una gran variedad de servicios de diagn\u00f3stico y tratamiento para nuestros pacientes. Nos especializamos en prestar atenci\u00f3n m\u00e9dica de m\u00e1xima calidad tras un accidente para lograr la m\u00e1xima recuperaci\u00f3n posible. Ofrecemos una completa variedad de servicios de diagn\u00f3stico y tratamiento a los pacientes implicados en accidentes de tr\u00e1fico en el estado de Nueva York.","breadcrumb":{"@id":"https:\/\/www.medexdtc.com\/es\/no-fault-medical-services\/#breadcrumb"},"inLanguage":"es","potentialAction":[{"@type":"ReadAction","target":["https:\/\/www.medexdtc.com\/es\/no-fault-medical-services\/"]}]},{"@type":"BreadcrumbList","@id":"https:\/\/www.medexdtc.com\/es\/no-fault-medical-services\/#breadcrumb","itemListElement":[{"@type":"ListItem","position":1,"name":"Home","item":"https:\/\/www.medexdtc.com\/es\/"},{"@type":"ListItem","position":2,"name":"Servicios m\u00e9dicos sin culpa"}]},{"@type":"WebSite","@id":"https:\/\/www.medexdtc.com\/es\/#website","url":"https:\/\/www.medexdtc.com\/es\/","name":"Medex DTC","description":"Medex Diagnostic and Treatment Center is a Medical Center in Queens, NY is a dynamic multi-specialty clinic. Physicians delivering high quality individualized care in Forest Hills, Queens, NY.","publisher":{"@id":"https:\/\/www.medexdtc.com\/es\/#organization"},"potentialAction":[{"@type":"SearchAction","target":{"@type":"EntryPoint","urlTemplate":"https:\/\/www.medexdtc.com\/es\/?s={search_term_string}"},"query-input":{"@type":"PropertyValueSpecification","valueRequired":true,"valueName":"search_term_string"}}],"inLanguage":"es"},{"@type":"Organization","@id":"https:\/\/www.medexdtc.com\/es\/#organization","name":"Medex DCT","url":"https:\/\/www.medexdtc.com\/es\/","logo":{"@type":"ImageObject","inLanguage":"es","@id":"https:\/\/www.medexdtc.com\/es\/#\/schema\/logo\/image\/","url":"https:\/\/www.medexdtc.com\/wp-content\/uploads\/2024\/11\/medex-diagnostic-and-treatment-center-in-queens-NY.png","contentUrl":"https:\/\/www.medexdtc.com\/wp-content\/uploads\/2024\/11\/medex-diagnostic-and-treatment-center-in-queens-NY.png","width":226,"height":47,"caption":"Medex DCT"},"image":{"@id":"https:\/\/www.medexdtc.com\/es\/#\/schema\/logo\/image\/"},"sameAs":["https:\/\/www.facebook.com\/medexny","https:\/\/x.com\/DtcMedex","https:\/\/www.instagram.com\/medexdtc\/","https:\/\/www.linkedin.com\/company\/medex-diagnostic-and-treatment-center\/about\/"]}]}},"jetpack_sharing_enabled":true,"_links":{"self":[{"href":"https:\/\/www.medexdtc.com\/es\/wp-json\/wp\/v2\/pages\/6277","targetHints":{"allow":["GET"]}}],"collection":[{"href":"https:\/\/www.medexdtc.com\/es\/wp-json\/wp\/v2\/pages"}],"about":[{"href":"https:\/\/www.medexdtc.com\/es\/wp-json\/wp\/v2\/types\/page"}],"author":[{"embeddable":true,"href":"https:\/\/www.medexdtc.com\/es\/wp-json\/wp\/v2\/users\/3"}],"replies":[{"embeddable":true,"href":"https:\/\/www.medexdtc.com\/es\/wp-json\/wp\/v2\/comments?post=6277"}],"version-history":[{"count":1,"href":"https:\/\/www.medexdtc.com\/es\/wp-json\/wp\/v2\/pages\/6277\/revisions"}],"predecessor-version":[{"id":6280,"href":"https:\/\/www.medexdtc.com\/es\/wp-json\/wp\/v2\/pages\/6277\/revisions\/6280"}],"wp:attachment":[{"href":"https:\/\/www.medexdtc.com\/es\/wp-json\/wp\/v2\/media?parent=6277"}],"curies":[{"name":"wp","href":"https:\/\/api.w.org\/{rel}","templated":true}]}}