{"id":6279,"date":"2025-04-07T05:19:14","date_gmt":"2025-04-07T00:19:14","guid":{"rendered":"https:\/\/www.medexdtc.com\/doctor-sin-culpa-queens-ny-atencion-sin-culpa\/"},"modified":"2025-11-09T23:52:29","modified_gmt":"2025-11-09T18:52:29","slug":"no-fault-doctor-queens-ny-no-fault-care","status":"publish","type":"page","link":"https:\/\/www.medexdtc.com\/es\/no-fault-doctor-queens-ny-no-fault-care\/","title":{"rendered":"Doctor Sin Culpa Queens NY: Atenci\u00f3n Sin Culpa"},"content":{"rendered":"<h2 class=\"wp-block-heading\">Gracias por visitar No Fault Doctor Queens<\/h2><h3 class=\"wp-block-heading\">Te tratamos con una atenci\u00f3n constante.<\/h3><p>Las lesiones de un accidente de tr\u00e1fico pueden ser graves y requerir tratamiento inmediato. Siempre debes buscar <a href=\"https:\/\/www.medexdtc.com\/es\/no-fault-medical-services\/\">atenci\u00f3n m\u00e9dica inmediatamente despu\u00e9s de un accidente<\/a>. Con un diagn\u00f3stico preciso y un tratamiento inmediato, puede reducirse el tiempo de recuperaci\u00f3n tras el accidente. Eso significa que el impacto de un accidente puede reducirse, permiti\u00e9ndote volver a tu familia y a tus responsabilidades m\u00e1s pronto que tarde. Deja que el equipo cualificado de nuestro consultorio m\u00e9dico sin culpa de Forest Hills, Queens, te ayude a emprender hoy mismo el camino hacia la recuperaci\u00f3n.    <\/p><figure class=\"wp-block-image size-large\"><img fetchpriority=\"high\" decoding=\"async\" width=\"1024\" height=\"201\" src=\"https:\/\/www.medexdtc.com\/wp-content\/uploads\/2025\/04\/Screen-Shot-2025-04-06-at-8.30.57-PM-1024x201.png\" alt=\"\" class=\"wp-image-4582\" srcset=\"https:\/\/www.medexdtc.com\/wp-content\/uploads\/2025\/04\/Screen-Shot-2025-04-06-at-8.30.57-PM-1024x201.png 1024w, https:\/\/www.medexdtc.com\/wp-content\/uploads\/2025\/04\/Screen-Shot-2025-04-06-at-8.30.57-PM-300x59.png 300w, https:\/\/www.medexdtc.com\/wp-content\/uploads\/2025\/04\/Screen-Shot-2025-04-06-at-8.30.57-PM-768x151.png 768w, https:\/\/www.medexdtc.com\/wp-content\/uploads\/2025\/04\/Screen-Shot-2025-04-06-at-8.30.57-PM-1536x302.png 1536w, https:\/\/www.medexdtc.com\/wp-content\/uploads\/2025\/04\/Screen-Shot-2025-04-06-at-8.30.57-PM-2048x402.png 2048w, https:\/\/www.medexdtc.com\/wp-content\/uploads\/2025\/04\/Screen-Shot-2025-04-06-at-8.30.57-PM-600x118.png 600w, https:\/\/www.medexdtc.com\/wp-content\/uploads\/2025\/04\/Screen-Shot-2025-04-06-at-8.30.57-PM-48x9.png 48w\" sizes=\"(max-width: 1024px) 100vw, 1024px\" \/><\/figure><h2 class=\"wp-block-heading\">Acerca de nuestra Cl\u00ednica Sin Culpa<\/h2><p>Nuestra <a href=\"https:\/\/www.medexdtc.com\/es\/no-fault-care-clinic-no-fault-doctor-queens\/\">cl\u00ednica de<\/a> accidentes sin culpa lleva m\u00e1s de 15 a\u00f1os ofreciendo servicios de accidentes sin culpa a nuestra comunidad. Como centro de diagn\u00f3stico y tratamiento de servicio completo, nos centramos en ti y en tu recuperaci\u00f3n. Los accidentes graves de autom\u00f3vil pueden dejarte con lesiones agudas, dolor cr\u00f3nico y s\u00edntomas molestos incalculables. Trabajamos juntos para crear un plan de tratamiento que haga que te sientas mejor lo antes posible. As\u00ed podr\u00e1s volver al trabajo. La vida puede volver a sentirse normal.     <\/p><p>Nuestra cl\u00ednica sin culpa se enorgullece de ofrecer a nuestros pacientes aparcamiento gratuito y validado (hasta 2 horas).<\/p><h2 class=\"wp-block-heading\">Centro de Diagn\u00f3stico y Tratamiento Medex<\/h2><h3 class=\"wp-block-heading\">Hemos construido una relaci\u00f3n duradera basada en la confianza<\/h3><p><a href=\"https:\/\/www.medexdtc.com\/es\/meet-the-no-fault-practice-doctors-no-fault-doctor-queens\/\">No-Fault Doctor Queens <\/a>ha servido profesionalmente a la comunidad de Forest Hills, NY como Medex Diagnostic and Treatment Center durante m\u00e1s de 15 a\u00f1os. Somos un centro de diagn\u00f3stico y tratamiento de servicio completo que se especializa en el tratamiento sin culpa de los pacientes que han sufrido un accidente automovil\u00edstico. <\/p><p>Todos los <a href=\"https:\/\/www.medexdtc.com\/es\/our-services-workers-compensation-doctor-queens\/\">servicios de No-Fault Doctor Queens <\/a>se ofrecen con apoyo ling\u00fc\u00edstico biling\u00fce. Nuestra cl\u00ednica ofrece servicios en ingl\u00e9s y espa\u00f1ol para garantizar que nuestra comunidad recibe la mejor atenci\u00f3n posible tras un accidente. Si sufres una lesi\u00f3n en cualquier momento tras un accidente, nuestro equipo cree que el idioma que hables no debe convertirse en una barrera para recibir tratamiento.    <\/p><div data-src=\"https:\/\/cdn.trustindex.io\/loader.js?37f5ac044b6e1146c6768056d5a\"><\/div><h3 class=\"wp-block-heading\">La Cl\u00ednica<\/h3><p>Nuestra cl\u00ednica comprende perfectamente cu\u00e1les son tus necesidades tras un accidente. Con m\u00e1s de 20 especialistas disponibles en el mismo lugar, nuestro equipo de m\u00e9dicos te garantiza un tratamiento profesional de tus lesiones. <\/p><p>Nos tomamos en serio tu atenci\u00f3n. Tanto si has sufrido un latigazo cervical, tienes dolor nervioso, sufres dolor articular o tienes un traumatismo que requiere tratamiento inmediato, nuestro equipo de especialistas se asegurar\u00e1 de que tu atenci\u00f3n sea precisa y eficaz. Incluso si s\u00f3lo tienes dolores corporales que no desaparecen, nuestros m\u00e9dicos te har\u00e1n un examen exhaustivo para determinar si hay alg\u00fan problema de salud que deba tratarse.  <\/p><p>Tienes 30 d\u00edas desde la fecha del accidente de coche para presentar una solicitud de cobertura sin culpa. En Nueva York, la solicitud sin culpa la proporciona el proveedor de seguros del coche o conductor que te lesion\u00f3. Si t\u00fa conduc\u00edas, tu p\u00f3liza dictar\u00e1 las opciones de cobertura. Debes rellenar el formulario NF-2.   <\/p><h4 class=\"wp-block-heading\">\u00a1Haz que eval\u00faen tu lesi\u00f3n!<\/h4><p>Acudir al m\u00e9dico o especialista adecuado es un componente cr\u00edtico de tu atenci\u00f3n posaccidente. Pide cita hoy mismo hablando con nuestro amable personal al <strong>(718) 260-6590<\/strong> o rellenando el formulario de solicitud. <\/p><h2 class=\"wp-block-heading\">Encuentra al mejor m\u00e9dico sin culpa cerca de ti &#8211; Conoce a nuestros m\u00e9dicos<\/h2><figure class=\"wp-block-image size-large\"><a href=\"https:\/\/www.medexdtc.com\/es\/medex-dtc-medicos-de-queens\/\"><img decoding=\"async\" width=\"1024\" height=\"694\" src=\"https:\/\/www.medexdtc.com\/wp-content\/uploads\/2025\/05\/medex-dtc-doctors-1024x694.jpg\" alt=\"Sin culpa M&#xE9;dicos Queens\" class=\"wp-image-4855\" srcset=\"https:\/\/www.medexdtc.com\/wp-content\/uploads\/2025\/05\/medex-dtc-doctors-1024x694.jpg 1024w, https:\/\/www.medexdtc.com\/wp-content\/uploads\/2025\/05\/medex-dtc-doctors-300x203.jpg 300w, https:\/\/www.medexdtc.com\/wp-content\/uploads\/2025\/05\/medex-dtc-doctors-768x520.jpg 768w, https:\/\/www.medexdtc.com\/wp-content\/uploads\/2025\/05\/medex-dtc-doctors-1536x1040.jpg 1536w, https:\/\/www.medexdtc.com\/wp-content\/uploads\/2025\/05\/medex-dtc-doctors-600x406.jpg 600w, https:\/\/www.medexdtc.com\/wp-content\/uploads\/2025\/05\/medex-dtc-doctors-48x33.jpg 48w, https:\/\/www.medexdtc.com\/wp-content\/uploads\/2025\/05\/medex-dtc-doctors.jpg 1720w\" sizes=\"(max-width: 1024px) 100vw, 1024px\" \/><\/a><\/figure><p>Tras un accidente de tr\u00e1fico grave en Nueva York, debes buscar atenci\u00f3n m\u00e9dica urgente de inmediato. Acudir a un m\u00e9dico sin culpa experimentado cerca de ti es crucial para tu salud y seguridad. Por ley, nuestro consultorio m\u00e9dico sin culpa acepta pagos sin culpa. Facturamos directamente al seguro sin culpa, eliminando una preocupaci\u00f3n m\u00e1s de tu recuperaci\u00f3n tras el accidente. Eso significa que puedes centrarte en tu recuperaci\u00f3n sin tratar de encontrar los fondos necesarios para pagar tus citas, medicamentos y otras necesidades posteriores al accidente. Nuestro objetivo es proporcionarte la atenci\u00f3n r\u00e1pida que necesitas tras sufrir un accidente de tr\u00e1fico.       <\/p><h2 class=\"wp-block-heading\">Lesiones y tratamiento<\/h2><p>Las lesiones que puedes sufrir a causa de un accidente de tr\u00e1fico pueden ser numerosas. Las lesiones m\u00e1s frecuentes por accidente son las de tejidos blandos, como esguinces, distensiones y tirones. Una lesi\u00f3n de este tipo implica alg\u00fan tipo de da\u00f1o en los ligamentos, tendones y m\u00fasculos. \u00c9stos son tus tejidos conjuntivos.   <\/p><p>Las lesiones de tipo latigazo cervical, que afectan al cuello y a la parte superior de la espalda, son uno de los tipos m\u00e1s frecuentes de lesiones de tejidos blandos que nuestra cl\u00ednica atiende en las consultas posteriores a un accidente.<\/p><ul class=\"wp-block-list\"><li><strong>Estamos situados en las l\u00edneas de autob\u00fas QM18 y Q60.<\/strong><\/li>\n\n<li><strong>Estamos en la Avenida 75 (E,F) del metro.<\/strong><\/li>\n\n<li><strong>Ofrecemos aparcamiento validado gratuito para quienes se desplacen en coche hasta nuestro local.<\/strong><\/li><\/ul><p>Entendemos que los accidentes son inevitables. Estar implicado en uno puede ser una experiencia devastadora, sobre todo si has sufrido lesiones durante el mismo. Desde que se promulg\u00f3 la ley de no culpabilidad en los a\u00f1os 70, las compa\u00f1\u00edas de seguros est\u00e1n obligadas en Nueva York a pagar los gastos m\u00e9dicos leg\u00edtimos relacionados con un accidente de tr\u00e1fico.  <\/p><p>Nueva York es uno de los 12 estados que ofrecen cobertura sin culpa.<\/p><h3 class=\"wp-block-heading\">Seguro sin culpa<\/h3><p>Tienes 30 d\u00edas desde la fecha del accidente de coche para presentar una solicitud de cobertura sin culpa. En Nueva York, la solicitud sin culpa la proporciona el proveedor de seguros del coche o conductor que te lesion\u00f3. Si t\u00fa conduc\u00edas, tu p\u00f3liza dictar\u00e1 las opciones de cobertura. Debes rellenar el formulario NF-2.   <\/p><p>Todas las p\u00f3lizas de seguro de Nueva York deben proporcionar un m\u00ednimo de 50.000 $ en prestaciones sin culpa. Aunque la culpa del accidente sea tuya al 100%, siempre que te hayas lesionado con un veh\u00edculo motorizado en Nueva York, con la excepci\u00f3n de que el veh\u00edculo sea una motocicleta, es probable que tengas derecho a recibir prestaciones sin culpa. <\/p><p>Las compa\u00f1\u00edas de seguros de Nueva York tienen derecho a enviarte al m\u00e9dico que elijan para que te diagnostique o te trate. Nuestro equipo proporciona la atenci\u00f3n inmediata que puedas necesitar. Tambi\u00e9n proporcionamos tratamientos precisos sin culpa de las remisiones de las compa\u00f1\u00edas de seguros. A nuestros m\u00e9dicos les preocupa m\u00e1s c\u00f3mo te sientes que lo que piense una compa\u00f1\u00eda de seguros.   <\/p><h3 class=\"wp-block-heading\">C\u00f3mo podemos ayudarte<\/h3><p>Por ley, nuestro centro de diagn\u00f3stico y tratamiento acepta pagos sin culpa. Facturamos directamente al seguro sin culpa, eliminando una preocupaci\u00f3n m\u00e1s de tu recuperaci\u00f3n tras el accidente. Eso significa que puedes centrarte en tu recuperaci\u00f3n sin tratar de encontrar los fondos necesarios para pagar tus citas, medicamentos y otras necesidades posteriores al accidente.  <\/p><p>Si has sufrido una lesi\u00f3n a causa de un accidente de tr\u00e1fico que cumpla los requisitos, aseg\u00farate de recibir la atenci\u00f3n que necesitas. En No-Fault <a href=\"https:\/\/www.medexdtc.com\/es\/primary-care\/\">Doctor Queens<\/a>, nuestra cl\u00ednica trabajar\u00e1 duro en tu nombre para que tu vida vuelva a la normalidad lo antes posible. <\/p><p>Nuestro objetivo es proporcionarte la atenci\u00f3n expeditiva que necesitas tras sufrir un accidente de tr\u00e1fico. Queremos que te recuperes lo mejor posible. Tratar con las compa\u00f1\u00edas de seguros y todo ese papeleo ya es bastante duro. Recibir un plan de tratamiento adecuado y un diagn\u00f3stico preciso no deber\u00eda a\u00f1adir estr\u00e9s a tu d\u00eda a d\u00eda.   <\/p><p><em><strong>El Centro de Diagn\u00f3stico y Tratamiento Medex trabaja contigo para garantizar que siempre tengas acceso al tratamiento y los cuidados que necesitas para recuperarte lo mejor posible. Un accidente de coche en Nueva York puede ser una experiencia devastadora. Deja que te ayudemos a empezar a sentirte mejor si has sufrido un accidente reciente. Programa tu cita con nuestro equipo hoy mismo.   <\/strong><\/em><\/p><h3 class=\"wp-block-heading\">Contin\u00faa leyendo:<\/h3><p><a href=\"https:\/\/www.medexdtc.com\/es\/7-questions-to-ask-your-doctor-when-seeking-no-fault-care\/\">7 preguntas que debes hacer a tu m\u00e9dico cuando busques asistencia sin culpa<\/a><\/p><p><a href=\"https:\/\/www.medexdtc.com\/es\/what-is-no-fault-insurance-in-new-york-state\/\">Seguro sin culpa en el estado de Nueva York<\/a><\/p><p><a href=\"https:\/\/www.medexdtc.com\/es\/new-york-auto-accident-statistics\/\">Estad\u00edsticas de accidentes de tr\u00e1fico en Nueva York<\/a><\/p><p><a href=\"https:\/\/www.medexdtc.com\/es\/who-pays-for-care-in-no-fault-injury-cases\/\">\u00bfQui\u00e9n paga los cuidados en los casos de lesiones sin culpa?<\/a><\/p><p><a href=\"https:\/\/www.medexdtc.com\/es\/what-to-do-if-youre-in-an-auto-accident-in-new-york-state\/\">\u00bfQu\u00e9 hacer si tienes un accidente de tr\u00e1fico en el estado de Nueva York?<\/a><\/p><p><a href=\"https:\/\/www.medexdtc.com\/es\/whiplash-injuries-common-bothersome-signs-and-symptoms\/\">Lesiones por latigazo cervical: Signos y S\u00edntomas Molestos Comunes<\/a><\/p><h2 class=\"wp-block-heading\">PREGUNTAS FRECUENTES<\/h2><h3 class=\"wp-block-heading\">\u00bfCu\u00e1nto tiempo hay que esperar en tu cl\u00ednica?<\/h3><p>Pedimos a los nuevos pacientes que intenten llegar unos 30 minutos antes de su primera cita. Esto nos da tiempo suficiente para solucionar los problemas de papeleo antes de que te instales para tu cita. <\/p><p>El objetivo de nuestra cl\u00ednica es proporcionarte el examen y el tratamiento que puedas necesitar en el momento oportuno. Nos esforzamos por cumplir nuestro horario porque sabemos lo valioso que es tu tiempo. Cuando se producen retrasos, hacemos todo lo posible para que no superen los 30-45 minutos.  <\/p><p>Para reducir el impacto de los posibles retrasos, te recomendamos encarecidamente que conciertes tu cita sin falta a primera hora del d\u00eda o justo despu\u00e9s de comer.<\/p><h3 class=\"wp-block-heading\">\u00bfCu\u00e1l es tu experiencia general?<\/h3><p>Cada m\u00e9dico de nuestra cl\u00ednica aporta sus propias experiencias, ofreciendo un tratamiento individualizado en diversas disciplinas. Nuestra cl\u00ednica lleva m\u00e1s de 15 a\u00f1os al servicio de Forest Hills. <\/p><h3 class=\"wp-block-heading\">Las cr\u00edticas en Internet dicen que est\u00e1is muy ocupados&#8230; \u00bfcu\u00e1nta gente hay realmente a la vez?<\/h3><p>Ten en cuenta que nuestro equipo de m\u00e9dicos presta <a href=\"https:\/\/www.medexdtc.com\/es\/especialidades-medicas\/\">servicios especializados<\/a> en m\u00e1s de <a href=\"https:\/\/www.medexdtc.com\/es\/especialidades-medicas\/\">20 disciplinas m\u00e9dicas<\/a>. Cada uno mantiene su propio horario de citas. La mayor\u00eda de las citas duran entre 15 y 45 minutos. Eso significa que habr\u00e1 m\u00e1s de 20 personas, en un momento dado, siendo atendidas para su cita.   <\/p><p>Tambi\u00e9n habr\u00e1 entre 10 y 20 personas que lleguen pronto para rellenar su papeleo. Un n\u00famero similar puede estar esperando tambi\u00e9n su cita, sobre todo en las horas de m\u00e1s trabajo, por la ma\u00f1ana y por la tarde. <\/p><p>Entendemos que una sala de espera concurrida puede ser molesta, sobre todo si tienes una lesi\u00f3n dolorosa o una afecci\u00f3n derivada de un accidente de tr\u00e1fico. Cuando conciertes tu cita, dinos si necesitas alguna adaptaci\u00f3n especial, y haremos todo lo posible por minimizar el impacto que sientas en este \u00e1mbito. <\/p><h3 class=\"wp-block-heading\">\u00bfTengo que utilizar mi seguro personal?<\/h3><p>No. Si tienes una <a href=\"https:\/\/www.medexdtc.com\/es\/book-your-no-fault-doctor-appointment\/\">cita con el m\u00e9dico sin culpa de Queens<\/a> por una lesi\u00f3n que cumpla los requisitos, tus servicios m\u00e9dicos est\u00e1n cubiertos por el seguro obligatorio que deben llevar todos los veh\u00edculos en el estado de Nueva York. <\/p><p>Sin embargo, si resultas lesionado en un accidente de tr\u00e1fico por un veh\u00edculo que no re\u00fane los requisitos, es posible que hablemos de tu seguro personal en el momento de tu visita. Con nuestra estructura actual, aceptamos m\u00e1s de 60 aseguradoras distintas. <\/p><p>En el improbable caso de que la asistencia por accidente de autom\u00f3vil deba pasar por tu seguro m\u00e9dico personal, entonces las estipulaciones de tu p\u00f3liza dictar\u00e1n el coste de la cobertura.<\/p><p>Nos centramos en tus necesidades m\u00e9dicas y no en las recomendaciones de un proveedor de seguros.<\/p><p>Si hay requisitos de documentaci\u00f3n espec\u00edficos asociados a tu caso, nuestra cl\u00ednica se asegurar\u00e1 de que el papeleo de cada visita cumpla tus minuciosas expectativas.<\/p><h3 class=\"wp-block-heading\">\u00bfPuedo solicitar atenci\u00f3n de urgencia en su cl\u00ednica tras un accidente de tr\u00e1fico?<\/h3><p>Si has sufrido una lesi\u00f3n que requiere tratamiento m\u00e9dico inmediato, nuestra cl\u00ednica te recomienda que acudas a <a href=\"https:\/\/www.medexdtc.com\/es\/atencion-urgente-en-queens-ny\/\">urgencias<\/a>.<\/p><p>El calendario de citas de cada m\u00e9dico de nuestra consulta es \u00fanico. Aunque tenemos citas libres en 48 horas para la mayor\u00eda de las especialidades, el tratamiento inmediato debe ser dispensado por un proveedor alternativo. <\/p><p>Sufrir una lesi\u00f3n a causa de un accidente de tr\u00e1fico puede ser doloroso y aterrador. Aseg\u00farate de buscar ayuda para tus necesidades sanitarias inmediatamente para garantizar el establecimiento de un plan de tratamiento \u00fatil. Programa tu cita llamando hoy mismo al (718) 260-6590 para ver a nuestro equipo de No-Fault Doctor Queens. As\u00ed podr\u00e1s volver a sentirte mejor.   <\/p><p><\/p>","protected":false},"excerpt":{"rendered":"<p>Gracias por visitar No Fault Doctor Queens Te tratamos con una atenci\u00f3n constante. Las lesiones de un accidente de tr\u00e1fico pueden ser graves y requerir tratamiento inmediato. Siempre debes buscar atenci\u00f3n m\u00e9dica inmediatamente despu\u00e9s de un accidente. Con un diagn\u00f3stico preciso y un tratamiento inmediato, puede reducirse el tiempo de recuperaci\u00f3n tras el accidente. Eso &hellip; <\/p>\n<p class=\"link-more\"><a href=\"https:\/\/www.medexdtc.com\/es\/no-fault-doctor-queens-ny-no-fault-care\/\" class=\"more-link\">Continue reading<span class=\"screen-reader-text\"> \u00abDoctor Sin Culpa Queens NY: Atenci\u00f3n Sin Culpa\u00bb<\/span><\/a><\/p>\n","protected":false},"author":3,"featured_media":0,"parent":0,"menu_order":0,"comment_status":"closed","ping_status":"closed","template":"new_inner.php","meta":{"_acf_changed":false,"footnotes":""},"class_list":["post-6279","page","type-page","status-publish","hentry"],"acf":[],"yoast_head":"<!-- This site is optimized with the Yoast SEO plugin v27.5 - https:\/\/yoast.com\/product\/yoast-seo-wordpress\/ -->\n<title>No Fault Doctor Queens NY | Llama al 718-260-6590<\/title>\n<meta name=\"description\" content=\"Nuestra cl\u00ednica sin culpa ha ofrecido servicios de accidentes sin culpa a nuestra comunidad durante m\u00e1s de 15 a\u00f1os. El mejor m\u00e9dico sin culpa de Queens, NY. Como centro de diagn\u00f3stico y tratamiento de servicio completo, nos centramos en ti y en tu recuperaci\u00f3n.\" \/>\n<meta name=\"robots\" content=\"index, follow, max-snippet:-1, max-image-preview:large, max-video-preview:-1\" \/>\n<link rel=\"canonical\" href=\"https:\/\/www.medexdtc.com\/es\/no-fault-doctor-queens-ny-no-fault-care\/\" \/>\n<meta property=\"og:locale\" content=\"es_ES\" \/>\n<meta property=\"og:type\" content=\"article\" \/>\n<meta property=\"og:title\" content=\"No Fault Doctor Queens NY | Llama al 718-260-6590\" \/>\n<meta property=\"og:description\" content=\"Nuestra cl\u00ednica sin culpa ha ofrecido servicios de accidentes sin culpa a nuestra comunidad durante m\u00e1s de 15 a\u00f1os. El mejor m\u00e9dico sin culpa de Queens, NY. Como centro de diagn\u00f3stico y tratamiento de servicio completo, nos centramos en ti y en tu recuperaci\u00f3n.\" \/>\n<meta property=\"og:url\" content=\"https:\/\/www.medexdtc.com\/es\/no-fault-doctor-queens-ny-no-fault-care\/\" \/>\n<meta property=\"og:site_name\" content=\"Medex Diagnostic and Treatment Center - Queens Medical Center - Medical Clinic in Forest Hills, NY\" \/>\n<meta property=\"article:publisher\" content=\"https:\/\/www.facebook.com\/medexny\" \/>\n<meta property=\"article:modified_time\" content=\"2025-11-09T18:52:29+00:00\" \/>\n<meta property=\"og:image\" content=\"https:\/\/www.medexdtc.com\/wp-content\/uploads\/2025\/04\/Screen-Shot-2025-04-06-at-8.30.57-PM.png\" \/>\n\t<meta property=\"og:image:width\" content=\"2723\" \/>\n\t<meta property=\"og:image:height\" content=\"535\" \/>\n\t<meta property=\"og:image:type\" content=\"image\/png\" \/>\n<meta name=\"twitter:card\" content=\"summary_large_image\" \/>\n<meta name=\"twitter:site\" content=\"@DtcMedex\" \/>\n<meta name=\"twitter:label1\" content=\"Tiempo de lectura\" \/>\n\t<meta name=\"twitter:data1\" content=\"10 minutos\" \/>\n<!-- \/ Yoast SEO plugin. -->","yoast_head_json":{"title":"No Fault Doctor Queens NY | Llama al 718-260-6590","description":"Nuestra cl\u00ednica sin culpa ha ofrecido servicios de accidentes sin culpa a nuestra comunidad durante m\u00e1s de 15 a\u00f1os. El mejor m\u00e9dico sin culpa de Queens, NY. Como centro de diagn\u00f3stico y tratamiento de servicio completo, nos centramos en ti y en tu recuperaci\u00f3n.","robots":{"index":"index","follow":"follow","max-snippet":"max-snippet:-1","max-image-preview":"max-image-preview:large","max-video-preview":"max-video-preview:-1"},"canonical":"https:\/\/www.medexdtc.com\/es\/no-fault-doctor-queens-ny-no-fault-care\/","og_locale":"es_ES","og_type":"article","og_title":"No Fault Doctor Queens NY | Llama al 718-260-6590","og_description":"Nuestra cl\u00ednica sin culpa ha ofrecido servicios de accidentes sin culpa a nuestra comunidad durante m\u00e1s de 15 a\u00f1os. El mejor m\u00e9dico sin culpa de Queens, NY. Como centro de diagn\u00f3stico y tratamiento de servicio completo, nos centramos en ti y en tu recuperaci\u00f3n.","og_url":"https:\/\/www.medexdtc.com\/es\/no-fault-doctor-queens-ny-no-fault-care\/","og_site_name":"Medex Diagnostic and Treatment Center - Queens Medical Center - Medical Clinic in Forest Hills, NY","article_publisher":"https:\/\/www.facebook.com\/medexny","article_modified_time":"2025-11-09T18:52:29+00:00","og_image":[{"width":2723,"height":535,"url":"https:\/\/www.medexdtc.com\/wp-content\/uploads\/2025\/04\/Screen-Shot-2025-04-06-at-8.30.57-PM.png","type":"image\/png"}],"twitter_card":"summary_large_image","twitter_site":"@DtcMedex","twitter_misc":{"Tiempo de lectura":"10 minutos"},"schema":{"@context":"https:\/\/schema.org","@graph":[{"@type":"WebPage","@id":"https:\/\/www.medexdtc.com\/es\/no-fault-doctor-queens-ny-no-fault-care\/","url":"https:\/\/www.medexdtc.com\/es\/no-fault-doctor-queens-ny-no-fault-care\/","name":"No Fault Doctor Queens NY | Llama al 718-260-6590","isPartOf":{"@id":"https:\/\/www.medexdtc.com\/es\/#website"},"primaryImageOfPage":{"@id":"https:\/\/www.medexdtc.com\/es\/no-fault-doctor-queens-ny-no-fault-care\/#primaryimage"},"image":{"@id":"https:\/\/www.medexdtc.com\/es\/no-fault-doctor-queens-ny-no-fault-care\/#primaryimage"},"thumbnailUrl":"https:\/\/www.medexdtc.com\/wp-content\/uploads\/2025\/04\/Screen-Shot-2025-04-06-at-8.30.57-PM-1024x201.png","datePublished":"2025-04-07T00:19:14+00:00","dateModified":"2025-11-09T18:52:29+00:00","description":"Nuestra cl\u00ednica sin culpa ha ofrecido servicios de accidentes sin culpa a nuestra comunidad durante m\u00e1s de 15 a\u00f1os. El mejor m\u00e9dico sin culpa de Queens, NY. Como centro de diagn\u00f3stico y tratamiento de servicio completo, nos centramos en ti y en tu recuperaci\u00f3n.","breadcrumb":{"@id":"https:\/\/www.medexdtc.com\/es\/no-fault-doctor-queens-ny-no-fault-care\/#breadcrumb"},"inLanguage":"es","potentialAction":[{"@type":"ReadAction","target":["https:\/\/www.medexdtc.com\/es\/no-fault-doctor-queens-ny-no-fault-care\/"]}]},{"@type":"ImageObject","inLanguage":"es","@id":"https:\/\/www.medexdtc.com\/es\/no-fault-doctor-queens-ny-no-fault-care\/#primaryimage","url":"https:\/\/www.medexdtc.com\/wp-content\/uploads\/2025\/04\/Screen-Shot-2025-04-06-at-8.30.57-PM-1024x201.png","contentUrl":"https:\/\/www.medexdtc.com\/wp-content\/uploads\/2025\/04\/Screen-Shot-2025-04-06-at-8.30.57-PM-1024x201.png"},{"@type":"BreadcrumbList","@id":"https:\/\/www.medexdtc.com\/es\/no-fault-doctor-queens-ny-no-fault-care\/#breadcrumb","itemListElement":[{"@type":"ListItem","position":1,"name":"Home","item":"https:\/\/www.medexdtc.com\/es\/"},{"@type":"ListItem","position":2,"name":"Doctor Sin Culpa Queens NY: Atenci\u00f3n Sin Culpa"}]},{"@type":"WebSite","@id":"https:\/\/www.medexdtc.com\/es\/#website","url":"https:\/\/www.medexdtc.com\/es\/","name":"Medex DTC","description":"Medex Diagnostic and Treatment Center is a Medical Center in Queens, NY is a dynamic multi-specialty clinic. Physicians delivering high quality individualized care in Forest Hills, Queens, NY.","publisher":{"@id":"https:\/\/www.medexdtc.com\/es\/#organization"},"potentialAction":[{"@type":"SearchAction","target":{"@type":"EntryPoint","urlTemplate":"https:\/\/www.medexdtc.com\/es\/?s={search_term_string}"},"query-input":{"@type":"PropertyValueSpecification","valueRequired":true,"valueName":"search_term_string"}}],"inLanguage":"es"},{"@type":"Organization","@id":"https:\/\/www.medexdtc.com\/es\/#organization","name":"Medex DCT","url":"https:\/\/www.medexdtc.com\/es\/","logo":{"@type":"ImageObject","inLanguage":"es","@id":"https:\/\/www.medexdtc.com\/es\/#\/schema\/logo\/image\/","url":"https:\/\/www.medexdtc.com\/wp-content\/uploads\/2024\/11\/medex-diagnostic-and-treatment-center-in-queens-NY.png","contentUrl":"https:\/\/www.medexdtc.com\/wp-content\/uploads\/2024\/11\/medex-diagnostic-and-treatment-center-in-queens-NY.png","width":226,"height":47,"caption":"Medex DCT"},"image":{"@id":"https:\/\/www.medexdtc.com\/es\/#\/schema\/logo\/image\/"},"sameAs":["https:\/\/www.facebook.com\/medexny","https:\/\/x.com\/DtcMedex","https:\/\/www.instagram.com\/medexdtc\/","https:\/\/www.linkedin.com\/company\/medex-diagnostic-and-treatment-center\/about\/"]}]}},"jetpack_sharing_enabled":true,"_links":{"self":[{"href":"https:\/\/www.medexdtc.com\/es\/wp-json\/wp\/v2\/pages\/6279","targetHints":{"allow":["GET"]}}],"collection":[{"href":"https:\/\/www.medexdtc.com\/es\/wp-json\/wp\/v2\/pages"}],"about":[{"href":"https:\/\/www.medexdtc.com\/es\/wp-json\/wp\/v2\/types\/page"}],"author":[{"embeddable":true,"href":"https:\/\/www.medexdtc.com\/es\/wp-json\/wp\/v2\/users\/3"}],"replies":[{"embeddable":true,"href":"https:\/\/www.medexdtc.com\/es\/wp-json\/wp\/v2\/comments?post=6279"}],"version-history":[{"count":5,"href":"https:\/\/www.medexdtc.com\/es\/wp-json\/wp\/v2\/pages\/6279\/revisions"}],"predecessor-version":[{"id":6626,"href":"https:\/\/www.medexdtc.com\/es\/wp-json\/wp\/v2\/pages\/6279\/revisions\/6626"}],"wp:attachment":[{"href":"https:\/\/www.medexdtc.com\/es\/wp-json\/wp\/v2\/media?parent=6279"}],"curies":[{"name":"wp","href":"https:\/\/api.w.org\/{rel}","templated":true}]}}