{"id":6285,"date":"2025-04-14T04:37:50","date_gmt":"2025-04-13T23:37:50","guid":{"rendered":"https:\/\/www.medexdtc.com\/clinica-no-fault-care-doctor-sin-culpa-queens\/"},"modified":"2025-09-15T04:27:29","modified_gmt":"2025-09-14T23:27:29","slug":"no-fault-care-clinic-no-fault-doctor-queens","status":"publish","type":"page","link":"https:\/\/www.medexdtc.com\/es\/no-fault-care-clinic-no-fault-doctor-queens\/","title":{"rendered":"Cl\u00ednica No-Fault Care. Doctor Sin Culpa Queens."},"content":{"rendered":"<p>Tu salud es siempre nuestra prioridad n\u00ba 1. Nuestro objetivo es proporcionarte la atenci\u00f3n r\u00e1pida que necesitas tras sufrir un accidente de tr\u00e1fico. Queremos que te recuperes lo mejor posible.  <\/p><h2 class=\"wp-block-heading\">Centro de Diagn\u00f3stico y Tratamiento Medex<\/h2><h3 class=\"wp-block-heading\">Hemos construido una relaci\u00f3n duradera basada en la confianza<\/h3><p>No-Fault Doctor Queens ha servido profesionalmente a la comunidad de Forest Hills, NY como Medex Diagnostic and Treatment Center durante m\u00e1s de 15 a\u00f1os. Somos un centro de diagn\u00f3stico y tratamiento de servicio completo que se especializa en el tratamiento sin culpa de los pacientes que han sufrido un accidente automovil\u00edstico. <\/p><p>Todos los servicios de No-Fault Doctor Queens se ofrecen con apoyo ling\u00fc\u00edstico biling\u00fce. Nuestra cl\u00ednica ofrece servicios en ingl\u00e9s y espa\u00f1ol para garantizar que nuestra comunidad recibe la mejor atenci\u00f3n posible tras un accidente. Si sufres una lesi\u00f3n en cualquier momento tras un accidente, nuestro equipo cree que el idioma que hables no debe convertirse en una barrera para recibir tratamiento.    <\/p><h3 class=\"wp-block-heading\">La Cl\u00ednica<\/h3><p>Nuestra cl\u00ednica comprende perfectamente cu\u00e1les son tus necesidades tras un accidente. Con m\u00e1s de 20 especialistas disponibles en el mismo lugar, nuestro equipo de m\u00e9dicos te garantiza un tratamiento profesional de tus lesiones. <\/p><p>Nos tomamos en serio tu atenci\u00f3n. Tanto si has sufrido un latigazo cervical, tienes dolor nervioso, sufres dolor articular o tienes un traumatismo que requiere tratamiento inmediato, nuestro equipo de especialistas se asegurar\u00e1 de que tu atenci\u00f3n sea precisa y eficaz. Incluso si s\u00f3lo tienes dolores corporales que no desaparecen, nuestros m\u00e9dicos te har\u00e1n un examen exhaustivo para determinar si hay alg\u00fan problema de salud que deba tratarse.  <\/p><p>Tienes 30 d\u00edas desde la fecha del accidente de coche para presentar una solicitud de cobertura sin culpa. En Nueva York, la solicitud sin culpa la proporciona el proveedor de seguros del coche o conductor que te lesion\u00f3. Si t\u00fa conduc\u00edas, tu p\u00f3liza dictar\u00e1 las opciones de cobertura. Debes rellenar el formulario NF-2.   <\/p><figure class=\"wp-block-image\"><img decoding=\"async\" src=\"https:\/\/nofaultdoctorqueens.com\/wp-content\/uploads\/2018\/04\/about-image-medex.jpg\" alt=\"\" class=\"wp-image-204294\" title=\"\"\/><\/figure><h2 class=\"wp-block-heading\">Lesiones y tratamiento<\/h2><p>Las lesiones que puedes sufrir a causa de un accidente de tr\u00e1fico pueden ser numerosas. Las lesiones m\u00e1s frecuentes por accidente son las de tejidos blandos, como esguinces, distensiones y tirones. Una lesi\u00f3n de este tipo implica alg\u00fan tipo de da\u00f1o en los ligamentos, tendones y m\u00fasculos. \u00c9stos son tus tejidos conjuntivos.   <\/p><p>Las lesiones de tipo latigazo cervical, que afectan al cuello y a la parte superior de la espalda, son uno de los tipos m\u00e1s frecuentes de lesiones de tejidos blandos que nuestra cl\u00ednica atiende en las consultas posteriores a un accidente.<\/p><ul class=\"wp-block-list\"><li><strong>Estamos situados en las l\u00edneas de autob\u00fas QM18 y Q60.<\/strong><\/li>\n\n<li><strong>Estamos en la Avenida 75 (E,F) del metro.<\/strong><\/li>\n\n<li><strong>Ofrecemos aparcamiento validado gratuito para quienes se desplacen en coche hasta nuestro local.<\/strong><\/li><\/ul><p>Entendemos que los accidentes son inevitables. Estar implicado en uno puede ser una experiencia devastadora, sobre todo si has sufrido lesiones durante el mismo. Desde que se promulg\u00f3 la ley de no culpabilidad en los a\u00f1os 70, las compa\u00f1\u00edas de seguros est\u00e1n obligadas en Nueva York a pagar los gastos m\u00e9dicos leg\u00edtimos relacionados con un accidente de tr\u00e1fico.  <\/p><p>Nueva York es uno de los 12 estados que ofrecen cobertura sin culpa.<\/p><h3 class=\"wp-block-heading\">Seguro sin culpa<\/h3><p>Tienes 30 d\u00edas desde la fecha del accidente de coche para presentar una solicitud de cobertura sin culpa. En Nueva York, la solicitud sin culpa la proporciona el proveedor de seguros del coche o conductor que te lesion\u00f3. Si t\u00fa conduc\u00edas, tu p\u00f3liza dictar\u00e1 las opciones de cobertura. Debes rellenar el formulario NF-2.   <\/p><p>Todas las p\u00f3lizas de seguro de Nueva York deben proporcionar un m\u00ednimo de 50.000 $ en prestaciones sin culpa. Aunque la culpa del accidente sea tuya al 100%, siempre que te hayas lesionado con un veh\u00edculo motorizado en Nueva York, con la excepci\u00f3n de que el veh\u00edculo sea una motocicleta, es probable que tengas derecho a recibir prestaciones sin culpa. <\/p><p>Las compa\u00f1\u00edas de seguros de Nueva York tienen derecho a enviarte al m\u00e9dico que elijan para que te diagnostique o te trate. Nuestro equipo proporciona la atenci\u00f3n inmediata que puedas necesitar. Tambi\u00e9n proporcionamos tratamientos precisos sin culpa de las remisiones de las compa\u00f1\u00edas de seguros. A nuestros m\u00e9dicos les preocupa m\u00e1s c\u00f3mo te sientes que lo que piense una compa\u00f1\u00eda de seguros.   <\/p><h3 class=\"wp-block-heading\">C\u00f3mo podemos ayudarte<\/h3><p>Por ley, nuestro centro de diagn\u00f3stico y tratamiento acepta pagos sin culpa. Facturamos directamente al seguro sin culpa, eliminando una preocupaci\u00f3n m\u00e1s de tu recuperaci\u00f3n tras el accidente. Eso significa que puedes centrarte en tu recuperaci\u00f3n sin tratar de encontrar los fondos necesarios para pagar tus citas, medicamentos y otras necesidades posteriores al accidente.  <\/p><p>Si has sufrido una lesi\u00f3n a causa de un accidente de tr\u00e1fico que cumpla los requisitos, aseg\u00farate de recibir la atenci\u00f3n que necesitas. En No-Fault Doctor Queens, nuestra cl\u00ednica trabajar\u00e1 duro en tu nombre para que tu vida vuelva a la normalidad lo antes posible. <\/p><p>Nuestro objetivo es proporcionarte la atenci\u00f3n expeditiva que necesitas tras sufrir un accidente de tr\u00e1fico. Queremos que te recuperes lo mejor posible. Tratar con las compa\u00f1\u00edas de seguros y todo ese papeleo ya es bastante duro. Recibir un plan de tratamiento adecuado y un diagn\u00f3stico preciso no deber\u00eda a\u00f1adir estr\u00e9s a tu d\u00eda a d\u00eda.   <\/p><p><\/p>","protected":false},"excerpt":{"rendered":"<p>Tu salud es siempre nuestra prioridad n\u00ba 1. Nuestro objetivo es proporcionarte la atenci\u00f3n r\u00e1pida que necesitas tras sufrir un accidente de tr\u00e1fico. Queremos que te recuperes lo mejor posible. Centro de Diagn\u00f3stico y Tratamiento Medex Hemos construido una relaci\u00f3n duradera basada en la confianza No-Fault Doctor Queens ha servido profesionalmente a la comunidad de &hellip; <\/p>\n<p class=\"link-more\"><a href=\"https:\/\/www.medexdtc.com\/es\/no-fault-care-clinic-no-fault-doctor-queens\/\" class=\"more-link\">Continue reading<span class=\"screen-reader-text\"> \u00abCl\u00ednica No-Fault Care. Doctor Sin Culpa Queens.\u00bb<\/span><\/a><\/p>\n","protected":false},"author":3,"featured_media":0,"parent":0,"menu_order":0,"comment_status":"closed","ping_status":"closed","template":"new_inner.php","meta":{"_acf_changed":false,"footnotes":""},"class_list":["post-6285","page","type-page","status-publish","hentry"],"acf":[],"yoast_head":"<!-- This site is optimized with the Yoast SEO plugin v27.5 - https:\/\/yoast.com\/product\/yoast-seo-wordpress\/ -->\n<title>No-Fault Care Clinic | No-Fault Doctor Queens<\/title>\n<meta name=\"description\" content=\"En el Centro de Diagn\u00f3stico y Tratamiento Medex, nuestro equipo de especialistas se asegurar\u00e1 de que tu atenci\u00f3n sea precisa y eficaz, tanto si has sufrido un accidente de coche como un resbal\u00f3n o una ca\u00edda. Ponte en contacto con nosotros hoy mismo para obtener m\u00e1s informaci\u00f3n.\" \/>\n<meta name=\"robots\" content=\"index, follow, max-snippet:-1, max-image-preview:large, max-video-preview:-1\" \/>\n<link rel=\"canonical\" href=\"https:\/\/www.medexdtc.com\/es\/no-fault-care-clinic-no-fault-doctor-queens\/\" \/>\n<meta property=\"og:locale\" content=\"es_ES\" \/>\n<meta property=\"og:type\" content=\"article\" \/>\n<meta property=\"og:title\" content=\"No-Fault Care Clinic | No-Fault Doctor Queens\" \/>\n<meta property=\"og:description\" content=\"En el Centro de Diagn\u00f3stico y Tratamiento Medex, nuestro equipo de especialistas se asegurar\u00e1 de que tu atenci\u00f3n sea precisa y eficaz, tanto si has sufrido un accidente de coche como un resbal\u00f3n o una ca\u00edda. Ponte en contacto con nosotros hoy mismo para obtener m\u00e1s informaci\u00f3n.\" \/>\n<meta property=\"og:url\" content=\"https:\/\/www.medexdtc.com\/es\/no-fault-care-clinic-no-fault-doctor-queens\/\" \/>\n<meta property=\"og:site_name\" content=\"Medex Diagnostic and Treatment Center - Queens Medical Center - Medical Clinic in Forest Hills, NY\" \/>\n<meta property=\"article:publisher\" content=\"https:\/\/www.facebook.com\/medexny\" \/>\n<meta property=\"article:modified_time\" content=\"2025-09-14T23:27:29+00:00\" \/>\n<meta name=\"twitter:card\" content=\"summary_large_image\" \/>\n<meta name=\"twitter:site\" content=\"@DtcMedex\" \/>\n<meta name=\"twitter:label1\" content=\"Tiempo de lectura\" \/>\n\t<meta name=\"twitter:data1\" content=\"5 minutos\" \/>\n<!-- \/ Yoast SEO plugin. -->","yoast_head_json":{"title":"No-Fault Care Clinic | No-Fault Doctor Queens","description":"En el Centro de Diagn\u00f3stico y Tratamiento Medex, nuestro equipo de especialistas se asegurar\u00e1 de que tu atenci\u00f3n sea precisa y eficaz, tanto si has sufrido un accidente de coche como un resbal\u00f3n o una ca\u00edda. Ponte en contacto con nosotros hoy mismo para obtener m\u00e1s informaci\u00f3n.","robots":{"index":"index","follow":"follow","max-snippet":"max-snippet:-1","max-image-preview":"max-image-preview:large","max-video-preview":"max-video-preview:-1"},"canonical":"https:\/\/www.medexdtc.com\/es\/no-fault-care-clinic-no-fault-doctor-queens\/","og_locale":"es_ES","og_type":"article","og_title":"No-Fault Care Clinic | No-Fault Doctor Queens","og_description":"En el Centro de Diagn\u00f3stico y Tratamiento Medex, nuestro equipo de especialistas se asegurar\u00e1 de que tu atenci\u00f3n sea precisa y eficaz, tanto si has sufrido un accidente de coche como un resbal\u00f3n o una ca\u00edda. Ponte en contacto con nosotros hoy mismo para obtener m\u00e1s informaci\u00f3n.","og_url":"https:\/\/www.medexdtc.com\/es\/no-fault-care-clinic-no-fault-doctor-queens\/","og_site_name":"Medex Diagnostic and Treatment Center - Queens Medical Center - Medical Clinic in Forest Hills, NY","article_publisher":"https:\/\/www.facebook.com\/medexny","article_modified_time":"2025-09-14T23:27:29+00:00","twitter_card":"summary_large_image","twitter_site":"@DtcMedex","twitter_misc":{"Tiempo de lectura":"5 minutos"},"schema":{"@context":"https:\/\/schema.org","@graph":[{"@type":"WebPage","@id":"https:\/\/www.medexdtc.com\/es\/no-fault-care-clinic-no-fault-doctor-queens\/","url":"https:\/\/www.medexdtc.com\/es\/no-fault-care-clinic-no-fault-doctor-queens\/","name":"No-Fault Care Clinic | No-Fault Doctor Queens","isPartOf":{"@id":"https:\/\/www.medexdtc.com\/es\/#website"},"primaryImageOfPage":{"@id":"https:\/\/www.medexdtc.com\/es\/no-fault-care-clinic-no-fault-doctor-queens\/#primaryimage"},"image":{"@id":"https:\/\/www.medexdtc.com\/es\/no-fault-care-clinic-no-fault-doctor-queens\/#primaryimage"},"thumbnailUrl":"https:\/\/nofaultdoctorqueens.com\/wp-content\/uploads\/2018\/04\/about-image-medex.jpg","datePublished":"2025-04-13T23:37:50+00:00","dateModified":"2025-09-14T23:27:29+00:00","description":"En el Centro de Diagn\u00f3stico y Tratamiento Medex, nuestro equipo de especialistas se asegurar\u00e1 de que tu atenci\u00f3n sea precisa y eficaz, tanto si has sufrido un accidente de coche como un resbal\u00f3n o una ca\u00edda. Ponte en contacto con nosotros hoy mismo para obtener m\u00e1s informaci\u00f3n.","breadcrumb":{"@id":"https:\/\/www.medexdtc.com\/es\/no-fault-care-clinic-no-fault-doctor-queens\/#breadcrumb"},"inLanguage":"es","potentialAction":[{"@type":"ReadAction","target":["https:\/\/www.medexdtc.com\/es\/no-fault-care-clinic-no-fault-doctor-queens\/"]}]},{"@type":"ImageObject","inLanguage":"es","@id":"https:\/\/www.medexdtc.com\/es\/no-fault-care-clinic-no-fault-doctor-queens\/#primaryimage","url":"https:\/\/nofaultdoctorqueens.com\/wp-content\/uploads\/2018\/04\/about-image-medex.jpg","contentUrl":"https:\/\/nofaultdoctorqueens.com\/wp-content\/uploads\/2018\/04\/about-image-medex.jpg"},{"@type":"BreadcrumbList","@id":"https:\/\/www.medexdtc.com\/es\/no-fault-care-clinic-no-fault-doctor-queens\/#breadcrumb","itemListElement":[{"@type":"ListItem","position":1,"name":"Home","item":"https:\/\/www.medexdtc.com\/es\/"},{"@type":"ListItem","position":2,"name":"Cl\u00ednica No-Fault Care. Doctor Sin Culpa Queens."}]},{"@type":"WebSite","@id":"https:\/\/www.medexdtc.com\/es\/#website","url":"https:\/\/www.medexdtc.com\/es\/","name":"Medex DTC","description":"Medex Diagnostic and Treatment Center is a Medical Center in Queens, NY is a dynamic multi-specialty clinic. Physicians delivering high quality individualized care in Forest Hills, Queens, NY.","publisher":{"@id":"https:\/\/www.medexdtc.com\/es\/#organization"},"potentialAction":[{"@type":"SearchAction","target":{"@type":"EntryPoint","urlTemplate":"https:\/\/www.medexdtc.com\/es\/?s={search_term_string}"},"query-input":{"@type":"PropertyValueSpecification","valueRequired":true,"valueName":"search_term_string"}}],"inLanguage":"es"},{"@type":"Organization","@id":"https:\/\/www.medexdtc.com\/es\/#organization","name":"Medex DCT","url":"https:\/\/www.medexdtc.com\/es\/","logo":{"@type":"ImageObject","inLanguage":"es","@id":"https:\/\/www.medexdtc.com\/es\/#\/schema\/logo\/image\/","url":"https:\/\/www.medexdtc.com\/wp-content\/uploads\/2024\/11\/medex-diagnostic-and-treatment-center-in-queens-NY.png","contentUrl":"https:\/\/www.medexdtc.com\/wp-content\/uploads\/2024\/11\/medex-diagnostic-and-treatment-center-in-queens-NY.png","width":226,"height":47,"caption":"Medex DCT"},"image":{"@id":"https:\/\/www.medexdtc.com\/es\/#\/schema\/logo\/image\/"},"sameAs":["https:\/\/www.facebook.com\/medexny","https:\/\/x.com\/DtcMedex","https:\/\/www.instagram.com\/medexdtc\/","https:\/\/www.linkedin.com\/company\/medex-diagnostic-and-treatment-center\/about\/"]}]}},"jetpack_sharing_enabled":true,"_links":{"self":[{"href":"https:\/\/www.medexdtc.com\/es\/wp-json\/wp\/v2\/pages\/6285","targetHints":{"allow":["GET"]}}],"collection":[{"href":"https:\/\/www.medexdtc.com\/es\/wp-json\/wp\/v2\/pages"}],"about":[{"href":"https:\/\/www.medexdtc.com\/es\/wp-json\/wp\/v2\/types\/page"}],"author":[{"embeddable":true,"href":"https:\/\/www.medexdtc.com\/es\/wp-json\/wp\/v2\/users\/3"}],"replies":[{"embeddable":true,"href":"https:\/\/www.medexdtc.com\/es\/wp-json\/wp\/v2\/comments?post=6285"}],"version-history":[{"count":1,"href":"https:\/\/www.medexdtc.com\/es\/wp-json\/wp\/v2\/pages\/6285\/revisions"}],"predecessor-version":[{"id":6288,"href":"https:\/\/www.medexdtc.com\/es\/wp-json\/wp\/v2\/pages\/6285\/revisions\/6288"}],"wp:attachment":[{"href":"https:\/\/www.medexdtc.com\/es\/wp-json\/wp\/v2\/media?parent=6285"}],"curies":[{"name":"wp","href":"https:\/\/api.w.org\/{rel}","templated":true}]}}