{"id":6287,"date":"2025-04-07T06:04:26","date_gmt":"2025-04-07T01:04:26","guid":{"rendered":"https:\/\/www.medexdtc.com\/estadisticas-de-accidentes-de-trafico-en-nueva-york\/"},"modified":"2025-09-15T04:27:30","modified_gmt":"2025-09-14T23:27:30","slug":"new-york-auto-accident-statistics","status":"publish","type":"page","link":"https:\/\/www.medexdtc.com\/es\/new-york-auto-accident-statistics\/","title":{"rendered":"Estad\u00edsticas de accidentes de tr\u00e1fico en Nueva York"},"content":{"rendered":"<h2 class=\"wp-block-heading\">Estad\u00edsticas de accidentes de tr\u00e1fico en Nueva York<\/h2><p>Todos los d\u00edas hay en Nueva York un n\u00famero importante de personas lesionadas en accidentes de tr\u00e1fico, que provocan lesiones que requieren los servicios de un m\u00e9dico sin culpa en Queens.<\/p><p>En el estado de Nueva York, en 2019 se produjeron 447.021 accidentes de tr\u00e1fico. Esos accidentes causaron 881 v\u00edctimas mortales, 121.068 de ellos da\u00f1os personales y 325.072 da\u00f1os materiales. En el 29% de los accidentes de 2019 estuvo implicado un solo veh\u00edculo, y en el 71% restante, varios veh\u00edculos. Las estad\u00edsticas para 2020 que se muestran a continuaci\u00f3n son preliminares, y puedes observar que los totales del a\u00f1o hasta la fecha han bajado significativamente. La causa principal de las cifras m\u00e1s bajas de 202 es el descenso de los desplazamientos en autom\u00f3vil debido a la pandemia de Covid-19 y a los cierres patronales que se produjeron en el estado de Nueva York. Los datos tampoco est\u00e1n completos para el a\u00f1o 2020. Sin embargo, ver\u00e1s que las tendencias en el porcentaje de accidentes con resultado de lesiones personales se mantienen constantes.      <\/p><figure class=\"wp-block-image\"><img decoding=\"async\" src=\"https:\/\/nofaultdoctorqueens.com\/wp-content\/uploads\/2021\/01\/whiplash.jpg\" alt=\"\" class=\"wp-image-206197\" title=\"latigazo cervical\"\/><\/figure><figure class=\"wp-block-table\"><table class=\"has-fixed-layout\"><tbody><tr><td colspan=\"5\"><strong>Colisiones (Tabla 1)<\/strong><\/td><\/tr><tr><td rowspan=\"2\"><\/td><td colspan=\"2\"><strong>2019<\/strong><\/td><td colspan=\"2\"><strong>Preliminar 2020<\/strong><\/td><\/tr><tr><td><strong>Total<\/strong><\/td><td><strong>%<\/strong><\/td><td><strong>Total<\/strong><\/td><td><strong>%<\/strong><\/td><\/tr><tr><td>Total<\/td><td>447,021<\/td><td>100.00%<\/td><td>268,961<\/td><td>100%<\/td><\/tr><tr><td>Fatal<\/td><td>881<\/td><td>0.21%<\/td><td>782<\/td><td>0.29%<\/td><\/tr><tr><td>Lesiones personales<\/td><td>121,068<\/td><td>27.08%<\/td><td>74,769<\/td><td>27.80%<\/td><\/tr><tr><td>Da\u00f1os materiales<\/td><td>325,072<\/td><td>72.72%<\/td><td>193,410<\/td><td>71.91%<\/td><\/tr><\/tbody><\/table><\/figure><figure class=\"wp-block-table\"><table class=\"has-fixed-layout\"><tbody><tr><td colspan=\"5\"><strong>Gravedad de la colisi\u00f3n-Informe policial (Tabla 2)<\/strong><\/td><\/tr><tr><td rowspan=\"2\"><\/td><td colspan=\"2\"><strong>2019<\/strong><\/td><td colspan=\"2\"><strong>Preliminar 2020<\/strong><\/td><\/tr><tr><td><strong>Total<\/strong><\/td><td><strong>%<\/strong><\/td><td><strong>Total<\/strong><\/td><td><strong>%<\/strong><\/td><\/tr><tr><td>Total<\/td><td>418,678<\/td><td>100.00%<\/td><td>249,166<\/td><td>100.00%<\/td><\/tr><tr><td>Fatal<\/td><td>881<\/td><td>0.21%<\/td><td>782<\/td><td>0.31%<\/td><\/tr><tr><td>En serio<\/td><td>10,043<\/td><td>2.04%<\/td><td>7,613<\/td><td>3.06%<\/td><\/tr><tr><td>Moderado<\/td><td>16,219<\/td><td>3.87%<\/td><td>11,948<\/td><td>4.08%<\/td><\/tr><tr><td>Menor<\/td><td>85,527<\/td><td>20.43%<\/td><td>48,525<\/td><td>19.47%<\/td><\/tr><tr><td>Gravedad desconocida<\/td><td>2,854<\/td><td>0.68%<\/td><td>1,714<\/td><td>.069%<\/td><\/tr><tr><td>Da\u00f1os materiales<\/td><td>303,163<\/td><td>72.41<\/td><td>178,584<\/td><td>71.67%<\/td><\/tr><\/tbody><\/table><\/figure><p>Al revisar los datos, algo m\u00e1s del 27% de todos los accidentes de coche ocurridos en Nueva York provocaron alg\u00fan tipo de lesi\u00f3n personal. Puedes suponer sin temor a equivocarte que la mayor\u00eda de estas personas necesitaron los servicios de un m\u00e9dico especialista en accidentes sin culpa para que les ayudara en el diagn\u00f3stico, la recuperaci\u00f3n y la documentaci\u00f3n necesaria para presentar una reclamaci\u00f3n por accidente sin culpa. <\/p><p><strong>Sin culpa Gastos necesarios<\/strong><\/p><p>El seguro sin culpa de Nueva York est\u00e1 dise\u00f1ado para ayudar a pagar los \u00abgastos necesarios\u00bb que puedan producirse a causa del accidente de coche. Estos gastos pueden incluir los siguientes <\/p><ul class=\"wp-block-list\"><li>Los costes de cualquier diagn\u00f3stico, prueba o tratamiento proporcionado por un m\u00e9dico<\/li>\n\n<li>Un porcentaje de los salarios perdidos debido a las lesiones que impidieron trabajar a la v\u00edctima (existen algunos l\u00edmites).<\/li>\n\n<li>Transporte m\u00e9dico a citas m\u00e9dicas<\/li>\n\n<li>Otros gastos m\u00e9dicamente necesarios<\/li>\n\n<li>Ayuda a domicilio si tu m\u00e9dico determina que es necesaria<\/li><\/ul><p><strong>\u00bfPuedo demandar por \u00ablesiones graves\u00bb si he tenido un accidente?<\/strong><\/p><p>Puedes demandar a otro conductor si caus\u00f3 el accidente en el que te lesionaste, y sufres una \u00ablesi\u00f3n grave\u00bb seg\u00fan la definici\u00f3n del art\u00edculo 5102(d) de la Ley del Seguro de Nueva York. \u00abLesi\u00f3n grave\u00bb significa una lesi\u00f3n personal que provoque la muerte; el desmembramiento; una desfiguraci\u00f3n significativa; una fractura; la p\u00e9rdida de un feto; la p\u00e9rdida permanente del uso de un \u00f3rgano, miembro, funci\u00f3n o sistema corporal; la limitaci\u00f3n consecuente permanente del uso de un \u00f3rgano o miembro corporal; la limitaci\u00f3n significativa del uso de una funci\u00f3n o sistema corporal; o una lesi\u00f3n o deficiencia de car\u00e1cter no permanente, determinada m\u00e9dicamente, que impida a la persona lesionada realizar sustancialmente todos los actos materiales que constituyen las actividades diarias habituales y acostumbradas de dicha persona durante no menos de noventa d\u00edas en el transcurso de los ciento ochenta d\u00edas inmediatamente siguientes a la aparici\u00f3n de la lesi\u00f3n o deficiencia. <\/p><p>Supongamos que has sufrido una \u00ablesi\u00f3n grave\u00bb en un accidente de tr\u00e1fico seg\u00fan la definici\u00f3n anterior. En ese caso, es esencial que trabajes con un m\u00e9dico que tenga experiencia en accidentes de coche sin culpa, para asegurarse de que documenta correcta y completamente tus lesiones y tu tratamiento, a fin de darte la mejor oportunidad de \u00e9xito en la demanda. <\/p><p>Si has sufrido un accidente de tr\u00e1fico y necesitas los servicios de un m\u00e9dico sin culpa en Queens, Nueva York, o en la zona triestatal, el Centro de Diagn\u00f3stico y Tratamiento Medex puede ayudarte. El Centro de Diagn\u00f3stico y Tratamiento Medex es una cl\u00ednica de grupo multiespecialidad con un amplio equipo de profesionales experimentados que pueden ayudarte con una amplia gama de lesiones derivadas de un accidente de tr\u00e1fico. <\/p>","protected":false},"excerpt":{"rendered":"<p>Estad\u00edsticas de accidentes de tr\u00e1fico en Nueva York Todos los d\u00edas hay en Nueva York un n\u00famero importante de personas lesionadas en accidentes de tr\u00e1fico, que provocan lesiones que requieren los servicios de un m\u00e9dico sin culpa en Queens. En el estado de Nueva York, en 2019 se produjeron 447.021 accidentes de tr\u00e1fico. Esos accidentes &hellip; <\/p>\n<p class=\"link-more\"><a href=\"https:\/\/www.medexdtc.com\/es\/new-york-auto-accident-statistics\/\" class=\"more-link\">Continue reading<span class=\"screen-reader-text\"> \u00abEstad\u00edsticas de accidentes de tr\u00e1fico en Nueva York\u00bb<\/span><\/a><\/p>\n","protected":false},"author":3,"featured_media":0,"parent":0,"menu_order":0,"comment_status":"closed","ping_status":"closed","template":"new_inner.php","meta":{"_acf_changed":false,"footnotes":""},"class_list":["post-6287","page","type-page","status-publish","hentry"],"acf":[],"yoast_head":"<!-- This site is optimized with the Yoast SEO plugin v27.4 - https:\/\/yoast.com\/product\/yoast-seo-wordpress\/ -->\n<title>Estad\u00edsticas de accidentes de tr\u00e1fico en Nueva York | M\u00e9dico sin culpa Queens<\/title>\n<meta name=\"description\" content=\"Cada d\u00eda en Nueva York hay un n\u00famero importante de personas lesionadas en accidentes de tr\u00e1fico, que provocan lesiones que requieren los servicios de un m\u00e9dico sin culpa en Queens\" \/>\n<meta name=\"robots\" content=\"index, follow, max-snippet:-1, max-image-preview:large, max-video-preview:-1\" \/>\n<link rel=\"canonical\" href=\"https:\/\/www.medexdtc.com\/es\/new-york-auto-accident-statistics\/\" \/>\n<meta property=\"og:locale\" content=\"es_ES\" \/>\n<meta property=\"og:type\" content=\"article\" \/>\n<meta property=\"og:title\" content=\"Estad\u00edsticas de accidentes de tr\u00e1fico en Nueva York | M\u00e9dico sin culpa Queens\" \/>\n<meta property=\"og:description\" content=\"Cada d\u00eda en Nueva York hay un n\u00famero importante de personas lesionadas en accidentes de tr\u00e1fico, que provocan lesiones que requieren los servicios de un m\u00e9dico sin culpa en Queens\" \/>\n<meta property=\"og:url\" content=\"https:\/\/www.medexdtc.com\/es\/new-york-auto-accident-statistics\/\" \/>\n<meta property=\"og:site_name\" content=\"Medex Diagnostic and Treatment Center - Queens Medical Center - Medical Clinic in Forest Hills, NY\" \/>\n<meta property=\"article:publisher\" content=\"https:\/\/www.facebook.com\/medexny\" \/>\n<meta property=\"article:modified_time\" content=\"2025-09-14T23:27:30+00:00\" \/>\n<meta name=\"twitter:card\" content=\"summary_large_image\" \/>\n<meta name=\"twitter:site\" content=\"@DtcMedex\" \/>\n<meta name=\"twitter:label1\" content=\"Tiempo de lectura\" \/>\n\t<meta name=\"twitter:data1\" content=\"4 minutos\" \/>\n<!-- \/ Yoast SEO plugin. -->","yoast_head_json":{"title":"Estad\u00edsticas de accidentes de tr\u00e1fico en Nueva York | M\u00e9dico sin culpa Queens","description":"Cada d\u00eda en Nueva York hay un n\u00famero importante de personas lesionadas en accidentes de tr\u00e1fico, que provocan lesiones que requieren los servicios de un m\u00e9dico sin culpa en Queens","robots":{"index":"index","follow":"follow","max-snippet":"max-snippet:-1","max-image-preview":"max-image-preview:large","max-video-preview":"max-video-preview:-1"},"canonical":"https:\/\/www.medexdtc.com\/es\/new-york-auto-accident-statistics\/","og_locale":"es_ES","og_type":"article","og_title":"Estad\u00edsticas de accidentes de tr\u00e1fico en Nueva York | M\u00e9dico sin culpa Queens","og_description":"Cada d\u00eda en Nueva York hay un n\u00famero importante de personas lesionadas en accidentes de tr\u00e1fico, que provocan lesiones que requieren los servicios de un m\u00e9dico sin culpa en Queens","og_url":"https:\/\/www.medexdtc.com\/es\/new-york-auto-accident-statistics\/","og_site_name":"Medex Diagnostic and Treatment Center - Queens Medical Center - Medical Clinic in Forest Hills, NY","article_publisher":"https:\/\/www.facebook.com\/medexny","article_modified_time":"2025-09-14T23:27:30+00:00","twitter_card":"summary_large_image","twitter_site":"@DtcMedex","twitter_misc":{"Tiempo de lectura":"4 minutos"},"schema":{"@context":"https:\/\/schema.org","@graph":[{"@type":"WebPage","@id":"https:\/\/www.medexdtc.com\/es\/new-york-auto-accident-statistics\/","url":"https:\/\/www.medexdtc.com\/es\/new-york-auto-accident-statistics\/","name":"Estad\u00edsticas de accidentes de tr\u00e1fico en Nueva York | M\u00e9dico sin culpa Queens","isPartOf":{"@id":"https:\/\/www.medexdtc.com\/es\/#website"},"primaryImageOfPage":{"@id":"https:\/\/www.medexdtc.com\/es\/new-york-auto-accident-statistics\/#primaryimage"},"image":{"@id":"https:\/\/www.medexdtc.com\/es\/new-york-auto-accident-statistics\/#primaryimage"},"thumbnailUrl":"https:\/\/nofaultdoctorqueens.com\/wp-content\/uploads\/2021\/01\/whiplash.jpg","datePublished":"2025-04-07T01:04:26+00:00","dateModified":"2025-09-14T23:27:30+00:00","description":"Cada d\u00eda en Nueva York hay un n\u00famero importante de personas lesionadas en accidentes de tr\u00e1fico, que provocan lesiones que requieren los servicios de un m\u00e9dico sin culpa en Queens","breadcrumb":{"@id":"https:\/\/www.medexdtc.com\/es\/new-york-auto-accident-statistics\/#breadcrumb"},"inLanguage":"es","potentialAction":[{"@type":"ReadAction","target":["https:\/\/www.medexdtc.com\/es\/new-york-auto-accident-statistics\/"]}]},{"@type":"ImageObject","inLanguage":"es","@id":"https:\/\/www.medexdtc.com\/es\/new-york-auto-accident-statistics\/#primaryimage","url":"https:\/\/nofaultdoctorqueens.com\/wp-content\/uploads\/2021\/01\/whiplash.jpg","contentUrl":"https:\/\/nofaultdoctorqueens.com\/wp-content\/uploads\/2021\/01\/whiplash.jpg"},{"@type":"BreadcrumbList","@id":"https:\/\/www.medexdtc.com\/es\/new-york-auto-accident-statistics\/#breadcrumb","itemListElement":[{"@type":"ListItem","position":1,"name":"Home","item":"https:\/\/www.medexdtc.com\/es\/"},{"@type":"ListItem","position":2,"name":"Estad\u00edsticas de accidentes de tr\u00e1fico en Nueva York"}]},{"@type":"WebSite","@id":"https:\/\/www.medexdtc.com\/es\/#website","url":"https:\/\/www.medexdtc.com\/es\/","name":"Medex DTC","description":"Medex Diagnostic and Treatment Center is a Medical Center in Queens, NY is a dynamic multi-specialty clinic. Physicians delivering high quality individualized care in Forest Hills, Queens, NY.","publisher":{"@id":"https:\/\/www.medexdtc.com\/es\/#organization"},"potentialAction":[{"@type":"SearchAction","target":{"@type":"EntryPoint","urlTemplate":"https:\/\/www.medexdtc.com\/es\/?s={search_term_string}"},"query-input":{"@type":"PropertyValueSpecification","valueRequired":true,"valueName":"search_term_string"}}],"inLanguage":"es"},{"@type":"Organization","@id":"https:\/\/www.medexdtc.com\/es\/#organization","name":"Medex DCT","url":"https:\/\/www.medexdtc.com\/es\/","logo":{"@type":"ImageObject","inLanguage":"es","@id":"https:\/\/www.medexdtc.com\/es\/#\/schema\/logo\/image\/","url":"https:\/\/www.medexdtc.com\/wp-content\/uploads\/2024\/11\/medex-diagnostic-and-treatment-center-in-queens-NY.png","contentUrl":"https:\/\/www.medexdtc.com\/wp-content\/uploads\/2024\/11\/medex-diagnostic-and-treatment-center-in-queens-NY.png","width":226,"height":47,"caption":"Medex DCT"},"image":{"@id":"https:\/\/www.medexdtc.com\/es\/#\/schema\/logo\/image\/"},"sameAs":["https:\/\/www.facebook.com\/medexny","https:\/\/x.com\/DtcMedex","https:\/\/www.instagram.com\/medexdtc\/","https:\/\/www.linkedin.com\/company\/medex-diagnostic-and-treatment-center\/about\/"]}]}},"jetpack_sharing_enabled":true,"_links":{"self":[{"href":"https:\/\/www.medexdtc.com\/es\/wp-json\/wp\/v2\/pages\/6287","targetHints":{"allow":["GET"]}}],"collection":[{"href":"https:\/\/www.medexdtc.com\/es\/wp-json\/wp\/v2\/pages"}],"about":[{"href":"https:\/\/www.medexdtc.com\/es\/wp-json\/wp\/v2\/types\/page"}],"author":[{"embeddable":true,"href":"https:\/\/www.medexdtc.com\/es\/wp-json\/wp\/v2\/users\/3"}],"replies":[{"embeddable":true,"href":"https:\/\/www.medexdtc.com\/es\/wp-json\/wp\/v2\/comments?post=6287"}],"version-history":[{"count":1,"href":"https:\/\/www.medexdtc.com\/es\/wp-json\/wp\/v2\/pages\/6287\/revisions"}],"predecessor-version":[{"id":6289,"href":"https:\/\/www.medexdtc.com\/es\/wp-json\/wp\/v2\/pages\/6287\/revisions\/6289"}],"wp:attachment":[{"href":"https:\/\/www.medexdtc.com\/es\/wp-json\/wp\/v2\/media?parent=6287"}],"curies":[{"name":"wp","href":"https:\/\/api.w.org\/{rel}","templated":true}]}}