{"id":6305,"date":"2020-08-05T22:43:50","date_gmt":"2020-08-05T17:43:50","guid":{"rendered":"https:\/\/www.medexdtc.com\/pruebas-nerviosas-en-queens\/"},"modified":"2020-08-05T22:43:50","modified_gmt":"2020-08-05T17:43:50","slug":"nerve-testing","status":"publish","type":"page","link":"https:\/\/www.medexdtc.com\/es\/nerve-testing\/","title":{"rendered":"Pruebas nerviosas en Queens"},"content":{"rendered":"<p>Las <strong>pruebas nerviosas<\/strong> hacen referencia a diversos procedimientos diagn\u00f3sticos utilizados para evaluar la funci\u00f3n y la salud de los nervios. Estas pruebas ayudan a identificar lesiones nerviosas, inflamaciones u otras anomal\u00edas que afectan al sistema nervioso. Las pruebas nerviosas suelen recomendarse cuando una persona experimenta s\u00edntomas como entumecimiento, hormigueo, debilidad o dolor que pueden estar relacionados con una disfunci\u00f3n nerviosa.  <\/p>\n<p>Un estudio nervioso mide la velocidad a la que viajan los impulsos el\u00e9ctricos a trav\u00e9s de tus nervios. Tu m\u00e9dico lo utiliza para saber si tus nervios est\u00e1n lesionados. Los nervios da\u00f1ados ralentizan o incluso interfieren con el impulso el\u00e9ctrico durante una TVNS.  <\/p>\n<p>La TVNC suele utilizarse en combinaci\u00f3n con pruebas de electromiograf\u00eda (EMG), que miden c\u00f3mo responden tus m\u00fasculos a los impulsos el\u00e9ctricos. Si tus m\u00fasculos no responden correctamente, tu m\u00e9dico debe evaluar los resultados de las dos pruebas para decidir si hay un problema en tus m\u00fasculos o en los nervios que les env\u00edan se\u00f1ales. Una vez identificado, tu m\u00e9dico inicia el tratamiento adecuado.  <\/p>\n<h2>\u00bfCu\u00e1ndo necesitas una prueba de conducci\u00f3n nerviosa?<\/h2>\n<p>Mientras le explicas a tu m\u00e9dico qu\u00e9 tipo de problemas tienes, tu m\u00e9dico puede decidir traer a un especialista en endocrinolog\u00eda. No importa lo que necesites, encontrar\u00e1s un especialista para ello. <\/p>\n<p>Los endocrin\u00f3logos que administran la TVNC utilizan los equipos m\u00e1s modernos, y te proporcionan cualquier tratamiento de seguimiento que puedas necesitar. Si tus m\u00e9dicos deciden que necesitas una NCVT, suele ser porque tus s\u00edntomas incluyen: <\/p>\n<ul>\n<li>Molestias que var\u00edan de leves a m\u00e1s graves<\/li>\n<li>Calambres o dolores musculares inusuales<\/li>\n<li>Debilidad muscular notable<\/li>\n<li>Hormigueo o entumecimiento en una zona concreta<\/li>\n<\/ul>\n<h2>\u00bfQu\u00e9 condiciones indican la necesidad de una TVNC?<\/h2>\n<p>Al diagnosticar tu problema, el m\u00e9dico debe determinar si son los m\u00fasculos o los nervios los que est\u00e1n detr\u00e1s de tus s\u00edntomas. Tu tratamiento var\u00eda en funci\u00f3n del diagn\u00f3stico. Las enfermedades que afectan a los nervios son  <\/p>\n<ul class=\"sm\">\n<li>Hernia discal. Los discos que separan tus v\u00e9rtebras pueden romperse, permitiendo que la parte blanda interior rezume a trav\u00e9s de la carcasa dura. El disco da\u00f1ado puede ejercer presi\u00f3n sobre los nervios raqu\u00eddeos, provocando dolor, hormigueo y lesiones nerviosas.  <\/li>\n<li>S\u00edndrome del t\u00fanel carpiano. El nervio mediano que va del antebrazo a la mano puede estar comprimido por ligamentos y tendones da\u00f1ados o sobrecargados. Si es as\u00ed, puedes notar entumecimiento y dolor en los dedos, y tener problemas para agarrar objetos. <\/li>\n<li>Trastorno de Charcot-Marie-Tooth. Es posible que notes una disfunci\u00f3n nerviosa sensorial y motora en los m\u00fasculos de la parte inferior de la pierna y del pie. Se trata de una enfermedad hereditaria. <\/li>\n<li>S\u00edndrome de Guillain-Barr\u00e9. Con esta enfermedad, el sistema inmunitario de tu cuerpo funciona mal y empieza a atacar a tu sistema nervioso perif\u00e9rico. A menudo notas hormigueo o debilidad en la parte inferior de las piernas y los pies como primera se\u00f1al. <\/li>\n<li>Ci\u00e1tica. El nervio ci\u00e1tico va desde la columna vertebral hasta las piernas. La presi\u00f3n de una hernia discal puede pinzar el nervio, enviando el dolor a lo largo del mismo. Los s\u00edntomas habituales son hormigueo, entumecimiento, dolor y debilidad. La ci\u00e1tica suele limitarse a una pierna.   <\/li>\n<li>Afecciones inflamatorias cr\u00f3nicas. Si padeces alcoholismo o diabetes, puedes notar hormigueo o entumecimiento en una o varias partes del cuerpo, sobre todo en las manos o los pies. <\/li>\n<\/ul>\n<h2>\u00bfQu\u00e9 ocurre durante una prueba de conducci\u00f3n nerviosa?<\/h2>\n<p>Unos d\u00edas antes del examen, deja de usar lociones o aceites. Aseg\u00farate de que tienes una temperatura corporal normal, ya que las temperaturas corporales m\u00e1s bajas ralentizan los impulsos el\u00e9ctricos, sesgando los resultados. Informa a tu m\u00e9dico de cualquier medicamento que est\u00e9s tomando, con o sin receta. La prueba sigue varios pasos que incluyen:   <\/p>\n<ol>\n<li>El especialista te pide que te quites cualquier objeto met\u00e1lico -como joyas, aud\u00edfonos o gafas- para que no interfieran con los impulsos el\u00e9ctricos. Tienes que ponerte una bata de hospital para que el m\u00e9dico pueda acceder a la zona sometida a prueba. <\/li>\n<li>Despu\u00e9s de que el m\u00e9dico fije los electrodos a tu piel y confirme que est\u00e1s c\u00f3modo, se env\u00eda un impulso el\u00e9ctrico de uno a otro. La prueba consiste en medir el tiempo necesario para que el impulso recorra la longitud de tu nervio. <\/li>\n<li>Puedes notar una leve y breve descarga del electrodo durante los impulsos. Aunque la mayor\u00eda de la gente tolera bien la prueba, puede causar una peque\u00f1a molestia. <\/li>\n<li>Tu m\u00e9dico registra la respuesta nerviosa, incluida la intensidad y la velocidad de la se\u00f1al, para utilizarla en la determinaci\u00f3n del diagn\u00f3stico.<\/li>\n<\/ol>\n","protected":false},"excerpt":{"rendered":"<p>Las pruebas nerviosas hacen referencia a diversos procedimientos diagn\u00f3sticos utilizados para evaluar la funci\u00f3n y la salud de los nervios. Estas pruebas ayudan a identificar lesiones nerviosas, inflamaciones u otras anomal\u00edas que afectan al sistema nervioso. Las pruebas nerviosas suelen recomendarse cuando una persona experimenta s\u00edntomas como entumecimiento, hormigueo, debilidad o dolor que pueden estar &hellip; <\/p>\n<p class=\"link-more\"><a href=\"https:\/\/www.medexdtc.com\/es\/nerve-testing\/\" class=\"more-link\">Continue reading<span class=\"screen-reader-text\"> \u00abPruebas nerviosas en Queens\u00bb<\/span><\/a><\/p>\n","protected":false},"author":3,"featured_media":0,"parent":0,"menu_order":0,"comment_status":"closed","ping_status":"closed","template":"fullwidth.php","meta":{"_acf_changed":false,"footnotes":""},"class_list":["post-6305","page","type-page","status-publish","hentry"],"acf":[],"yoast_head":"<!-- This site is optimized with the Yoast SEO plugin v27.5 - https:\/\/yoast.com\/product\/yoast-seo-wordpress\/ -->\n<title>Pruebas nerviosas en Queens - Medex Diagnostic and Treatment Center - Queens Medical Center - Medical Clinic in Forest Hills, NY<\/title>\n<meta name=\"description\" content=\"Las pruebas nerviosas se recomiendan cuando una persona experimenta s\u00edntomas como entumecimiento, hormigueo, debilidad o dolor relacionados con una disfunci\u00f3n nerviosa.\" \/>\n<meta name=\"robots\" content=\"index, follow, max-snippet:-1, max-image-preview:large, max-video-preview:-1\" \/>\n<link rel=\"canonical\" href=\"https:\/\/www.medexdtc.com\/es\/nerve-testing\/\" \/>\n<meta property=\"og:locale\" content=\"es_ES\" \/>\n<meta property=\"og:type\" content=\"article\" \/>\n<meta property=\"og:title\" content=\"Pruebas nerviosas en Queens - Medex Diagnostic and Treatment Center - Queens Medical Center - Medical Clinic in Forest Hills, NY\" \/>\n<meta property=\"og:description\" content=\"Las pruebas nerviosas se recomiendan cuando una persona experimenta s\u00edntomas como entumecimiento, hormigueo, debilidad o dolor relacionados con una disfunci\u00f3n nerviosa.\" \/>\n<meta property=\"og:url\" content=\"https:\/\/www.medexdtc.com\/es\/nerve-testing\/\" \/>\n<meta property=\"og:site_name\" content=\"Medex Diagnostic and Treatment Center - Queens Medical Center - Medical Clinic in Forest Hills, NY\" \/>\n<meta property=\"article:publisher\" content=\"https:\/\/www.facebook.com\/medexny\" \/>\n<meta name=\"twitter:card\" content=\"summary_large_image\" \/>\n<meta name=\"twitter:site\" content=\"@DtcMedex\" \/>\n<meta name=\"twitter:label1\" content=\"Tiempo de lectura\" \/>\n\t<meta name=\"twitter:data1\" content=\"4 minutos\" \/>\n<!-- \/ Yoast SEO plugin. -->","yoast_head_json":{"title":"Pruebas nerviosas en Queens - Medex Diagnostic and Treatment Center - Queens Medical Center - Medical Clinic in Forest Hills, NY","description":"Las pruebas nerviosas se recomiendan cuando una persona experimenta s\u00edntomas como entumecimiento, hormigueo, debilidad o dolor relacionados con una disfunci\u00f3n nerviosa.","robots":{"index":"index","follow":"follow","max-snippet":"max-snippet:-1","max-image-preview":"max-image-preview:large","max-video-preview":"max-video-preview:-1"},"canonical":"https:\/\/www.medexdtc.com\/es\/nerve-testing\/","og_locale":"es_ES","og_type":"article","og_title":"Pruebas nerviosas en Queens - Medex Diagnostic and Treatment Center - Queens Medical Center - Medical Clinic in Forest Hills, NY","og_description":"Las pruebas nerviosas se recomiendan cuando una persona experimenta s\u00edntomas como entumecimiento, hormigueo, debilidad o dolor relacionados con una disfunci\u00f3n nerviosa.","og_url":"https:\/\/www.medexdtc.com\/es\/nerve-testing\/","og_site_name":"Medex Diagnostic and Treatment Center - Queens Medical Center - Medical Clinic in Forest Hills, NY","article_publisher":"https:\/\/www.facebook.com\/medexny","twitter_card":"summary_large_image","twitter_site":"@DtcMedex","twitter_misc":{"Tiempo de lectura":"4 minutos"},"schema":{"@context":"https:\/\/schema.org","@graph":[{"@type":"WebPage","@id":"https:\/\/www.medexdtc.com\/es\/nerve-testing\/","url":"https:\/\/www.medexdtc.com\/es\/nerve-testing\/","name":"Pruebas nerviosas en Queens - Medex Diagnostic and Treatment Center - Queens Medical Center - Medical Clinic in Forest Hills, NY","isPartOf":{"@id":"https:\/\/www.medexdtc.com\/es\/#website"},"datePublished":"2020-08-05T17:43:50+00:00","description":"Las pruebas nerviosas se recomiendan cuando una persona experimenta s\u00edntomas como entumecimiento, hormigueo, debilidad o dolor relacionados con una disfunci\u00f3n nerviosa.","breadcrumb":{"@id":"https:\/\/www.medexdtc.com\/es\/nerve-testing\/#breadcrumb"},"inLanguage":"es","potentialAction":[{"@type":"ReadAction","target":["https:\/\/www.medexdtc.com\/es\/nerve-testing\/"]}]},{"@type":"BreadcrumbList","@id":"https:\/\/www.medexdtc.com\/es\/nerve-testing\/#breadcrumb","itemListElement":[{"@type":"ListItem","position":1,"name":"Home","item":"https:\/\/www.medexdtc.com\/es\/"},{"@type":"ListItem","position":2,"name":"Pruebas nerviosas en Queens"}]},{"@type":"WebSite","@id":"https:\/\/www.medexdtc.com\/es\/#website","url":"https:\/\/www.medexdtc.com\/es\/","name":"Medex DTC","description":"Medex Diagnostic and Treatment Center is a Medical Center in Queens, NY is a dynamic multi-specialty clinic. Physicians delivering high quality individualized care in Forest Hills, Queens, NY.","publisher":{"@id":"https:\/\/www.medexdtc.com\/es\/#organization"},"potentialAction":[{"@type":"SearchAction","target":{"@type":"EntryPoint","urlTemplate":"https:\/\/www.medexdtc.com\/es\/?s={search_term_string}"},"query-input":{"@type":"PropertyValueSpecification","valueRequired":true,"valueName":"search_term_string"}}],"inLanguage":"es"},{"@type":"Organization","@id":"https:\/\/www.medexdtc.com\/es\/#organization","name":"Medex DCT","url":"https:\/\/www.medexdtc.com\/es\/","logo":{"@type":"ImageObject","inLanguage":"es","@id":"https:\/\/www.medexdtc.com\/es\/#\/schema\/logo\/image\/","url":"https:\/\/www.medexdtc.com\/wp-content\/uploads\/2024\/11\/medex-diagnostic-and-treatment-center-in-queens-NY.png","contentUrl":"https:\/\/www.medexdtc.com\/wp-content\/uploads\/2024\/11\/medex-diagnostic-and-treatment-center-in-queens-NY.png","width":226,"height":47,"caption":"Medex DCT"},"image":{"@id":"https:\/\/www.medexdtc.com\/es\/#\/schema\/logo\/image\/"},"sameAs":["https:\/\/www.facebook.com\/medexny","https:\/\/x.com\/DtcMedex","https:\/\/www.instagram.com\/medexdtc\/","https:\/\/www.linkedin.com\/company\/medex-diagnostic-and-treatment-center\/about\/"]}]}},"jetpack_sharing_enabled":true,"_links":{"self":[{"href":"https:\/\/www.medexdtc.com\/es\/wp-json\/wp\/v2\/pages\/6305","targetHints":{"allow":["GET"]}}],"collection":[{"href":"https:\/\/www.medexdtc.com\/es\/wp-json\/wp\/v2\/pages"}],"about":[{"href":"https:\/\/www.medexdtc.com\/es\/wp-json\/wp\/v2\/types\/page"}],"author":[{"embeddable":true,"href":"https:\/\/www.medexdtc.com\/es\/wp-json\/wp\/v2\/users\/3"}],"replies":[{"embeddable":true,"href":"https:\/\/www.medexdtc.com\/es\/wp-json\/wp\/v2\/comments?post=6305"}],"version-history":[{"count":0,"href":"https:\/\/www.medexdtc.com\/es\/wp-json\/wp\/v2\/pages\/6305\/revisions"}],"wp:attachment":[{"href":"https:\/\/www.medexdtc.com\/es\/wp-json\/wp\/v2\/media?parent=6305"}],"curies":[{"name":"wp","href":"https:\/\/api.w.org\/{rel}","templated":true}]}}