{"id":6318,"date":"2025-04-14T04:28:28","date_gmt":"2025-04-13T23:28:28","guid":{"rendered":"https:\/\/www.medexdtc.com\/conoce-a-las-doctoras-de-practicas-sin-culpa-doctor-sin-culpa-queens\/"},"modified":"2025-09-15T04:27:40","modified_gmt":"2025-09-14T23:27:40","slug":"meet-the-no-fault-practice-doctors-no-fault-doctor-queens","status":"publish","type":"page","link":"https:\/\/www.medexdtc.com\/es\/meet-the-no-fault-practice-doctors-no-fault-doctor-queens\/","title":{"rendered":"Conoce a las doctoras de pr\u00e1cticas sin culpa. Doctor Sin Culpa Queens."},"content":{"rendered":"<p>Medex Diagnostic &amp; Treatment Center es un proveedor autorizado de todas tus necesidades m\u00e9dicas derivadas de lesiones y dolencias relacionadas con el autom\u00f3vil.<\/p><h2 class=\"wp-block-heading\">Conoce a los m\u00e9dicos del Centro de Diagn\u00f3stico y Tratamiento Medex<\/h2><hr class=\"wp-block-separator has-alpha-channel-opacity\"\/><h3 class=\"wp-block-heading\">Hemos construido una relaci\u00f3n duradera basada en la confianza<\/h3><p>Hablar con un m\u00e9dico que no conoces puede ser una experiencia inc\u00f3moda. En el estado de Nueva York, la cobertura del seguro sin culpa es un componente obligatorio de la cobertura del autom\u00f3vil. Si te has lesionado en un accidente, tienes derecho a buscar tratamiento para tus lesiones. Tras rellenar tus papeles, tu seguro puede pedirte que acudas a una cl\u00ednica de seguro sin culpa para que te diagnostiquen y te den un posible tratamiento.   <\/p><p>No-Fault Doctor Queens es un proveedor autorizado de estas necesidades. Tanto si nos visitas por tu cuenta como si recibes un aviso para que vengas a vernos, nuestro objetivo es el mismo: ayudarte a que te sientas c\u00f3modo con nuestro equipo de m\u00e9dicos. <\/p><h2 class=\"wp-block-heading\">Conoce a nuestro personal<\/h2><p>Conoce a los expertos y especialistas en su campo. Tu tratamiento est\u00e1 en manos muy capaces. <\/p><figure class=\"wp-block-image\"><img decoding=\"async\" src=\"https:\/\/nofaultdoctorqueens.com\/wp-content\/uploads\/2019\/06\/victor-katz-md.jpg\" alt=\"Dr. Victor Katz\" class=\"wp-image-205963\"\/><\/figure><h4 class=\"wp-block-heading\">Dr. Victor Katz<\/h4><p>Cirujano Ortop\u00e9dico<\/p><p><strong>Declaraci\u00f3n profesional<\/strong><br\/>El Dr. Victor Katz es un cirujano ortop\u00e9dico experimentado. Forma parte del Centro de Diagn\u00f3stico y Tratamiento Medex, donde es experto en el tratamiento de una amplia gama de problemas m\u00e9dicos. Habla ingl\u00e9s y ruso con fluidez, lo que le hace accesible a pacientes de diversos or\u00edgenes culturales.  <\/p><p>El Dr. Katz se licenci\u00f3 en Medicina en la Universidad Estatal de Nueva York, Stony Brook. A continuaci\u00f3n, realiz\u00f3 un internado y una residencia en medicina f\u00edsica y rehabilitaci\u00f3n en el Centro M\u00e9dico Jud\u00edo de Long Island. Adem\u00e1s, realiz\u00f3 otro internado en cirug\u00eda general en el Centro M\u00e9dico Cabrini, seguido de una residencia en cirug\u00eda ortop\u00e9dica en los Centros M\u00e9dicos Cat\u00f3licos de San Vicente.  <\/p><p>El Dr. Katz perfeccion\u00f3 sus conocimientos cl\u00ednicos realizando una beca de investigaci\u00f3n en cirug\u00eda de la columna vertebral en el Centro M\u00e9dico Seton. Tambi\u00e9n est\u00e1 certificado por la Junta Americana de Cirug\u00eda Ortop\u00e9dica. Es una persona muy preparada, que responde de buen grado a todas las inquietudes de los pacientes y les ofrece valiosos consejos que les permiten tomar la decisi\u00f3n correcta.  <\/p><p><strong>Educaci\u00f3n<\/strong><br\/>Facultad de Medicina &#8211; Universidad Estatal de Nueva York, Stony Brook, Doctor en Medicina<br\/>City University of New York (Licenciatura)<br\/>Long Island Jewish Medical Center, Residencia en Medicina F\u00edsica y Rehabilitaci\u00f3n<br\/>Long Island Jewish Medical Center, Pr\u00e1cticas en Medicina F\u00edsica y Rehabilitaci\u00f3n<br\/>Cabrini Medical Center, Pr\u00e1cticas en Cirug\u00eda General<br\/>Saint Vincent&#8217;s Catholic Medical Centers, Residencia en Cirug\u00eda Ortop\u00e9dica<br\/>Seton Medical Center, Beca en Cirug\u00eda de la Columna Vertebral<\/p><figure class=\"wp-block-image\"><img decoding=\"async\" src=\"https:\/\/nofaultdoctorqueens.com\/wp-content\/uploads\/2018\/04\/dr-alexander-gimpelevich-v1.jpg\" alt=\"Dr. Alex Gimpelevich\" class=\"wp-image-204618\"\/><\/figure><h4 class=\"wp-block-heading\">Dr. Alex Gimpelevich<\/h4><p>Fisiatra<\/p><p><strong>Declaraci\u00f3n profesional<\/strong><br\/>El Dr. Gimpelevich naci\u00f3 y creci\u00f3 en J\u00e1rkov, Ucrania. Como no le gustan los retos acad\u00e9micos, se licenci\u00f3 en Bioqu\u00edmica por la Universidad de Columbia en 1997. Tras trabajar 2 a\u00f1os investigando para el Hospital Universitario Mt. Sinai\/Columbia, el Dr. Gimpelevich se doctor\u00f3 en Osteopat\u00eda por el Colegio de Medicina Osteop\u00e1tica de Nueva York. Tras 1 a\u00f1o de residencia en el Centro M\u00e9dico Maim\u00f3nides de Brooklyn, el Dr. Gimpelevich complet\u00f3 su residencia en medicina f\u00edsica y rehabilitaci\u00f3n en el Hospital Jud\u00edo de Long Island, en Long Island.   <\/p><p><strong>Educaci\u00f3n<\/strong><br\/>Facultad de Medicina &#8211; Instituto Tecnol\u00f3gico de Nueva York, Facultad de Medicina Osteop\u00e1tica de Nueva York, Doctor en Medicina Osteop\u00e1tica<br\/>Centro M\u00e9dico Maim\u00f3nides (Residencia)<br\/>Centro M\u00e9dico Jud\u00edo de Long Island, Residencia en Medicina F\u00edsica y Rehabilitaci\u00f3n<\/p><figure class=\"wp-block-image\"><img decoding=\"async\" src=\"https:\/\/nofaultdoctorqueens.com\/wp-content\/uploads\/2018\/04\/profile-dr-david-khasidy-v1.jpg\" alt=\"Dr. David Khasidy\" class=\"wp-image-204622\"\/><\/figure><h4 class=\"wp-block-heading\">Dr. David Khasidy<\/h4><p>Medicina interna<\/p><p><strong>Declaraci\u00f3n profesional<\/strong><br\/>El Dr. Khasidy es uno de nuestros m\u00e9dicos de atenci\u00f3n primaria aqu\u00ed en MedEx Diagnostics. Tiene una gran experiencia en el tratamiento y cuidado de los habitantes de la ciudad de Nueva York. Actualmente acepta nuevos pacientes en nuestro centro de Queens.  <\/p><p><strong>Educaci\u00f3n<\/strong><br\/>Escuela de Medicina &#8211; Facultad de Medicina de la Universidad M\u00e9dica Estatal de Tiflis<br\/>Centro M\u00e9dico Jud\u00edo de Long Island, Residencia en Medicina Interna<\/p><figure class=\"wp-block-image\"><img decoding=\"async\" src=\"https:\/\/nofaultdoctorqueens.com\/wp-content\/uploads\/2018\/04\/profile-dr-afshin-ganjian-v1.jpg\" alt=\"Dr. Afshin Ganjian\" class=\"wp-image-204621\"\/><\/figure><h4 class=\"wp-block-heading\">Dr. Afshin Ganjian<\/h4><p>Pod\u00f3logo<\/p><p><strong>Declaraci\u00f3n profesional<\/strong><br\/>El Dr. Afshin Ganjian se enorgullece de atender las necesidades podol\u00f3gicas de Queens desde las oficinas del Centro de Diagn\u00f3stico y Tratamiento Medex en Forest Hills. El Dr. Ganjian es licenciado por el Colegio de Medicina Podol\u00f3gica de Nueva York y se dedica al bienestar de sus pacientes. Se complace en concertar citas en ingl\u00e9s y ruso.  <\/p><p><strong>Educaci\u00f3n<\/strong><br\/>New York College of Podiatric Medicine, Doctor en Medicina Podol\u00f3gica<\/p><figure class=\"wp-block-image\"><img decoding=\"async\" src=\"https:\/\/nofaultdoctorqueens.com\/wp-content\/uploads\/2019\/12\/profile-dr-harold-avella.jpg\" alt=\"Dr. Harold Avella\" class=\"wp-image-206099\"\/><\/figure><h4 class=\"wp-block-heading\">Dr. Harold Avella<\/h4><p>Fisiatra<\/p><p><strong>Declaraci\u00f3n profesional<\/strong><br\/>El Dr. Harold Avella es Doctor en Medicina y Especialista en Medicina F\u00edsica y Rehabilitaci\u00f3n. Ha trabajado y sigue trabajando extensamente en el Centro M\u00e9dico Jud\u00edo de Long Island y en el Centro M\u00e9dico Mercy. Tambi\u00e9n es Profesor Adjunto de Medicina de Rehabilitaci\u00f3n en el Bronx, NY.  <\/p><p><strong>Educaci\u00f3n<\/strong><br\/>Residencia :<br\/>Julio 1997 &#8211; Junio 1995<br\/>Long Island Jewish Medical Center, New Hyde Park, New York<br\/>Internado en Medicina Interna<br\/>Residencia en Medicina F\u00edsica y Rehabilitaci\u00f3n<br\/>Jefe de Residentes PM&amp;R &#8211; Julio 1994 a Junio 1995<\/p><p>Doctor en Medicina:<br\/>Agosto 1987 &#8211; Junio 1991<br\/>Universidad Central Del Caribe, Escuela de Medicina, Bayam\u00f3n, Puerto Rico<br\/>Escuela de Medicina Americana acreditada por iLCME<\/p><p>Licenciatura:<br\/>Agosto 1983 &#8211; Mayo 1987<br\/>Universidad Purdue, West Lafayette, Indiana<br\/>Licenciatura en Ciencias, especialidad Biolog\u00eda, especialidad Psicolog\u00eda<\/p><figure class=\"wp-block-image\"><img decoding=\"async\" src=\"https:\/\/nofaultdoctorqueens.com\/wp-content\/uploads\/2021\/02\/dr-robert-pick.jpg\" alt=\"Dr. Robert Y. Pick\" class=\"wp-image-206245\"\/><\/figure><h4 class=\"wp-block-heading\">Dr. Robert Y. Pick<\/h4><p>Cirujano Ortop\u00e9dico<\/p><p><strong>Declaraci\u00f3n profesional<\/strong><br\/>El Dr. Robert Pick es un experto Cirujano Ortop\u00e9dico que actualmente ejerce en el Centro de Diagn\u00f3stico y Tratamiento Medex, donde gestiona una gran cantidad de problemas m\u00e9dicos en accidentes de coche e incidentes relacionados con el trabajo.  <\/p><p>El Dr. Pick est\u00e1 certificado y diplomado por la Junta Nacional de Examinadores M\u00e9dicos y la Junta Americana de Cirug\u00eda Ortop\u00e9dica.  <\/p><p>Adem\u00e1s, el Dr. Pick hab\u00eda sido veterano de combate como Teniente, Cuerpo M\u00e9dico, Reserva de la Marina de los Estados Unidos &#8211; Preparado en 1971-1975. Tambi\u00e9n fue Teniente Comandante del Servicio de Salud P\u00fablica de los Estados Unidos en 1975 hasta que fue licenciado con honores en 1978. <\/p><p><strong>Educaci\u00f3n<\/strong><br\/>BA -Yeshiva College, Yeshiva University, Nueva York, NY, 6\/1967<br\/>BHL -Erna Michael College of Hebraic Studies, Yeshiva University, Nueva York, NY, 6\/1967<br\/>MD -Albert Einstein College of Medicine, Yeshiva University, Bronx, NY, 5\/1971<br\/>MPH -School of Public Health, Harvard University, Boston, MA, 6\/1979<\/p><h2 class=\"wp-block-heading\">Sin preocupaciones&#8230; Sin Culpas<\/h2><h3 class=\"wp-block-heading\">No-Fault Doctor Queens es un proveedor autorizado de estas necesidades.<\/h3><hr class=\"wp-block-separator has-alpha-channel-opacity\"\/><p>Incluso puedes ser culpable al 100% del accidente que te caus\u00f3 las lesiones. No importa. Siempre que sufras lesiones por un veh\u00edculo de motor, excluidas las motocicletas, y no estuvieras tomando drogas ilegales ni borracho en ese momento, deber\u00edas recibir las prestaciones asistenciales estipuladas sin culpa.  <\/p><p>Puedes ser conductor, ciclista, pasajero o peat\u00f3n. Todos tienen derecho a recibir asistencia en virtud de las disposiciones del seguro sin culpa obligatorio. <\/p><p>En el estado de Nueva York, una aseguradora sin culpa est\u00e1 autorizada a contratar con una organizaci\u00f3n de proveedores preferentes, o PPO, los servicios sanitarios que se prestan cuando se produce una lesi\u00f3n elegible. La estipulaci\u00f3n de esta relaci\u00f3n es que las personas que re\u00fanan los requisitos de una p\u00f3liza sin culpa son libres de elegir un proveedor sanitario PPO no afiliado cuando busquen atenci\u00f3n m\u00e9dica. <\/p><p>La Normativa 83 del Departamento regula la forma en que los proveedores sin culpa reciben una indemnizaci\u00f3n por prestar asistencia a las personas que re\u00fanen los requisitos. Entr\u00f3 en vigor en virtud de la Ley de Reparaci\u00f3n Integral del Seguro de Veh\u00edculos de Motor en 1974. Se ha revisado varias veces desde entonces, incluyendo un baremo de honorarios que regula pr\u00e1cticamente todos los gastos sanitarios posibles que se rigen por los estatutos del seguro sin culpa.  <\/p><p>Para que se autoricen las solicitudes de tratamiento m\u00e9dico, la aseguradora debe trabajar con cl\u00ednicas que sean propiedad de m\u00e9dicos colegiados y est\u00e9n gestionadas y controladas por ellos. En No-Fault Doctor Queens, ofrecemos m\u00e1s de 20 proveedores especializados bajo un mismo techo, lo que te permite acceder a la atenci\u00f3n integral que necesitas tras un accidente de tr\u00e1fico. <\/p><p>Todas las cl\u00ednicas m\u00e9dicas del estado de Nueva York deben estar constituidas en sociedad para poder recibir reembolsos en virtud de las leyes de no culpabilidad.<\/p><div data-src=\"https:\/\/cdn.trustindex.io\/loader.js?37f5ac044b6e1146c6768056d5a\"><\/div><h2 class=\"wp-block-heading\">Siempre hay ayuda disponible<\/h2><h3 class=\"wp-block-heading\">Las lesiones por accidente de tr\u00e1fico pueden ser graves sin que te des cuenta.<\/h3><hr class=\"wp-block-separator has-alpha-channel-opacity\"\/><p>Las lesiones traum\u00e1ticas pueden crear s\u00edntomas molestos a veces d\u00edas, si no semanas, despu\u00e9s de producirse la lesi\u00f3n original. Sin tratamiento m\u00e9dico inmediato tras una lesi\u00f3n, la afecci\u00f3n puede convertirse en trabajo. Algunos lesionados pueden incluso sufrir una incapacidad permanente a causa de las lesiones sufridas en un accidente de tr\u00e1fico si no se busca tratamiento para la lesi\u00f3n.  <\/p><p>Las estipulaciones de tratamiento sin culpa en Nueva York hacen posible que todo el mundo reciba la atenci\u00f3n que necesita tras un accidente. Todos los veh\u00edculos deben estar asegurados con p\u00f3lizas sin culpa con una prestaci\u00f3n m\u00ednima de 50.000 $. <\/p><p>No importa qui\u00e9n sea el culpable del accidente. Puedes tener el 100% de la culpa. Siempre que no condujeras ebrio o bajo los efectos de drogas ilegales, es probable que tengas derecho a las prestaciones de este tipo de p\u00f3liza.  <\/p><ul class=\"wp-block-list\"><li>El accidente de coche debe haber ocurrido en el estado de Nueva York.<\/li>\n\n<li>La persona era el conductor o pasajero del veh\u00edculo asegurado, o un ciclista o peat\u00f3n entr\u00f3 en contacto con el veh\u00edculo de motor de forma que caus\u00f3 lesiones.<\/li>\n\n<li>El veh\u00edculo en cuesti\u00f3n debe estar cubierto por la ley. Quedan excluidas las motocicletas. <\/li>\n\n<li>El veh\u00edculo debe estar matriculado en el Estado de Nueva York.<\/li><\/ul><p>La p\u00f3liza de seguro de los veh\u00edculos debe haber sido vendida en Nueva York o autorizada a un proveedor de seguros que est\u00e9 autorizado a ejercer su actividad en el estado.<\/p>","protected":false},"excerpt":{"rendered":"<p>Medex Diagnostic &amp; Treatment Center es un proveedor autorizado de todas tus necesidades m\u00e9dicas derivadas de lesiones y dolencias relacionadas con el autom\u00f3vil. Conoce a los m\u00e9dicos del Centro de Diagn\u00f3stico y Tratamiento Medex Hemos construido una relaci\u00f3n duradera basada en la confianza Hablar con un m\u00e9dico que no conoces puede ser una experiencia inc\u00f3moda. &hellip; <\/p>\n<p class=\"link-more\"><a href=\"https:\/\/www.medexdtc.com\/es\/meet-the-no-fault-practice-doctors-no-fault-doctor-queens\/\" class=\"more-link\">Continue reading<span class=\"screen-reader-text\"> \u00abConoce a las doctoras de pr\u00e1cticas sin culpa. Doctor Sin Culpa Queens.\u00bb<\/span><\/a><\/p>\n","protected":false},"author":3,"featured_media":0,"parent":0,"menu_order":0,"comment_status":"closed","ping_status":"closed","template":"new_inner.php","meta":{"_acf_changed":false,"footnotes":""},"class_list":["post-6318","page","type-page","status-publish","hentry"],"acf":[],"yoast_head":"<!-- This site is optimized with the Yoast SEO plugin v27.5 - https:\/\/yoast.com\/product\/yoast-seo-wordpress\/ -->\n<title>Conoce a las doctoras de pr\u00e1cticas sin culpa. Doctor Sin Culpa Queens.<\/title>\n<meta name=\"description\" content=\"Conoce a nuestros m\u00e9dicos en el Centro de Diagn\u00f3stico y Tratamiento Medex. Tanto si nos visitas por tu cuenta como si recibes un aviso para que vengas a vernos, nuestro objetivo es el mismo: ayudarte a que te sientas c\u00f3modo con nuestro equipo de m\u00e9dicos. \u00a1Ponte en contacto con nosotros hoy mismo!\" \/>\n<meta name=\"robots\" content=\"index, follow, max-snippet:-1, max-image-preview:large, max-video-preview:-1\" \/>\n<link rel=\"canonical\" href=\"https:\/\/www.medexdtc.com\/es\/meet-the-no-fault-practice-doctors-no-fault-doctor-queens\/\" \/>\n<meta property=\"og:locale\" content=\"es_ES\" \/>\n<meta property=\"og:type\" content=\"article\" \/>\n<meta property=\"og:title\" content=\"Conoce a las doctoras de pr\u00e1cticas sin culpa. Doctor Sin Culpa Queens.\" \/>\n<meta property=\"og:description\" content=\"Conoce a nuestros m\u00e9dicos en el Centro de Diagn\u00f3stico y Tratamiento Medex. Tanto si nos visitas por tu cuenta como si recibes un aviso para que vengas a vernos, nuestro objetivo es el mismo: ayudarte a que te sientas c\u00f3modo con nuestro equipo de m\u00e9dicos. \u00a1Ponte en contacto con nosotros hoy mismo!\" \/>\n<meta property=\"og:url\" content=\"https:\/\/www.medexdtc.com\/es\/meet-the-no-fault-practice-doctors-no-fault-doctor-queens\/\" \/>\n<meta property=\"og:site_name\" content=\"Medex Diagnostic and Treatment Center - Queens Medical Center - Medical Clinic in Forest Hills, NY\" \/>\n<meta property=\"article:publisher\" content=\"https:\/\/www.facebook.com\/medexny\" \/>\n<meta property=\"article:modified_time\" content=\"2025-09-14T23:27:40+00:00\" \/>\n<meta name=\"twitter:card\" content=\"summary_large_image\" \/>\n<meta name=\"twitter:site\" content=\"@DtcMedex\" \/>\n<meta name=\"twitter:label1\" content=\"Tiempo de lectura\" \/>\n\t<meta name=\"twitter:data1\" content=\"8 minutos\" \/>\n<!-- \/ Yoast SEO plugin. -->","yoast_head_json":{"title":"Conoce a las doctoras de pr\u00e1cticas sin culpa. Doctor Sin Culpa Queens.","description":"Conoce a nuestros m\u00e9dicos en el Centro de Diagn\u00f3stico y Tratamiento Medex. Tanto si nos visitas por tu cuenta como si recibes un aviso para que vengas a vernos, nuestro objetivo es el mismo: ayudarte a que te sientas c\u00f3modo con nuestro equipo de m\u00e9dicos. \u00a1Ponte en contacto con nosotros hoy mismo!","robots":{"index":"index","follow":"follow","max-snippet":"max-snippet:-1","max-image-preview":"max-image-preview:large","max-video-preview":"max-video-preview:-1"},"canonical":"https:\/\/www.medexdtc.com\/es\/meet-the-no-fault-practice-doctors-no-fault-doctor-queens\/","og_locale":"es_ES","og_type":"article","og_title":"Conoce a las doctoras de pr\u00e1cticas sin culpa. Doctor Sin Culpa Queens.","og_description":"Conoce a nuestros m\u00e9dicos en el Centro de Diagn\u00f3stico y Tratamiento Medex. Tanto si nos visitas por tu cuenta como si recibes un aviso para que vengas a vernos, nuestro objetivo es el mismo: ayudarte a que te sientas c\u00f3modo con nuestro equipo de m\u00e9dicos. \u00a1Ponte en contacto con nosotros hoy mismo!","og_url":"https:\/\/www.medexdtc.com\/es\/meet-the-no-fault-practice-doctors-no-fault-doctor-queens\/","og_site_name":"Medex Diagnostic and Treatment Center - Queens Medical Center - Medical Clinic in Forest Hills, NY","article_publisher":"https:\/\/www.facebook.com\/medexny","article_modified_time":"2025-09-14T23:27:40+00:00","twitter_card":"summary_large_image","twitter_site":"@DtcMedex","twitter_misc":{"Tiempo de lectura":"8 minutos"},"schema":{"@context":"https:\/\/schema.org","@graph":[{"@type":"WebPage","@id":"https:\/\/www.medexdtc.com\/es\/meet-the-no-fault-practice-doctors-no-fault-doctor-queens\/","url":"https:\/\/www.medexdtc.com\/es\/meet-the-no-fault-practice-doctors-no-fault-doctor-queens\/","name":"Conoce a las doctoras de pr\u00e1cticas sin culpa. Doctor Sin Culpa Queens.","isPartOf":{"@id":"https:\/\/www.medexdtc.com\/es\/#website"},"primaryImageOfPage":{"@id":"https:\/\/www.medexdtc.com\/es\/meet-the-no-fault-practice-doctors-no-fault-doctor-queens\/#primaryimage"},"image":{"@id":"https:\/\/www.medexdtc.com\/es\/meet-the-no-fault-practice-doctors-no-fault-doctor-queens\/#primaryimage"},"thumbnailUrl":"https:\/\/nofaultdoctorqueens.com\/wp-content\/uploads\/2019\/06\/victor-katz-md.jpg","datePublished":"2025-04-13T23:28:28+00:00","dateModified":"2025-09-14T23:27:40+00:00","description":"Conoce a nuestros m\u00e9dicos en el Centro de Diagn\u00f3stico y Tratamiento Medex. Tanto si nos visitas por tu cuenta como si recibes un aviso para que vengas a vernos, nuestro objetivo es el mismo: ayudarte a que te sientas c\u00f3modo con nuestro equipo de m\u00e9dicos. \u00a1Ponte en contacto con nosotros hoy mismo!","breadcrumb":{"@id":"https:\/\/www.medexdtc.com\/es\/meet-the-no-fault-practice-doctors-no-fault-doctor-queens\/#breadcrumb"},"inLanguage":"es","potentialAction":[{"@type":"ReadAction","target":["https:\/\/www.medexdtc.com\/es\/meet-the-no-fault-practice-doctors-no-fault-doctor-queens\/"]}]},{"@type":"ImageObject","inLanguage":"es","@id":"https:\/\/www.medexdtc.com\/es\/meet-the-no-fault-practice-doctors-no-fault-doctor-queens\/#primaryimage","url":"https:\/\/nofaultdoctorqueens.com\/wp-content\/uploads\/2019\/06\/victor-katz-md.jpg","contentUrl":"https:\/\/nofaultdoctorqueens.com\/wp-content\/uploads\/2019\/06\/victor-katz-md.jpg"},{"@type":"BreadcrumbList","@id":"https:\/\/www.medexdtc.com\/es\/meet-the-no-fault-practice-doctors-no-fault-doctor-queens\/#breadcrumb","itemListElement":[{"@type":"ListItem","position":1,"name":"Home","item":"https:\/\/www.medexdtc.com\/es\/"},{"@type":"ListItem","position":2,"name":"Conoce a las doctoras de pr\u00e1cticas sin culpa. Doctor Sin Culpa Queens."}]},{"@type":"WebSite","@id":"https:\/\/www.medexdtc.com\/es\/#website","url":"https:\/\/www.medexdtc.com\/es\/","name":"Medex DTC","description":"Medex Diagnostic and Treatment Center is a Medical Center in Queens, NY is a dynamic multi-specialty clinic. Physicians delivering high quality individualized care in Forest Hills, Queens, NY.","publisher":{"@id":"https:\/\/www.medexdtc.com\/es\/#organization"},"potentialAction":[{"@type":"SearchAction","target":{"@type":"EntryPoint","urlTemplate":"https:\/\/www.medexdtc.com\/es\/?s={search_term_string}"},"query-input":{"@type":"PropertyValueSpecification","valueRequired":true,"valueName":"search_term_string"}}],"inLanguage":"es"},{"@type":"Organization","@id":"https:\/\/www.medexdtc.com\/es\/#organization","name":"Medex DCT","url":"https:\/\/www.medexdtc.com\/es\/","logo":{"@type":"ImageObject","inLanguage":"es","@id":"https:\/\/www.medexdtc.com\/es\/#\/schema\/logo\/image\/","url":"https:\/\/www.medexdtc.com\/wp-content\/uploads\/2024\/11\/medex-diagnostic-and-treatment-center-in-queens-NY.png","contentUrl":"https:\/\/www.medexdtc.com\/wp-content\/uploads\/2024\/11\/medex-diagnostic-and-treatment-center-in-queens-NY.png","width":226,"height":47,"caption":"Medex DCT"},"image":{"@id":"https:\/\/www.medexdtc.com\/es\/#\/schema\/logo\/image\/"},"sameAs":["https:\/\/www.facebook.com\/medexny","https:\/\/x.com\/DtcMedex","https:\/\/www.instagram.com\/medexdtc\/","https:\/\/www.linkedin.com\/company\/medex-diagnostic-and-treatment-center\/about\/"]}]}},"jetpack_sharing_enabled":true,"_links":{"self":[{"href":"https:\/\/www.medexdtc.com\/es\/wp-json\/wp\/v2\/pages\/6318","targetHints":{"allow":["GET"]}}],"collection":[{"href":"https:\/\/www.medexdtc.com\/es\/wp-json\/wp\/v2\/pages"}],"about":[{"href":"https:\/\/www.medexdtc.com\/es\/wp-json\/wp\/v2\/types\/page"}],"author":[{"embeddable":true,"href":"https:\/\/www.medexdtc.com\/es\/wp-json\/wp\/v2\/users\/3"}],"replies":[{"embeddable":true,"href":"https:\/\/www.medexdtc.com\/es\/wp-json\/wp\/v2\/comments?post=6318"}],"version-history":[{"count":1,"href":"https:\/\/www.medexdtc.com\/es\/wp-json\/wp\/v2\/pages\/6318\/revisions"}],"predecessor-version":[{"id":6320,"href":"https:\/\/www.medexdtc.com\/es\/wp-json\/wp\/v2\/pages\/6318\/revisions\/6320"}],"wp:attachment":[{"href":"https:\/\/www.medexdtc.com\/es\/wp-json\/wp\/v2\/media?parent=6318"}],"curies":[{"name":"wp","href":"https:\/\/api.w.org\/{rel}","templated":true}]}}