{"id":6321,"date":"2025-07-18T06:01:08","date_gmt":"2025-07-18T01:01:08","guid":{"rendered":"https:\/\/www.medexdtc.com\/medex-dtc-medicos-de-queens\/dra-irina-benyaminova-do-medico-de-atencion-primaria-en-queens-ny\/"},"modified":"2025-09-15T04:27:41","modified_gmt":"2025-09-14T23:27:41","slug":"dr-irina-benyaminova-do-primary-care-physician-in-queens-ny","status":"publish","type":"page","link":"https:\/\/www.medexdtc.com\/es\/medex-dtc-medicos-de-queens\/dr-irina-benyaminova-do-primary-care-physician-in-queens-ny\/","title":{"rendered":"Dra. Irina Benyaminova, DO &#8211; M\u00e9dico de Atenci\u00f3n Primaria en Queens, NY"},"content":{"rendered":"<section id=\"about-content-area-1\" class=\"about-content-area-one\">\n<div class=\"sub-container\">\n<div class=\"about-doc-panel\">\n<div class=\"doc-img-left\">\n<div class=\"about-doctor-image\"><img decoding=\"async\" class=\"attachment-post-thumbnail size-post-thumbnail wp-post-image\" src=\"https:\/\/www.medexdtc.com\/wp-content\/uploads\/2020\/07\/Dr-Irina-Benyaminova-DO-9168-circle_large.png\" alt=\"M\u00e9dico de Atenci\u00f3n Primaria Irina Benyaminova\" width=\"216\" height=\"216\"\/><\/div>\n<\/div>\n<div class=\"doc-detail-right\">\n<div class=\"about-doctor-reviews\">\u2605\u2605\u2605\u2605\u2605<\/div>\n<div class=\"about-doctor-name\">Dra. Irina Benyaminova, DO<\/div>\n<div class=\"about-doctor-desig\">M\u00e9dico de Atenci\u00f3n Primaria<\/div>\n<div class=\"contect-sec\">\n<div>\n<div class=\"about-doct-number\"><a href=\"tel:+1718.275.8900\">718.275.8900<\/a><\/div>\n<div class=\"about-doct-address\">Forest Hills, Queens, NY<\/div>\n<\/div>\n<\/div>\n<p><a class=\"appointment-btn\" href=\"https:\/\/app.nexhealth.com\/appt\/medex-diagnostic-and-treatment-%20center\" target=\"_blank\" rel=\"noopener\">Programa una<strong>cita en<\/strong><br\/><strong><\/strong><\/a><\/p>\n<\/div>\n<\/div>\n<\/div>\n<\/section>\n<section id=\"about-content-area\" class=\"about-content-sec sub-container\">\n<div class=\"about-madex-page-sub-title\"> <\/div>\n<div class=\"content-one about-editor-content\">\n<h1>Dra. Irina Benyaminova, Do &#8211; M\u00e9dico de Atenci\u00f3n Primaria en Queens, NY<\/h1>\n<p>M\u00e9dico de Familia y Atenci\u00f3n Primaria Certificado por la Junta | Medicina Osteop\u00e1tica | Forest Hills, Queens  <\/p>\n<p>\nLa Dra. Irina Benyaminova es una m\u00e9dica de atenci\u00f3n primaria compasiva e integral en el Centro de Diagn\u00f3stico y Tratamiento Medex de Forest Hills, Queens. M\u00e9dica oste\u00f3pata, estudia el funcionamiento conjunto de los sistemas del cuerpo, ayudando a los pacientes a conseguir una salud duradera mediante la prevenci\u00f3n, el diagn\u00f3stico precoz y el tratamiento coordinado. <\/p>\n<p>\nLa Dra. Benyaminova obtuvo su t\u00edtulo de Doctora en Medicina Osteop\u00e1tica en la Facultad de Medicina Osteop\u00e1tica del Instituto Tecnol\u00f3gico de Nueva York (Old Westbury, NY) y complet\u00f3 su residencia en Medicina Familiar en la Facultad de Medicina Weill Cornell de Nueva York. Est\u00e1 certificada por la Junta Osteop\u00e1tica Americana de M\u00e9dicos de Familia y es miembro activo de la Asociaci\u00f3n Osteop\u00e1tica Americana. <\/p>\n<p>\nAdem\u00e1s de atender a pacientes en Medex, la Dra. Benyaminova tambi\u00e9n atiende a pacientes en el Consultorio de Medicina Familiar BronxCare Fulton, en el Bronx, ampliando as\u00ed su compromiso con una atenci\u00f3n comunitaria accesible en toda la ciudad de Nueva York.<\/p>\n<p>\nSus intereses cl\u00ednicos incluyen el diagn\u00f3stico y tratamiento a largo plazo de enfermedades cr\u00f3nicas (como la diabetes, la hipertensi\u00f3n y el riesgo cardiovascular), el tratamiento de enfermedades agudas, las pruebas preventivas, la salud de la mujer y la educaci\u00f3n del paciente. Se dedica al aprendizaje continuo y actualiza regularmente su enfoque para reflejar las \u00faltimas t\u00e9cnicas de tratamiento osteop\u00e1tico y basadas en la evidencia. <\/p>\n<p>\nIdiomas: Ingl\u00e9s, ruso y espa\u00f1ol, lo que hace que la atenci\u00f3n sea m\u00e1s c\u00f3moda y accesible para la diversa comunidad de pacientes de Queens.<\/p>\n<p>\nLa Dra. Benyaminova da la bienvenida a los pacientes que buscan un socio atento y colaborador en su salud.\n<\/p>\n<\/div>\n<p><!-- <!-- Dr. Irina Benyaminova, DO \u2013 Conditions Treated & Education -->\n<\/p><div class=\"content-three about-editor-content sub-container\">\n<h2 class=\"about-title\">Credenciales<\/h2>\n<h3>Especialidades<\/h3>\n<p>M\u00e9dico de Atenci\u00f3n Primaria<\/p>\n<h3>Nombres de pr\u00e1cticas<\/h3>\n<p>Centro de Diagn\u00f3stico y Tratamiento Medex<\/p>\n<h3>Educaci\u00f3n y formaci\u00f3n<\/h3>\n\n<p>Facultad de Medicina: New York Institute Of Technology College Of Osteopathic Medicine,\nGraduado en 2003<\/p>\n <h3>Lenguas habladas<\/h3>\n  <ul>\n    <li>Ruso<\/li>\n    <li>Espa\u00f1ol<\/li>\n    <li>Ingl\u00e9s<\/li>\n  <\/ul>\n\n<h2>Afecciones y tratamientos<\/h2>\n  <ul>\n    <li>Obesidad<\/li>\n    <li>Bronquitis cr\u00f3nica<\/li>\n    <li>Ansiedad Trastornos f\u00f3bicos<\/li>\n    <li>Trastornos del Metabolismo Lipoide<\/li>\n    <li>Trastorno por d\u00e9ficit de atenci\u00f3n (TDA)<\/li>\n    <li>Hipertensi\u00f3n (HTA)<\/li>\n    <li>Pie de atleta<\/li>\n    <li>Artrosis<\/li>\n    <li>Fibrilaci\u00f3n auricular y aleteo auricular<\/li>\n    <li>Insuficiencia cardiaca<\/li>\n    <li>Trastorno bipolar<\/li>\n    <li>Leiomioma uterino<\/li>\n    <li>Infecci\u00f3n del tracto urinario (ITU)<\/li>\n    <li>Hipotiroidismo<\/li>\n    <li>Infecci\u00f3n por VIH<\/li>\n    <li>Enfermedad Hep\u00e1tica Infecciosa<\/li>\n    <li>Osteomielitis<\/li>\n    <li>P\u00e9rdida auditiva<\/li>\n    <li>Aterosclerosis<\/li>\n    <li>Aneurisma a\u00f3rtico abdominal<\/li>\n    <li>Trastornos depresivos<\/li>\n    <li>Herpes Z\u00f3ster<\/li>\n    <li>Bocio no t\u00f3xico<\/li>\n    <li>Demencia<\/li>\n    <li>Estre\u00f1imiento<\/li>\n    <li>Ti\u00f1a Unguium<\/li>\n    <li>V\u00e9rtigo Posicional Parox\u00edstico Benigno<\/li>\n    <li>Hernia ventral<\/li>\n    <li>Epilepsia<\/li>\n    <li>Dependencia del alcohol<\/li>\n    <li>C\u00e1lculos del aparato urinario<\/li>\n    <li>Verrugas plantares<\/li>\n    <li>Tiroiditis<\/li>\n    <li>Fascitis plantar<\/li>\n    <li>Sinusitis cr\u00f3nica<\/li>\n    <li>Eczema<\/li>\n    <li>Hernia abdominal<\/li>\n    <li>Trastornos de los nervios perif\u00e9ricos<\/li>\n    <li>Tuberculosis pulmonar (TB)<\/li>\n    <li>Isquemia cerebral transitoria<\/li>\n    <li>Cardiomiopat\u00eda<\/li>\n    <li>Cefalea tensional<\/li>\n    <li>Erupci\u00f3n cut\u00e1nea<\/li>\n    <li>Conjuntivitis aguda<\/li>\n    <li>Infecciones agudas de las v\u00edas respiratorias altas<\/li>\n    <li>Escoliosis o cifoescoliosis<\/li>\n    <li>Herpes simple<\/li>\n    <li>Juanetes<\/li>\n    <li>Diabetes Mellitus (DM)<\/li>\n    <li>Autismo<\/li>\n    <li>Enfermedad renal cr\u00f3nica<\/li>\n    <li>Prostatitis<\/li>\n    <li>Intususcepci\u00f3n<\/li>\n    <li>Diverticulitis<\/li>\n    <li>Cataratas<\/li>\n    <li>Sarcoidosis<\/li>\n    <li>Ansiedad Trastornos Disociativos y Somatomorfos<\/li>\n    <li>Glaucoma<\/li>\n    <li>Sangrado vaginal anormal<\/li>\n    <li>Hemorroides<\/li>\n    <li>Colelitiasis o colecistitis<\/li>\n    <li>Hernia inguinal<\/li>\n    <li>Otitis media<\/li>\n    <li>Enfermedad Valvular Mitral<\/li>\n    <li>Trastornos alimentarios<\/li>\n    <li>Ci\u00e1tica<\/li>\n    <li>Neumon\u00eda<\/li>\n    <li>Herpes genital<\/li>\n    <li>Rinitis al\u00e9rgica<\/li>\n    <li>S\u00edndrome de ovarios poliqu\u00edsticos (SOP)<\/li>\n    <li>Cirrosis<\/li>\n    <li>S\u00edndrome de Fatiga Cr\u00f3nica<\/li>\n    <li>Queratitis<\/li>\n    <li>Estenosis espinal<\/li>\n    <li>Arritmia cardiaca<\/li>\n    <li>Hipertrofia Prost\u00e1tica Benigna (HBP)<\/li>\n    <li>Gastritis y duodenitis<\/li>\n    <li>Asma bronquial<\/li>\n    <li>Anemia<\/li>\n    <li>Enfermedad por reflujo gastroesof\u00e1gico (ERGE)<\/li>\n    <li>Anemia por d\u00e9ficit de vitamina B12<\/li>\n    <li>Osteoporosis<\/li>\n    <li>Gota<\/li>\n    <li>Incontinencia urinaria<\/li>\n    <li>Trastornos mamarios<\/li>\n    <li>Deficiencia de vitamina D<\/li>\n  <\/ul>\n<\/div>\n<\/section><p><\/p>","protected":false},"excerpt":{"rendered":"<p>\u2605\u2605\u2605\u2605\u2605 Dra. Irina Benyaminova, DO M\u00e9dico de Atenci\u00f3n Primaria 718.275.8900 Forest Hills, Queens, NY Programa unacita en Dra. Irina Benyaminova, Do &#8211; M\u00e9dico de Atenci\u00f3n Primaria en Queens, NY M\u00e9dico de Familia y Atenci\u00f3n Primaria Certificado por la Junta | Medicina Osteop\u00e1tica | Forest Hills, Queens La Dra. Irina Benyaminova es una m\u00e9dica de atenci\u00f3n &hellip; <\/p>\n<p class=\"link-more\"><a href=\"https:\/\/www.medexdtc.com\/es\/medex-dtc-medicos-de-queens\/dr-irina-benyaminova-do-primary-care-physician-in-queens-ny\/\" class=\"more-link\">Continue reading<span class=\"screen-reader-text\"> \u00abDra. Irina Benyaminova, DO &#8211; M\u00e9dico de Atenci\u00f3n Primaria en Queens, NY\u00bb<\/span><\/a><\/p>\n","protected":false},"author":3,"featured_media":0,"parent":4364,"menu_order":0,"comment_status":"closed","ping_status":"closed","template":"doctor-full-width.php","meta":{"_acf_changed":false,"footnotes":""},"class_list":["post-6321","page","type-page","status-publish","hentry"],"acf":[],"yoast_head":"<!-- This site is optimized with the Yoast SEO plugin v27.4 - https:\/\/yoast.com\/product\/yoast-seo-wordpress\/ -->\n<title>Dra. Irina Benyaminova, DO - M\u00e9dico de Atenci\u00f3n Primaria en Queens, NY - Medex Diagnostic and Treatment Center - Queens Medical Center - Medical Clinic in Forest Hills, NY<\/title>\n<meta name=\"robots\" content=\"index, follow, max-snippet:-1, max-image-preview:large, max-video-preview:-1\" \/>\n<link rel=\"canonical\" href=\"https:\/\/www.medexdtc.com\/es\/medex-dtc-medicos-de-queens\/dr-irina-benyaminova-do-primary-care-physician-in-queens-ny\/\" \/>\n<meta property=\"og:locale\" content=\"es_ES\" \/>\n<meta property=\"og:type\" content=\"article\" \/>\n<meta property=\"og:title\" content=\"Dra. Irina Benyaminova, DO - M\u00e9dico de Atenci\u00f3n Primaria en Queens, NY - Medex Diagnostic and Treatment Center - Queens Medical Center - Medical Clinic in Forest Hills, NY\" \/>\n<meta property=\"og:description\" content=\"\u2605\u2605\u2605\u2605\u2605 Dra. Irina Benyaminova, DO M\u00e9dico de Atenci\u00f3n Primaria 718.275.8900 Forest Hills, Queens, NY Programa unacita en Dra. Irina Benyaminova, Do &#8211; M\u00e9dico de Atenci\u00f3n Primaria en Queens, NY M\u00e9dico de Familia y Atenci\u00f3n Primaria Certificado por la Junta | Medicina Osteop\u00e1tica | Forest Hills, Queens La Dra. Irina Benyaminova es una m\u00e9dica de atenci\u00f3n &hellip; Continue reading &quot;Dra. Irina Benyaminova, DO &#8211; M\u00e9dico de Atenci\u00f3n Primaria en Queens, NY&quot;\" \/>\n<meta property=\"og:url\" content=\"https:\/\/www.medexdtc.com\/es\/medex-dtc-medicos-de-queens\/dr-irina-benyaminova-do-primary-care-physician-in-queens-ny\/\" \/>\n<meta property=\"og:site_name\" content=\"Medex Diagnostic and Treatment Center - Queens Medical Center - Medical Clinic in Forest Hills, NY\" \/>\n<meta property=\"article:publisher\" content=\"https:\/\/www.facebook.com\/medexny\" \/>\n<meta property=\"article:modified_time\" content=\"2025-09-14T23:27:41+00:00\" \/>\n<meta property=\"og:image\" content=\"https:\/\/www.medexdtc.com\/wp-content\/uploads\/2020\/07\/Dr-Irina-Benyaminova-DO-9168-circle_large.png\" \/>\n<meta name=\"twitter:card\" content=\"summary_large_image\" \/>\n<meta name=\"twitter:site\" content=\"@DtcMedex\" \/>\n<meta name=\"twitter:label1\" content=\"Tiempo de lectura\" \/>\n\t<meta name=\"twitter:data1\" content=\"3 minutos\" \/>\n<!-- \/ Yoast SEO plugin. -->","yoast_head_json":{"title":"Dra. Irina Benyaminova, DO - M\u00e9dico de Atenci\u00f3n Primaria en Queens, NY - Medex Diagnostic and Treatment Center - Queens Medical Center - Medical Clinic in Forest Hills, NY","robots":{"index":"index","follow":"follow","max-snippet":"max-snippet:-1","max-image-preview":"max-image-preview:large","max-video-preview":"max-video-preview:-1"},"canonical":"https:\/\/www.medexdtc.com\/es\/medex-dtc-medicos-de-queens\/dr-irina-benyaminova-do-primary-care-physician-in-queens-ny\/","og_locale":"es_ES","og_type":"article","og_title":"Dra. Irina Benyaminova, DO - M\u00e9dico de Atenci\u00f3n Primaria en Queens, NY - Medex Diagnostic and Treatment Center - Queens Medical Center - Medical Clinic in Forest Hills, NY","og_description":"\u2605\u2605\u2605\u2605\u2605 Dra. Irina Benyaminova, DO M\u00e9dico de Atenci\u00f3n Primaria 718.275.8900 Forest Hills, Queens, NY Programa unacita en Dra. Irina Benyaminova, Do &#8211; M\u00e9dico de Atenci\u00f3n Primaria en Queens, NY M\u00e9dico de Familia y Atenci\u00f3n Primaria Certificado por la Junta | Medicina Osteop\u00e1tica | Forest Hills, Queens La Dra. Irina Benyaminova es una m\u00e9dica de atenci\u00f3n &hellip; Continue reading \"Dra. Irina Benyaminova, DO &#8211; M\u00e9dico de Atenci\u00f3n Primaria en Queens, NY\"","og_url":"https:\/\/www.medexdtc.com\/es\/medex-dtc-medicos-de-queens\/dr-irina-benyaminova-do-primary-care-physician-in-queens-ny\/","og_site_name":"Medex Diagnostic and Treatment Center - Queens Medical Center - Medical Clinic in Forest Hills, NY","article_publisher":"https:\/\/www.facebook.com\/medexny","article_modified_time":"2025-09-14T23:27:41+00:00","og_image":[{"url":"https:\/\/www.medexdtc.com\/wp-content\/uploads\/2020\/07\/Dr-Irina-Benyaminova-DO-9168-circle_large.png","type":"","width":"","height":""}],"twitter_card":"summary_large_image","twitter_site":"@DtcMedex","twitter_misc":{"Tiempo de lectura":"3 minutos"},"schema":{"@context":"https:\/\/schema.org","@graph":[{"@type":"WebPage","@id":"https:\/\/www.medexdtc.com\/es\/medex-dtc-medicos-de-queens\/dr-irina-benyaminova-do-primary-care-physician-in-queens-ny\/","url":"https:\/\/www.medexdtc.com\/es\/medex-dtc-medicos-de-queens\/dr-irina-benyaminova-do-primary-care-physician-in-queens-ny\/","name":"Dra. Irina Benyaminova, DO - M\u00e9dico de Atenci\u00f3n Primaria en Queens, NY - Medex Diagnostic and Treatment Center - Queens Medical Center - Medical Clinic in Forest Hills, NY","isPartOf":{"@id":"https:\/\/www.medexdtc.com\/es\/#website"},"primaryImageOfPage":{"@id":"https:\/\/www.medexdtc.com\/es\/medex-dtc-medicos-de-queens\/dr-irina-benyaminova-do-primary-care-physician-in-queens-ny\/#primaryimage"},"image":{"@id":"https:\/\/www.medexdtc.com\/es\/medex-dtc-medicos-de-queens\/dr-irina-benyaminova-do-primary-care-physician-in-queens-ny\/#primaryimage"},"thumbnailUrl":"https:\/\/www.medexdtc.com\/wp-content\/uploads\/2020\/07\/Dr-Irina-Benyaminova-DO-9168-circle_large.png","datePublished":"2025-07-18T01:01:08+00:00","dateModified":"2025-09-14T23:27:41+00:00","breadcrumb":{"@id":"https:\/\/www.medexdtc.com\/es\/medex-dtc-medicos-de-queens\/dr-irina-benyaminova-do-primary-care-physician-in-queens-ny\/#breadcrumb"},"inLanguage":"es","potentialAction":[{"@type":"ReadAction","target":["https:\/\/www.medexdtc.com\/es\/medex-dtc-medicos-de-queens\/dr-irina-benyaminova-do-primary-care-physician-in-queens-ny\/"]}]},{"@type":"ImageObject","inLanguage":"es","@id":"https:\/\/www.medexdtc.com\/es\/medex-dtc-medicos-de-queens\/dr-irina-benyaminova-do-primary-care-physician-in-queens-ny\/#primaryimage","url":"https:\/\/www.medexdtc.com\/wp-content\/uploads\/2020\/07\/Dr-Irina-Benyaminova-DO-9168-circle_large.png","contentUrl":"https:\/\/www.medexdtc.com\/wp-content\/uploads\/2020\/07\/Dr-Irina-Benyaminova-DO-9168-circle_large.png"},{"@type":"BreadcrumbList","@id":"https:\/\/www.medexdtc.com\/es\/medex-dtc-medicos-de-queens\/dr-irina-benyaminova-do-primary-care-physician-in-queens-ny\/#breadcrumb","itemListElement":[{"@type":"ListItem","position":1,"name":"Home","item":"https:\/\/www.medexdtc.com\/es\/"},{"@type":"ListItem","position":2,"name":"Medex DTC M\u00e9dicos de Queens","item":"https:\/\/www.medexdtc.com\/es\/medex-dtc-medicos-de-queens\/"},{"@type":"ListItem","position":3,"name":"Dra. Irina Benyaminova, DO &#8211; M\u00e9dico de Atenci\u00f3n Primaria en Queens, NY"}]},{"@type":"WebSite","@id":"https:\/\/www.medexdtc.com\/es\/#website","url":"https:\/\/www.medexdtc.com\/es\/","name":"Medex DTC","description":"Medex Diagnostic and Treatment Center is a Medical Center in Queens, NY is a dynamic multi-specialty clinic. Physicians delivering high quality individualized care in Forest Hills, Queens, NY.","publisher":{"@id":"https:\/\/www.medexdtc.com\/es\/#organization"},"potentialAction":[{"@type":"SearchAction","target":{"@type":"EntryPoint","urlTemplate":"https:\/\/www.medexdtc.com\/es\/?s={search_term_string}"},"query-input":{"@type":"PropertyValueSpecification","valueRequired":true,"valueName":"search_term_string"}}],"inLanguage":"es"},{"@type":"Organization","@id":"https:\/\/www.medexdtc.com\/es\/#organization","name":"Medex DCT","url":"https:\/\/www.medexdtc.com\/es\/","logo":{"@type":"ImageObject","inLanguage":"es","@id":"https:\/\/www.medexdtc.com\/es\/#\/schema\/logo\/image\/","url":"https:\/\/www.medexdtc.com\/wp-content\/uploads\/2024\/11\/medex-diagnostic-and-treatment-center-in-queens-NY.png","contentUrl":"https:\/\/www.medexdtc.com\/wp-content\/uploads\/2024\/11\/medex-diagnostic-and-treatment-center-in-queens-NY.png","width":226,"height":47,"caption":"Medex DCT"},"image":{"@id":"https:\/\/www.medexdtc.com\/es\/#\/schema\/logo\/image\/"},"sameAs":["https:\/\/www.facebook.com\/medexny","https:\/\/x.com\/DtcMedex","https:\/\/www.instagram.com\/medexdtc\/","https:\/\/www.linkedin.com\/company\/medex-diagnostic-and-treatment-center\/about\/"]}]}},"jetpack_sharing_enabled":true,"_links":{"self":[{"href":"https:\/\/www.medexdtc.com\/es\/wp-json\/wp\/v2\/pages\/6321","targetHints":{"allow":["GET"]}}],"collection":[{"href":"https:\/\/www.medexdtc.com\/es\/wp-json\/wp\/v2\/pages"}],"about":[{"href":"https:\/\/www.medexdtc.com\/es\/wp-json\/wp\/v2\/types\/page"}],"author":[{"embeddable":true,"href":"https:\/\/www.medexdtc.com\/es\/wp-json\/wp\/v2\/users\/3"}],"replies":[{"embeddable":true,"href":"https:\/\/www.medexdtc.com\/es\/wp-json\/wp\/v2\/comments?post=6321"}],"version-history":[{"count":1,"href":"https:\/\/www.medexdtc.com\/es\/wp-json\/wp\/v2\/pages\/6321\/revisions"}],"predecessor-version":[{"id":6323,"href":"https:\/\/www.medexdtc.com\/es\/wp-json\/wp\/v2\/pages\/6321\/revisions\/6323"}],"up":[{"embeddable":true,"href":"https:\/\/www.medexdtc.com\/es\/wp-json\/wp\/v2\/pages\/4364"}],"wp:attachment":[{"href":"https:\/\/www.medexdtc.com\/es\/wp-json\/wp\/v2\/media?parent=6321"}],"curies":[{"name":"wp","href":"https:\/\/api.w.org\/{rel}","templated":true}]}}