{"id":6325,"date":"2025-06-12T05:53:25","date_gmt":"2025-06-12T00:53:25","guid":{"rendered":"https:\/\/www.medexdtc.com\/medex-dtc-medicos-de-queens\/dr-joseph-bernstein-md-medico-de-familia-en-queens-ny\/"},"modified":"2025-09-15T04:27:44","modified_gmt":"2025-09-14T23:27:44","slug":"dr-joseph-bernstein-md-family-physician-in-queens-ny","status":"publish","type":"page","link":"https:\/\/www.medexdtc.com\/es\/medex-dtc-medicos-de-queens\/dr-joseph-bernstein-md-family-physician-in-queens-ny\/","title":{"rendered":"Dr. Joseph Bernstein, MD &#8211; M\u00e9dico de Familia en Queens, NY"},"content":{"rendered":"<section id=\"about-content-area-1\" class=\"about-content-area-one\">\n<div class=\"sub-container\">\n<div class=\"about-doc-panel\">\n<div class=\"doc-img-left\">\n<div class=\"about-doctor-image\"><img decoding=\"async\" class=\"attachment-post-thumbnail size-post-thumbnail wp-post-image\" src=\"https:\/\/www.medexdtc.com\/wp-content\/uploads\/2025\/06\/Joseph-Bernstein-MD-2.jpg\" alt=\"M\u00e9dico de familia Joseph Bernstein\" width=\"216\" height=\"216\"\/><\/div>\n<\/div>\n<div class=\"doc-detail-right\">\n<div class=\"about-doctor-reviews\">\u2605\u2605\u2605\u2605\u2605<\/div>\n<div class=\"about-doctor-name\">Dr. Joseph Bernstein<\/div>\n<div class=\"about-doctor-desig\">M\u00e9dico de familia<\/div>\n<div class=\"contect-sec\">\n<div>\n<div class=\"about-doct-number\"><a href=\"tel:+1718.275.8900\">718.275.8900<\/a><\/div>\n<div class=\"about-doct-address\">Forest Hills, Queens, NY<\/div>\n<\/div>\n<\/div>\n<p><a class=\"appointment-btn\" href=\"https:\/\/app.nexhealth.com\/appt\/medex-diagnostic-and-treatment-%20center?pid=347716603\" target=\"_blank\" rel=\"noopener\">Programa una<strong>cita en<\/strong><br\/><strong><\/strong><\/a><\/p>\n<\/div>\n<\/div>\n<\/div>\n<\/section>\n<section id=\"about-content-area\" class=\"about-content-sec sub-container\">\n<div class=\"about-madex-page-sub-title\"> <\/div>\n<div class=\"content-one about-editor-content\">\n<h1>Acerca de Joseph Bernstein &#8211; M\u00e9dico de familia en Queens, NY<\/h1>\n<p>\u00c1mbito completo de la Medicina de Familia. Experiencia de m\u00e1s de 30 a\u00f1os en el \u00e1mbito ambulatorio y hospitalario. Alta competencia en atenci\u00f3n primaria y medicina integrativa. Proveedor participante en los principales planes de salud. Realizaci\u00f3n de evaluaciones IME\/discapacidad y de revisi\u00f3n por pares para diversas empresas. Docencia de estudiantes de medicina, residentes y enfermeras profesionales. Privilegios de asistencia en el LU Hospital at Forest Hills\/ Northwell System.      \n<\/p>\n<\/div>\n<p><!-- <div class=\"content-two sub-container\">\n\n\n<div class=\"about-title\">Conditions<\/div>\n\n\n\n\n<div class=\"condition-lists\">\n\n\n<ul><\/ul>\n\n\n<\/div>\n\n\n<\/div>\n\n\n\n\n<div class=\"content-two mt-4 sub-container\">\n\n\n<div class=\"about-title\">Treatments<\/div>\n\n\n\n\n<div class=\"condition-lists\">\n\n\n<ul><\/ul>\n\n\n<\/div>\n\n\n<\/div>\n\n\n--><\/p>\n<div class=\"content-three about-editor-content sub-container\">\n<h2 class=\"about-title\">Credenciales<\/h2>\n<h3>Especialidades<\/h3>\n<p>M\u00e9dico de familia<\/p>\n<h3>Nombres de pr\u00e1cticas<\/h3>\n<p>Centro de Diagn\u00f3stico y Tratamiento Medex<\/p>\n<h3>Educaci\u00f3n y formaci\u00f3n<\/h3>\n<ul>\n<li>Facultad de Medicina &#8211; Universidad Estatal de Medicina de Samara, Doctor en Medicina<\/li>\n<li>Hospital Universitario South Shore, Residencia en Medicina Familiar<\/li>\n<li>Universidad M\u00e9dica Estatal de Samara, Residencia en Medicina Familiar<\/li>\n\n<\/ul>\n<h2>Afecciones y tratamientos<\/h2>\n<ul>\n<li>Emergencia diab\u00e9tica<\/li>\n<li>Hipertensi\u00f3n arterial cr\u00f3nica<\/li>\n<li>Diabetes cr\u00f3nica<\/li>\n<li>Colesterol alto<\/li>\n\n<\/ul>\n\n\n<h3>Preguntas m\u00e1s frecuentes<\/h3>\n\n<p><strong>\u00bfCu\u00e1ndo puedo concertar una cita con el Dr. Joseph Bernstein?<\/strong><\/p>\n<p>Por lo general, el Dr. Joseph Bernstein tiene citas disponibles en el plazo de 1 semana. Puedes ver la disponibilidad m\u00e1s temprana del Dr. Bernstein y pedir cita online. <\/p>\n\n<p><strong>\u00bfAcepta el Dr. Joseph Bernstein nuevos pacientes?<\/strong><\/p>\n<p>El Dr. Joseph Bernstein suele aceptar nuevos pacientes. Puedes ver la disponibilidad m\u00e1s temprana del Dr. Bernstein y concertar una cita online. <\/p>\n\n<p><strong>\u00bfAcepta mi seguro el Dr. Joseph Bernstein?<\/strong><\/p>\n<p>Elige tu seguro m\u00e9dico para comprobar si el Dr. Bernstein pertenece a la red.<\/p>\n\n<p><strong>\u00bfPuedo pedir cita con el Dr. Joseph Bernstein por Internet?<\/strong><\/p>\n<p>S\u00ed, puedes pedir cita online con el Dr. Bernstein en Medex DTC. Es sencillo, seguro y gratuito. <\/p>\n\n<p><strong>\u00bfA qu\u00e9 hospital est\u00e1 afiliado el Dr. Joseph Bernstein?<\/strong><\/p>\n<p>El Dr. Joseph Bernstein est\u00e1 afiliado al Hospital Forest Hills.<\/p>\n\n<p><strong>\u00bfEn qu\u00e9 consulta trabaja el Dr. Joseph Bernstein?<\/strong><\/p>\n<p>El Dr. Joseph Bernstein trabaja en el CENTRO DE DIAGN\u00d3STICO Y TRATAMIENTO MEDEX.<\/p>\n\n<p><strong>\u00bfD\u00f3nde est\u00e1 la consulta del Dr. Joseph Bernstein?<\/strong><\/p>\n<p>La consulta del Dr. Joseph Bernstein se encuentra en 111-29 Queens Blvd, Forest Hills, NY 11375.<\/p>\n\n<p><strong>\u00bfQu\u00e9 certificaciones tiene el Dr. Joseph Bernstein?<\/strong><\/p>\n<p>El Dr. Joseph Bernstein est\u00e1 certificado por la Junta Americana de Medicina de Familia.<\/p>\n\n<p><strong>\u00bfCu\u00e1les son las razones m\u00e1s frecuentes por las que los pacientes acuden al Dr. Joseph Bernstein?<\/strong><\/p>\n<p>El Dr. Joseph Bernstein ve con frecuencia a pacientes por Examen F\u00edsico Anual, Artritis, Consulta Quiropr\u00e1ctica, Consulta del Pie y Enfermedad. Puedes ver otros motivos de visita del Dr. Joseph Bernstein en su perfil. <\/p>\n\n<p><strong>\u00bfQu\u00e9 idiomas habla el Dr. Joseph Bernstein?<\/strong><\/p>\n<p>El Dr. Joseph Bernstein habla ingl\u00e9s y ruso.<\/p>\n\n<\/div>\n<\/section>","protected":false},"excerpt":{"rendered":"<p>\u2605\u2605\u2605\u2605\u2605 Dr. Joseph Bernstein M\u00e9dico de familia 718.275.8900 Forest Hills, Queens, NY Programa unacita en Acerca de Joseph Bernstein &#8211; M\u00e9dico de familia en Queens, NY \u00c1mbito completo de la Medicina de Familia. Experiencia de m\u00e1s de 30 a\u00f1os en el \u00e1mbito ambulatorio y hospitalario. Alta competencia en atenci\u00f3n primaria y medicina integrativa. Proveedor participante &hellip; <\/p>\n<p class=\"link-more\"><a href=\"https:\/\/www.medexdtc.com\/es\/medex-dtc-medicos-de-queens\/dr-joseph-bernstein-md-family-physician-in-queens-ny\/\" class=\"more-link\">Continue reading<span class=\"screen-reader-text\"> \u00abDr. Joseph Bernstein, MD &#8211; M\u00e9dico de Familia en Queens, NY\u00bb<\/span><\/a><\/p>\n","protected":false},"author":3,"featured_media":0,"parent":4364,"menu_order":0,"comment_status":"closed","ping_status":"closed","template":"doctor-full-width.php","meta":{"_acf_changed":false,"footnotes":""},"class_list":["post-6325","page","type-page","status-publish","hentry"],"acf":[],"yoast_head":"<!-- This site is optimized with the Yoast SEO plugin v27.5 - https:\/\/yoast.com\/product\/yoast-seo-wordpress\/ -->\n<title>Dr. Joseph Bernstein, MD - M\u00e9dico de Familia en Queens, NY - Medex DTC<\/title>\n<meta name=\"robots\" content=\"index, follow, max-snippet:-1, max-image-preview:large, max-video-preview:-1\" \/>\n<link rel=\"canonical\" href=\"https:\/\/www.medexdtc.com\/es\/medex-dtc-medicos-de-queens\/dr-joseph-bernstein-md-family-physician-in-queens-ny\/\" \/>\n<meta property=\"og:locale\" content=\"es_ES\" \/>\n<meta property=\"og:type\" content=\"article\" \/>\n<meta property=\"og:title\" content=\"Dr. Joseph Bernstein, MD - M\u00e9dico de Familia en Queens, NY - Medex DTC\" \/>\n<meta property=\"og:description\" content=\"\u2605\u2605\u2605\u2605\u2605 Dr. Joseph Bernstein M\u00e9dico de familia 718.275.8900 Forest Hills, Queens, NY Programa unacita en Acerca de Joseph Bernstein &#8211; M\u00e9dico de familia en Queens, NY \u00c1mbito completo de la Medicina de Familia. Experiencia de m\u00e1s de 30 a\u00f1os en el \u00e1mbito ambulatorio y hospitalario. Alta competencia en atenci\u00f3n primaria y medicina integrativa. Proveedor participante &hellip; Continue reading &quot;Dr. Joseph Bernstein, MD &#8211; M\u00e9dico de Familia en Queens, NY&quot;\" \/>\n<meta property=\"og:url\" content=\"https:\/\/www.medexdtc.com\/es\/medex-dtc-medicos-de-queens\/dr-joseph-bernstein-md-family-physician-in-queens-ny\/\" \/>\n<meta property=\"og:site_name\" content=\"Medex Diagnostic and Treatment Center - Queens Medical Center - Medical Clinic in Forest Hills, NY\" \/>\n<meta property=\"article:publisher\" content=\"https:\/\/www.facebook.com\/medexny\" \/>\n<meta property=\"article:modified_time\" content=\"2025-09-14T23:27:44+00:00\" \/>\n<meta property=\"og:image\" content=\"https:\/\/www.medexdtc.com\/wp-content\/uploads\/2025\/06\/Joseph-Bernstein-MD-2.jpg\" \/>\n<meta name=\"twitter:card\" content=\"summary_large_image\" \/>\n<meta name=\"twitter:site\" content=\"@DtcMedex\" \/>\n<meta name=\"twitter:label1\" content=\"Tiempo de lectura\" \/>\n\t<meta name=\"twitter:data1\" content=\"2 minutos\" \/>\n<!-- \/ Yoast SEO plugin. -->","yoast_head_json":{"title":"Dr. Joseph Bernstein, MD - M\u00e9dico de Familia en Queens, NY - Medex DTC","robots":{"index":"index","follow":"follow","max-snippet":"max-snippet:-1","max-image-preview":"max-image-preview:large","max-video-preview":"max-video-preview:-1"},"canonical":"https:\/\/www.medexdtc.com\/es\/medex-dtc-medicos-de-queens\/dr-joseph-bernstein-md-family-physician-in-queens-ny\/","og_locale":"es_ES","og_type":"article","og_title":"Dr. Joseph Bernstein, MD - M\u00e9dico de Familia en Queens, NY - Medex DTC","og_description":"\u2605\u2605\u2605\u2605\u2605 Dr. Joseph Bernstein M\u00e9dico de familia 718.275.8900 Forest Hills, Queens, NY Programa unacita en Acerca de Joseph Bernstein &#8211; M\u00e9dico de familia en Queens, NY \u00c1mbito completo de la Medicina de Familia. Experiencia de m\u00e1s de 30 a\u00f1os en el \u00e1mbito ambulatorio y hospitalario. Alta competencia en atenci\u00f3n primaria y medicina integrativa. Proveedor participante &hellip; Continue reading \"Dr. Joseph Bernstein, MD &#8211; M\u00e9dico de Familia en Queens, NY\"","og_url":"https:\/\/www.medexdtc.com\/es\/medex-dtc-medicos-de-queens\/dr-joseph-bernstein-md-family-physician-in-queens-ny\/","og_site_name":"Medex Diagnostic and Treatment Center - Queens Medical Center - Medical Clinic in Forest Hills, NY","article_publisher":"https:\/\/www.facebook.com\/medexny","article_modified_time":"2025-09-14T23:27:44+00:00","og_image":[{"url":"https:\/\/www.medexdtc.com\/wp-content\/uploads\/2025\/06\/Joseph-Bernstein-MD-2.jpg","type":"","width":"","height":""}],"twitter_card":"summary_large_image","twitter_site":"@DtcMedex","twitter_misc":{"Tiempo de lectura":"2 minutos"},"schema":{"@context":"https:\/\/schema.org","@graph":[{"@type":"WebPage","@id":"https:\/\/www.medexdtc.com\/es\/medex-dtc-medicos-de-queens\/dr-joseph-bernstein-md-family-physician-in-queens-ny\/","url":"https:\/\/www.medexdtc.com\/es\/medex-dtc-medicos-de-queens\/dr-joseph-bernstein-md-family-physician-in-queens-ny\/","name":"Dr. Joseph Bernstein, MD - M\u00e9dico de Familia en Queens, NY - Medex DTC","isPartOf":{"@id":"https:\/\/www.medexdtc.com\/es\/#website"},"primaryImageOfPage":{"@id":"https:\/\/www.medexdtc.com\/es\/medex-dtc-medicos-de-queens\/dr-joseph-bernstein-md-family-physician-in-queens-ny\/#primaryimage"},"image":{"@id":"https:\/\/www.medexdtc.com\/es\/medex-dtc-medicos-de-queens\/dr-joseph-bernstein-md-family-physician-in-queens-ny\/#primaryimage"},"thumbnailUrl":"https:\/\/www.medexdtc.com\/wp-content\/uploads\/2025\/06\/Joseph-Bernstein-MD-2.jpg","datePublished":"2025-06-12T00:53:25+00:00","dateModified":"2025-09-14T23:27:44+00:00","breadcrumb":{"@id":"https:\/\/www.medexdtc.com\/es\/medex-dtc-medicos-de-queens\/dr-joseph-bernstein-md-family-physician-in-queens-ny\/#breadcrumb"},"inLanguage":"es","potentialAction":[{"@type":"ReadAction","target":["https:\/\/www.medexdtc.com\/es\/medex-dtc-medicos-de-queens\/dr-joseph-bernstein-md-family-physician-in-queens-ny\/"]}]},{"@type":"ImageObject","inLanguage":"es","@id":"https:\/\/www.medexdtc.com\/es\/medex-dtc-medicos-de-queens\/dr-joseph-bernstein-md-family-physician-in-queens-ny\/#primaryimage","url":"https:\/\/www.medexdtc.com\/wp-content\/uploads\/2025\/06\/Joseph-Bernstein-MD-2.jpg","contentUrl":"https:\/\/www.medexdtc.com\/wp-content\/uploads\/2025\/06\/Joseph-Bernstein-MD-2.jpg"},{"@type":"BreadcrumbList","@id":"https:\/\/www.medexdtc.com\/es\/medex-dtc-medicos-de-queens\/dr-joseph-bernstein-md-family-physician-in-queens-ny\/#breadcrumb","itemListElement":[{"@type":"ListItem","position":1,"name":"Home","item":"https:\/\/www.medexdtc.com\/es\/"},{"@type":"ListItem","position":2,"name":"Medex DTC M\u00e9dicos de Queens","item":"https:\/\/www.medexdtc.com\/es\/medex-dtc-medicos-de-queens\/"},{"@type":"ListItem","position":3,"name":"Dr. Joseph Bernstein, MD &#8211; M\u00e9dico de Familia en Queens, NY"}]},{"@type":"WebSite","@id":"https:\/\/www.medexdtc.com\/es\/#website","url":"https:\/\/www.medexdtc.com\/es\/","name":"Medex DTC","description":"Medex Diagnostic and Treatment Center is a Medical Center in Queens, NY is a dynamic multi-specialty clinic. Physicians delivering high quality individualized care in Forest Hills, Queens, NY.","publisher":{"@id":"https:\/\/www.medexdtc.com\/es\/#organization"},"potentialAction":[{"@type":"SearchAction","target":{"@type":"EntryPoint","urlTemplate":"https:\/\/www.medexdtc.com\/es\/?s={search_term_string}"},"query-input":{"@type":"PropertyValueSpecification","valueRequired":true,"valueName":"search_term_string"}}],"inLanguage":"es"},{"@type":"Organization","@id":"https:\/\/www.medexdtc.com\/es\/#organization","name":"Medex DCT","url":"https:\/\/www.medexdtc.com\/es\/","logo":{"@type":"ImageObject","inLanguage":"es","@id":"https:\/\/www.medexdtc.com\/es\/#\/schema\/logo\/image\/","url":"https:\/\/www.medexdtc.com\/wp-content\/uploads\/2024\/11\/medex-diagnostic-and-treatment-center-in-queens-NY.png","contentUrl":"https:\/\/www.medexdtc.com\/wp-content\/uploads\/2024\/11\/medex-diagnostic-and-treatment-center-in-queens-NY.png","width":226,"height":47,"caption":"Medex DCT"},"image":{"@id":"https:\/\/www.medexdtc.com\/es\/#\/schema\/logo\/image\/"},"sameAs":["https:\/\/www.facebook.com\/medexny","https:\/\/x.com\/DtcMedex","https:\/\/www.instagram.com\/medexdtc\/","https:\/\/www.linkedin.com\/company\/medex-diagnostic-and-treatment-center\/about\/"]}]}},"jetpack_sharing_enabled":true,"_links":{"self":[{"href":"https:\/\/www.medexdtc.com\/es\/wp-json\/wp\/v2\/pages\/6325","targetHints":{"allow":["GET"]}}],"collection":[{"href":"https:\/\/www.medexdtc.com\/es\/wp-json\/wp\/v2\/pages"}],"about":[{"href":"https:\/\/www.medexdtc.com\/es\/wp-json\/wp\/v2\/types\/page"}],"author":[{"embeddable":true,"href":"https:\/\/www.medexdtc.com\/es\/wp-json\/wp\/v2\/users\/3"}],"replies":[{"embeddable":true,"href":"https:\/\/www.medexdtc.com\/es\/wp-json\/wp\/v2\/comments?post=6325"}],"version-history":[{"count":1,"href":"https:\/\/www.medexdtc.com\/es\/wp-json\/wp\/v2\/pages\/6325\/revisions"}],"predecessor-version":[{"id":6326,"href":"https:\/\/www.medexdtc.com\/es\/wp-json\/wp\/v2\/pages\/6325\/revisions\/6326"}],"up":[{"embeddable":true,"href":"https:\/\/www.medexdtc.com\/es\/wp-json\/wp\/v2\/pages\/4364"}],"wp:attachment":[{"href":"https:\/\/www.medexdtc.com\/es\/wp-json\/wp\/v2\/media?parent=6325"}],"curies":[{"name":"wp","href":"https:\/\/api.w.org\/{rel}","templated":true}]}}