{"id":6327,"date":"2020-08-05T22:49:52","date_gmt":"2020-08-05T17:49:52","guid":{"rendered":"https:\/\/www.medexdtc.com\/endoscopia-digestiva-alta-en-queens\/"},"modified":"2020-08-05T22:49:52","modified_gmt":"2020-08-05T17:49:52","slug":"upper-endoscopy","status":"publish","type":"page","link":"https:\/\/www.medexdtc.com\/es\/upper-endoscopy\/","title":{"rendered":"Endoscopia digestiva alta en Queens"},"content":{"rendered":"<p>El reflujo \u00e1cido no es grave, al menos cuando ocurre ocasionalmente y desaparece por completo. Pero el dolor en el tubo digestivo superior -la garganta, el es\u00f3fago, el est\u00f3mago y la parte superior del intestino delgado- puede indicar algo grave, incluido el c\u00e1ncer. Una endoscopia digestiva alta es una t\u00e9cnica para determinar el origen de tus molestias. Si sientes un dolor duradero o ardor en la garganta o el es\u00f3fago, llama a tu gastroenter\u00f3logo del Centro de Diagn\u00f3stico y Tratamiento Medex de Queens, NY.   <\/p>\n<p>Puede que creas que un peque\u00f1o <a href=\"https:\/\/www.medexdtc.com\/es\/abdominal-pain\/\">dolor abdominal<\/a> no es algo que tengas que mencionar durante una revisi\u00f3n rutinaria. Despu\u00e9s de todo, un dolor leve en el abdomen puede deberse al burrito de anoche o al duro entrenamiento de ayer. Pero si es especialmente agudo o duradero, el dolor leve puede convertirse en un problema m\u00e9dico grave si no se trata. Los tumores cancerosos provocan s\u00edntomas similares a los de la indigesti\u00f3n.   <\/p>\n<p>El tubo digestivo superior comprende el es\u00f3fago, el est\u00f3mago y la parte superior del intestino delgado, llamada duodeno. Hacerte una endoscopia digestiva alta es la forma mejor y m\u00e1s directa de diagnosticar cualquier problema digestivo en esta parte de tu tubo digestivo. Este procedimiento hace posible la detecci\u00f3n precoz. La detecci\u00f3n precoz conlleva tratamientos m\u00e1s f\u00e1ciles y menos invasivos, as\u00ed como tranquilidad.   <\/p>\n<h2>S\u00edntomas digestivos que hay que revisar<\/h2>\n<p>No debes tomarte los problemas digestivos a la ligera. Si padeces enfermedades m\u00e9dicas <a href=\"https:\/\/www.medexdtc.com\/es\/obesity\/\">relacionadas con la obesidad<\/a>, como <a href=\"https:\/\/www.medexdtc.com\/es\/high-blood-pressure\/\">hipertensi\u00f3n<\/a> o <a href=\"https:\/\/www.medexdtc.com\/es\/diabetes\/\">diabetes<\/a>, habla con tu m\u00e9dico o con un <a href=\"https:\/\/www.medexdtc.com\/es\/gastroenterology\/\">gastroenter\u00f3logo<\/a> del Centro de Diagn\u00f3stico y Tratamiento Medex de Queens (Nueva York). No te demores si tienes s\u00edntomas como:  <\/p>\n<ul>\n<li>P\u00e9rdida de peso inexplicable<\/li>\n<li>Dificultad para tragar<\/li>\n<li>Dolor en la parte superior del est\u00f3mago<\/li>\n<li>Dolor tor\u00e1cico<\/li>\n<li>V\u00f3mitos que no cesan<\/li>\n<li>Tos incontrolable<\/li>\n<li>Sangre en las flemas, orina o heces<\/li>\n<\/ul>\n<p>Tu <a href=\"https:\/\/www.medexdtc.com\/es\/primary-care\/\">m\u00e9dico de atenci\u00f3n primaria (MAP)<\/a> puede ser la mejor persona con la que consultar al principio. Pide que te recomienden especialistas como los de Medex. Los gastroenter\u00f3logos tienen experiencia y formaci\u00f3n para diagnosticar y tratar tus problemas digestivos. Incluso pueden darte sugerencias para mejorar tu dieta y tu estilo de vida a fin de eliminar futuros problemas digestivos.   <\/p>\n<h2>\u00bfPor qu\u00e9 hacerse una endoscopia digestiva alta?<\/h2>\n<p>Necesitas un diagn\u00f3stico preciso para recibir el tratamiento adecuado. A veces, el tubo digestivo superior funciona mal o desarrolla problemas. Por ejemplo, tu es\u00f3fago puede estrecharse, una afecci\u00f3n que requiere atenci\u00f3n m\u00e9dica.  <\/p>\n<p>Mediante un procedimiento de endoscopia digestiva alta, tu gastroenter\u00f3logo localiza la causa exacta de tu dolencia y, si es necesario, utiliza peque\u00f1as herramientas para tratarla. Los problemas m\u00e1s frecuentes del tubo digestivo son: <\/p>\n<ul>\n<li><a href=\"https:\/\/www.medexdtc.com\/es\/gerd\/\">ERGE y acidez estomacal<\/a><\/li>\n<li>Estenosis o estrechamiento del es\u00f3fago<\/li>\n<li>Obstrucciones debidas a p\u00f3lipos o incluso a alimentos, como una espina de pescado<\/li>\n<li>Venas esof\u00e1gicas dilatadas<\/li>\n<li>Inflamaci\u00f3n y \u00falceras<\/li>\n<li>Una hernia de hiato<\/li>\n<li>Enfermedad cel\u00edaca<\/li>\n<li>Enfermedad de Crohn<\/li>\n<li>Es\u00f3fago de Barrett<\/li>\n<li>Infecci\u00f3n del tubo digestivo superior<\/li>\n<li>Tumores que pueden ser cancerosos o benignos<\/li>\n<\/ul>\n<h2>El procedimiento de endoscopia digestiva alta<\/h2>\n<p>Un endoscopio no es m\u00e1s que un tubo largo y flexible, en cuyo extremo se colocan una luz y una c\u00e1mara diminutas. Antes de la intervenci\u00f3n en el Centro de Diagn\u00f3stico y Tratamiento Medex, te tumbas c\u00f3modamente en una camilla mientras te administran un sedante y te adormecen la garganta. Cuando est\u00e9s preparado, comienza el procedimiento.  <\/p>\n<p>Tu especialista en gastroenterolog\u00eda te pasa el tubo por el es\u00f3fago hasta el est\u00f3mago y el duodeno. Se bombea aire para hinchar la zona y poder ver mejor. Como el tubo est\u00e1 en el es\u00f3fago, sigues respirando normalmente durante todo el procedimiento. Con ayuda del endoscopio, tu m\u00e9dico:   <\/p>\n<ul>\n<li>Investiga la causa ra\u00edz de tus problemas digestivos, como descubrir por qu\u00e9 tienes hemorragias en el tubo digestivo<\/li>\n<li>Diagnostica cu\u00e1l es la causa de tus s\u00edntomas, que pueden deberse a un objeto extra\u00f1o atascado en la garganta, por ejemplo, que est\u00e9 provocando una obstrucci\u00f3n<\/li>\n<li>Trata la afecci\u00f3n utilizando herramientas especializadas que se introducen a trav\u00e9s del endoscopio, un proceso que permite a tu m\u00e9dico extirpar tumores y p\u00f3lipos o abrir zonas estrechadas.<\/li>\n<li>Recoge c\u00e9lulas y fluidos gastrointestinales para biopsias y para comprobar si hay \u00falceras<\/li>\n<li>Administra cuidados m\u00e9dicos adicionales, como insertar una sonda de alimentaci\u00f3n en tu est\u00f3mago<\/li>\n<li>Realiza cirug\u00edas menores con l\u00e1ser con un riesgo m\u00ednimo<\/li>\n<li>Venda las venas anormales de tu es\u00f3fago para detectar afecciones precancerosas como el es\u00f3fago de Barrett<\/li>\n<\/ul>\n<h2>\u00bfQu\u00e9 viene despu\u00e9s de una endoscopia digestiva alta?<\/h2>\n<p>La mayor\u00eda de los procedimientos de endoscopia digestiva alta duran entre 15 y 30 minutos, a menos que el tratamiento que necesites sea m\u00e1s complejo. La investigaci\u00f3n con el endoscopio suele conducir a un diagn\u00f3stico. Tu gastroenter\u00f3logo puede proporcionar el diagn\u00f3stico inmediatamente, sobre todo si el tratamiento ha tenido \u00e9xito. Si se ha realizado una biopsia, las muestras de tejido recogidas se env\u00edan a un laboratorio para realizar m\u00e1s pruebas. El diagn\u00f3stico tiene que esperar hasta que el laboratorio haga su trabajo, lo que puede llevar un tiempo.    <\/p>\n<p>Te doler\u00e1 la garganta inmediatamente despu\u00e9s de la intervenci\u00f3n, pero estas molestias remiten en uno o dos d\u00edas. Como el procedimiento se realiza de forma ambulatoria, no es necesario que permanezcas en el hospital. Se te aconseja que no conduzcas despu\u00e9s de la intervenci\u00f3n, as\u00ed que procura que alguien te lleve a casa.  <\/p>\n<p>Cuanto antes te diagnostiquen, m\u00e1s r\u00e1pido iniciar\u00e1s el camino hacia la recuperaci\u00f3n y una mejor salud. Si notas problemas en el tubo digestivo superior, <a href=\"https:\/\/www.medexdtc.com\/es\/upper-endoscopy\/#contact-form\">pide cita<\/a> con uno de los expertos gastroenter\u00f3logos del Centro de Diagn\u00f3stico y Tratamiento Medex de Queens, NY. <\/p>\n<p>Podemos ayudarte a encontrar m\u00e9dico. Llama al <a href=\"tel:+17182758900\">(718) 275-8900<\/a> <\/p>\n<p>Con licencia del estado de Nueva York, Medex es un centro de diagn\u00f3stico y tratamiento del art\u00edculo 28. Nuestros m\u00e9dicos proporcionan atenci\u00f3n integral a pacientes de todas las edades en la zona de Forest Hills, Queens, desde hace m\u00e1s de 15 a\u00f1os. Empieza a recibir atenci\u00f3n experta ahora llamando o concertando una cita en l\u00ednea con uno de los especialistas cualificados.<\/p>\n","protected":false},"excerpt":{"rendered":"<p>El reflujo \u00e1cido no es grave, al menos cuando ocurre ocasionalmente y desaparece por completo. Pero el dolor en el tubo digestivo superior -la garganta, el es\u00f3fago, el est\u00f3mago y la parte superior del intestino delgado- puede indicar algo grave, incluido el c\u00e1ncer. Una endoscopia digestiva alta es una t\u00e9cnica para determinar el origen de &hellip; <\/p>\n<p class=\"link-more\"><a href=\"https:\/\/www.medexdtc.com\/es\/upper-endoscopy\/\" class=\"more-link\">Continue reading<span class=\"screen-reader-text\"> \u00abEndoscopia digestiva alta en Queens\u00bb<\/span><\/a><\/p>\n","protected":false},"author":3,"featured_media":0,"parent":0,"menu_order":0,"comment_status":"closed","ping_status":"closed","template":"new_inner.php","meta":{"_acf_changed":false,"footnotes":""},"class_list":["post-6327","page","type-page","status-publish","hentry"],"acf":[],"yoast_head":"<!-- This site is optimized with the Yoast SEO plugin v27.5 - https:\/\/yoast.com\/product\/yoast-seo-wordpress\/ -->\n<title>Endoscopia Superior | Gastroenter\u00f3logos en Forest Hills, Queens, NY | Medex - Multi-Specialty Medical Center<\/title>\n<meta name=\"description\" content=\"Los gastroenter\u00f3logos del Centro de Diagn\u00f3stico y Tratamiento Medex en Forest Hills, Queens, NY tienen la experiencia y la formaci\u00f3n necesarias para diagnosticar y tratar tus problemas del tracto digestivo mediante la realizaci\u00f3n del Procedimiento de Endoscopia Superior\" \/>\n<meta name=\"robots\" content=\"index, follow, max-snippet:-1, max-image-preview:large, max-video-preview:-1\" \/>\n<link rel=\"canonical\" href=\"https:\/\/www.medexdtc.com\/es\/upper-endoscopy\/\" \/>\n<meta property=\"og:locale\" content=\"es_ES\" \/>\n<meta property=\"og:type\" content=\"article\" \/>\n<meta property=\"og:title\" content=\"Endoscopia Superior | Gastroenter\u00f3logos en Forest Hills, Queens, NY | Medex - Multi-Specialty Medical Center\" \/>\n<meta property=\"og:description\" content=\"Los gastroenter\u00f3logos del Centro de Diagn\u00f3stico y Tratamiento Medex en Forest Hills, Queens, NY tienen la experiencia y la formaci\u00f3n necesarias para diagnosticar y tratar tus problemas del tracto digestivo mediante la realizaci\u00f3n del Procedimiento de Endoscopia Superior\" \/>\n<meta property=\"og:url\" content=\"https:\/\/www.medexdtc.com\/es\/upper-endoscopy\/\" \/>\n<meta property=\"og:site_name\" content=\"Medex Diagnostic and Treatment Center - Queens Medical Center - Medical Clinic in Forest Hills, NY\" \/>\n<meta property=\"article:publisher\" content=\"https:\/\/www.facebook.com\/medexny\" \/>\n<meta name=\"twitter:card\" content=\"summary_large_image\" \/>\n<meta name=\"twitter:site\" content=\"@DtcMedex\" \/>\n<meta name=\"twitter:label1\" content=\"Tiempo de lectura\" \/>\n\t<meta name=\"twitter:data1\" content=\"5 minutos\" \/>\n<!-- \/ Yoast SEO plugin. -->","yoast_head_json":{"title":"Endoscopia Superior | Gastroenter\u00f3logos en Forest Hills, Queens, NY | Medex - Multi-Specialty Medical Center","description":"Los gastroenter\u00f3logos del Centro de Diagn\u00f3stico y Tratamiento Medex en Forest Hills, Queens, NY tienen la experiencia y la formaci\u00f3n necesarias para diagnosticar y tratar tus problemas del tracto digestivo mediante la realizaci\u00f3n del Procedimiento de Endoscopia Superior","robots":{"index":"index","follow":"follow","max-snippet":"max-snippet:-1","max-image-preview":"max-image-preview:large","max-video-preview":"max-video-preview:-1"},"canonical":"https:\/\/www.medexdtc.com\/es\/upper-endoscopy\/","og_locale":"es_ES","og_type":"article","og_title":"Endoscopia Superior | Gastroenter\u00f3logos en Forest Hills, Queens, NY | Medex - Multi-Specialty Medical Center","og_description":"Los gastroenter\u00f3logos del Centro de Diagn\u00f3stico y Tratamiento Medex en Forest Hills, Queens, NY tienen la experiencia y la formaci\u00f3n necesarias para diagnosticar y tratar tus problemas del tracto digestivo mediante la realizaci\u00f3n del Procedimiento de Endoscopia Superior","og_url":"https:\/\/www.medexdtc.com\/es\/upper-endoscopy\/","og_site_name":"Medex Diagnostic and Treatment Center - Queens Medical Center - Medical Clinic in Forest Hills, NY","article_publisher":"https:\/\/www.facebook.com\/medexny","twitter_card":"summary_large_image","twitter_site":"@DtcMedex","twitter_misc":{"Tiempo de lectura":"5 minutos"},"schema":{"@context":"https:\/\/schema.org","@graph":[{"@type":"WebPage","@id":"https:\/\/www.medexdtc.com\/es\/upper-endoscopy\/","url":"https:\/\/www.medexdtc.com\/es\/upper-endoscopy\/","name":"Endoscopia Superior | Gastroenter\u00f3logos en Forest Hills, Queens, NY | Medex - Multi-Specialty Medical Center","isPartOf":{"@id":"https:\/\/www.medexdtc.com\/es\/#website"},"datePublished":"2020-08-05T17:49:52+00:00","description":"Los gastroenter\u00f3logos del Centro de Diagn\u00f3stico y Tratamiento Medex en Forest Hills, Queens, NY tienen la experiencia y la formaci\u00f3n necesarias para diagnosticar y tratar tus problemas del tracto digestivo mediante la realizaci\u00f3n del Procedimiento de Endoscopia Superior","breadcrumb":{"@id":"https:\/\/www.medexdtc.com\/es\/upper-endoscopy\/#breadcrumb"},"inLanguage":"es","potentialAction":[{"@type":"ReadAction","target":["https:\/\/www.medexdtc.com\/es\/upper-endoscopy\/"]}]},{"@type":"BreadcrumbList","@id":"https:\/\/www.medexdtc.com\/es\/upper-endoscopy\/#breadcrumb","itemListElement":[{"@type":"ListItem","position":1,"name":"Home","item":"https:\/\/www.medexdtc.com\/es\/"},{"@type":"ListItem","position":2,"name":"Endoscopia digestiva alta en Queens"}]},{"@type":"WebSite","@id":"https:\/\/www.medexdtc.com\/es\/#website","url":"https:\/\/www.medexdtc.com\/es\/","name":"Medex DTC","description":"Medex Diagnostic and Treatment Center is a Medical Center in Queens, NY is a dynamic multi-specialty clinic. Physicians delivering high quality individualized care in Forest Hills, Queens, NY.","publisher":{"@id":"https:\/\/www.medexdtc.com\/es\/#organization"},"potentialAction":[{"@type":"SearchAction","target":{"@type":"EntryPoint","urlTemplate":"https:\/\/www.medexdtc.com\/es\/?s={search_term_string}"},"query-input":{"@type":"PropertyValueSpecification","valueRequired":true,"valueName":"search_term_string"}}],"inLanguage":"es"},{"@type":"Organization","@id":"https:\/\/www.medexdtc.com\/es\/#organization","name":"Medex DCT","url":"https:\/\/www.medexdtc.com\/es\/","logo":{"@type":"ImageObject","inLanguage":"es","@id":"https:\/\/www.medexdtc.com\/es\/#\/schema\/logo\/image\/","url":"https:\/\/www.medexdtc.com\/wp-content\/uploads\/2024\/11\/medex-diagnostic-and-treatment-center-in-queens-NY.png","contentUrl":"https:\/\/www.medexdtc.com\/wp-content\/uploads\/2024\/11\/medex-diagnostic-and-treatment-center-in-queens-NY.png","width":226,"height":47,"caption":"Medex DCT"},"image":{"@id":"https:\/\/www.medexdtc.com\/es\/#\/schema\/logo\/image\/"},"sameAs":["https:\/\/www.facebook.com\/medexny","https:\/\/x.com\/DtcMedex","https:\/\/www.instagram.com\/medexdtc\/","https:\/\/www.linkedin.com\/company\/medex-diagnostic-and-treatment-center\/about\/"]}]}},"jetpack_sharing_enabled":true,"_links":{"self":[{"href":"https:\/\/www.medexdtc.com\/es\/wp-json\/wp\/v2\/pages\/6327","targetHints":{"allow":["GET"]}}],"collection":[{"href":"https:\/\/www.medexdtc.com\/es\/wp-json\/wp\/v2\/pages"}],"about":[{"href":"https:\/\/www.medexdtc.com\/es\/wp-json\/wp\/v2\/types\/page"}],"author":[{"embeddable":true,"href":"https:\/\/www.medexdtc.com\/es\/wp-json\/wp\/v2\/users\/3"}],"replies":[{"embeddable":true,"href":"https:\/\/www.medexdtc.com\/es\/wp-json\/wp\/v2\/comments?post=6327"}],"version-history":[{"count":0,"href":"https:\/\/www.medexdtc.com\/es\/wp-json\/wp\/v2\/pages\/6327\/revisions"}],"wp:attachment":[{"href":"https:\/\/www.medexdtc.com\/es\/wp-json\/wp\/v2\/media?parent=6327"}],"curies":[{"name":"wp","href":"https:\/\/api.w.org\/{rel}","templated":true}]}}